{"id":191178,"date":"2026-05-12T01:11:07","date_gmt":"2026-05-11T23:11:07","guid":{"rendered":"https:\/\/tupique.com\/product\/traitement-anti-imperfections-biretix-tri-active-100-ml-spray\/"},"modified":"2026-05-12T01:11:07","modified_gmt":"2026-05-11T23:11:07","slug":"traitement-anti-imperfections-biretix-tri-active-100-ml-spray","status":"publish","type":"product","link":"https:\/\/tupique.com\/pt\/product\/traitement-anti-imperfections-biretix-tri-active-100-ml-spray\/","title":{"rendered":"Traitement anti-imperfections BIRETIX Tri-Active 100 ml Spray"},"content":{"rendered":"<\/p>\n<p><b>Traitement anti-imperfections BIRETIX Tri-Active 100 ml Spray<\/b> \u00e9 um produto de qualidade concebido para pessoas exigentes que se preocupam com a sua imagem e procuram os melhores cosm\u00e9ticos para real\u00e7ar a sua beleza. Se faz parte desse grupo, os produtos originais 100 % <b>BIRETIX<\/b> s\u00e3o feitos para si.<\/p>\n<ul>\n<li>Tipo:\n<ul>\n<li>Spray<\/li>\n<li>Sant\u00e9 et beaut\u00e9<\/li>\n<li>Cosm\u00e9tico<\/li>\n<li>Dermocosm\u00e9ticos<\/li>\n<li>Parafarm\u00e1cia<\/li>\n<\/ul>\n<\/li>\n<li>Genre: Unisexe<\/li>\n<li>Format: Spray<\/li>\n<li>Utiliza\u00e7\u00e3o recomendada:\n<ul>\n<li>Peau grasse<\/li>\n<li>Peau sujette \u00e0 l&#8217;acn\u00e9<\/li>\n<\/ul>\n<\/li>\n<li>Ingredientes:\n<ul>\n<li>Polysorbate 20<\/li>\n<li>Propylene glycol<\/li>\n<li>Salicylic acid<\/li>\n<li>Tetrasodium edta<\/li>\n<li>\u00c1gua (Aqua)<\/li>\n<li>Ammonium hydroxide<\/li>\n<li>Bha<\/li>\n<li>Bht<\/li>\n<li>Glicol but\u00edlico<\/li>\n<li>Caprylyl glycol<\/li>\n<li>Dimethyl isosorbide<\/li>\n<li>Etilhexilglicerina<\/li>\n<li>Glycolic acid<\/li>\n<li>Heptyl glucoside<\/li>\n<li>Hydrogenated lecithin<\/li>\n<li>Mel\/honey extract<\/li>\n<li>Niacinamide<\/li>\n<li>Pentylene glycol<\/li>\n<li>2-hexanediol<\/li>\n<li>Alcohol denat (ethyl alcohol)<\/li>\n<li>Acide glycolique<\/li>\n<li>R\u00e9tinol<\/li>\n<li>Vitamine B3<\/li>\n<li>Boswellia serrata extract<\/li>\n<li>Acide salicylique<\/li>\n<\/ul>\n<\/li>\n<li>Capacit\u00e9: 100 ml<\/li>\n<\/ul>","protected":false},"excerpt":{"rendered":"<p><span class=\"unit-info\">37.9900 &euro; \/ 100 ml<\/span><\/p>","protected":false},"featured_media":191175,"comment_status":"open","ping_status":"closed","template":"","meta":[],"product_brand":[2730],"product_cat":[1503,769,1495],"product_tag":[722],"woo-feed-brand":[],"class_list":{"0":"post-191178","1":"product","2":"type-product","3":"status-publish","4":"has-post-thumbnail","6":"product_brand-brandp_8714","7":"product_cat-cremes-anti-rides-et-hydratantes","8":"product_cat-parfum-cosmetique","9":"product_cat-soin-du-visage","10":"product_tag-tag_923","12":"first","13":"instock","14":"taxable","15":"shipping-taxable","16":"purchasable","17":"product-type-simple"},"yoast_head":"<!-- This site is optimized with the Yoast SEO plugin v27.6 - https:\/\/yoast.com\/product\/yoast-seo-wordpress\/ -->\n<title>Traitement anti-imperfections BIRETIX Tri-Active 100 ml Spray | | Tupique<\/title>\n<meta name=\"description\" content=\"Envie d&#039;acheter Traitement anti-imperfections BIRETIX Tri-Active 100 ml Spray\u00a0? Achetez Traitement anti-imperfections BIRETIX Tri-Active 100 ml Spray maintenant avec Tupique en 3 versements sans int\u00e9r\u00eat.\" \/>\n<meta name=\"robots\" content=\"index, follow, max-snippet:-1, max-image-preview:large, max-video-preview:-1\" \/>\n<link rel=\"canonical\" href=\"https:\/\/tupique.com\/pt\/product\/traitement-anti-imperfections-biretix-tri-active-100-ml-spray\/\" \/>\n<meta property=\"og:locale\" content=\"pt_PT\" \/>\n<meta property=\"og:type\" content=\"article\" \/>\n<meta property=\"og:title\" content=\"Traitement anti-imperfections BIRETIX Tri-Active 100 ml Spray | | Tupique\" \/>\n<meta property=\"og:description\" content=\"Envie d&#039;acheter Traitement anti-imperfections BIRETIX Tri-Active 100 ml Spray\u00a0? Achetez Traitement anti-imperfections BIRETIX Tri-Active 100 ml Spray maintenant avec Tupique en 3 versements sans int\u00e9r\u00eat.\" \/>\n<meta property=\"og:url\" content=\"https:\/\/tupique.com\/pt\/product\/traitement-anti-imperfections-biretix-tri-active-100-ml-spray\/\" \/>\n<meta property=\"og:site_name\" content=\"Tupique\" \/>\n<meta property=\"og:image\" content=\"https:\/\/tupique.com\/wp-content\/uploads\/2026\/05\/8470001945761_S05120605_P01.jpg\" \/>\n\t<meta property=\"og:image:width\" content=\"1200\" \/>\n\t<meta property=\"og:image:height\" content=\"1200\" \/>\n\t<meta property=\"og:image:type\" content=\"image\/jpeg\" \/>\n<meta name=\"twitter:card\" content=\"summary_large_image\" \/>\n<script type=\"application\/ld+json\" class=\"yoast-schema-graph\">{\"@context\":\"https:\\\/\\\/schema.org\",\"@graph\":[{\"@type\":\"WebPage\",\"@id\":\"https:\\\/\\\/tupique.com\\\/product\\\/traitement-anti-imperfections-biretix-tri-active-100-ml-spray\\\/\",\"url\":\"https:\\\/\\\/tupique.com\\\/product\\\/traitement-anti-imperfections-biretix-tri-active-100-ml-spray\\\/\",\"name\":\"Traitement anti-imperfections BIRETIX Tri-Active 100 ml Spray | | Tupique\",\"isPartOf\":{\"@id\":\"https:\\\/\\\/tupique.com\\\/#website\"},\"primaryImageOfPage\":{\"@id\":\"https:\\\/\\\/tupique.com\\\/product\\\/traitement-anti-imperfections-biretix-tri-active-100-ml-spray\\\/#primaryimage\"},\"image\":{\"@id\":\"https:\\\/\\\/tupique.com\\\/product\\\/traitement-anti-imperfections-biretix-tri-active-100-ml-spray\\\/#primaryimage\"},\"thumbnailUrl\":\"https:\\\/\\\/tupique.com\\\/wp-content\\\/uploads\\\/2026\\\/05\\\/8470001945761_S05120605_P01.jpg\",\"datePublished\":\"2026-05-11T23:11:07+00:00\",\"description\":\"Envie d'acheter Traitement anti-imperfections BIRETIX Tri-Active 100 ml Spray\u00a0? Achetez Traitement anti-imperfections BIRETIX Tri-Active 100 ml Spray maintenant avec Tupique en 3 versements sans int\u00e9r\u00eat.\",\"breadcrumb\":{\"@id\":\"https:\\\/\\\/tupique.com\\\/product\\\/traitement-anti-imperfections-biretix-tri-active-100-ml-spray\\\/#breadcrumb\"},\"inLanguage\":\"pt-PT\",\"potentialAction\":[{\"@type\":\"ReadAction\",\"target\":[\"https:\\\/\\\/tupique.com\\\/product\\\/traitement-anti-imperfections-biretix-tri-active-100-ml-spray\\\/\"]}]},{\"@type\":\"ImageObject\",\"inLanguage\":\"pt-PT\",\"@id\":\"https:\\\/\\\/tupique.com\\\/product\\\/traitement-anti-imperfections-biretix-tri-active-100-ml-spray\\\/#primaryimage\",\"url\":\"https:\\\/\\\/tupique.com\\\/wp-content\\\/uploads\\\/2026\\\/05\\\/8470001945761_S05120605_P01.jpg\",\"contentUrl\":\"https:\\\/\\\/tupique.com\\\/wp-content\\\/uploads\\\/2026\\\/05\\\/8470001945761_S05120605_P01.jpg\",\"width\":1200,\"height\":1200,\"caption\":\"S05120605_0\"},{\"@type\":\"BreadcrumbList\",\"@id\":\"https:\\\/\\\/tupique.com\\\/product\\\/traitement-anti-imperfections-biretix-tri-active-100-ml-spray\\\/#breadcrumb\",\"itemListElement\":[{\"@type\":\"ListItem\",\"position\":1,\"name\":\"commencer\",\"item\":\"https:\\\/\\\/tupique.com\\\/\"},{\"@type\":\"ListItem\",\"position\":2,\"name\":\"Loja\",\"item\":\"https:\\\/\\\/tupique.com\\\/pt\\\/loja\\\/\"},{\"@type\":\"ListItem\",\"position\":3,\"name\":\"Traitement anti-imperfections BIRETIX Tri-Active 100 ml Spray\"}]},{\"@type\":\"WebSite\",\"@id\":\"https:\\\/\\\/tupique.com\\\/#website\",\"url\":\"https:\\\/\\\/tupique.com\\\/\",\"name\":\"Tupique\",\"description\":\"\",\"publisher\":{\"@id\":\"https:\\\/\\\/tupique.com\\\/#organization\"},\"potentialAction\":[{\"@type\":\"SearchAction\",\"target\":{\"@type\":\"EntryPoint\",\"urlTemplate\":\"https:\\\/\\\/tupique.com\\\/?s={search_term_string}\"},\"query-input\":{\"@type\":\"PropertyValueSpecification\",\"valueRequired\":true,\"valueName\":\"search_term_string\"}}],\"inLanguage\":\"pt-PT\"},{\"@type\":\"Organization\",\"@id\":\"https:\\\/\\\/tupique.com\\\/#organization\",\"name\":\"Tupique\",\"url\":\"https:\\\/\\\/tupique.com\\\/\",\"logo\":{\"@type\":\"ImageObject\",\"inLanguage\":\"pt-PT\",\"@id\":\"https:\\\/\\\/tupique.com\\\/#\\\/schema\\\/logo\\\/image\\\/\",\"url\":\"https:\\\/\\\/tupique.com\\\/wp-content\\\/uploads\\\/2026\\\/03\\\/logo-tupique-1.webp\",\"contentUrl\":\"https:\\\/\\\/tupique.com\\\/wp-content\\\/uploads\\\/2026\\\/03\\\/logo-tupique-1.webp\",\"width\":500,\"height\":67,\"caption\":\"Tupique\"},\"image\":{\"@id\":\"https:\\\/\\\/tupique.com\\\/#\\\/schema\\\/logo\\\/image\\\/\"}}]}<\/script>\n<!-- \/ Yoast SEO plugin. -->","yoast_head_json":{"title":"Traitement anti-imperfections BIRETIX Tri-Active 100 ml Spray | | Tupique","description":"Envie d'acheter Traitement anti-imperfections BIRETIX Tri-Active 100 ml Spray\u00a0? Achetez Traitement anti-imperfections BIRETIX Tri-Active 100 ml Spray maintenant avec Tupique en 3 versements sans int\u00e9r\u00eat.","robots":{"index":"index","follow":"follow","max-snippet":"max-snippet:-1","max-image-preview":"max-image-preview:large","max-video-preview":"max-video-preview:-1"},"canonical":"https:\/\/tupique.com\/pt\/product\/traitement-anti-imperfections-biretix-tri-active-100-ml-spray\/","og_locale":"pt_PT","og_type":"article","og_title":"Traitement anti-imperfections BIRETIX Tri-Active 100 ml Spray | | Tupique","og_description":"Envie d'acheter Traitement anti-imperfections BIRETIX Tri-Active 100 ml Spray\u00a0? Achetez Traitement anti-imperfections BIRETIX Tri-Active 100 ml Spray maintenant avec Tupique en 3 versements sans int\u00e9r\u00eat.","og_url":"https:\/\/tupique.com\/pt\/product\/traitement-anti-imperfections-biretix-tri-active-100-ml-spray\/","og_site_name":"Tupique","og_image":[{"width":1200,"height":1200,"url":"https:\/\/tupique.com\/wp-content\/uploads\/2026\/05\/8470001945761_S05120605_P01.jpg","type":"image\/jpeg"}],"twitter_card":"summary_large_image","schema":{"@context":"https:\/\/schema.org","@graph":[{"@type":"WebPage","@id":"https:\/\/tupique.com\/product\/traitement-anti-imperfections-biretix-tri-active-100-ml-spray\/","url":"https:\/\/tupique.com\/product\/traitement-anti-imperfections-biretix-tri-active-100-ml-spray\/","name":"Traitement anti-imperfections BIRETIX Tri-Active 100 ml Spray | | Tupique","isPartOf":{"@id":"https:\/\/tupique.com\/#website"},"primaryImageOfPage":{"@id":"https:\/\/tupique.com\/product\/traitement-anti-imperfections-biretix-tri-active-100-ml-spray\/#primaryimage"},"image":{"@id":"https:\/\/tupique.com\/product\/traitement-anti-imperfections-biretix-tri-active-100-ml-spray\/#primaryimage"},"thumbnailUrl":"https:\/\/tupique.com\/wp-content\/uploads\/2026\/05\/8470001945761_S05120605_P01.jpg","datePublished":"2026-05-11T23:11:07+00:00","description":"Envie d'acheter Traitement anti-imperfections BIRETIX Tri-Active 100 ml Spray\u00a0? Achetez Traitement anti-imperfections BIRETIX Tri-Active 100 ml Spray maintenant avec Tupique en 3 versements sans int\u00e9r\u00eat.","breadcrumb":{"@id":"https:\/\/tupique.com\/product\/traitement-anti-imperfections-biretix-tri-active-100-ml-spray\/#breadcrumb"},"inLanguage":"pt-PT","potentialAction":[{"@type":"ReadAction","target":["https:\/\/tupique.com\/product\/traitement-anti-imperfections-biretix-tri-active-100-ml-spray\/"]}]},{"@type":"ImageObject","inLanguage":"pt-PT","@id":"https:\/\/tupique.com\/product\/traitement-anti-imperfections-biretix-tri-active-100-ml-spray\/#primaryimage","url":"https:\/\/tupique.com\/wp-content\/uploads\/2026\/05\/8470001945761_S05120605_P01.jpg","contentUrl":"https:\/\/tupique.com\/wp-content\/uploads\/2026\/05\/8470001945761_S05120605_P01.jpg","width":1200,"height":1200,"caption":"S05120605_0"},{"@type":"BreadcrumbList","@id":"https:\/\/tupique.com\/product\/traitement-anti-imperfections-biretix-tri-active-100-ml-spray\/#breadcrumb","itemListElement":[{"@type":"ListItem","position":1,"name":"commencer","item":"https:\/\/tupique.com\/"},{"@type":"ListItem","position":2,"name":"Loja","item":"https:\/\/tupique.com\/pt\/loja\/"},{"@type":"ListItem","position":3,"name":"Traitement anti-imperfections BIRETIX Tri-Active 100 ml Spray"}]},{"@type":"WebSite","@id":"https:\/\/tupique.com\/#website","url":"https:\/\/tupique.com\/","name":"Tupique","description":"","publisher":{"@id":"https:\/\/tupique.com\/#organization"},"potentialAction":[{"@type":"SearchAction","target":{"@type":"EntryPoint","urlTemplate":"https:\/\/tupique.com\/?s={search_term_string}"},"query-input":{"@type":"PropertyValueSpecification","valueRequired":true,"valueName":"search_term_string"}}],"inLanguage":"pt-PT"},{"@type":"Organization","@id":"https:\/\/tupique.com\/#organization","name":"Tupique","url":"https:\/\/tupique.com\/","logo":{"@type":"ImageObject","inLanguage":"pt-PT","@id":"https:\/\/tupique.com\/#\/schema\/logo\/image\/","url":"https:\/\/tupique.com\/wp-content\/uploads\/2026\/03\/logo-tupique-1.webp","contentUrl":"https:\/\/tupique.com\/wp-content\/uploads\/2026\/03\/logo-tupique-1.webp","width":500,"height":67,"caption":"Tupique"},"image":{"@id":"https:\/\/tupique.com\/#\/schema\/logo\/image\/"}}]}},"_links":{"self":[{"href":"https:\/\/tupique.com\/pt\/wp-json\/wp\/v2\/product\/191178","targetHints":{"allow":["GET"]}}],"collection":[{"href":"https:\/\/tupique.com\/pt\/wp-json\/wp\/v2\/product"}],"about":[{"href":"https:\/\/tupique.com\/pt\/wp-json\/wp\/v2\/types\/product"}],"replies":[{"embeddable":true,"href":"https:\/\/tupique.com\/pt\/wp-json\/wp\/v2\/comments?post=191178"}],"wp:featuredmedia":[{"embeddable":true,"href":"https:\/\/tupique.com\/pt\/wp-json\/wp\/v2\/media\/191175"}],"wp:attachment":[{"href":"https:\/\/tupique.com\/pt\/wp-json\/wp\/v2\/media?parent=191178"}],"wp:term":[{"taxonomy":"product_brand","embeddable":true,"href":"https:\/\/tupique.com\/pt\/wp-json\/wp\/v2\/product_brand?post=191178"},{"taxonomy":"product_cat","embeddable":true,"href":"https:\/\/tupique.com\/pt\/wp-json\/wp\/v2\/product_cat?post=191178"},{"taxonomy":"product_tag","embeddable":true,"href":"https:\/\/tupique.com\/pt\/wp-json\/wp\/v2\/product_tag?post=191178"},{"taxonomy":"woo-feed-brand","embeddable":true,"href":"https:\/\/tupique.com\/pt\/wp-json\/wp\/v2\/woo-feed-brand?post=191178"}],"curies":[{"name":"wp","href":"https:\/\/api.w.org\/{rel}","templated":true}]}}