{"id":191353,"date":"2026-05-12T01:16:04","date_gmt":"2026-05-11T23:16:04","guid":{"rendered":"https:\/\/tupique.com\/product\/bestway-piscine-gonflable-adulte-anneau-183x51-cm-jardin-57392\/"},"modified":"2026-05-12T01:23:08","modified_gmt":"2026-05-11T23:23:08","slug":"bestway-piscine-gonflable-adulte-anneau-183x51-cm-jardin-57392","status":"publish","type":"product","link":"https:\/\/tupique.com\/pt\/product\/bestway-piscine-gonflable-adulte-anneau-183x51-cm-jardin-57392\/","title":{"rendered":"Bestway Piscine Gonflable Adulte Anneau 183&#215;51 cm Jardin 57392"},"content":{"rendered":"<p>L&#8217;amusement est assur\u00e9 pour l&#8217;\u00e9t\u00e9, avec ces propositions qui plairont aux petits et aux grands ! Achetez <b>Piscine gonflable Bestway Bleu 940 L 183 X 51 cm<\/b> et profitez de votre temps libre !<\/p>\n<p>A <b>piscine gonflable<\/b> de <b>Bestway<\/b> est l&#8217;option id\u00e9ale pour profiter de l&#8217;\u00e9t\u00e9 en famille ou entre amis. Avec une attractive <b>couleur bleue<\/b>, cette piscine de forme <b>ronde<\/b> a des dimensions approximatives de <b>183 x 51 cm<\/b> et une capacit\u00e9 de <b>940 litres<\/b>, ce qui en fait un espace parfait pour que les <b>enfants<\/b> s&#8217;amusent et se rafra\u00eechissent lors des journ\u00e9es chaudes. Con\u00e7ue sp\u00e9cialement pour le <b>jeune public<\/b>, sa taille est adapt\u00e9e pour que les plus petits puissent jouer en toute s\u00e9curit\u00e9, tandis que les parents peuvent les surveiller en sachant qu&#8217;ils sont dans un environnement s\u00fbr et amusant. Fabriqu\u00e9e avec des mat\u00e9riaux r\u00e9sistants, cette piscine offre une exp\u00e9rience d&#8217;utilisation prolong\u00e9e, garantissant que chaque plongeon et moment de jeu soit pleinement appr\u00e9ci\u00e9. Avec le soutien de <b>Bestway<\/b>, reconnue pour ses produits de qualit\u00e9, cette piscine se positionne comme un achat essentiel pour tout foyer cherchant \u00e0 ajouter une touche de divertissement au patio ou au jardin. Alors, pr\u00e9parez-vous \u00e0 cr\u00e9er des souvenirs inoubliables dans votre nouvelle piscine !<\/p>\n<ul>\n<li>diam\u00e8tre approx.: \u00d8 183 cm<\/li>\n<li>\u00c2ge recommand\u00e9: Enfants<\/li>\n<li>Dimensions approx.: 183 X 51 cm<\/li>\n<li>Couleur: Bleu<\/li>\n<li>Mat\u00e9riel:\n<ul>\n<li>Plastique<\/li>\n<li>Polyester<\/li>\n<li>Polyur\u00e9thane<\/li>\n<li>PVC<\/li>\n<\/ul>\n<\/li>\n<li>Caracter\u00edsticas:\n<ul>\n<li>Ext\u00e9rieur<\/li>\n<li>Nettoyage par chiffon humide<\/li>\n<\/ul>\n<\/li>\n<li>Utiliza\u00e7\u00e3o recomendada:\n<ul>\n<li>Plage<\/li>\n<li>Jardin<\/li>\n<li>Camping<\/li>\n<\/ul>\n<\/li>\n<li>Capacit\u00e9: 940 L<\/li>\n<li>Type: Enfant<\/li>\n<li>Poids: 2,5 kg<\/li>\n<li>Forme: Rond<\/li>\n<\/ul>","protected":false},"excerpt":{"rendered":"<p><span class=\"unit-info\">0.0489 &euro; \/ 1 l<\/span><\/p>","protected":false},"featured_media":191330,"comment_status":"open","ping_status":"closed","template":"","meta":[],"product_brand":[1771],"product_cat":[2272,1769,1764],"product_tag":[2247,721,210],"woo-feed-brand":[],"class_list":{"0":"post-191353","1":"product","2":"type-product","3":"status-publish","4":"has-post-thumbnail","6":"product_brand-brandp_520","7":"product_cat-piscines","8":"product_cat-plage-et-piscine","9":"product_cat-sports-loisirs","10":"product_tag-tag_32","11":"product_tag-tag_124","12":"product_tag-tag_25","14":"first","15":"instock","16":"taxable","17":"shipping-taxable","18":"purchasable","19":"product-type-simple"},"yoast_head":"<!-- This site is optimized with the Yoast SEO plugin v27.6 - https:\/\/yoast.com\/product\/yoast-seo-wordpress\/ -->\n<title>Bestway Piscine Gonflable Adulte Anneau 183x51 cm Jardin 57392 | | Tupique<\/title>\n<meta name=\"description\" content=\"Envie d&#039;acheter Bestway Piscine Gonflable Adulte Anneau 183x51 cm Jardin 57392\u00a0? Achetez Bestway Piscine Gonflable Adulte Anneau 183x51 cm Jardin 57392 maintenant avec Tupique en 3 versements sans int\u00e9r\u00eat.\" \/>\n<meta name=\"robots\" content=\"index, follow, max-snippet:-1, max-image-preview:large, max-video-preview:-1\" \/>\n<link rel=\"canonical\" href=\"https:\/\/tupique.com\/pt\/product\/bestway-piscine-gonflable-adulte-anneau-183x51-cm-jardin-57392\/\" \/>\n<meta property=\"og:locale\" content=\"pt_PT\" \/>\n<meta property=\"og:type\" content=\"article\" \/>\n<meta property=\"og:title\" content=\"Bestway Piscine Gonflable Adulte Anneau 183x51 cm Jardin 57392 | | Tupique\" \/>\n<meta property=\"og:description\" content=\"Envie d&#039;acheter Bestway Piscine Gonflable Adulte Anneau 183x51 cm Jardin 57392\u00a0? Achetez Bestway Piscine Gonflable Adulte Anneau 183x51 cm Jardin 57392 maintenant avec Tupique en 3 versements sans int\u00e9r\u00eat.\" \/>\n<meta property=\"og:url\" content=\"https:\/\/tupique.com\/pt\/product\/bestway-piscine-gonflable-adulte-anneau-183x51-cm-jardin-57392\/\" \/>\n<meta property=\"og:site_name\" content=\"Tupique\" \/>\n<meta property=\"article:modified_time\" content=\"2026-05-11T23:23:08+00:00\" \/>\n<meta property=\"og:image\" content=\"https:\/\/tupique.com\/wp-content\/uploads\/2026\/05\/6942138967630_D1400456_P01.jpg\" \/>\n\t<meta property=\"og:image:width\" content=\"1200\" \/>\n\t<meta property=\"og:image:height\" content=\"1200\" \/>\n\t<meta property=\"og:image:type\" content=\"image\/jpeg\" \/>\n<meta name=\"twitter:card\" content=\"summary_large_image\" \/>\n<meta name=\"twitter:label1\" content=\"Tempo estimado de leitura\" \/>\n\t<meta name=\"twitter:data1\" content=\"1 minuto\" \/>\n<script type=\"application\/ld+json\" class=\"yoast-schema-graph\">{\"@context\":\"https:\\\/\\\/schema.org\",\"@graph\":[{\"@type\":\"WebPage\",\"@id\":\"https:\\\/\\\/tupique.com\\\/product\\\/bestway-piscine-gonflable-adulte-anneau-183x51-cm-jardin-57392\\\/\",\"url\":\"https:\\\/\\\/tupique.com\\\/product\\\/bestway-piscine-gonflable-adulte-anneau-183x51-cm-jardin-57392\\\/\",\"name\":\"Bestway Piscine Gonflable Adulte Anneau 183x51 cm Jardin 57392 | | Tupique\",\"isPartOf\":{\"@id\":\"https:\\\/\\\/tupique.com\\\/#website\"},\"primaryImageOfPage\":{\"@id\":\"https:\\\/\\\/tupique.com\\\/product\\\/bestway-piscine-gonflable-adulte-anneau-183x51-cm-jardin-57392\\\/#primaryimage\"},\"image\":{\"@id\":\"https:\\\/\\\/tupique.com\\\/product\\\/bestway-piscine-gonflable-adulte-anneau-183x51-cm-jardin-57392\\\/#primaryimage\"},\"thumbnailUrl\":\"https:\\\/\\\/tupique.com\\\/wp-content\\\/uploads\\\/2026\\\/05\\\/6942138967630_D1400456_P01.jpg\",\"datePublished\":\"2026-05-11T23:16:04+00:00\",\"dateModified\":\"2026-05-11T23:23:08+00:00\",\"description\":\"Envie d'acheter Bestway Piscine Gonflable Adulte Anneau 183x51 cm Jardin 57392\u00a0? Achetez Bestway Piscine Gonflable Adulte Anneau 183x51 cm Jardin 57392 maintenant avec Tupique en 3 versements sans int\u00e9r\u00eat.\",\"breadcrumb\":{\"@id\":\"https:\\\/\\\/tupique.com\\\/product\\\/bestway-piscine-gonflable-adulte-anneau-183x51-cm-jardin-57392\\\/#breadcrumb\"},\"inLanguage\":\"pt-PT\",\"potentialAction\":[{\"@type\":\"ReadAction\",\"target\":[\"https:\\\/\\\/tupique.com\\\/product\\\/bestway-piscine-gonflable-adulte-anneau-183x51-cm-jardin-57392\\\/\"]}]},{\"@type\":\"ImageObject\",\"inLanguage\":\"pt-PT\",\"@id\":\"https:\\\/\\\/tupique.com\\\/product\\\/bestway-piscine-gonflable-adulte-anneau-183x51-cm-jardin-57392\\\/#primaryimage\",\"url\":\"https:\\\/\\\/tupique.com\\\/wp-content\\\/uploads\\\/2026\\\/05\\\/6942138967630_D1400456_P01.jpg\",\"contentUrl\":\"https:\\\/\\\/tupique.com\\\/wp-content\\\/uploads\\\/2026\\\/05\\\/6942138967630_D1400456_P01.jpg\",\"width\":1200,\"height\":1200,\"caption\":\"D1400456_0\"},{\"@type\":\"BreadcrumbList\",\"@id\":\"https:\\\/\\\/tupique.com\\\/product\\\/bestway-piscine-gonflable-adulte-anneau-183x51-cm-jardin-57392\\\/#breadcrumb\",\"itemListElement\":[{\"@type\":\"ListItem\",\"position\":1,\"name\":\"commencer\",\"item\":\"https:\\\/\\\/tupique.com\\\/\"},{\"@type\":\"ListItem\",\"position\":2,\"name\":\"Loja\",\"item\":\"https:\\\/\\\/tupique.com\\\/pt\\\/loja\\\/\"},{\"@type\":\"ListItem\",\"position\":3,\"name\":\"Bestway Piscine Gonflable Adulte Anneau 183&#215;51 cm Jardin 57392\"}]},{\"@type\":\"WebSite\",\"@id\":\"https:\\\/\\\/tupique.com\\\/#website\",\"url\":\"https:\\\/\\\/tupique.com\\\/\",\"name\":\"Tupique\",\"description\":\"\",\"publisher\":{\"@id\":\"https:\\\/\\\/tupique.com\\\/#organization\"},\"potentialAction\":[{\"@type\":\"SearchAction\",\"target\":{\"@type\":\"EntryPoint\",\"urlTemplate\":\"https:\\\/\\\/tupique.com\\\/?s={search_term_string}\"},\"query-input\":{\"@type\":\"PropertyValueSpecification\",\"valueRequired\":true,\"valueName\":\"search_term_string\"}}],\"inLanguage\":\"pt-PT\"},{\"@type\":\"Organization\",\"@id\":\"https:\\\/\\\/tupique.com\\\/#organization\",\"name\":\"Tupique\",\"url\":\"https:\\\/\\\/tupique.com\\\/\",\"logo\":{\"@type\":\"ImageObject\",\"inLanguage\":\"pt-PT\",\"@id\":\"https:\\\/\\\/tupique.com\\\/#\\\/schema\\\/logo\\\/image\\\/\",\"url\":\"https:\\\/\\\/tupique.com\\\/wp-content\\\/uploads\\\/2026\\\/03\\\/logo-tupique-1.webp\",\"contentUrl\":\"https:\\\/\\\/tupique.com\\\/wp-content\\\/uploads\\\/2026\\\/03\\\/logo-tupique-1.webp\",\"width\":500,\"height\":67,\"caption\":\"Tupique\"},\"image\":{\"@id\":\"https:\\\/\\\/tupique.com\\\/#\\\/schema\\\/logo\\\/image\\\/\"}}]}<\/script>\n<!-- \/ Yoast SEO plugin. -->","yoast_head_json":{"title":"Bestway Piscine Gonflable Adulte Anneau 183x51 cm Jardin 57392 | | Tupique","description":"Envie d'acheter Bestway Piscine Gonflable Adulte Anneau 183x51 cm Jardin 57392\u00a0? Achetez Bestway Piscine Gonflable Adulte Anneau 183x51 cm Jardin 57392 maintenant avec Tupique en 3 versements sans int\u00e9r\u00eat.","robots":{"index":"index","follow":"follow","max-snippet":"max-snippet:-1","max-image-preview":"max-image-preview:large","max-video-preview":"max-video-preview:-1"},"canonical":"https:\/\/tupique.com\/pt\/product\/bestway-piscine-gonflable-adulte-anneau-183x51-cm-jardin-57392\/","og_locale":"pt_PT","og_type":"article","og_title":"Bestway Piscine Gonflable Adulte Anneau 183x51 cm Jardin 57392 | | Tupique","og_description":"Envie d'acheter Bestway Piscine Gonflable Adulte Anneau 183x51 cm Jardin 57392\u00a0? Achetez Bestway Piscine Gonflable Adulte Anneau 183x51 cm Jardin 57392 maintenant avec Tupique en 3 versements sans int\u00e9r\u00eat.","og_url":"https:\/\/tupique.com\/pt\/product\/bestway-piscine-gonflable-adulte-anneau-183x51-cm-jardin-57392\/","og_site_name":"Tupique","article_modified_time":"2026-05-11T23:23:08+00:00","og_image":[{"width":1200,"height":1200,"url":"https:\/\/tupique.com\/wp-content\/uploads\/2026\/05\/6942138967630_D1400456_P01.jpg","type":"image\/jpeg"}],"twitter_card":"summary_large_image","twitter_misc":{"Tempo estimado de leitura":"1 minuto"},"schema":{"@context":"https:\/\/schema.org","@graph":[{"@type":"WebPage","@id":"https:\/\/tupique.com\/product\/bestway-piscine-gonflable-adulte-anneau-183x51-cm-jardin-57392\/","url":"https:\/\/tupique.com\/product\/bestway-piscine-gonflable-adulte-anneau-183x51-cm-jardin-57392\/","name":"Bestway Piscine Gonflable Adulte Anneau 183x51 cm Jardin 57392 | | Tupique","isPartOf":{"@id":"https:\/\/tupique.com\/#website"},"primaryImageOfPage":{"@id":"https:\/\/tupique.com\/product\/bestway-piscine-gonflable-adulte-anneau-183x51-cm-jardin-57392\/#primaryimage"},"image":{"@id":"https:\/\/tupique.com\/product\/bestway-piscine-gonflable-adulte-anneau-183x51-cm-jardin-57392\/#primaryimage"},"thumbnailUrl":"https:\/\/tupique.com\/wp-content\/uploads\/2026\/05\/6942138967630_D1400456_P01.jpg","datePublished":"2026-05-11T23:16:04+00:00","dateModified":"2026-05-11T23:23:08+00:00","description":"Envie d'acheter Bestway Piscine Gonflable Adulte Anneau 183x51 cm Jardin 57392\u00a0? Achetez Bestway Piscine Gonflable Adulte Anneau 183x51 cm Jardin 57392 maintenant avec Tupique en 3 versements sans int\u00e9r\u00eat.","breadcrumb":{"@id":"https:\/\/tupique.com\/product\/bestway-piscine-gonflable-adulte-anneau-183x51-cm-jardin-57392\/#breadcrumb"},"inLanguage":"pt-PT","potentialAction":[{"@type":"ReadAction","target":["https:\/\/tupique.com\/product\/bestway-piscine-gonflable-adulte-anneau-183x51-cm-jardin-57392\/"]}]},{"@type":"ImageObject","inLanguage":"pt-PT","@id":"https:\/\/tupique.com\/product\/bestway-piscine-gonflable-adulte-anneau-183x51-cm-jardin-57392\/#primaryimage","url":"https:\/\/tupique.com\/wp-content\/uploads\/2026\/05\/6942138967630_D1400456_P01.jpg","contentUrl":"https:\/\/tupique.com\/wp-content\/uploads\/2026\/05\/6942138967630_D1400456_P01.jpg","width":1200,"height":1200,"caption":"D1400456_0"},{"@type":"BreadcrumbList","@id":"https:\/\/tupique.com\/product\/bestway-piscine-gonflable-adulte-anneau-183x51-cm-jardin-57392\/#breadcrumb","itemListElement":[{"@type":"ListItem","position":1,"name":"commencer","item":"https:\/\/tupique.com\/"},{"@type":"ListItem","position":2,"name":"Loja","item":"https:\/\/tupique.com\/pt\/loja\/"},{"@type":"ListItem","position":3,"name":"Bestway Piscine Gonflable Adulte Anneau 183&#215;51 cm Jardin 57392"}]},{"@type":"WebSite","@id":"https:\/\/tupique.com\/#website","url":"https:\/\/tupique.com\/","name":"Tupique","description":"","publisher":{"@id":"https:\/\/tupique.com\/#organization"},"potentialAction":[{"@type":"SearchAction","target":{"@type":"EntryPoint","urlTemplate":"https:\/\/tupique.com\/?s={search_term_string}"},"query-input":{"@type":"PropertyValueSpecification","valueRequired":true,"valueName":"search_term_string"}}],"inLanguage":"pt-PT"},{"@type":"Organization","@id":"https:\/\/tupique.com\/#organization","name":"Tupique","url":"https:\/\/tupique.com\/","logo":{"@type":"ImageObject","inLanguage":"pt-PT","@id":"https:\/\/tupique.com\/#\/schema\/logo\/image\/","url":"https:\/\/tupique.com\/wp-content\/uploads\/2026\/03\/logo-tupique-1.webp","contentUrl":"https:\/\/tupique.com\/wp-content\/uploads\/2026\/03\/logo-tupique-1.webp","width":500,"height":67,"caption":"Tupique"},"image":{"@id":"https:\/\/tupique.com\/#\/schema\/logo\/image\/"}}]}},"_links":{"self":[{"href":"https:\/\/tupique.com\/pt\/wp-json\/wp\/v2\/product\/191353","targetHints":{"allow":["GET"]}}],"collection":[{"href":"https:\/\/tupique.com\/pt\/wp-json\/wp\/v2\/product"}],"about":[{"href":"https:\/\/tupique.com\/pt\/wp-json\/wp\/v2\/types\/product"}],"replies":[{"embeddable":true,"href":"https:\/\/tupique.com\/pt\/wp-json\/wp\/v2\/comments?post=191353"}],"wp:featuredmedia":[{"embeddable":true,"href":"https:\/\/tupique.com\/pt\/wp-json\/wp\/v2\/media\/191330"}],"wp:attachment":[{"href":"https:\/\/tupique.com\/pt\/wp-json\/wp\/v2\/media?parent=191353"}],"wp:term":[{"taxonomy":"product_brand","embeddable":true,"href":"https:\/\/tupique.com\/pt\/wp-json\/wp\/v2\/product_brand?post=191353"},{"taxonomy":"product_cat","embeddable":true,"href":"https:\/\/tupique.com\/pt\/wp-json\/wp\/v2\/product_cat?post=191353"},{"taxonomy":"product_tag","embeddable":true,"href":"https:\/\/tupique.com\/pt\/wp-json\/wp\/v2\/product_tag?post=191353"},{"taxonomy":"woo-feed-brand","embeddable":true,"href":"https:\/\/tupique.com\/pt\/wp-json\/wp\/v2\/woo-feed-brand?post=191353"}],"curies":[{"name":"wp","href":"https:\/\/api.w.org\/{rel}","templated":true}]}}