{"id":191394,"date":"2026-05-12T01:24:00","date_gmt":"2026-05-11T23:24:00","guid":{"rendered":"https:\/\/tupique.com\/product\/bestway-epurateur-de-piscine-3028-litres-heure-jardin-58386\/"},"modified":"2026-05-12T01:24:00","modified_gmt":"2026-05-11T23:24:00","slug":"bestway-epurateur-de-piscine-3028-litres-heure-jardin-58386","status":"publish","type":"product","link":"https:\/\/tupique.com\/pt\/product\/bestway-epurateur-de-piscine-3028-litres-heure-jardin-58386\/","title":{"rendered":"Bestway \u00c9purateur de Piscine 3028 Litres\/Heure Jardin 58386"},"content":{"rendered":"<p>L&#8217;amusement est assur\u00e9 pour l&#8217;\u00e9t\u00e9, avec ces propositions qui plairont aux petits et aux grands ! Achetez <b>\u00c9purateur de Piscine Bestway 3028 l\/h 1200 W<\/b> et profitez de votre temps libre !<\/p>\n<p>A <b>filtre de piscine<\/b> Bestway est une solution efficace pour maintenir l&#8217;eau de votre piscine impeccable et exempte d&#8217;impuret\u00e9s. Ce mod\u00e8le offre un <b>d\u00e9bit de 3028 l\/h<\/b>, suffisant pour assurer une filtration rapide et efficace, s&#8217;adaptant parfaitement \u00e0 vos besoins d&#8217;entretien pendant la saison de baignade. Fabriqu\u00e9e en <b>Chine<\/b>, son design pratique de couleur <b>gris<\/b> offre non seulement fonctionnalit\u00e9, mais s&#8217;int\u00e8gre aussi harmonieusement dans l&#8217;environnement de votre jardin ou de votre espace piscine. Compatible avec le filtre Bestway de type <b>2 &#8211; A\/C<\/b>, cette filtre est id\u00e9ale pour ceux qui recherchent une option efficace et facile \u00e0 utiliser. Sa construction robuste garantit durabilit\u00e9, vous permettant de profiter d&#8217;une eau cristalline sans complications. De plus, en optant pour ce filtre, vous investissez dans l&#8217;entretien et le bien-\u00eatre de votre espace r\u00e9cr\u00e9atif, assurant une exp\u00e9rience estivale plus agr\u00e9able. Sans aucun doute, un choix pratique et fiable pour tous les amateurs de piscine.<\/p>\n<ul>\n<li>Tipo:\n<ul>\n<li>Filtre<\/li>\n<li>Type 2<\/li>\n<\/ul>\n<\/li>\n<li>Inclut: Pompe \u00e0 eau<\/li>\n<li>Couleur: Gris<\/li>\n<li>Mat\u00e9riel: Plastique<\/li>\n<li>Caracter\u00edsticas:\n<ul>\n<li>Ext\u00e9rieur<\/li>\n<li>Nettoyage par chiffon humide<\/li>\n<\/ul>\n<\/li>\n<li>Performance: 3028 l\/h<\/li>\n<li>Utiliza\u00e7\u00e3o recomendada:\n<ul>\n<li>Plage<\/li>\n<li>Jardin<\/li>\n<li>Camping<\/li>\n<\/ul>\n<\/li>\n<li>Pays \/ r\u00e9gion de fabrication: Chine<\/li>\n<li>puissance: 1200 W<\/li>\n<li>Forme: Rond<\/li>\n<li>Longueur: 30,5 cm<\/li>\n<\/ul>","protected":false},"excerpt":{"rendered":"<p>L&#8217;amusement est assur\u00e9 pour l&#8217;\u00e9t\u00e9, avec ces propositions qui plairont aux petits et aux grands ! Achetez \u00c9purateur de Piscine Bestway 3028 l\/h 1200 W et profitez de votre temps libre ! La filtre de piscine Bestway est une solution efficace pour maintenir l&#8217;eau de votre piscine impeccable et exempte d&#8217;impuret\u00e9s. Ce mod\u00e8le offre un [&hellip;]<\/p>\n","protected":false},"featured_media":191376,"comment_status":"open","ping_status":"closed","template":"","meta":[],"product_brand":[1771],"product_cat":[2272,1769,1764],"product_tag":[210],"woo-feed-brand":[],"class_list":{"0":"post-191394","1":"product","2":"type-product","3":"status-publish","4":"has-post-thumbnail","6":"product_brand-brandp_520","7":"product_cat-piscines","8":"product_cat-plage-et-piscine","9":"product_cat-sports-loisirs","10":"product_tag-tag_25","12":"first","13":"instock","14":"taxable","15":"shipping-taxable","16":"purchasable","17":"product-type-simple"},"yoast_head":"<!-- This site is optimized with the Yoast SEO plugin v27.6 - https:\/\/yoast.com\/product\/yoast-seo-wordpress\/ -->\n<title>Bestway \u00c9purateur de Piscine 3028 Litres\/Heure Jardin 58386 | | Tupique<\/title>\n<meta name=\"description\" content=\"Envie d&#039;acheter Bestway \u00c9purateur de Piscine 3028 Litres\/Heure Jardin 58386\u00a0? Achetez Bestway \u00c9purateur de Piscine 3028 Litres\/Heure Jardin 58386 maintenant avec Tupique en 3 versements sans int\u00e9r\u00eat.\" \/>\n<meta name=\"robots\" content=\"index, follow, max-snippet:-1, max-image-preview:large, max-video-preview:-1\" \/>\n<link rel=\"canonical\" href=\"https:\/\/tupique.com\/pt\/product\/bestway-epurateur-de-piscine-3028-litres-heure-jardin-58386\/\" \/>\n<meta property=\"og:locale\" content=\"pt_PT\" \/>\n<meta property=\"og:type\" content=\"article\" \/>\n<meta property=\"og:title\" content=\"Bestway \u00c9purateur de Piscine 3028 Litres\/Heure Jardin 58386 | | Tupique\" \/>\n<meta property=\"og:description\" content=\"Envie d&#039;acheter Bestway \u00c9purateur de Piscine 3028 Litres\/Heure Jardin 58386\u00a0? Achetez Bestway \u00c9purateur de Piscine 3028 Litres\/Heure Jardin 58386 maintenant avec Tupique en 3 versements sans int\u00e9r\u00eat.\" \/>\n<meta property=\"og:url\" content=\"https:\/\/tupique.com\/pt\/product\/bestway-epurateur-de-piscine-3028-litres-heure-jardin-58386\/\" \/>\n<meta property=\"og:site_name\" content=\"Tupique\" \/>\n<meta property=\"og:image\" content=\"https:\/\/tupique.com\/wp-content\/uploads\/2026\/05\/6942138966275_D1400499_P01.jpg\" \/>\n\t<meta property=\"og:image:width\" content=\"1200\" \/>\n\t<meta property=\"og:image:height\" content=\"1200\" \/>\n\t<meta property=\"og:image:type\" content=\"image\/jpeg\" \/>\n<meta name=\"twitter:card\" content=\"summary_large_image\" \/>\n<meta name=\"twitter:label1\" content=\"Tempo estimado de leitura\" \/>\n\t<meta name=\"twitter:data1\" content=\"1 minuto\" \/>\n<script type=\"application\/ld+json\" class=\"yoast-schema-graph\">{\"@context\":\"https:\\\/\\\/schema.org\",\"@graph\":[{\"@type\":\"WebPage\",\"@id\":\"https:\\\/\\\/tupique.com\\\/product\\\/bestway-epurateur-de-piscine-3028-litres-heure-jardin-58386\\\/\",\"url\":\"https:\\\/\\\/tupique.com\\\/product\\\/bestway-epurateur-de-piscine-3028-litres-heure-jardin-58386\\\/\",\"name\":\"Bestway \u00c9purateur de Piscine 3028 Litres\\\/Heure Jardin 58386 | | Tupique\",\"isPartOf\":{\"@id\":\"https:\\\/\\\/tupique.com\\\/#website\"},\"primaryImageOfPage\":{\"@id\":\"https:\\\/\\\/tupique.com\\\/product\\\/bestway-epurateur-de-piscine-3028-litres-heure-jardin-58386\\\/#primaryimage\"},\"image\":{\"@id\":\"https:\\\/\\\/tupique.com\\\/product\\\/bestway-epurateur-de-piscine-3028-litres-heure-jardin-58386\\\/#primaryimage\"},\"thumbnailUrl\":\"https:\\\/\\\/tupique.com\\\/wp-content\\\/uploads\\\/2026\\\/05\\\/6942138966275_D1400499_P01.jpg\",\"datePublished\":\"2026-05-11T23:24:00+00:00\",\"description\":\"Envie d'acheter Bestway \u00c9purateur de Piscine 3028 Litres\\\/Heure Jardin 58386\u00a0? Achetez Bestway \u00c9purateur de Piscine 3028 Litres\\\/Heure Jardin 58386 maintenant avec Tupique en 3 versements sans int\u00e9r\u00eat.\",\"breadcrumb\":{\"@id\":\"https:\\\/\\\/tupique.com\\\/product\\\/bestway-epurateur-de-piscine-3028-litres-heure-jardin-58386\\\/#breadcrumb\"},\"inLanguage\":\"pt-PT\",\"potentialAction\":[{\"@type\":\"ReadAction\",\"target\":[\"https:\\\/\\\/tupique.com\\\/product\\\/bestway-epurateur-de-piscine-3028-litres-heure-jardin-58386\\\/\"]}]},{\"@type\":\"ImageObject\",\"inLanguage\":\"pt-PT\",\"@id\":\"https:\\\/\\\/tupique.com\\\/product\\\/bestway-epurateur-de-piscine-3028-litres-heure-jardin-58386\\\/#primaryimage\",\"url\":\"https:\\\/\\\/tupique.com\\\/wp-content\\\/uploads\\\/2026\\\/05\\\/6942138966275_D1400499_P01.jpg\",\"contentUrl\":\"https:\\\/\\\/tupique.com\\\/wp-content\\\/uploads\\\/2026\\\/05\\\/6942138966275_D1400499_P01.jpg\",\"width\":1200,\"height\":1200,\"caption\":\"D1400499_0\"},{\"@type\":\"BreadcrumbList\",\"@id\":\"https:\\\/\\\/tupique.com\\\/product\\\/bestway-epurateur-de-piscine-3028-litres-heure-jardin-58386\\\/#breadcrumb\",\"itemListElement\":[{\"@type\":\"ListItem\",\"position\":1,\"name\":\"commencer\",\"item\":\"https:\\\/\\\/tupique.com\\\/\"},{\"@type\":\"ListItem\",\"position\":2,\"name\":\"Loja\",\"item\":\"https:\\\/\\\/tupique.com\\\/pt\\\/loja\\\/\"},{\"@type\":\"ListItem\",\"position\":3,\"name\":\"Bestway \u00c9purateur de Piscine 3028 Litres\\\/Heure Jardin 58386\"}]},{\"@type\":\"WebSite\",\"@id\":\"https:\\\/\\\/tupique.com\\\/#website\",\"url\":\"https:\\\/\\\/tupique.com\\\/\",\"name\":\"Tupique\",\"description\":\"\",\"publisher\":{\"@id\":\"https:\\\/\\\/tupique.com\\\/#organization\"},\"potentialAction\":[{\"@type\":\"SearchAction\",\"target\":{\"@type\":\"EntryPoint\",\"urlTemplate\":\"https:\\\/\\\/tupique.com\\\/?s={search_term_string}\"},\"query-input\":{\"@type\":\"PropertyValueSpecification\",\"valueRequired\":true,\"valueName\":\"search_term_string\"}}],\"inLanguage\":\"pt-PT\"},{\"@type\":\"Organization\",\"@id\":\"https:\\\/\\\/tupique.com\\\/#organization\",\"name\":\"Tupique\",\"url\":\"https:\\\/\\\/tupique.com\\\/\",\"logo\":{\"@type\":\"ImageObject\",\"inLanguage\":\"pt-PT\",\"@id\":\"https:\\\/\\\/tupique.com\\\/#\\\/schema\\\/logo\\\/image\\\/\",\"url\":\"https:\\\/\\\/tupique.com\\\/wp-content\\\/uploads\\\/2026\\\/03\\\/logo-tupique-1.webp\",\"contentUrl\":\"https:\\\/\\\/tupique.com\\\/wp-content\\\/uploads\\\/2026\\\/03\\\/logo-tupique-1.webp\",\"width\":500,\"height\":67,\"caption\":\"Tupique\"},\"image\":{\"@id\":\"https:\\\/\\\/tupique.com\\\/#\\\/schema\\\/logo\\\/image\\\/\"}}]}<\/script>\n<!-- \/ Yoast SEO plugin. -->","yoast_head_json":{"title":"Bestway \u00c9purateur de Piscine 3028 Litres\/Heure Jardin 58386 | | Tupique","description":"Envie d'acheter Bestway \u00c9purateur de Piscine 3028 Litres\/Heure Jardin 58386\u00a0? Achetez Bestway \u00c9purateur de Piscine 3028 Litres\/Heure Jardin 58386 maintenant avec Tupique en 3 versements sans int\u00e9r\u00eat.","robots":{"index":"index","follow":"follow","max-snippet":"max-snippet:-1","max-image-preview":"max-image-preview:large","max-video-preview":"max-video-preview:-1"},"canonical":"https:\/\/tupique.com\/pt\/product\/bestway-epurateur-de-piscine-3028-litres-heure-jardin-58386\/","og_locale":"pt_PT","og_type":"article","og_title":"Bestway \u00c9purateur de Piscine 3028 Litres\/Heure Jardin 58386 | | Tupique","og_description":"Envie d'acheter Bestway \u00c9purateur de Piscine 3028 Litres\/Heure Jardin 58386\u00a0? Achetez Bestway \u00c9purateur de Piscine 3028 Litres\/Heure Jardin 58386 maintenant avec Tupique en 3 versements sans int\u00e9r\u00eat.","og_url":"https:\/\/tupique.com\/pt\/product\/bestway-epurateur-de-piscine-3028-litres-heure-jardin-58386\/","og_site_name":"Tupique","og_image":[{"width":1200,"height":1200,"url":"https:\/\/tupique.com\/wp-content\/uploads\/2026\/05\/6942138966275_D1400499_P01.jpg","type":"image\/jpeg"}],"twitter_card":"summary_large_image","twitter_misc":{"Tempo estimado de leitura":"1 minuto"},"schema":{"@context":"https:\/\/schema.org","@graph":[{"@type":"WebPage","@id":"https:\/\/tupique.com\/product\/bestway-epurateur-de-piscine-3028-litres-heure-jardin-58386\/","url":"https:\/\/tupique.com\/product\/bestway-epurateur-de-piscine-3028-litres-heure-jardin-58386\/","name":"Bestway \u00c9purateur de Piscine 3028 Litres\/Heure Jardin 58386 | | Tupique","isPartOf":{"@id":"https:\/\/tupique.com\/#website"},"primaryImageOfPage":{"@id":"https:\/\/tupique.com\/product\/bestway-epurateur-de-piscine-3028-litres-heure-jardin-58386\/#primaryimage"},"image":{"@id":"https:\/\/tupique.com\/product\/bestway-epurateur-de-piscine-3028-litres-heure-jardin-58386\/#primaryimage"},"thumbnailUrl":"https:\/\/tupique.com\/wp-content\/uploads\/2026\/05\/6942138966275_D1400499_P01.jpg","datePublished":"2026-05-11T23:24:00+00:00","description":"Envie d'acheter Bestway \u00c9purateur de Piscine 3028 Litres\/Heure Jardin 58386\u00a0? Achetez Bestway \u00c9purateur de Piscine 3028 Litres\/Heure Jardin 58386 maintenant avec Tupique en 3 versements sans int\u00e9r\u00eat.","breadcrumb":{"@id":"https:\/\/tupique.com\/product\/bestway-epurateur-de-piscine-3028-litres-heure-jardin-58386\/#breadcrumb"},"inLanguage":"pt-PT","potentialAction":[{"@type":"ReadAction","target":["https:\/\/tupique.com\/product\/bestway-epurateur-de-piscine-3028-litres-heure-jardin-58386\/"]}]},{"@type":"ImageObject","inLanguage":"pt-PT","@id":"https:\/\/tupique.com\/product\/bestway-epurateur-de-piscine-3028-litres-heure-jardin-58386\/#primaryimage","url":"https:\/\/tupique.com\/wp-content\/uploads\/2026\/05\/6942138966275_D1400499_P01.jpg","contentUrl":"https:\/\/tupique.com\/wp-content\/uploads\/2026\/05\/6942138966275_D1400499_P01.jpg","width":1200,"height":1200,"caption":"D1400499_0"},{"@type":"BreadcrumbList","@id":"https:\/\/tupique.com\/product\/bestway-epurateur-de-piscine-3028-litres-heure-jardin-58386\/#breadcrumb","itemListElement":[{"@type":"ListItem","position":1,"name":"commencer","item":"https:\/\/tupique.com\/"},{"@type":"ListItem","position":2,"name":"Loja","item":"https:\/\/tupique.com\/pt\/loja\/"},{"@type":"ListItem","position":3,"name":"Bestway \u00c9purateur de Piscine 3028 Litres\/Heure Jardin 58386"}]},{"@type":"WebSite","@id":"https:\/\/tupique.com\/#website","url":"https:\/\/tupique.com\/","name":"Tupique","description":"","publisher":{"@id":"https:\/\/tupique.com\/#organization"},"potentialAction":[{"@type":"SearchAction","target":{"@type":"EntryPoint","urlTemplate":"https:\/\/tupique.com\/?s={search_term_string}"},"query-input":{"@type":"PropertyValueSpecification","valueRequired":true,"valueName":"search_term_string"}}],"inLanguage":"pt-PT"},{"@type":"Organization","@id":"https:\/\/tupique.com\/#organization","name":"Tupique","url":"https:\/\/tupique.com\/","logo":{"@type":"ImageObject","inLanguage":"pt-PT","@id":"https:\/\/tupique.com\/#\/schema\/logo\/image\/","url":"https:\/\/tupique.com\/wp-content\/uploads\/2026\/03\/logo-tupique-1.webp","contentUrl":"https:\/\/tupique.com\/wp-content\/uploads\/2026\/03\/logo-tupique-1.webp","width":500,"height":67,"caption":"Tupique"},"image":{"@id":"https:\/\/tupique.com\/#\/schema\/logo\/image\/"}}]}},"_links":{"self":[{"href":"https:\/\/tupique.com\/pt\/wp-json\/wp\/v2\/product\/191394","targetHints":{"allow":["GET"]}}],"collection":[{"href":"https:\/\/tupique.com\/pt\/wp-json\/wp\/v2\/product"}],"about":[{"href":"https:\/\/tupique.com\/pt\/wp-json\/wp\/v2\/types\/product"}],"replies":[{"embeddable":true,"href":"https:\/\/tupique.com\/pt\/wp-json\/wp\/v2\/comments?post=191394"}],"wp:featuredmedia":[{"embeddable":true,"href":"https:\/\/tupique.com\/pt\/wp-json\/wp\/v2\/media\/191376"}],"wp:attachment":[{"href":"https:\/\/tupique.com\/pt\/wp-json\/wp\/v2\/media?parent=191394"}],"wp:term":[{"taxonomy":"product_brand","embeddable":true,"href":"https:\/\/tupique.com\/pt\/wp-json\/wp\/v2\/product_brand?post=191394"},{"taxonomy":"product_cat","embeddable":true,"href":"https:\/\/tupique.com\/pt\/wp-json\/wp\/v2\/product_cat?post=191394"},{"taxonomy":"product_tag","embeddable":true,"href":"https:\/\/tupique.com\/pt\/wp-json\/wp\/v2\/product_tag?post=191394"},{"taxonomy":"woo-feed-brand","embeddable":true,"href":"https:\/\/tupique.com\/pt\/wp-json\/wp\/v2\/woo-feed-brand?post=191394"}],"curies":[{"name":"wp","href":"https:\/\/api.w.org\/{rel}","templated":true}]}}