{"id":191408,"date":"2026-05-12T01:24:26","date_gmt":"2026-05-11T23:24:26","guid":{"rendered":"https:\/\/tupique.com\/product\/bestway-piscine-gonflable-adulte-anneau-avec-purificateur-305x76-cm-jardin-57270\/"},"modified":"2026-05-12T01:24:26","modified_gmt":"2026-05-11T23:24:26","slug":"bestway-piscine-gonflable-adulte-anneau-avec-purificateur-305x76-cm-jardin-57270","status":"publish","type":"product","link":"https:\/\/tupique.com\/pt\/product\/bestway-piscine-gonflable-adulte-anneau-avec-purificateur-305x76-cm-jardin-57270\/","title":{"rendered":"Bestway Piscine Gonflable Adulte Anneau avec Purificateur 305&#215;76 cm Jardin 57270"},"content":{"rendered":"<p>L&#8217;amusement est assur\u00e9 pour l&#8217;\u00e9t\u00e9, avec ces propositions qui plairont aux petits et aux grands ! Achetez <b>Piscine gonflable Bestway Bleu 3800 l 305 x 76 cm<\/b> et profitez de votre temps libre !<\/p>\n<p>A <b>piscine gonflable Bestway<\/b> est l&#8217;option parfaite pour profiter de l&#8217;\u00e9t\u00e9 en compagnie de la famille et des amis. Avec une <b>capacit\u00e9 de 3800 litres<\/b>, cette piscine de forme ronde, qui mesure environ <b>305 x 76 cm<\/b>, permet un bain rafra\u00eechissant pour tous. Sa couleur <b>bleue<\/b> attrayante en fait un compl\u00e9ment id\u00e9al pour le jardin ou la terrasse, offrant un cadre parfait pour le divertissement en plein air. Con\u00e7ue pour \u00eatre facile \u00e0 installer, elle comprend un <b>filtre<\/b> qui garantit que l&#8217;eau reste propre et claire, permettant de profiter de longues journ\u00e9es de plaisir sans soucis. Cette piscine n&#8217;est pas seulement un lieu de d\u00e9tente, mais elle favorise \u00e9galement des moments de partage et de loisirs pendant ces chaudes journ\u00e9es d&#8217;\u00e9t\u00e9. La <b>piscine gonflable Bestway<\/b> repr\u00e9sente une excellente combinaison de confort, de fonctionnalit\u00e9 et de plaisir, transformant tout espace ext\u00e9rieur en un v\u00e9ritable paradis estival.<\/p>\n<ul>\n<li>Dimensions approx.:\n<ul>\n<li>305 x 76 cm<\/li>\n<li>305 x 305 x 76 cm<\/li>\n<\/ul>\n<\/li>\n<li>Inclut: \u00c9purateur de Piscine<\/li>\n<li>Tipo:\n<ul>\n<li>Piscine gonflable<\/li>\n<li>Type I<\/li>\n<\/ul>\n<\/li>\n<li>Couleur: Bleu<\/li>\n<li>Mati\u00e8re:\n<ul>\n<li>Plastique<\/li>\n<li>Polyur\u00e9thane<\/li>\n<li>PVC<\/li>\n<\/ul>\n<\/li>\n<li>Caracter\u00edsticas:\n<ul>\n<li>Ext\u00e9rieur<\/li>\n<li>Nettoyage par chiffon humide<\/li>\n<li>Guide d&#8217;installation inclus<\/li>\n<\/ul>\n<\/li>\n<li>Utiliza\u00e7\u00e3o recomendada:\n<ul>\n<li>Plage<\/li>\n<li>Jardin<\/li>\n<li>Camping<\/li>\n<\/ul>\n<\/li>\n<li>Capacit\u00e9: 3800 l<\/li>\n<li>Forme:\n<ul>\n<li>Rond<\/li>\n<li>Ronde<\/li>\n<\/ul>\n<\/li>\n<li>\u00c9lev\u00e9: 76 cm<\/li>\n<\/ul>","protected":false},"excerpt":{"rendered":"<p><span class=\"unit-info\">0.0305 &euro; \/ 1 l<\/span><\/p>","protected":false},"featured_media":191401,"comment_status":"open","ping_status":"closed","template":"","meta":[],"product_brand":[1771],"product_cat":[2272,1769,1764],"product_tag":[2247,721,210],"woo-feed-brand":[],"class_list":{"0":"post-191408","1":"product","2":"type-product","3":"status-publish","4":"has-post-thumbnail","6":"product_brand-brandp_520","7":"product_cat-piscines","8":"product_cat-plage-et-piscine","9":"product_cat-sports-loisirs","10":"product_tag-tag_32","11":"product_tag-tag_124","12":"product_tag-tag_25","14":"first","15":"instock","16":"taxable","17":"shipping-taxable","18":"purchasable","19":"product-type-simple"},"yoast_head":"<!-- This site is optimized with the Yoast SEO plugin v27.6 - https:\/\/yoast.com\/product\/yoast-seo-wordpress\/ -->\n<title>Bestway Piscine Gonflable Adulte Anneau avec Purificateur 305x76 cm Jardin 57270 | | Tupique<\/title>\n<meta name=\"description\" content=\"Envie d&#039;acheter Bestway Piscine Gonflable Adulte Anneau avec Purificateur 305x76 cm Jardin 57270\u00a0? Achetez Bestway Piscine Gonflable Adulte Anneau avec Purificateur 305x76 cm Jardin 57270 maintenant avec Tupique en 3 versements sans int\u00e9r\u00eat.\" \/>\n<meta name=\"robots\" content=\"index, follow, max-snippet:-1, max-image-preview:large, max-video-preview:-1\" \/>\n<link rel=\"canonical\" href=\"https:\/\/tupique.com\/pt\/product\/bestway-piscine-gonflable-adulte-anneau-avec-purificateur-305x76-cm-jardin-57270\/\" \/>\n<meta property=\"og:locale\" content=\"pt_PT\" \/>\n<meta property=\"og:type\" content=\"article\" \/>\n<meta property=\"og:title\" content=\"Bestway Piscine Gonflable Adulte Anneau avec Purificateur 305x76 cm Jardin 57270 | | Tupique\" \/>\n<meta property=\"og:description\" content=\"Envie d&#039;acheter Bestway Piscine Gonflable Adulte Anneau avec Purificateur 305x76 cm Jardin 57270\u00a0? Achetez Bestway Piscine Gonflable Adulte Anneau avec Purificateur 305x76 cm Jardin 57270 maintenant avec Tupique en 3 versements sans int\u00e9r\u00eat.\" \/>\n<meta property=\"og:url\" content=\"https:\/\/tupique.com\/pt\/product\/bestway-piscine-gonflable-adulte-anneau-avec-purificateur-305x76-cm-jardin-57270\/\" \/>\n<meta property=\"og:site_name\" content=\"Tupique\" \/>\n<meta property=\"og:image\" content=\"https:\/\/tupique.com\/wp-content\/uploads\/2026\/05\/6942138951264_D1400451_P03.jpg\" \/>\n\t<meta property=\"og:image:width\" content=\"1200\" \/>\n\t<meta property=\"og:image:height\" content=\"1200\" \/>\n\t<meta property=\"og:image:type\" content=\"image\/jpeg\" \/>\n<meta name=\"twitter:card\" content=\"summary_large_image\" \/>\n<meta name=\"twitter:label1\" content=\"Tempo estimado de leitura\" \/>\n\t<meta name=\"twitter:data1\" content=\"1 minuto\" \/>\n<script type=\"application\/ld+json\" class=\"yoast-schema-graph\">{\"@context\":\"https:\\\/\\\/schema.org\",\"@graph\":[{\"@type\":\"WebPage\",\"@id\":\"https:\\\/\\\/tupique.com\\\/product\\\/bestway-piscine-gonflable-adulte-anneau-avec-purificateur-305x76-cm-jardin-57270\\\/\",\"url\":\"https:\\\/\\\/tupique.com\\\/product\\\/bestway-piscine-gonflable-adulte-anneau-avec-purificateur-305x76-cm-jardin-57270\\\/\",\"name\":\"Bestway Piscine Gonflable Adulte Anneau avec Purificateur 305x76 cm Jardin 57270 | | Tupique\",\"isPartOf\":{\"@id\":\"https:\\\/\\\/tupique.com\\\/#website\"},\"primaryImageOfPage\":{\"@id\":\"https:\\\/\\\/tupique.com\\\/product\\\/bestway-piscine-gonflable-adulte-anneau-avec-purificateur-305x76-cm-jardin-57270\\\/#primaryimage\"},\"image\":{\"@id\":\"https:\\\/\\\/tupique.com\\\/product\\\/bestway-piscine-gonflable-adulte-anneau-avec-purificateur-305x76-cm-jardin-57270\\\/#primaryimage\"},\"thumbnailUrl\":\"https:\\\/\\\/tupique.com\\\/wp-content\\\/uploads\\\/2026\\\/05\\\/6942138951264_D1400451_P03.jpg\",\"datePublished\":\"2026-05-11T23:24:26+00:00\",\"description\":\"Envie d'acheter Bestway Piscine Gonflable Adulte Anneau avec Purificateur 305x76 cm Jardin 57270\u00a0? Achetez Bestway Piscine Gonflable Adulte Anneau avec Purificateur 305x76 cm Jardin 57270 maintenant avec Tupique en 3 versements sans int\u00e9r\u00eat.\",\"breadcrumb\":{\"@id\":\"https:\\\/\\\/tupique.com\\\/product\\\/bestway-piscine-gonflable-adulte-anneau-avec-purificateur-305x76-cm-jardin-57270\\\/#breadcrumb\"},\"inLanguage\":\"pt-PT\",\"potentialAction\":[{\"@type\":\"ReadAction\",\"target\":[\"https:\\\/\\\/tupique.com\\\/product\\\/bestway-piscine-gonflable-adulte-anneau-avec-purificateur-305x76-cm-jardin-57270\\\/\"]}]},{\"@type\":\"ImageObject\",\"inLanguage\":\"pt-PT\",\"@id\":\"https:\\\/\\\/tupique.com\\\/product\\\/bestway-piscine-gonflable-adulte-anneau-avec-purificateur-305x76-cm-jardin-57270\\\/#primaryimage\",\"url\":\"https:\\\/\\\/tupique.com\\\/wp-content\\\/uploads\\\/2026\\\/05\\\/6942138951264_D1400451_P03.jpg\",\"contentUrl\":\"https:\\\/\\\/tupique.com\\\/wp-content\\\/uploads\\\/2026\\\/05\\\/6942138951264_D1400451_P03.jpg\",\"width\":1200,\"height\":1200,\"caption\":\"D1400451_0\"},{\"@type\":\"BreadcrumbList\",\"@id\":\"https:\\\/\\\/tupique.com\\\/product\\\/bestway-piscine-gonflable-adulte-anneau-avec-purificateur-305x76-cm-jardin-57270\\\/#breadcrumb\",\"itemListElement\":[{\"@type\":\"ListItem\",\"position\":1,\"name\":\"commencer\",\"item\":\"https:\\\/\\\/tupique.com\\\/\"},{\"@type\":\"ListItem\",\"position\":2,\"name\":\"Loja\",\"item\":\"https:\\\/\\\/tupique.com\\\/pt\\\/loja\\\/\"},{\"@type\":\"ListItem\",\"position\":3,\"name\":\"Bestway Piscine Gonflable Adulte Anneau avec Purificateur 305&#215;76 cm Jardin 57270\"}]},{\"@type\":\"WebSite\",\"@id\":\"https:\\\/\\\/tupique.com\\\/#website\",\"url\":\"https:\\\/\\\/tupique.com\\\/\",\"name\":\"Tupique\",\"description\":\"\",\"publisher\":{\"@id\":\"https:\\\/\\\/tupique.com\\\/#organization\"},\"potentialAction\":[{\"@type\":\"SearchAction\",\"target\":{\"@type\":\"EntryPoint\",\"urlTemplate\":\"https:\\\/\\\/tupique.com\\\/?s={search_term_string}\"},\"query-input\":{\"@type\":\"PropertyValueSpecification\",\"valueRequired\":true,\"valueName\":\"search_term_string\"}}],\"inLanguage\":\"pt-PT\"},{\"@type\":\"Organization\",\"@id\":\"https:\\\/\\\/tupique.com\\\/#organization\",\"name\":\"Tupique\",\"url\":\"https:\\\/\\\/tupique.com\\\/\",\"logo\":{\"@type\":\"ImageObject\",\"inLanguage\":\"pt-PT\",\"@id\":\"https:\\\/\\\/tupique.com\\\/#\\\/schema\\\/logo\\\/image\\\/\",\"url\":\"https:\\\/\\\/tupique.com\\\/wp-content\\\/uploads\\\/2026\\\/03\\\/logo-tupique-1.webp\",\"contentUrl\":\"https:\\\/\\\/tupique.com\\\/wp-content\\\/uploads\\\/2026\\\/03\\\/logo-tupique-1.webp\",\"width\":500,\"height\":67,\"caption\":\"Tupique\"},\"image\":{\"@id\":\"https:\\\/\\\/tupique.com\\\/#\\\/schema\\\/logo\\\/image\\\/\"}}]}<\/script>\n<!-- \/ Yoast SEO plugin. -->","yoast_head_json":{"title":"Bestway Piscine Gonflable Adulte Anneau avec Purificateur 305x76 cm Jardin 57270 | | Tupique","description":"Envie d'acheter Bestway Piscine Gonflable Adulte Anneau avec Purificateur 305x76 cm Jardin 57270\u00a0? Achetez Bestway Piscine Gonflable Adulte Anneau avec Purificateur 305x76 cm Jardin 57270 maintenant avec Tupique en 3 versements sans int\u00e9r\u00eat.","robots":{"index":"index","follow":"follow","max-snippet":"max-snippet:-1","max-image-preview":"max-image-preview:large","max-video-preview":"max-video-preview:-1"},"canonical":"https:\/\/tupique.com\/pt\/product\/bestway-piscine-gonflable-adulte-anneau-avec-purificateur-305x76-cm-jardin-57270\/","og_locale":"pt_PT","og_type":"article","og_title":"Bestway Piscine Gonflable Adulte Anneau avec Purificateur 305x76 cm Jardin 57270 | | Tupique","og_description":"Envie d'acheter Bestway Piscine Gonflable Adulte Anneau avec Purificateur 305x76 cm Jardin 57270\u00a0? Achetez Bestway Piscine Gonflable Adulte Anneau avec Purificateur 305x76 cm Jardin 57270 maintenant avec Tupique en 3 versements sans int\u00e9r\u00eat.","og_url":"https:\/\/tupique.com\/pt\/product\/bestway-piscine-gonflable-adulte-anneau-avec-purificateur-305x76-cm-jardin-57270\/","og_site_name":"Tupique","og_image":[{"width":1200,"height":1200,"url":"https:\/\/tupique.com\/wp-content\/uploads\/2026\/05\/6942138951264_D1400451_P03.jpg","type":"image\/jpeg"}],"twitter_card":"summary_large_image","twitter_misc":{"Tempo estimado de leitura":"1 minuto"},"schema":{"@context":"https:\/\/schema.org","@graph":[{"@type":"WebPage","@id":"https:\/\/tupique.com\/product\/bestway-piscine-gonflable-adulte-anneau-avec-purificateur-305x76-cm-jardin-57270\/","url":"https:\/\/tupique.com\/product\/bestway-piscine-gonflable-adulte-anneau-avec-purificateur-305x76-cm-jardin-57270\/","name":"Bestway Piscine Gonflable Adulte Anneau avec Purificateur 305x76 cm Jardin 57270 | | Tupique","isPartOf":{"@id":"https:\/\/tupique.com\/#website"},"primaryImageOfPage":{"@id":"https:\/\/tupique.com\/product\/bestway-piscine-gonflable-adulte-anneau-avec-purificateur-305x76-cm-jardin-57270\/#primaryimage"},"image":{"@id":"https:\/\/tupique.com\/product\/bestway-piscine-gonflable-adulte-anneau-avec-purificateur-305x76-cm-jardin-57270\/#primaryimage"},"thumbnailUrl":"https:\/\/tupique.com\/wp-content\/uploads\/2026\/05\/6942138951264_D1400451_P03.jpg","datePublished":"2026-05-11T23:24:26+00:00","description":"Envie d'acheter Bestway Piscine Gonflable Adulte Anneau avec Purificateur 305x76 cm Jardin 57270\u00a0? Achetez Bestway Piscine Gonflable Adulte Anneau avec Purificateur 305x76 cm Jardin 57270 maintenant avec Tupique en 3 versements sans int\u00e9r\u00eat.","breadcrumb":{"@id":"https:\/\/tupique.com\/product\/bestway-piscine-gonflable-adulte-anneau-avec-purificateur-305x76-cm-jardin-57270\/#breadcrumb"},"inLanguage":"pt-PT","potentialAction":[{"@type":"ReadAction","target":["https:\/\/tupique.com\/product\/bestway-piscine-gonflable-adulte-anneau-avec-purificateur-305x76-cm-jardin-57270\/"]}]},{"@type":"ImageObject","inLanguage":"pt-PT","@id":"https:\/\/tupique.com\/product\/bestway-piscine-gonflable-adulte-anneau-avec-purificateur-305x76-cm-jardin-57270\/#primaryimage","url":"https:\/\/tupique.com\/wp-content\/uploads\/2026\/05\/6942138951264_D1400451_P03.jpg","contentUrl":"https:\/\/tupique.com\/wp-content\/uploads\/2026\/05\/6942138951264_D1400451_P03.jpg","width":1200,"height":1200,"caption":"D1400451_0"},{"@type":"BreadcrumbList","@id":"https:\/\/tupique.com\/product\/bestway-piscine-gonflable-adulte-anneau-avec-purificateur-305x76-cm-jardin-57270\/#breadcrumb","itemListElement":[{"@type":"ListItem","position":1,"name":"commencer","item":"https:\/\/tupique.com\/"},{"@type":"ListItem","position":2,"name":"Loja","item":"https:\/\/tupique.com\/pt\/loja\/"},{"@type":"ListItem","position":3,"name":"Bestway Piscine Gonflable Adulte Anneau avec Purificateur 305&#215;76 cm Jardin 57270"}]},{"@type":"WebSite","@id":"https:\/\/tupique.com\/#website","url":"https:\/\/tupique.com\/","name":"Tupique","description":"","publisher":{"@id":"https:\/\/tupique.com\/#organization"},"potentialAction":[{"@type":"SearchAction","target":{"@type":"EntryPoint","urlTemplate":"https:\/\/tupique.com\/?s={search_term_string}"},"query-input":{"@type":"PropertyValueSpecification","valueRequired":true,"valueName":"search_term_string"}}],"inLanguage":"pt-PT"},{"@type":"Organization","@id":"https:\/\/tupique.com\/#organization","name":"Tupique","url":"https:\/\/tupique.com\/","logo":{"@type":"ImageObject","inLanguage":"pt-PT","@id":"https:\/\/tupique.com\/#\/schema\/logo\/image\/","url":"https:\/\/tupique.com\/wp-content\/uploads\/2026\/03\/logo-tupique-1.webp","contentUrl":"https:\/\/tupique.com\/wp-content\/uploads\/2026\/03\/logo-tupique-1.webp","width":500,"height":67,"caption":"Tupique"},"image":{"@id":"https:\/\/tupique.com\/#\/schema\/logo\/image\/"}}]}},"_links":{"self":[{"href":"https:\/\/tupique.com\/pt\/wp-json\/wp\/v2\/product\/191408","targetHints":{"allow":["GET"]}}],"collection":[{"href":"https:\/\/tupique.com\/pt\/wp-json\/wp\/v2\/product"}],"about":[{"href":"https:\/\/tupique.com\/pt\/wp-json\/wp\/v2\/types\/product"}],"replies":[{"embeddable":true,"href":"https:\/\/tupique.com\/pt\/wp-json\/wp\/v2\/comments?post=191408"}],"wp:featuredmedia":[{"embeddable":true,"href":"https:\/\/tupique.com\/pt\/wp-json\/wp\/v2\/media\/191401"}],"wp:attachment":[{"href":"https:\/\/tupique.com\/pt\/wp-json\/wp\/v2\/media?parent=191408"}],"wp:term":[{"taxonomy":"product_brand","embeddable":true,"href":"https:\/\/tupique.com\/pt\/wp-json\/wp\/v2\/product_brand?post=191408"},{"taxonomy":"product_cat","embeddable":true,"href":"https:\/\/tupique.com\/pt\/wp-json\/wp\/v2\/product_cat?post=191408"},{"taxonomy":"product_tag","embeddable":true,"href":"https:\/\/tupique.com\/pt\/wp-json\/wp\/v2\/product_tag?post=191408"},{"taxonomy":"woo-feed-brand","embeddable":true,"href":"https:\/\/tupique.com\/pt\/wp-json\/wp\/v2\/woo-feed-brand?post=191408"}],"curies":[{"name":"wp","href":"https:\/\/api.w.org\/{rel}","templated":true}]}}