{"id":191597,"date":"2026-05-12T01:37:48","date_gmt":"2026-05-11T23:37:48","guid":{"rendered":"https:\/\/tupique.com\/product\/bestway-fauteuil-gonflable-5-positions-noir-188x152x64-cm-interieur-75054\/"},"modified":"2026-05-12T01:37:48","modified_gmt":"2026-05-11T23:37:48","slug":"bestway-fauteuil-gonflable-5-positions-noir-188x152x64-cm-interieur-75054","status":"publish","type":"product","link":"https:\/\/tupique.com\/pt\/product\/bestway-fauteuil-gonflable-5-positions-noir-188x152x64-cm-interieur-75054\/","title":{"rendered":"Bestway Fauteuil Gonflable 5 Positions Noir 188x152x64 cm Int\u00e9rieur 75054"},"content":{"rendered":"<p>L&#8217;amusement est assur\u00e9 pour l&#8217;\u00e9t\u00e9, avec ces propositions qui plairont aux petits et aux grands ! Achetez <b>Fauteuil gonflable Bestway 188 x 152 x 64 cm<\/b> et profitez de votre temps libre !<\/p>\n<ul>\n<li>Mat\u00e9riel:\n<ul>\n<li>Autocollants<\/li>\n<li>Plastique<\/li>\n<li>PVC<\/li>\n<\/ul>\n<\/li>\n<li>Pliable: Oui<\/li>\n<li>Dimensions approx.: 188 x 152 x 64 cm<\/li>\n<li>Couleur: Noir<\/li>\n<li>\u00c2ge recommand\u00e9: Adultes<\/li>\n<li>Caract\u00e9ristiques: Nettoyage par chiffon humide<\/li>\n<li>Utiliza\u00e7\u00e3o recomendada:\n<ul>\n<li>Plage<\/li>\n<li>Ext\u00e9rieur<\/li>\n<li>Jardin<\/li>\n<li>Camping<\/li>\n<\/ul>\n<\/li>\n<li>Genre: Adultes unisexes<\/li>\n<\/ul>","protected":false},"excerpt":{"rendered":"<p>L&#8217;amusement est assur\u00e9 pour l&#8217;\u00e9t\u00e9, avec ces propositions qui plairont aux petits et aux grands ! Achetez Fauteuil gonflable Bestway 188 x 152 x 64 cm et profitez de votre temps libre ! Mat\u00e9riel: Autocollants Plastique PVC Pliable: Oui Dimensions approx.: 188 x 152 x 64 cm Couleur: Noir \u00c2ge recommand\u00e9: Adultes Caract\u00e9ristiques: Nettoyage par [&hellip;]<\/p>\n","protected":false},"featured_media":191574,"comment_status":"open","ping_status":"closed","template":"","meta":[],"product_brand":[1771],"product_cat":[2263,759,239,974,1769,1764],"product_tag":[2247,57,721,1816,211],"woo-feed-brand":[],"class_list":{"0":"post-191597","1":"product","2":"type-product","3":"status-publish","4":"has-post-thumbnail","6":"product_brand-brandp_520","7":"product_cat-gonflables","8":"product_cat-jardin-et-terrasse","9":"product_cat-maison-jardin","10":"product_cat-mobilier-d-exterieur","11":"product_cat-plage-et-piscine","12":"product_cat-sports-loisirs","13":"product_tag-tag_32","14":"product_tag-tag_1275","15":"product_tag-tag_124","16":"product_tag-tag_1272","17":"product_tag-tag_3","19":"first","20":"instock","21":"taxable","22":"shipping-taxable","23":"purchasable","24":"product-type-simple"},"yoast_head":"<!-- This site is optimized with the Yoast SEO plugin v27.6 - https:\/\/yoast.com\/product\/yoast-seo-wordpress\/ -->\n<title>Bestway Fauteuil Gonflable 5 Positions Noir 188x152x64 cm Int\u00e9rieur 75054 | | Tupique<\/title>\n<meta name=\"description\" content=\"Envie d&#039;acheter Bestway Fauteuil Gonflable 5 Positions Noir 188x152x64 cm Int\u00e9rieur 75054\u00a0? Achetez Bestway Fauteuil Gonflable 5 Positions Noir 188x152x64 cm Int\u00e9rieur 75054 maintenant avec Tupique en 3 versements sans int\u00e9r\u00eat.\" \/>\n<meta name=\"robots\" content=\"index, follow, max-snippet:-1, max-image-preview:large, max-video-preview:-1\" \/>\n<link rel=\"canonical\" href=\"https:\/\/tupique.com\/pt\/product\/bestway-fauteuil-gonflable-5-positions-noir-188x152x64-cm-interieur-75054\/\" \/>\n<meta property=\"og:locale\" content=\"pt_PT\" \/>\n<meta property=\"og:type\" content=\"article\" \/>\n<meta property=\"og:title\" content=\"Bestway Fauteuil Gonflable 5 Positions Noir 188x152x64 cm Int\u00e9rieur 75054 | | Tupique\" \/>\n<meta property=\"og:description\" content=\"Envie d&#039;acheter Bestway Fauteuil Gonflable 5 Positions Noir 188x152x64 cm Int\u00e9rieur 75054\u00a0? Achetez Bestway Fauteuil Gonflable 5 Positions Noir 188x152x64 cm Int\u00e9rieur 75054 maintenant avec Tupique en 3 versements sans int\u00e9r\u00eat.\" \/>\n<meta property=\"og:url\" content=\"https:\/\/tupique.com\/pt\/product\/bestway-fauteuil-gonflable-5-positions-noir-188x152x64-cm-interieur-75054\/\" \/>\n<meta property=\"og:site_name\" content=\"Tupique\" \/>\n<meta property=\"og:image\" content=\"https:\/\/tupique.com\/wp-content\/uploads\/2026\/05\/6942138924060_D1400599_P03-1.jpg\" \/>\n\t<meta property=\"og:image:width\" content=\"1200\" \/>\n\t<meta property=\"og:image:height\" content=\"1200\" \/>\n\t<meta property=\"og:image:type\" content=\"image\/jpeg\" \/>\n<meta name=\"twitter:card\" content=\"summary_large_image\" \/>\n<script type=\"application\/ld+json\" class=\"yoast-schema-graph\">{\"@context\":\"https:\\\/\\\/schema.org\",\"@graph\":[{\"@type\":\"WebPage\",\"@id\":\"https:\\\/\\\/tupique.com\\\/pt\\\/product\\\/bestway-fauteuil-gonflable-5-positions-noir-188x152x64-cm-interieur-75054\\\/\",\"url\":\"https:\\\/\\\/tupique.com\\\/pt\\\/product\\\/bestway-fauteuil-gonflable-5-positions-noir-188x152x64-cm-interieur-75054\\\/\",\"name\":\"Bestway Fauteuil Gonflable 5 Positions Noir 188x152x64 cm Int\u00e9rieur 75054 | | Tupique\",\"isPartOf\":{\"@id\":\"https:\\\/\\\/tupique.com\\\/#website\"},\"primaryImageOfPage\":{\"@id\":\"https:\\\/\\\/tupique.com\\\/pt\\\/product\\\/bestway-fauteuil-gonflable-5-positions-noir-188x152x64-cm-interieur-75054\\\/#primaryimage\"},\"image\":{\"@id\":\"https:\\\/\\\/tupique.com\\\/pt\\\/product\\\/bestway-fauteuil-gonflable-5-positions-noir-188x152x64-cm-interieur-75054\\\/#primaryimage\"},\"thumbnailUrl\":\"https:\\\/\\\/tupique.com\\\/wp-content\\\/uploads\\\/2026\\\/05\\\/6942138924060_D1400599_P03-1.jpg\",\"datePublished\":\"2026-05-11T23:37:48+00:00\",\"description\":\"Envie d'acheter Bestway Fauteuil Gonflable 5 Positions Noir 188x152x64 cm Int\u00e9rieur 75054\u00a0? Achetez Bestway Fauteuil Gonflable 5 Positions Noir 188x152x64 cm Int\u00e9rieur 75054 maintenant avec Tupique en 3 versements sans int\u00e9r\u00eat.\",\"breadcrumb\":{\"@id\":\"https:\\\/\\\/tupique.com\\\/pt\\\/product\\\/bestway-fauteuil-gonflable-5-positions-noir-188x152x64-cm-interieur-75054\\\/#breadcrumb\"},\"inLanguage\":\"pt-PT\",\"potentialAction\":[{\"@type\":\"ReadAction\",\"target\":[\"https:\\\/\\\/tupique.com\\\/pt\\\/product\\\/bestway-fauteuil-gonflable-5-positions-noir-188x152x64-cm-interieur-75054\\\/\"]}]},{\"@type\":\"ImageObject\",\"inLanguage\":\"pt-PT\",\"@id\":\"https:\\\/\\\/tupique.com\\\/pt\\\/product\\\/bestway-fauteuil-gonflable-5-positions-noir-188x152x64-cm-interieur-75054\\\/#primaryimage\",\"url\":\"https:\\\/\\\/tupique.com\\\/wp-content\\\/uploads\\\/2026\\\/05\\\/6942138924060_D1400599_P03-1.jpg\",\"contentUrl\":\"https:\\\/\\\/tupique.com\\\/wp-content\\\/uploads\\\/2026\\\/05\\\/6942138924060_D1400599_P03-1.jpg\",\"width\":1200,\"height\":1200,\"caption\":\"D1400599_0\"},{\"@type\":\"BreadcrumbList\",\"@id\":\"https:\\\/\\\/tupique.com\\\/pt\\\/product\\\/bestway-fauteuil-gonflable-5-positions-noir-188x152x64-cm-interieur-75054\\\/#breadcrumb\",\"itemListElement\":[{\"@type\":\"ListItem\",\"position\":1,\"name\":\"commencer\",\"item\":\"https:\\\/\\\/tupique.com\\\/\"},{\"@type\":\"ListItem\",\"position\":2,\"name\":\"Loja\",\"item\":\"https:\\\/\\\/tupique.com\\\/pt\\\/loja\\\/\"},{\"@type\":\"ListItem\",\"position\":3,\"name\":\"Bestway Fauteuil Gonflable 5 Positions Noir 188x152x64 cm Int\u00e9rieur 75054\"}]},{\"@type\":\"WebSite\",\"@id\":\"https:\\\/\\\/tupique.com\\\/#website\",\"url\":\"https:\\\/\\\/tupique.com\\\/\",\"name\":\"Tupique\",\"description\":\"\",\"publisher\":{\"@id\":\"https:\\\/\\\/tupique.com\\\/#organization\"},\"potentialAction\":[{\"@type\":\"SearchAction\",\"target\":{\"@type\":\"EntryPoint\",\"urlTemplate\":\"https:\\\/\\\/tupique.com\\\/?s={search_term_string}\"},\"query-input\":{\"@type\":\"PropertyValueSpecification\",\"valueRequired\":true,\"valueName\":\"search_term_string\"}}],\"inLanguage\":\"pt-PT\"},{\"@type\":\"Organization\",\"@id\":\"https:\\\/\\\/tupique.com\\\/#organization\",\"name\":\"Tupique\",\"url\":\"https:\\\/\\\/tupique.com\\\/\",\"logo\":{\"@type\":\"ImageObject\",\"inLanguage\":\"pt-PT\",\"@id\":\"https:\\\/\\\/tupique.com\\\/#\\\/schema\\\/logo\\\/image\\\/\",\"url\":\"https:\\\/\\\/tupique.com\\\/wp-content\\\/uploads\\\/2026\\\/03\\\/logo-tupique-1.webp\",\"contentUrl\":\"https:\\\/\\\/tupique.com\\\/wp-content\\\/uploads\\\/2026\\\/03\\\/logo-tupique-1.webp\",\"width\":500,\"height\":67,\"caption\":\"Tupique\"},\"image\":{\"@id\":\"https:\\\/\\\/tupique.com\\\/#\\\/schema\\\/logo\\\/image\\\/\"}}]}<\/script>\n<!-- \/ Yoast SEO plugin. -->","yoast_head_json":{"title":"Bestway Fauteuil Gonflable 5 Positions Noir 188x152x64 cm Int\u00e9rieur 75054 | | Tupique","description":"Envie d'acheter Bestway Fauteuil Gonflable 5 Positions Noir 188x152x64 cm Int\u00e9rieur 75054\u00a0? Achetez Bestway Fauteuil Gonflable 5 Positions Noir 188x152x64 cm Int\u00e9rieur 75054 maintenant avec Tupique en 3 versements sans int\u00e9r\u00eat.","robots":{"index":"index","follow":"follow","max-snippet":"max-snippet:-1","max-image-preview":"max-image-preview:large","max-video-preview":"max-video-preview:-1"},"canonical":"https:\/\/tupique.com\/pt\/product\/bestway-fauteuil-gonflable-5-positions-noir-188x152x64-cm-interieur-75054\/","og_locale":"pt_PT","og_type":"article","og_title":"Bestway Fauteuil Gonflable 5 Positions Noir 188x152x64 cm Int\u00e9rieur 75054 | | Tupique","og_description":"Envie d'acheter Bestway Fauteuil Gonflable 5 Positions Noir 188x152x64 cm Int\u00e9rieur 75054\u00a0? Achetez Bestway Fauteuil Gonflable 5 Positions Noir 188x152x64 cm Int\u00e9rieur 75054 maintenant avec Tupique en 3 versements sans int\u00e9r\u00eat.","og_url":"https:\/\/tupique.com\/pt\/product\/bestway-fauteuil-gonflable-5-positions-noir-188x152x64-cm-interieur-75054\/","og_site_name":"Tupique","og_image":[{"width":1200,"height":1200,"url":"https:\/\/tupique.com\/wp-content\/uploads\/2026\/05\/6942138924060_D1400599_P03-1.jpg","type":"image\/jpeg"}],"twitter_card":"summary_large_image","schema":{"@context":"https:\/\/schema.org","@graph":[{"@type":"WebPage","@id":"https:\/\/tupique.com\/pt\/product\/bestway-fauteuil-gonflable-5-positions-noir-188x152x64-cm-interieur-75054\/","url":"https:\/\/tupique.com\/pt\/product\/bestway-fauteuil-gonflable-5-positions-noir-188x152x64-cm-interieur-75054\/","name":"Bestway Fauteuil Gonflable 5 Positions Noir 188x152x64 cm Int\u00e9rieur 75054 | | Tupique","isPartOf":{"@id":"https:\/\/tupique.com\/#website"},"primaryImageOfPage":{"@id":"https:\/\/tupique.com\/pt\/product\/bestway-fauteuil-gonflable-5-positions-noir-188x152x64-cm-interieur-75054\/#primaryimage"},"image":{"@id":"https:\/\/tupique.com\/pt\/product\/bestway-fauteuil-gonflable-5-positions-noir-188x152x64-cm-interieur-75054\/#primaryimage"},"thumbnailUrl":"https:\/\/tupique.com\/wp-content\/uploads\/2026\/05\/6942138924060_D1400599_P03-1.jpg","datePublished":"2026-05-11T23:37:48+00:00","description":"Envie d'acheter Bestway Fauteuil Gonflable 5 Positions Noir 188x152x64 cm Int\u00e9rieur 75054\u00a0? Achetez Bestway Fauteuil Gonflable 5 Positions Noir 188x152x64 cm Int\u00e9rieur 75054 maintenant avec Tupique en 3 versements sans int\u00e9r\u00eat.","breadcrumb":{"@id":"https:\/\/tupique.com\/pt\/product\/bestway-fauteuil-gonflable-5-positions-noir-188x152x64-cm-interieur-75054\/#breadcrumb"},"inLanguage":"pt-PT","potentialAction":[{"@type":"ReadAction","target":["https:\/\/tupique.com\/pt\/product\/bestway-fauteuil-gonflable-5-positions-noir-188x152x64-cm-interieur-75054\/"]}]},{"@type":"ImageObject","inLanguage":"pt-PT","@id":"https:\/\/tupique.com\/pt\/product\/bestway-fauteuil-gonflable-5-positions-noir-188x152x64-cm-interieur-75054\/#primaryimage","url":"https:\/\/tupique.com\/wp-content\/uploads\/2026\/05\/6942138924060_D1400599_P03-1.jpg","contentUrl":"https:\/\/tupique.com\/wp-content\/uploads\/2026\/05\/6942138924060_D1400599_P03-1.jpg","width":1200,"height":1200,"caption":"D1400599_0"},{"@type":"BreadcrumbList","@id":"https:\/\/tupique.com\/pt\/product\/bestway-fauteuil-gonflable-5-positions-noir-188x152x64-cm-interieur-75054\/#breadcrumb","itemListElement":[{"@type":"ListItem","position":1,"name":"commencer","item":"https:\/\/tupique.com\/"},{"@type":"ListItem","position":2,"name":"Loja","item":"https:\/\/tupique.com\/pt\/loja\/"},{"@type":"ListItem","position":3,"name":"Bestway Fauteuil Gonflable 5 Positions Noir 188x152x64 cm Int\u00e9rieur 75054"}]},{"@type":"WebSite","@id":"https:\/\/tupique.com\/#website","url":"https:\/\/tupique.com\/","name":"Tupique","description":"","publisher":{"@id":"https:\/\/tupique.com\/#organization"},"potentialAction":[{"@type":"SearchAction","target":{"@type":"EntryPoint","urlTemplate":"https:\/\/tupique.com\/?s={search_term_string}"},"query-input":{"@type":"PropertyValueSpecification","valueRequired":true,"valueName":"search_term_string"}}],"inLanguage":"pt-PT"},{"@type":"Organization","@id":"https:\/\/tupique.com\/#organization","name":"Tupique","url":"https:\/\/tupique.com\/","logo":{"@type":"ImageObject","inLanguage":"pt-PT","@id":"https:\/\/tupique.com\/#\/schema\/logo\/image\/","url":"https:\/\/tupique.com\/wp-content\/uploads\/2026\/03\/logo-tupique-1.webp","contentUrl":"https:\/\/tupique.com\/wp-content\/uploads\/2026\/03\/logo-tupique-1.webp","width":500,"height":67,"caption":"Tupique"},"image":{"@id":"https:\/\/tupique.com\/#\/schema\/logo\/image\/"}}]}},"_links":{"self":[{"href":"https:\/\/tupique.com\/pt\/wp-json\/wp\/v2\/product\/191597","targetHints":{"allow":["GET"]}}],"collection":[{"href":"https:\/\/tupique.com\/pt\/wp-json\/wp\/v2\/product"}],"about":[{"href":"https:\/\/tupique.com\/pt\/wp-json\/wp\/v2\/types\/product"}],"replies":[{"embeddable":true,"href":"https:\/\/tupique.com\/pt\/wp-json\/wp\/v2\/comments?post=191597"}],"wp:featuredmedia":[{"embeddable":true,"href":"https:\/\/tupique.com\/pt\/wp-json\/wp\/v2\/media\/191574"}],"wp:attachment":[{"href":"https:\/\/tupique.com\/pt\/wp-json\/wp\/v2\/media?parent=191597"}],"wp:term":[{"taxonomy":"product_brand","embeddable":true,"href":"https:\/\/tupique.com\/pt\/wp-json\/wp\/v2\/product_brand?post=191597"},{"taxonomy":"product_cat","embeddable":true,"href":"https:\/\/tupique.com\/pt\/wp-json\/wp\/v2\/product_cat?post=191597"},{"taxonomy":"product_tag","embeddable":true,"href":"https:\/\/tupique.com\/pt\/wp-json\/wp\/v2\/product_tag?post=191597"},{"taxonomy":"woo-feed-brand","embeddable":true,"href":"https:\/\/tupique.com\/pt\/wp-json\/wp\/v2\/woo-feed-brand?post=191597"}],"curies":[{"name":"wp","href":"https:\/\/api.w.org\/{rel}","templated":true}]}}