{"id":191642,"date":"2026-05-12T01:38:57","date_gmt":"2026-05-11T23:38:57","guid":{"rendered":"https:\/\/tupique.com\/product\/bestway-planche-paddle-surf-hidro-force-274x76x12-cm-loisirs-65349\/"},"modified":"2026-05-12T01:38:57","modified_gmt":"2026-05-11T23:38:57","slug":"bestway-planche-paddle-surf-hidro-force-274x76x12-cm-loisirs-65349","status":"publish","type":"product","link":"https:\/\/tupique.com\/pt\/product\/bestway-planche-paddle-surf-hidro-force-274x76x12-cm-loisirs-65349\/","title":{"rendered":"Bestway Planche Paddle Surf Hidro-Force 274x76x12 cm Loisirs 65349"},"content":{"rendered":"<p>L&#8217;amusement est assur\u00e9 pour l&#8217;\u00e9t\u00e9, avec ces propositions qui plairont aux petits et aux grands ! Achetez <b>Planche de Paddle Surf Gonflable avec Accessoires Bestway Hydro-Force Multicouleur 274 x 76 x 12 cm<\/b> et profitez de votre temps libre !<\/p>\n<ul>\n<li>Caracter\u00edsticas:\n<ul>\n<li>Gonflable<\/li>\n<li>Antid\u00e9rapant<\/li>\n<li>Ext\u00e9rieur<\/li>\n<li>Nettoyage par chiffon humide<\/li>\n<\/ul>\n<\/li>\n<li>Inclut:\n<ul>\n<li>Gonfleur manuel<\/li>\n<li>Kit de r\u00e9paration<\/li>\n<li>Sac de transport<\/li>\n<li>Acess\u00f3rios<\/li>\n<li>Anse de transport<\/li>\n<li>Housse de transport<\/li>\n<\/ul>\n<\/li>\n<li>Poids Max. support\u00e9: 100 kg<\/li>\n<li>Dimensions approx.: 274 x 76 x 12 cm<\/li>\n<li>Nombre de pi\u00e8ces: 3 Pi\u00e8ces<\/li>\n<li>\u00c2ge recommand\u00e9: Adultes<\/li>\n<li>Type: Planche de Paddle Surf Gonflable avec Accessoires<\/li>\n<li>Couleur: Multicouleur<\/li>\n<li>Mat\u00e9riel: Plastique<\/li>\n<li>Utiliza\u00e7\u00e3o recomendada:\n<ul>\n<li>Plage<\/li>\n<li>Jardin<\/li>\n<li>Camping<\/li>\n<\/ul>\n<\/li>\n<li>Piles incluses: Non<\/li>\n<li>Genre: Adultes unisexes<\/li>\n<\/ul>","protected":false},"excerpt":{"rendered":"<p>L&#8217;amusement est assur\u00e9 pour l&#8217;\u00e9t\u00e9, avec ces propositions qui plairont aux petits et aux grands ! Achetez Planche de Paddle Surf Gonflable avec Accessoires Bestway Hydro-Force Multicouleur 274 x 76 x 12 cm et profitez de votre temps libre ! Caract\u00e9ristiques: Gonflable Antid\u00e9rapant Ext\u00e9rieur Nettoyage par chiffon humide Inclut: Gonfleur manuel Kit de r\u00e9paration Sac [&hellip;]<\/p>\n","protected":false},"featured_media":191618,"comment_status":"open","ping_status":"closed","template":"","meta":[],"product_brand":[1771],"product_cat":[1770,1769,1764],"product_tag":[2247,721,1816,163],"woo-feed-brand":[],"class_list":{"0":"post-191642","1":"product","2":"type-product","3":"status-publish","4":"has-post-thumbnail","6":"product_brand-brandp_520","7":"product_cat-jouets-pour-la-plage","8":"product_cat-plage-et-piscine","9":"product_cat-sports-loisirs","10":"product_tag-tag_32","11":"product_tag-tag_124","12":"product_tag-tag_1272","13":"product_tag-tag_17","15":"first","16":"instock","17":"taxable","18":"shipping-taxable","19":"purchasable","20":"product-type-simple"},"yoast_head":"<!-- This site is optimized with the Yoast SEO plugin v27.6 - https:\/\/yoast.com\/product\/yoast-seo-wordpress\/ -->\n<title>Bestway Planche Paddle Surf Hidro-Force 274x76x12 cm Loisirs 65349 | | Tupique<\/title>\n<meta name=\"description\" content=\"Envie d&#039;acheter Bestway Planche Paddle Surf Hidro-Force 274x76x12 cm Loisirs 65349\u00a0? Achetez Bestway Planche Paddle Surf Hidro-Force 274x76x12 cm Loisirs 65349 maintenant avec Tupique en 3 versements sans int\u00e9r\u00eat.\" \/>\n<meta name=\"robots\" content=\"index, follow, max-snippet:-1, max-image-preview:large, max-video-preview:-1\" \/>\n<link rel=\"canonical\" href=\"https:\/\/tupique.com\/pt\/product\/bestway-planche-paddle-surf-hidro-force-274x76x12-cm-loisirs-65349\/\" \/>\n<meta property=\"og:locale\" content=\"pt_PT\" \/>\n<meta property=\"og:type\" content=\"article\" \/>\n<meta property=\"og:title\" content=\"Bestway Planche Paddle Surf Hidro-Force 274x76x12 cm Loisirs 65349 | | Tupique\" \/>\n<meta property=\"og:description\" content=\"Envie d&#039;acheter Bestway Planche Paddle Surf Hidro-Force 274x76x12 cm Loisirs 65349\u00a0? Achetez Bestway Planche Paddle Surf Hidro-Force 274x76x12 cm Loisirs 65349 maintenant avec Tupique en 3 versements sans int\u00e9r\u00eat.\" \/>\n<meta property=\"og:url\" content=\"https:\/\/tupique.com\/pt\/product\/bestway-planche-paddle-surf-hidro-force-274x76x12-cm-loisirs-65349\/\" \/>\n<meta property=\"og:site_name\" content=\"Tupique\" \/>\n<meta property=\"og:image\" content=\"https:\/\/tupique.com\/wp-content\/uploads\/2026\/05\/6942138977004_R01.jpg\" \/>\n\t<meta property=\"og:image:width\" content=\"1200\" \/>\n\t<meta property=\"og:image:height\" content=\"1200\" \/>\n\t<meta property=\"og:image:type\" content=\"image\/jpeg\" \/>\n<meta name=\"twitter:card\" content=\"summary_large_image\" \/>\n<script type=\"application\/ld+json\" class=\"yoast-schema-graph\">{\"@context\":\"https:\\\/\\\/schema.org\",\"@graph\":[{\"@type\":\"WebPage\",\"@id\":\"https:\\\/\\\/tupique.com\\\/product\\\/bestway-planche-paddle-surf-hidro-force-274x76x12-cm-loisirs-65349\\\/\",\"url\":\"https:\\\/\\\/tupique.com\\\/product\\\/bestway-planche-paddle-surf-hidro-force-274x76x12-cm-loisirs-65349\\\/\",\"name\":\"Bestway Planche Paddle Surf Hidro-Force 274x76x12 cm Loisirs 65349 | | Tupique\",\"isPartOf\":{\"@id\":\"https:\\\/\\\/tupique.com\\\/#website\"},\"primaryImageOfPage\":{\"@id\":\"https:\\\/\\\/tupique.com\\\/product\\\/bestway-planche-paddle-surf-hidro-force-274x76x12-cm-loisirs-65349\\\/#primaryimage\"},\"image\":{\"@id\":\"https:\\\/\\\/tupique.com\\\/product\\\/bestway-planche-paddle-surf-hidro-force-274x76x12-cm-loisirs-65349\\\/#primaryimage\"},\"thumbnailUrl\":\"https:\\\/\\\/tupique.com\\\/wp-content\\\/uploads\\\/2026\\\/05\\\/6942138977004_R01.jpg\",\"datePublished\":\"2026-05-11T23:38:57+00:00\",\"description\":\"Envie d'acheter Bestway Planche Paddle Surf Hidro-Force 274x76x12 cm Loisirs 65349\u00a0? Achetez Bestway Planche Paddle Surf Hidro-Force 274x76x12 cm Loisirs 65349 maintenant avec Tupique en 3 versements sans int\u00e9r\u00eat.\",\"breadcrumb\":{\"@id\":\"https:\\\/\\\/tupique.com\\\/product\\\/bestway-planche-paddle-surf-hidro-force-274x76x12-cm-loisirs-65349\\\/#breadcrumb\"},\"inLanguage\":\"pt-PT\",\"potentialAction\":[{\"@type\":\"ReadAction\",\"target\":[\"https:\\\/\\\/tupique.com\\\/product\\\/bestway-planche-paddle-surf-hidro-force-274x76x12-cm-loisirs-65349\\\/\"]}]},{\"@type\":\"ImageObject\",\"inLanguage\":\"pt-PT\",\"@id\":\"https:\\\/\\\/tupique.com\\\/product\\\/bestway-planche-paddle-surf-hidro-force-274x76x12-cm-loisirs-65349\\\/#primaryimage\",\"url\":\"https:\\\/\\\/tupique.com\\\/wp-content\\\/uploads\\\/2026\\\/05\\\/6942138977004_R01.jpg\",\"contentUrl\":\"https:\\\/\\\/tupique.com\\\/wp-content\\\/uploads\\\/2026\\\/05\\\/6942138977004_R01.jpg\",\"width\":1200,\"height\":1200,\"caption\":\"D1400550_0\"},{\"@type\":\"BreadcrumbList\",\"@id\":\"https:\\\/\\\/tupique.com\\\/product\\\/bestway-planche-paddle-surf-hidro-force-274x76x12-cm-loisirs-65349\\\/#breadcrumb\",\"itemListElement\":[{\"@type\":\"ListItem\",\"position\":1,\"name\":\"commencer\",\"item\":\"https:\\\/\\\/tupique.com\\\/\"},{\"@type\":\"ListItem\",\"position\":2,\"name\":\"Loja\",\"item\":\"https:\\\/\\\/tupique.com\\\/pt\\\/loja\\\/\"},{\"@type\":\"ListItem\",\"position\":3,\"name\":\"Bestway Planche Paddle Surf Hidro-Force 274x76x12 cm Loisirs 65349\"}]},{\"@type\":\"WebSite\",\"@id\":\"https:\\\/\\\/tupique.com\\\/#website\",\"url\":\"https:\\\/\\\/tupique.com\\\/\",\"name\":\"Tupique\",\"description\":\"\",\"publisher\":{\"@id\":\"https:\\\/\\\/tupique.com\\\/#organization\"},\"potentialAction\":[{\"@type\":\"SearchAction\",\"target\":{\"@type\":\"EntryPoint\",\"urlTemplate\":\"https:\\\/\\\/tupique.com\\\/?s={search_term_string}\"},\"query-input\":{\"@type\":\"PropertyValueSpecification\",\"valueRequired\":true,\"valueName\":\"search_term_string\"}}],\"inLanguage\":\"pt-PT\"},{\"@type\":\"Organization\",\"@id\":\"https:\\\/\\\/tupique.com\\\/#organization\",\"name\":\"Tupique\",\"url\":\"https:\\\/\\\/tupique.com\\\/\",\"logo\":{\"@type\":\"ImageObject\",\"inLanguage\":\"pt-PT\",\"@id\":\"https:\\\/\\\/tupique.com\\\/#\\\/schema\\\/logo\\\/image\\\/\",\"url\":\"https:\\\/\\\/tupique.com\\\/wp-content\\\/uploads\\\/2026\\\/03\\\/logo-tupique-1.webp\",\"contentUrl\":\"https:\\\/\\\/tupique.com\\\/wp-content\\\/uploads\\\/2026\\\/03\\\/logo-tupique-1.webp\",\"width\":500,\"height\":67,\"caption\":\"Tupique\"},\"image\":{\"@id\":\"https:\\\/\\\/tupique.com\\\/#\\\/schema\\\/logo\\\/image\\\/\"}}]}<\/script>\n<!-- \/ Yoast SEO plugin. -->","yoast_head_json":{"title":"Bestway Planche Paddle Surf Hidro-Force 274x76x12 cm Loisirs 65349 | | Tupique","description":"Envie d'acheter Bestway Planche Paddle Surf Hidro-Force 274x76x12 cm Loisirs 65349\u00a0? Achetez Bestway Planche Paddle Surf Hidro-Force 274x76x12 cm Loisirs 65349 maintenant avec Tupique en 3 versements sans int\u00e9r\u00eat.","robots":{"index":"index","follow":"follow","max-snippet":"max-snippet:-1","max-image-preview":"max-image-preview:large","max-video-preview":"max-video-preview:-1"},"canonical":"https:\/\/tupique.com\/pt\/product\/bestway-planche-paddle-surf-hidro-force-274x76x12-cm-loisirs-65349\/","og_locale":"pt_PT","og_type":"article","og_title":"Bestway Planche Paddle Surf Hidro-Force 274x76x12 cm Loisirs 65349 | | Tupique","og_description":"Envie d'acheter Bestway Planche Paddle Surf Hidro-Force 274x76x12 cm Loisirs 65349\u00a0? Achetez Bestway Planche Paddle Surf Hidro-Force 274x76x12 cm Loisirs 65349 maintenant avec Tupique en 3 versements sans int\u00e9r\u00eat.","og_url":"https:\/\/tupique.com\/pt\/product\/bestway-planche-paddle-surf-hidro-force-274x76x12-cm-loisirs-65349\/","og_site_name":"Tupique","og_image":[{"width":1200,"height":1200,"url":"https:\/\/tupique.com\/wp-content\/uploads\/2026\/05\/6942138977004_R01.jpg","type":"image\/jpeg"}],"twitter_card":"summary_large_image","schema":{"@context":"https:\/\/schema.org","@graph":[{"@type":"WebPage","@id":"https:\/\/tupique.com\/product\/bestway-planche-paddle-surf-hidro-force-274x76x12-cm-loisirs-65349\/","url":"https:\/\/tupique.com\/product\/bestway-planche-paddle-surf-hidro-force-274x76x12-cm-loisirs-65349\/","name":"Bestway Planche Paddle Surf Hidro-Force 274x76x12 cm Loisirs 65349 | | Tupique","isPartOf":{"@id":"https:\/\/tupique.com\/#website"},"primaryImageOfPage":{"@id":"https:\/\/tupique.com\/product\/bestway-planche-paddle-surf-hidro-force-274x76x12-cm-loisirs-65349\/#primaryimage"},"image":{"@id":"https:\/\/tupique.com\/product\/bestway-planche-paddle-surf-hidro-force-274x76x12-cm-loisirs-65349\/#primaryimage"},"thumbnailUrl":"https:\/\/tupique.com\/wp-content\/uploads\/2026\/05\/6942138977004_R01.jpg","datePublished":"2026-05-11T23:38:57+00:00","description":"Envie d'acheter Bestway Planche Paddle Surf Hidro-Force 274x76x12 cm Loisirs 65349\u00a0? Achetez Bestway Planche Paddle Surf Hidro-Force 274x76x12 cm Loisirs 65349 maintenant avec Tupique en 3 versements sans int\u00e9r\u00eat.","breadcrumb":{"@id":"https:\/\/tupique.com\/product\/bestway-planche-paddle-surf-hidro-force-274x76x12-cm-loisirs-65349\/#breadcrumb"},"inLanguage":"pt-PT","potentialAction":[{"@type":"ReadAction","target":["https:\/\/tupique.com\/product\/bestway-planche-paddle-surf-hidro-force-274x76x12-cm-loisirs-65349\/"]}]},{"@type":"ImageObject","inLanguage":"pt-PT","@id":"https:\/\/tupique.com\/product\/bestway-planche-paddle-surf-hidro-force-274x76x12-cm-loisirs-65349\/#primaryimage","url":"https:\/\/tupique.com\/wp-content\/uploads\/2026\/05\/6942138977004_R01.jpg","contentUrl":"https:\/\/tupique.com\/wp-content\/uploads\/2026\/05\/6942138977004_R01.jpg","width":1200,"height":1200,"caption":"D1400550_0"},{"@type":"BreadcrumbList","@id":"https:\/\/tupique.com\/product\/bestway-planche-paddle-surf-hidro-force-274x76x12-cm-loisirs-65349\/#breadcrumb","itemListElement":[{"@type":"ListItem","position":1,"name":"commencer","item":"https:\/\/tupique.com\/"},{"@type":"ListItem","position":2,"name":"Loja","item":"https:\/\/tupique.com\/pt\/loja\/"},{"@type":"ListItem","position":3,"name":"Bestway Planche Paddle Surf Hidro-Force 274x76x12 cm Loisirs 65349"}]},{"@type":"WebSite","@id":"https:\/\/tupique.com\/#website","url":"https:\/\/tupique.com\/","name":"Tupique","description":"","publisher":{"@id":"https:\/\/tupique.com\/#organization"},"potentialAction":[{"@type":"SearchAction","target":{"@type":"EntryPoint","urlTemplate":"https:\/\/tupique.com\/?s={search_term_string}"},"query-input":{"@type":"PropertyValueSpecification","valueRequired":true,"valueName":"search_term_string"}}],"inLanguage":"pt-PT"},{"@type":"Organization","@id":"https:\/\/tupique.com\/#organization","name":"Tupique","url":"https:\/\/tupique.com\/","logo":{"@type":"ImageObject","inLanguage":"pt-PT","@id":"https:\/\/tupique.com\/#\/schema\/logo\/image\/","url":"https:\/\/tupique.com\/wp-content\/uploads\/2026\/03\/logo-tupique-1.webp","contentUrl":"https:\/\/tupique.com\/wp-content\/uploads\/2026\/03\/logo-tupique-1.webp","width":500,"height":67,"caption":"Tupique"},"image":{"@id":"https:\/\/tupique.com\/#\/schema\/logo\/image\/"}}]}},"_links":{"self":[{"href":"https:\/\/tupique.com\/pt\/wp-json\/wp\/v2\/product\/191642","targetHints":{"allow":["GET"]}}],"collection":[{"href":"https:\/\/tupique.com\/pt\/wp-json\/wp\/v2\/product"}],"about":[{"href":"https:\/\/tupique.com\/pt\/wp-json\/wp\/v2\/types\/product"}],"replies":[{"embeddable":true,"href":"https:\/\/tupique.com\/pt\/wp-json\/wp\/v2\/comments?post=191642"}],"wp:featuredmedia":[{"embeddable":true,"href":"https:\/\/tupique.com\/pt\/wp-json\/wp\/v2\/media\/191618"}],"wp:attachment":[{"href":"https:\/\/tupique.com\/pt\/wp-json\/wp\/v2\/media?parent=191642"}],"wp:term":[{"taxonomy":"product_brand","embeddable":true,"href":"https:\/\/tupique.com\/pt\/wp-json\/wp\/v2\/product_brand?post=191642"},{"taxonomy":"product_cat","embeddable":true,"href":"https:\/\/tupique.com\/pt\/wp-json\/wp\/v2\/product_cat?post=191642"},{"taxonomy":"product_tag","embeddable":true,"href":"https:\/\/tupique.com\/pt\/wp-json\/wp\/v2\/product_tag?post=191642"},{"taxonomy":"woo-feed-brand","embeddable":true,"href":"https:\/\/tupique.com\/pt\/wp-json\/wp\/v2\/woo-feed-brand?post=191642"}],"curies":[{"name":"wp","href":"https:\/\/api.w.org\/{rel}","templated":true}]}}