{"id":191698,"date":"2026-05-12T01:40:37","date_gmt":"2026-05-11T23:40:37","guid":{"rendered":"https:\/\/tupique.com\/product\/cable-usb-equip-noir-18-m\/"},"modified":"2026-05-12T01:40:37","modified_gmt":"2026-05-11T23:40:37","slug":"cable-usb-equip-noir-18-m","status":"publish","type":"product","link":"https:\/\/tupique.com\/pt\/product\/cable-usb-equip-noir-18-m\/","title":{"rendered":"C\u00e2ble USB Equip Noir 1,8 m"},"content":{"rendered":"<p>Si vous \u00eates passionn\u00e9 d&#8217;<b>informatique et d&#8217;\u00e9lectronique<\/b>, si vous \u00eates \u00e0 la pointe de la technologie et qu&#8217;aucun d\u00e9tail ne vous \u00e9chappe, achetez <b>C\u00e2ble USB Equip Noir 1,8 m<\/b> au meilleur prix.<\/p>\n<ul>\n<li>Couleur: Noir<\/li>\n<li>Connexions:\n<ul>\n<li>USB 2.0<\/li>\n<li>USB<\/li>\n<li>USB A 2.0<\/li>\n<li>USB B<\/li>\n<\/ul>\n<\/li>\n<li>Longueur du c\u00e2ble: 1,8 m<\/li>\n<li>Tipo:\n<ul>\n<li>C\u00e2ble<\/li>\n<li>Prise M\u00e2le<\/li>\n<li>Prise M\u00e2le\/Prise M\u00e2le<\/li>\n<\/ul>\n<\/li>\n<li>Caract\u00e9ristiques: Plug and play<\/li>\n<li>Certificat: RoHS<\/li>\n<li>Facteur de forme: Straight<\/li>\n<li>Emballage: Sac<\/li>\n<\/ul>","protected":false},"excerpt":{"rendered":"<p>Si vous \u00eates passionn\u00e9 d&#8217;informatique et d&#8217;\u00e9lectronique, si vous \u00eates \u00e0 la pointe de la technologie et qu&#8217;aucun d\u00e9tail ne vous \u00e9chappe, achetez C\u00e2ble USB Equip Noir 1,8 m au meilleur prix. Couleur: Noir Connexions: USB 2.0 USB USB A 2.0 USB B Longueur du c\u00e2ble: 1,8 m Type: C\u00e2ble Prise M\u00e2le Prise M\u00e2le\/Prise M\u00e2le [&hellip;]<\/p>\n","protected":false},"featured_media":191697,"comment_status":"open","ping_status":"closed","template":"","meta":[],"product_brand":[2650],"product_cat":[1765,2194,1764],"product_tag":[210],"woo-feed-brand":[],"class_list":{"0":"post-191698","1":"product","2":"type-product","3":"status-publish","4":"has-post-thumbnail","6":"product_brand-brandp_7181","7":"product_cat-accessoires-pour-voitures","8":"product_cat-capteurs-et-electronique-automobiles","9":"product_cat-sports-loisirs","10":"product_tag-tag_25","12":"first","13":"instock","14":"taxable","15":"shipping-taxable","16":"purchasable","17":"product-type-simple"},"yoast_head":"<!-- This site is optimized with the Yoast SEO plugin v27.6 - https:\/\/yoast.com\/product\/yoast-seo-wordpress\/ -->\n<title>C\u00e2ble USB Equip Noir 1,8 m | | Tupique<\/title>\n<meta name=\"description\" content=\"Envie d&#039;acheter C\u00e2ble USB Equip Noir 1,8 m\u00a0? Achetez C\u00e2ble USB Equip Noir 1,8 m maintenant avec Tupique en 3 versements sans int\u00e9r\u00eat.\" \/>\n<meta name=\"robots\" content=\"index, follow, max-snippet:-1, max-image-preview:large, max-video-preview:-1\" \/>\n<link rel=\"canonical\" href=\"https:\/\/tupique.com\/pt\/product\/cable-usb-equip-noir-18-m\/\" \/>\n<meta property=\"og:locale\" content=\"pt_PT\" \/>\n<meta property=\"og:type\" content=\"article\" \/>\n<meta property=\"og:title\" content=\"C\u00e2ble USB Equip Noir 1,8 m | | Tupique\" \/>\n<meta property=\"og:description\" content=\"Envie d&#039;acheter C\u00e2ble USB Equip Noir 1,8 m\u00a0? Achetez C\u00e2ble USB Equip Noir 1,8 m maintenant avec Tupique en 3 versements sans int\u00e9r\u00eat.\" \/>\n<meta property=\"og:url\" content=\"https:\/\/tupique.com\/pt\/product\/cable-usb-equip-noir-18-m\/\" \/>\n<meta property=\"og:site_name\" content=\"Tupique\" \/>\n<meta property=\"og:image\" content=\"https:\/\/tupique.com\/wp-content\/uploads\/2026\/05\/4015867164693_S7833166_P00.jpg\" \/>\n\t<meta property=\"og:image:width\" content=\"1200\" \/>\n\t<meta property=\"og:image:height\" content=\"1200\" \/>\n\t<meta property=\"og:image:type\" content=\"image\/jpeg\" \/>\n<meta name=\"twitter:card\" content=\"summary_large_image\" \/>\n<script type=\"application\/ld+json\" class=\"yoast-schema-graph\">{\"@context\":\"https:\\\/\\\/schema.org\",\"@graph\":[{\"@type\":\"WebPage\",\"@id\":\"https:\\\/\\\/tupique.com\\\/en\\\/product\\\/cable-usb-equip-noir-18-m\\\/\",\"url\":\"https:\\\/\\\/tupique.com\\\/en\\\/product\\\/cable-usb-equip-noir-18-m\\\/\",\"name\":\"C\u00e2ble USB Equip Noir 1,8 m | | Tupique\",\"isPartOf\":{\"@id\":\"https:\\\/\\\/tupique.com\\\/#website\"},\"primaryImageOfPage\":{\"@id\":\"https:\\\/\\\/tupique.com\\\/en\\\/product\\\/cable-usb-equip-noir-18-m\\\/#primaryimage\"},\"image\":{\"@id\":\"https:\\\/\\\/tupique.com\\\/en\\\/product\\\/cable-usb-equip-noir-18-m\\\/#primaryimage\"},\"thumbnailUrl\":\"https:\\\/\\\/tupique.com\\\/wp-content\\\/uploads\\\/2026\\\/05\\\/4015867164693_S7833166_P00.jpg\",\"datePublished\":\"2026-05-11T23:40:37+00:00\",\"description\":\"Envie d'acheter C\u00e2ble USB Equip Noir 1,8 m\u00a0? Achetez C\u00e2ble USB Equip Noir 1,8 m maintenant avec Tupique en 3 versements sans int\u00e9r\u00eat.\",\"breadcrumb\":{\"@id\":\"https:\\\/\\\/tupique.com\\\/en\\\/product\\\/cable-usb-equip-noir-18-m\\\/#breadcrumb\"},\"inLanguage\":\"pt-PT\",\"potentialAction\":[{\"@type\":\"ReadAction\",\"target\":[\"https:\\\/\\\/tupique.com\\\/en\\\/product\\\/cable-usb-equip-noir-18-m\\\/\"]}]},{\"@type\":\"ImageObject\",\"inLanguage\":\"pt-PT\",\"@id\":\"https:\\\/\\\/tupique.com\\\/en\\\/product\\\/cable-usb-equip-noir-18-m\\\/#primaryimage\",\"url\":\"https:\\\/\\\/tupique.com\\\/wp-content\\\/uploads\\\/2026\\\/05\\\/4015867164693_S7833166_P00.jpg\",\"contentUrl\":\"https:\\\/\\\/tupique.com\\\/wp-content\\\/uploads\\\/2026\\\/05\\\/4015867164693_S7833166_P00.jpg\",\"width\":1200,\"height\":1200,\"caption\":\"S7833166_0\"},{\"@type\":\"BreadcrumbList\",\"@id\":\"https:\\\/\\\/tupique.com\\\/en\\\/product\\\/cable-usb-equip-noir-18-m\\\/#breadcrumb\",\"itemListElement\":[{\"@type\":\"ListItem\",\"position\":1,\"name\":\"commencer\",\"item\":\"https:\\\/\\\/tupique.com\\\/\"},{\"@type\":\"ListItem\",\"position\":2,\"name\":\"Loja\",\"item\":\"https:\\\/\\\/tupique.com\\\/pt\\\/loja\\\/\"},{\"@type\":\"ListItem\",\"position\":3,\"name\":\"C\u00e2ble USB Equip Noir 1,8 m\"}]},{\"@type\":\"WebSite\",\"@id\":\"https:\\\/\\\/tupique.com\\\/#website\",\"url\":\"https:\\\/\\\/tupique.com\\\/\",\"name\":\"Tupique\",\"description\":\"\",\"publisher\":{\"@id\":\"https:\\\/\\\/tupique.com\\\/#organization\"},\"potentialAction\":[{\"@type\":\"SearchAction\",\"target\":{\"@type\":\"EntryPoint\",\"urlTemplate\":\"https:\\\/\\\/tupique.com\\\/?s={search_term_string}\"},\"query-input\":{\"@type\":\"PropertyValueSpecification\",\"valueRequired\":true,\"valueName\":\"search_term_string\"}}],\"inLanguage\":\"pt-PT\"},{\"@type\":\"Organization\",\"@id\":\"https:\\\/\\\/tupique.com\\\/#organization\",\"name\":\"Tupique\",\"url\":\"https:\\\/\\\/tupique.com\\\/\",\"logo\":{\"@type\":\"ImageObject\",\"inLanguage\":\"pt-PT\",\"@id\":\"https:\\\/\\\/tupique.com\\\/#\\\/schema\\\/logo\\\/image\\\/\",\"url\":\"https:\\\/\\\/tupique.com\\\/wp-content\\\/uploads\\\/2026\\\/03\\\/logo-tupique-1.webp\",\"contentUrl\":\"https:\\\/\\\/tupique.com\\\/wp-content\\\/uploads\\\/2026\\\/03\\\/logo-tupique-1.webp\",\"width\":500,\"height\":67,\"caption\":\"Tupique\"},\"image\":{\"@id\":\"https:\\\/\\\/tupique.com\\\/#\\\/schema\\\/logo\\\/image\\\/\"}}]}<\/script>\n<!-- \/ Yoast SEO plugin. -->","yoast_head_json":{"title":"C\u00e2ble USB Equip Noir 1,8 m | | Tupique","description":"Envie d'acheter C\u00e2ble USB Equip Noir 1,8 m\u00a0? Achetez C\u00e2ble USB Equip Noir 1,8 m maintenant avec Tupique en 3 versements sans int\u00e9r\u00eat.","robots":{"index":"index","follow":"follow","max-snippet":"max-snippet:-1","max-image-preview":"max-image-preview:large","max-video-preview":"max-video-preview:-1"},"canonical":"https:\/\/tupique.com\/pt\/product\/cable-usb-equip-noir-18-m\/","og_locale":"pt_PT","og_type":"article","og_title":"C\u00e2ble USB Equip Noir 1,8 m | | Tupique","og_description":"Envie d'acheter C\u00e2ble USB Equip Noir 1,8 m\u00a0? Achetez C\u00e2ble USB Equip Noir 1,8 m maintenant avec Tupique en 3 versements sans int\u00e9r\u00eat.","og_url":"https:\/\/tupique.com\/pt\/product\/cable-usb-equip-noir-18-m\/","og_site_name":"Tupique","og_image":[{"width":1200,"height":1200,"url":"https:\/\/tupique.com\/wp-content\/uploads\/2026\/05\/4015867164693_S7833166_P00.jpg","type":"image\/jpeg"}],"twitter_card":"summary_large_image","schema":{"@context":"https:\/\/schema.org","@graph":[{"@type":"WebPage","@id":"https:\/\/tupique.com\/en\/product\/cable-usb-equip-noir-18-m\/","url":"https:\/\/tupique.com\/en\/product\/cable-usb-equip-noir-18-m\/","name":"C\u00e2ble USB Equip Noir 1,8 m | | Tupique","isPartOf":{"@id":"https:\/\/tupique.com\/#website"},"primaryImageOfPage":{"@id":"https:\/\/tupique.com\/en\/product\/cable-usb-equip-noir-18-m\/#primaryimage"},"image":{"@id":"https:\/\/tupique.com\/en\/product\/cable-usb-equip-noir-18-m\/#primaryimage"},"thumbnailUrl":"https:\/\/tupique.com\/wp-content\/uploads\/2026\/05\/4015867164693_S7833166_P00.jpg","datePublished":"2026-05-11T23:40:37+00:00","description":"Envie d'acheter C\u00e2ble USB Equip Noir 1,8 m\u00a0? Achetez C\u00e2ble USB Equip Noir 1,8 m maintenant avec Tupique en 3 versements sans int\u00e9r\u00eat.","breadcrumb":{"@id":"https:\/\/tupique.com\/en\/product\/cable-usb-equip-noir-18-m\/#breadcrumb"},"inLanguage":"pt-PT","potentialAction":[{"@type":"ReadAction","target":["https:\/\/tupique.com\/en\/product\/cable-usb-equip-noir-18-m\/"]}]},{"@type":"ImageObject","inLanguage":"pt-PT","@id":"https:\/\/tupique.com\/en\/product\/cable-usb-equip-noir-18-m\/#primaryimage","url":"https:\/\/tupique.com\/wp-content\/uploads\/2026\/05\/4015867164693_S7833166_P00.jpg","contentUrl":"https:\/\/tupique.com\/wp-content\/uploads\/2026\/05\/4015867164693_S7833166_P00.jpg","width":1200,"height":1200,"caption":"S7833166_0"},{"@type":"BreadcrumbList","@id":"https:\/\/tupique.com\/en\/product\/cable-usb-equip-noir-18-m\/#breadcrumb","itemListElement":[{"@type":"ListItem","position":1,"name":"commencer","item":"https:\/\/tupique.com\/"},{"@type":"ListItem","position":2,"name":"Loja","item":"https:\/\/tupique.com\/pt\/loja\/"},{"@type":"ListItem","position":3,"name":"C\u00e2ble USB Equip Noir 1,8 m"}]},{"@type":"WebSite","@id":"https:\/\/tupique.com\/#website","url":"https:\/\/tupique.com\/","name":"Tupique","description":"","publisher":{"@id":"https:\/\/tupique.com\/#organization"},"potentialAction":[{"@type":"SearchAction","target":{"@type":"EntryPoint","urlTemplate":"https:\/\/tupique.com\/?s={search_term_string}"},"query-input":{"@type":"PropertyValueSpecification","valueRequired":true,"valueName":"search_term_string"}}],"inLanguage":"pt-PT"},{"@type":"Organization","@id":"https:\/\/tupique.com\/#organization","name":"Tupique","url":"https:\/\/tupique.com\/","logo":{"@type":"ImageObject","inLanguage":"pt-PT","@id":"https:\/\/tupique.com\/#\/schema\/logo\/image\/","url":"https:\/\/tupique.com\/wp-content\/uploads\/2026\/03\/logo-tupique-1.webp","contentUrl":"https:\/\/tupique.com\/wp-content\/uploads\/2026\/03\/logo-tupique-1.webp","width":500,"height":67,"caption":"Tupique"},"image":{"@id":"https:\/\/tupique.com\/#\/schema\/logo\/image\/"}}]}},"_links":{"self":[{"href":"https:\/\/tupique.com\/pt\/wp-json\/wp\/v2\/product\/191698","targetHints":{"allow":["GET"]}}],"collection":[{"href":"https:\/\/tupique.com\/pt\/wp-json\/wp\/v2\/product"}],"about":[{"href":"https:\/\/tupique.com\/pt\/wp-json\/wp\/v2\/types\/product"}],"replies":[{"embeddable":true,"href":"https:\/\/tupique.com\/pt\/wp-json\/wp\/v2\/comments?post=191698"}],"wp:featuredmedia":[{"embeddable":true,"href":"https:\/\/tupique.com\/pt\/wp-json\/wp\/v2\/media\/191697"}],"wp:attachment":[{"href":"https:\/\/tupique.com\/pt\/wp-json\/wp\/v2\/media?parent=191698"}],"wp:term":[{"taxonomy":"product_brand","embeddable":true,"href":"https:\/\/tupique.com\/pt\/wp-json\/wp\/v2\/product_brand?post=191698"},{"taxonomy":"product_cat","embeddable":true,"href":"https:\/\/tupique.com\/pt\/wp-json\/wp\/v2\/product_cat?post=191698"},{"taxonomy":"product_tag","embeddable":true,"href":"https:\/\/tupique.com\/pt\/wp-json\/wp\/v2\/product_tag?post=191698"},{"taxonomy":"woo-feed-brand","embeddable":true,"href":"https:\/\/tupique.com\/pt\/wp-json\/wp\/v2\/woo-feed-brand?post=191698"}],"curies":[{"name":"wp","href":"https:\/\/api.w.org\/{rel}","templated":true}]}}