{"id":191913,"date":"2026-05-12T01:54:25","date_gmt":"2026-05-11T23:54:25","guid":{"rendered":"https:\/\/tupique.com\/product\/bestway-dinosaure-gonflable-arroseur-99x76x122-cm-3-ans-jardin-52294\/"},"modified":"2026-05-12T01:54:25","modified_gmt":"2026-05-11T23:54:25","slug":"bestway-dinosaure-gonflable-arroseur-99x76x122-cm-3-ans-jardin-52294","status":"publish","type":"product","link":"https:\/\/tupique.com\/pt\/product\/bestway-dinosaure-gonflable-arroseur-99x76x122-cm-3-ans-jardin-52294\/","title":{"rendered":"Bestway Dinosaure Gonflable Arroseur 99x76x122 cm +3 Ans Jardin 52294"},"content":{"rendered":"<p>Les enfants m\u00e9ritent ce qu\u2019il y a de mieux, nous vous pr\u00e9sentons donc <b>Jouet Arroseur Bestway Plastique 99 x 76 x 122 cm Dinosaure<\/b>, id\u00e9al pour ceux qui cherchent des produits de qualit\u00e9 pour les plus petits ! Procurez-vous <b>Bestway<\/b> aux meilleurs prix !<\/p>\n<p>Ler <b>jouet arroseur d&#8217;eau<\/b> de Bestway est le compl\u00e9ment parfait pour les chaudes apr\u00e8s-midis d&#8217;\u00e9t\u00e9, offrant amusement et fra\u00eecheur aux plus petits. Ce <b>dinosaur gonflable<\/b> ing\u00e9nieux est con\u00e7u pour les enfants \u00e0 partir de <b>3 ans<\/b> et propose trois versions de couleurs vives : <b>noir<\/b>, <b>rouge<\/b> e <b>vert<\/b>, ce qui en fait un \u00e9l\u00e9ment attrayant pour tout jardin ou patio. Fabriqu\u00e9 en <b>plastique<\/b> r\u00e9sistant, ce jouet garantit non seulement la durabilit\u00e9, mais aussi une exp\u00e9rience s\u00fbre et amusante. Les arroseurs int\u00e9gr\u00e9s permettent de diffuser de plaisants jets d&#8217;eau, cr\u00e9ant une ambiance de jeu rafra\u00eechissante qui gardera les enfants actifs tout en am\u00e9liorant leur coordination et en profitant de l&#8217;ext\u00e9rieur. Son design inclusif et attrayant offre \u00e0 tous la possibilit\u00e9 d&#8217;explorer leur imagination tout en se faisant de nouveaux amis et en s&#8217;amusant en m\u00eame temps. Ce produit n&#8217;est pas seulement un jouet, c&#8217;est une excellente fa\u00e7on de promouvoir l&#8217;activit\u00e9 physique et le jeu en plein air. Id\u00e9al pour les anniversaires, les f\u00eates d&#8217;\u00e9t\u00e9 ou simplement pour profiter d&#8217;une journ\u00e9e ensoleill\u00e9e, le <b>arroseur d&#8217;eau dinosaur de Bestway<\/b> donnera vie \u00e0 l&#8217;amusement estival.<\/p>\n<ul>\n<li>Design: Dinosaure<\/li>\n<li>Dimensions approx.: 99 x 76 x 122 cm<\/li>\n<li>Idade recomendada:\n<ul>\n<li>+ 3 ans<\/li>\n<li>Enfant<\/li>\n<\/ul>\n<\/li>\n<li>Couleur:\n<ul>\n<li>Rouge<\/li>\n<li>Noir<\/li>\n<li>Vert<\/li>\n<\/ul>\n<\/li>\n<li>Mat\u00e9riel:\n<ul>\n<li>Plastique<\/li>\n<li>Autocollants<\/li>\n<\/ul>\n<\/li>\n<li>Caract\u00e9ristiques: Nettoyage par chiffon humide<\/li>\n<li>Utiliza\u00e7\u00e3o recomendada:\n<ul>\n<li>Plage<\/li>\n<li>Ext\u00e9rieur<\/li>\n<li>Jardin<\/li>\n<li>Camping<\/li>\n<\/ul>\n<\/li>\n<li>\u00c9lev\u00e9: 50 cm<\/li>\n<\/ul>","protected":false},"excerpt":{"rendered":"<p>Les enfants m\u00e9ritent ce qu\u2019il y a de mieux, nous vous pr\u00e9sentons donc Jouet Arroseur Bestway Plastique 99 x 76 x 122 cm Dinosaure, id\u00e9al pour ceux qui cherchent des produits de qualit\u00e9 pour les plus petits ! Procurez-vous Bestway aux meilleurs prix ! Le jouet arroseur d&#8217;eau de Bestway est le compl\u00e9ment parfait pour [&hellip;]<\/p>\n","protected":false},"featured_media":191909,"comment_status":"open","ping_status":"closed","template":"","meta":[],"product_brand":[1771],"product_cat":[2272,1769,1764],"product_tag":[57,721,211],"woo-feed-brand":[],"class_list":{"0":"post-191913","1":"product","2":"type-product","3":"status-publish","4":"has-post-thumbnail","6":"product_brand-brandp_520","7":"product_cat-piscines","8":"product_cat-plage-et-piscine","9":"product_cat-sports-loisirs","10":"product_tag-tag_1275","11":"product_tag-tag_124","12":"product_tag-tag_3","14":"first","15":"instock","16":"taxable","17":"shipping-taxable","18":"purchasable","19":"product-type-simple"},"yoast_head":"<!-- This site is optimized with the Yoast SEO plugin v27.5 - https:\/\/yoast.com\/product\/yoast-seo-wordpress\/ -->\n<title>Bestway Dinosaure Gonflable Arroseur 99x76x122 cm +3 Ans Jardin 52294 | | Tupique<\/title>\n<meta name=\"description\" content=\"Envie d&#039;acheter Bestway Dinosaure Gonflable Arroseur 99x76x122 cm +3 Ans Jardin 52294\u00a0? Achetez Bestway Dinosaure Gonflable Arroseur 99x76x122 cm +3 Ans Jardin 52294 maintenant avec Tupique en 3 versements sans int\u00e9r\u00eat.\" \/>\n<meta name=\"robots\" content=\"index, follow, max-snippet:-1, max-image-preview:large, max-video-preview:-1\" \/>\n<link rel=\"canonical\" href=\"https:\/\/tupique.com\/pt\/product\/bestway-dinosaure-gonflable-arroseur-99x76x122-cm-3-ans-jardin-52294\/\" \/>\n<meta property=\"og:locale\" content=\"pt_PT\" \/>\n<meta property=\"og:type\" content=\"article\" \/>\n<meta property=\"og:title\" content=\"Bestway Dinosaure Gonflable Arroseur 99x76x122 cm +3 Ans Jardin 52294 | | Tupique\" \/>\n<meta property=\"og:description\" content=\"Envie d&#039;acheter Bestway Dinosaure Gonflable Arroseur 99x76x122 cm +3 Ans Jardin 52294\u00a0? Achetez Bestway Dinosaure Gonflable Arroseur 99x76x122 cm +3 Ans Jardin 52294 maintenant avec Tupique en 3 versements sans int\u00e9r\u00eat.\" \/>\n<meta property=\"og:url\" content=\"https:\/\/tupique.com\/pt\/product\/bestway-dinosaure-gonflable-arroseur-99x76x122-cm-3-ans-jardin-52294\/\" \/>\n<meta property=\"og:site_name\" content=\"Tupique\" \/>\n<meta name=\"twitter:card\" content=\"summary_large_image\" \/>\n<meta name=\"twitter:label1\" content=\"Tempo estimado de leitura\" \/>\n\t<meta name=\"twitter:data1\" content=\"1 minuto\" \/>\n<script type=\"application\/ld+json\" class=\"yoast-schema-graph\">{\"@context\":\"https:\\\/\\\/schema.org\",\"@graph\":[{\"@type\":\"WebPage\",\"@id\":\"https:\\\/\\\/tupique.com\\\/product\\\/bestway-dinosaure-gonflable-arroseur-99x76x122-cm-3-ans-jardin-52294\\\/\",\"url\":\"https:\\\/\\\/tupique.com\\\/product\\\/bestway-dinosaure-gonflable-arroseur-99x76x122-cm-3-ans-jardin-52294\\\/\",\"name\":\"Bestway Dinosaure Gonflable Arroseur 99x76x122 cm +3 Ans Jardin 52294 | | Tupique\",\"isPartOf\":{\"@id\":\"https:\\\/\\\/tupique.com\\\/#website\"},\"primaryImageOfPage\":{\"@id\":\"https:\\\/\\\/tupique.com\\\/product\\\/bestway-dinosaure-gonflable-arroseur-99x76x122-cm-3-ans-jardin-52294\\\/#primaryimage\"},\"image\":{\"@id\":\"https:\\\/\\\/tupique.com\\\/product\\\/bestway-dinosaure-gonflable-arroseur-99x76x122-cm-3-ans-jardin-52294\\\/#primaryimage\"},\"thumbnailUrl\":\"https:\\\/\\\/tupique.com\\\/wp-content\\\/uploads\\\/2026\\\/05\\\/6942138968071_D1400361_P02.jpg\",\"datePublished\":\"2026-05-11T23:54:25+00:00\",\"description\":\"Envie d'acheter Bestway Dinosaure Gonflable Arroseur 99x76x122 cm +3 Ans Jardin 52294\u00a0? Achetez Bestway Dinosaure Gonflable Arroseur 99x76x122 cm +3 Ans Jardin 52294 maintenant avec Tupique en 3 versements sans int\u00e9r\u00eat.\",\"breadcrumb\":{\"@id\":\"https:\\\/\\\/tupique.com\\\/product\\\/bestway-dinosaure-gonflable-arroseur-99x76x122-cm-3-ans-jardin-52294\\\/#breadcrumb\"},\"inLanguage\":\"pt-PT\",\"potentialAction\":[{\"@type\":\"ReadAction\",\"target\":[\"https:\\\/\\\/tupique.com\\\/product\\\/bestway-dinosaure-gonflable-arroseur-99x76x122-cm-3-ans-jardin-52294\\\/\"]}]},{\"@type\":\"ImageObject\",\"inLanguage\":\"pt-PT\",\"@id\":\"https:\\\/\\\/tupique.com\\\/product\\\/bestway-dinosaure-gonflable-arroseur-99x76x122-cm-3-ans-jardin-52294\\\/#primaryimage\",\"url\":\"https:\\\/\\\/tupique.com\\\/wp-content\\\/uploads\\\/2026\\\/05\\\/6942138968071_D1400361_P02.jpg\",\"contentUrl\":\"https:\\\/\\\/tupique.com\\\/wp-content\\\/uploads\\\/2026\\\/05\\\/6942138968071_D1400361_P02.jpg\",\"width\":1200,\"height\":1200,\"caption\":\"D1400361_0\"},{\"@type\":\"BreadcrumbList\",\"@id\":\"https:\\\/\\\/tupique.com\\\/product\\\/bestway-dinosaure-gonflable-arroseur-99x76x122-cm-3-ans-jardin-52294\\\/#breadcrumb\",\"itemListElement\":[{\"@type\":\"ListItem\",\"position\":1,\"name\":\"commencer\",\"item\":\"https:\\\/\\\/tupique.com\\\/\"},{\"@type\":\"ListItem\",\"position\":2,\"name\":\"Loja\",\"item\":\"https:\\\/\\\/tupique.com\\\/loja\\\/\"},{\"@type\":\"ListItem\",\"position\":3,\"name\":\"Bestway Dinosaure Gonflable Arroseur 99x76x122 cm +3 Ans Jardin 52294\"}]},{\"@type\":\"WebSite\",\"@id\":\"https:\\\/\\\/tupique.com\\\/#website\",\"url\":\"https:\\\/\\\/tupique.com\\\/\",\"name\":\"Tupique\",\"description\":\"\",\"publisher\":{\"@id\":\"https:\\\/\\\/tupique.com\\\/#organization\"},\"potentialAction\":[{\"@type\":\"SearchAction\",\"target\":{\"@type\":\"EntryPoint\",\"urlTemplate\":\"https:\\\/\\\/tupique.com\\\/?s={search_term_string}\"},\"query-input\":{\"@type\":\"PropertyValueSpecification\",\"valueRequired\":true,\"valueName\":\"search_term_string\"}}],\"inLanguage\":\"pt-PT\"},{\"@type\":\"Organization\",\"@id\":\"https:\\\/\\\/tupique.com\\\/#organization\",\"name\":\"Tupique\",\"url\":\"https:\\\/\\\/tupique.com\\\/\",\"logo\":{\"@type\":\"ImageObject\",\"inLanguage\":\"pt-PT\",\"@id\":\"https:\\\/\\\/tupique.com\\\/#\\\/schema\\\/logo\\\/image\\\/\",\"url\":\"https:\\\/\\\/tupique.com\\\/wp-content\\\/uploads\\\/2026\\\/03\\\/logo-tupique-1.webp\",\"contentUrl\":\"https:\\\/\\\/tupique.com\\\/wp-content\\\/uploads\\\/2026\\\/03\\\/logo-tupique-1.webp\",\"width\":500,\"height\":67,\"caption\":\"Tupique\"},\"image\":{\"@id\":\"https:\\\/\\\/tupique.com\\\/#\\\/schema\\\/logo\\\/image\\\/\"}}]}<\/script>\n<!-- \/ Yoast SEO plugin. -->","yoast_head_json":{"title":"Bestway Dinosaure Gonflable Arroseur 99x76x122 cm +3 Ans Jardin 52294 | | Tupique","description":"Envie d'acheter Bestway Dinosaure Gonflable Arroseur 99x76x122 cm +3 Ans Jardin 52294\u00a0? Achetez Bestway Dinosaure Gonflable Arroseur 99x76x122 cm +3 Ans Jardin 52294 maintenant avec Tupique en 3 versements sans int\u00e9r\u00eat.","robots":{"index":"index","follow":"follow","max-snippet":"max-snippet:-1","max-image-preview":"max-image-preview:large","max-video-preview":"max-video-preview:-1"},"canonical":"https:\/\/tupique.com\/pt\/product\/bestway-dinosaure-gonflable-arroseur-99x76x122-cm-3-ans-jardin-52294\/","og_locale":"pt_PT","og_type":"article","og_title":"Bestway Dinosaure Gonflable Arroseur 99x76x122 cm +3 Ans Jardin 52294 | | Tupique","og_description":"Envie d'acheter Bestway Dinosaure Gonflable Arroseur 99x76x122 cm +3 Ans Jardin 52294\u00a0? Achetez Bestway Dinosaure Gonflable Arroseur 99x76x122 cm +3 Ans Jardin 52294 maintenant avec Tupique en 3 versements sans int\u00e9r\u00eat.","og_url":"https:\/\/tupique.com\/pt\/product\/bestway-dinosaure-gonflable-arroseur-99x76x122-cm-3-ans-jardin-52294\/","og_site_name":"Tupique","twitter_card":"summary_large_image","twitter_misc":{"Tempo estimado de leitura":"1 minuto"},"schema":{"@context":"https:\/\/schema.org","@graph":[{"@type":"WebPage","@id":"https:\/\/tupique.com\/product\/bestway-dinosaure-gonflable-arroseur-99x76x122-cm-3-ans-jardin-52294\/","url":"https:\/\/tupique.com\/product\/bestway-dinosaure-gonflable-arroseur-99x76x122-cm-3-ans-jardin-52294\/","name":"Bestway Dinosaure Gonflable Arroseur 99x76x122 cm +3 Ans Jardin 52294 | | Tupique","isPartOf":{"@id":"https:\/\/tupique.com\/#website"},"primaryImageOfPage":{"@id":"https:\/\/tupique.com\/product\/bestway-dinosaure-gonflable-arroseur-99x76x122-cm-3-ans-jardin-52294\/#primaryimage"},"image":{"@id":"https:\/\/tupique.com\/product\/bestway-dinosaure-gonflable-arroseur-99x76x122-cm-3-ans-jardin-52294\/#primaryimage"},"thumbnailUrl":"https:\/\/tupique.com\/wp-content\/uploads\/2026\/05\/6942138968071_D1400361_P02.jpg","datePublished":"2026-05-11T23:54:25+00:00","description":"Envie d'acheter Bestway Dinosaure Gonflable Arroseur 99x76x122 cm +3 Ans Jardin 52294\u00a0? Achetez Bestway Dinosaure Gonflable Arroseur 99x76x122 cm +3 Ans Jardin 52294 maintenant avec Tupique en 3 versements sans int\u00e9r\u00eat.","breadcrumb":{"@id":"https:\/\/tupique.com\/product\/bestway-dinosaure-gonflable-arroseur-99x76x122-cm-3-ans-jardin-52294\/#breadcrumb"},"inLanguage":"pt-PT","potentialAction":[{"@type":"ReadAction","target":["https:\/\/tupique.com\/product\/bestway-dinosaure-gonflable-arroseur-99x76x122-cm-3-ans-jardin-52294\/"]}]},{"@type":"ImageObject","inLanguage":"pt-PT","@id":"https:\/\/tupique.com\/product\/bestway-dinosaure-gonflable-arroseur-99x76x122-cm-3-ans-jardin-52294\/#primaryimage","url":"https:\/\/tupique.com\/wp-content\/uploads\/2026\/05\/6942138968071_D1400361_P02.jpg","contentUrl":"https:\/\/tupique.com\/wp-content\/uploads\/2026\/05\/6942138968071_D1400361_P02.jpg","width":1200,"height":1200,"caption":"D1400361_0"},{"@type":"BreadcrumbList","@id":"https:\/\/tupique.com\/product\/bestway-dinosaure-gonflable-arroseur-99x76x122-cm-3-ans-jardin-52294\/#breadcrumb","itemListElement":[{"@type":"ListItem","position":1,"name":"commencer","item":"https:\/\/tupique.com\/"},{"@type":"ListItem","position":2,"name":"Loja","item":"https:\/\/tupique.com\/loja\/"},{"@type":"ListItem","position":3,"name":"Bestway Dinosaure Gonflable Arroseur 99x76x122 cm +3 Ans Jardin 52294"}]},{"@type":"WebSite","@id":"https:\/\/tupique.com\/#website","url":"https:\/\/tupique.com\/","name":"Tupique","description":"","publisher":{"@id":"https:\/\/tupique.com\/#organization"},"potentialAction":[{"@type":"SearchAction","target":{"@type":"EntryPoint","urlTemplate":"https:\/\/tupique.com\/?s={search_term_string}"},"query-input":{"@type":"PropertyValueSpecification","valueRequired":true,"valueName":"search_term_string"}}],"inLanguage":"pt-PT"},{"@type":"Organization","@id":"https:\/\/tupique.com\/#organization","name":"Tupique","url":"https:\/\/tupique.com\/","logo":{"@type":"ImageObject","inLanguage":"pt-PT","@id":"https:\/\/tupique.com\/#\/schema\/logo\/image\/","url":"https:\/\/tupique.com\/wp-content\/uploads\/2026\/03\/logo-tupique-1.webp","contentUrl":"https:\/\/tupique.com\/wp-content\/uploads\/2026\/03\/logo-tupique-1.webp","width":500,"height":67,"caption":"Tupique"},"image":{"@id":"https:\/\/tupique.com\/#\/schema\/logo\/image\/"}}]}},"_links":{"self":[{"href":"https:\/\/tupique.com\/pt\/wp-json\/wp\/v2\/product\/191913","targetHints":{"allow":["GET"]}}],"collection":[{"href":"https:\/\/tupique.com\/pt\/wp-json\/wp\/v2\/product"}],"about":[{"href":"https:\/\/tupique.com\/pt\/wp-json\/wp\/v2\/types\/product"}],"replies":[{"embeddable":true,"href":"https:\/\/tupique.com\/pt\/wp-json\/wp\/v2\/comments?post=191913"}],"wp:featuredmedia":[{"embeddable":true,"href":"https:\/\/tupique.com\/pt\/wp-json\/wp\/v2\/media\/191909"}],"wp:attachment":[{"href":"https:\/\/tupique.com\/pt\/wp-json\/wp\/v2\/media?parent=191913"}],"wp:term":[{"taxonomy":"product_brand","embeddable":true,"href":"https:\/\/tupique.com\/pt\/wp-json\/wp\/v2\/product_brand?post=191913"},{"taxonomy":"product_cat","embeddable":true,"href":"https:\/\/tupique.com\/pt\/wp-json\/wp\/v2\/product_cat?post=191913"},{"taxonomy":"product_tag","embeddable":true,"href":"https:\/\/tupique.com\/pt\/wp-json\/wp\/v2\/product_tag?post=191913"},{"taxonomy":"woo-feed-brand","embeddable":true,"href":"https:\/\/tupique.com\/pt\/wp-json\/wp\/v2\/woo-feed-brand?post=191913"}],"curies":[{"name":"wp","href":"https:\/\/api.w.org\/{rel}","templated":true}]}}