{"id":192441,"date":"2026-05-12T02:27:31","date_gmt":"2026-05-12T00:27:31","guid":{"rendered":"https:\/\/tupique.com\/product\/bestway-piscine-gonflable-adulte-anneau-avec-purificateur-305x66-cm-jardin-57458\/"},"modified":"2026-05-12T02:37:04","modified_gmt":"2026-05-12T00:37:04","slug":"bestway-piscine-gonflable-adulte-anneau-avec-purificateur-305x66-cm-jardin-57458","status":"publish","type":"product","link":"https:\/\/tupique.com\/pt\/product\/bestway-piscine-gonflable-adulte-anneau-avec-purificateur-305x66-cm-jardin-57458\/","title":{"rendered":"Bestway Piscine Gonflable Adulte Anneau avec Purificateur 305&#215;66 cm Jardin 57458"},"content":{"rendered":"<p>L&#8217;amusement est assur\u00e9 pour l&#8217;\u00e9t\u00e9, avec ces propositions qui plairont aux petits et aux grands ! Achetez <b>Piscine gonflable Bestway Bleu 3200 L 305 x 66 cm<\/b> et profitez de votre temps libre !<\/p>\n<ul>\n<li>Dimensions approx.: 305 x 66 cm<\/li>\n<li>Inclut: \u00c9purateur de Piscine<\/li>\n<li>Tipo:\n<ul>\n<li>Piscine gonflable<\/li>\n<li>Type I<\/li>\n<\/ul>\n<\/li>\n<li>Couleur: Bleu<\/li>\n<li>Mat\u00e9riel: Plastique<\/li>\n<li>Caracter\u00edsticas:\n<ul>\n<li>Ext\u00e9rieur<\/li>\n<li>Nettoyage par chiffon humide<\/li>\n<\/ul>\n<\/li>\n<li>Utiliza\u00e7\u00e3o recomendada:\n<ul>\n<li>Plage<\/li>\n<li>Jardin<\/li>\n<li>Camping<\/li>\n<\/ul>\n<\/li>\n<li>Capacit\u00e9: 3200 L<\/li>\n<li>Langue: Anglais<\/li>\n<li>Forme: Rond<\/li>\n<\/ul>","protected":false},"excerpt":{"rendered":"<p><span class=\"unit-info\">0.0475 &euro; \/ 1 l<\/span><\/p>","protected":false},"featured_media":192430,"comment_status":"open","ping_status":"closed","template":"","meta":[],"product_brand":[1771],"product_cat":[2272,1769,1764],"product_tag":[2247,721,210],"woo-feed-brand":[],"class_list":{"0":"post-192441","1":"product","2":"type-product","3":"status-publish","4":"has-post-thumbnail","6":"product_brand-brandp_520","7":"product_cat-piscines","8":"product_cat-plage-et-piscine","9":"product_cat-sports-loisirs","10":"product_tag-tag_32","11":"product_tag-tag_124","12":"product_tag-tag_25","14":"first","15":"instock","16":"taxable","17":"shipping-taxable","18":"purchasable","19":"product-type-simple"},"yoast_head":"<!-- This site is optimized with the Yoast SEO plugin v27.6 - https:\/\/yoast.com\/product\/yoast-seo-wordpress\/ -->\n<title>Bestway Piscine Gonflable Adulte Anneau avec Purificateur 305x66 cm Jardin 57458 | | Tupique<\/title>\n<meta name=\"description\" content=\"Envie d&#039;acheter Bestway Piscine Gonflable Adulte Anneau avec Purificateur 305x66 cm Jardin 57458\u00a0? Achetez Bestway Piscine Gonflable Adulte Anneau avec Purificateur 305x66 cm Jardin 57458 maintenant avec Tupique en 3 versements sans int\u00e9r\u00eat.\" \/>\n<meta name=\"robots\" content=\"index, follow, max-snippet:-1, max-image-preview:large, max-video-preview:-1\" \/>\n<link rel=\"canonical\" href=\"https:\/\/tupique.com\/pt\/product\/bestway-piscine-gonflable-adulte-anneau-avec-purificateur-305x66-cm-jardin-57458\/\" \/>\n<meta property=\"og:locale\" content=\"pt_PT\" \/>\n<meta property=\"og:type\" content=\"article\" \/>\n<meta property=\"og:title\" content=\"Bestway Piscine Gonflable Adulte Anneau avec Purificateur 305x66 cm Jardin 57458 | | Tupique\" \/>\n<meta property=\"og:description\" content=\"Envie d&#039;acheter Bestway Piscine Gonflable Adulte Anneau avec Purificateur 305x66 cm Jardin 57458\u00a0? Achetez Bestway Piscine Gonflable Adulte Anneau avec Purificateur 305x66 cm Jardin 57458 maintenant avec Tupique en 3 versements sans int\u00e9r\u00eat.\" \/>\n<meta property=\"og:url\" content=\"https:\/\/tupique.com\/pt\/product\/bestway-piscine-gonflable-adulte-anneau-avec-purificateur-305x66-cm-jardin-57458\/\" \/>\n<meta property=\"og:site_name\" content=\"Tupique\" \/>\n<meta property=\"article:modified_time\" content=\"2026-05-12T00:37:04+00:00\" \/>\n<meta property=\"og:image\" content=\"https:\/\/tupique.com\/wp-content\/uploads\/2026\/05\/6941607310137_D1400462_P01.jpg\" \/>\n\t<meta property=\"og:image:width\" content=\"1200\" \/>\n\t<meta property=\"og:image:height\" content=\"1200\" \/>\n\t<meta property=\"og:image:type\" content=\"image\/jpeg\" \/>\n<meta name=\"twitter:card\" content=\"summary_large_image\" \/>\n<script type=\"application\/ld+json\" class=\"yoast-schema-graph\">{\"@context\":\"https:\\\/\\\/schema.org\",\"@graph\":[{\"@type\":\"WebPage\",\"@id\":\"https:\\\/\\\/tupique.com\\\/product\\\/bestway-piscine-gonflable-adulte-anneau-avec-purificateur-305x66-cm-jardin-57458\\\/\",\"url\":\"https:\\\/\\\/tupique.com\\\/product\\\/bestway-piscine-gonflable-adulte-anneau-avec-purificateur-305x66-cm-jardin-57458\\\/\",\"name\":\"Bestway Piscine Gonflable Adulte Anneau avec Purificateur 305x66 cm Jardin 57458 | | Tupique\",\"isPartOf\":{\"@id\":\"https:\\\/\\\/tupique.com\\\/#website\"},\"primaryImageOfPage\":{\"@id\":\"https:\\\/\\\/tupique.com\\\/product\\\/bestway-piscine-gonflable-adulte-anneau-avec-purificateur-305x66-cm-jardin-57458\\\/#primaryimage\"},\"image\":{\"@id\":\"https:\\\/\\\/tupique.com\\\/product\\\/bestway-piscine-gonflable-adulte-anneau-avec-purificateur-305x66-cm-jardin-57458\\\/#primaryimage\"},\"thumbnailUrl\":\"https:\\\/\\\/tupique.com\\\/wp-content\\\/uploads\\\/2026\\\/05\\\/6941607310137_D1400462_P01.jpg\",\"datePublished\":\"2026-05-12T00:27:31+00:00\",\"dateModified\":\"2026-05-12T00:37:04+00:00\",\"description\":\"Envie d'acheter Bestway Piscine Gonflable Adulte Anneau avec Purificateur 305x66 cm Jardin 57458\u00a0? Achetez Bestway Piscine Gonflable Adulte Anneau avec Purificateur 305x66 cm Jardin 57458 maintenant avec Tupique en 3 versements sans int\u00e9r\u00eat.\",\"breadcrumb\":{\"@id\":\"https:\\\/\\\/tupique.com\\\/product\\\/bestway-piscine-gonflable-adulte-anneau-avec-purificateur-305x66-cm-jardin-57458\\\/#breadcrumb\"},\"inLanguage\":\"pt-PT\",\"potentialAction\":[{\"@type\":\"ReadAction\",\"target\":[\"https:\\\/\\\/tupique.com\\\/product\\\/bestway-piscine-gonflable-adulte-anneau-avec-purificateur-305x66-cm-jardin-57458\\\/\"]}]},{\"@type\":\"ImageObject\",\"inLanguage\":\"pt-PT\",\"@id\":\"https:\\\/\\\/tupique.com\\\/product\\\/bestway-piscine-gonflable-adulte-anneau-avec-purificateur-305x66-cm-jardin-57458\\\/#primaryimage\",\"url\":\"https:\\\/\\\/tupique.com\\\/wp-content\\\/uploads\\\/2026\\\/05\\\/6941607310137_D1400462_P01.jpg\",\"contentUrl\":\"https:\\\/\\\/tupique.com\\\/wp-content\\\/uploads\\\/2026\\\/05\\\/6941607310137_D1400462_P01.jpg\",\"width\":1200,\"height\":1200,\"caption\":\"D1400462_0\"},{\"@type\":\"BreadcrumbList\",\"@id\":\"https:\\\/\\\/tupique.com\\\/product\\\/bestway-piscine-gonflable-adulte-anneau-avec-purificateur-305x66-cm-jardin-57458\\\/#breadcrumb\",\"itemListElement\":[{\"@type\":\"ListItem\",\"position\":1,\"name\":\"commencer\",\"item\":\"https:\\\/\\\/tupique.com\\\/\"},{\"@type\":\"ListItem\",\"position\":2,\"name\":\"Loja\",\"item\":\"https:\\\/\\\/tupique.com\\\/pt\\\/loja\\\/\"},{\"@type\":\"ListItem\",\"position\":3,\"name\":\"Bestway Piscine Gonflable Adulte Anneau avec Purificateur 305&#215;66 cm Jardin 57458\"}]},{\"@type\":\"WebSite\",\"@id\":\"https:\\\/\\\/tupique.com\\\/#website\",\"url\":\"https:\\\/\\\/tupique.com\\\/\",\"name\":\"Tupique\",\"description\":\"\",\"publisher\":{\"@id\":\"https:\\\/\\\/tupique.com\\\/#organization\"},\"potentialAction\":[{\"@type\":\"SearchAction\",\"target\":{\"@type\":\"EntryPoint\",\"urlTemplate\":\"https:\\\/\\\/tupique.com\\\/?s={search_term_string}\"},\"query-input\":{\"@type\":\"PropertyValueSpecification\",\"valueRequired\":true,\"valueName\":\"search_term_string\"}}],\"inLanguage\":\"pt-PT\"},{\"@type\":\"Organization\",\"@id\":\"https:\\\/\\\/tupique.com\\\/#organization\",\"name\":\"Tupique\",\"url\":\"https:\\\/\\\/tupique.com\\\/\",\"logo\":{\"@type\":\"ImageObject\",\"inLanguage\":\"pt-PT\",\"@id\":\"https:\\\/\\\/tupique.com\\\/#\\\/schema\\\/logo\\\/image\\\/\",\"url\":\"https:\\\/\\\/tupique.com\\\/wp-content\\\/uploads\\\/2026\\\/03\\\/logo-tupique-1.webp\",\"contentUrl\":\"https:\\\/\\\/tupique.com\\\/wp-content\\\/uploads\\\/2026\\\/03\\\/logo-tupique-1.webp\",\"width\":500,\"height\":67,\"caption\":\"Tupique\"},\"image\":{\"@id\":\"https:\\\/\\\/tupique.com\\\/#\\\/schema\\\/logo\\\/image\\\/\"}}]}<\/script>\n<!-- \/ Yoast SEO plugin. -->","yoast_head_json":{"title":"Bestway Piscine Gonflable Adulte Anneau avec Purificateur 305x66 cm Jardin 57458 | | Tupique","description":"Envie d'acheter Bestway Piscine Gonflable Adulte Anneau avec Purificateur 305x66 cm Jardin 57458\u00a0? Achetez Bestway Piscine Gonflable Adulte Anneau avec Purificateur 305x66 cm Jardin 57458 maintenant avec Tupique en 3 versements sans int\u00e9r\u00eat.","robots":{"index":"index","follow":"follow","max-snippet":"max-snippet:-1","max-image-preview":"max-image-preview:large","max-video-preview":"max-video-preview:-1"},"canonical":"https:\/\/tupique.com\/pt\/product\/bestway-piscine-gonflable-adulte-anneau-avec-purificateur-305x66-cm-jardin-57458\/","og_locale":"pt_PT","og_type":"article","og_title":"Bestway Piscine Gonflable Adulte Anneau avec Purificateur 305x66 cm Jardin 57458 | | Tupique","og_description":"Envie d'acheter Bestway Piscine Gonflable Adulte Anneau avec Purificateur 305x66 cm Jardin 57458\u00a0? Achetez Bestway Piscine Gonflable Adulte Anneau avec Purificateur 305x66 cm Jardin 57458 maintenant avec Tupique en 3 versements sans int\u00e9r\u00eat.","og_url":"https:\/\/tupique.com\/pt\/product\/bestway-piscine-gonflable-adulte-anneau-avec-purificateur-305x66-cm-jardin-57458\/","og_site_name":"Tupique","article_modified_time":"2026-05-12T00:37:04+00:00","og_image":[{"width":1200,"height":1200,"url":"https:\/\/tupique.com\/wp-content\/uploads\/2026\/05\/6941607310137_D1400462_P01.jpg","type":"image\/jpeg"}],"twitter_card":"summary_large_image","schema":{"@context":"https:\/\/schema.org","@graph":[{"@type":"WebPage","@id":"https:\/\/tupique.com\/product\/bestway-piscine-gonflable-adulte-anneau-avec-purificateur-305x66-cm-jardin-57458\/","url":"https:\/\/tupique.com\/product\/bestway-piscine-gonflable-adulte-anneau-avec-purificateur-305x66-cm-jardin-57458\/","name":"Bestway Piscine Gonflable Adulte Anneau avec Purificateur 305x66 cm Jardin 57458 | | Tupique","isPartOf":{"@id":"https:\/\/tupique.com\/#website"},"primaryImageOfPage":{"@id":"https:\/\/tupique.com\/product\/bestway-piscine-gonflable-adulte-anneau-avec-purificateur-305x66-cm-jardin-57458\/#primaryimage"},"image":{"@id":"https:\/\/tupique.com\/product\/bestway-piscine-gonflable-adulte-anneau-avec-purificateur-305x66-cm-jardin-57458\/#primaryimage"},"thumbnailUrl":"https:\/\/tupique.com\/wp-content\/uploads\/2026\/05\/6941607310137_D1400462_P01.jpg","datePublished":"2026-05-12T00:27:31+00:00","dateModified":"2026-05-12T00:37:04+00:00","description":"Envie d'acheter Bestway Piscine Gonflable Adulte Anneau avec Purificateur 305x66 cm Jardin 57458\u00a0? Achetez Bestway Piscine Gonflable Adulte Anneau avec Purificateur 305x66 cm Jardin 57458 maintenant avec Tupique en 3 versements sans int\u00e9r\u00eat.","breadcrumb":{"@id":"https:\/\/tupique.com\/product\/bestway-piscine-gonflable-adulte-anneau-avec-purificateur-305x66-cm-jardin-57458\/#breadcrumb"},"inLanguage":"pt-PT","potentialAction":[{"@type":"ReadAction","target":["https:\/\/tupique.com\/product\/bestway-piscine-gonflable-adulte-anneau-avec-purificateur-305x66-cm-jardin-57458\/"]}]},{"@type":"ImageObject","inLanguage":"pt-PT","@id":"https:\/\/tupique.com\/product\/bestway-piscine-gonflable-adulte-anneau-avec-purificateur-305x66-cm-jardin-57458\/#primaryimage","url":"https:\/\/tupique.com\/wp-content\/uploads\/2026\/05\/6941607310137_D1400462_P01.jpg","contentUrl":"https:\/\/tupique.com\/wp-content\/uploads\/2026\/05\/6941607310137_D1400462_P01.jpg","width":1200,"height":1200,"caption":"D1400462_0"},{"@type":"BreadcrumbList","@id":"https:\/\/tupique.com\/product\/bestway-piscine-gonflable-adulte-anneau-avec-purificateur-305x66-cm-jardin-57458\/#breadcrumb","itemListElement":[{"@type":"ListItem","position":1,"name":"commencer","item":"https:\/\/tupique.com\/"},{"@type":"ListItem","position":2,"name":"Loja","item":"https:\/\/tupique.com\/pt\/loja\/"},{"@type":"ListItem","position":3,"name":"Bestway Piscine Gonflable Adulte Anneau avec Purificateur 305&#215;66 cm Jardin 57458"}]},{"@type":"WebSite","@id":"https:\/\/tupique.com\/#website","url":"https:\/\/tupique.com\/","name":"Tupique","description":"","publisher":{"@id":"https:\/\/tupique.com\/#organization"},"potentialAction":[{"@type":"SearchAction","target":{"@type":"EntryPoint","urlTemplate":"https:\/\/tupique.com\/?s={search_term_string}"},"query-input":{"@type":"PropertyValueSpecification","valueRequired":true,"valueName":"search_term_string"}}],"inLanguage":"pt-PT"},{"@type":"Organization","@id":"https:\/\/tupique.com\/#organization","name":"Tupique","url":"https:\/\/tupique.com\/","logo":{"@type":"ImageObject","inLanguage":"pt-PT","@id":"https:\/\/tupique.com\/#\/schema\/logo\/image\/","url":"https:\/\/tupique.com\/wp-content\/uploads\/2026\/03\/logo-tupique-1.webp","contentUrl":"https:\/\/tupique.com\/wp-content\/uploads\/2026\/03\/logo-tupique-1.webp","width":500,"height":67,"caption":"Tupique"},"image":{"@id":"https:\/\/tupique.com\/#\/schema\/logo\/image\/"}}]}},"_links":{"self":[{"href":"https:\/\/tupique.com\/pt\/wp-json\/wp\/v2\/product\/192441","targetHints":{"allow":["GET"]}}],"collection":[{"href":"https:\/\/tupique.com\/pt\/wp-json\/wp\/v2\/product"}],"about":[{"href":"https:\/\/tupique.com\/pt\/wp-json\/wp\/v2\/types\/product"}],"replies":[{"embeddable":true,"href":"https:\/\/tupique.com\/pt\/wp-json\/wp\/v2\/comments?post=192441"}],"wp:featuredmedia":[{"embeddable":true,"href":"https:\/\/tupique.com\/pt\/wp-json\/wp\/v2\/media\/192430"}],"wp:attachment":[{"href":"https:\/\/tupique.com\/pt\/wp-json\/wp\/v2\/media?parent=192441"}],"wp:term":[{"taxonomy":"product_brand","embeddable":true,"href":"https:\/\/tupique.com\/pt\/wp-json\/wp\/v2\/product_brand?post=192441"},{"taxonomy":"product_cat","embeddable":true,"href":"https:\/\/tupique.com\/pt\/wp-json\/wp\/v2\/product_cat?post=192441"},{"taxonomy":"product_tag","embeddable":true,"href":"https:\/\/tupique.com\/pt\/wp-json\/wp\/v2\/product_tag?post=192441"},{"taxonomy":"woo-feed-brand","embeddable":true,"href":"https:\/\/tupique.com\/pt\/wp-json\/wp\/v2\/woo-feed-brand?post=192441"}],"curies":[{"name":"wp","href":"https:\/\/api.w.org\/{rel}","templated":true}]}}