{"id":192826,"date":"2026-05-12T02:50:25","date_gmt":"2026-05-12T00:50:25","guid":{"rendered":"https:\/\/tupique.com\/product\/bestway-echelle-de-piscine-84-cm-jardin-58430\/"},"modified":"2026-05-12T02:50:25","modified_gmt":"2026-05-12T00:50:25","slug":"bestway-echelle-de-piscine-84-cm-jardin-58430","status":"publish","type":"product","link":"https:\/\/tupique.com\/pt\/product\/bestway-echelle-de-piscine-84-cm-jardin-58430\/","title":{"rendered":"Bestway \u00c9chelle de Piscine 84 cm Jardin 58430"},"content":{"rendered":"<p>L&#8217;amusement est assur\u00e9 pour l&#8217;\u00e9t\u00e9, avec ces propositions qui plairont aux petits et aux grands ! Achetez <b>Escalier pour piscine Bestway 84 cm<\/b> et profitez de votre temps libre !<\/p>\n<p>A <b>\u00e9chelle de piscine Bestway<\/b> est une solution id\u00e9ale pour ceux qui recherchent un acc\u00e8s facile et s\u00e9curis\u00e9 \u00e0 la piscine. Fabriqu\u00e9e en <b>gris et argent<\/b>, cette \u00e9chelle pr\u00e9sente un design moderne qui s&#8217;adapte \u00e0 diverses d\u00e9corations ext\u00e9rieures. Sa construction robuste et de haute qualit\u00e9 garantit une durabilit\u00e9 exceptionnelle, \u00e9tant parfaite pour un <b>usage ext\u00e9rieur<\/b>, r\u00e9sistant aux conditions climatiques et aux exigences d&#8217;une utilisation fr\u00e9quente. L&#8217;\u00e9chelle est facile \u00e0 nettoyer, car elle permet de maintenir son apparence avec un simple <b>chiffon humide<\/b>, ce qui en fait une option pratique pour l&#8217;entretien quotidien. Fabriqu\u00e9e en <b>Chine<\/b>, cette \u00e9chelle offre non seulement fonctionnalit\u00e9 et esth\u00e9tique, mais assure \u00e9galement un acc\u00e8s s\u00e9curis\u00e9 et simple \u00e0 votre piscine, favorisant des moments de plaisir et de d\u00e9tente dans l&#8217;eau. Id\u00e9ale pour ceux qui appr\u00e9cient la qualit\u00e9 et le design dans leurs accessoires de piscine, l&#8217;\u00e9chelle Bestway est un investissement qui am\u00e9liore l&#8217;exp\u00e9rience de profiter de l&#8217;\u00e9t\u00e9.<\/p>\n<ul>\n<li>Type: Escalier pour piscine<\/li>\n<li>Couleur:\n<ul>\n<li>Gris<\/li>\n<li>Argent\u00e9<\/li>\n<\/ul>\n<\/li>\n<li>Mati\u00e8re: Plastique<\/li>\n<li>Largeur: 84 cm<\/li>\n<li>Caracter\u00edsticas:\n<ul>\n<li>Utilisation en ext\u00e9rieur<\/li>\n<li>Nettoyage par chiffon humide<\/li>\n<li>Facile \u00e0 nettoyer<\/li>\n<li>Facilit\u00e9 d&#8217;utilisation<\/li>\n<\/ul>\n<\/li>\n<li>Poids approx.: 5,1 Kg<\/li>\n<li>Poids Max. support\u00e9: 150 kg<\/li>\n<\/ul>","protected":false},"excerpt":{"rendered":"<p>L&#8217;amusement est assur\u00e9 pour l&#8217;\u00e9t\u00e9, avec ces propositions qui plairont aux petits et aux grands ! Achetez Escalier pour piscine Bestway 84 cm et profitez de votre temps libre ! La \u00e9chelle de piscine Bestway est une solution id\u00e9ale pour ceux qui recherchent un acc\u00e8s facile et s\u00e9curis\u00e9 \u00e0 la piscine. Fabriqu\u00e9e en gris et [&hellip;]<\/p>\n","protected":false},"featured_media":192803,"comment_status":"open","ping_status":"closed","template":"","meta":[],"product_brand":[1771],"product_cat":[2272,1769,1764],"product_tag":[721,210],"woo-feed-brand":[],"class_list":{"0":"post-192826","1":"product","2":"type-product","3":"status-publish","4":"has-post-thumbnail","6":"product_brand-brandp_520","7":"product_cat-piscines","8":"product_cat-plage-et-piscine","9":"product_cat-sports-loisirs","10":"product_tag-tag_124","11":"product_tag-tag_25","13":"first","14":"instock","15":"taxable","16":"shipping-taxable","17":"purchasable","18":"product-type-simple"},"yoast_head":"<!-- This site is optimized with the Yoast SEO plugin v27.6 - https:\/\/yoast.com\/product\/yoast-seo-wordpress\/ -->\n<title>Bestway \u00c9chelle de Piscine 84 cm Jardin 58430 | | Tupique<\/title>\n<meta name=\"description\" content=\"Envie d&#039;acheter Bestway \u00c9chelle de Piscine 84 cm Jardin 58430\u00a0? Achetez Bestway \u00c9chelle de Piscine 84 cm Jardin 58430 maintenant avec Tupique en 3 versements sans int\u00e9r\u00eat.\" \/>\n<meta name=\"robots\" content=\"index, follow, max-snippet:-1, max-image-preview:large, max-video-preview:-1\" \/>\n<link rel=\"canonical\" href=\"https:\/\/tupique.com\/pt\/product\/bestway-echelle-de-piscine-84-cm-jardin-58430\/\" \/>\n<meta property=\"og:locale\" content=\"pt_PT\" \/>\n<meta property=\"og:type\" content=\"article\" \/>\n<meta property=\"og:title\" content=\"Bestway \u00c9chelle de Piscine 84 cm Jardin 58430 | | Tupique\" \/>\n<meta property=\"og:description\" content=\"Envie d&#039;acheter Bestway \u00c9chelle de Piscine 84 cm Jardin 58430\u00a0? Achetez Bestway \u00c9chelle de Piscine 84 cm Jardin 58430 maintenant avec Tupique en 3 versements sans int\u00e9r\u00eat.\" \/>\n<meta property=\"og:url\" content=\"https:\/\/tupique.com\/pt\/product\/bestway-echelle-de-piscine-84-cm-jardin-58430\/\" \/>\n<meta property=\"og:site_name\" content=\"Tupique\" \/>\n<meta property=\"og:image\" content=\"https:\/\/tupique.com\/wp-content\/uploads\/2026\/05\/6941607354131_D1400501_P01.jpg\" \/>\n\t<meta property=\"og:image:width\" content=\"1200\" \/>\n\t<meta property=\"og:image:height\" content=\"1200\" \/>\n\t<meta property=\"og:image:type\" content=\"image\/jpeg\" \/>\n<meta name=\"twitter:card\" content=\"summary_large_image\" \/>\n<meta name=\"twitter:label1\" content=\"Tempo estimado de leitura\" \/>\n\t<meta name=\"twitter:data1\" content=\"1 minuto\" \/>\n<script type=\"application\/ld+json\" class=\"yoast-schema-graph\">{\"@context\":\"https:\\\/\\\/schema.org\",\"@graph\":[{\"@type\":\"WebPage\",\"@id\":\"https:\\\/\\\/tupique.com\\\/pt\\\/product\\\/bestway-echelle-de-piscine-84-cm-jardin-58430\\\/\",\"url\":\"https:\\\/\\\/tupique.com\\\/pt\\\/product\\\/bestway-echelle-de-piscine-84-cm-jardin-58430\\\/\",\"name\":\"Bestway \u00c9chelle de Piscine 84 cm Jardin 58430 | | Tupique\",\"isPartOf\":{\"@id\":\"https:\\\/\\\/tupique.com\\\/#website\"},\"primaryImageOfPage\":{\"@id\":\"https:\\\/\\\/tupique.com\\\/pt\\\/product\\\/bestway-echelle-de-piscine-84-cm-jardin-58430\\\/#primaryimage\"},\"image\":{\"@id\":\"https:\\\/\\\/tupique.com\\\/pt\\\/product\\\/bestway-echelle-de-piscine-84-cm-jardin-58430\\\/#primaryimage\"},\"thumbnailUrl\":\"https:\\\/\\\/tupique.com\\\/wp-content\\\/uploads\\\/2026\\\/05\\\/6941607354131_D1400501_P01.jpg\",\"datePublished\":\"2026-05-12T00:50:25+00:00\",\"description\":\"Envie d'acheter Bestway \u00c9chelle de Piscine 84 cm Jardin 58430\u00a0? Achetez Bestway \u00c9chelle de Piscine 84 cm Jardin 58430 maintenant avec Tupique en 3 versements sans int\u00e9r\u00eat.\",\"breadcrumb\":{\"@id\":\"https:\\\/\\\/tupique.com\\\/pt\\\/product\\\/bestway-echelle-de-piscine-84-cm-jardin-58430\\\/#breadcrumb\"},\"inLanguage\":\"pt-PT\",\"potentialAction\":[{\"@type\":\"ReadAction\",\"target\":[\"https:\\\/\\\/tupique.com\\\/pt\\\/product\\\/bestway-echelle-de-piscine-84-cm-jardin-58430\\\/\"]}]},{\"@type\":\"ImageObject\",\"inLanguage\":\"pt-PT\",\"@id\":\"https:\\\/\\\/tupique.com\\\/pt\\\/product\\\/bestway-echelle-de-piscine-84-cm-jardin-58430\\\/#primaryimage\",\"url\":\"https:\\\/\\\/tupique.com\\\/wp-content\\\/uploads\\\/2026\\\/05\\\/6941607354131_D1400501_P01.jpg\",\"contentUrl\":\"https:\\\/\\\/tupique.com\\\/wp-content\\\/uploads\\\/2026\\\/05\\\/6941607354131_D1400501_P01.jpg\",\"width\":1200,\"height\":1200,\"caption\":\"D1400501_0\"},{\"@type\":\"BreadcrumbList\",\"@id\":\"https:\\\/\\\/tupique.com\\\/pt\\\/product\\\/bestway-echelle-de-piscine-84-cm-jardin-58430\\\/#breadcrumb\",\"itemListElement\":[{\"@type\":\"ListItem\",\"position\":1,\"name\":\"commencer\",\"item\":\"https:\\\/\\\/tupique.com\\\/\"},{\"@type\":\"ListItem\",\"position\":2,\"name\":\"Loja\",\"item\":\"https:\\\/\\\/tupique.com\\\/pt\\\/loja\\\/\"},{\"@type\":\"ListItem\",\"position\":3,\"name\":\"Bestway \u00c9chelle de Piscine 84 cm Jardin 58430\"}]},{\"@type\":\"WebSite\",\"@id\":\"https:\\\/\\\/tupique.com\\\/#website\",\"url\":\"https:\\\/\\\/tupique.com\\\/\",\"name\":\"Tupique\",\"description\":\"\",\"publisher\":{\"@id\":\"https:\\\/\\\/tupique.com\\\/#organization\"},\"potentialAction\":[{\"@type\":\"SearchAction\",\"target\":{\"@type\":\"EntryPoint\",\"urlTemplate\":\"https:\\\/\\\/tupique.com\\\/?s={search_term_string}\"},\"query-input\":{\"@type\":\"PropertyValueSpecification\",\"valueRequired\":true,\"valueName\":\"search_term_string\"}}],\"inLanguage\":\"pt-PT\"},{\"@type\":\"Organization\",\"@id\":\"https:\\\/\\\/tupique.com\\\/#organization\",\"name\":\"Tupique\",\"url\":\"https:\\\/\\\/tupique.com\\\/\",\"logo\":{\"@type\":\"ImageObject\",\"inLanguage\":\"pt-PT\",\"@id\":\"https:\\\/\\\/tupique.com\\\/#\\\/schema\\\/logo\\\/image\\\/\",\"url\":\"https:\\\/\\\/tupique.com\\\/wp-content\\\/uploads\\\/2026\\\/03\\\/logo-tupique-1.webp\",\"contentUrl\":\"https:\\\/\\\/tupique.com\\\/wp-content\\\/uploads\\\/2026\\\/03\\\/logo-tupique-1.webp\",\"width\":500,\"height\":67,\"caption\":\"Tupique\"},\"image\":{\"@id\":\"https:\\\/\\\/tupique.com\\\/#\\\/schema\\\/logo\\\/image\\\/\"}}]}<\/script>\n<!-- \/ Yoast SEO plugin. -->","yoast_head_json":{"title":"Bestway \u00c9chelle de Piscine 84 cm Jardin 58430 | | Tupique","description":"Envie d'acheter Bestway \u00c9chelle de Piscine 84 cm Jardin 58430\u00a0? Achetez Bestway \u00c9chelle de Piscine 84 cm Jardin 58430 maintenant avec Tupique en 3 versements sans int\u00e9r\u00eat.","robots":{"index":"index","follow":"follow","max-snippet":"max-snippet:-1","max-image-preview":"max-image-preview:large","max-video-preview":"max-video-preview:-1"},"canonical":"https:\/\/tupique.com\/pt\/product\/bestway-echelle-de-piscine-84-cm-jardin-58430\/","og_locale":"pt_PT","og_type":"article","og_title":"Bestway \u00c9chelle de Piscine 84 cm Jardin 58430 | | Tupique","og_description":"Envie d'acheter Bestway \u00c9chelle de Piscine 84 cm Jardin 58430\u00a0? Achetez Bestway \u00c9chelle de Piscine 84 cm Jardin 58430 maintenant avec Tupique en 3 versements sans int\u00e9r\u00eat.","og_url":"https:\/\/tupique.com\/pt\/product\/bestway-echelle-de-piscine-84-cm-jardin-58430\/","og_site_name":"Tupique","og_image":[{"width":1200,"height":1200,"url":"https:\/\/tupique.com\/wp-content\/uploads\/2026\/05\/6941607354131_D1400501_P01.jpg","type":"image\/jpeg"}],"twitter_card":"summary_large_image","twitter_misc":{"Tempo estimado de leitura":"1 minuto"},"schema":{"@context":"https:\/\/schema.org","@graph":[{"@type":"WebPage","@id":"https:\/\/tupique.com\/pt\/product\/bestway-echelle-de-piscine-84-cm-jardin-58430\/","url":"https:\/\/tupique.com\/pt\/product\/bestway-echelle-de-piscine-84-cm-jardin-58430\/","name":"Bestway \u00c9chelle de Piscine 84 cm Jardin 58430 | | Tupique","isPartOf":{"@id":"https:\/\/tupique.com\/#website"},"primaryImageOfPage":{"@id":"https:\/\/tupique.com\/pt\/product\/bestway-echelle-de-piscine-84-cm-jardin-58430\/#primaryimage"},"image":{"@id":"https:\/\/tupique.com\/pt\/product\/bestway-echelle-de-piscine-84-cm-jardin-58430\/#primaryimage"},"thumbnailUrl":"https:\/\/tupique.com\/wp-content\/uploads\/2026\/05\/6941607354131_D1400501_P01.jpg","datePublished":"2026-05-12T00:50:25+00:00","description":"Envie d'acheter Bestway \u00c9chelle de Piscine 84 cm Jardin 58430\u00a0? Achetez Bestway \u00c9chelle de Piscine 84 cm Jardin 58430 maintenant avec Tupique en 3 versements sans int\u00e9r\u00eat.","breadcrumb":{"@id":"https:\/\/tupique.com\/pt\/product\/bestway-echelle-de-piscine-84-cm-jardin-58430\/#breadcrumb"},"inLanguage":"pt-PT","potentialAction":[{"@type":"ReadAction","target":["https:\/\/tupique.com\/pt\/product\/bestway-echelle-de-piscine-84-cm-jardin-58430\/"]}]},{"@type":"ImageObject","inLanguage":"pt-PT","@id":"https:\/\/tupique.com\/pt\/product\/bestway-echelle-de-piscine-84-cm-jardin-58430\/#primaryimage","url":"https:\/\/tupique.com\/wp-content\/uploads\/2026\/05\/6941607354131_D1400501_P01.jpg","contentUrl":"https:\/\/tupique.com\/wp-content\/uploads\/2026\/05\/6941607354131_D1400501_P01.jpg","width":1200,"height":1200,"caption":"D1400501_0"},{"@type":"BreadcrumbList","@id":"https:\/\/tupique.com\/pt\/product\/bestway-echelle-de-piscine-84-cm-jardin-58430\/#breadcrumb","itemListElement":[{"@type":"ListItem","position":1,"name":"commencer","item":"https:\/\/tupique.com\/"},{"@type":"ListItem","position":2,"name":"Loja","item":"https:\/\/tupique.com\/pt\/loja\/"},{"@type":"ListItem","position":3,"name":"Bestway \u00c9chelle de Piscine 84 cm Jardin 58430"}]},{"@type":"WebSite","@id":"https:\/\/tupique.com\/#website","url":"https:\/\/tupique.com\/","name":"Tupique","description":"","publisher":{"@id":"https:\/\/tupique.com\/#organization"},"potentialAction":[{"@type":"SearchAction","target":{"@type":"EntryPoint","urlTemplate":"https:\/\/tupique.com\/?s={search_term_string}"},"query-input":{"@type":"PropertyValueSpecification","valueRequired":true,"valueName":"search_term_string"}}],"inLanguage":"pt-PT"},{"@type":"Organization","@id":"https:\/\/tupique.com\/#organization","name":"Tupique","url":"https:\/\/tupique.com\/","logo":{"@type":"ImageObject","inLanguage":"pt-PT","@id":"https:\/\/tupique.com\/#\/schema\/logo\/image\/","url":"https:\/\/tupique.com\/wp-content\/uploads\/2026\/03\/logo-tupique-1.webp","contentUrl":"https:\/\/tupique.com\/wp-content\/uploads\/2026\/03\/logo-tupique-1.webp","width":500,"height":67,"caption":"Tupique"},"image":{"@id":"https:\/\/tupique.com\/#\/schema\/logo\/image\/"}}]}},"_links":{"self":[{"href":"https:\/\/tupique.com\/pt\/wp-json\/wp\/v2\/product\/192826","targetHints":{"allow":["GET"]}}],"collection":[{"href":"https:\/\/tupique.com\/pt\/wp-json\/wp\/v2\/product"}],"about":[{"href":"https:\/\/tupique.com\/pt\/wp-json\/wp\/v2\/types\/product"}],"replies":[{"embeddable":true,"href":"https:\/\/tupique.com\/pt\/wp-json\/wp\/v2\/comments?post=192826"}],"wp:featuredmedia":[{"embeddable":true,"href":"https:\/\/tupique.com\/pt\/wp-json\/wp\/v2\/media\/192803"}],"wp:attachment":[{"href":"https:\/\/tupique.com\/pt\/wp-json\/wp\/v2\/media?parent=192826"}],"wp:term":[{"taxonomy":"product_brand","embeddable":true,"href":"https:\/\/tupique.com\/pt\/wp-json\/wp\/v2\/product_brand?post=192826"},{"taxonomy":"product_cat","embeddable":true,"href":"https:\/\/tupique.com\/pt\/wp-json\/wp\/v2\/product_cat?post=192826"},{"taxonomy":"product_tag","embeddable":true,"href":"https:\/\/tupique.com\/pt\/wp-json\/wp\/v2\/product_tag?post=192826"},{"taxonomy":"woo-feed-brand","embeddable":true,"href":"https:\/\/tupique.com\/pt\/wp-json\/wp\/v2\/woo-feed-brand?post=192826"}],"curies":[{"name":"wp","href":"https:\/\/api.w.org\/{rel}","templated":true}]}}