{"id":193657,"date":"2026-05-12T03:42:03","date_gmt":"2026-05-12T01:42:03","guid":{"rendered":"https:\/\/tupique.com\/product\/climatiseur-a-evaporation-portable-multifonction-airvecove-innovagoods-5-l-65-w\/"},"modified":"2026-05-12T03:42:03","modified_gmt":"2026-05-12T01:42:03","slug":"climatiseur-a-evaporation-portable-multifonction-airvecove-innovagoods-5-l-65-w","status":"publish","type":"product","link":"https:\/\/tupique.com\/pt\/product\/climatiseur-a-evaporation-portable-multifonction-airvecove-innovagoods-5-l-65-w\/","title":{"rendered":"Climatiseur \u00e0 \u00c9vaporation Portable Multifonction Airvecove InnovaGoods 5 L 65 W"},"content":{"rendered":"<div class=\"col-md-6\"><b>InnovaGoods<\/b> vous offre les meilleures nouveaut\u00e9s pour la maison, comme <b>Climatiseur \u00e0 \u00c9vaporation Portable Multifonction Airvecove InnovaGoods 5 L 65 W <\/b> ! D\u00e9couvrez une vaste gamme de produits de qualit\u00e9 qui se d\u00e9marquent de par leur fonctionnalit\u00e9, leur efficacit\u00e9 et leur design innovant : \u00e9clairage, organisation, d\u00e9coration, climatisation, jardin, animaux domestiques, nettoyage, etc.<\/p>\n<p>Ce <b>climatiseur \u00e0 \u00e9vaporation potable, humidificateur et purificateur<\/b> est parfait pour profiter d\u2019un air plus agr\u00e9able, frais et propre. Flux d\u2019air orientable, roues, 3 vitesses, 2 blocs de glace, filtre et r\u00e9servoir amovible. 5 L. 65 W.<\/p>\n<p>Un <b>rafra\u00eechisseur d\u2019air<\/b> avec d\u00e9bit d\u2019eau constant qui maintient l\u2019humidit\u00e9 du filtre avec ses 2 r\u00e9servoirs connect\u00e9s (pompe&nbsp;: 180 L\/h). Port\u00e9e approx.&nbsp;: 15 m\u00b2. Niveau sonore&nbsp;:&nbsp;\u226455 dB.<\/p>\n<ul>\n<li><b>Multifonction, portable&nbsp;:&nbsp;<\/b>notre climatiseur \u00e0 \u00e9vaporation moderne est tr\u00e8s pratique, il ventile, rafra\u00eechit, humidifie et purifie l\u2019air. Sur la partie frontale, il comprend un indicateur de niveau d\u2019eau du r\u00e9servoir. Recommand\u00e9 pour les pi\u00e8ces jusqu\u2019\u00e0 15 m\u00b2. Niveau sonore&nbsp;: 55 dB max.<\/li>\n<li><b>Double r\u00e9servoir, refroidissement maximal&nbsp;:&nbsp;<\/b>ce rafra\u00eechisseur d\u2019air poss\u00e8de un r\u00e9servoir inf\u00e9rieur de 5 L et un r\u00e9servoir sup\u00e9rieur diffuseur d\u2019eau reli\u00e9s entre eux. Le d\u00e9bit d\u2019eau est constant et il maintient l\u2019humidit\u00e9 du filtre (pompe&nbsp;: jusqu\u2019\u00e0 180 L\/h). Le r\u00e9servoir inf\u00e9rieur est amovible pour \u00eatre nettoy\u00e9 et rempli. Dur\u00e9e approx.&nbsp;: 4 h.<\/li>\n<li><b>3 vitesses, flux d\u2019air orientable&nbsp;: <\/b>ce climatiseur \u00e0 \u00e9vaporation, humidificateur et purificateur permet de choisir entre diff\u00e9rentes vitesses&nbsp;: haute, moyenne, basse. Les lamelles horizontales s\u2019orientent manuellement et il comprend un bouton pour activer le mouvement automatique des lamelles verticales. Puissance 65 W.<\/li>\n<li><b>Filtre amovible, 2 accumulateurs de froid suppl\u00e9mentaire&nbsp;:&nbsp;<\/b>notre climatiseur rafra\u00eechissant inclut 2 blocs r\u00e9frig\u00e9rants qui augmentent l\u2019effet rafra\u00eechissant de l\u2019air. Une fois congel\u00e9s, les deux blocs se placent dans l\u2019eau du r\u00e9servoir inf\u00e9rieur, qu\u2019il est recommand\u00e9 de remplir d\u2019eau froide. Le filtre peut se retirer facilement pour \u00eatre nettoy\u00e9.&nbsp;<\/li>\n<li><b>4 roulettes pivotantes 360\u00b0 et poign\u00e9es lat\u00e9rales&nbsp;:&nbsp;<\/b>ce climatiseur \u00e0 \u00e9vaporation portable se d\u00e9place facilement n\u2019importe o\u00f9 gr\u00e2ce \u00e0 son design compact et l\u00e9ger, avec des roulettes et 2 poign\u00e9es. Id\u00e9al pour profiter d\u2019un air plus frais et propre.<\/li>\n<\/ul>\n<ul>\n<li>Mat\u00e9riel:\n<ul>\n<li>polypropyl\u00e8ne<\/li>\n<li>Poly\u00e9thyl\u00e8ne<\/li>\n<li>Papier<\/li>\n<\/ul>\n<\/li>\n<li>Couleur:\n<ul>\n<li>Blanc<\/li>\n<li>Gris<\/li>\n<\/ul>\n<\/li>\n<li>Type: Climatiseur \u00c9vaporation Portable<\/li>\n<li>Capacit\u00e9: 5 L<\/li>\n<li>3 vitesses: HIGH-MED-LOW<\/li>\n<li>Flux d\u2019air directionnelle: Polyvalent et adaptable<\/li>\n<li>Grille avant r\u00e9glable: Horizontal<\/li>\n<li>oscillation: Vertical<\/li>\n<li>Caract\u00e9ristiques: R\u00e9servoir amovible<\/li>\n<li>Filtre amovible, lavable et r\u00e9utilisable: Facile \u00e0 nettoyer<\/li>\n<li>Accumulateurs de froid: 2 bacs \u00e0 glace amovibles<\/li>\n<li>2 poign\u00e9es d&#8217;accroche: Utilisation pratique et simple<\/li>\n<li>4 roues pour facilit\u00e9 son d\u00e9placement: Rotation \u00e0 360\u00b0<\/li>\n<li>Port\u00e9e approx.: 15 m\u00b2<\/li>\n<li>Pompe \u00e0 eau: 180 L\/h<\/li>\n<li>niveau sonore: \u226455 dB<\/li>\n<li>puissance: 65 W<\/li>\n<li>Type de prise: F<\/li>\n<li>Longueur du c\u00e2ble: 160 cm<\/li>\n<li>AC In: 220-240 V \/ 50 Hz<\/li>\n<li>Dimensions approx.: 27 x 60 x 31,7 cm<\/li>\n<\/ul>\n<p>Packaging et manuel en 24 langues: anglais, fran\u00e7ais, espagnol, allemand, italien, portugais, n\u00e9erlandais, polonais, hongrois, roumain, danois, su\u00e9dois, finnois, lituanien, norv\u00e9gien, slov\u00e8ne, grec, tch\u00e8que, bulgare, croate, slovaque, estonien, russe, letton.<\/p><\/div>\n<div class=\"col-md-6\">\n<div class=\"embed-responsive embed-responsive-16by9\"><iframe class=\"embed-responsive-item\" src=\"https:\/\/www.youtube.com\/embed\/URDckxTWppw\" frameborder=\"0\" allowfullscreen><\/iframe><\/div>\n<\/div>","protected":false},"excerpt":{"rendered":"<p><span class=\"unit-info\">17.5980 &euro; \/ 1 l<\/span><\/p>","protected":false},"featured_media":193644,"comment_status":"open","ping_status":"closed","template":"","meta":[],"product_brand":[256],"product_cat":[63,64,732,1334,733,1797,239,1796],"product_tag":[56,210,165],"woo-feed-brand":[],"class_list":{"0":"post-193657","1":"product","2":"type-product","3":"status-publish","4":"has-post-thumbnail","6":"product_brand-brandp_1281","7":"product_cat-cadeaux-originaux","8":"product_cat-cadeaux-pour-la-maison","9":"product_cat-climatisation-et-chauffage","10":"product_cat-climatiseurs-et-ventilateurs","11":"product_cat-humidificateurs","12":"product_cat-idees-pour-la-maison","13":"product_cat-maison-jardin","14":"product_cat-teleachat-vu-a-la-television","15":"product_tag-tag_930","16":"product_tag-tag_25","17":"product_tag-tag_69","19":"first","20":"instock","21":"taxable","22":"shipping-taxable","23":"purchasable","24":"product-type-simple"},"yoast_head":"<!-- This site is optimized with the Yoast SEO plugin v27.6 - https:\/\/yoast.com\/product\/yoast-seo-wordpress\/ -->\n<title>Climatiseur \u00e0 \u00c9vaporation Portable Multifonction Airvecove InnovaGoods 5 L 65 W | | Tupique<\/title>\n<meta name=\"description\" content=\"Envie d&#039;acheter Climatiseur \u00e0 \u00c9vaporation Portable Multifonction Airvecove InnovaGoods 5 L 65 W\u00a0? Achetez Climatiseur \u00e0 \u00c9vaporation Portable Multifonction Airvecove InnovaGoods 5 L 65 W maintenant avec Tupique en 3 versements sans int\u00e9r\u00eat.\" \/>\n<meta name=\"robots\" content=\"index, follow, max-snippet:-1, max-image-preview:large, max-video-preview:-1\" \/>\n<link rel=\"canonical\" href=\"https:\/\/tupique.com\/pt\/product\/climatiseur-a-evaporation-portable-multifonction-airvecove-innovagoods-5-l-65-w\/\" \/>\n<meta property=\"og:locale\" content=\"pt_PT\" \/>\n<meta property=\"og:type\" content=\"article\" \/>\n<meta property=\"og:title\" content=\"Climatiseur \u00e0 \u00c9vaporation Portable Multifonction Airvecove InnovaGoods 5 L 65 W | | Tupique\" \/>\n<meta property=\"og:description\" content=\"Envie d&#039;acheter Climatiseur \u00e0 \u00c9vaporation Portable Multifonction Airvecove InnovaGoods 5 L 65 W\u00a0? Achetez Climatiseur \u00e0 \u00c9vaporation Portable Multifonction Airvecove InnovaGoods 5 L 65 W maintenant avec Tupique en 3 versements sans int\u00e9r\u00eat.\" \/>\n<meta property=\"og:url\" content=\"https:\/\/tupique.com\/pt\/product\/climatiseur-a-evaporation-portable-multifonction-airvecove-innovagoods-5-l-65-w\/\" \/>\n<meta property=\"og:site_name\" content=\"Tupique\" \/>\n<meta property=\"og:image\" content=\"https:\/\/tupique.com\/wp-content\/uploads\/2026\/05\/8435527826260_V0103853_000_MKT1.jpg\" \/>\n\t<meta property=\"og:image:width\" content=\"1200\" \/>\n\t<meta property=\"og:image:height\" content=\"1200\" \/>\n\t<meta property=\"og:image:type\" content=\"image\/jpeg\" \/>\n<meta name=\"twitter:card\" content=\"summary_large_image\" \/>\n<meta name=\"twitter:label1\" content=\"Tempo estimado de leitura\" \/>\n\t<meta name=\"twitter:data1\" content=\"3 minutos\" \/>\n<script type=\"application\/ld+json\" class=\"yoast-schema-graph\">{\"@context\":\"https:\\\/\\\/schema.org\",\"@graph\":[{\"@type\":\"WebPage\",\"@id\":\"https:\\\/\\\/tupique.com\\\/product\\\/climatiseur-a-evaporation-portable-multifonction-airvecove-innovagoods-5-l-65-w\\\/\",\"url\":\"https:\\\/\\\/tupique.com\\\/product\\\/climatiseur-a-evaporation-portable-multifonction-airvecove-innovagoods-5-l-65-w\\\/\",\"name\":\"Climatiseur \u00e0 \u00c9vaporation Portable Multifonction Airvecove InnovaGoods 5 L 65 W | | Tupique\",\"isPartOf\":{\"@id\":\"https:\\\/\\\/tupique.com\\\/#website\"},\"primaryImageOfPage\":{\"@id\":\"https:\\\/\\\/tupique.com\\\/product\\\/climatiseur-a-evaporation-portable-multifonction-airvecove-innovagoods-5-l-65-w\\\/#primaryimage\"},\"image\":{\"@id\":\"https:\\\/\\\/tupique.com\\\/product\\\/climatiseur-a-evaporation-portable-multifonction-airvecove-innovagoods-5-l-65-w\\\/#primaryimage\"},\"thumbnailUrl\":\"https:\\\/\\\/tupique.com\\\/wp-content\\\/uploads\\\/2026\\\/05\\\/8435527826260_V0103853_000_MKT1.jpg\",\"datePublished\":\"2026-05-12T01:42:03+00:00\",\"description\":\"Envie d'acheter Climatiseur \u00e0 \u00c9vaporation Portable Multifonction Airvecove InnovaGoods 5 L 65 W\u00a0? Achetez Climatiseur \u00e0 \u00c9vaporation Portable Multifonction Airvecove InnovaGoods 5 L 65 W maintenant avec Tupique en 3 versements sans int\u00e9r\u00eat.\",\"breadcrumb\":{\"@id\":\"https:\\\/\\\/tupique.com\\\/product\\\/climatiseur-a-evaporation-portable-multifonction-airvecove-innovagoods-5-l-65-w\\\/#breadcrumb\"},\"inLanguage\":\"pt-PT\",\"potentialAction\":[{\"@type\":\"ReadAction\",\"target\":[\"https:\\\/\\\/tupique.com\\\/product\\\/climatiseur-a-evaporation-portable-multifonction-airvecove-innovagoods-5-l-65-w\\\/\"]}]},{\"@type\":\"ImageObject\",\"inLanguage\":\"pt-PT\",\"@id\":\"https:\\\/\\\/tupique.com\\\/product\\\/climatiseur-a-evaporation-portable-multifonction-airvecove-innovagoods-5-l-65-w\\\/#primaryimage\",\"url\":\"https:\\\/\\\/tupique.com\\\/wp-content\\\/uploads\\\/2026\\\/05\\\/8435527826260_V0103853_000_MKT1.jpg\",\"contentUrl\":\"https:\\\/\\\/tupique.com\\\/wp-content\\\/uploads\\\/2026\\\/05\\\/8435527826260_V0103853_000_MKT1.jpg\",\"width\":1200,\"height\":1200,\"caption\":\"V0103853_0\"},{\"@type\":\"BreadcrumbList\",\"@id\":\"https:\\\/\\\/tupique.com\\\/product\\\/climatiseur-a-evaporation-portable-multifonction-airvecove-innovagoods-5-l-65-w\\\/#breadcrumb\",\"itemListElement\":[{\"@type\":\"ListItem\",\"position\":1,\"name\":\"commencer\",\"item\":\"https:\\\/\\\/tupique.com\\\/\"},{\"@type\":\"ListItem\",\"position\":2,\"name\":\"Loja\",\"item\":\"https:\\\/\\\/tupique.com\\\/pt\\\/loja\\\/\"},{\"@type\":\"ListItem\",\"position\":3,\"name\":\"Climatiseur \u00e0 \u00c9vaporation Portable Multifonction Airvecove InnovaGoods 5 L 65 W\"}]},{\"@type\":\"WebSite\",\"@id\":\"https:\\\/\\\/tupique.com\\\/#website\",\"url\":\"https:\\\/\\\/tupique.com\\\/\",\"name\":\"Tupique\",\"description\":\"\",\"publisher\":{\"@id\":\"https:\\\/\\\/tupique.com\\\/#organization\"},\"potentialAction\":[{\"@type\":\"SearchAction\",\"target\":{\"@type\":\"EntryPoint\",\"urlTemplate\":\"https:\\\/\\\/tupique.com\\\/?s={search_term_string}\"},\"query-input\":{\"@type\":\"PropertyValueSpecification\",\"valueRequired\":true,\"valueName\":\"search_term_string\"}}],\"inLanguage\":\"pt-PT\"},{\"@type\":\"Organization\",\"@id\":\"https:\\\/\\\/tupique.com\\\/#organization\",\"name\":\"Tupique\",\"url\":\"https:\\\/\\\/tupique.com\\\/\",\"logo\":{\"@type\":\"ImageObject\",\"inLanguage\":\"pt-PT\",\"@id\":\"https:\\\/\\\/tupique.com\\\/#\\\/schema\\\/logo\\\/image\\\/\",\"url\":\"https:\\\/\\\/tupique.com\\\/wp-content\\\/uploads\\\/2026\\\/03\\\/logo-tupique-1.webp\",\"contentUrl\":\"https:\\\/\\\/tupique.com\\\/wp-content\\\/uploads\\\/2026\\\/03\\\/logo-tupique-1.webp\",\"width\":500,\"height\":67,\"caption\":\"Tupique\"},\"image\":{\"@id\":\"https:\\\/\\\/tupique.com\\\/#\\\/schema\\\/logo\\\/image\\\/\"}}]}<\/script>\n<!-- \/ Yoast SEO plugin. -->","yoast_head_json":{"title":"Climatiseur \u00e0 \u00c9vaporation Portable Multifonction Airvecove InnovaGoods 5 L 65 W | | Tupique","description":"Envie d'acheter Climatiseur \u00e0 \u00c9vaporation Portable Multifonction Airvecove InnovaGoods 5 L 65 W\u00a0? Achetez Climatiseur \u00e0 \u00c9vaporation Portable Multifonction Airvecove InnovaGoods 5 L 65 W maintenant avec Tupique en 3 versements sans int\u00e9r\u00eat.","robots":{"index":"index","follow":"follow","max-snippet":"max-snippet:-1","max-image-preview":"max-image-preview:large","max-video-preview":"max-video-preview:-1"},"canonical":"https:\/\/tupique.com\/pt\/product\/climatiseur-a-evaporation-portable-multifonction-airvecove-innovagoods-5-l-65-w\/","og_locale":"pt_PT","og_type":"article","og_title":"Climatiseur \u00e0 \u00c9vaporation Portable Multifonction Airvecove InnovaGoods 5 L 65 W | | Tupique","og_description":"Envie d'acheter Climatiseur \u00e0 \u00c9vaporation Portable Multifonction Airvecove InnovaGoods 5 L 65 W\u00a0? Achetez Climatiseur \u00e0 \u00c9vaporation Portable Multifonction Airvecove InnovaGoods 5 L 65 W maintenant avec Tupique en 3 versements sans int\u00e9r\u00eat.","og_url":"https:\/\/tupique.com\/pt\/product\/climatiseur-a-evaporation-portable-multifonction-airvecove-innovagoods-5-l-65-w\/","og_site_name":"Tupique","og_image":[{"width":1200,"height":1200,"url":"https:\/\/tupique.com\/wp-content\/uploads\/2026\/05\/8435527826260_V0103853_000_MKT1.jpg","type":"image\/jpeg"}],"twitter_card":"summary_large_image","twitter_misc":{"Tempo estimado de leitura":"3 minutos"},"schema":{"@context":"https:\/\/schema.org","@graph":[{"@type":"WebPage","@id":"https:\/\/tupique.com\/product\/climatiseur-a-evaporation-portable-multifonction-airvecove-innovagoods-5-l-65-w\/","url":"https:\/\/tupique.com\/product\/climatiseur-a-evaporation-portable-multifonction-airvecove-innovagoods-5-l-65-w\/","name":"Climatiseur \u00e0 \u00c9vaporation Portable Multifonction Airvecove InnovaGoods 5 L 65 W | | Tupique","isPartOf":{"@id":"https:\/\/tupique.com\/#website"},"primaryImageOfPage":{"@id":"https:\/\/tupique.com\/product\/climatiseur-a-evaporation-portable-multifonction-airvecove-innovagoods-5-l-65-w\/#primaryimage"},"image":{"@id":"https:\/\/tupique.com\/product\/climatiseur-a-evaporation-portable-multifonction-airvecove-innovagoods-5-l-65-w\/#primaryimage"},"thumbnailUrl":"https:\/\/tupique.com\/wp-content\/uploads\/2026\/05\/8435527826260_V0103853_000_MKT1.jpg","datePublished":"2026-05-12T01:42:03+00:00","description":"Envie d'acheter Climatiseur \u00e0 \u00c9vaporation Portable Multifonction Airvecove InnovaGoods 5 L 65 W\u00a0? Achetez Climatiseur \u00e0 \u00c9vaporation Portable Multifonction Airvecove InnovaGoods 5 L 65 W maintenant avec Tupique en 3 versements sans int\u00e9r\u00eat.","breadcrumb":{"@id":"https:\/\/tupique.com\/product\/climatiseur-a-evaporation-portable-multifonction-airvecove-innovagoods-5-l-65-w\/#breadcrumb"},"inLanguage":"pt-PT","potentialAction":[{"@type":"ReadAction","target":["https:\/\/tupique.com\/product\/climatiseur-a-evaporation-portable-multifonction-airvecove-innovagoods-5-l-65-w\/"]}]},{"@type":"ImageObject","inLanguage":"pt-PT","@id":"https:\/\/tupique.com\/product\/climatiseur-a-evaporation-portable-multifonction-airvecove-innovagoods-5-l-65-w\/#primaryimage","url":"https:\/\/tupique.com\/wp-content\/uploads\/2026\/05\/8435527826260_V0103853_000_MKT1.jpg","contentUrl":"https:\/\/tupique.com\/wp-content\/uploads\/2026\/05\/8435527826260_V0103853_000_MKT1.jpg","width":1200,"height":1200,"caption":"V0103853_0"},{"@type":"BreadcrumbList","@id":"https:\/\/tupique.com\/product\/climatiseur-a-evaporation-portable-multifonction-airvecove-innovagoods-5-l-65-w\/#breadcrumb","itemListElement":[{"@type":"ListItem","position":1,"name":"commencer","item":"https:\/\/tupique.com\/"},{"@type":"ListItem","position":2,"name":"Loja","item":"https:\/\/tupique.com\/pt\/loja\/"},{"@type":"ListItem","position":3,"name":"Climatiseur \u00e0 \u00c9vaporation Portable Multifonction Airvecove InnovaGoods 5 L 65 W"}]},{"@type":"WebSite","@id":"https:\/\/tupique.com\/#website","url":"https:\/\/tupique.com\/","name":"Tupique","description":"","publisher":{"@id":"https:\/\/tupique.com\/#organization"},"potentialAction":[{"@type":"SearchAction","target":{"@type":"EntryPoint","urlTemplate":"https:\/\/tupique.com\/?s={search_term_string}"},"query-input":{"@type":"PropertyValueSpecification","valueRequired":true,"valueName":"search_term_string"}}],"inLanguage":"pt-PT"},{"@type":"Organization","@id":"https:\/\/tupique.com\/#organization","name":"Tupique","url":"https:\/\/tupique.com\/","logo":{"@type":"ImageObject","inLanguage":"pt-PT","@id":"https:\/\/tupique.com\/#\/schema\/logo\/image\/","url":"https:\/\/tupique.com\/wp-content\/uploads\/2026\/03\/logo-tupique-1.webp","contentUrl":"https:\/\/tupique.com\/wp-content\/uploads\/2026\/03\/logo-tupique-1.webp","width":500,"height":67,"caption":"Tupique"},"image":{"@id":"https:\/\/tupique.com\/#\/schema\/logo\/image\/"}}]}},"_links":{"self":[{"href":"https:\/\/tupique.com\/pt\/wp-json\/wp\/v2\/product\/193657","targetHints":{"allow":["GET"]}}],"collection":[{"href":"https:\/\/tupique.com\/pt\/wp-json\/wp\/v2\/product"}],"about":[{"href":"https:\/\/tupique.com\/pt\/wp-json\/wp\/v2\/types\/product"}],"replies":[{"embeddable":true,"href":"https:\/\/tupique.com\/pt\/wp-json\/wp\/v2\/comments?post=193657"}],"wp:featuredmedia":[{"embeddable":true,"href":"https:\/\/tupique.com\/pt\/wp-json\/wp\/v2\/media\/193644"}],"wp:attachment":[{"href":"https:\/\/tupique.com\/pt\/wp-json\/wp\/v2\/media?parent=193657"}],"wp:term":[{"taxonomy":"product_brand","embeddable":true,"href":"https:\/\/tupique.com\/pt\/wp-json\/wp\/v2\/product_brand?post=193657"},{"taxonomy":"product_cat","embeddable":true,"href":"https:\/\/tupique.com\/pt\/wp-json\/wp\/v2\/product_cat?post=193657"},{"taxonomy":"product_tag","embeddable":true,"href":"https:\/\/tupique.com\/pt\/wp-json\/wp\/v2\/product_tag?post=193657"},{"taxonomy":"woo-feed-brand","embeddable":true,"href":"https:\/\/tupique.com\/pt\/wp-json\/wp\/v2\/woo-feed-brand?post=193657"}],"curies":[{"name":"wp","href":"https:\/\/api.w.org\/{rel}","templated":true}]}}