{"id":193749,"date":"2026-05-12T03:55:32","date_gmt":"2026-05-12T01:55:32","guid":{"rendered":"https:\/\/tupique.com\/product\/chaise-longue-pliante-a-bascule-orbitale-rockorb-innovagoods\/"},"modified":"2026-05-12T03:55:32","modified_gmt":"2026-05-12T01:55:32","slug":"chaise-longue-pliante-a-bascule-orbitale-rockorb-innovagoods","status":"publish","type":"product","link":"https:\/\/tupique.com\/pt\/product\/chaise-longue-pliante-a-bascule-orbitale-rockorb-innovagoods\/","title":{"rendered":"Chaise Longue Pliante \u00e0 Bascule Orbitale Rockorb InnovaGoods"},"content":{"rendered":"<div class=\"col-md-6\"><b>InnovaGoods<\/b> vous offre les meilleures nouveaut\u00e9s pour la maison, comme <b>Chaise Longue Pliante \u00e0 Bascule Orbitale Rockorb InnovaGoods <\/b> ! D\u00e9couvrez une vaste gamme de produits de qualit\u00e9 qui se d\u00e9marquent de par leur fonctionnalit\u00e9, leur efficacit\u00e9 et leur design innovant : \u00e9clairage, organisation, d\u00e9coration, climatisation, jardin, animaux domestiques, nettoyage, etc.<\/p>\n<p>Cette originale <b>chaise longue pliante \u00e0 bascule orbitale<\/b> est id\u00e9ale pour profiter d\u2019un moment de d\u00e9tente et de repos en plein air. Sa conception ergonomique \u00ab\u2009z\u00e9ro gravit\u00e9\u2009\u00bb permet une position plus confortable et b\u00e9n\u00e9fique pour le corps. Comprend un appui-t\u00eate et un porte-gobelet.<\/p>\n<p>Une <b>chaise longue \u00e0 bascule d\u2019ext\u00e9rieur<\/b> tr\u00e8s confortable, r\u00e9sistante, stable et s\u00fbre. Id\u00e9ale pour les jardins, patios, terrasses, etc. R\u00e9duit la pression sur le dos et les jambes. Poids maximal&nbsp;: 150&nbsp;kg.<\/p>\n<ul>\n<li><b>Conception orbitale et ergonomique&nbsp;:<\/b> notre chaise longue \u00e0 bascule orbitale pliante d\u00e9fie la gravit\u00e9 gr\u00e2ce \u00e0 sa conception ergonomique originale inspir\u00e9e de l\u2019innovant Zero Gravity. La position \u00ab\u2009z\u00e9ro gravit\u00e9\u2009\u00bb permet une position sur\u00e9lev\u00e9e plus saine qui r\u00e9partit le poids de votre corps sur toute la surface et r\u00e9duit la pression sur votre dos et vos jambes.<\/li>\n<li><b>Porte-gobelet et appui-t\u00eate amovibles&nbsp;:<\/b> cette chaise longue de jardin \u00e0 bascule int\u00e8gre style et \u00e9l\u00e9gance, alliant tradition et modernit\u00e9. La zone d\u2019accoudoir rembourr\u00e9e offre un grand confort. De plus, elle dispose d\u2019accessoires suppl\u00e9mentaires pour plus de confort&nbsp;: appui-t\u00eate velcro et porte-gobelet \u00e0 fermeture \u00e9clair.&nbsp;<\/li>\n<li><b>Stabilit\u00e9 maximale et d\u00e9tente&nbsp;:<\/b> cette chaise longue pliante \u00e0 bascule est id\u00e9ale pour soulager le stress et profiter d\u2019une d\u00e9tente r\u00e9paratrice. Sa structure orbitale en fer haute r\u00e9sistance et son assise en maille (teslin) souple, adaptable et respirante offrent une grande stabilit\u00e9, s\u00e9curit\u00e9 et confort. Supporte jusqu\u2019\u00e0 150&nbsp;kg.<\/li>\n<li><b>Pliable, d\u00e9montable&nbsp;:<\/b> notre chaise longue de jardin oscillante est livr\u00e9e avec une notice et des accessoires de montage. Les deux points d\u2019appui arri\u00e8re servent de but\u00e9e de support et de s\u00e9curit\u00e9. De plus, elle est l\u00e9g\u00e8re et se plie facilement pour pouvoir la transporter et la ranger de fa\u00e7on peu encombrante.<\/li>\n<li><b>Id\u00e9ale pour l\u2019ext\u00e9rieur&nbsp;:<\/b> cette chaise longue \u00e0 bascule pliante pour l\u2019ext\u00e9rieur est parfaite pour se d\u00e9tendre et se reposer en plein air dans les jardins, patios, terrasses, etc. Elle est fabriqu\u00e9e \u00e0 partir de mat\u00e9riaux de haute qualit\u00e9 et peut \u00eatre facilement nettoy\u00e9e avec un chiffon humide.<\/li>\n<\/ul>\n<ul>\n<li>Mat\u00e9riel:\n<ul>\n<li>Teslin<\/li>\n<li>Polyur\u00e9thane<\/li>\n<li>polypropyl\u00e8ne<\/li>\n<li>EVA<\/li>\n<li>Fer<\/li>\n<\/ul>\n<\/li>\n<li>Couleur: Noir<\/li>\n<li>Type: Chaise longue \u00e0 bascule<\/li>\n<li>Design moderne: Ergonomique<\/li>\n<li>Repos et relaxation: Relaxation et repos maximum<\/li>\n<li>Utilisation en ext\u00e9rieur: Id\u00e9al pour vos pique-niques, au camping, dans le jardin, etc.<\/li>\n<li>Pliable: Gain de place<\/li>\n<li>Appui-t\u00eate: Amovible<\/li>\n<li>Caract\u00e9ristiques: Avec accoudoirs<\/li>\n<li>Inclut: Dessous de verres<\/li>\n<li>Poids Max. support\u00e9: 150 kg<\/li>\n<li>R\u00e9sistante et durable: Mat\u00e9riaux de qualit\u00e9<\/li>\n<li>Stabilit\u00e9 maximale: Utilisation pratique, simple et s\u00fbre<\/li>\n<li>D\u00e9montable: Accessoires de montage inclus<\/li>\n<li>L\u00e9ger et maniable: Facile \u00e0 transporter et \u00e0 ranger<\/li>\n<li>Laver \u00e0 la main: Nettoyage par chiffon humide<\/li>\n<li>Dimensions approx. pli\u00e9: 148 x 85 x 25 cm<\/li>\n<li>Dimensions approx. (d\u00e9pli\u00e9): 150 x 88 x 75 cm<\/li>\n<\/ul>\n<p>Packaging et manuel en 24 langues: anglais, fran\u00e7ais, espagnol, allemand, italien, portugais, n\u00e9erlandais, polonais, hongrois, roumain, danois, su\u00e9dois, finnois, lituanien, norv\u00e9gien, slov\u00e8ne, grec, tch\u00e8que, bulgare, croate, slovaque, estonien, russe, letton.<\/p><\/div>\n<div class=\"col-md-6\">\n<div class=\"embed-responsive embed-responsive-16by9\"><iframe class=\"embed-responsive-item\" src=\"https:\/\/www.youtube.com\/embed\/7J48AlQsNwY\" frameborder=\"0\" allowfullscreen><\/iframe><\/div>\n<\/div>","protected":false},"excerpt":{"rendered":"<p>InnovaGoods vous offre les meilleures nouveaut\u00e9s pour la maison, comme Chaise Longue Pliante \u00e0 Bascule Orbitale Rockorb InnovaGoods ! D\u00e9couvrez une vaste gamme de produits de qualit\u00e9 qui se d\u00e9marquent de par leur fonctionnalit\u00e9, leur efficacit\u00e9 et leur design innovant : \u00e9clairage, organisation, d\u00e9coration, climatisation, jardin, animaux domestiques, nettoyage, etc. Cette originale chaise longue pliante [&hellip;]<\/p>\n","protected":false},"featured_media":193738,"comment_status":"open","ping_status":"closed","template":"","meta":[],"product_brand":[256],"product_cat":[1854,63,64,1853,2756,1797,759,239,974,1769,1764,1796],"product_tag":[721,211],"woo-feed-brand":[],"class_list":{"0":"post-193749","1":"product","2":"type-product","3":"status-publish","4":"has-post-thumbnail","6":"product_brand-brandp_1281","7":"product_cat-accessoires-de-camping-et-de-montagne","8":"product_cat-cadeaux-originaux","9":"product_cat-cadeaux-pour-la-maison","10":"product_cat-camping-et-montagne","11":"product_cat-chaise-de-plage-et-de-piscine","12":"product_cat-idees-pour-la-maison","13":"product_cat-jardin-et-terrasse","14":"product_cat-maison-jardin","15":"product_cat-mobilier-d-exterieur","16":"product_cat-plage-et-piscine","17":"product_cat-sports-loisirs","18":"product_cat-teleachat-vu-a-la-television","19":"product_tag-tag_124","20":"product_tag-tag_3","22":"first","23":"instock","24":"taxable","25":"shipping-taxable","26":"purchasable","27":"product-type-simple"},"yoast_head":"<!-- This site is optimized with the Yoast SEO plugin v27.6 - https:\/\/yoast.com\/product\/yoast-seo-wordpress\/ -->\n<title>Chaise Longue Pliante \u00e0 Bascule Orbitale Rockorb InnovaGoods | | Tupique<\/title>\n<meta name=\"description\" content=\"Envie d&#039;acheter Chaise Longue Pliante \u00e0 Bascule Orbitale Rockorb InnovaGoods\u00a0? Achetez Chaise Longue Pliante \u00e0 Bascule Orbitale Rockorb InnovaGoods maintenant avec Tupique en 3 versements sans int\u00e9r\u00eat.\" \/>\n<meta name=\"robots\" content=\"index, follow, max-snippet:-1, max-image-preview:large, max-video-preview:-1\" \/>\n<link rel=\"canonical\" href=\"https:\/\/tupique.com\/pt\/product\/chaise-longue-pliante-a-bascule-orbitale-rockorb-innovagoods\/\" \/>\n<meta property=\"og:locale\" content=\"pt_PT\" \/>\n<meta property=\"og:type\" content=\"article\" \/>\n<meta property=\"og:title\" content=\"Chaise Longue Pliante \u00e0 Bascule Orbitale Rockorb InnovaGoods | | Tupique\" \/>\n<meta property=\"og:description\" content=\"Envie d&#039;acheter Chaise Longue Pliante \u00e0 Bascule Orbitale Rockorb InnovaGoods\u00a0? Achetez Chaise Longue Pliante \u00e0 Bascule Orbitale Rockorb InnovaGoods maintenant avec Tupique en 3 versements sans int\u00e9r\u00eat.\" \/>\n<meta property=\"og:url\" content=\"https:\/\/tupique.com\/pt\/product\/chaise-longue-pliante-a-bascule-orbitale-rockorb-innovagoods\/\" \/>\n<meta property=\"og:site_name\" content=\"Tupique\" \/>\n<meta property=\"og:image\" content=\"https:\/\/tupique.com\/wp-content\/uploads\/2026\/05\/8435527826345_V0103861_000_MKT1-1.jpg\" \/>\n\t<meta property=\"og:image:width\" content=\"1200\" \/>\n\t<meta property=\"og:image:height\" content=\"1200\" \/>\n\t<meta property=\"og:image:type\" content=\"image\/jpeg\" \/>\n<meta name=\"twitter:card\" content=\"summary_large_image\" \/>\n<meta name=\"twitter:label1\" content=\"Tempo estimado de leitura\" \/>\n\t<meta name=\"twitter:data1\" content=\"3 minutos\" \/>\n<script type=\"application\/ld+json\" class=\"yoast-schema-graph\">{\"@context\":\"https:\\\/\\\/schema.org\",\"@graph\":[{\"@type\":\"WebPage\",\"@id\":\"https:\\\/\\\/tupique.com\\\/pt\\\/product\\\/chaise-longue-pliante-a-bascule-orbitale-rockorb-innovagoods\\\/\",\"url\":\"https:\\\/\\\/tupique.com\\\/pt\\\/product\\\/chaise-longue-pliante-a-bascule-orbitale-rockorb-innovagoods\\\/\",\"name\":\"Chaise Longue Pliante \u00e0 Bascule Orbitale Rockorb InnovaGoods | | Tupique\",\"isPartOf\":{\"@id\":\"https:\\\/\\\/tupique.com\\\/#website\"},\"primaryImageOfPage\":{\"@id\":\"https:\\\/\\\/tupique.com\\\/pt\\\/product\\\/chaise-longue-pliante-a-bascule-orbitale-rockorb-innovagoods\\\/#primaryimage\"},\"image\":{\"@id\":\"https:\\\/\\\/tupique.com\\\/pt\\\/product\\\/chaise-longue-pliante-a-bascule-orbitale-rockorb-innovagoods\\\/#primaryimage\"},\"thumbnailUrl\":\"https:\\\/\\\/tupique.com\\\/wp-content\\\/uploads\\\/2026\\\/05\\\/8435527826345_V0103861_000_MKT1-1.jpg\",\"datePublished\":\"2026-05-12T01:55:32+00:00\",\"description\":\"Envie d'acheter Chaise Longue Pliante \u00e0 Bascule Orbitale Rockorb InnovaGoods\u00a0? Achetez Chaise Longue Pliante \u00e0 Bascule Orbitale Rockorb InnovaGoods maintenant avec Tupique en 3 versements sans int\u00e9r\u00eat.\",\"breadcrumb\":{\"@id\":\"https:\\\/\\\/tupique.com\\\/pt\\\/product\\\/chaise-longue-pliante-a-bascule-orbitale-rockorb-innovagoods\\\/#breadcrumb\"},\"inLanguage\":\"pt-PT\",\"potentialAction\":[{\"@type\":\"ReadAction\",\"target\":[\"https:\\\/\\\/tupique.com\\\/pt\\\/product\\\/chaise-longue-pliante-a-bascule-orbitale-rockorb-innovagoods\\\/\"]}]},{\"@type\":\"ImageObject\",\"inLanguage\":\"pt-PT\",\"@id\":\"https:\\\/\\\/tupique.com\\\/pt\\\/product\\\/chaise-longue-pliante-a-bascule-orbitale-rockorb-innovagoods\\\/#primaryimage\",\"url\":\"https:\\\/\\\/tupique.com\\\/wp-content\\\/uploads\\\/2026\\\/05\\\/8435527826345_V0103861_000_MKT1-1.jpg\",\"contentUrl\":\"https:\\\/\\\/tupique.com\\\/wp-content\\\/uploads\\\/2026\\\/05\\\/8435527826345_V0103861_000_MKT1-1.jpg\",\"width\":1200,\"height\":1200,\"caption\":\"V0103861_0\"},{\"@type\":\"BreadcrumbList\",\"@id\":\"https:\\\/\\\/tupique.com\\\/pt\\\/product\\\/chaise-longue-pliante-a-bascule-orbitale-rockorb-innovagoods\\\/#breadcrumb\",\"itemListElement\":[{\"@type\":\"ListItem\",\"position\":1,\"name\":\"commencer\",\"item\":\"https:\\\/\\\/tupique.com\\\/\"},{\"@type\":\"ListItem\",\"position\":2,\"name\":\"Loja\",\"item\":\"https:\\\/\\\/tupique.com\\\/pt\\\/loja\\\/\"},{\"@type\":\"ListItem\",\"position\":3,\"name\":\"Chaise Longue Pliante \u00e0 Bascule Orbitale Rockorb InnovaGoods\"}]},{\"@type\":\"WebSite\",\"@id\":\"https:\\\/\\\/tupique.com\\\/#website\",\"url\":\"https:\\\/\\\/tupique.com\\\/\",\"name\":\"Tupique\",\"description\":\"\",\"publisher\":{\"@id\":\"https:\\\/\\\/tupique.com\\\/#organization\"},\"potentialAction\":[{\"@type\":\"SearchAction\",\"target\":{\"@type\":\"EntryPoint\",\"urlTemplate\":\"https:\\\/\\\/tupique.com\\\/?s={search_term_string}\"},\"query-input\":{\"@type\":\"PropertyValueSpecification\",\"valueRequired\":true,\"valueName\":\"search_term_string\"}}],\"inLanguage\":\"pt-PT\"},{\"@type\":\"Organization\",\"@id\":\"https:\\\/\\\/tupique.com\\\/#organization\",\"name\":\"Tupique\",\"url\":\"https:\\\/\\\/tupique.com\\\/\",\"logo\":{\"@type\":\"ImageObject\",\"inLanguage\":\"pt-PT\",\"@id\":\"https:\\\/\\\/tupique.com\\\/#\\\/schema\\\/logo\\\/image\\\/\",\"url\":\"https:\\\/\\\/tupique.com\\\/wp-content\\\/uploads\\\/2026\\\/03\\\/logo-tupique-1.webp\",\"contentUrl\":\"https:\\\/\\\/tupique.com\\\/wp-content\\\/uploads\\\/2026\\\/03\\\/logo-tupique-1.webp\",\"width\":500,\"height\":67,\"caption\":\"Tupique\"},\"image\":{\"@id\":\"https:\\\/\\\/tupique.com\\\/#\\\/schema\\\/logo\\\/image\\\/\"}}]}<\/script>\n<!-- \/ Yoast SEO plugin. -->","yoast_head_json":{"title":"Chaise Longue Pliante \u00e0 Bascule Orbitale Rockorb InnovaGoods | | Tupique","description":"Envie d'acheter Chaise Longue Pliante \u00e0 Bascule Orbitale Rockorb InnovaGoods\u00a0? Achetez Chaise Longue Pliante \u00e0 Bascule Orbitale Rockorb InnovaGoods maintenant avec Tupique en 3 versements sans int\u00e9r\u00eat.","robots":{"index":"index","follow":"follow","max-snippet":"max-snippet:-1","max-image-preview":"max-image-preview:large","max-video-preview":"max-video-preview:-1"},"canonical":"https:\/\/tupique.com\/pt\/product\/chaise-longue-pliante-a-bascule-orbitale-rockorb-innovagoods\/","og_locale":"pt_PT","og_type":"article","og_title":"Chaise Longue Pliante \u00e0 Bascule Orbitale Rockorb InnovaGoods | | Tupique","og_description":"Envie d'acheter Chaise Longue Pliante \u00e0 Bascule Orbitale Rockorb InnovaGoods\u00a0? Achetez Chaise Longue Pliante \u00e0 Bascule Orbitale Rockorb InnovaGoods maintenant avec Tupique en 3 versements sans int\u00e9r\u00eat.","og_url":"https:\/\/tupique.com\/pt\/product\/chaise-longue-pliante-a-bascule-orbitale-rockorb-innovagoods\/","og_site_name":"Tupique","og_image":[{"width":1200,"height":1200,"url":"https:\/\/tupique.com\/wp-content\/uploads\/2026\/05\/8435527826345_V0103861_000_MKT1-1.jpg","type":"image\/jpeg"}],"twitter_card":"summary_large_image","twitter_misc":{"Tempo estimado de leitura":"3 minutos"},"schema":{"@context":"https:\/\/schema.org","@graph":[{"@type":"WebPage","@id":"https:\/\/tupique.com\/pt\/product\/chaise-longue-pliante-a-bascule-orbitale-rockorb-innovagoods\/","url":"https:\/\/tupique.com\/pt\/product\/chaise-longue-pliante-a-bascule-orbitale-rockorb-innovagoods\/","name":"Chaise Longue Pliante \u00e0 Bascule Orbitale Rockorb InnovaGoods | | Tupique","isPartOf":{"@id":"https:\/\/tupique.com\/#website"},"primaryImageOfPage":{"@id":"https:\/\/tupique.com\/pt\/product\/chaise-longue-pliante-a-bascule-orbitale-rockorb-innovagoods\/#primaryimage"},"image":{"@id":"https:\/\/tupique.com\/pt\/product\/chaise-longue-pliante-a-bascule-orbitale-rockorb-innovagoods\/#primaryimage"},"thumbnailUrl":"https:\/\/tupique.com\/wp-content\/uploads\/2026\/05\/8435527826345_V0103861_000_MKT1-1.jpg","datePublished":"2026-05-12T01:55:32+00:00","description":"Envie d'acheter Chaise Longue Pliante \u00e0 Bascule Orbitale Rockorb InnovaGoods\u00a0? Achetez Chaise Longue Pliante \u00e0 Bascule Orbitale Rockorb InnovaGoods maintenant avec Tupique en 3 versements sans int\u00e9r\u00eat.","breadcrumb":{"@id":"https:\/\/tupique.com\/pt\/product\/chaise-longue-pliante-a-bascule-orbitale-rockorb-innovagoods\/#breadcrumb"},"inLanguage":"pt-PT","potentialAction":[{"@type":"ReadAction","target":["https:\/\/tupique.com\/pt\/product\/chaise-longue-pliante-a-bascule-orbitale-rockorb-innovagoods\/"]}]},{"@type":"ImageObject","inLanguage":"pt-PT","@id":"https:\/\/tupique.com\/pt\/product\/chaise-longue-pliante-a-bascule-orbitale-rockorb-innovagoods\/#primaryimage","url":"https:\/\/tupique.com\/wp-content\/uploads\/2026\/05\/8435527826345_V0103861_000_MKT1-1.jpg","contentUrl":"https:\/\/tupique.com\/wp-content\/uploads\/2026\/05\/8435527826345_V0103861_000_MKT1-1.jpg","width":1200,"height":1200,"caption":"V0103861_0"},{"@type":"BreadcrumbList","@id":"https:\/\/tupique.com\/pt\/product\/chaise-longue-pliante-a-bascule-orbitale-rockorb-innovagoods\/#breadcrumb","itemListElement":[{"@type":"ListItem","position":1,"name":"commencer","item":"https:\/\/tupique.com\/"},{"@type":"ListItem","position":2,"name":"Loja","item":"https:\/\/tupique.com\/pt\/loja\/"},{"@type":"ListItem","position":3,"name":"Chaise Longue Pliante \u00e0 Bascule Orbitale Rockorb InnovaGoods"}]},{"@type":"WebSite","@id":"https:\/\/tupique.com\/#website","url":"https:\/\/tupique.com\/","name":"Tupique","description":"","publisher":{"@id":"https:\/\/tupique.com\/#organization"},"potentialAction":[{"@type":"SearchAction","target":{"@type":"EntryPoint","urlTemplate":"https:\/\/tupique.com\/?s={search_term_string}"},"query-input":{"@type":"PropertyValueSpecification","valueRequired":true,"valueName":"search_term_string"}}],"inLanguage":"pt-PT"},{"@type":"Organization","@id":"https:\/\/tupique.com\/#organization","name":"Tupique","url":"https:\/\/tupique.com\/","logo":{"@type":"ImageObject","inLanguage":"pt-PT","@id":"https:\/\/tupique.com\/#\/schema\/logo\/image\/","url":"https:\/\/tupique.com\/wp-content\/uploads\/2026\/03\/logo-tupique-1.webp","contentUrl":"https:\/\/tupique.com\/wp-content\/uploads\/2026\/03\/logo-tupique-1.webp","width":500,"height":67,"caption":"Tupique"},"image":{"@id":"https:\/\/tupique.com\/#\/schema\/logo\/image\/"}}]}},"_links":{"self":[{"href":"https:\/\/tupique.com\/pt\/wp-json\/wp\/v2\/product\/193749","targetHints":{"allow":["GET"]}}],"collection":[{"href":"https:\/\/tupique.com\/pt\/wp-json\/wp\/v2\/product"}],"about":[{"href":"https:\/\/tupique.com\/pt\/wp-json\/wp\/v2\/types\/product"}],"replies":[{"embeddable":true,"href":"https:\/\/tupique.com\/pt\/wp-json\/wp\/v2\/comments?post=193749"}],"wp:featuredmedia":[{"embeddable":true,"href":"https:\/\/tupique.com\/pt\/wp-json\/wp\/v2\/media\/193738"}],"wp:attachment":[{"href":"https:\/\/tupique.com\/pt\/wp-json\/wp\/v2\/media?parent=193749"}],"wp:term":[{"taxonomy":"product_brand","embeddable":true,"href":"https:\/\/tupique.com\/pt\/wp-json\/wp\/v2\/product_brand?post=193749"},{"taxonomy":"product_cat","embeddable":true,"href":"https:\/\/tupique.com\/pt\/wp-json\/wp\/v2\/product_cat?post=193749"},{"taxonomy":"product_tag","embeddable":true,"href":"https:\/\/tupique.com\/pt\/wp-json\/wp\/v2\/product_tag?post=193749"},{"taxonomy":"woo-feed-brand","embeddable":true,"href":"https:\/\/tupique.com\/pt\/wp-json\/wp\/v2\/woo-feed-brand?post=193749"}],"curies":[{"name":"wp","href":"https:\/\/api.w.org\/{rel}","templated":true}]}}