{"id":194025,"date":"2026-05-12T04:11:28","date_gmt":"2026-05-12T02:11:28","guid":{"rendered":"https:\/\/tupique.com\/product\/sous-vetements-omp-ompie0-0772-a01-071-xl-xl\/"},"modified":"2026-05-12T04:11:28","modified_gmt":"2026-05-12T02:11:28","slug":"sous-vetements-omp-ompie0-0772-a01-071-xl-xl","status":"publish","type":"product","link":"https:\/\/tupique.com\/pt\/product\/sous-vetements-omp-ompie0-0772-a01-071-xl-xl\/","title":{"rendered":"Sous-v\u00eatements OMP OMPIE0-0772-A01-071-XL (XL)"},"content":{"rendered":"<p>Si vous envisagez de renouveler votre garde-robe, achetez <b>Sous-v\u00eatements OMP OMPIE0-0772-A01-071-XL (XL)<\/b> et d\u2019autres<b>produits OMP<\/b>! La meilleure qualit\u00e9 au meilleur prix est \u00e0 votre port\u00e9e!<\/p>\n<ul>\n<li>Taille: XL<\/li>\n<\/ul>","protected":false},"excerpt":{"rendered":"<p>Si vous envisagez de renouveler votre garde-robe, achetez Sous-v\u00eatements OMP OMPIE0-0772-A01-071-XL (XL) et d\u2019autresproduits OMP! La meilleure qualit\u00e9 au meilleur prix est \u00e0 votre port\u00e9e! Taille: XL<\/p>","protected":false},"featured_media":194024,"comment_status":"open","ping_status":"closed","template":"","meta":[],"product_brand":[181],"product_cat":[1765,1764,2262],"product_tag":[],"woo-feed-brand":[],"class_list":{"0":"post-194025","1":"product","2":"type-product","3":"status-publish","4":"has-post-thumbnail","6":"product_brand-brandp_3118","7":"product_cat-accessoires-pour-voitures","8":"product_cat-sports-loisirs","9":"product_cat-vetements-et-accessoires-de-racing","11":"first","12":"instock","13":"taxable","14":"shipping-taxable","15":"purchasable","16":"product-type-simple"},"yoast_head":"<!-- This site is optimized with the Yoast SEO plugin v27.5 - https:\/\/yoast.com\/product\/yoast-seo-wordpress\/ -->\n<title>Sous-v\u00eatements OMP OMPIE0-0772-A01-071-XL (XL) | | Tupique<\/title>\n<meta name=\"description\" content=\"Envie d&#039;acheter Sous-v\u00eatements OMP OMPIE0-0772-A01-071-XL (XL)\u00a0? Achetez Sous-v\u00eatements OMP OMPIE0-0772-A01-071-XL (XL) maintenant avec Tupique en 3 versements sans int\u00e9r\u00eat.\" \/>\n<meta name=\"robots\" content=\"index, follow, max-snippet:-1, max-image-preview:large, max-video-preview:-1\" \/>\n<link rel=\"canonical\" href=\"https:\/\/tupique.com\/pt\/product\/sous-vetements-omp-ompie0-0772-a01-071-xl-xl\/\" \/>\n<meta property=\"og:locale\" content=\"pt_PT\" \/>\n<meta property=\"og:type\" content=\"article\" \/>\n<meta property=\"og:title\" content=\"Sous-v\u00eatements OMP OMPIE0-0772-A01-071-XL (XL) | | Tupique\" \/>\n<meta property=\"og:description\" content=\"Envie d&#039;acheter Sous-v\u00eatements OMP OMPIE0-0772-A01-071-XL (XL)\u00a0? Achetez Sous-v\u00eatements OMP OMPIE0-0772-A01-071-XL (XL) maintenant avec Tupique en 3 versements sans int\u00e9r\u00eat.\" \/>\n<meta property=\"og:url\" content=\"https:\/\/tupique.com\/pt\/product\/sous-vetements-omp-ompie0-0772-a01-071-xl-xl\/\" \/>\n<meta property=\"og:site_name\" content=\"Tupique\" \/>\n<meta property=\"og:image\" content=\"https:\/\/tupique.com\/wp-content\/uploads\/2026\/05\/8056690103233_S37115380_P00.jpg\" \/>\n\t<meta property=\"og:image:width\" content=\"1200\" \/>\n\t<meta property=\"og:image:height\" content=\"1200\" \/>\n\t<meta property=\"og:image:type\" content=\"image\/jpeg\" \/>\n<meta name=\"twitter:card\" content=\"summary_large_image\" \/>\n<script type=\"application\/ld+json\" class=\"yoast-schema-graph\">{\"@context\":\"https:\\\/\\\/schema.org\",\"@graph\":[{\"@type\":\"WebPage\",\"@id\":\"https:\\\/\\\/tupique.com\\\/pt\\\/product\\\/sous-vetements-omp-ompie0-0772-a01-071-xl-xl\\\/\",\"url\":\"https:\\\/\\\/tupique.com\\\/pt\\\/product\\\/sous-vetements-omp-ompie0-0772-a01-071-xl-xl\\\/\",\"name\":\"Sous-v\u00eatements OMP OMPIE0-0772-A01-071-XL (XL) | | Tupique\",\"isPartOf\":{\"@id\":\"https:\\\/\\\/tupique.com\\\/#website\"},\"primaryImageOfPage\":{\"@id\":\"https:\\\/\\\/tupique.com\\\/pt\\\/product\\\/sous-vetements-omp-ompie0-0772-a01-071-xl-xl\\\/#primaryimage\"},\"image\":{\"@id\":\"https:\\\/\\\/tupique.com\\\/pt\\\/product\\\/sous-vetements-omp-ompie0-0772-a01-071-xl-xl\\\/#primaryimage\"},\"thumbnailUrl\":\"https:\\\/\\\/tupique.com\\\/wp-content\\\/uploads\\\/2026\\\/05\\\/8056690103233_S37115380_P00.jpg\",\"datePublished\":\"2026-05-12T02:11:28+00:00\",\"description\":\"Envie d'acheter Sous-v\u00eatements OMP OMPIE0-0772-A01-071-XL (XL)\u00a0? Achetez Sous-v\u00eatements OMP OMPIE0-0772-A01-071-XL (XL) maintenant avec Tupique en 3 versements sans int\u00e9r\u00eat.\",\"breadcrumb\":{\"@id\":\"https:\\\/\\\/tupique.com\\\/pt\\\/product\\\/sous-vetements-omp-ompie0-0772-a01-071-xl-xl\\\/#breadcrumb\"},\"inLanguage\":\"pt-PT\",\"potentialAction\":[{\"@type\":\"ReadAction\",\"target\":[\"https:\\\/\\\/tupique.com\\\/pt\\\/product\\\/sous-vetements-omp-ompie0-0772-a01-071-xl-xl\\\/\"]}]},{\"@type\":\"ImageObject\",\"inLanguage\":\"pt-PT\",\"@id\":\"https:\\\/\\\/tupique.com\\\/pt\\\/product\\\/sous-vetements-omp-ompie0-0772-a01-071-xl-xl\\\/#primaryimage\",\"url\":\"https:\\\/\\\/tupique.com\\\/wp-content\\\/uploads\\\/2026\\\/05\\\/8056690103233_S37115380_P00.jpg\",\"contentUrl\":\"https:\\\/\\\/tupique.com\\\/wp-content\\\/uploads\\\/2026\\\/05\\\/8056690103233_S37115380_P00.jpg\",\"width\":1200,\"height\":1200,\"caption\":\"S37115380_0\"},{\"@type\":\"BreadcrumbList\",\"@id\":\"https:\\\/\\\/tupique.com\\\/pt\\\/product\\\/sous-vetements-omp-ompie0-0772-a01-071-xl-xl\\\/#breadcrumb\",\"itemListElement\":[{\"@type\":\"ListItem\",\"position\":1,\"name\":\"commencer\",\"item\":\"https:\\\/\\\/tupique.com\\\/\"},{\"@type\":\"ListItem\",\"position\":2,\"name\":\"Loja\",\"item\":\"https:\\\/\\\/tupique.com\\\/pt\\\/loja\\\/\"},{\"@type\":\"ListItem\",\"position\":3,\"name\":\"Sous-v\u00eatements OMP OMPIE0-0772-A01-071-XL (XL)\"}]},{\"@type\":\"WebSite\",\"@id\":\"https:\\\/\\\/tupique.com\\\/#website\",\"url\":\"https:\\\/\\\/tupique.com\\\/\",\"name\":\"Tupique\",\"description\":\"\",\"publisher\":{\"@id\":\"https:\\\/\\\/tupique.com\\\/#organization\"},\"potentialAction\":[{\"@type\":\"SearchAction\",\"target\":{\"@type\":\"EntryPoint\",\"urlTemplate\":\"https:\\\/\\\/tupique.com\\\/?s={search_term_string}\"},\"query-input\":{\"@type\":\"PropertyValueSpecification\",\"valueRequired\":true,\"valueName\":\"search_term_string\"}}],\"inLanguage\":\"pt-PT\"},{\"@type\":\"Organization\",\"@id\":\"https:\\\/\\\/tupique.com\\\/#organization\",\"name\":\"Tupique\",\"url\":\"https:\\\/\\\/tupique.com\\\/\",\"logo\":{\"@type\":\"ImageObject\",\"inLanguage\":\"pt-PT\",\"@id\":\"https:\\\/\\\/tupique.com\\\/#\\\/schema\\\/logo\\\/image\\\/\",\"url\":\"https:\\\/\\\/tupique.com\\\/wp-content\\\/uploads\\\/2026\\\/03\\\/logo-tupique-1.webp\",\"contentUrl\":\"https:\\\/\\\/tupique.com\\\/wp-content\\\/uploads\\\/2026\\\/03\\\/logo-tupique-1.webp\",\"width\":500,\"height\":67,\"caption\":\"Tupique\"},\"image\":{\"@id\":\"https:\\\/\\\/tupique.com\\\/#\\\/schema\\\/logo\\\/image\\\/\"}}]}<\/script>\n<!-- \/ Yoast SEO plugin. -->","yoast_head_json":{"title":"Sous-v\u00eatements OMP OMPIE0-0772-A01-071-XL (XL) | | Tupique","description":"Envie d'acheter Sous-v\u00eatements OMP OMPIE0-0772-A01-071-XL (XL)\u00a0? Achetez Sous-v\u00eatements OMP OMPIE0-0772-A01-071-XL (XL) maintenant avec Tupique en 3 versements sans int\u00e9r\u00eat.","robots":{"index":"index","follow":"follow","max-snippet":"max-snippet:-1","max-image-preview":"max-image-preview:large","max-video-preview":"max-video-preview:-1"},"canonical":"https:\/\/tupique.com\/pt\/product\/sous-vetements-omp-ompie0-0772-a01-071-xl-xl\/","og_locale":"pt_PT","og_type":"article","og_title":"Sous-v\u00eatements OMP OMPIE0-0772-A01-071-XL (XL) | | Tupique","og_description":"Envie d'acheter Sous-v\u00eatements OMP OMPIE0-0772-A01-071-XL (XL)\u00a0? Achetez Sous-v\u00eatements OMP OMPIE0-0772-A01-071-XL (XL) maintenant avec Tupique en 3 versements sans int\u00e9r\u00eat.","og_url":"https:\/\/tupique.com\/pt\/product\/sous-vetements-omp-ompie0-0772-a01-071-xl-xl\/","og_site_name":"Tupique","og_image":[{"width":1200,"height":1200,"url":"https:\/\/tupique.com\/wp-content\/uploads\/2026\/05\/8056690103233_S37115380_P00.jpg","type":"image\/jpeg"}],"twitter_card":"summary_large_image","schema":{"@context":"https:\/\/schema.org","@graph":[{"@type":"WebPage","@id":"https:\/\/tupique.com\/pt\/product\/sous-vetements-omp-ompie0-0772-a01-071-xl-xl\/","url":"https:\/\/tupique.com\/pt\/product\/sous-vetements-omp-ompie0-0772-a01-071-xl-xl\/","name":"Sous-v\u00eatements OMP OMPIE0-0772-A01-071-XL (XL) | | Tupique","isPartOf":{"@id":"https:\/\/tupique.com\/#website"},"primaryImageOfPage":{"@id":"https:\/\/tupique.com\/pt\/product\/sous-vetements-omp-ompie0-0772-a01-071-xl-xl\/#primaryimage"},"image":{"@id":"https:\/\/tupique.com\/pt\/product\/sous-vetements-omp-ompie0-0772-a01-071-xl-xl\/#primaryimage"},"thumbnailUrl":"https:\/\/tupique.com\/wp-content\/uploads\/2026\/05\/8056690103233_S37115380_P00.jpg","datePublished":"2026-05-12T02:11:28+00:00","description":"Envie d'acheter Sous-v\u00eatements OMP OMPIE0-0772-A01-071-XL (XL)\u00a0? Achetez Sous-v\u00eatements OMP OMPIE0-0772-A01-071-XL (XL) maintenant avec Tupique en 3 versements sans int\u00e9r\u00eat.","breadcrumb":{"@id":"https:\/\/tupique.com\/pt\/product\/sous-vetements-omp-ompie0-0772-a01-071-xl-xl\/#breadcrumb"},"inLanguage":"pt-PT","potentialAction":[{"@type":"ReadAction","target":["https:\/\/tupique.com\/pt\/product\/sous-vetements-omp-ompie0-0772-a01-071-xl-xl\/"]}]},{"@type":"ImageObject","inLanguage":"pt-PT","@id":"https:\/\/tupique.com\/pt\/product\/sous-vetements-omp-ompie0-0772-a01-071-xl-xl\/#primaryimage","url":"https:\/\/tupique.com\/wp-content\/uploads\/2026\/05\/8056690103233_S37115380_P00.jpg","contentUrl":"https:\/\/tupique.com\/wp-content\/uploads\/2026\/05\/8056690103233_S37115380_P00.jpg","width":1200,"height":1200,"caption":"S37115380_0"},{"@type":"BreadcrumbList","@id":"https:\/\/tupique.com\/pt\/product\/sous-vetements-omp-ompie0-0772-a01-071-xl-xl\/#breadcrumb","itemListElement":[{"@type":"ListItem","position":1,"name":"commencer","item":"https:\/\/tupique.com\/"},{"@type":"ListItem","position":2,"name":"Loja","item":"https:\/\/tupique.com\/pt\/loja\/"},{"@type":"ListItem","position":3,"name":"Sous-v\u00eatements OMP OMPIE0-0772-A01-071-XL (XL)"}]},{"@type":"WebSite","@id":"https:\/\/tupique.com\/#website","url":"https:\/\/tupique.com\/","name":"Tupique","description":"","publisher":{"@id":"https:\/\/tupique.com\/#organization"},"potentialAction":[{"@type":"SearchAction","target":{"@type":"EntryPoint","urlTemplate":"https:\/\/tupique.com\/?s={search_term_string}"},"query-input":{"@type":"PropertyValueSpecification","valueRequired":true,"valueName":"search_term_string"}}],"inLanguage":"pt-PT"},{"@type":"Organization","@id":"https:\/\/tupique.com\/#organization","name":"Tupique","url":"https:\/\/tupique.com\/","logo":{"@type":"ImageObject","inLanguage":"pt-PT","@id":"https:\/\/tupique.com\/#\/schema\/logo\/image\/","url":"https:\/\/tupique.com\/wp-content\/uploads\/2026\/03\/logo-tupique-1.webp","contentUrl":"https:\/\/tupique.com\/wp-content\/uploads\/2026\/03\/logo-tupique-1.webp","width":500,"height":67,"caption":"Tupique"},"image":{"@id":"https:\/\/tupique.com\/#\/schema\/logo\/image\/"}}]}},"_links":{"self":[{"href":"https:\/\/tupique.com\/pt\/wp-json\/wp\/v2\/product\/194025","targetHints":{"allow":["GET"]}}],"collection":[{"href":"https:\/\/tupique.com\/pt\/wp-json\/wp\/v2\/product"}],"about":[{"href":"https:\/\/tupique.com\/pt\/wp-json\/wp\/v2\/types\/product"}],"replies":[{"embeddable":true,"href":"https:\/\/tupique.com\/pt\/wp-json\/wp\/v2\/comments?post=194025"}],"wp:featuredmedia":[{"embeddable":true,"href":"https:\/\/tupique.com\/pt\/wp-json\/wp\/v2\/media\/194024"}],"wp:attachment":[{"href":"https:\/\/tupique.com\/pt\/wp-json\/wp\/v2\/media?parent=194025"}],"wp:term":[{"taxonomy":"product_brand","embeddable":true,"href":"https:\/\/tupique.com\/pt\/wp-json\/wp\/v2\/product_brand?post=194025"},{"taxonomy":"product_cat","embeddable":true,"href":"https:\/\/tupique.com\/pt\/wp-json\/wp\/v2\/product_cat?post=194025"},{"taxonomy":"product_tag","embeddable":true,"href":"https:\/\/tupique.com\/pt\/wp-json\/wp\/v2\/product_tag?post=194025"},{"taxonomy":"woo-feed-brand","embeddable":true,"href":"https:\/\/tupique.com\/pt\/wp-json\/wp\/v2\/woo-feed-brand?post=194025"}],"curies":[{"name":"wp","href":"https:\/\/api.w.org\/{rel}","templated":true}]}}