{"id":19448,"date":"2026-03-29T16:15:58","date_gmt":"2026-03-29T15:15:58","guid":{"rendered":"https:\/\/bigbuy.tupique.com\/produto\/video-conferencing-system-cisco-cs-kit-eq-k9\/"},"modified":"2026-04-11T18:41:15","modified_gmt":"2026-04-11T17:41:15","slug":"video-conferencing-system-cisco-cs-kit-eq-k9","status":"publish","type":"product","link":"https:\/\/tupique.com\/pt\/product\/video-conferencing-system-cisco-cs-kit-eq-k9\/","title":{"rendered":"Video Conferencing System CISCO CS-KIT-EQ-K9"},"content":{"rendered":"<p>Se tem paix\u00e3o por <b>TI e eletr\u00f3nica<\/b>, como estar a par das novidades tecnol\u00f3gicas e n\u00e3o falhar nem o mais \u00ednfimo detalhe, compre <b> Video Conferencing System CISCO CS-KIT-EQ-K9 <\/b> a um pre\u00e7o imbat\u00edvel.<\/p>\n<ul>\n<li>Type: Video Conferencing System<\/li>\n<li>Cor: Cinzento<\/li>\n<li>Characteristics: Built-in speakers<\/li>\n<li>Conex\u00f5es:\n<ul>\n<li>USB-C<\/li>\n<li>RJ45<\/li>\n<li>Ethernet LAN<\/li>\n<li>USB x 4<\/li>\n<li>PoE x 4<\/li>\n<li>3<\/li>\n<li>HDMI x 3<\/li>\n<\/ul>\n<\/li>\n<li>Camera: 20 Mp<\/li>\n<li>Resolution: 5K Ultra HD<\/li>\n<li>Power supply: Alternating current<\/li>\n<\/ul>","protected":false},"excerpt":{"rendered":"<p>If you&#8217;re passionate about IT and electronics, like being up to date on technology and don&#8217;t miss even the slightest details, buy Video Conferencing System CISCO CS-KIT-EQ-K9 at an unbeatable price. Type: Video Conferencing System Colour: Grey Characteristics: Built-in speakers Connections: USB-C RJ45 Ethernet LAN USB x 4 PoE x 4 3 HDMI x 3 [&hellip;]<\/p>\n","protected":false},"featured_media":19447,"comment_status":"open","ping_status":"closed","template":"","meta":[],"product_brand":[656],"product_cat":[65,581,607],"product_tag":[213,106],"class_list":{"0":"post-19448","1":"product","2":"type-product","3":"status-publish","4":"has-post-thumbnail","6":"product_brand-brandp_1036","7":"product_cat-computers-electronics","8":"product_cat-electronics-peripherals-and-spares","9":"product_cat-webcam","10":"product_tag-tag_933","11":"product_tag-tag_1295","13":"first","14":"instock","15":"taxable","16":"shipping-taxable","17":"purchasable","18":"product-type-simple"},"yoast_head":"<!-- This site is optimized with the Yoast SEO plugin v27.5 - https:\/\/yoast.com\/product\/yoast-seo-wordpress\/ -->\n<title>Video Conferencing System CISCO CS-KIT-EQ-K9 - Tupique<\/title>\n<meta name=\"robots\" content=\"index, follow, max-snippet:-1, max-image-preview:large, max-video-preview:-1\" \/>\n<link rel=\"canonical\" href=\"https:\/\/tupique.com\/pt\/product\/video-conferencing-system-cisco-cs-kit-eq-k9\/\" \/>\n<meta property=\"og:locale\" content=\"pt_PT\" \/>\n<meta property=\"og:type\" content=\"article\" \/>\n<meta property=\"og:title\" content=\"Video Conferencing System CISCO CS-KIT-EQ-K9 - Tupique\" \/>\n<meta property=\"og:description\" content=\"If you&#8217;re passionate about IT and electronics, like being up to date on technology and don&#8217;t miss even the slightest details, buy Video Conferencing System CISCO CS-KIT-EQ-K9 at an unbeatable price. Type: Video Conferencing System Colour: Grey Characteristics: Built-in speakers Connections: USB-C RJ45 Ethernet LAN USB x 4 PoE x 4 3 HDMI x 3 [&hellip;]\" \/>\n<meta property=\"og:url\" content=\"https:\/\/tupique.com\/pt\/product\/video-conferencing-system-cisco-cs-kit-eq-k9\/\" \/>\n<meta property=\"og:site_name\" content=\"Tupique\" \/>\n<meta property=\"article:modified_time\" content=\"2026-04-11T17:41:15+00:00\" \/>\n<meta property=\"og:image\" content=\"https:\/\/tupique.com\/wp-content\/uploads\/2026\/03\/810340620.jpg\" \/>\n\t<meta property=\"og:image:width\" content=\"1200\" \/>\n\t<meta property=\"og:image:height\" content=\"1200\" \/>\n\t<meta property=\"og:image:type\" content=\"image\/jpeg\" \/>\n<meta name=\"twitter:card\" content=\"summary_large_image\" \/>\n<script type=\"application\/ld+json\" class=\"yoast-schema-graph\">{\"@context\":\"https:\\\/\\\/schema.org\",\"@graph\":[{\"@type\":\"WebPage\",\"@id\":\"https:\\\/\\\/tupique.com\\\/product\\\/video-conferencing-system-cisco-cs-kit-eq-k9\\\/\",\"url\":\"https:\\\/\\\/tupique.com\\\/product\\\/video-conferencing-system-cisco-cs-kit-eq-k9\\\/\",\"name\":\"Video Conferencing System CISCO CS-KIT-EQ-K9 - Tupique\",\"isPartOf\":{\"@id\":\"https:\\\/\\\/tupique.com\\\/#website\"},\"primaryImageOfPage\":{\"@id\":\"https:\\\/\\\/tupique.com\\\/product\\\/video-conferencing-system-cisco-cs-kit-eq-k9\\\/#primaryimage\"},\"image\":{\"@id\":\"https:\\\/\\\/tupique.com\\\/product\\\/video-conferencing-system-cisco-cs-kit-eq-k9\\\/#primaryimage\"},\"thumbnailUrl\":\"https:\\\/\\\/tupique.com\\\/wp-content\\\/uploads\\\/2026\\\/03\\\/810340620.jpg\",\"datePublished\":\"2026-03-29T15:15:58+00:00\",\"dateModified\":\"2026-04-11T17:41:15+00:00\",\"breadcrumb\":{\"@id\":\"https:\\\/\\\/tupique.com\\\/product\\\/video-conferencing-system-cisco-cs-kit-eq-k9\\\/#breadcrumb\"},\"inLanguage\":\"pt-PT\",\"potentialAction\":[{\"@type\":\"ReadAction\",\"target\":[\"https:\\\/\\\/tupique.com\\\/product\\\/video-conferencing-system-cisco-cs-kit-eq-k9\\\/\"]}]},{\"@type\":\"ImageObject\",\"inLanguage\":\"pt-PT\",\"@id\":\"https:\\\/\\\/tupique.com\\\/product\\\/video-conferencing-system-cisco-cs-kit-eq-k9\\\/#primaryimage\",\"url\":\"https:\\\/\\\/tupique.com\\\/wp-content\\\/uploads\\\/2026\\\/03\\\/810340620.jpg\",\"contentUrl\":\"https:\\\/\\\/tupique.com\\\/wp-content\\\/uploads\\\/2026\\\/03\\\/810340620.jpg\",\"width\":1200,\"height\":1200,\"caption\":\"S55169993_0\"},{\"@type\":\"BreadcrumbList\",\"@id\":\"https:\\\/\\\/tupique.com\\\/product\\\/video-conferencing-system-cisco-cs-kit-eq-k9\\\/#breadcrumb\",\"itemListElement\":[{\"@type\":\"ListItem\",\"position\":1,\"name\":\"commencer\",\"item\":\"https:\\\/\\\/tupique.com\\\/\"},{\"@type\":\"ListItem\",\"position\":2,\"name\":\"Loja\",\"item\":\"https:\\\/\\\/tupique.com\\\/loja\\\/\"},{\"@type\":\"ListItem\",\"position\":3,\"name\":\"Video Conferencing System CISCO CS-KIT-EQ-K9\"}]},{\"@type\":\"WebSite\",\"@id\":\"https:\\\/\\\/tupique.com\\\/#website\",\"url\":\"https:\\\/\\\/tupique.com\\\/\",\"name\":\"Tupique\",\"description\":\"\",\"publisher\":{\"@id\":\"https:\\\/\\\/tupique.com\\\/#organization\"},\"potentialAction\":[{\"@type\":\"SearchAction\",\"target\":{\"@type\":\"EntryPoint\",\"urlTemplate\":\"https:\\\/\\\/tupique.com\\\/?s={search_term_string}\"},\"query-input\":{\"@type\":\"PropertyValueSpecification\",\"valueRequired\":true,\"valueName\":\"search_term_string\"}}],\"inLanguage\":\"pt-PT\"},{\"@type\":\"Organization\",\"@id\":\"https:\\\/\\\/tupique.com\\\/#organization\",\"name\":\"Tupique\",\"url\":\"https:\\\/\\\/tupique.com\\\/\",\"logo\":{\"@type\":\"ImageObject\",\"inLanguage\":\"pt-PT\",\"@id\":\"https:\\\/\\\/tupique.com\\\/#\\\/schema\\\/logo\\\/image\\\/\",\"url\":\"https:\\\/\\\/tupique.com\\\/wp-content\\\/uploads\\\/2026\\\/03\\\/logo-tupique-1.webp\",\"contentUrl\":\"https:\\\/\\\/tupique.com\\\/wp-content\\\/uploads\\\/2026\\\/03\\\/logo-tupique-1.webp\",\"width\":500,\"height\":67,\"caption\":\"Tupique\"},\"image\":{\"@id\":\"https:\\\/\\\/tupique.com\\\/#\\\/schema\\\/logo\\\/image\\\/\"}}]}<\/script>\n<!-- \/ Yoast SEO plugin. -->","yoast_head_json":{"title":"Video Conferencing System CISCO CS-KIT-EQ-K9 - Tupique","robots":{"index":"index","follow":"follow","max-snippet":"max-snippet:-1","max-image-preview":"max-image-preview:large","max-video-preview":"max-video-preview:-1"},"canonical":"https:\/\/tupique.com\/pt\/product\/video-conferencing-system-cisco-cs-kit-eq-k9\/","og_locale":"pt_PT","og_type":"article","og_title":"Video Conferencing System CISCO CS-KIT-EQ-K9 - Tupique","og_description":"If you&#8217;re passionate about IT and electronics, like being up to date on technology and don&#8217;t miss even the slightest details, buy Video Conferencing System CISCO CS-KIT-EQ-K9 at an unbeatable price. Type: Video Conferencing System Colour: Grey Characteristics: Built-in speakers Connections: USB-C RJ45 Ethernet LAN USB x 4 PoE x 4 3 HDMI x 3 [&hellip;]","og_url":"https:\/\/tupique.com\/pt\/product\/video-conferencing-system-cisco-cs-kit-eq-k9\/","og_site_name":"Tupique","article_modified_time":"2026-04-11T17:41:15+00:00","og_image":[{"width":1200,"height":1200,"url":"https:\/\/tupique.com\/wp-content\/uploads\/2026\/03\/810340620.jpg","type":"image\/jpeg"}],"twitter_card":"summary_large_image","schema":{"@context":"https:\/\/schema.org","@graph":[{"@type":"WebPage","@id":"https:\/\/tupique.com\/product\/video-conferencing-system-cisco-cs-kit-eq-k9\/","url":"https:\/\/tupique.com\/product\/video-conferencing-system-cisco-cs-kit-eq-k9\/","name":"Video Conferencing System CISCO CS-KIT-EQ-K9 - Tupique","isPartOf":{"@id":"https:\/\/tupique.com\/#website"},"primaryImageOfPage":{"@id":"https:\/\/tupique.com\/product\/video-conferencing-system-cisco-cs-kit-eq-k9\/#primaryimage"},"image":{"@id":"https:\/\/tupique.com\/product\/video-conferencing-system-cisco-cs-kit-eq-k9\/#primaryimage"},"thumbnailUrl":"https:\/\/tupique.com\/wp-content\/uploads\/2026\/03\/810340620.jpg","datePublished":"2026-03-29T15:15:58+00:00","dateModified":"2026-04-11T17:41:15+00:00","breadcrumb":{"@id":"https:\/\/tupique.com\/product\/video-conferencing-system-cisco-cs-kit-eq-k9\/#breadcrumb"},"inLanguage":"pt-PT","potentialAction":[{"@type":"ReadAction","target":["https:\/\/tupique.com\/product\/video-conferencing-system-cisco-cs-kit-eq-k9\/"]}]},{"@type":"ImageObject","inLanguage":"pt-PT","@id":"https:\/\/tupique.com\/product\/video-conferencing-system-cisco-cs-kit-eq-k9\/#primaryimage","url":"https:\/\/tupique.com\/wp-content\/uploads\/2026\/03\/810340620.jpg","contentUrl":"https:\/\/tupique.com\/wp-content\/uploads\/2026\/03\/810340620.jpg","width":1200,"height":1200,"caption":"S55169993_0"},{"@type":"BreadcrumbList","@id":"https:\/\/tupique.com\/product\/video-conferencing-system-cisco-cs-kit-eq-k9\/#breadcrumb","itemListElement":[{"@type":"ListItem","position":1,"name":"commencer","item":"https:\/\/tupique.com\/"},{"@type":"ListItem","position":2,"name":"Loja","item":"https:\/\/tupique.com\/loja\/"},{"@type":"ListItem","position":3,"name":"Video Conferencing System CISCO CS-KIT-EQ-K9"}]},{"@type":"WebSite","@id":"https:\/\/tupique.com\/#website","url":"https:\/\/tupique.com\/","name":"Tupique","description":"","publisher":{"@id":"https:\/\/tupique.com\/#organization"},"potentialAction":[{"@type":"SearchAction","target":{"@type":"EntryPoint","urlTemplate":"https:\/\/tupique.com\/?s={search_term_string}"},"query-input":{"@type":"PropertyValueSpecification","valueRequired":true,"valueName":"search_term_string"}}],"inLanguage":"pt-PT"},{"@type":"Organization","@id":"https:\/\/tupique.com\/#organization","name":"Tupique","url":"https:\/\/tupique.com\/","logo":{"@type":"ImageObject","inLanguage":"pt-PT","@id":"https:\/\/tupique.com\/#\/schema\/logo\/image\/","url":"https:\/\/tupique.com\/wp-content\/uploads\/2026\/03\/logo-tupique-1.webp","contentUrl":"https:\/\/tupique.com\/wp-content\/uploads\/2026\/03\/logo-tupique-1.webp","width":500,"height":67,"caption":"Tupique"},"image":{"@id":"https:\/\/tupique.com\/#\/schema\/logo\/image\/"}}]}},"_links":{"self":[{"href":"https:\/\/tupique.com\/pt\/wp-json\/wp\/v2\/product\/19448","targetHints":{"allow":["GET"]}}],"collection":[{"href":"https:\/\/tupique.com\/pt\/wp-json\/wp\/v2\/product"}],"about":[{"href":"https:\/\/tupique.com\/pt\/wp-json\/wp\/v2\/types\/product"}],"replies":[{"embeddable":true,"href":"https:\/\/tupique.com\/pt\/wp-json\/wp\/v2\/comments?post=19448"}],"wp:featuredmedia":[{"embeddable":true,"href":"https:\/\/tupique.com\/pt\/wp-json\/wp\/v2\/media\/19447"}],"wp:attachment":[{"href":"https:\/\/tupique.com\/pt\/wp-json\/wp\/v2\/media?parent=19448"}],"wp:term":[{"taxonomy":"product_brand","embeddable":true,"href":"https:\/\/tupique.com\/pt\/wp-json\/wp\/v2\/product_brand?post=19448"},{"taxonomy":"product_cat","embeddable":true,"href":"https:\/\/tupique.com\/pt\/wp-json\/wp\/v2\/product_cat?post=19448"},{"taxonomy":"product_tag","embeddable":true,"href":"https:\/\/tupique.com\/pt\/wp-json\/wp\/v2\/product_tag?post=19448"}],"curies":[{"name":"wp","href":"https:\/\/api.w.org\/{rel}","templated":true}]}}