{"id":194629,"date":"2026-05-12T04:51:08","date_gmt":"2026-05-12T02:51:08","guid":{"rendered":"https:\/\/tupique.com\/product\/jeu-de-draps-gift-decor-bleu-lit-1-persone-3-pieces\/"},"modified":"2026-05-12T04:51:08","modified_gmt":"2026-05-12T02:51:08","slug":"jeu-de-draps-gift-decor-bleu-lit-1-persone-3-pieces","status":"publish","type":"product","link":"https:\/\/tupique.com\/pt\/product\/jeu-de-draps-gift-decor-bleu-lit-1-persone-3-pieces\/","title":{"rendered":"Jeu de draps Gift Decor Bleu Lit 1 persone 3 Pi\u00e8ces"},"content":{"rendered":"<p>Si vous aimez prendre soin de chaque d\u00e9tail de votre maison et d&#8217;\u00eatre \u00e0 la derni\u00e8re mode en mati\u00e8re de produits qui vous rendront la vie plus facile, achetez <b>Jeu de draps Gift Decor Bleu Lit 1 persone 3 Pi\u00e8ces<\/b> au meilleur prix.<\/p>\n<p>Ler <b>jeu de draps<\/b> Gift Decor est sp\u00e9cialement con\u00e7u pour un <b>lit 90<\/b> et allie style moderne et praticit\u00e9, s\u2019adaptant aussi bien aux chambres d\u2019adolescents qu\u2019aux chambres principales. Enti\u00e8rement fabriqu\u00e9 en <b>100% polyester<\/b>, cet ensemble offre une texture douce, une r\u00e9sistance \u00e0 l\u2019usure et un entretien facile, simplifiant le lavage et assurant une grande durabilit\u00e9 \u00e0 l\u2019usage quotidien. Sa <b>couleur bleue<\/b> apporte une touche fra\u00eeche et contemporaine qui s\u2019int\u00e8gre ais\u00e9ment \u00e0 diff\u00e9rents styles de d\u00e9coration, tandis que sa fabrication au <b>Pakistan<\/b> met en avant la tradition textile et des finitions soign\u00e9es. Le set comprend trois pi\u00e8ces parfaitement assorties : une <b>taie d\u2019oreiller de 45 x 110 cm<\/b>, id\u00e9ale pour les oreillers longs et offrant une couverture totale, ainsi qu\u2019un <b>drap-housse ajustable de 90 x 200 cm<\/b> qui s\u2019adapte fermement au matelas pour \u00e9viter tout glissement pendant la nuit, am\u00e9liorant ainsi le confort et la qualit\u00e9 du sommeil. Gr\u00e2ce au polyester, les draps sont faciles \u00e0 repasser et s\u00e8chent rapidement, ce qui est particuli\u00e8rement pratique au quotidien. Ce jeu de draps Gift Decor constitue un choix polyvalent, fonctionnel et \u00e9l\u00e9gant pour habiller tout lit simple de 90 centim\u00e8tres.<\/p>\n<ul>\n<li>Nombre de pi\u00e8ces: 3 Pi\u00e8ces<\/li>\n<li>Taille: Lit 1 persone<\/li>\n<li>Couleur: Bleu<\/li>\n<li>Dimensions approx.: 27 x 3 x 38 cm<\/li>\n<li>Composition: 100 % polyester<\/li>\n<li>Taille-taie d\u2019oreiller: 45 x 110 cm<\/li>\n<li>Taille Drap housse: 90 x 200 cm<\/li>\n<li>Taille drap: 160 x 245 cm<\/li>\n<\/ul>","protected":false},"excerpt":{"rendered":"<p>Si vous aimez prendre soin de chaque d\u00e9tail de votre maison et d&#8217;\u00eatre \u00e0 la derni\u00e8re mode en mati\u00e8re de produits qui vous rendront la vie plus facile, achetez Jeu de draps Gift Decor Bleu Lit 1 persone 3 Pi\u00e8ces au meilleur prix. Le jeu de draps Gift Decor est sp\u00e9cialement con\u00e7u pour un lit [&hellip;]<\/p>\n","protected":false},"featured_media":194628,"comment_status":"open","ping_status":"closed","template":"","meta":[],"product_brand":[1923],"product_cat":[1884,1532,239],"product_tag":[104],"woo-feed-brand":[],"class_list":{"0":"post-194629","1":"product","2":"type-product","3":"status-publish","4":"has-post-thumbnail","6":"product_brand-brandp_3024","7":"product_cat-draps","8":"product_cat-linge-de-maison","9":"product_cat-maison-jardin","10":"product_tag-tag_1279","12":"first","13":"instock","14":"taxable","15":"shipping-taxable","16":"purchasable","17":"product-type-simple"},"yoast_head":"<!-- This site is optimized with the Yoast SEO plugin v27.6 - https:\/\/yoast.com\/product\/yoast-seo-wordpress\/ -->\n<title>Jeu de draps Gift Decor Bleu Lit 1 persone 3 Pi\u00e8ces | | Tupique<\/title>\n<meta name=\"description\" content=\"Envie d&#039;acheter Jeu de draps Gift Decor Bleu Lit 1 persone 3 Pi\u00e8ces\u00a0? Achetez Jeu de draps Gift Decor Bleu Lit 1 persone 3 Pi\u00e8ces maintenant avec Tupique en 3 versements sans int\u00e9r\u00eat.\" \/>\n<meta name=\"robots\" content=\"index, follow, max-snippet:-1, max-image-preview:large, max-video-preview:-1\" \/>\n<link rel=\"canonical\" href=\"https:\/\/tupique.com\/pt\/product\/jeu-de-draps-gift-decor-bleu-lit-1-persone-3-pieces\/\" \/>\n<meta property=\"og:locale\" content=\"pt_PT\" \/>\n<meta property=\"og:type\" content=\"article\" \/>\n<meta property=\"og:title\" content=\"Jeu de draps Gift Decor Bleu Lit 1 persone 3 Pi\u00e8ces | | Tupique\" \/>\n<meta property=\"og:description\" content=\"Envie d&#039;acheter Jeu de draps Gift Decor Bleu Lit 1 persone 3 Pi\u00e8ces\u00a0? Achetez Jeu de draps Gift Decor Bleu Lit 1 persone 3 Pi\u00e8ces maintenant avec Tupique en 3 versements sans int\u00e9r\u00eat.\" \/>\n<meta property=\"og:url\" content=\"https:\/\/tupique.com\/pt\/product\/jeu-de-draps-gift-decor-bleu-lit-1-persone-3-pieces\/\" \/>\n<meta property=\"og:site_name\" content=\"Tupique\" \/>\n<meta property=\"og:image\" content=\"https:\/\/tupique.com\/wp-content\/uploads\/2026\/05\/8430852923899_S3632781_P00.jpg\" \/>\n\t<meta property=\"og:image:width\" content=\"1200\" \/>\n\t<meta property=\"og:image:height\" content=\"1200\" \/>\n\t<meta property=\"og:image:type\" content=\"image\/jpeg\" \/>\n<meta name=\"twitter:card\" content=\"summary_large_image\" \/>\n<meta name=\"twitter:label1\" content=\"Tempo estimado de leitura\" \/>\n\t<meta name=\"twitter:data1\" content=\"1 minuto\" \/>\n<script type=\"application\/ld+json\" class=\"yoast-schema-graph\">{\"@context\":\"https:\\\/\\\/schema.org\",\"@graph\":[{\"@type\":\"WebPage\",\"@id\":\"https:\\\/\\\/tupique.com\\\/pt\\\/product\\\/jeu-de-draps-gift-decor-bleu-lit-1-persone-3-pieces\\\/\",\"url\":\"https:\\\/\\\/tupique.com\\\/pt\\\/product\\\/jeu-de-draps-gift-decor-bleu-lit-1-persone-3-pieces\\\/\",\"name\":\"Jeu de draps Gift Decor Bleu Lit 1 persone 3 Pi\u00e8ces | | Tupique\",\"isPartOf\":{\"@id\":\"https:\\\/\\\/tupique.com\\\/#website\"},\"primaryImageOfPage\":{\"@id\":\"https:\\\/\\\/tupique.com\\\/pt\\\/product\\\/jeu-de-draps-gift-decor-bleu-lit-1-persone-3-pieces\\\/#primaryimage\"},\"image\":{\"@id\":\"https:\\\/\\\/tupique.com\\\/pt\\\/product\\\/jeu-de-draps-gift-decor-bleu-lit-1-persone-3-pieces\\\/#primaryimage\"},\"thumbnailUrl\":\"https:\\\/\\\/tupique.com\\\/wp-content\\\/uploads\\\/2026\\\/05\\\/8430852923899_S3632781_P00.jpg\",\"datePublished\":\"2026-05-12T02:51:08+00:00\",\"description\":\"Envie d'acheter Jeu de draps Gift Decor Bleu Lit 1 persone 3 Pi\u00e8ces\u00a0? Achetez Jeu de draps Gift Decor Bleu Lit 1 persone 3 Pi\u00e8ces maintenant avec Tupique en 3 versements sans int\u00e9r\u00eat.\",\"breadcrumb\":{\"@id\":\"https:\\\/\\\/tupique.com\\\/pt\\\/product\\\/jeu-de-draps-gift-decor-bleu-lit-1-persone-3-pieces\\\/#breadcrumb\"},\"inLanguage\":\"pt-PT\",\"potentialAction\":[{\"@type\":\"ReadAction\",\"target\":[\"https:\\\/\\\/tupique.com\\\/pt\\\/product\\\/jeu-de-draps-gift-decor-bleu-lit-1-persone-3-pieces\\\/\"]}]},{\"@type\":\"ImageObject\",\"inLanguage\":\"pt-PT\",\"@id\":\"https:\\\/\\\/tupique.com\\\/pt\\\/product\\\/jeu-de-draps-gift-decor-bleu-lit-1-persone-3-pieces\\\/#primaryimage\",\"url\":\"https:\\\/\\\/tupique.com\\\/wp-content\\\/uploads\\\/2026\\\/05\\\/8430852923899_S3632781_P00.jpg\",\"contentUrl\":\"https:\\\/\\\/tupique.com\\\/wp-content\\\/uploads\\\/2026\\\/05\\\/8430852923899_S3632781_P00.jpg\",\"width\":1200,\"height\":1200,\"caption\":\"S3632781_0\"},{\"@type\":\"BreadcrumbList\",\"@id\":\"https:\\\/\\\/tupique.com\\\/pt\\\/product\\\/jeu-de-draps-gift-decor-bleu-lit-1-persone-3-pieces\\\/#breadcrumb\",\"itemListElement\":[{\"@type\":\"ListItem\",\"position\":1,\"name\":\"commencer\",\"item\":\"https:\\\/\\\/tupique.com\\\/\"},{\"@type\":\"ListItem\",\"position\":2,\"name\":\"Loja\",\"item\":\"https:\\\/\\\/tupique.com\\\/pt\\\/loja\\\/\"},{\"@type\":\"ListItem\",\"position\":3,\"name\":\"Jeu de draps Gift Decor Bleu Lit 1 persone 3 Pi\u00e8ces\"}]},{\"@type\":\"WebSite\",\"@id\":\"https:\\\/\\\/tupique.com\\\/#website\",\"url\":\"https:\\\/\\\/tupique.com\\\/\",\"name\":\"Tupique\",\"description\":\"\",\"publisher\":{\"@id\":\"https:\\\/\\\/tupique.com\\\/#organization\"},\"potentialAction\":[{\"@type\":\"SearchAction\",\"target\":{\"@type\":\"EntryPoint\",\"urlTemplate\":\"https:\\\/\\\/tupique.com\\\/?s={search_term_string}\"},\"query-input\":{\"@type\":\"PropertyValueSpecification\",\"valueRequired\":true,\"valueName\":\"search_term_string\"}}],\"inLanguage\":\"pt-PT\"},{\"@type\":\"Organization\",\"@id\":\"https:\\\/\\\/tupique.com\\\/#organization\",\"name\":\"Tupique\",\"url\":\"https:\\\/\\\/tupique.com\\\/\",\"logo\":{\"@type\":\"ImageObject\",\"inLanguage\":\"pt-PT\",\"@id\":\"https:\\\/\\\/tupique.com\\\/#\\\/schema\\\/logo\\\/image\\\/\",\"url\":\"https:\\\/\\\/tupique.com\\\/wp-content\\\/uploads\\\/2026\\\/03\\\/logo-tupique-1.webp\",\"contentUrl\":\"https:\\\/\\\/tupique.com\\\/wp-content\\\/uploads\\\/2026\\\/03\\\/logo-tupique-1.webp\",\"width\":500,\"height\":67,\"caption\":\"Tupique\"},\"image\":{\"@id\":\"https:\\\/\\\/tupique.com\\\/#\\\/schema\\\/logo\\\/image\\\/\"}}]}<\/script>\n<!-- \/ Yoast SEO plugin. -->","yoast_head_json":{"title":"Jeu de draps Gift Decor Bleu Lit 1 persone 3 Pi\u00e8ces | | Tupique","description":"Envie d'acheter Jeu de draps Gift Decor Bleu Lit 1 persone 3 Pi\u00e8ces\u00a0? Achetez Jeu de draps Gift Decor Bleu Lit 1 persone 3 Pi\u00e8ces maintenant avec Tupique en 3 versements sans int\u00e9r\u00eat.","robots":{"index":"index","follow":"follow","max-snippet":"max-snippet:-1","max-image-preview":"max-image-preview:large","max-video-preview":"max-video-preview:-1"},"canonical":"https:\/\/tupique.com\/pt\/product\/jeu-de-draps-gift-decor-bleu-lit-1-persone-3-pieces\/","og_locale":"pt_PT","og_type":"article","og_title":"Jeu de draps Gift Decor Bleu Lit 1 persone 3 Pi\u00e8ces | | Tupique","og_description":"Envie d'acheter Jeu de draps Gift Decor Bleu Lit 1 persone 3 Pi\u00e8ces\u00a0? Achetez Jeu de draps Gift Decor Bleu Lit 1 persone 3 Pi\u00e8ces maintenant avec Tupique en 3 versements sans int\u00e9r\u00eat.","og_url":"https:\/\/tupique.com\/pt\/product\/jeu-de-draps-gift-decor-bleu-lit-1-persone-3-pieces\/","og_site_name":"Tupique","og_image":[{"width":1200,"height":1200,"url":"https:\/\/tupique.com\/wp-content\/uploads\/2026\/05\/8430852923899_S3632781_P00.jpg","type":"image\/jpeg"}],"twitter_card":"summary_large_image","twitter_misc":{"Tempo estimado de leitura":"1 minuto"},"schema":{"@context":"https:\/\/schema.org","@graph":[{"@type":"WebPage","@id":"https:\/\/tupique.com\/pt\/product\/jeu-de-draps-gift-decor-bleu-lit-1-persone-3-pieces\/","url":"https:\/\/tupique.com\/pt\/product\/jeu-de-draps-gift-decor-bleu-lit-1-persone-3-pieces\/","name":"Jeu de draps Gift Decor Bleu Lit 1 persone 3 Pi\u00e8ces | | Tupique","isPartOf":{"@id":"https:\/\/tupique.com\/#website"},"primaryImageOfPage":{"@id":"https:\/\/tupique.com\/pt\/product\/jeu-de-draps-gift-decor-bleu-lit-1-persone-3-pieces\/#primaryimage"},"image":{"@id":"https:\/\/tupique.com\/pt\/product\/jeu-de-draps-gift-decor-bleu-lit-1-persone-3-pieces\/#primaryimage"},"thumbnailUrl":"https:\/\/tupique.com\/wp-content\/uploads\/2026\/05\/8430852923899_S3632781_P00.jpg","datePublished":"2026-05-12T02:51:08+00:00","description":"Envie d'acheter Jeu de draps Gift Decor Bleu Lit 1 persone 3 Pi\u00e8ces\u00a0? Achetez Jeu de draps Gift Decor Bleu Lit 1 persone 3 Pi\u00e8ces maintenant avec Tupique en 3 versements sans int\u00e9r\u00eat.","breadcrumb":{"@id":"https:\/\/tupique.com\/pt\/product\/jeu-de-draps-gift-decor-bleu-lit-1-persone-3-pieces\/#breadcrumb"},"inLanguage":"pt-PT","potentialAction":[{"@type":"ReadAction","target":["https:\/\/tupique.com\/pt\/product\/jeu-de-draps-gift-decor-bleu-lit-1-persone-3-pieces\/"]}]},{"@type":"ImageObject","inLanguage":"pt-PT","@id":"https:\/\/tupique.com\/pt\/product\/jeu-de-draps-gift-decor-bleu-lit-1-persone-3-pieces\/#primaryimage","url":"https:\/\/tupique.com\/wp-content\/uploads\/2026\/05\/8430852923899_S3632781_P00.jpg","contentUrl":"https:\/\/tupique.com\/wp-content\/uploads\/2026\/05\/8430852923899_S3632781_P00.jpg","width":1200,"height":1200,"caption":"S3632781_0"},{"@type":"BreadcrumbList","@id":"https:\/\/tupique.com\/pt\/product\/jeu-de-draps-gift-decor-bleu-lit-1-persone-3-pieces\/#breadcrumb","itemListElement":[{"@type":"ListItem","position":1,"name":"commencer","item":"https:\/\/tupique.com\/"},{"@type":"ListItem","position":2,"name":"Loja","item":"https:\/\/tupique.com\/pt\/loja\/"},{"@type":"ListItem","position":3,"name":"Jeu de draps Gift Decor Bleu Lit 1 persone 3 Pi\u00e8ces"}]},{"@type":"WebSite","@id":"https:\/\/tupique.com\/#website","url":"https:\/\/tupique.com\/","name":"Tupique","description":"","publisher":{"@id":"https:\/\/tupique.com\/#organization"},"potentialAction":[{"@type":"SearchAction","target":{"@type":"EntryPoint","urlTemplate":"https:\/\/tupique.com\/?s={search_term_string}"},"query-input":{"@type":"PropertyValueSpecification","valueRequired":true,"valueName":"search_term_string"}}],"inLanguage":"pt-PT"},{"@type":"Organization","@id":"https:\/\/tupique.com\/#organization","name":"Tupique","url":"https:\/\/tupique.com\/","logo":{"@type":"ImageObject","inLanguage":"pt-PT","@id":"https:\/\/tupique.com\/#\/schema\/logo\/image\/","url":"https:\/\/tupique.com\/wp-content\/uploads\/2026\/03\/logo-tupique-1.webp","contentUrl":"https:\/\/tupique.com\/wp-content\/uploads\/2026\/03\/logo-tupique-1.webp","width":500,"height":67,"caption":"Tupique"},"image":{"@id":"https:\/\/tupique.com\/#\/schema\/logo\/image\/"}}]}},"_links":{"self":[{"href":"https:\/\/tupique.com\/pt\/wp-json\/wp\/v2\/product\/194629","targetHints":{"allow":["GET"]}}],"collection":[{"href":"https:\/\/tupique.com\/pt\/wp-json\/wp\/v2\/product"}],"about":[{"href":"https:\/\/tupique.com\/pt\/wp-json\/wp\/v2\/types\/product"}],"replies":[{"embeddable":true,"href":"https:\/\/tupique.com\/pt\/wp-json\/wp\/v2\/comments?post=194629"}],"wp:featuredmedia":[{"embeddable":true,"href":"https:\/\/tupique.com\/pt\/wp-json\/wp\/v2\/media\/194628"}],"wp:attachment":[{"href":"https:\/\/tupique.com\/pt\/wp-json\/wp\/v2\/media?parent=194629"}],"wp:term":[{"taxonomy":"product_brand","embeddable":true,"href":"https:\/\/tupique.com\/pt\/wp-json\/wp\/v2\/product_brand?post=194629"},{"taxonomy":"product_cat","embeddable":true,"href":"https:\/\/tupique.com\/pt\/wp-json\/wp\/v2\/product_cat?post=194629"},{"taxonomy":"product_tag","embeddable":true,"href":"https:\/\/tupique.com\/pt\/wp-json\/wp\/v2\/product_tag?post=194629"},{"taxonomy":"woo-feed-brand","embeddable":true,"href":"https:\/\/tupique.com\/pt\/wp-json\/wp\/v2\/woo-feed-brand?post=194629"}],"curies":[{"name":"wp","href":"https:\/\/api.w.org\/{rel}","templated":true}]}}