{"id":194744,"date":"2026-05-12T04:53:56","date_gmt":"2026-05-12T02:53:56","guid":{"rendered":"https:\/\/tupique.com\/product\/bestway-matelas-gonflable-verres-fashion-couleur-assortie-188x71-cm-plage-et-piscine-43014\/"},"modified":"2026-05-12T04:53:56","modified_gmt":"2026-05-12T02:53:56","slug":"bestway-matelas-gonflable-verres-fashion-couleur-assortie-188x71-cm-plage-et-piscine-43014","status":"publish","type":"product","link":"https:\/\/tupique.com\/pt\/product\/bestway-matelas-gonflable-verres-fashion-couleur-assortie-188x71-cm-plage-et-piscine-43014\/","title":{"rendered":"Bestway Matelas Gonflable Verres Fashion Couleur Assortie 188&#215;71 cm Plage et Piscine 43014"},"content":{"rendered":"<p>L&#8217;amusement est assur\u00e9 pour l&#8217;\u00e9t\u00e9, avec ces propositions qui plairont aux petits et aux grands ! Achetez <b>Matelas Gonflable Bestway fashion 188 x 71 cm<\/b> et profitez de votre temps libre !<\/p>\n<ul>\n<li>Dimensions approx.: 188 x 71 cm<\/li>\n<li>Design: fashion<\/li>\n<li>Unit\u00e9s: 1 Unit\u00e9<\/li>\n<li>Type: Matelas Gonflable<\/li>\n<li>Mat\u00e9riel:\n<ul>\n<li>Plastique<\/li>\n<li>PVC<\/li>\n<\/ul>\n<\/li>\n<li>Caract\u00e9ristiques: Nettoyage par chiffon humide<\/li>\n<li>Informations importantes:\n<ul>\n<li>Dessins assortis envoy\u00e9s al\u00e9atoirement selon le stock disponible<\/li>\n<li>L\u2019image peut ne pas montrer tous les mod\u00e8les disponibles.<\/li>\n<\/ul>\n<\/li>\n<li>Utiliza\u00e7\u00e3o recomendada:\n<ul>\n<li>Plage<\/li>\n<li>Ext\u00e9rieur<\/li>\n<li>Jardin<\/li>\n<li>Camping<\/li>\n<\/ul>\n<\/li>\n<li>Pays \/ r\u00e9gion de fabrication: Espagne<\/li>\n<li>Idade recomendada:\n<ul>\n<li>+ 3 ans<\/li>\n<li>Adultes<\/li>\n<\/ul>\n<\/li>\n<li>Genre: Adultes unisexes<\/li>\n<li>Hauteur: 32 cm<\/li>\n<li>Inclut: Oreiller<\/li>\n<\/ul>","protected":false},"excerpt":{"rendered":"<p><span class=\"unit-info\">27.9900 &euro; \/ 1 unit<\/span><\/p>","protected":false},"featured_media":194740,"comment_status":"open","ping_status":"closed","template":"","meta":[],"product_brand":[1771],"product_cat":[2263,1769,1764],"product_tag":[2247,57,721,1816,211],"woo-feed-brand":[],"class_list":{"0":"post-194744","1":"product","2":"type-product","3":"status-publish","4":"has-post-thumbnail","6":"product_brand-brandp_520","7":"product_cat-gonflables","8":"product_cat-plage-et-piscine","9":"product_cat-sports-loisirs","10":"product_tag-tag_32","11":"product_tag-tag_1275","12":"product_tag-tag_124","13":"product_tag-tag_1272","14":"product_tag-tag_3","16":"first","17":"instock","18":"taxable","19":"shipping-taxable","20":"purchasable","21":"product-type-simple"},"yoast_head":"<!-- This site is optimized with the Yoast SEO plugin v27.6 - https:\/\/yoast.com\/product\/yoast-seo-wordpress\/ -->\n<title>Bestway Matelas Gonflable Verres Fashion Couleur Assortie 188x71 cm Plage et Piscine 43014 | | Tupique<\/title>\n<meta name=\"description\" content=\"Envie d&#039;acheter Bestway Matelas Gonflable Verres Fashion Couleur Assortie 188x71 cm Plage et Piscine 43014\u00a0? Achetez Bestway Matelas Gonflable Verres Fashion Couleur Assortie 188x71 cm Plage et Piscine 43014 maintenant avec Tupique en 3 versements sans int\u00e9r\u00eat.\" \/>\n<meta name=\"robots\" content=\"index, follow, max-snippet:-1, max-image-preview:large, max-video-preview:-1\" \/>\n<link rel=\"canonical\" href=\"https:\/\/tupique.com\/pt\/product\/bestway-matelas-gonflable-verres-fashion-couleur-assortie-188x71-cm-plage-et-piscine-43014\/\" \/>\n<meta property=\"og:locale\" content=\"pt_PT\" \/>\n<meta property=\"og:type\" content=\"article\" \/>\n<meta property=\"og:title\" content=\"Bestway Matelas Gonflable Verres Fashion Couleur Assortie 188x71 cm Plage et Piscine 43014 | | Tupique\" \/>\n<meta property=\"og:description\" content=\"Envie d&#039;acheter Bestway Matelas Gonflable Verres Fashion Couleur Assortie 188x71 cm Plage et Piscine 43014\u00a0? Achetez Bestway Matelas Gonflable Verres Fashion Couleur Assortie 188x71 cm Plage et Piscine 43014 maintenant avec Tupique en 3 versements sans int\u00e9r\u00eat.\" \/>\n<meta property=\"og:url\" content=\"https:\/\/tupique.com\/pt\/product\/bestway-matelas-gonflable-verres-fashion-couleur-assortie-188x71-cm-plage-et-piscine-43014\/\" \/>\n<meta property=\"og:site_name\" content=\"Tupique\" \/>\n<meta property=\"og:image\" content=\"https:\/\/tupique.com\/wp-content\/uploads\/2026\/05\/6942138967784_D1400258_P01.jpg\" \/>\n\t<meta property=\"og:image:width\" content=\"1200\" \/>\n\t<meta property=\"og:image:height\" content=\"1200\" \/>\n\t<meta property=\"og:image:type\" content=\"image\/jpeg\" \/>\n<meta name=\"twitter:card\" content=\"summary_large_image\" \/>\n<script type=\"application\/ld+json\" class=\"yoast-schema-graph\">{\"@context\":\"https:\\\/\\\/schema.org\",\"@graph\":[{\"@type\":\"WebPage\",\"@id\":\"https:\\\/\\\/tupique.com\\\/product\\\/bestway-matelas-gonflable-verres-fashion-couleur-assortie-188x71-cm-plage-et-piscine-43014\\\/\",\"url\":\"https:\\\/\\\/tupique.com\\\/product\\\/bestway-matelas-gonflable-verres-fashion-couleur-assortie-188x71-cm-plage-et-piscine-43014\\\/\",\"name\":\"Bestway Matelas Gonflable Verres Fashion Couleur Assortie 188x71 cm Plage et Piscine 43014 | | Tupique\",\"isPartOf\":{\"@id\":\"https:\\\/\\\/tupique.com\\\/#website\"},\"primaryImageOfPage\":{\"@id\":\"https:\\\/\\\/tupique.com\\\/product\\\/bestway-matelas-gonflable-verres-fashion-couleur-assortie-188x71-cm-plage-et-piscine-43014\\\/#primaryimage\"},\"image\":{\"@id\":\"https:\\\/\\\/tupique.com\\\/product\\\/bestway-matelas-gonflable-verres-fashion-couleur-assortie-188x71-cm-plage-et-piscine-43014\\\/#primaryimage\"},\"thumbnailUrl\":\"https:\\\/\\\/tupique.com\\\/wp-content\\\/uploads\\\/2026\\\/05\\\/6942138967784_D1400258_P01.jpg\",\"datePublished\":\"2026-05-12T02:53:56+00:00\",\"description\":\"Envie d'acheter Bestway Matelas Gonflable Verres Fashion Couleur Assortie 188x71 cm Plage et Piscine 43014\u00a0? Achetez Bestway Matelas Gonflable Verres Fashion Couleur Assortie 188x71 cm Plage et Piscine 43014 maintenant avec Tupique en 3 versements sans int\u00e9r\u00eat.\",\"breadcrumb\":{\"@id\":\"https:\\\/\\\/tupique.com\\\/product\\\/bestway-matelas-gonflable-verres-fashion-couleur-assortie-188x71-cm-plage-et-piscine-43014\\\/#breadcrumb\"},\"inLanguage\":\"pt-PT\",\"potentialAction\":[{\"@type\":\"ReadAction\",\"target\":[\"https:\\\/\\\/tupique.com\\\/product\\\/bestway-matelas-gonflable-verres-fashion-couleur-assortie-188x71-cm-plage-et-piscine-43014\\\/\"]}]},{\"@type\":\"ImageObject\",\"inLanguage\":\"pt-PT\",\"@id\":\"https:\\\/\\\/tupique.com\\\/product\\\/bestway-matelas-gonflable-verres-fashion-couleur-assortie-188x71-cm-plage-et-piscine-43014\\\/#primaryimage\",\"url\":\"https:\\\/\\\/tupique.com\\\/wp-content\\\/uploads\\\/2026\\\/05\\\/6942138967784_D1400258_P01.jpg\",\"contentUrl\":\"https:\\\/\\\/tupique.com\\\/wp-content\\\/uploads\\\/2026\\\/05\\\/6942138967784_D1400258_P01.jpg\",\"width\":1200,\"height\":1200,\"caption\":\"D1400258_0\"},{\"@type\":\"BreadcrumbList\",\"@id\":\"https:\\\/\\\/tupique.com\\\/product\\\/bestway-matelas-gonflable-verres-fashion-couleur-assortie-188x71-cm-plage-et-piscine-43014\\\/#breadcrumb\",\"itemListElement\":[{\"@type\":\"ListItem\",\"position\":1,\"name\":\"commencer\",\"item\":\"https:\\\/\\\/tupique.com\\\/\"},{\"@type\":\"ListItem\",\"position\":2,\"name\":\"Loja\",\"item\":\"https:\\\/\\\/tupique.com\\\/pt\\\/loja\\\/\"},{\"@type\":\"ListItem\",\"position\":3,\"name\":\"Bestway Matelas Gonflable Verres Fashion Couleur Assortie 188&#215;71 cm Plage et Piscine 43014\"}]},{\"@type\":\"WebSite\",\"@id\":\"https:\\\/\\\/tupique.com\\\/#website\",\"url\":\"https:\\\/\\\/tupique.com\\\/\",\"name\":\"Tupique\",\"description\":\"\",\"publisher\":{\"@id\":\"https:\\\/\\\/tupique.com\\\/#organization\"},\"potentialAction\":[{\"@type\":\"SearchAction\",\"target\":{\"@type\":\"EntryPoint\",\"urlTemplate\":\"https:\\\/\\\/tupique.com\\\/?s={search_term_string}\"},\"query-input\":{\"@type\":\"PropertyValueSpecification\",\"valueRequired\":true,\"valueName\":\"search_term_string\"}}],\"inLanguage\":\"pt-PT\"},{\"@type\":\"Organization\",\"@id\":\"https:\\\/\\\/tupique.com\\\/#organization\",\"name\":\"Tupique\",\"url\":\"https:\\\/\\\/tupique.com\\\/\",\"logo\":{\"@type\":\"ImageObject\",\"inLanguage\":\"pt-PT\",\"@id\":\"https:\\\/\\\/tupique.com\\\/#\\\/schema\\\/logo\\\/image\\\/\",\"url\":\"https:\\\/\\\/tupique.com\\\/wp-content\\\/uploads\\\/2026\\\/03\\\/logo-tupique-1.webp\",\"contentUrl\":\"https:\\\/\\\/tupique.com\\\/wp-content\\\/uploads\\\/2026\\\/03\\\/logo-tupique-1.webp\",\"width\":500,\"height\":67,\"caption\":\"Tupique\"},\"image\":{\"@id\":\"https:\\\/\\\/tupique.com\\\/#\\\/schema\\\/logo\\\/image\\\/\"}}]}<\/script>\n<!-- \/ Yoast SEO plugin. -->","yoast_head_json":{"title":"Bestway Matelas Gonflable Verres Fashion Couleur Assortie 188x71 cm Plage et Piscine 43014 | | Tupique","description":"Envie d'acheter Bestway Matelas Gonflable Verres Fashion Couleur Assortie 188x71 cm Plage et Piscine 43014\u00a0? Achetez Bestway Matelas Gonflable Verres Fashion Couleur Assortie 188x71 cm Plage et Piscine 43014 maintenant avec Tupique en 3 versements sans int\u00e9r\u00eat.","robots":{"index":"index","follow":"follow","max-snippet":"max-snippet:-1","max-image-preview":"max-image-preview:large","max-video-preview":"max-video-preview:-1"},"canonical":"https:\/\/tupique.com\/pt\/product\/bestway-matelas-gonflable-verres-fashion-couleur-assortie-188x71-cm-plage-et-piscine-43014\/","og_locale":"pt_PT","og_type":"article","og_title":"Bestway Matelas Gonflable Verres Fashion Couleur Assortie 188x71 cm Plage et Piscine 43014 | | Tupique","og_description":"Envie d'acheter Bestway Matelas Gonflable Verres Fashion Couleur Assortie 188x71 cm Plage et Piscine 43014\u00a0? Achetez Bestway Matelas Gonflable Verres Fashion Couleur Assortie 188x71 cm Plage et Piscine 43014 maintenant avec Tupique en 3 versements sans int\u00e9r\u00eat.","og_url":"https:\/\/tupique.com\/pt\/product\/bestway-matelas-gonflable-verres-fashion-couleur-assortie-188x71-cm-plage-et-piscine-43014\/","og_site_name":"Tupique","og_image":[{"width":1200,"height":1200,"url":"https:\/\/tupique.com\/wp-content\/uploads\/2026\/05\/6942138967784_D1400258_P01.jpg","type":"image\/jpeg"}],"twitter_card":"summary_large_image","schema":{"@context":"https:\/\/schema.org","@graph":[{"@type":"WebPage","@id":"https:\/\/tupique.com\/product\/bestway-matelas-gonflable-verres-fashion-couleur-assortie-188x71-cm-plage-et-piscine-43014\/","url":"https:\/\/tupique.com\/product\/bestway-matelas-gonflable-verres-fashion-couleur-assortie-188x71-cm-plage-et-piscine-43014\/","name":"Bestway Matelas Gonflable Verres Fashion Couleur Assortie 188x71 cm Plage et Piscine 43014 | | Tupique","isPartOf":{"@id":"https:\/\/tupique.com\/#website"},"primaryImageOfPage":{"@id":"https:\/\/tupique.com\/product\/bestway-matelas-gonflable-verres-fashion-couleur-assortie-188x71-cm-plage-et-piscine-43014\/#primaryimage"},"image":{"@id":"https:\/\/tupique.com\/product\/bestway-matelas-gonflable-verres-fashion-couleur-assortie-188x71-cm-plage-et-piscine-43014\/#primaryimage"},"thumbnailUrl":"https:\/\/tupique.com\/wp-content\/uploads\/2026\/05\/6942138967784_D1400258_P01.jpg","datePublished":"2026-05-12T02:53:56+00:00","description":"Envie d'acheter Bestway Matelas Gonflable Verres Fashion Couleur Assortie 188x71 cm Plage et Piscine 43014\u00a0? Achetez Bestway Matelas Gonflable Verres Fashion Couleur Assortie 188x71 cm Plage et Piscine 43014 maintenant avec Tupique en 3 versements sans int\u00e9r\u00eat.","breadcrumb":{"@id":"https:\/\/tupique.com\/product\/bestway-matelas-gonflable-verres-fashion-couleur-assortie-188x71-cm-plage-et-piscine-43014\/#breadcrumb"},"inLanguage":"pt-PT","potentialAction":[{"@type":"ReadAction","target":["https:\/\/tupique.com\/product\/bestway-matelas-gonflable-verres-fashion-couleur-assortie-188x71-cm-plage-et-piscine-43014\/"]}]},{"@type":"ImageObject","inLanguage":"pt-PT","@id":"https:\/\/tupique.com\/product\/bestway-matelas-gonflable-verres-fashion-couleur-assortie-188x71-cm-plage-et-piscine-43014\/#primaryimage","url":"https:\/\/tupique.com\/wp-content\/uploads\/2026\/05\/6942138967784_D1400258_P01.jpg","contentUrl":"https:\/\/tupique.com\/wp-content\/uploads\/2026\/05\/6942138967784_D1400258_P01.jpg","width":1200,"height":1200,"caption":"D1400258_0"},{"@type":"BreadcrumbList","@id":"https:\/\/tupique.com\/product\/bestway-matelas-gonflable-verres-fashion-couleur-assortie-188x71-cm-plage-et-piscine-43014\/#breadcrumb","itemListElement":[{"@type":"ListItem","position":1,"name":"commencer","item":"https:\/\/tupique.com\/"},{"@type":"ListItem","position":2,"name":"Loja","item":"https:\/\/tupique.com\/pt\/loja\/"},{"@type":"ListItem","position":3,"name":"Bestway Matelas Gonflable Verres Fashion Couleur Assortie 188&#215;71 cm Plage et Piscine 43014"}]},{"@type":"WebSite","@id":"https:\/\/tupique.com\/#website","url":"https:\/\/tupique.com\/","name":"Tupique","description":"","publisher":{"@id":"https:\/\/tupique.com\/#organization"},"potentialAction":[{"@type":"SearchAction","target":{"@type":"EntryPoint","urlTemplate":"https:\/\/tupique.com\/?s={search_term_string}"},"query-input":{"@type":"PropertyValueSpecification","valueRequired":true,"valueName":"search_term_string"}}],"inLanguage":"pt-PT"},{"@type":"Organization","@id":"https:\/\/tupique.com\/#organization","name":"Tupique","url":"https:\/\/tupique.com\/","logo":{"@type":"ImageObject","inLanguage":"pt-PT","@id":"https:\/\/tupique.com\/#\/schema\/logo\/image\/","url":"https:\/\/tupique.com\/wp-content\/uploads\/2026\/03\/logo-tupique-1.webp","contentUrl":"https:\/\/tupique.com\/wp-content\/uploads\/2026\/03\/logo-tupique-1.webp","width":500,"height":67,"caption":"Tupique"},"image":{"@id":"https:\/\/tupique.com\/#\/schema\/logo\/image\/"}}]}},"_links":{"self":[{"href":"https:\/\/tupique.com\/pt\/wp-json\/wp\/v2\/product\/194744","targetHints":{"allow":["GET"]}}],"collection":[{"href":"https:\/\/tupique.com\/pt\/wp-json\/wp\/v2\/product"}],"about":[{"href":"https:\/\/tupique.com\/pt\/wp-json\/wp\/v2\/types\/product"}],"replies":[{"embeddable":true,"href":"https:\/\/tupique.com\/pt\/wp-json\/wp\/v2\/comments?post=194744"}],"wp:featuredmedia":[{"embeddable":true,"href":"https:\/\/tupique.com\/pt\/wp-json\/wp\/v2\/media\/194740"}],"wp:attachment":[{"href":"https:\/\/tupique.com\/pt\/wp-json\/wp\/v2\/media?parent=194744"}],"wp:term":[{"taxonomy":"product_brand","embeddable":true,"href":"https:\/\/tupique.com\/pt\/wp-json\/wp\/v2\/product_brand?post=194744"},{"taxonomy":"product_cat","embeddable":true,"href":"https:\/\/tupique.com\/pt\/wp-json\/wp\/v2\/product_cat?post=194744"},{"taxonomy":"product_tag","embeddable":true,"href":"https:\/\/tupique.com\/pt\/wp-json\/wp\/v2\/product_tag?post=194744"},{"taxonomy":"woo-feed-brand","embeddable":true,"href":"https:\/\/tupique.com\/pt\/wp-json\/wp\/v2\/woo-feed-brand?post=194744"}],"curies":[{"name":"wp","href":"https:\/\/api.w.org\/{rel}","templated":true}]}}