{"id":194821,"date":"2026-05-12T05:06:43","date_gmt":"2026-05-12T03:06:43","guid":{"rendered":"https:\/\/tupique.com\/product\/bestway-matelas-gonflable-fashion-couleur-assortie-183x69-cm-plage-et-piscine-44033\/"},"modified":"2026-05-12T05:06:43","modified_gmt":"2026-05-12T03:06:43","slug":"bestway-matelas-gonflable-fashion-couleur-assortie-183x69-cm-plage-et-piscine-44033","status":"publish","type":"product","link":"https:\/\/tupique.com\/pt\/product\/bestway-matelas-gonflable-fashion-couleur-assortie-183x69-cm-plage-et-piscine-44033\/","title":{"rendered":"Bestway Matelas Gonflable Fashion Couleur Assortie 183&#215;69 cm Plage et Piscine 44033"},"content":{"rendered":"<p>L&#8217;amusement est assur\u00e9 pour l&#8217;\u00e9t\u00e9, avec ces propositions qui plairont aux petits et aux grands ! Achetez <b>Matelas Gonflable Bestway fashion 183 x 69 cm<\/b> et profitez de votre temps libre !<\/p>\n<p>Ler <b>matelas gonflable<\/b> multicolore de <b>Bestway<\/b> est le compl\u00e9ment parfait pour profiter de l&#8217;\u00e9t\u00e9 \u00e0 la piscine ou \u00e0 la plage. Con\u00e7u pour <b>adultos<\/b>, ce matelas est fabriqu\u00e9 avec un <b>mat\u00e9riau plastique<\/b> r\u00e9sistant, garantissant durabilit\u00e9 et confort. Ses <b>dimensions approximatives<\/b> de <b>183 x 69 cm<\/b> offrent un espace g\u00e9n\u00e9reux pour se d\u00e9tendre et flotter, tandis que sa taille pli\u00e9e de <b>54 x 170 x 15 cm<\/b> facilite son transport et son stockage. Id\u00e9al pour ceux qui recherchent une option pratique et attrayante, ce matelas fournit non seulement un espace confortable pour se reposer, mais ajoute \u00e9galement une touche vibrante \u00e0 tout environnement estival. Con\u00e7u pour s&#8217;int\u00e9grer facilement dans toute journ\u00e9e de loisirs en plein air, c&#8217;est le choix id\u00e9al pour les amateurs d&#8217;\u00e9t\u00e9 et d&#8217;activit\u00e9s aquatiques. Avec ce matelas de <b>Bestway<\/b>, le plaisir et la d\u00e9tente sont assur\u00e9s.<\/p>\n<ul>\n<li>Dimensions approx.: 183 x 69 cm<\/li>\n<li>Design: fashion<\/li>\n<li>Informations importantes: Dessins assortis envoy\u00e9s al\u00e9atoirement selon le stock disponible<\/li>\n<li>Unit\u00e9s: 1 Unit\u00e9<\/li>\n<li>\u00c2ge recommand\u00e9: Adultes<\/li>\n<li>Type: Matelas Gonflable<\/li>\n<li>Couleur: Multicouleur<\/li>\n<li>Mat\u00e9riel: Plastique<\/li>\n<li>Caract\u00e9ristiques: Nettoyage par chiffon humide<\/li>\n<li>Utiliza\u00e7\u00e3o recomendada:\n<ul>\n<li>Plage<\/li>\n<li>Ext\u00e9rieur<\/li>\n<li>Jardin<\/li>\n<li>Camping<\/li>\n<\/ul>\n<\/li>\n<li>Poids: 200 g<\/li>\n<li>Longueur: 15 cm<\/li>\n<\/ul>\n<p>Informations importantes: Dessins assortis envoy\u00e9s al\u00e9atoirement selon le stock disponible.<\/p>","protected":false},"excerpt":{"rendered":"<p><span class=\"unit-info\">24.9900 &euro; \/ 1 unit<\/span><\/p>","protected":false},"featured_media":194817,"comment_status":"open","ping_status":"closed","template":"","meta":[],"product_brand":[1771],"product_cat":[2263,1769,1764],"product_tag":[2247,57,721,1816,211],"woo-feed-brand":[],"class_list":{"0":"post-194821","1":"product","2":"type-product","3":"status-publish","4":"has-post-thumbnail","6":"product_brand-brandp_520","7":"product_cat-gonflables","8":"product_cat-plage-et-piscine","9":"product_cat-sports-loisirs","10":"product_tag-tag_32","11":"product_tag-tag_1275","12":"product_tag-tag_124","13":"product_tag-tag_1272","14":"product_tag-tag_3","16":"first","17":"instock","18":"taxable","19":"shipping-taxable","20":"purchasable","21":"product-type-simple"},"yoast_head":"<!-- This site is optimized with the Yoast SEO plugin v27.6 - https:\/\/yoast.com\/product\/yoast-seo-wordpress\/ -->\n<title>Bestway Matelas Gonflable Fashion Couleur Assortie 183x69 cm Plage et Piscine 44033 | | Tupique<\/title>\n<meta name=\"description\" content=\"Envie d&#039;acheter Bestway Matelas Gonflable Fashion Couleur Assortie 183x69 cm Plage et Piscine 44033\u00a0? Achetez Bestway Matelas Gonflable Fashion Couleur Assortie 183x69 cm Plage et Piscine 44033 maintenant avec Tupique en 3 versements sans int\u00e9r\u00eat.\" \/>\n<meta name=\"robots\" content=\"index, follow, max-snippet:-1, max-image-preview:large, max-video-preview:-1\" \/>\n<link rel=\"canonical\" href=\"https:\/\/tupique.com\/pt\/product\/bestway-matelas-gonflable-fashion-couleur-assortie-183x69-cm-plage-et-piscine-44033\/\" \/>\n<meta property=\"og:locale\" content=\"pt_PT\" \/>\n<meta property=\"og:type\" content=\"article\" \/>\n<meta property=\"og:title\" content=\"Bestway Matelas Gonflable Fashion Couleur Assortie 183x69 cm Plage et Piscine 44033 | | Tupique\" \/>\n<meta property=\"og:description\" content=\"Envie d&#039;acheter Bestway Matelas Gonflable Fashion Couleur Assortie 183x69 cm Plage et Piscine 44033\u00a0? Achetez Bestway Matelas Gonflable Fashion Couleur Assortie 183x69 cm Plage et Piscine 44033 maintenant avec Tupique en 3 versements sans int\u00e9r\u00eat.\" \/>\n<meta property=\"og:url\" content=\"https:\/\/tupique.com\/pt\/product\/bestway-matelas-gonflable-fashion-couleur-assortie-183x69-cm-plage-et-piscine-44033\/\" \/>\n<meta property=\"og:site_name\" content=\"Tupique\" \/>\n<meta property=\"og:image\" content=\"https:\/\/tupique.com\/wp-content\/uploads\/2026\/05\/6941607320549_D1400315_P01.jpg\" \/>\n\t<meta property=\"og:image:width\" content=\"1200\" \/>\n\t<meta property=\"og:image:height\" content=\"1200\" \/>\n\t<meta property=\"og:image:type\" content=\"image\/jpeg\" \/>\n<meta name=\"twitter:card\" content=\"summary_large_image\" \/>\n<meta name=\"twitter:label1\" content=\"Tempo estimado de leitura\" \/>\n\t<meta name=\"twitter:data1\" content=\"1 minuto\" \/>\n<script type=\"application\/ld+json\" class=\"yoast-schema-graph\">{\"@context\":\"https:\\\/\\\/schema.org\",\"@graph\":[{\"@type\":\"WebPage\",\"@id\":\"https:\\\/\\\/tupique.com\\\/product\\\/bestway-matelas-gonflable-fashion-couleur-assortie-183x69-cm-plage-et-piscine-44033\\\/\",\"url\":\"https:\\\/\\\/tupique.com\\\/product\\\/bestway-matelas-gonflable-fashion-couleur-assortie-183x69-cm-plage-et-piscine-44033\\\/\",\"name\":\"Bestway Matelas Gonflable Fashion Couleur Assortie 183x69 cm Plage et Piscine 44033 | | Tupique\",\"isPartOf\":{\"@id\":\"https:\\\/\\\/tupique.com\\\/#website\"},\"primaryImageOfPage\":{\"@id\":\"https:\\\/\\\/tupique.com\\\/product\\\/bestway-matelas-gonflable-fashion-couleur-assortie-183x69-cm-plage-et-piscine-44033\\\/#primaryimage\"},\"image\":{\"@id\":\"https:\\\/\\\/tupique.com\\\/product\\\/bestway-matelas-gonflable-fashion-couleur-assortie-183x69-cm-plage-et-piscine-44033\\\/#primaryimage\"},\"thumbnailUrl\":\"https:\\\/\\\/tupique.com\\\/wp-content\\\/uploads\\\/2026\\\/05\\\/6941607320549_D1400315_P01.jpg\",\"datePublished\":\"2026-05-12T03:06:43+00:00\",\"description\":\"Envie d'acheter Bestway Matelas Gonflable Fashion Couleur Assortie 183x69 cm Plage et Piscine 44033\u00a0? Achetez Bestway Matelas Gonflable Fashion Couleur Assortie 183x69 cm Plage et Piscine 44033 maintenant avec Tupique en 3 versements sans int\u00e9r\u00eat.\",\"breadcrumb\":{\"@id\":\"https:\\\/\\\/tupique.com\\\/product\\\/bestway-matelas-gonflable-fashion-couleur-assortie-183x69-cm-plage-et-piscine-44033\\\/#breadcrumb\"},\"inLanguage\":\"pt-PT\",\"potentialAction\":[{\"@type\":\"ReadAction\",\"target\":[\"https:\\\/\\\/tupique.com\\\/product\\\/bestway-matelas-gonflable-fashion-couleur-assortie-183x69-cm-plage-et-piscine-44033\\\/\"]}]},{\"@type\":\"ImageObject\",\"inLanguage\":\"pt-PT\",\"@id\":\"https:\\\/\\\/tupique.com\\\/product\\\/bestway-matelas-gonflable-fashion-couleur-assortie-183x69-cm-plage-et-piscine-44033\\\/#primaryimage\",\"url\":\"https:\\\/\\\/tupique.com\\\/wp-content\\\/uploads\\\/2026\\\/05\\\/6941607320549_D1400315_P01.jpg\",\"contentUrl\":\"https:\\\/\\\/tupique.com\\\/wp-content\\\/uploads\\\/2026\\\/05\\\/6941607320549_D1400315_P01.jpg\",\"width\":1200,\"height\":1200,\"caption\":\"D1400315_0\"},{\"@type\":\"BreadcrumbList\",\"@id\":\"https:\\\/\\\/tupique.com\\\/product\\\/bestway-matelas-gonflable-fashion-couleur-assortie-183x69-cm-plage-et-piscine-44033\\\/#breadcrumb\",\"itemListElement\":[{\"@type\":\"ListItem\",\"position\":1,\"name\":\"commencer\",\"item\":\"https:\\\/\\\/tupique.com\\\/\"},{\"@type\":\"ListItem\",\"position\":2,\"name\":\"Loja\",\"item\":\"https:\\\/\\\/tupique.com\\\/pt\\\/loja\\\/\"},{\"@type\":\"ListItem\",\"position\":3,\"name\":\"Bestway Matelas Gonflable Fashion Couleur Assortie 183&#215;69 cm Plage et Piscine 44033\"}]},{\"@type\":\"WebSite\",\"@id\":\"https:\\\/\\\/tupique.com\\\/#website\",\"url\":\"https:\\\/\\\/tupique.com\\\/\",\"name\":\"Tupique\",\"description\":\"\",\"publisher\":{\"@id\":\"https:\\\/\\\/tupique.com\\\/#organization\"},\"potentialAction\":[{\"@type\":\"SearchAction\",\"target\":{\"@type\":\"EntryPoint\",\"urlTemplate\":\"https:\\\/\\\/tupique.com\\\/?s={search_term_string}\"},\"query-input\":{\"@type\":\"PropertyValueSpecification\",\"valueRequired\":true,\"valueName\":\"search_term_string\"}}],\"inLanguage\":\"pt-PT\"},{\"@type\":\"Organization\",\"@id\":\"https:\\\/\\\/tupique.com\\\/#organization\",\"name\":\"Tupique\",\"url\":\"https:\\\/\\\/tupique.com\\\/\",\"logo\":{\"@type\":\"ImageObject\",\"inLanguage\":\"pt-PT\",\"@id\":\"https:\\\/\\\/tupique.com\\\/#\\\/schema\\\/logo\\\/image\\\/\",\"url\":\"https:\\\/\\\/tupique.com\\\/wp-content\\\/uploads\\\/2026\\\/03\\\/logo-tupique-1.webp\",\"contentUrl\":\"https:\\\/\\\/tupique.com\\\/wp-content\\\/uploads\\\/2026\\\/03\\\/logo-tupique-1.webp\",\"width\":500,\"height\":67,\"caption\":\"Tupique\"},\"image\":{\"@id\":\"https:\\\/\\\/tupique.com\\\/#\\\/schema\\\/logo\\\/image\\\/\"}}]}<\/script>\n<!-- \/ Yoast SEO plugin. -->","yoast_head_json":{"title":"Bestway Matelas Gonflable Fashion Couleur Assortie 183x69 cm Plage et Piscine 44033 | | Tupique","description":"Envie d'acheter Bestway Matelas Gonflable Fashion Couleur Assortie 183x69 cm Plage et Piscine 44033\u00a0? Achetez Bestway Matelas Gonflable Fashion Couleur Assortie 183x69 cm Plage et Piscine 44033 maintenant avec Tupique en 3 versements sans int\u00e9r\u00eat.","robots":{"index":"index","follow":"follow","max-snippet":"max-snippet:-1","max-image-preview":"max-image-preview:large","max-video-preview":"max-video-preview:-1"},"canonical":"https:\/\/tupique.com\/pt\/product\/bestway-matelas-gonflable-fashion-couleur-assortie-183x69-cm-plage-et-piscine-44033\/","og_locale":"pt_PT","og_type":"article","og_title":"Bestway Matelas Gonflable Fashion Couleur Assortie 183x69 cm Plage et Piscine 44033 | | Tupique","og_description":"Envie d'acheter Bestway Matelas Gonflable Fashion Couleur Assortie 183x69 cm Plage et Piscine 44033\u00a0? Achetez Bestway Matelas Gonflable Fashion Couleur Assortie 183x69 cm Plage et Piscine 44033 maintenant avec Tupique en 3 versements sans int\u00e9r\u00eat.","og_url":"https:\/\/tupique.com\/pt\/product\/bestway-matelas-gonflable-fashion-couleur-assortie-183x69-cm-plage-et-piscine-44033\/","og_site_name":"Tupique","og_image":[{"width":1200,"height":1200,"url":"https:\/\/tupique.com\/wp-content\/uploads\/2026\/05\/6941607320549_D1400315_P01.jpg","type":"image\/jpeg"}],"twitter_card":"summary_large_image","twitter_misc":{"Tempo estimado de leitura":"1 minuto"},"schema":{"@context":"https:\/\/schema.org","@graph":[{"@type":"WebPage","@id":"https:\/\/tupique.com\/product\/bestway-matelas-gonflable-fashion-couleur-assortie-183x69-cm-plage-et-piscine-44033\/","url":"https:\/\/tupique.com\/product\/bestway-matelas-gonflable-fashion-couleur-assortie-183x69-cm-plage-et-piscine-44033\/","name":"Bestway Matelas Gonflable Fashion Couleur Assortie 183x69 cm Plage et Piscine 44033 | | Tupique","isPartOf":{"@id":"https:\/\/tupique.com\/#website"},"primaryImageOfPage":{"@id":"https:\/\/tupique.com\/product\/bestway-matelas-gonflable-fashion-couleur-assortie-183x69-cm-plage-et-piscine-44033\/#primaryimage"},"image":{"@id":"https:\/\/tupique.com\/product\/bestway-matelas-gonflable-fashion-couleur-assortie-183x69-cm-plage-et-piscine-44033\/#primaryimage"},"thumbnailUrl":"https:\/\/tupique.com\/wp-content\/uploads\/2026\/05\/6941607320549_D1400315_P01.jpg","datePublished":"2026-05-12T03:06:43+00:00","description":"Envie d'acheter Bestway Matelas Gonflable Fashion Couleur Assortie 183x69 cm Plage et Piscine 44033\u00a0? Achetez Bestway Matelas Gonflable Fashion Couleur Assortie 183x69 cm Plage et Piscine 44033 maintenant avec Tupique en 3 versements sans int\u00e9r\u00eat.","breadcrumb":{"@id":"https:\/\/tupique.com\/product\/bestway-matelas-gonflable-fashion-couleur-assortie-183x69-cm-plage-et-piscine-44033\/#breadcrumb"},"inLanguage":"pt-PT","potentialAction":[{"@type":"ReadAction","target":["https:\/\/tupique.com\/product\/bestway-matelas-gonflable-fashion-couleur-assortie-183x69-cm-plage-et-piscine-44033\/"]}]},{"@type":"ImageObject","inLanguage":"pt-PT","@id":"https:\/\/tupique.com\/product\/bestway-matelas-gonflable-fashion-couleur-assortie-183x69-cm-plage-et-piscine-44033\/#primaryimage","url":"https:\/\/tupique.com\/wp-content\/uploads\/2026\/05\/6941607320549_D1400315_P01.jpg","contentUrl":"https:\/\/tupique.com\/wp-content\/uploads\/2026\/05\/6941607320549_D1400315_P01.jpg","width":1200,"height":1200,"caption":"D1400315_0"},{"@type":"BreadcrumbList","@id":"https:\/\/tupique.com\/product\/bestway-matelas-gonflable-fashion-couleur-assortie-183x69-cm-plage-et-piscine-44033\/#breadcrumb","itemListElement":[{"@type":"ListItem","position":1,"name":"commencer","item":"https:\/\/tupique.com\/"},{"@type":"ListItem","position":2,"name":"Loja","item":"https:\/\/tupique.com\/pt\/loja\/"},{"@type":"ListItem","position":3,"name":"Bestway Matelas Gonflable Fashion Couleur Assortie 183&#215;69 cm Plage et Piscine 44033"}]},{"@type":"WebSite","@id":"https:\/\/tupique.com\/#website","url":"https:\/\/tupique.com\/","name":"Tupique","description":"","publisher":{"@id":"https:\/\/tupique.com\/#organization"},"potentialAction":[{"@type":"SearchAction","target":{"@type":"EntryPoint","urlTemplate":"https:\/\/tupique.com\/?s={search_term_string}"},"query-input":{"@type":"PropertyValueSpecification","valueRequired":true,"valueName":"search_term_string"}}],"inLanguage":"pt-PT"},{"@type":"Organization","@id":"https:\/\/tupique.com\/#organization","name":"Tupique","url":"https:\/\/tupique.com\/","logo":{"@type":"ImageObject","inLanguage":"pt-PT","@id":"https:\/\/tupique.com\/#\/schema\/logo\/image\/","url":"https:\/\/tupique.com\/wp-content\/uploads\/2026\/03\/logo-tupique-1.webp","contentUrl":"https:\/\/tupique.com\/wp-content\/uploads\/2026\/03\/logo-tupique-1.webp","width":500,"height":67,"caption":"Tupique"},"image":{"@id":"https:\/\/tupique.com\/#\/schema\/logo\/image\/"}}]}},"_links":{"self":[{"href":"https:\/\/tupique.com\/pt\/wp-json\/wp\/v2\/product\/194821","targetHints":{"allow":["GET"]}}],"collection":[{"href":"https:\/\/tupique.com\/pt\/wp-json\/wp\/v2\/product"}],"about":[{"href":"https:\/\/tupique.com\/pt\/wp-json\/wp\/v2\/types\/product"}],"replies":[{"embeddable":true,"href":"https:\/\/tupique.com\/pt\/wp-json\/wp\/v2\/comments?post=194821"}],"wp:featuredmedia":[{"embeddable":true,"href":"https:\/\/tupique.com\/pt\/wp-json\/wp\/v2\/media\/194817"}],"wp:attachment":[{"href":"https:\/\/tupique.com\/pt\/wp-json\/wp\/v2\/media?parent=194821"}],"wp:term":[{"taxonomy":"product_brand","embeddable":true,"href":"https:\/\/tupique.com\/pt\/wp-json\/wp\/v2\/product_brand?post=194821"},{"taxonomy":"product_cat","embeddable":true,"href":"https:\/\/tupique.com\/pt\/wp-json\/wp\/v2\/product_cat?post=194821"},{"taxonomy":"product_tag","embeddable":true,"href":"https:\/\/tupique.com\/pt\/wp-json\/wp\/v2\/product_tag?post=194821"},{"taxonomy":"woo-feed-brand","embeddable":true,"href":"https:\/\/tupique.com\/pt\/wp-json\/wp\/v2\/woo-feed-brand?post=194821"}],"curies":[{"name":"wp","href":"https:\/\/api.w.org\/{rel}","templated":true}]}}