{"id":195025,"date":"2026-05-12T05:12:15","date_gmt":"2026-05-12T03:12:15","guid":{"rendered":"https:\/\/tupique.com\/product\/bestway-gonfleur-a-main-48-cm-gonflable-et-camping-62030\/"},"modified":"2026-05-12T05:23:06","modified_gmt":"2026-05-12T03:23:06","slug":"bestway-gonfleur-a-main-48-cm-gonflable-et-camping-62030","status":"publish","type":"product","link":"https:\/\/tupique.com\/pt\/product\/bestway-gonfleur-a-main-48-cm-gonflable-et-camping-62030\/","title":{"rendered":"Bestway Gonfleur \u00e0 Main 48 cm Gonflable et Camping 62030"},"content":{"rendered":"<p>Si vous \u00eates \u00e0 la recherche de nouvelles tendances sur le march\u00e9, nous vous pr\u00e9sentons <b>Pompe \u00e0 air Bestway 48 cm<\/b> !<\/p>\n<ul>\n<li>Dimensions approx.: 48 cm<\/li>\n<li>Couleur: Noir<\/li>\n<li>Mat\u00e9riel: Plastique<\/li>\n<li>Caracter\u00edsticas:\n<ul>\n<li>Ext\u00e9rieur<\/li>\n<li>Nettoyage par chiffon humide<\/li>\n<li>Manuel<\/li>\n<\/ul>\n<\/li>\n<li>Utiliza\u00e7\u00e3o recomendada:\n<ul>\n<li>Plage<\/li>\n<li>Jardin<\/li>\n<li>Camping<\/li>\n<\/ul>\n<\/li>\n<li>Genre: Adultes unisexes<\/li>\n<li>Bloc d\u2019Alimentation: Courant CA<\/li>\n<li>\u00c2ge recommand\u00e9: + 18 Ans<\/li>\n<\/ul>","protected":false},"excerpt":{"rendered":"<p>Si vous \u00eates \u00e0 la recherche de nouvelles tendances sur le march\u00e9, nous vous pr\u00e9sentons Pompe \u00e0 air Bestway 48 cm ! Dimensions approx.: 48 cm Couleur: Noir Mat\u00e9riel: Plastique Caract\u00e9ristiques: Ext\u00e9rieur Nettoyage par chiffon humide Manuel Utilisation recommand\u00e9e: Plage Jardin Camping Genre: Adultes unisexes Bloc d\u2019Alimentation: Courant CA \u00c2ge recommand\u00e9: + 18 Ans<\/p>","protected":false},"featured_media":195023,"comment_status":"open","ping_status":"closed","template":"","meta":[],"product_brand":[1771],"product_cat":[1854,1853,1764],"product_tag":[211,163],"woo-feed-brand":[],"class_list":{"0":"post-195025","1":"product","2":"type-product","3":"status-publish","4":"has-post-thumbnail","6":"product_brand-brandp_520","7":"product_cat-accessoires-de-camping-et-de-montagne","8":"product_cat-camping-et-montagne","9":"product_cat-sports-loisirs","10":"product_tag-tag_3","11":"product_tag-tag_17","13":"first","14":"instock","15":"taxable","16":"shipping-taxable","17":"purchasable","18":"product-type-simple"},"yoast_head":"<!-- This site is optimized with the Yoast SEO plugin v27.6 - https:\/\/yoast.com\/product\/yoast-seo-wordpress\/ -->\n<title>Bestway Gonfleur \u00e0 Main 48 cm Gonflable et Camping 62030 | | Tupique<\/title>\n<meta name=\"description\" content=\"Envie d&#039;acheter Bestway Gonfleur \u00e0 Main 48 cm Gonflable et Camping 62030\u00a0? Achetez Bestway Gonfleur \u00e0 Main 48 cm Gonflable et Camping 62030 maintenant avec Tupique en 3 versements sans int\u00e9r\u00eat.\" \/>\n<meta name=\"robots\" content=\"index, follow, max-snippet:-1, max-image-preview:large, max-video-preview:-1\" \/>\n<link rel=\"canonical\" href=\"https:\/\/tupique.com\/pt\/product\/bestway-gonfleur-a-main-48-cm-gonflable-et-camping-62030\/\" \/>\n<meta property=\"og:locale\" content=\"pt_PT\" \/>\n<meta property=\"og:type\" content=\"article\" \/>\n<meta property=\"og:title\" content=\"Bestway Gonfleur \u00e0 Main 48 cm Gonflable et Camping 62030 | | Tupique\" \/>\n<meta property=\"og:description\" content=\"Envie d&#039;acheter Bestway Gonfleur \u00e0 Main 48 cm Gonflable et Camping 62030\u00a0? Achetez Bestway Gonfleur \u00e0 Main 48 cm Gonflable et Camping 62030 maintenant avec Tupique en 3 versements sans int\u00e9r\u00eat.\" \/>\n<meta property=\"og:url\" content=\"https:\/\/tupique.com\/pt\/product\/bestway-gonfleur-a-main-48-cm-gonflable-et-camping-62030\/\" \/>\n<meta property=\"og:site_name\" content=\"Tupique\" \/>\n<meta property=\"article:modified_time\" content=\"2026-05-12T03:23:06+00:00\" \/>\n<meta property=\"og:image\" content=\"https:\/\/tupique.com\/wp-content\/uploads\/2026\/05\/6942138917925_D1400532_P01.jpg\" \/>\n\t<meta property=\"og:image:width\" content=\"1200\" \/>\n\t<meta property=\"og:image:height\" content=\"1200\" \/>\n\t<meta property=\"og:image:type\" content=\"image\/jpeg\" \/>\n<meta name=\"twitter:card\" content=\"summary_large_image\" \/>\n<script type=\"application\/ld+json\" class=\"yoast-schema-graph\">{\"@context\":\"https:\\\/\\\/schema.org\",\"@graph\":[{\"@type\":\"WebPage\",\"@id\":\"https:\\\/\\\/tupique.com\\\/pt\\\/product\\\/bestway-gonfleur-a-main-48-cm-gonflable-et-camping-62030\\\/\",\"url\":\"https:\\\/\\\/tupique.com\\\/pt\\\/product\\\/bestway-gonfleur-a-main-48-cm-gonflable-et-camping-62030\\\/\",\"name\":\"Bestway Gonfleur \u00e0 Main 48 cm Gonflable et Camping 62030 | | Tupique\",\"isPartOf\":{\"@id\":\"https:\\\/\\\/tupique.com\\\/#website\"},\"primaryImageOfPage\":{\"@id\":\"https:\\\/\\\/tupique.com\\\/pt\\\/product\\\/bestway-gonfleur-a-main-48-cm-gonflable-et-camping-62030\\\/#primaryimage\"},\"image\":{\"@id\":\"https:\\\/\\\/tupique.com\\\/pt\\\/product\\\/bestway-gonfleur-a-main-48-cm-gonflable-et-camping-62030\\\/#primaryimage\"},\"thumbnailUrl\":\"https:\\\/\\\/tupique.com\\\/wp-content\\\/uploads\\\/2026\\\/05\\\/6942138917925_D1400532_P01.jpg\",\"datePublished\":\"2026-05-12T03:12:15+00:00\",\"dateModified\":\"2026-05-12T03:23:06+00:00\",\"description\":\"Envie d'acheter Bestway Gonfleur \u00e0 Main 48 cm Gonflable et Camping 62030\u00a0? Achetez Bestway Gonfleur \u00e0 Main 48 cm Gonflable et Camping 62030 maintenant avec Tupique en 3 versements sans int\u00e9r\u00eat.\",\"breadcrumb\":{\"@id\":\"https:\\\/\\\/tupique.com\\\/pt\\\/product\\\/bestway-gonfleur-a-main-48-cm-gonflable-et-camping-62030\\\/#breadcrumb\"},\"inLanguage\":\"pt-PT\",\"potentialAction\":[{\"@type\":\"ReadAction\",\"target\":[\"https:\\\/\\\/tupique.com\\\/pt\\\/product\\\/bestway-gonfleur-a-main-48-cm-gonflable-et-camping-62030\\\/\"]}]},{\"@type\":\"ImageObject\",\"inLanguage\":\"pt-PT\",\"@id\":\"https:\\\/\\\/tupique.com\\\/pt\\\/product\\\/bestway-gonfleur-a-main-48-cm-gonflable-et-camping-62030\\\/#primaryimage\",\"url\":\"https:\\\/\\\/tupique.com\\\/wp-content\\\/uploads\\\/2026\\\/05\\\/6942138917925_D1400532_P01.jpg\",\"contentUrl\":\"https:\\\/\\\/tupique.com\\\/wp-content\\\/uploads\\\/2026\\\/05\\\/6942138917925_D1400532_P01.jpg\",\"width\":1200,\"height\":1200,\"caption\":\"D1400532_0\"},{\"@type\":\"BreadcrumbList\",\"@id\":\"https:\\\/\\\/tupique.com\\\/pt\\\/product\\\/bestway-gonfleur-a-main-48-cm-gonflable-et-camping-62030\\\/#breadcrumb\",\"itemListElement\":[{\"@type\":\"ListItem\",\"position\":1,\"name\":\"commencer\",\"item\":\"https:\\\/\\\/tupique.com\\\/\"},{\"@type\":\"ListItem\",\"position\":2,\"name\":\"Loja\",\"item\":\"https:\\\/\\\/tupique.com\\\/pt\\\/loja\\\/\"},{\"@type\":\"ListItem\",\"position\":3,\"name\":\"Bestway Gonfleur \u00e0 Main 48 cm Gonflable et Camping 62030\"}]},{\"@type\":\"WebSite\",\"@id\":\"https:\\\/\\\/tupique.com\\\/#website\",\"url\":\"https:\\\/\\\/tupique.com\\\/\",\"name\":\"Tupique\",\"description\":\"\",\"publisher\":{\"@id\":\"https:\\\/\\\/tupique.com\\\/#organization\"},\"potentialAction\":[{\"@type\":\"SearchAction\",\"target\":{\"@type\":\"EntryPoint\",\"urlTemplate\":\"https:\\\/\\\/tupique.com\\\/?s={search_term_string}\"},\"query-input\":{\"@type\":\"PropertyValueSpecification\",\"valueRequired\":true,\"valueName\":\"search_term_string\"}}],\"inLanguage\":\"pt-PT\"},{\"@type\":\"Organization\",\"@id\":\"https:\\\/\\\/tupique.com\\\/#organization\",\"name\":\"Tupique\",\"url\":\"https:\\\/\\\/tupique.com\\\/\",\"logo\":{\"@type\":\"ImageObject\",\"inLanguage\":\"pt-PT\",\"@id\":\"https:\\\/\\\/tupique.com\\\/#\\\/schema\\\/logo\\\/image\\\/\",\"url\":\"https:\\\/\\\/tupique.com\\\/wp-content\\\/uploads\\\/2026\\\/03\\\/logo-tupique-1.webp\",\"contentUrl\":\"https:\\\/\\\/tupique.com\\\/wp-content\\\/uploads\\\/2026\\\/03\\\/logo-tupique-1.webp\",\"width\":500,\"height\":67,\"caption\":\"Tupique\"},\"image\":{\"@id\":\"https:\\\/\\\/tupique.com\\\/#\\\/schema\\\/logo\\\/image\\\/\"}}]}<\/script>\n<!-- \/ Yoast SEO plugin. -->","yoast_head_json":{"title":"Bestway Gonfleur \u00e0 Main 48 cm Gonflable et Camping 62030 | | Tupique","description":"Envie d'acheter Bestway Gonfleur \u00e0 Main 48 cm Gonflable et Camping 62030\u00a0? Achetez Bestway Gonfleur \u00e0 Main 48 cm Gonflable et Camping 62030 maintenant avec Tupique en 3 versements sans int\u00e9r\u00eat.","robots":{"index":"index","follow":"follow","max-snippet":"max-snippet:-1","max-image-preview":"max-image-preview:large","max-video-preview":"max-video-preview:-1"},"canonical":"https:\/\/tupique.com\/pt\/product\/bestway-gonfleur-a-main-48-cm-gonflable-et-camping-62030\/","og_locale":"pt_PT","og_type":"article","og_title":"Bestway Gonfleur \u00e0 Main 48 cm Gonflable et Camping 62030 | | Tupique","og_description":"Envie d'acheter Bestway Gonfleur \u00e0 Main 48 cm Gonflable et Camping 62030\u00a0? Achetez Bestway Gonfleur \u00e0 Main 48 cm Gonflable et Camping 62030 maintenant avec Tupique en 3 versements sans int\u00e9r\u00eat.","og_url":"https:\/\/tupique.com\/pt\/product\/bestway-gonfleur-a-main-48-cm-gonflable-et-camping-62030\/","og_site_name":"Tupique","article_modified_time":"2026-05-12T03:23:06+00:00","og_image":[{"width":1200,"height":1200,"url":"https:\/\/tupique.com\/wp-content\/uploads\/2026\/05\/6942138917925_D1400532_P01.jpg","type":"image\/jpeg"}],"twitter_card":"summary_large_image","schema":{"@context":"https:\/\/schema.org","@graph":[{"@type":"WebPage","@id":"https:\/\/tupique.com\/pt\/product\/bestway-gonfleur-a-main-48-cm-gonflable-et-camping-62030\/","url":"https:\/\/tupique.com\/pt\/product\/bestway-gonfleur-a-main-48-cm-gonflable-et-camping-62030\/","name":"Bestway Gonfleur \u00e0 Main 48 cm Gonflable et Camping 62030 | | Tupique","isPartOf":{"@id":"https:\/\/tupique.com\/#website"},"primaryImageOfPage":{"@id":"https:\/\/tupique.com\/pt\/product\/bestway-gonfleur-a-main-48-cm-gonflable-et-camping-62030\/#primaryimage"},"image":{"@id":"https:\/\/tupique.com\/pt\/product\/bestway-gonfleur-a-main-48-cm-gonflable-et-camping-62030\/#primaryimage"},"thumbnailUrl":"https:\/\/tupique.com\/wp-content\/uploads\/2026\/05\/6942138917925_D1400532_P01.jpg","datePublished":"2026-05-12T03:12:15+00:00","dateModified":"2026-05-12T03:23:06+00:00","description":"Envie d'acheter Bestway Gonfleur \u00e0 Main 48 cm Gonflable et Camping 62030\u00a0? Achetez Bestway Gonfleur \u00e0 Main 48 cm Gonflable et Camping 62030 maintenant avec Tupique en 3 versements sans int\u00e9r\u00eat.","breadcrumb":{"@id":"https:\/\/tupique.com\/pt\/product\/bestway-gonfleur-a-main-48-cm-gonflable-et-camping-62030\/#breadcrumb"},"inLanguage":"pt-PT","potentialAction":[{"@type":"ReadAction","target":["https:\/\/tupique.com\/pt\/product\/bestway-gonfleur-a-main-48-cm-gonflable-et-camping-62030\/"]}]},{"@type":"ImageObject","inLanguage":"pt-PT","@id":"https:\/\/tupique.com\/pt\/product\/bestway-gonfleur-a-main-48-cm-gonflable-et-camping-62030\/#primaryimage","url":"https:\/\/tupique.com\/wp-content\/uploads\/2026\/05\/6942138917925_D1400532_P01.jpg","contentUrl":"https:\/\/tupique.com\/wp-content\/uploads\/2026\/05\/6942138917925_D1400532_P01.jpg","width":1200,"height":1200,"caption":"D1400532_0"},{"@type":"BreadcrumbList","@id":"https:\/\/tupique.com\/pt\/product\/bestway-gonfleur-a-main-48-cm-gonflable-et-camping-62030\/#breadcrumb","itemListElement":[{"@type":"ListItem","position":1,"name":"commencer","item":"https:\/\/tupique.com\/"},{"@type":"ListItem","position":2,"name":"Loja","item":"https:\/\/tupique.com\/pt\/loja\/"},{"@type":"ListItem","position":3,"name":"Bestway Gonfleur \u00e0 Main 48 cm Gonflable et Camping 62030"}]},{"@type":"WebSite","@id":"https:\/\/tupique.com\/#website","url":"https:\/\/tupique.com\/","name":"Tupique","description":"","publisher":{"@id":"https:\/\/tupique.com\/#organization"},"potentialAction":[{"@type":"SearchAction","target":{"@type":"EntryPoint","urlTemplate":"https:\/\/tupique.com\/?s={search_term_string}"},"query-input":{"@type":"PropertyValueSpecification","valueRequired":true,"valueName":"search_term_string"}}],"inLanguage":"pt-PT"},{"@type":"Organization","@id":"https:\/\/tupique.com\/#organization","name":"Tupique","url":"https:\/\/tupique.com\/","logo":{"@type":"ImageObject","inLanguage":"pt-PT","@id":"https:\/\/tupique.com\/#\/schema\/logo\/image\/","url":"https:\/\/tupique.com\/wp-content\/uploads\/2026\/03\/logo-tupique-1.webp","contentUrl":"https:\/\/tupique.com\/wp-content\/uploads\/2026\/03\/logo-tupique-1.webp","width":500,"height":67,"caption":"Tupique"},"image":{"@id":"https:\/\/tupique.com\/#\/schema\/logo\/image\/"}}]}},"_links":{"self":[{"href":"https:\/\/tupique.com\/pt\/wp-json\/wp\/v2\/product\/195025","targetHints":{"allow":["GET"]}}],"collection":[{"href":"https:\/\/tupique.com\/pt\/wp-json\/wp\/v2\/product"}],"about":[{"href":"https:\/\/tupique.com\/pt\/wp-json\/wp\/v2\/types\/product"}],"replies":[{"embeddable":true,"href":"https:\/\/tupique.com\/pt\/wp-json\/wp\/v2\/comments?post=195025"}],"wp:featuredmedia":[{"embeddable":true,"href":"https:\/\/tupique.com\/pt\/wp-json\/wp\/v2\/media\/195023"}],"wp:attachment":[{"href":"https:\/\/tupique.com\/pt\/wp-json\/wp\/v2\/media?parent=195025"}],"wp:term":[{"taxonomy":"product_brand","embeddable":true,"href":"https:\/\/tupique.com\/pt\/wp-json\/wp\/v2\/product_brand?post=195025"},{"taxonomy":"product_cat","embeddable":true,"href":"https:\/\/tupique.com\/pt\/wp-json\/wp\/v2\/product_cat?post=195025"},{"taxonomy":"product_tag","embeddable":true,"href":"https:\/\/tupique.com\/pt\/wp-json\/wp\/v2\/product_tag?post=195025"},{"taxonomy":"woo-feed-brand","embeddable":true,"href":"https:\/\/tupique.com\/pt\/wp-json\/wp\/v2\/woo-feed-brand?post=195025"}],"curies":[{"name":"wp","href":"https:\/\/api.w.org\/{rel}","templated":true}]}}