{"id":195105,"date":"2026-05-12T05:23:44","date_gmt":"2026-05-12T03:23:44","guid":{"rendered":"https:\/\/tupique.com\/product\/bestway-lit-simple-avec-moteur-191x97x46-cm-gonflable-et-camping-67401\/"},"modified":"2026-05-12T05:23:44","modified_gmt":"2026-05-12T03:23:44","slug":"bestway-lit-simple-avec-moteur-191x97x46-cm-gonflable-et-camping-67401","status":"publish","type":"product","link":"https:\/\/tupique.com\/pt\/product\/bestway-lit-simple-avec-moteur-191x97x46-cm-gonflable-et-camping-67401\/","title":{"rendered":"Bestway Lit Simple avec Moteur 191x97x46 cm Gonflable et Camping 67401"},"content":{"rendered":"<p>Si vous aimez prendre soin de chaque d\u00e9tail de votre maison et d&#8217;\u00eatre \u00e0 la derni\u00e8re mode en mati\u00e8re de produits qui vous rendront la vie plus facile, achetez <b>Lit Gonflable Bestway 191 x 97 x 46 cm<\/b> au meilleur prix.<\/p>\n<p>Ler <b>matelas gonflable Bestway<\/b> est la solution parfaite pour ceux qui recherchent confort et polyvalence, que ce soit \u00e0 la maison ou lors de leurs escapades en camping. Con\u00e7u avec un accent sur la portabilit\u00e9, ce <b>matelas pneumatique<\/b> s&#8217;adapte facilement \u00e0 diverses situations gr\u00e2ce \u00e0 sa taille compacte de <b>191 x 97 x 46 cm<\/b>, ce qui en fait une option id\u00e9ale pour les espaces restreints ou comme lit d&#8217;appoint lors de la r\u00e9ception d&#8217;invit\u00e9s. Sa polyvalence s&#8217;\u00e9tend \u00e0 une utilisation en ext\u00e9rieur, vous permettant de profiter de l&#8217;air libre sans compromettre le confort. Fabriqu\u00e9 en <b>plastique<\/b> de haute qualit\u00e9, ce matelas est facile \u00e0 entretenir, car son nettoyage se fait simplement avec un <b>chiffon humide<\/b>, garantissant qu&#8217;il reste en parfait \u00e9tat apr\u00e8s chaque utilisation. En d\u00e9finitive, le <b>matelas gonflable Bestway<\/b> est une option pratique et fiable, con\u00e7ue pour offrir le repos dont vous avez besoin o\u00f9 et quand vous en avez besoin.<\/p>\n<ul>\n<li>Dimensions approx.: 191 x 97 x 46 cm<\/li>\n<li>Inclut: Moteur<\/li>\n<li>Caracter\u00edsticas:\n<ul>\n<li>Portable<\/li>\n<li>Ext\u00e9rieur<\/li>\n<li>Nettoyage par chiffon humide<\/li>\n<li>Avec \u00e9tui<\/li>\n<li>Moelleuse<\/li>\n<\/ul>\n<\/li>\n<li>Couleur:\n<ul>\n<li>Gris<\/li>\n<li>Noir<\/li>\n<li>Noir\/Gris<\/li>\n<\/ul>\n<\/li>\n<li>Mat\u00e9riel: Plastique<\/li>\n<li>Utiliza\u00e7\u00e3o recomendada:\n<ul>\n<li>Plage<\/li>\n<li>Jardin<\/li>\n<li>Camping<\/li>\n<li>Int\u00e9rieur<\/li>\n<\/ul>\n<\/li>\n<li>Forme: Rectangulaire<\/li>\n<li>Genre: Adultes unisexes<\/li>\n<li>\u00c2ge recommand\u00e9: Adultes<\/li>\n<li>Non inclut: Batterie<\/li>\n<li>Poids Max. support\u00e9: 150 kg<\/li>\n<\/ul>","protected":false},"excerpt":{"rendered":"<p>Si vous aimez prendre soin de chaque d\u00e9tail de votre maison et d&#8217;\u00eatre \u00e0 la derni\u00e8re mode en mati\u00e8re de produits qui vous rendront la vie plus facile, achetez Lit Gonflable Bestway 191 x 97 x 46 cm au meilleur prix. Le matelas gonflable Bestway est la solution parfaite pour ceux qui recherchent confort et [&hellip;]<\/p>\n","protected":false},"featured_media":195101,"comment_status":"open","ping_status":"closed","template":"","meta":[],"product_brand":[1771],"product_cat":[239,785,784],"product_tag":[2247],"woo-feed-brand":[],"class_list":{"0":"post-195105","1":"product","2":"type-product","3":"status-publish","4":"has-post-thumbnail","6":"product_brand-brandp_520","7":"product_cat-maison-jardin","8":"product_cat-matelas","9":"product_cat-repos","10":"product_tag-tag_32","12":"first","13":"instock","14":"taxable","15":"shipping-taxable","16":"purchasable","17":"product-type-simple"},"yoast_head":"<!-- This site is optimized with the Yoast SEO plugin v27.6 - https:\/\/yoast.com\/product\/yoast-seo-wordpress\/ -->\n<title>Bestway Lit Simple avec Moteur 191x97x46 cm Gonflable et Camping 67401 | | Tupique<\/title>\n<meta name=\"description\" content=\"Envie d&#039;acheter Bestway Lit Simple avec Moteur 191x97x46 cm Gonflable et Camping 67401\u00a0? Achetez Bestway Lit Simple avec Moteur 191x97x46 cm Gonflable et Camping 67401 maintenant avec Tupique en 3 versements sans int\u00e9r\u00eat.\" \/>\n<meta name=\"robots\" content=\"index, follow, max-snippet:-1, max-image-preview:large, max-video-preview:-1\" \/>\n<link rel=\"canonical\" href=\"https:\/\/tupique.com\/pt\/product\/bestway-lit-simple-avec-moteur-191x97x46-cm-gonflable-et-camping-67401\/\" \/>\n<meta property=\"og:locale\" content=\"pt_PT\" \/>\n<meta property=\"og:type\" content=\"article\" \/>\n<meta property=\"og:title\" content=\"Bestway Lit Simple avec Moteur 191x97x46 cm Gonflable et Camping 67401 | | Tupique\" \/>\n<meta property=\"og:description\" content=\"Envie d&#039;acheter Bestway Lit Simple avec Moteur 191x97x46 cm Gonflable et Camping 67401\u00a0? Achetez Bestway Lit Simple avec Moteur 191x97x46 cm Gonflable et Camping 67401 maintenant avec Tupique en 3 versements sans int\u00e9r\u00eat.\" \/>\n<meta property=\"og:url\" content=\"https:\/\/tupique.com\/pt\/product\/bestway-lit-simple-avec-moteur-191x97x46-cm-gonflable-et-camping-67401\/\" \/>\n<meta property=\"og:site_name\" content=\"Tupique\" \/>\n<meta property=\"og:image\" content=\"https:\/\/tupique.com\/wp-content\/uploads\/2026\/05\/6941607329481_D1400565_P01.jpg\" \/>\n\t<meta property=\"og:image:width\" content=\"1200\" \/>\n\t<meta property=\"og:image:height\" content=\"1200\" \/>\n\t<meta property=\"og:image:type\" content=\"image\/jpeg\" \/>\n<meta name=\"twitter:card\" content=\"summary_large_image\" \/>\n<meta name=\"twitter:label1\" content=\"Tempo estimado de leitura\" \/>\n\t<meta name=\"twitter:data1\" content=\"1 minuto\" \/>\n<script type=\"application\/ld+json\" class=\"yoast-schema-graph\">{\"@context\":\"https:\\\/\\\/schema.org\",\"@graph\":[{\"@type\":\"WebPage\",\"@id\":\"https:\\\/\\\/tupique.com\\\/product\\\/bestway-lit-simple-avec-moteur-191x97x46-cm-gonflable-et-camping-67401\\\/\",\"url\":\"https:\\\/\\\/tupique.com\\\/product\\\/bestway-lit-simple-avec-moteur-191x97x46-cm-gonflable-et-camping-67401\\\/\",\"name\":\"Bestway Lit Simple avec Moteur 191x97x46 cm Gonflable et Camping 67401 | | Tupique\",\"isPartOf\":{\"@id\":\"https:\\\/\\\/tupique.com\\\/#website\"},\"primaryImageOfPage\":{\"@id\":\"https:\\\/\\\/tupique.com\\\/product\\\/bestway-lit-simple-avec-moteur-191x97x46-cm-gonflable-et-camping-67401\\\/#primaryimage\"},\"image\":{\"@id\":\"https:\\\/\\\/tupique.com\\\/product\\\/bestway-lit-simple-avec-moteur-191x97x46-cm-gonflable-et-camping-67401\\\/#primaryimage\"},\"thumbnailUrl\":\"https:\\\/\\\/tupique.com\\\/wp-content\\\/uploads\\\/2026\\\/05\\\/6941607329481_D1400565_P01.jpg\",\"datePublished\":\"2026-05-12T03:23:44+00:00\",\"description\":\"Envie d'acheter Bestway Lit Simple avec Moteur 191x97x46 cm Gonflable et Camping 67401\u00a0? Achetez Bestway Lit Simple avec Moteur 191x97x46 cm Gonflable et Camping 67401 maintenant avec Tupique en 3 versements sans int\u00e9r\u00eat.\",\"breadcrumb\":{\"@id\":\"https:\\\/\\\/tupique.com\\\/product\\\/bestway-lit-simple-avec-moteur-191x97x46-cm-gonflable-et-camping-67401\\\/#breadcrumb\"},\"inLanguage\":\"pt-PT\",\"potentialAction\":[{\"@type\":\"ReadAction\",\"target\":[\"https:\\\/\\\/tupique.com\\\/product\\\/bestway-lit-simple-avec-moteur-191x97x46-cm-gonflable-et-camping-67401\\\/\"]}]},{\"@type\":\"ImageObject\",\"inLanguage\":\"pt-PT\",\"@id\":\"https:\\\/\\\/tupique.com\\\/product\\\/bestway-lit-simple-avec-moteur-191x97x46-cm-gonflable-et-camping-67401\\\/#primaryimage\",\"url\":\"https:\\\/\\\/tupique.com\\\/wp-content\\\/uploads\\\/2026\\\/05\\\/6941607329481_D1400565_P01.jpg\",\"contentUrl\":\"https:\\\/\\\/tupique.com\\\/wp-content\\\/uploads\\\/2026\\\/05\\\/6941607329481_D1400565_P01.jpg\",\"width\":1200,\"height\":1200,\"caption\":\"D1400565_0\"},{\"@type\":\"BreadcrumbList\",\"@id\":\"https:\\\/\\\/tupique.com\\\/product\\\/bestway-lit-simple-avec-moteur-191x97x46-cm-gonflable-et-camping-67401\\\/#breadcrumb\",\"itemListElement\":[{\"@type\":\"ListItem\",\"position\":1,\"name\":\"commencer\",\"item\":\"https:\\\/\\\/tupique.com\\\/\"},{\"@type\":\"ListItem\",\"position\":2,\"name\":\"Loja\",\"item\":\"https:\\\/\\\/tupique.com\\\/pt\\\/loja\\\/\"},{\"@type\":\"ListItem\",\"position\":3,\"name\":\"Bestway Lit Simple avec Moteur 191x97x46 cm Gonflable et Camping 67401\"}]},{\"@type\":\"WebSite\",\"@id\":\"https:\\\/\\\/tupique.com\\\/#website\",\"url\":\"https:\\\/\\\/tupique.com\\\/\",\"name\":\"Tupique\",\"description\":\"\",\"publisher\":{\"@id\":\"https:\\\/\\\/tupique.com\\\/#organization\"},\"potentialAction\":[{\"@type\":\"SearchAction\",\"target\":{\"@type\":\"EntryPoint\",\"urlTemplate\":\"https:\\\/\\\/tupique.com\\\/?s={search_term_string}\"},\"query-input\":{\"@type\":\"PropertyValueSpecification\",\"valueRequired\":true,\"valueName\":\"search_term_string\"}}],\"inLanguage\":\"pt-PT\"},{\"@type\":\"Organization\",\"@id\":\"https:\\\/\\\/tupique.com\\\/#organization\",\"name\":\"Tupique\",\"url\":\"https:\\\/\\\/tupique.com\\\/\",\"logo\":{\"@type\":\"ImageObject\",\"inLanguage\":\"pt-PT\",\"@id\":\"https:\\\/\\\/tupique.com\\\/#\\\/schema\\\/logo\\\/image\\\/\",\"url\":\"https:\\\/\\\/tupique.com\\\/wp-content\\\/uploads\\\/2026\\\/03\\\/logo-tupique-1.webp\",\"contentUrl\":\"https:\\\/\\\/tupique.com\\\/wp-content\\\/uploads\\\/2026\\\/03\\\/logo-tupique-1.webp\",\"width\":500,\"height\":67,\"caption\":\"Tupique\"},\"image\":{\"@id\":\"https:\\\/\\\/tupique.com\\\/#\\\/schema\\\/logo\\\/image\\\/\"}}]}<\/script>\n<!-- \/ Yoast SEO plugin. -->","yoast_head_json":{"title":"Bestway Lit Simple avec Moteur 191x97x46 cm Gonflable et Camping 67401 | | Tupique","description":"Envie d'acheter Bestway Lit Simple avec Moteur 191x97x46 cm Gonflable et Camping 67401\u00a0? Achetez Bestway Lit Simple avec Moteur 191x97x46 cm Gonflable et Camping 67401 maintenant avec Tupique en 3 versements sans int\u00e9r\u00eat.","robots":{"index":"index","follow":"follow","max-snippet":"max-snippet:-1","max-image-preview":"max-image-preview:large","max-video-preview":"max-video-preview:-1"},"canonical":"https:\/\/tupique.com\/pt\/product\/bestway-lit-simple-avec-moteur-191x97x46-cm-gonflable-et-camping-67401\/","og_locale":"pt_PT","og_type":"article","og_title":"Bestway Lit Simple avec Moteur 191x97x46 cm Gonflable et Camping 67401 | | Tupique","og_description":"Envie d'acheter Bestway Lit Simple avec Moteur 191x97x46 cm Gonflable et Camping 67401\u00a0? Achetez Bestway Lit Simple avec Moteur 191x97x46 cm Gonflable et Camping 67401 maintenant avec Tupique en 3 versements sans int\u00e9r\u00eat.","og_url":"https:\/\/tupique.com\/pt\/product\/bestway-lit-simple-avec-moteur-191x97x46-cm-gonflable-et-camping-67401\/","og_site_name":"Tupique","og_image":[{"width":1200,"height":1200,"url":"https:\/\/tupique.com\/wp-content\/uploads\/2026\/05\/6941607329481_D1400565_P01.jpg","type":"image\/jpeg"}],"twitter_card":"summary_large_image","twitter_misc":{"Tempo estimado de leitura":"1 minuto"},"schema":{"@context":"https:\/\/schema.org","@graph":[{"@type":"WebPage","@id":"https:\/\/tupique.com\/product\/bestway-lit-simple-avec-moteur-191x97x46-cm-gonflable-et-camping-67401\/","url":"https:\/\/tupique.com\/product\/bestway-lit-simple-avec-moteur-191x97x46-cm-gonflable-et-camping-67401\/","name":"Bestway Lit Simple avec Moteur 191x97x46 cm Gonflable et Camping 67401 | | Tupique","isPartOf":{"@id":"https:\/\/tupique.com\/#website"},"primaryImageOfPage":{"@id":"https:\/\/tupique.com\/product\/bestway-lit-simple-avec-moteur-191x97x46-cm-gonflable-et-camping-67401\/#primaryimage"},"image":{"@id":"https:\/\/tupique.com\/product\/bestway-lit-simple-avec-moteur-191x97x46-cm-gonflable-et-camping-67401\/#primaryimage"},"thumbnailUrl":"https:\/\/tupique.com\/wp-content\/uploads\/2026\/05\/6941607329481_D1400565_P01.jpg","datePublished":"2026-05-12T03:23:44+00:00","description":"Envie d'acheter Bestway Lit Simple avec Moteur 191x97x46 cm Gonflable et Camping 67401\u00a0? Achetez Bestway Lit Simple avec Moteur 191x97x46 cm Gonflable et Camping 67401 maintenant avec Tupique en 3 versements sans int\u00e9r\u00eat.","breadcrumb":{"@id":"https:\/\/tupique.com\/product\/bestway-lit-simple-avec-moteur-191x97x46-cm-gonflable-et-camping-67401\/#breadcrumb"},"inLanguage":"pt-PT","potentialAction":[{"@type":"ReadAction","target":["https:\/\/tupique.com\/product\/bestway-lit-simple-avec-moteur-191x97x46-cm-gonflable-et-camping-67401\/"]}]},{"@type":"ImageObject","inLanguage":"pt-PT","@id":"https:\/\/tupique.com\/product\/bestway-lit-simple-avec-moteur-191x97x46-cm-gonflable-et-camping-67401\/#primaryimage","url":"https:\/\/tupique.com\/wp-content\/uploads\/2026\/05\/6941607329481_D1400565_P01.jpg","contentUrl":"https:\/\/tupique.com\/wp-content\/uploads\/2026\/05\/6941607329481_D1400565_P01.jpg","width":1200,"height":1200,"caption":"D1400565_0"},{"@type":"BreadcrumbList","@id":"https:\/\/tupique.com\/product\/bestway-lit-simple-avec-moteur-191x97x46-cm-gonflable-et-camping-67401\/#breadcrumb","itemListElement":[{"@type":"ListItem","position":1,"name":"commencer","item":"https:\/\/tupique.com\/"},{"@type":"ListItem","position":2,"name":"Loja","item":"https:\/\/tupique.com\/pt\/loja\/"},{"@type":"ListItem","position":3,"name":"Bestway Lit Simple avec Moteur 191x97x46 cm Gonflable et Camping 67401"}]},{"@type":"WebSite","@id":"https:\/\/tupique.com\/#website","url":"https:\/\/tupique.com\/","name":"Tupique","description":"","publisher":{"@id":"https:\/\/tupique.com\/#organization"},"potentialAction":[{"@type":"SearchAction","target":{"@type":"EntryPoint","urlTemplate":"https:\/\/tupique.com\/?s={search_term_string}"},"query-input":{"@type":"PropertyValueSpecification","valueRequired":true,"valueName":"search_term_string"}}],"inLanguage":"pt-PT"},{"@type":"Organization","@id":"https:\/\/tupique.com\/#organization","name":"Tupique","url":"https:\/\/tupique.com\/","logo":{"@type":"ImageObject","inLanguage":"pt-PT","@id":"https:\/\/tupique.com\/#\/schema\/logo\/image\/","url":"https:\/\/tupique.com\/wp-content\/uploads\/2026\/03\/logo-tupique-1.webp","contentUrl":"https:\/\/tupique.com\/wp-content\/uploads\/2026\/03\/logo-tupique-1.webp","width":500,"height":67,"caption":"Tupique"},"image":{"@id":"https:\/\/tupique.com\/#\/schema\/logo\/image\/"}}]}},"_links":{"self":[{"href":"https:\/\/tupique.com\/pt\/wp-json\/wp\/v2\/product\/195105","targetHints":{"allow":["GET"]}}],"collection":[{"href":"https:\/\/tupique.com\/pt\/wp-json\/wp\/v2\/product"}],"about":[{"href":"https:\/\/tupique.com\/pt\/wp-json\/wp\/v2\/types\/product"}],"replies":[{"embeddable":true,"href":"https:\/\/tupique.com\/pt\/wp-json\/wp\/v2\/comments?post=195105"}],"wp:featuredmedia":[{"embeddable":true,"href":"https:\/\/tupique.com\/pt\/wp-json\/wp\/v2\/media\/195101"}],"wp:attachment":[{"href":"https:\/\/tupique.com\/pt\/wp-json\/wp\/v2\/media?parent=195105"}],"wp:term":[{"taxonomy":"product_brand","embeddable":true,"href":"https:\/\/tupique.com\/pt\/wp-json\/wp\/v2\/product_brand?post=195105"},{"taxonomy":"product_cat","embeddable":true,"href":"https:\/\/tupique.com\/pt\/wp-json\/wp\/v2\/product_cat?post=195105"},{"taxonomy":"product_tag","embeddable":true,"href":"https:\/\/tupique.com\/pt\/wp-json\/wp\/v2\/product_tag?post=195105"},{"taxonomy":"woo-feed-brand","embeddable":true,"href":"https:\/\/tupique.com\/pt\/wp-json\/wp\/v2\/woo-feed-brand?post=195105"}],"curies":[{"name":"wp","href":"https:\/\/api.w.org\/{rel}","templated":true}]}}