{"id":195116,"date":"2026-05-12T05:24:05","date_gmt":"2026-05-12T03:24:05","guid":{"rendered":"https:\/\/tupique.com\/product\/bestway-matelas-double-roll-relax-203x183x22-cm-gonflable-et-camping-67703\/"},"modified":"2026-05-12T05:24:05","modified_gmt":"2026-05-12T03:24:05","slug":"bestway-matelas-double-roll-relax-203x183x22-cm-gonflable-et-camping-67703","status":"publish","type":"product","link":"https:\/\/tupique.com\/pt\/product\/bestway-matelas-double-roll-relax-203x183x22-cm-gonflable-et-camping-67703\/","title":{"rendered":"Bestway Matelas Double Roll &amp; Relax 203x183x22 cm Gonflable et Camping 67703"},"content":{"rendered":"<p>Si vous \u00eates \u00e0 la recherche de nouvelles tendances sur le march\u00e9, nous vous pr\u00e9sentons <b>Air bed Bestway 203 x 183 x 22 cm<\/b> !<\/p>\n<p>Ler <b>matelas gonflable Bestway<\/b> est la solution parfaite pour ceux qui recherchent confort et praticit\u00e9 lors de leurs escapades en camping ou \u00e0 la maison lorsqu&#8217;un lit suppl\u00e9mentaire est n\u00e9cessaire. Avec des <b>dimensions approximatives de 203 x 183 x 22 cm<\/b> ou <b>152 x 203 x 22 cm<\/b>, selon le mod\u00e8le choisi, ce matelas s&#8217;adapte \u00e0 diff\u00e9rents espaces, garantissant une bonne exp\u00e9rience de repos. Fabriqu\u00e9 en <b>plastique<\/b> de haute qualit\u00e9, il est id\u00e9al pour un usage <b>ext\u00e9rieur<\/b>, ce qui en fait un compagnon parfait pour les aventures en plein air. De plus, son entretien est simple ; il peut \u00eatre nettoy\u00e9 facilement avec un <b>chiffon humide<\/b>, assurant sa durabilit\u00e9 et son bon aspect au fil du temps. Les diff\u00e9rentes couleurs <b>multicolores<\/b> offrent non seulement un style joyeux et attrayant, mais garantissent \u00e9galement une int\u00e9gration parfaite dans n&#8217;importe quel environnement. Que vous souhaitiez vous d\u00e9tendre sous les \u00e9toiles ou fournir un espace suppl\u00e9mentaire pour dormir \u00e0 la maison, le matelas gonflable Bestway est une option polyvalente et fonctionnelle qui r\u00e9pond \u00e0 toutes les attentes.<\/p>\n<ul>\n<li>Dimensions approx.: 203 x 183 x 22 cm<\/li>\n<li>Couleur: Multicouleur<\/li>\n<li>Mat\u00e9riel: Plastique<\/li>\n<li>Caracter\u00edsticas:\n<ul>\n<li>Ext\u00e9rieur<\/li>\n<li>Nettoyage par chiffon humide<\/li>\n<li>Avec \u00e9tui<\/li>\n<\/ul>\n<\/li>\n<li>Utiliza\u00e7\u00e3o recomendada:\n<ul>\n<li>Plage<\/li>\n<li>Jardin<\/li>\n<li>Camping<\/li>\n<\/ul>\n<\/li>\n<li>Forme: Rectangulaire<\/li>\n<li>Emballage: Caisse<\/li>\n<li>Voyant lumineux: Non<\/li>\n<li>Inclut: Oreiller<\/li>\n<\/ul>","protected":false},"excerpt":{"rendered":"<p>Si vous \u00eates \u00e0 la recherche de nouvelles tendances sur le march\u00e9, nous vous pr\u00e9sentons Air bed Bestway 203 x 183 x 22 cm ! Le matelas gonflable Bestway est la solution parfaite pour ceux qui recherchent confort et praticit\u00e9 lors de leurs escapades en camping ou \u00e0 la maison lorsqu&#8217;un lit suppl\u00e9mentaire est n\u00e9cessaire. [&hellip;]<\/p>\n","protected":false},"featured_media":195110,"comment_status":"open","ping_status":"closed","template":"","meta":[],"product_brand":[1771],"product_cat":[1854,1853,1764],"product_tag":[211,163],"woo-feed-brand":[],"class_list":{"0":"post-195116","1":"product","2":"type-product","3":"status-publish","4":"has-post-thumbnail","6":"product_brand-brandp_520","7":"product_cat-accessoires-de-camping-et-de-montagne","8":"product_cat-camping-et-montagne","9":"product_cat-sports-loisirs","10":"product_tag-tag_3","11":"product_tag-tag_17","13":"first","14":"instock","15":"taxable","16":"shipping-taxable","17":"purchasable","18":"product-type-simple"},"yoast_head":"<!-- This site is optimized with the Yoast SEO plugin v27.6 - https:\/\/yoast.com\/product\/yoast-seo-wordpress\/ -->\n<title>Bestway Matelas Double Roll &amp; Relax 203x183x22 cm Gonflable et Camping 67703 | | Tupique<\/title>\n<meta name=\"description\" content=\"Envie d&#039;acheter Bestway Matelas Double Roll &amp; Relax 203x183x22 cm Gonflable et Camping 67703\u00a0? Achetez Bestway Matelas Double Roll &amp; Relax 203x183x22 cm Gonflable et Camping 67703 maintenant avec Tupique en 3 versements sans int\u00e9r\u00eat.\" \/>\n<meta name=\"robots\" content=\"index, follow, max-snippet:-1, max-image-preview:large, max-video-preview:-1\" \/>\n<link rel=\"canonical\" href=\"https:\/\/tupique.com\/pt\/product\/bestway-matelas-double-roll-relax-203x183x22-cm-gonflable-et-camping-67703\/\" \/>\n<meta property=\"og:locale\" content=\"pt_PT\" \/>\n<meta property=\"og:type\" content=\"article\" \/>\n<meta property=\"og:title\" content=\"Bestway Matelas Double Roll &amp; Relax 203x183x22 cm Gonflable et Camping 67703 | | Tupique\" \/>\n<meta property=\"og:description\" content=\"Envie d&#039;acheter Bestway Matelas Double Roll &amp; Relax 203x183x22 cm Gonflable et Camping 67703\u00a0? Achetez Bestway Matelas Double Roll &amp; Relax 203x183x22 cm Gonflable et Camping 67703 maintenant avec Tupique en 3 versements sans int\u00e9r\u00eat.\" \/>\n<meta property=\"og:url\" content=\"https:\/\/tupique.com\/pt\/product\/bestway-matelas-double-roll-relax-203x183x22-cm-gonflable-et-camping-67703\/\" \/>\n<meta property=\"og:site_name\" content=\"Tupique\" \/>\n<meta property=\"og:image\" content=\"https:\/\/tupique.com\/wp-content\/uploads\/2026\/05\/6941607344019_D1400576_P01.jpg\" \/>\n\t<meta property=\"og:image:width\" content=\"1200\" \/>\n\t<meta property=\"og:image:height\" content=\"1200\" \/>\n\t<meta property=\"og:image:type\" content=\"image\/jpeg\" \/>\n<meta name=\"twitter:card\" content=\"summary_large_image\" \/>\n<meta name=\"twitter:label1\" content=\"Tempo estimado de leitura\" \/>\n\t<meta name=\"twitter:data1\" content=\"1 minuto\" \/>\n<script type=\"application\/ld+json\" class=\"yoast-schema-graph\">{\"@context\":\"https:\\\/\\\/schema.org\",\"@graph\":[{\"@type\":\"WebPage\",\"@id\":\"https:\\\/\\\/tupique.com\\\/product\\\/bestway-matelas-double-roll-relax-203x183x22-cm-gonflable-et-camping-67703\\\/\",\"url\":\"https:\\\/\\\/tupique.com\\\/product\\\/bestway-matelas-double-roll-relax-203x183x22-cm-gonflable-et-camping-67703\\\/\",\"name\":\"Bestway Matelas Double Roll &amp; Relax 203x183x22 cm Gonflable et Camping 67703 | | Tupique\",\"isPartOf\":{\"@id\":\"https:\\\/\\\/tupique.com\\\/#website\"},\"primaryImageOfPage\":{\"@id\":\"https:\\\/\\\/tupique.com\\\/product\\\/bestway-matelas-double-roll-relax-203x183x22-cm-gonflable-et-camping-67703\\\/#primaryimage\"},\"image\":{\"@id\":\"https:\\\/\\\/tupique.com\\\/product\\\/bestway-matelas-double-roll-relax-203x183x22-cm-gonflable-et-camping-67703\\\/#primaryimage\"},\"thumbnailUrl\":\"https:\\\/\\\/tupique.com\\\/wp-content\\\/uploads\\\/2026\\\/05\\\/6941607344019_D1400576_P01.jpg\",\"datePublished\":\"2026-05-12T03:24:05+00:00\",\"description\":\"Envie d'acheter Bestway Matelas Double Roll &amp; Relax 203x183x22 cm Gonflable et Camping 67703\u00a0? Achetez Bestway Matelas Double Roll &amp; Relax 203x183x22 cm Gonflable et Camping 67703 maintenant avec Tupique en 3 versements sans int\u00e9r\u00eat.\",\"breadcrumb\":{\"@id\":\"https:\\\/\\\/tupique.com\\\/product\\\/bestway-matelas-double-roll-relax-203x183x22-cm-gonflable-et-camping-67703\\\/#breadcrumb\"},\"inLanguage\":\"pt-PT\",\"potentialAction\":[{\"@type\":\"ReadAction\",\"target\":[\"https:\\\/\\\/tupique.com\\\/product\\\/bestway-matelas-double-roll-relax-203x183x22-cm-gonflable-et-camping-67703\\\/\"]}]},{\"@type\":\"ImageObject\",\"inLanguage\":\"pt-PT\",\"@id\":\"https:\\\/\\\/tupique.com\\\/product\\\/bestway-matelas-double-roll-relax-203x183x22-cm-gonflable-et-camping-67703\\\/#primaryimage\",\"url\":\"https:\\\/\\\/tupique.com\\\/wp-content\\\/uploads\\\/2026\\\/05\\\/6941607344019_D1400576_P01.jpg\",\"contentUrl\":\"https:\\\/\\\/tupique.com\\\/wp-content\\\/uploads\\\/2026\\\/05\\\/6941607344019_D1400576_P01.jpg\",\"width\":1200,\"height\":1200,\"caption\":\"D1400576_0\"},{\"@type\":\"BreadcrumbList\",\"@id\":\"https:\\\/\\\/tupique.com\\\/product\\\/bestway-matelas-double-roll-relax-203x183x22-cm-gonflable-et-camping-67703\\\/#breadcrumb\",\"itemListElement\":[{\"@type\":\"ListItem\",\"position\":1,\"name\":\"commencer\",\"item\":\"https:\\\/\\\/tupique.com\\\/\"},{\"@type\":\"ListItem\",\"position\":2,\"name\":\"Loja\",\"item\":\"https:\\\/\\\/tupique.com\\\/pt\\\/loja\\\/\"},{\"@type\":\"ListItem\",\"position\":3,\"name\":\"Bestway Matelas Double Roll &amp; Relax 203x183x22 cm Gonflable et Camping 67703\"}]},{\"@type\":\"WebSite\",\"@id\":\"https:\\\/\\\/tupique.com\\\/#website\",\"url\":\"https:\\\/\\\/tupique.com\\\/\",\"name\":\"Tupique\",\"description\":\"\",\"publisher\":{\"@id\":\"https:\\\/\\\/tupique.com\\\/#organization\"},\"potentialAction\":[{\"@type\":\"SearchAction\",\"target\":{\"@type\":\"EntryPoint\",\"urlTemplate\":\"https:\\\/\\\/tupique.com\\\/?s={search_term_string}\"},\"query-input\":{\"@type\":\"PropertyValueSpecification\",\"valueRequired\":true,\"valueName\":\"search_term_string\"}}],\"inLanguage\":\"pt-PT\"},{\"@type\":\"Organization\",\"@id\":\"https:\\\/\\\/tupique.com\\\/#organization\",\"name\":\"Tupique\",\"url\":\"https:\\\/\\\/tupique.com\\\/\",\"logo\":{\"@type\":\"ImageObject\",\"inLanguage\":\"pt-PT\",\"@id\":\"https:\\\/\\\/tupique.com\\\/#\\\/schema\\\/logo\\\/image\\\/\",\"url\":\"https:\\\/\\\/tupique.com\\\/wp-content\\\/uploads\\\/2026\\\/03\\\/logo-tupique-1.webp\",\"contentUrl\":\"https:\\\/\\\/tupique.com\\\/wp-content\\\/uploads\\\/2026\\\/03\\\/logo-tupique-1.webp\",\"width\":500,\"height\":67,\"caption\":\"Tupique\"},\"image\":{\"@id\":\"https:\\\/\\\/tupique.com\\\/#\\\/schema\\\/logo\\\/image\\\/\"}}]}<\/script>\n<!-- \/ Yoast SEO plugin. -->","yoast_head_json":{"title":"Bestway Matelas Double Roll &amp; Relax 203x183x22 cm Gonflable et Camping 67703 | | Tupique","description":"Envie d'acheter Bestway Matelas Double Roll &amp; Relax 203x183x22 cm Gonflable et Camping 67703\u00a0? Achetez Bestway Matelas Double Roll &amp; Relax 203x183x22 cm Gonflable et Camping 67703 maintenant avec Tupique en 3 versements sans int\u00e9r\u00eat.","robots":{"index":"index","follow":"follow","max-snippet":"max-snippet:-1","max-image-preview":"max-image-preview:large","max-video-preview":"max-video-preview:-1"},"canonical":"https:\/\/tupique.com\/pt\/product\/bestway-matelas-double-roll-relax-203x183x22-cm-gonflable-et-camping-67703\/","og_locale":"pt_PT","og_type":"article","og_title":"Bestway Matelas Double Roll &amp; Relax 203x183x22 cm Gonflable et Camping 67703 | | Tupique","og_description":"Envie d'acheter Bestway Matelas Double Roll &amp; Relax 203x183x22 cm Gonflable et Camping 67703\u00a0? Achetez Bestway Matelas Double Roll &amp; Relax 203x183x22 cm Gonflable et Camping 67703 maintenant avec Tupique en 3 versements sans int\u00e9r\u00eat.","og_url":"https:\/\/tupique.com\/pt\/product\/bestway-matelas-double-roll-relax-203x183x22-cm-gonflable-et-camping-67703\/","og_site_name":"Tupique","og_image":[{"width":1200,"height":1200,"url":"https:\/\/tupique.com\/wp-content\/uploads\/2026\/05\/6941607344019_D1400576_P01.jpg","type":"image\/jpeg"}],"twitter_card":"summary_large_image","twitter_misc":{"Tempo estimado de leitura":"1 minuto"},"schema":{"@context":"https:\/\/schema.org","@graph":[{"@type":"WebPage","@id":"https:\/\/tupique.com\/product\/bestway-matelas-double-roll-relax-203x183x22-cm-gonflable-et-camping-67703\/","url":"https:\/\/tupique.com\/product\/bestway-matelas-double-roll-relax-203x183x22-cm-gonflable-et-camping-67703\/","name":"Bestway Matelas Double Roll &amp; Relax 203x183x22 cm Gonflable et Camping 67703 | | Tupique","isPartOf":{"@id":"https:\/\/tupique.com\/#website"},"primaryImageOfPage":{"@id":"https:\/\/tupique.com\/product\/bestway-matelas-double-roll-relax-203x183x22-cm-gonflable-et-camping-67703\/#primaryimage"},"image":{"@id":"https:\/\/tupique.com\/product\/bestway-matelas-double-roll-relax-203x183x22-cm-gonflable-et-camping-67703\/#primaryimage"},"thumbnailUrl":"https:\/\/tupique.com\/wp-content\/uploads\/2026\/05\/6941607344019_D1400576_P01.jpg","datePublished":"2026-05-12T03:24:05+00:00","description":"Envie d'acheter Bestway Matelas Double Roll &amp; Relax 203x183x22 cm Gonflable et Camping 67703\u00a0? Achetez Bestway Matelas Double Roll &amp; Relax 203x183x22 cm Gonflable et Camping 67703 maintenant avec Tupique en 3 versements sans int\u00e9r\u00eat.","breadcrumb":{"@id":"https:\/\/tupique.com\/product\/bestway-matelas-double-roll-relax-203x183x22-cm-gonflable-et-camping-67703\/#breadcrumb"},"inLanguage":"pt-PT","potentialAction":[{"@type":"ReadAction","target":["https:\/\/tupique.com\/product\/bestway-matelas-double-roll-relax-203x183x22-cm-gonflable-et-camping-67703\/"]}]},{"@type":"ImageObject","inLanguage":"pt-PT","@id":"https:\/\/tupique.com\/product\/bestway-matelas-double-roll-relax-203x183x22-cm-gonflable-et-camping-67703\/#primaryimage","url":"https:\/\/tupique.com\/wp-content\/uploads\/2026\/05\/6941607344019_D1400576_P01.jpg","contentUrl":"https:\/\/tupique.com\/wp-content\/uploads\/2026\/05\/6941607344019_D1400576_P01.jpg","width":1200,"height":1200,"caption":"D1400576_0"},{"@type":"BreadcrumbList","@id":"https:\/\/tupique.com\/product\/bestway-matelas-double-roll-relax-203x183x22-cm-gonflable-et-camping-67703\/#breadcrumb","itemListElement":[{"@type":"ListItem","position":1,"name":"commencer","item":"https:\/\/tupique.com\/"},{"@type":"ListItem","position":2,"name":"Loja","item":"https:\/\/tupique.com\/pt\/loja\/"},{"@type":"ListItem","position":3,"name":"Bestway Matelas Double Roll &amp; Relax 203x183x22 cm Gonflable et Camping 67703"}]},{"@type":"WebSite","@id":"https:\/\/tupique.com\/#website","url":"https:\/\/tupique.com\/","name":"Tupique","description":"","publisher":{"@id":"https:\/\/tupique.com\/#organization"},"potentialAction":[{"@type":"SearchAction","target":{"@type":"EntryPoint","urlTemplate":"https:\/\/tupique.com\/?s={search_term_string}"},"query-input":{"@type":"PropertyValueSpecification","valueRequired":true,"valueName":"search_term_string"}}],"inLanguage":"pt-PT"},{"@type":"Organization","@id":"https:\/\/tupique.com\/#organization","name":"Tupique","url":"https:\/\/tupique.com\/","logo":{"@type":"ImageObject","inLanguage":"pt-PT","@id":"https:\/\/tupique.com\/#\/schema\/logo\/image\/","url":"https:\/\/tupique.com\/wp-content\/uploads\/2026\/03\/logo-tupique-1.webp","contentUrl":"https:\/\/tupique.com\/wp-content\/uploads\/2026\/03\/logo-tupique-1.webp","width":500,"height":67,"caption":"Tupique"},"image":{"@id":"https:\/\/tupique.com\/#\/schema\/logo\/image\/"}}]}},"_links":{"self":[{"href":"https:\/\/tupique.com\/pt\/wp-json\/wp\/v2\/product\/195116","targetHints":{"allow":["GET"]}}],"collection":[{"href":"https:\/\/tupique.com\/pt\/wp-json\/wp\/v2\/product"}],"about":[{"href":"https:\/\/tupique.com\/pt\/wp-json\/wp\/v2\/types\/product"}],"replies":[{"embeddable":true,"href":"https:\/\/tupique.com\/pt\/wp-json\/wp\/v2\/comments?post=195116"}],"wp:featuredmedia":[{"embeddable":true,"href":"https:\/\/tupique.com\/pt\/wp-json\/wp\/v2\/media\/195110"}],"wp:attachment":[{"href":"https:\/\/tupique.com\/pt\/wp-json\/wp\/v2\/media?parent=195116"}],"wp:term":[{"taxonomy":"product_brand","embeddable":true,"href":"https:\/\/tupique.com\/pt\/wp-json\/wp\/v2\/product_brand?post=195116"},{"taxonomy":"product_cat","embeddable":true,"href":"https:\/\/tupique.com\/pt\/wp-json\/wp\/v2\/product_cat?post=195116"},{"taxonomy":"product_tag","embeddable":true,"href":"https:\/\/tupique.com\/pt\/wp-json\/wp\/v2\/product_tag?post=195116"},{"taxonomy":"woo-feed-brand","embeddable":true,"href":"https:\/\/tupique.com\/pt\/wp-json\/wp\/v2\/woo-feed-brand?post=195116"}],"curies":[{"name":"wp","href":"https:\/\/api.w.org\/{rel}","templated":true}]}}