{"id":195152,"date":"2026-05-12T05:25:04","date_gmt":"2026-05-12T03:25:04","guid":{"rendered":"https:\/\/tupique.com\/product\/bestway-matelas-queen-203x152x22-cm-gonflable-et-camping-67003\/"},"modified":"2026-05-12T05:25:04","modified_gmt":"2026-05-12T03:25:04","slug":"bestway-matelas-queen-203x152x22-cm-gonflable-et-camping-67003","status":"publish","type":"product","link":"https:\/\/tupique.com\/pt\/product\/bestway-matelas-queen-203x152x22-cm-gonflable-et-camping-67003\/","title":{"rendered":"Bestway Matelas Queen 203x152x22 cm Gonflable et Camping 67003"},"content":{"rendered":"<p>Si vous \u00eates \u00e0 la recherche de nouvelles tendances sur le march\u00e9, nous vous pr\u00e9sentons <b>Air bed Bestway Queen 203 x 152 x 22 cm<\/b> !<\/p>\n<p>Ler <b>matelas gonflable Queen<\/b> de <b>Bestway<\/b> est la solution parfaite pour ceux qui recherchent confort et polyvalence tant lors de sorties en camping qu&#8217;\u00e0 la maison. Avec des <b>dimensions approximatives de 203 x 152 x 22 cm<\/b>, ce matelas est con\u00e7u pour s&#8217;adapter \u00e0 tout espace et offrir une exp\u00e9rience de repos agr\u00e9able. Fabriqu\u00e9 en <b>plastique<\/b> de haute qualit\u00e9, ce mod\u00e8le se distingue par sa <b>douceur<\/b>, garantissant un confort optimal \u00e0 chaque utilisation. Son design est sp\u00e9cifiquement pens\u00e9 pour une utilisation <b>en ext\u00e9rieur<\/b>, ce qui en fait un excellent compagnon pour vos aventures en plein air. Sa couleur <b>bleue<\/b> attrayante rehausse non seulement son esth\u00e9tique, mais le rend \u00e9galement facilement visible dans n&#8217;importe quel environnement. Id\u00e9al tant pour le camping que pour accueillir vos invit\u00e9s, ce matelas assure que vous disposerez d&#8217;un endroit ad\u00e9quat pour que tout le monde se repose bien durant la nuit. Sans aucun doute, le matelas gonflable Bestway est un choix pratique et fonctionnel pour ceux qui appr\u00e9cient le confort et la commodit\u00e9 dans leur mobilier.<\/p>\n<ul>\n<li>Dimensions approx.: 203 x 152 x 22 cm<\/li>\n<li>Couleur: Bleu<\/li>\n<li>Mat\u00e9riel: Plastique<\/li>\n<li>Caracter\u00edsticas:\n<ul>\n<li>Ext\u00e9rieur<\/li>\n<li>Nettoyage par chiffon humide<\/li>\n<li>Moelleuse<\/li>\n<\/ul>\n<\/li>\n<li>Utiliza\u00e7\u00e3o recomendada:\n<ul>\n<li>Plage<\/li>\n<li>Jardin<\/li>\n<li>Camping<\/li>\n<\/ul>\n<\/li>\n<li>Largeur: 152 cm<\/li>\n<li>Emballage: Caisse<\/li>\n<li>Long: 203 cm<\/li>\n<\/ul>","protected":false},"excerpt":{"rendered":"<p>Si vous \u00eates \u00e0 la recherche de nouvelles tendances sur le march\u00e9, nous vous pr\u00e9sentons Air bed Bestway Queen 203 x 152 x 22 cm ! Le matelas gonflable Queen de Bestway est la solution parfaite pour ceux qui recherchent confort et polyvalence tant lors de sorties en camping qu&#8217;\u00e0 la maison. Avec des dimensions [&hellip;]<\/p>\n","protected":false},"featured_media":195149,"comment_status":"open","ping_status":"closed","template":"","meta":[],"product_brand":[1771],"product_cat":[1854,1853,1764],"product_tag":[211,163],"woo-feed-brand":[],"class_list":{"0":"post-195152","1":"product","2":"type-product","3":"status-publish","4":"has-post-thumbnail","6":"product_brand-brandp_520","7":"product_cat-accessoires-de-camping-et-de-montagne","8":"product_cat-camping-et-montagne","9":"product_cat-sports-loisirs","10":"product_tag-tag_3","11":"product_tag-tag_17","13":"first","14":"instock","15":"taxable","16":"shipping-taxable","17":"purchasable","18":"product-type-simple"},"yoast_head":"<!-- This site is optimized with the Yoast SEO plugin v27.5 - https:\/\/yoast.com\/product\/yoast-seo-wordpress\/ -->\n<title>Bestway Matelas Queen 203x152x22 cm Gonflable et Camping 67003 | | Tupique<\/title>\n<meta name=\"description\" content=\"Envie d&#039;acheter Bestway Matelas Queen 203x152x22 cm Gonflable et Camping 67003\u00a0? Achetez Bestway Matelas Queen 203x152x22 cm Gonflable et Camping 67003 maintenant avec Tupique en 3 versements sans int\u00e9r\u00eat.\" \/>\n<meta name=\"robots\" content=\"index, follow, max-snippet:-1, max-image-preview:large, max-video-preview:-1\" \/>\n<link rel=\"canonical\" href=\"https:\/\/tupique.com\/pt\/product\/bestway-matelas-queen-203x152x22-cm-gonflable-et-camping-67003\/\" \/>\n<meta property=\"og:locale\" content=\"pt_PT\" \/>\n<meta property=\"og:type\" content=\"article\" \/>\n<meta property=\"og:title\" content=\"Bestway Matelas Queen 203x152x22 cm Gonflable et Camping 67003 | | Tupique\" \/>\n<meta property=\"og:description\" content=\"Envie d&#039;acheter Bestway Matelas Queen 203x152x22 cm Gonflable et Camping 67003\u00a0? Achetez Bestway Matelas Queen 203x152x22 cm Gonflable et Camping 67003 maintenant avec Tupique en 3 versements sans int\u00e9r\u00eat.\" \/>\n<meta property=\"og:url\" content=\"https:\/\/tupique.com\/pt\/product\/bestway-matelas-queen-203x152x22-cm-gonflable-et-camping-67003\/\" \/>\n<meta property=\"og:site_name\" content=\"Tupique\" \/>\n<meta property=\"og:image\" content=\"https:\/\/tupique.com\/wp-content\/uploads\/2026\/05\/6941607343906_D1400555_P01.jpg\" \/>\n\t<meta property=\"og:image:width\" content=\"1200\" \/>\n\t<meta property=\"og:image:height\" content=\"1200\" \/>\n\t<meta property=\"og:image:type\" content=\"image\/jpeg\" \/>\n<meta name=\"twitter:card\" content=\"summary_large_image\" \/>\n<meta name=\"twitter:label1\" content=\"Tempo estimado de leitura\" \/>\n\t<meta name=\"twitter:data1\" content=\"1 minuto\" \/>\n<script type=\"application\/ld+json\" class=\"yoast-schema-graph\">{\"@context\":\"https:\\\/\\\/schema.org\",\"@graph\":[{\"@type\":\"WebPage\",\"@id\":\"https:\\\/\\\/tupique.com\\\/product\\\/bestway-matelas-queen-203x152x22-cm-gonflable-et-camping-67003\\\/\",\"url\":\"https:\\\/\\\/tupique.com\\\/product\\\/bestway-matelas-queen-203x152x22-cm-gonflable-et-camping-67003\\\/\",\"name\":\"Bestway Matelas Queen 203x152x22 cm Gonflable et Camping 67003 | | Tupique\",\"isPartOf\":{\"@id\":\"https:\\\/\\\/tupique.com\\\/#website\"},\"primaryImageOfPage\":{\"@id\":\"https:\\\/\\\/tupique.com\\\/product\\\/bestway-matelas-queen-203x152x22-cm-gonflable-et-camping-67003\\\/#primaryimage\"},\"image\":{\"@id\":\"https:\\\/\\\/tupique.com\\\/product\\\/bestway-matelas-queen-203x152x22-cm-gonflable-et-camping-67003\\\/#primaryimage\"},\"thumbnailUrl\":\"https:\\\/\\\/tupique.com\\\/wp-content\\\/uploads\\\/2026\\\/05\\\/6941607343906_D1400555_P01.jpg\",\"datePublished\":\"2026-05-12T03:25:04+00:00\",\"description\":\"Envie d'acheter Bestway Matelas Queen 203x152x22 cm Gonflable et Camping 67003\u00a0? Achetez Bestway Matelas Queen 203x152x22 cm Gonflable et Camping 67003 maintenant avec Tupique en 3 versements sans int\u00e9r\u00eat.\",\"breadcrumb\":{\"@id\":\"https:\\\/\\\/tupique.com\\\/product\\\/bestway-matelas-queen-203x152x22-cm-gonflable-et-camping-67003\\\/#breadcrumb\"},\"inLanguage\":\"pt-PT\",\"potentialAction\":[{\"@type\":\"ReadAction\",\"target\":[\"https:\\\/\\\/tupique.com\\\/product\\\/bestway-matelas-queen-203x152x22-cm-gonflable-et-camping-67003\\\/\"]}]},{\"@type\":\"ImageObject\",\"inLanguage\":\"pt-PT\",\"@id\":\"https:\\\/\\\/tupique.com\\\/product\\\/bestway-matelas-queen-203x152x22-cm-gonflable-et-camping-67003\\\/#primaryimage\",\"url\":\"https:\\\/\\\/tupique.com\\\/wp-content\\\/uploads\\\/2026\\\/05\\\/6941607343906_D1400555_P01.jpg\",\"contentUrl\":\"https:\\\/\\\/tupique.com\\\/wp-content\\\/uploads\\\/2026\\\/05\\\/6941607343906_D1400555_P01.jpg\",\"width\":1200,\"height\":1200,\"caption\":\"D1400555_0\"},{\"@type\":\"BreadcrumbList\",\"@id\":\"https:\\\/\\\/tupique.com\\\/product\\\/bestway-matelas-queen-203x152x22-cm-gonflable-et-camping-67003\\\/#breadcrumb\",\"itemListElement\":[{\"@type\":\"ListItem\",\"position\":1,\"name\":\"commencer\",\"item\":\"https:\\\/\\\/tupique.com\\\/\"},{\"@type\":\"ListItem\",\"position\":2,\"name\":\"Loja\",\"item\":\"https:\\\/\\\/tupique.com\\\/pt\\\/loja\\\/\"},{\"@type\":\"ListItem\",\"position\":3,\"name\":\"Bestway Matelas Queen 203x152x22 cm Gonflable et Camping 67003\"}]},{\"@type\":\"WebSite\",\"@id\":\"https:\\\/\\\/tupique.com\\\/#website\",\"url\":\"https:\\\/\\\/tupique.com\\\/\",\"name\":\"Tupique\",\"description\":\"\",\"publisher\":{\"@id\":\"https:\\\/\\\/tupique.com\\\/#organization\"},\"potentialAction\":[{\"@type\":\"SearchAction\",\"target\":{\"@type\":\"EntryPoint\",\"urlTemplate\":\"https:\\\/\\\/tupique.com\\\/?s={search_term_string}\"},\"query-input\":{\"@type\":\"PropertyValueSpecification\",\"valueRequired\":true,\"valueName\":\"search_term_string\"}}],\"inLanguage\":\"pt-PT\"},{\"@type\":\"Organization\",\"@id\":\"https:\\\/\\\/tupique.com\\\/#organization\",\"name\":\"Tupique\",\"url\":\"https:\\\/\\\/tupique.com\\\/\",\"logo\":{\"@type\":\"ImageObject\",\"inLanguage\":\"pt-PT\",\"@id\":\"https:\\\/\\\/tupique.com\\\/#\\\/schema\\\/logo\\\/image\\\/\",\"url\":\"https:\\\/\\\/tupique.com\\\/wp-content\\\/uploads\\\/2026\\\/03\\\/logo-tupique-1.webp\",\"contentUrl\":\"https:\\\/\\\/tupique.com\\\/wp-content\\\/uploads\\\/2026\\\/03\\\/logo-tupique-1.webp\",\"width\":500,\"height\":67,\"caption\":\"Tupique\"},\"image\":{\"@id\":\"https:\\\/\\\/tupique.com\\\/#\\\/schema\\\/logo\\\/image\\\/\"}}]}<\/script>\n<!-- \/ Yoast SEO plugin. -->","yoast_head_json":{"title":"Bestway Matelas Queen 203x152x22 cm Gonflable et Camping 67003 | | Tupique","description":"Envie d'acheter Bestway Matelas Queen 203x152x22 cm Gonflable et Camping 67003\u00a0? Achetez Bestway Matelas Queen 203x152x22 cm Gonflable et Camping 67003 maintenant avec Tupique en 3 versements sans int\u00e9r\u00eat.","robots":{"index":"index","follow":"follow","max-snippet":"max-snippet:-1","max-image-preview":"max-image-preview:large","max-video-preview":"max-video-preview:-1"},"canonical":"https:\/\/tupique.com\/pt\/product\/bestway-matelas-queen-203x152x22-cm-gonflable-et-camping-67003\/","og_locale":"pt_PT","og_type":"article","og_title":"Bestway Matelas Queen 203x152x22 cm Gonflable et Camping 67003 | | Tupique","og_description":"Envie d'acheter Bestway Matelas Queen 203x152x22 cm Gonflable et Camping 67003\u00a0? Achetez Bestway Matelas Queen 203x152x22 cm Gonflable et Camping 67003 maintenant avec Tupique en 3 versements sans int\u00e9r\u00eat.","og_url":"https:\/\/tupique.com\/pt\/product\/bestway-matelas-queen-203x152x22-cm-gonflable-et-camping-67003\/","og_site_name":"Tupique","og_image":[{"width":1200,"height":1200,"url":"https:\/\/tupique.com\/wp-content\/uploads\/2026\/05\/6941607343906_D1400555_P01.jpg","type":"image\/jpeg"}],"twitter_card":"summary_large_image","twitter_misc":{"Tempo estimado de leitura":"1 minuto"},"schema":{"@context":"https:\/\/schema.org","@graph":[{"@type":"WebPage","@id":"https:\/\/tupique.com\/product\/bestway-matelas-queen-203x152x22-cm-gonflable-et-camping-67003\/","url":"https:\/\/tupique.com\/product\/bestway-matelas-queen-203x152x22-cm-gonflable-et-camping-67003\/","name":"Bestway Matelas Queen 203x152x22 cm Gonflable et Camping 67003 | | Tupique","isPartOf":{"@id":"https:\/\/tupique.com\/#website"},"primaryImageOfPage":{"@id":"https:\/\/tupique.com\/product\/bestway-matelas-queen-203x152x22-cm-gonflable-et-camping-67003\/#primaryimage"},"image":{"@id":"https:\/\/tupique.com\/product\/bestway-matelas-queen-203x152x22-cm-gonflable-et-camping-67003\/#primaryimage"},"thumbnailUrl":"https:\/\/tupique.com\/wp-content\/uploads\/2026\/05\/6941607343906_D1400555_P01.jpg","datePublished":"2026-05-12T03:25:04+00:00","description":"Envie d'acheter Bestway Matelas Queen 203x152x22 cm Gonflable et Camping 67003\u00a0? Achetez Bestway Matelas Queen 203x152x22 cm Gonflable et Camping 67003 maintenant avec Tupique en 3 versements sans int\u00e9r\u00eat.","breadcrumb":{"@id":"https:\/\/tupique.com\/product\/bestway-matelas-queen-203x152x22-cm-gonflable-et-camping-67003\/#breadcrumb"},"inLanguage":"pt-PT","potentialAction":[{"@type":"ReadAction","target":["https:\/\/tupique.com\/product\/bestway-matelas-queen-203x152x22-cm-gonflable-et-camping-67003\/"]}]},{"@type":"ImageObject","inLanguage":"pt-PT","@id":"https:\/\/tupique.com\/product\/bestway-matelas-queen-203x152x22-cm-gonflable-et-camping-67003\/#primaryimage","url":"https:\/\/tupique.com\/wp-content\/uploads\/2026\/05\/6941607343906_D1400555_P01.jpg","contentUrl":"https:\/\/tupique.com\/wp-content\/uploads\/2026\/05\/6941607343906_D1400555_P01.jpg","width":1200,"height":1200,"caption":"D1400555_0"},{"@type":"BreadcrumbList","@id":"https:\/\/tupique.com\/product\/bestway-matelas-queen-203x152x22-cm-gonflable-et-camping-67003\/#breadcrumb","itemListElement":[{"@type":"ListItem","position":1,"name":"commencer","item":"https:\/\/tupique.com\/"},{"@type":"ListItem","position":2,"name":"Loja","item":"https:\/\/tupique.com\/pt\/loja\/"},{"@type":"ListItem","position":3,"name":"Bestway Matelas Queen 203x152x22 cm Gonflable et Camping 67003"}]},{"@type":"WebSite","@id":"https:\/\/tupique.com\/#website","url":"https:\/\/tupique.com\/","name":"Tupique","description":"","publisher":{"@id":"https:\/\/tupique.com\/#organization"},"potentialAction":[{"@type":"SearchAction","target":{"@type":"EntryPoint","urlTemplate":"https:\/\/tupique.com\/?s={search_term_string}"},"query-input":{"@type":"PropertyValueSpecification","valueRequired":true,"valueName":"search_term_string"}}],"inLanguage":"pt-PT"},{"@type":"Organization","@id":"https:\/\/tupique.com\/#organization","name":"Tupique","url":"https:\/\/tupique.com\/","logo":{"@type":"ImageObject","inLanguage":"pt-PT","@id":"https:\/\/tupique.com\/#\/schema\/logo\/image\/","url":"https:\/\/tupique.com\/wp-content\/uploads\/2026\/03\/logo-tupique-1.webp","contentUrl":"https:\/\/tupique.com\/wp-content\/uploads\/2026\/03\/logo-tupique-1.webp","width":500,"height":67,"caption":"Tupique"},"image":{"@id":"https:\/\/tupique.com\/#\/schema\/logo\/image\/"}}]}},"_links":{"self":[{"href":"https:\/\/tupique.com\/pt\/wp-json\/wp\/v2\/product\/195152","targetHints":{"allow":["GET"]}}],"collection":[{"href":"https:\/\/tupique.com\/pt\/wp-json\/wp\/v2\/product"}],"about":[{"href":"https:\/\/tupique.com\/pt\/wp-json\/wp\/v2\/types\/product"}],"replies":[{"embeddable":true,"href":"https:\/\/tupique.com\/pt\/wp-json\/wp\/v2\/comments?post=195152"}],"wp:featuredmedia":[{"embeddable":true,"href":"https:\/\/tupique.com\/pt\/wp-json\/wp\/v2\/media\/195149"}],"wp:attachment":[{"href":"https:\/\/tupique.com\/pt\/wp-json\/wp\/v2\/media?parent=195152"}],"wp:term":[{"taxonomy":"product_brand","embeddable":true,"href":"https:\/\/tupique.com\/pt\/wp-json\/wp\/v2\/product_brand?post=195152"},{"taxonomy":"product_cat","embeddable":true,"href":"https:\/\/tupique.com\/pt\/wp-json\/wp\/v2\/product_cat?post=195152"},{"taxonomy":"product_tag","embeddable":true,"href":"https:\/\/tupique.com\/pt\/wp-json\/wp\/v2\/product_tag?post=195152"},{"taxonomy":"woo-feed-brand","embeddable":true,"href":"https:\/\/tupique.com\/pt\/wp-json\/wp\/v2\/woo-feed-brand?post=195152"}],"curies":[{"name":"wp","href":"https:\/\/api.w.org\/{rel}","templated":true}]}}