{"id":195517,"date":"2026-05-12T05:49:33","date_gmt":"2026-05-12T03:49:33","guid":{"rendered":"https:\/\/tupique.com\/product\/monture-de-lunettes-femme-max-mara-mm5068-d-50001\/"},"modified":"2026-05-12T06:00:14","modified_gmt":"2026-05-12T04:00:14","slug":"monture-de-lunettes-femme-max-mara-mm5068-d-50001","status":"publish","type":"product","link":"https:\/\/tupique.com\/pt\/product\/monture-de-lunettes-femme-max-mara-mm5068-d-50001\/","title":{"rendered":"Monture de Lunettes Femme Max Mara MM5068-D 50001"},"content":{"rendered":"<p>Si vous envisagez de renouveler votre garde-robe, achetez <b>Monture de Lunettes Femme Max Mara MM5068-D 50001<\/b> et d\u2019autres<b>produits Max Mara<\/b>! La meilleure qualit\u00e9 au meilleur prix est \u00e0 votre port\u00e9e!<\/p>\n<p>A <b>monture de lunettes pour femme<\/b> Max Mara MM5068-D 50001 se distingue par son design \u00e9l\u00e9gant et sophistiqu\u00e9, fid\u00e8le \u00e0 la r\u00e9putation de la marque italienne dans le secteur des accessoires de mode haut de gamme. Ce mod\u00e8le est con\u00e7u pour les femmes recherchant une alliance de style et de fonctionnalit\u00e9, avec une <b>monture l\u00e9g\u00e8re et confortable<\/b> adapt\u00e9e \u00e0 un usage quotidien. La structure int\u00e8gre des <b>verres sans correction<\/b>, permettant une utilisation imm\u00e9diate ou la possibilit\u00e9 d\u2019y adapter des verres correcteurs selon les besoins optiques de l\u2019utilisatrice. Son design soign\u00e9 et intemporel fait de cette <b>monture de lunettes<\/b> un accessoire polyvalent, id\u00e9al aussi bien dans un cadre professionnel que pour les activit\u00e9s quotidiennes, tout en apportant une touche de distinction propre \u00e0 Max Mara. Fabriqu\u00e9e avec des mat\u00e9riaux de qualit\u00e9 et des finitions raffin\u00e9es, cette pi\u00e8ce refl\u00e8te l\u2019engagement de la marque \u00e0 proposer des produits durables et tendance, qui s\u2019int\u00e8grent parfaitement \u00e0 toute garde-robe f\u00e9minine. En somme, la Max Mara MM5068-D 50001 constitue un choix judicieux pour celles qui appr\u00e9cient la fonctionnalit\u00e9 sans renoncer au design et \u00e0 l\u2019\u00e9l\u00e9gance dans des lunettes pour femme.<\/p>\n<ul>\n<li>Caract\u00e9ristiques: Verres sans graduation<\/li>\n<li>G\u00e9nero: Femme<\/li>\n<li>Type: Monture de Lunettes<\/li>\n<li>Type de verre: Lentilles sans ordonnance<\/li>\n<\/ul>","protected":false},"excerpt":{"rendered":"<p>Si vous envisagez de renouveler votre garde-robe, achetez Monture de Lunettes Femme Max Mara MM5068-D 50001 et d\u2019autresproduits Max Mara! La meilleure qualit\u00e9 au meilleur prix est \u00e0 votre port\u00e9e! La monture de lunettes pour femme Max Mara MM5068-D 50001 se distingue par son design \u00e9l\u00e9gant et sophistiqu\u00e9, fid\u00e8le \u00e0 la r\u00e9putation de la marque [&hellip;]<\/p>\n","protected":false},"featured_media":195514,"comment_status":"open","ping_status":"closed","template":"","meta":[],"product_brand":[2583],"product_cat":[776,777,752],"product_tag":[542],"woo-feed-brand":[],"class_list":{"0":"post-195517","1":"product","2":"type-product","3":"status-publish","4":"has-post-thumbnail","6":"product_brand-brandp_3762","7":"product_cat-detente-et-bien-etre","8":"product_cat-lunettes-de-lecture-et-lunettes-loupes","9":"product_cat-sante-beaute","10":"product_tag-tag_1274","12":"first","13":"instock","14":"taxable","15":"shipping-taxable","16":"purchasable","17":"product-type-simple"},"yoast_head":"<!-- This site is optimized with the Yoast SEO plugin v27.6 - https:\/\/yoast.com\/product\/yoast-seo-wordpress\/ -->\n<title>Monture de Lunettes Femme Max Mara MM5068-D 50001 | | Tupique<\/title>\n<meta name=\"description\" content=\"Envie d&#039;acheter Monture de Lunettes Femme Max Mara MM5068-D 50001\u00a0? Achetez Monture de Lunettes Femme Max Mara MM5068-D 50001 maintenant avec Tupique en 3 versements sans int\u00e9r\u00eat.\" \/>\n<meta name=\"robots\" content=\"index, follow, max-snippet:-1, max-image-preview:large, max-video-preview:-1\" \/>\n<link rel=\"canonical\" href=\"https:\/\/tupique.com\/pt\/product\/monture-de-lunettes-femme-max-mara-mm5068-d-50001\/\" \/>\n<meta property=\"og:locale\" content=\"pt_PT\" \/>\n<meta property=\"og:type\" content=\"article\" \/>\n<meta property=\"og:title\" content=\"Monture de Lunettes Femme Max Mara MM5068-D 50001 | | Tupique\" \/>\n<meta property=\"og:description\" content=\"Envie d&#039;acheter Monture de Lunettes Femme Max Mara MM5068-D 50001\u00a0? Achetez Monture de Lunettes Femme Max Mara MM5068-D 50001 maintenant avec Tupique en 3 versements sans int\u00e9r\u00eat.\" \/>\n<meta property=\"og:url\" content=\"https:\/\/tupique.com\/pt\/product\/monture-de-lunettes-femme-max-mara-mm5068-d-50001\/\" \/>\n<meta property=\"og:site_name\" content=\"Tupique\" \/>\n<meta property=\"article:modified_time\" content=\"2026-05-12T04:00:14+00:00\" \/>\n<meta property=\"og:image\" content=\"https:\/\/tupique.com\/wp-content\/uploads\/2026\/05\/0889214346773_S72100114_P00.jpg\" \/>\n\t<meta property=\"og:image:width\" content=\"1200\" \/>\n\t<meta property=\"og:image:height\" content=\"1200\" \/>\n\t<meta property=\"og:image:type\" content=\"image\/jpeg\" \/>\n<meta name=\"twitter:card\" content=\"summary_large_image\" \/>\n<meta name=\"twitter:label1\" content=\"Tempo estimado de leitura\" \/>\n\t<meta name=\"twitter:data1\" content=\"1 minuto\" \/>\n<script type=\"application\/ld+json\" class=\"yoast-schema-graph\">{\"@context\":\"https:\\\/\\\/schema.org\",\"@graph\":[{\"@type\":\"WebPage\",\"@id\":\"https:\\\/\\\/tupique.com\\\/product\\\/monture-de-lunettes-femme-max-mara-mm5068-d-50001\\\/\",\"url\":\"https:\\\/\\\/tupique.com\\\/product\\\/monture-de-lunettes-femme-max-mara-mm5068-d-50001\\\/\",\"name\":\"Monture de Lunettes Femme Max Mara MM5068-D 50001 | | Tupique\",\"isPartOf\":{\"@id\":\"https:\\\/\\\/tupique.com\\\/#website\"},\"primaryImageOfPage\":{\"@id\":\"https:\\\/\\\/tupique.com\\\/product\\\/monture-de-lunettes-femme-max-mara-mm5068-d-50001\\\/#primaryimage\"},\"image\":{\"@id\":\"https:\\\/\\\/tupique.com\\\/product\\\/monture-de-lunettes-femme-max-mara-mm5068-d-50001\\\/#primaryimage\"},\"thumbnailUrl\":\"https:\\\/\\\/tupique.com\\\/wp-content\\\/uploads\\\/2026\\\/05\\\/0889214346773_S72100114_P00.jpg\",\"datePublished\":\"2026-05-12T03:49:33+00:00\",\"dateModified\":\"2026-05-12T04:00:14+00:00\",\"description\":\"Envie d'acheter Monture de Lunettes Femme Max Mara MM5068-D 50001\u00a0? Achetez Monture de Lunettes Femme Max Mara MM5068-D 50001 maintenant avec Tupique en 3 versements sans int\u00e9r\u00eat.\",\"breadcrumb\":{\"@id\":\"https:\\\/\\\/tupique.com\\\/product\\\/monture-de-lunettes-femme-max-mara-mm5068-d-50001\\\/#breadcrumb\"},\"inLanguage\":\"pt-PT\",\"potentialAction\":[{\"@type\":\"ReadAction\",\"target\":[\"https:\\\/\\\/tupique.com\\\/product\\\/monture-de-lunettes-femme-max-mara-mm5068-d-50001\\\/\"]}]},{\"@type\":\"ImageObject\",\"inLanguage\":\"pt-PT\",\"@id\":\"https:\\\/\\\/tupique.com\\\/product\\\/monture-de-lunettes-femme-max-mara-mm5068-d-50001\\\/#primaryimage\",\"url\":\"https:\\\/\\\/tupique.com\\\/wp-content\\\/uploads\\\/2026\\\/05\\\/0889214346773_S72100114_P00.jpg\",\"contentUrl\":\"https:\\\/\\\/tupique.com\\\/wp-content\\\/uploads\\\/2026\\\/05\\\/0889214346773_S72100114_P00.jpg\",\"width\":1200,\"height\":1200,\"caption\":\"S72100114_0\"},{\"@type\":\"BreadcrumbList\",\"@id\":\"https:\\\/\\\/tupique.com\\\/product\\\/monture-de-lunettes-femme-max-mara-mm5068-d-50001\\\/#breadcrumb\",\"itemListElement\":[{\"@type\":\"ListItem\",\"position\":1,\"name\":\"commencer\",\"item\":\"https:\\\/\\\/tupique.com\\\/\"},{\"@type\":\"ListItem\",\"position\":2,\"name\":\"Loja\",\"item\":\"https:\\\/\\\/tupique.com\\\/pt\\\/loja\\\/\"},{\"@type\":\"ListItem\",\"position\":3,\"name\":\"Monture de Lunettes Femme Max Mara MM5068-D 50001\"}]},{\"@type\":\"WebSite\",\"@id\":\"https:\\\/\\\/tupique.com\\\/#website\",\"url\":\"https:\\\/\\\/tupique.com\\\/\",\"name\":\"Tupique\",\"description\":\"\",\"publisher\":{\"@id\":\"https:\\\/\\\/tupique.com\\\/#organization\"},\"potentialAction\":[{\"@type\":\"SearchAction\",\"target\":{\"@type\":\"EntryPoint\",\"urlTemplate\":\"https:\\\/\\\/tupique.com\\\/?s={search_term_string}\"},\"query-input\":{\"@type\":\"PropertyValueSpecification\",\"valueRequired\":true,\"valueName\":\"search_term_string\"}}],\"inLanguage\":\"pt-PT\"},{\"@type\":\"Organization\",\"@id\":\"https:\\\/\\\/tupique.com\\\/#organization\",\"name\":\"Tupique\",\"url\":\"https:\\\/\\\/tupique.com\\\/\",\"logo\":{\"@type\":\"ImageObject\",\"inLanguage\":\"pt-PT\",\"@id\":\"https:\\\/\\\/tupique.com\\\/#\\\/schema\\\/logo\\\/image\\\/\",\"url\":\"https:\\\/\\\/tupique.com\\\/wp-content\\\/uploads\\\/2026\\\/03\\\/logo-tupique-1.webp\",\"contentUrl\":\"https:\\\/\\\/tupique.com\\\/wp-content\\\/uploads\\\/2026\\\/03\\\/logo-tupique-1.webp\",\"width\":500,\"height\":67,\"caption\":\"Tupique\"},\"image\":{\"@id\":\"https:\\\/\\\/tupique.com\\\/#\\\/schema\\\/logo\\\/image\\\/\"}}]}<\/script>\n<!-- \/ Yoast SEO plugin. -->","yoast_head_json":{"title":"Monture de Lunettes Femme Max Mara MM5068-D 50001 | | Tupique","description":"Envie d'acheter Monture de Lunettes Femme Max Mara MM5068-D 50001\u00a0? Achetez Monture de Lunettes Femme Max Mara MM5068-D 50001 maintenant avec Tupique en 3 versements sans int\u00e9r\u00eat.","robots":{"index":"index","follow":"follow","max-snippet":"max-snippet:-1","max-image-preview":"max-image-preview:large","max-video-preview":"max-video-preview:-1"},"canonical":"https:\/\/tupique.com\/pt\/product\/monture-de-lunettes-femme-max-mara-mm5068-d-50001\/","og_locale":"pt_PT","og_type":"article","og_title":"Monture de Lunettes Femme Max Mara MM5068-D 50001 | | Tupique","og_description":"Envie d'acheter Monture de Lunettes Femme Max Mara MM5068-D 50001\u00a0? Achetez Monture de Lunettes Femme Max Mara MM5068-D 50001 maintenant avec Tupique en 3 versements sans int\u00e9r\u00eat.","og_url":"https:\/\/tupique.com\/pt\/product\/monture-de-lunettes-femme-max-mara-mm5068-d-50001\/","og_site_name":"Tupique","article_modified_time":"2026-05-12T04:00:14+00:00","og_image":[{"width":1200,"height":1200,"url":"https:\/\/tupique.com\/wp-content\/uploads\/2026\/05\/0889214346773_S72100114_P00.jpg","type":"image\/jpeg"}],"twitter_card":"summary_large_image","twitter_misc":{"Tempo estimado de leitura":"1 minuto"},"schema":{"@context":"https:\/\/schema.org","@graph":[{"@type":"WebPage","@id":"https:\/\/tupique.com\/product\/monture-de-lunettes-femme-max-mara-mm5068-d-50001\/","url":"https:\/\/tupique.com\/product\/monture-de-lunettes-femme-max-mara-mm5068-d-50001\/","name":"Monture de Lunettes Femme Max Mara MM5068-D 50001 | | Tupique","isPartOf":{"@id":"https:\/\/tupique.com\/#website"},"primaryImageOfPage":{"@id":"https:\/\/tupique.com\/product\/monture-de-lunettes-femme-max-mara-mm5068-d-50001\/#primaryimage"},"image":{"@id":"https:\/\/tupique.com\/product\/monture-de-lunettes-femme-max-mara-mm5068-d-50001\/#primaryimage"},"thumbnailUrl":"https:\/\/tupique.com\/wp-content\/uploads\/2026\/05\/0889214346773_S72100114_P00.jpg","datePublished":"2026-05-12T03:49:33+00:00","dateModified":"2026-05-12T04:00:14+00:00","description":"Envie d'acheter Monture de Lunettes Femme Max Mara MM5068-D 50001\u00a0? Achetez Monture de Lunettes Femme Max Mara MM5068-D 50001 maintenant avec Tupique en 3 versements sans int\u00e9r\u00eat.","breadcrumb":{"@id":"https:\/\/tupique.com\/product\/monture-de-lunettes-femme-max-mara-mm5068-d-50001\/#breadcrumb"},"inLanguage":"pt-PT","potentialAction":[{"@type":"ReadAction","target":["https:\/\/tupique.com\/product\/monture-de-lunettes-femme-max-mara-mm5068-d-50001\/"]}]},{"@type":"ImageObject","inLanguage":"pt-PT","@id":"https:\/\/tupique.com\/product\/monture-de-lunettes-femme-max-mara-mm5068-d-50001\/#primaryimage","url":"https:\/\/tupique.com\/wp-content\/uploads\/2026\/05\/0889214346773_S72100114_P00.jpg","contentUrl":"https:\/\/tupique.com\/wp-content\/uploads\/2026\/05\/0889214346773_S72100114_P00.jpg","width":1200,"height":1200,"caption":"S72100114_0"},{"@type":"BreadcrumbList","@id":"https:\/\/tupique.com\/product\/monture-de-lunettes-femme-max-mara-mm5068-d-50001\/#breadcrumb","itemListElement":[{"@type":"ListItem","position":1,"name":"commencer","item":"https:\/\/tupique.com\/"},{"@type":"ListItem","position":2,"name":"Loja","item":"https:\/\/tupique.com\/pt\/loja\/"},{"@type":"ListItem","position":3,"name":"Monture de Lunettes Femme Max Mara MM5068-D 50001"}]},{"@type":"WebSite","@id":"https:\/\/tupique.com\/#website","url":"https:\/\/tupique.com\/","name":"Tupique","description":"","publisher":{"@id":"https:\/\/tupique.com\/#organization"},"potentialAction":[{"@type":"SearchAction","target":{"@type":"EntryPoint","urlTemplate":"https:\/\/tupique.com\/?s={search_term_string}"},"query-input":{"@type":"PropertyValueSpecification","valueRequired":true,"valueName":"search_term_string"}}],"inLanguage":"pt-PT"},{"@type":"Organization","@id":"https:\/\/tupique.com\/#organization","name":"Tupique","url":"https:\/\/tupique.com\/","logo":{"@type":"ImageObject","inLanguage":"pt-PT","@id":"https:\/\/tupique.com\/#\/schema\/logo\/image\/","url":"https:\/\/tupique.com\/wp-content\/uploads\/2026\/03\/logo-tupique-1.webp","contentUrl":"https:\/\/tupique.com\/wp-content\/uploads\/2026\/03\/logo-tupique-1.webp","width":500,"height":67,"caption":"Tupique"},"image":{"@id":"https:\/\/tupique.com\/#\/schema\/logo\/image\/"}}]}},"_links":{"self":[{"href":"https:\/\/tupique.com\/pt\/wp-json\/wp\/v2\/product\/195517","targetHints":{"allow":["GET"]}}],"collection":[{"href":"https:\/\/tupique.com\/pt\/wp-json\/wp\/v2\/product"}],"about":[{"href":"https:\/\/tupique.com\/pt\/wp-json\/wp\/v2\/types\/product"}],"replies":[{"embeddable":true,"href":"https:\/\/tupique.com\/pt\/wp-json\/wp\/v2\/comments?post=195517"}],"wp:featuredmedia":[{"embeddable":true,"href":"https:\/\/tupique.com\/pt\/wp-json\/wp\/v2\/media\/195514"}],"wp:attachment":[{"href":"https:\/\/tupique.com\/pt\/wp-json\/wp\/v2\/media?parent=195517"}],"wp:term":[{"taxonomy":"product_brand","embeddable":true,"href":"https:\/\/tupique.com\/pt\/wp-json\/wp\/v2\/product_brand?post=195517"},{"taxonomy":"product_cat","embeddable":true,"href":"https:\/\/tupique.com\/pt\/wp-json\/wp\/v2\/product_cat?post=195517"},{"taxonomy":"product_tag","embeddable":true,"href":"https:\/\/tupique.com\/pt\/wp-json\/wp\/v2\/product_tag?post=195517"},{"taxonomy":"woo-feed-brand","embeddable":true,"href":"https:\/\/tupique.com\/pt\/wp-json\/wp\/v2\/woo-feed-brand?post=195517"}],"curies":[{"name":"wp","href":"https:\/\/api.w.org\/{rel}","templated":true}]}}