{"id":195595,"date":"2026-05-12T06:01:50","date_gmt":"2026-05-12T04:01:50","guid":{"rendered":"https:\/\/tupique.com\/product\/chaussures-de-futsal-pour-enfants-puma-ultra-play-blanc-rose-fonce-enfant-unisexe\/"},"modified":"2026-05-12T06:01:50","modified_gmt":"2026-05-12T04:01:50","slug":"chaussures-de-futsal-pour-enfants-puma-ultra-play-blanc-rose-fonce-enfant-unisexe","status":"publish","type":"product","link":"https:\/\/tupique.com\/pt\/product\/chaussures-de-futsal-pour-enfants-puma-ultra-play-blanc-rose-fonce-enfant-unisexe\/","title":{"rendered":"Chaussures de Futsal pour Enfants Puma Ultra Play Blanc Rose fonc\u00e9 Enfant Unisexe"},"content":{"rendered":"<p>Restez en forme et d\u00e9couvrez les derni\u00e8res nouveaut\u00e9s du secteur pour faire du sport avec les meilleures garanties ! Achetez <b>Chaussures de Futsal pour Enfants Puma Ultra Play Blanc Rose fonc\u00e9 Enfant Unisexe<\/b> au meilleur prix et profitez d&#8217;une vie saine !<\/p>\n<ul>\n<li>Type: Chaussures de Futsal pour Enfants<\/li>\n<li>Couleur:\n<ul>\n<li>Blanc<\/li>\n<li>Rose fonc\u00e9<\/li>\n<\/ul>\n<\/li>\n<li>Genre:\n<ul>\n<li>Enfant<\/li>\n<li>Unisexe<\/li>\n<\/ul>\n<\/li>\n<\/ul>","protected":false},"excerpt":{"rendered":"<p>Restez en forme et d\u00e9couvrez les derni\u00e8res nouveaut\u00e9s du secteur pour faire du sport avec les meilleures garanties ! Achetez Chaussures de Futsal pour Enfants Puma Ultra Play Blanc Rose fonc\u00e9 Enfant Unisexe au meilleur prix et profitez d&#8217;une vie saine ! Type: Chaussures de Futsal pour Enfants Couleur: Blanc Rose fonc\u00e9 Genre: Enfant Unisexe<\/p>","protected":false},"featured_media":195588,"comment_status":"open","ping_status":"closed","template":"","meta":[],"product_brand":[184],"product_cat":[2789,2400,1764],"product_tag":[163],"woo-feed-brand":[],"class_list":{"0":"post-195595","1":"product","2":"type-product","3":"status-publish","4":"has-post-thumbnail","6":"product_brand-brandp_871","7":"product_cat-chaussures-de-futsal","8":"product_cat-football-et-futsal","9":"product_cat-sports-loisirs","10":"product_tag-tag_17","12":"first","13":"instock","14":"taxable","15":"shipping-taxable","16":"product-type-variable"},"yoast_head":"<!-- This site is optimized with the Yoast SEO plugin v27.6 - https:\/\/yoast.com\/product\/yoast-seo-wordpress\/ -->\n<title>Chaussures de Futsal pour Enfants Puma Ultra Play Blanc Rose fonc\u00e9 Enfant Unisexe | | Tupique<\/title>\n<meta name=\"description\" content=\"Envie d&#039;acheter Chaussures de Futsal pour Enfants Puma Ultra Play Blanc Rose fonc\u00e9 Enfant Unisexe\u00a0? Achetez Chaussures de Futsal pour Enfants Puma Ultra Play Blanc Rose fonc\u00e9 Enfant Unisexe maintenant avec Tupique en 3 versements sans int\u00e9r\u00eat.\" \/>\n<meta name=\"robots\" content=\"index, follow, max-snippet:-1, max-image-preview:large, max-video-preview:-1\" \/>\n<link rel=\"canonical\" href=\"https:\/\/tupique.com\/pt\/product\/chaussures-de-futsal-pour-enfants-puma-ultra-play-blanc-rose-fonce-enfant-unisexe\/\" \/>\n<meta property=\"og:locale\" content=\"pt_PT\" \/>\n<meta property=\"og:type\" content=\"article\" \/>\n<meta property=\"og:title\" content=\"Chaussures de Futsal pour Enfants Puma Ultra Play Blanc Rose fonc\u00e9 Enfant Unisexe | | Tupique\" \/>\n<meta property=\"og:description\" content=\"Envie d&#039;acheter Chaussures de Futsal pour Enfants Puma Ultra Play Blanc Rose fonc\u00e9 Enfant Unisexe\u00a0? Achetez Chaussures de Futsal pour Enfants Puma Ultra Play Blanc Rose fonc\u00e9 Enfant Unisexe maintenant avec Tupique en 3 versements sans int\u00e9r\u00eat.\" \/>\n<meta property=\"og:url\" content=\"https:\/\/tupique.com\/pt\/product\/chaussures-de-futsal-pour-enfants-puma-ultra-play-blanc-rose-fonce-enfant-unisexe\/\" \/>\n<meta property=\"og:site_name\" content=\"Tupique\" \/>\n<meta property=\"og:image\" content=\"https:\/\/tupique.com\/wp-content\/uploads\/2026\/05\/4099686024079_S64129834_P00.jpg\" \/>\n\t<meta property=\"og:image:width\" content=\"1200\" \/>\n\t<meta property=\"og:image:height\" content=\"1200\" \/>\n\t<meta property=\"og:image:type\" content=\"image\/jpeg\" \/>\n<meta name=\"twitter:card\" content=\"summary_large_image\" \/>\n<script type=\"application\/ld+json\" class=\"yoast-schema-graph\">{\"@context\":\"https:\\\/\\\/schema.org\",\"@graph\":[{\"@type\":\"WebPage\",\"@id\":\"https:\\\/\\\/tupique.com\\\/pt\\\/product\\\/chaussures-de-futsal-pour-enfants-puma-ultra-play-blanc-rose-fonce-enfant-unisexe\\\/\",\"url\":\"https:\\\/\\\/tupique.com\\\/pt\\\/product\\\/chaussures-de-futsal-pour-enfants-puma-ultra-play-blanc-rose-fonce-enfant-unisexe\\\/\",\"name\":\"Chaussures de Futsal pour Enfants Puma Ultra Play Blanc Rose fonc\u00e9 Enfant Unisexe | | Tupique\",\"isPartOf\":{\"@id\":\"https:\\\/\\\/tupique.com\\\/#website\"},\"primaryImageOfPage\":{\"@id\":\"https:\\\/\\\/tupique.com\\\/pt\\\/product\\\/chaussures-de-futsal-pour-enfants-puma-ultra-play-blanc-rose-fonce-enfant-unisexe\\\/#primaryimage\"},\"image\":{\"@id\":\"https:\\\/\\\/tupique.com\\\/pt\\\/product\\\/chaussures-de-futsal-pour-enfants-puma-ultra-play-blanc-rose-fonce-enfant-unisexe\\\/#primaryimage\"},\"thumbnailUrl\":\"https:\\\/\\\/tupique.com\\\/wp-content\\\/uploads\\\/2026\\\/05\\\/4099686024079_S64129834_P00.jpg\",\"datePublished\":\"2026-05-12T04:01:50+00:00\",\"description\":\"Envie d'acheter Chaussures de Futsal pour Enfants Puma Ultra Play Blanc Rose fonc\u00e9 Enfant Unisexe\u00a0? Achetez Chaussures de Futsal pour Enfants Puma Ultra Play Blanc Rose fonc\u00e9 Enfant Unisexe maintenant avec Tupique en 3 versements sans int\u00e9r\u00eat.\",\"breadcrumb\":{\"@id\":\"https:\\\/\\\/tupique.com\\\/pt\\\/product\\\/chaussures-de-futsal-pour-enfants-puma-ultra-play-blanc-rose-fonce-enfant-unisexe\\\/#breadcrumb\"},\"inLanguage\":\"pt-PT\",\"potentialAction\":[{\"@type\":\"ReadAction\",\"target\":[\"https:\\\/\\\/tupique.com\\\/pt\\\/product\\\/chaussures-de-futsal-pour-enfants-puma-ultra-play-blanc-rose-fonce-enfant-unisexe\\\/\"]}]},{\"@type\":\"ImageObject\",\"inLanguage\":\"pt-PT\",\"@id\":\"https:\\\/\\\/tupique.com\\\/pt\\\/product\\\/chaussures-de-futsal-pour-enfants-puma-ultra-play-blanc-rose-fonce-enfant-unisexe\\\/#primaryimage\",\"url\":\"https:\\\/\\\/tupique.com\\\/wp-content\\\/uploads\\\/2026\\\/05\\\/4099686024079_S64129834_P00.jpg\",\"contentUrl\":\"https:\\\/\\\/tupique.com\\\/wp-content\\\/uploads\\\/2026\\\/05\\\/4099686024079_S64129834_P00.jpg\",\"width\":1200,\"height\":1200,\"caption\":\"S64137332_0\"},{\"@type\":\"BreadcrumbList\",\"@id\":\"https:\\\/\\\/tupique.com\\\/pt\\\/product\\\/chaussures-de-futsal-pour-enfants-puma-ultra-play-blanc-rose-fonce-enfant-unisexe\\\/#breadcrumb\",\"itemListElement\":[{\"@type\":\"ListItem\",\"position\":1,\"name\":\"commencer\",\"item\":\"https:\\\/\\\/tupique.com\\\/\"},{\"@type\":\"ListItem\",\"position\":2,\"name\":\"Loja\",\"item\":\"https:\\\/\\\/tupique.com\\\/pt\\\/loja\\\/\"},{\"@type\":\"ListItem\",\"position\":3,\"name\":\"Chaussures de Futsal pour Enfants Puma Ultra Play Blanc Rose fonc\u00e9 Enfant Unisexe\"}]},{\"@type\":\"WebSite\",\"@id\":\"https:\\\/\\\/tupique.com\\\/#website\",\"url\":\"https:\\\/\\\/tupique.com\\\/\",\"name\":\"Tupique\",\"description\":\"\",\"publisher\":{\"@id\":\"https:\\\/\\\/tupique.com\\\/#organization\"},\"potentialAction\":[{\"@type\":\"SearchAction\",\"target\":{\"@type\":\"EntryPoint\",\"urlTemplate\":\"https:\\\/\\\/tupique.com\\\/?s={search_term_string}\"},\"query-input\":{\"@type\":\"PropertyValueSpecification\",\"valueRequired\":true,\"valueName\":\"search_term_string\"}}],\"inLanguage\":\"pt-PT\"},{\"@type\":\"Organization\",\"@id\":\"https:\\\/\\\/tupique.com\\\/#organization\",\"name\":\"Tupique\",\"url\":\"https:\\\/\\\/tupique.com\\\/\",\"logo\":{\"@type\":\"ImageObject\",\"inLanguage\":\"pt-PT\",\"@id\":\"https:\\\/\\\/tupique.com\\\/#\\\/schema\\\/logo\\\/image\\\/\",\"url\":\"https:\\\/\\\/tupique.com\\\/wp-content\\\/uploads\\\/2026\\\/03\\\/logo-tupique-1.webp\",\"contentUrl\":\"https:\\\/\\\/tupique.com\\\/wp-content\\\/uploads\\\/2026\\\/03\\\/logo-tupique-1.webp\",\"width\":500,\"height\":67,\"caption\":\"Tupique\"},\"image\":{\"@id\":\"https:\\\/\\\/tupique.com\\\/#\\\/schema\\\/logo\\\/image\\\/\"}}]}<\/script>\n<!-- \/ Yoast SEO plugin. -->","yoast_head_json":{"title":"Chaussures de Futsal pour Enfants Puma Ultra Play Blanc Rose fonc\u00e9 Enfant Unisexe | | Tupique","description":"Envie d'acheter Chaussures de Futsal pour Enfants Puma Ultra Play Blanc Rose fonc\u00e9 Enfant Unisexe\u00a0? Achetez Chaussures de Futsal pour Enfants Puma Ultra Play Blanc Rose fonc\u00e9 Enfant Unisexe maintenant avec Tupique en 3 versements sans int\u00e9r\u00eat.","robots":{"index":"index","follow":"follow","max-snippet":"max-snippet:-1","max-image-preview":"max-image-preview:large","max-video-preview":"max-video-preview:-1"},"canonical":"https:\/\/tupique.com\/pt\/product\/chaussures-de-futsal-pour-enfants-puma-ultra-play-blanc-rose-fonce-enfant-unisexe\/","og_locale":"pt_PT","og_type":"article","og_title":"Chaussures de Futsal pour Enfants Puma Ultra Play Blanc Rose fonc\u00e9 Enfant Unisexe | | Tupique","og_description":"Envie d'acheter Chaussures de Futsal pour Enfants Puma Ultra Play Blanc Rose fonc\u00e9 Enfant Unisexe\u00a0? Achetez Chaussures de Futsal pour Enfants Puma Ultra Play Blanc Rose fonc\u00e9 Enfant Unisexe maintenant avec Tupique en 3 versements sans int\u00e9r\u00eat.","og_url":"https:\/\/tupique.com\/pt\/product\/chaussures-de-futsal-pour-enfants-puma-ultra-play-blanc-rose-fonce-enfant-unisexe\/","og_site_name":"Tupique","og_image":[{"width":1200,"height":1200,"url":"https:\/\/tupique.com\/wp-content\/uploads\/2026\/05\/4099686024079_S64129834_P00.jpg","type":"image\/jpeg"}],"twitter_card":"summary_large_image","schema":{"@context":"https:\/\/schema.org","@graph":[{"@type":"WebPage","@id":"https:\/\/tupique.com\/pt\/product\/chaussures-de-futsal-pour-enfants-puma-ultra-play-blanc-rose-fonce-enfant-unisexe\/","url":"https:\/\/tupique.com\/pt\/product\/chaussures-de-futsal-pour-enfants-puma-ultra-play-blanc-rose-fonce-enfant-unisexe\/","name":"Chaussures de Futsal pour Enfants Puma Ultra Play Blanc Rose fonc\u00e9 Enfant Unisexe | | Tupique","isPartOf":{"@id":"https:\/\/tupique.com\/#website"},"primaryImageOfPage":{"@id":"https:\/\/tupique.com\/pt\/product\/chaussures-de-futsal-pour-enfants-puma-ultra-play-blanc-rose-fonce-enfant-unisexe\/#primaryimage"},"image":{"@id":"https:\/\/tupique.com\/pt\/product\/chaussures-de-futsal-pour-enfants-puma-ultra-play-blanc-rose-fonce-enfant-unisexe\/#primaryimage"},"thumbnailUrl":"https:\/\/tupique.com\/wp-content\/uploads\/2026\/05\/4099686024079_S64129834_P00.jpg","datePublished":"2026-05-12T04:01:50+00:00","description":"Envie d'acheter Chaussures de Futsal pour Enfants Puma Ultra Play Blanc Rose fonc\u00e9 Enfant Unisexe\u00a0? Achetez Chaussures de Futsal pour Enfants Puma Ultra Play Blanc Rose fonc\u00e9 Enfant Unisexe maintenant avec Tupique en 3 versements sans int\u00e9r\u00eat.","breadcrumb":{"@id":"https:\/\/tupique.com\/pt\/product\/chaussures-de-futsal-pour-enfants-puma-ultra-play-blanc-rose-fonce-enfant-unisexe\/#breadcrumb"},"inLanguage":"pt-PT","potentialAction":[{"@type":"ReadAction","target":["https:\/\/tupique.com\/pt\/product\/chaussures-de-futsal-pour-enfants-puma-ultra-play-blanc-rose-fonce-enfant-unisexe\/"]}]},{"@type":"ImageObject","inLanguage":"pt-PT","@id":"https:\/\/tupique.com\/pt\/product\/chaussures-de-futsal-pour-enfants-puma-ultra-play-blanc-rose-fonce-enfant-unisexe\/#primaryimage","url":"https:\/\/tupique.com\/wp-content\/uploads\/2026\/05\/4099686024079_S64129834_P00.jpg","contentUrl":"https:\/\/tupique.com\/wp-content\/uploads\/2026\/05\/4099686024079_S64129834_P00.jpg","width":1200,"height":1200,"caption":"S64137332_0"},{"@type":"BreadcrumbList","@id":"https:\/\/tupique.com\/pt\/product\/chaussures-de-futsal-pour-enfants-puma-ultra-play-blanc-rose-fonce-enfant-unisexe\/#breadcrumb","itemListElement":[{"@type":"ListItem","position":1,"name":"commencer","item":"https:\/\/tupique.com\/"},{"@type":"ListItem","position":2,"name":"Loja","item":"https:\/\/tupique.com\/pt\/loja\/"},{"@type":"ListItem","position":3,"name":"Chaussures de Futsal pour Enfants Puma Ultra Play Blanc Rose fonc\u00e9 Enfant Unisexe"}]},{"@type":"WebSite","@id":"https:\/\/tupique.com\/#website","url":"https:\/\/tupique.com\/","name":"Tupique","description":"","publisher":{"@id":"https:\/\/tupique.com\/#organization"},"potentialAction":[{"@type":"SearchAction","target":{"@type":"EntryPoint","urlTemplate":"https:\/\/tupique.com\/?s={search_term_string}"},"query-input":{"@type":"PropertyValueSpecification","valueRequired":true,"valueName":"search_term_string"}}],"inLanguage":"pt-PT"},{"@type":"Organization","@id":"https:\/\/tupique.com\/#organization","name":"Tupique","url":"https:\/\/tupique.com\/","logo":{"@type":"ImageObject","inLanguage":"pt-PT","@id":"https:\/\/tupique.com\/#\/schema\/logo\/image\/","url":"https:\/\/tupique.com\/wp-content\/uploads\/2026\/03\/logo-tupique-1.webp","contentUrl":"https:\/\/tupique.com\/wp-content\/uploads\/2026\/03\/logo-tupique-1.webp","width":500,"height":67,"caption":"Tupique"},"image":{"@id":"https:\/\/tupique.com\/#\/schema\/logo\/image\/"}}]}},"_links":{"self":[{"href":"https:\/\/tupique.com\/pt\/wp-json\/wp\/v2\/product\/195595","targetHints":{"allow":["GET"]}}],"collection":[{"href":"https:\/\/tupique.com\/pt\/wp-json\/wp\/v2\/product"}],"about":[{"href":"https:\/\/tupique.com\/pt\/wp-json\/wp\/v2\/types\/product"}],"replies":[{"embeddable":true,"href":"https:\/\/tupique.com\/pt\/wp-json\/wp\/v2\/comments?post=195595"}],"wp:featuredmedia":[{"embeddable":true,"href":"https:\/\/tupique.com\/pt\/wp-json\/wp\/v2\/media\/195588"}],"wp:attachment":[{"href":"https:\/\/tupique.com\/pt\/wp-json\/wp\/v2\/media?parent=195595"}],"wp:term":[{"taxonomy":"product_brand","embeddable":true,"href":"https:\/\/tupique.com\/pt\/wp-json\/wp\/v2\/product_brand?post=195595"},{"taxonomy":"product_cat","embeddable":true,"href":"https:\/\/tupique.com\/pt\/wp-json\/wp\/v2\/product_cat?post=195595"},{"taxonomy":"product_tag","embeddable":true,"href":"https:\/\/tupique.com\/pt\/wp-json\/wp\/v2\/product_tag?post=195595"},{"taxonomy":"woo-feed-brand","embeddable":true,"href":"https:\/\/tupique.com\/pt\/wp-json\/wp\/v2\/woo-feed-brand?post=195595"}],"curies":[{"name":"wp","href":"https:\/\/api.w.org\/{rel}","templated":true}]}}