{"id":195861,"date":"2026-05-12T06:19:09","date_gmt":"2026-05-12T04:19:09","guid":{"rendered":"https:\/\/tupique.com\/product\/bestway-bouee-gonflable-avec-siege-pour-bebe-d69-cm-0-a-1-ans-plage-et-piscine-32096\/"},"modified":"2026-05-12T06:19:09","modified_gmt":"2026-05-12T04:19:09","slug":"bestway-bouee-gonflable-avec-siege-pour-bebe-d69-cm-0-a-1-ans-plage-et-piscine-32096","status":"publish","type":"product","link":"https:\/\/tupique.com\/pt\/product\/bestway-bouee-gonflable-avec-siege-pour-bebe-d69-cm-0-a-1-ans-plage-et-piscine-32096\/","title":{"rendered":"Bestway Bou\u00e9e Gonflable avec Si\u00e8ge pour B\u00e9b\u00e9 D69 cm 0 \u00e0 1 Ans Plage et Piscine 32096"},"content":{"rendered":"<p>L&#8217;amusement est assur\u00e9 pour l&#8217;\u00e9t\u00e9, avec ces propositions qui plairont aux petits et aux grands ! Achetez <b>Frite de piscine Bestway 32108 122 x 6,5 cm<\/b> et profitez de votre temps libre !<\/p>\n<ul>\n<li>Unit\u00e9s: 1 Unit\u00e9<\/li>\n<li>Informations importantes:\n<ul>\n<li>Dessins assortis envoy\u00e9s al\u00e9atoirement selon le stock disponible<\/li>\n<li>L\u2019image peut ne pas montrer tous les mod\u00e8les disponibles.<\/li>\n<\/ul>\n<\/li>\n<li>Dimensions approx.: 122 x 6,5 cm<\/li>\n<li>Idade recomendada:\n<ul>\n<li>+ 6 Ans<\/li>\n<li>+ 1 an<\/li>\n<li>6-12Ans<\/li>\n<\/ul>\n<\/li>\n<li>Caracter\u00edsticas:\n<ul>\n<li>Flexible<\/li>\n<li>Nettoyage par chiffon humide<\/li>\n<\/ul>\n<\/li>\n<li>Mati\u00e8re:\n<ul>\n<li>Plastique<\/li>\n<li>Feuille de Mousse<\/li>\n<\/ul>\n<\/li>\n<li>Largeur: 122 cm<\/li>\n<li>Utiliza\u00e7\u00e3o recomendada:\n<ul>\n<li>Plage<\/li>\n<li>Ext\u00e9rieur<\/li>\n<li>Jardin<\/li>\n<li>Camping<\/li>\n<\/ul>\n<\/li>\n<li>Couleur: Multicouleur<\/li>\n<li>Langue: Anglais<\/li>\n<li>Poids approx.: 250 g<\/li>\n<\/ul>\n<p><\/p>\n<p><b>AQUA BONES<\/b><br \/>&#8211; POM d\u00e9formable et flexible, en mousse anti-frottement<br \/>&#8211; Fournit une flottabilit\u00e9 suppl\u00e9mentaire quand elle est plac\u00e9e sous les aisselles<br \/>&#8211; Aide au flottement pour l&#8217;aquagym et pour jouer dans la piscine<br \/>&#8211; Sp\u00e9cialement con\u00e7ue pour l\u2019apprentissage de la natation<br \/>&#8211; Prend toutes les formes que vous lui donnez<br \/>&#8211; Les os pliables font de dr\u00f4les bruits!<br \/>&#8211; Parfaites pour flotter, \u00e9clabousser, faire des vagues voire m\u00eame pour faire de la gym!<br \/>&#8211; Une fa\u00e7on dr\u00f4le et originale de jouer dans la piscine cet \u00e9t\u00e9!<br \/>&#8211; Chaque Aqua Bone contient 58 articulations<br \/>Contient: 24 aqua bones<\/p>\n<p><\/p>\n<ul>\n<li>Mat\u00e9riel: Polyoxym\u00e9thyl\u00e9ne (POM)<\/li>\n<li>Couleur du produit: Multicolore<\/li>\n<li>Flexibilit\u00e9: Oui<\/li>\n<li>Nombre de joints d&#8217;interverrouillage: 58<\/li>\n<li>Type d&#8217;emballage: Emballage color\u00e9<\/li>\n<li>Quantit\u00e9 par paquet: 24 pi\u00e8ce(s)<\/li>\n<\/ul>","protected":false},"excerpt":{"rendered":"<p><span class=\"unit-info\">22.9900 &euro; \/ 1 unit<\/span><\/p>","protected":false},"featured_media":195856,"comment_status":"open","ping_status":"closed","template":"","meta":[],"product_brand":[1771],"product_cat":[2263,1769,1764],"product_tag":[2247,57,721,211],"woo-feed-brand":[],"class_list":{"0":"post-195861","1":"product","2":"type-product","3":"status-publish","4":"has-post-thumbnail","6":"product_brand-brandp_520","7":"product_cat-gonflables","8":"product_cat-plage-et-piscine","9":"product_cat-sports-loisirs","10":"product_tag-tag_32","11":"product_tag-tag_1275","12":"product_tag-tag_124","13":"product_tag-tag_3","15":"first","16":"instock","17":"taxable","18":"shipping-taxable","19":"purchasable","20":"product-type-simple"},"yoast_head":"<!-- This site is optimized with the Yoast SEO plugin v27.6 - https:\/\/yoast.com\/product\/yoast-seo-wordpress\/ -->\n<title>Bestway Bou\u00e9e Gonflable avec Si\u00e8ge pour B\u00e9b\u00e9 D69 cm 0 \u00e0 1 Ans Plage et Piscine 32096 | | Tupique<\/title>\n<meta name=\"description\" content=\"Envie d&#039;acheter Bestway Bou\u00e9e Gonflable avec Si\u00e8ge pour B\u00e9b\u00e9 D69 cm 0 \u00e0 1 Ans Plage et Piscine 32096\u00a0? Achetez Bestway Bou\u00e9e Gonflable avec Si\u00e8ge pour B\u00e9b\u00e9 D69 cm 0 \u00e0 1 Ans Plage et Piscine 32096 maintenant avec Tupique en 3 versements sans int\u00e9r\u00eat.\" \/>\n<meta name=\"robots\" content=\"index, follow, max-snippet:-1, max-image-preview:large, max-video-preview:-1\" \/>\n<link rel=\"canonical\" href=\"https:\/\/tupique.com\/pt\/product\/bestway-bouee-gonflable-avec-siege-pour-bebe-d69-cm-0-a-1-ans-plage-et-piscine-32096\/\" \/>\n<meta property=\"og:locale\" content=\"pt_PT\" \/>\n<meta property=\"og:type\" content=\"article\" \/>\n<meta property=\"og:title\" content=\"Bestway Bou\u00e9e Gonflable avec Si\u00e8ge pour B\u00e9b\u00e9 D69 cm 0 \u00e0 1 Ans Plage et Piscine 32096 | | Tupique\" \/>\n<meta property=\"og:description\" content=\"Envie d&#039;acheter Bestway Bou\u00e9e Gonflable avec Si\u00e8ge pour B\u00e9b\u00e9 D69 cm 0 \u00e0 1 Ans Plage et Piscine 32096\u00a0? Achetez Bestway Bou\u00e9e Gonflable avec Si\u00e8ge pour B\u00e9b\u00e9 D69 cm 0 \u00e0 1 Ans Plage et Piscine 32096 maintenant avec Tupique en 3 versements sans int\u00e9r\u00eat.\" \/>\n<meta property=\"og:url\" content=\"https:\/\/tupique.com\/pt\/product\/bestway-bouee-gonflable-avec-siege-pour-bebe-d69-cm-0-a-1-ans-plage-et-piscine-32096\/\" \/>\n<meta property=\"og:site_name\" content=\"Tupique\" \/>\n<meta property=\"og:image\" content=\"https:\/\/tupique.com\/wp-content\/uploads\/2026\/05\/6941607326695_D1400727_P00.jpg\" \/>\n\t<meta property=\"og:image:width\" content=\"1200\" \/>\n\t<meta property=\"og:image:height\" content=\"1200\" \/>\n\t<meta property=\"og:image:type\" content=\"image\/jpeg\" \/>\n<meta name=\"twitter:card\" content=\"summary_large_image\" \/>\n<meta name=\"twitter:label1\" content=\"Tempo estimado de leitura\" \/>\n\t<meta name=\"twitter:data1\" content=\"1 minuto\" \/>\n<script type=\"application\/ld+json\" class=\"yoast-schema-graph\">{\"@context\":\"https:\\\/\\\/schema.org\",\"@graph\":[{\"@type\":\"WebPage\",\"@id\":\"https:\\\/\\\/tupique.com\\\/product\\\/bestway-bouee-gonflable-avec-siege-pour-bebe-d69-cm-0-a-1-ans-plage-et-piscine-32096\\\/\",\"url\":\"https:\\\/\\\/tupique.com\\\/product\\\/bestway-bouee-gonflable-avec-siege-pour-bebe-d69-cm-0-a-1-ans-plage-et-piscine-32096\\\/\",\"name\":\"Bestway Bou\u00e9e Gonflable avec Si\u00e8ge pour B\u00e9b\u00e9 D69 cm 0 \u00e0 1 Ans Plage et Piscine 32096 | | Tupique\",\"isPartOf\":{\"@id\":\"https:\\\/\\\/tupique.com\\\/#website\"},\"primaryImageOfPage\":{\"@id\":\"https:\\\/\\\/tupique.com\\\/product\\\/bestway-bouee-gonflable-avec-siege-pour-bebe-d69-cm-0-a-1-ans-plage-et-piscine-32096\\\/#primaryimage\"},\"image\":{\"@id\":\"https:\\\/\\\/tupique.com\\\/product\\\/bestway-bouee-gonflable-avec-siege-pour-bebe-d69-cm-0-a-1-ans-plage-et-piscine-32096\\\/#primaryimage\"},\"thumbnailUrl\":\"https:\\\/\\\/tupique.com\\\/wp-content\\\/uploads\\\/2026\\\/05\\\/6941607326695_D1400727_P00.jpg\",\"datePublished\":\"2026-05-12T04:19:09+00:00\",\"description\":\"Envie d'acheter Bestway Bou\u00e9e Gonflable avec Si\u00e8ge pour B\u00e9b\u00e9 D69 cm 0 \u00e0 1 Ans Plage et Piscine 32096\u00a0? Achetez Bestway Bou\u00e9e Gonflable avec Si\u00e8ge pour B\u00e9b\u00e9 D69 cm 0 \u00e0 1 Ans Plage et Piscine 32096 maintenant avec Tupique en 3 versements sans int\u00e9r\u00eat.\",\"breadcrumb\":{\"@id\":\"https:\\\/\\\/tupique.com\\\/product\\\/bestway-bouee-gonflable-avec-siege-pour-bebe-d69-cm-0-a-1-ans-plage-et-piscine-32096\\\/#breadcrumb\"},\"inLanguage\":\"pt-PT\",\"potentialAction\":[{\"@type\":\"ReadAction\",\"target\":[\"https:\\\/\\\/tupique.com\\\/product\\\/bestway-bouee-gonflable-avec-siege-pour-bebe-d69-cm-0-a-1-ans-plage-et-piscine-32096\\\/\"]}]},{\"@type\":\"ImageObject\",\"inLanguage\":\"pt-PT\",\"@id\":\"https:\\\/\\\/tupique.com\\\/product\\\/bestway-bouee-gonflable-avec-siege-pour-bebe-d69-cm-0-a-1-ans-plage-et-piscine-32096\\\/#primaryimage\",\"url\":\"https:\\\/\\\/tupique.com\\\/wp-content\\\/uploads\\\/2026\\\/05\\\/6941607326695_D1400727_P00.jpg\",\"contentUrl\":\"https:\\\/\\\/tupique.com\\\/wp-content\\\/uploads\\\/2026\\\/05\\\/6941607326695_D1400727_P00.jpg\",\"width\":1200,\"height\":1200,\"caption\":\"D1400727_0\"},{\"@type\":\"BreadcrumbList\",\"@id\":\"https:\\\/\\\/tupique.com\\\/product\\\/bestway-bouee-gonflable-avec-siege-pour-bebe-d69-cm-0-a-1-ans-plage-et-piscine-32096\\\/#breadcrumb\",\"itemListElement\":[{\"@type\":\"ListItem\",\"position\":1,\"name\":\"commencer\",\"item\":\"https:\\\/\\\/tupique.com\\\/\"},{\"@type\":\"ListItem\",\"position\":2,\"name\":\"Loja\",\"item\":\"https:\\\/\\\/tupique.com\\\/pt\\\/loja\\\/\"},{\"@type\":\"ListItem\",\"position\":3,\"name\":\"Bestway Bou\u00e9e Gonflable avec Si\u00e8ge pour B\u00e9b\u00e9 D69 cm 0 \u00e0 1 Ans Plage et Piscine 32096\"}]},{\"@type\":\"WebSite\",\"@id\":\"https:\\\/\\\/tupique.com\\\/#website\",\"url\":\"https:\\\/\\\/tupique.com\\\/\",\"name\":\"Tupique\",\"description\":\"\",\"publisher\":{\"@id\":\"https:\\\/\\\/tupique.com\\\/#organization\"},\"potentialAction\":[{\"@type\":\"SearchAction\",\"target\":{\"@type\":\"EntryPoint\",\"urlTemplate\":\"https:\\\/\\\/tupique.com\\\/?s={search_term_string}\"},\"query-input\":{\"@type\":\"PropertyValueSpecification\",\"valueRequired\":true,\"valueName\":\"search_term_string\"}}],\"inLanguage\":\"pt-PT\"},{\"@type\":\"Organization\",\"@id\":\"https:\\\/\\\/tupique.com\\\/#organization\",\"name\":\"Tupique\",\"url\":\"https:\\\/\\\/tupique.com\\\/\",\"logo\":{\"@type\":\"ImageObject\",\"inLanguage\":\"pt-PT\",\"@id\":\"https:\\\/\\\/tupique.com\\\/#\\\/schema\\\/logo\\\/image\\\/\",\"url\":\"https:\\\/\\\/tupique.com\\\/wp-content\\\/uploads\\\/2026\\\/03\\\/logo-tupique-1.webp\",\"contentUrl\":\"https:\\\/\\\/tupique.com\\\/wp-content\\\/uploads\\\/2026\\\/03\\\/logo-tupique-1.webp\",\"width\":500,\"height\":67,\"caption\":\"Tupique\"},\"image\":{\"@id\":\"https:\\\/\\\/tupique.com\\\/#\\\/schema\\\/logo\\\/image\\\/\"}}]}<\/script>\n<!-- \/ Yoast SEO plugin. -->","yoast_head_json":{"title":"Bestway Bou\u00e9e Gonflable avec Si\u00e8ge pour B\u00e9b\u00e9 D69 cm 0 \u00e0 1 Ans Plage et Piscine 32096 | | Tupique","description":"Envie d'acheter Bestway Bou\u00e9e Gonflable avec Si\u00e8ge pour B\u00e9b\u00e9 D69 cm 0 \u00e0 1 Ans Plage et Piscine 32096\u00a0? Achetez Bestway Bou\u00e9e Gonflable avec Si\u00e8ge pour B\u00e9b\u00e9 D69 cm 0 \u00e0 1 Ans Plage et Piscine 32096 maintenant avec Tupique en 3 versements sans int\u00e9r\u00eat.","robots":{"index":"index","follow":"follow","max-snippet":"max-snippet:-1","max-image-preview":"max-image-preview:large","max-video-preview":"max-video-preview:-1"},"canonical":"https:\/\/tupique.com\/pt\/product\/bestway-bouee-gonflable-avec-siege-pour-bebe-d69-cm-0-a-1-ans-plage-et-piscine-32096\/","og_locale":"pt_PT","og_type":"article","og_title":"Bestway Bou\u00e9e Gonflable avec Si\u00e8ge pour B\u00e9b\u00e9 D69 cm 0 \u00e0 1 Ans Plage et Piscine 32096 | | Tupique","og_description":"Envie d'acheter Bestway Bou\u00e9e Gonflable avec Si\u00e8ge pour B\u00e9b\u00e9 D69 cm 0 \u00e0 1 Ans Plage et Piscine 32096\u00a0? Achetez Bestway Bou\u00e9e Gonflable avec Si\u00e8ge pour B\u00e9b\u00e9 D69 cm 0 \u00e0 1 Ans Plage et Piscine 32096 maintenant avec Tupique en 3 versements sans int\u00e9r\u00eat.","og_url":"https:\/\/tupique.com\/pt\/product\/bestway-bouee-gonflable-avec-siege-pour-bebe-d69-cm-0-a-1-ans-plage-et-piscine-32096\/","og_site_name":"Tupique","og_image":[{"width":1200,"height":1200,"url":"https:\/\/tupique.com\/wp-content\/uploads\/2026\/05\/6941607326695_D1400727_P00.jpg","type":"image\/jpeg"}],"twitter_card":"summary_large_image","twitter_misc":{"Tempo estimado de leitura":"1 minuto"},"schema":{"@context":"https:\/\/schema.org","@graph":[{"@type":"WebPage","@id":"https:\/\/tupique.com\/product\/bestway-bouee-gonflable-avec-siege-pour-bebe-d69-cm-0-a-1-ans-plage-et-piscine-32096\/","url":"https:\/\/tupique.com\/product\/bestway-bouee-gonflable-avec-siege-pour-bebe-d69-cm-0-a-1-ans-plage-et-piscine-32096\/","name":"Bestway Bou\u00e9e Gonflable avec Si\u00e8ge pour B\u00e9b\u00e9 D69 cm 0 \u00e0 1 Ans Plage et Piscine 32096 | | Tupique","isPartOf":{"@id":"https:\/\/tupique.com\/#website"},"primaryImageOfPage":{"@id":"https:\/\/tupique.com\/product\/bestway-bouee-gonflable-avec-siege-pour-bebe-d69-cm-0-a-1-ans-plage-et-piscine-32096\/#primaryimage"},"image":{"@id":"https:\/\/tupique.com\/product\/bestway-bouee-gonflable-avec-siege-pour-bebe-d69-cm-0-a-1-ans-plage-et-piscine-32096\/#primaryimage"},"thumbnailUrl":"https:\/\/tupique.com\/wp-content\/uploads\/2026\/05\/6941607326695_D1400727_P00.jpg","datePublished":"2026-05-12T04:19:09+00:00","description":"Envie d'acheter Bestway Bou\u00e9e Gonflable avec Si\u00e8ge pour B\u00e9b\u00e9 D69 cm 0 \u00e0 1 Ans Plage et Piscine 32096\u00a0? Achetez Bestway Bou\u00e9e Gonflable avec Si\u00e8ge pour B\u00e9b\u00e9 D69 cm 0 \u00e0 1 Ans Plage et Piscine 32096 maintenant avec Tupique en 3 versements sans int\u00e9r\u00eat.","breadcrumb":{"@id":"https:\/\/tupique.com\/product\/bestway-bouee-gonflable-avec-siege-pour-bebe-d69-cm-0-a-1-ans-plage-et-piscine-32096\/#breadcrumb"},"inLanguage":"pt-PT","potentialAction":[{"@type":"ReadAction","target":["https:\/\/tupique.com\/product\/bestway-bouee-gonflable-avec-siege-pour-bebe-d69-cm-0-a-1-ans-plage-et-piscine-32096\/"]}]},{"@type":"ImageObject","inLanguage":"pt-PT","@id":"https:\/\/tupique.com\/product\/bestway-bouee-gonflable-avec-siege-pour-bebe-d69-cm-0-a-1-ans-plage-et-piscine-32096\/#primaryimage","url":"https:\/\/tupique.com\/wp-content\/uploads\/2026\/05\/6941607326695_D1400727_P00.jpg","contentUrl":"https:\/\/tupique.com\/wp-content\/uploads\/2026\/05\/6941607326695_D1400727_P00.jpg","width":1200,"height":1200,"caption":"D1400727_0"},{"@type":"BreadcrumbList","@id":"https:\/\/tupique.com\/product\/bestway-bouee-gonflable-avec-siege-pour-bebe-d69-cm-0-a-1-ans-plage-et-piscine-32096\/#breadcrumb","itemListElement":[{"@type":"ListItem","position":1,"name":"commencer","item":"https:\/\/tupique.com\/"},{"@type":"ListItem","position":2,"name":"Loja","item":"https:\/\/tupique.com\/pt\/loja\/"},{"@type":"ListItem","position":3,"name":"Bestway Bou\u00e9e Gonflable avec Si\u00e8ge pour B\u00e9b\u00e9 D69 cm 0 \u00e0 1 Ans Plage et Piscine 32096"}]},{"@type":"WebSite","@id":"https:\/\/tupique.com\/#website","url":"https:\/\/tupique.com\/","name":"Tupique","description":"","publisher":{"@id":"https:\/\/tupique.com\/#organization"},"potentialAction":[{"@type":"SearchAction","target":{"@type":"EntryPoint","urlTemplate":"https:\/\/tupique.com\/?s={search_term_string}"},"query-input":{"@type":"PropertyValueSpecification","valueRequired":true,"valueName":"search_term_string"}}],"inLanguage":"pt-PT"},{"@type":"Organization","@id":"https:\/\/tupique.com\/#organization","name":"Tupique","url":"https:\/\/tupique.com\/","logo":{"@type":"ImageObject","inLanguage":"pt-PT","@id":"https:\/\/tupique.com\/#\/schema\/logo\/image\/","url":"https:\/\/tupique.com\/wp-content\/uploads\/2026\/03\/logo-tupique-1.webp","contentUrl":"https:\/\/tupique.com\/wp-content\/uploads\/2026\/03\/logo-tupique-1.webp","width":500,"height":67,"caption":"Tupique"},"image":{"@id":"https:\/\/tupique.com\/#\/schema\/logo\/image\/"}}]}},"_links":{"self":[{"href":"https:\/\/tupique.com\/pt\/wp-json\/wp\/v2\/product\/195861","targetHints":{"allow":["GET"]}}],"collection":[{"href":"https:\/\/tupique.com\/pt\/wp-json\/wp\/v2\/product"}],"about":[{"href":"https:\/\/tupique.com\/pt\/wp-json\/wp\/v2\/types\/product"}],"replies":[{"embeddable":true,"href":"https:\/\/tupique.com\/pt\/wp-json\/wp\/v2\/comments?post=195861"}],"wp:featuredmedia":[{"embeddable":true,"href":"https:\/\/tupique.com\/pt\/wp-json\/wp\/v2\/media\/195856"}],"wp:attachment":[{"href":"https:\/\/tupique.com\/pt\/wp-json\/wp\/v2\/media?parent=195861"}],"wp:term":[{"taxonomy":"product_brand","embeddable":true,"href":"https:\/\/tupique.com\/pt\/wp-json\/wp\/v2\/product_brand?post=195861"},{"taxonomy":"product_cat","embeddable":true,"href":"https:\/\/tupique.com\/pt\/wp-json\/wp\/v2\/product_cat?post=195861"},{"taxonomy":"product_tag","embeddable":true,"href":"https:\/\/tupique.com\/pt\/wp-json\/wp\/v2\/product_tag?post=195861"},{"taxonomy":"woo-feed-brand","embeddable":true,"href":"https:\/\/tupique.com\/pt\/wp-json\/wp\/v2\/woo-feed-brand?post=195861"}],"curies":[{"name":"wp","href":"https:\/\/api.w.org\/{rel}","templated":true}]}}