{"id":195880,"date":"2026-05-12T06:19:37","date_gmt":"2026-05-12T04:19:37","guid":{"rendered":"https:\/\/tupique.com\/product\/pompe-a-air-bestway-30-cm\/"},"modified":"2026-05-12T06:19:37","modified_gmt":"2026-05-12T04:19:37","slug":"pompe-a-air-bestway-30-cm","status":"publish","type":"product","link":"https:\/\/tupique.com\/pt\/product\/pompe-a-air-bestway-30-cm\/","title":{"rendered":"Pompe \u00e0 air Bestway 30 cm"},"content":{"rendered":"<p>Si vous \u00eates \u00e0 la recherche de nouvelles tendances sur le march\u00e9, nous vous pr\u00e9sentons <b>Pompe \u00e0 air Bestway 30 cm<\/b> !<\/p>\n<p>Ler <b>gonfleur<\/b> de la marque Bestway est un outil essentiel pour profiter de vos activit\u00e9s en plein air et rendre la vie plus confortable. Avec une \u00e9l\u00e9gante couleur <b>noire<\/b>, ce gonfleur permet de gonfler rapidement et efficacement une vari\u00e9t\u00e9 d&#8217;objets, y compris des <b>piscines gonflables<\/b>, des <b>lits gonflables<\/b>, des <b>barques<\/b> et des <b>matelas de piscine<\/b>. Son design pratique et fonctionnel garantit que vous pourrez pr\u00e9parer votre \u00e9quipement en peu de temps, vous permettant de maximiser l&#8217;utilisation de votre espace et de votre temps pour vous amuser. Id\u00e9al pour des journ\u00e9es d&#8217;\u00e9t\u00e9 \u00e0 la plage, le camping ou toute activit\u00e9 o\u00f9 vous devez gonfler rapidement vos accessoires, ce gonfleur est l\u00e9ger et facile \u00e0 transporter, facilitant son utilisation partout. De plus, sa construction robuste assure un rendement fiable dans diverses conditions. Ne vous retrouvez pas sans l&#8217;accessoire qui vous permettra d&#8217;optimiser l&#8217;exp\u00e9rience de vos activit\u00e9s r\u00e9cr\u00e9atives ; le gonfleur Bestway est votre alli\u00e9 parfait pour profiter au maximum de l&#8217;ext\u00e9rieur.<\/p>\n<ul>\n<li>Largeur: 30 cm<\/li>\n<li>Type: Pompe \u00e0 air<\/li>\n<li>Couleur: Noir<\/li>\n<li>Mat\u00e9riel:\n<ul>\n<li>Plastique<\/li>\n<li>PVC<\/li>\n<li>polypropyl\u00e8ne<\/li>\n<\/ul>\n<\/li>\n<li>Caracter\u00edsticas:\n<ul>\n<li>Ext\u00e9rieur<\/li>\n<li>Nettoyage par chiffon humide<\/li>\n<\/ul>\n<\/li>\n<li>Utiliza\u00e7\u00e3o recomendada:\n<ul>\n<li>Plage<\/li>\n<li>Jardin<\/li>\n<li>Camping<\/li>\n<\/ul>\n<\/li>\n<li>\u00c9lev\u00e9: 30 cm<\/li>\n<li>Bloc d\u2019Alimentation: C\u00e2ble \u00e9lectrique<\/li>\n<li>Genre: Adultes unisexes<\/li>\n<li>Inclut: Tuyau d&#8217;arrosage<\/li>\n<\/ul>","protected":false},"excerpt":{"rendered":"<p>Si vous \u00eates \u00e0 la recherche de nouvelles tendances sur le march\u00e9, nous vous pr\u00e9sentons Pompe \u00e0 air Bestway 30 cm ! Le gonfleur de la marque Bestway est un outil essentiel pour profiter de vos activit\u00e9s en plein air et rendre la vie plus confortable. Avec une \u00e9l\u00e9gante couleur noire, ce gonfleur permet de [&hellip;]<\/p>\n","protected":false},"featured_media":195877,"comment_status":"open","ping_status":"closed","template":"","meta":[],"product_brand":[1771],"product_cat":[1854,1853,1764],"product_tag":[211,163],"woo-feed-brand":[],"class_list":{"0":"post-195880","1":"product","2":"type-product","3":"status-publish","4":"has-post-thumbnail","6":"product_brand-brandp_520","7":"product_cat-accessoires-de-camping-et-de-montagne","8":"product_cat-camping-et-montagne","9":"product_cat-sports-loisirs","10":"product_tag-tag_3","11":"product_tag-tag_17","13":"first","14":"instock","15":"taxable","16":"shipping-taxable","17":"purchasable","18":"product-type-simple"},"yoast_head":"<!-- This site is optimized with the Yoast SEO plugin v27.6 - https:\/\/yoast.com\/product\/yoast-seo-wordpress\/ -->\n<title>Pompe \u00e0 air Bestway 30 cm | | Tupique<\/title>\n<meta name=\"description\" content=\"Envie d&#039;acheter Pompe \u00e0 air Bestway 30 cm\u00a0? Achetez Pompe \u00e0 air Bestway 30 cm maintenant avec Tupique en 3 versements sans int\u00e9r\u00eat.\" \/>\n<meta name=\"robots\" content=\"index, follow, max-snippet:-1, max-image-preview:large, max-video-preview:-1\" \/>\n<link rel=\"canonical\" href=\"https:\/\/tupique.com\/pt\/product\/pompe-a-air-bestway-30-cm\/\" \/>\n<meta property=\"og:locale\" content=\"pt_PT\" \/>\n<meta property=\"og:type\" content=\"article\" \/>\n<meta property=\"og:title\" content=\"Pompe \u00e0 air Bestway 30 cm | | Tupique\" \/>\n<meta property=\"og:description\" content=\"Envie d&#039;acheter Pompe \u00e0 air Bestway 30 cm\u00a0? Achetez Pompe \u00e0 air Bestway 30 cm maintenant avec Tupique en 3 versements sans int\u00e9r\u00eat.\" \/>\n<meta property=\"og:url\" content=\"https:\/\/tupique.com\/pt\/product\/pompe-a-air-bestway-30-cm\/\" \/>\n<meta property=\"og:site_name\" content=\"Tupique\" \/>\n<meta property=\"og:image\" content=\"https:\/\/tupique.com\/wp-content\/uploads\/2026\/05\/6941607343333_D1400761_P00.jpg\" \/>\n\t<meta property=\"og:image:width\" content=\"1200\" \/>\n\t<meta property=\"og:image:height\" content=\"1200\" \/>\n\t<meta property=\"og:image:type\" content=\"image\/jpeg\" \/>\n<meta name=\"twitter:card\" content=\"summary_large_image\" \/>\n<meta name=\"twitter:label1\" content=\"Tempo estimado de leitura\" \/>\n\t<meta name=\"twitter:data1\" content=\"1 minuto\" \/>\n<script type=\"application\/ld+json\" class=\"yoast-schema-graph\">{\"@context\":\"https:\\\/\\\/schema.org\",\"@graph\":[{\"@type\":\"WebPage\",\"@id\":\"https:\\\/\\\/tupique.com\\\/product\\\/pompe-a-air-bestway-30-cm\\\/\",\"url\":\"https:\\\/\\\/tupique.com\\\/product\\\/pompe-a-air-bestway-30-cm\\\/\",\"name\":\"Pompe \u00e0 air Bestway 30 cm | | Tupique\",\"isPartOf\":{\"@id\":\"https:\\\/\\\/tupique.com\\\/#website\"},\"primaryImageOfPage\":{\"@id\":\"https:\\\/\\\/tupique.com\\\/product\\\/pompe-a-air-bestway-30-cm\\\/#primaryimage\"},\"image\":{\"@id\":\"https:\\\/\\\/tupique.com\\\/product\\\/pompe-a-air-bestway-30-cm\\\/#primaryimage\"},\"thumbnailUrl\":\"https:\\\/\\\/tupique.com\\\/wp-content\\\/uploads\\\/2026\\\/05\\\/6941607343333_D1400761_P00.jpg\",\"datePublished\":\"2026-05-12T04:19:37+00:00\",\"description\":\"Envie d'acheter Pompe \u00e0 air Bestway 30 cm\u00a0? Achetez Pompe \u00e0 air Bestway 30 cm maintenant avec Tupique en 3 versements sans int\u00e9r\u00eat.\",\"breadcrumb\":{\"@id\":\"https:\\\/\\\/tupique.com\\\/product\\\/pompe-a-air-bestway-30-cm\\\/#breadcrumb\"},\"inLanguage\":\"pt-PT\",\"potentialAction\":[{\"@type\":\"ReadAction\",\"target\":[\"https:\\\/\\\/tupique.com\\\/product\\\/pompe-a-air-bestway-30-cm\\\/\"]}]},{\"@type\":\"ImageObject\",\"inLanguage\":\"pt-PT\",\"@id\":\"https:\\\/\\\/tupique.com\\\/product\\\/pompe-a-air-bestway-30-cm\\\/#primaryimage\",\"url\":\"https:\\\/\\\/tupique.com\\\/wp-content\\\/uploads\\\/2026\\\/05\\\/6941607343333_D1400761_P00.jpg\",\"contentUrl\":\"https:\\\/\\\/tupique.com\\\/wp-content\\\/uploads\\\/2026\\\/05\\\/6941607343333_D1400761_P00.jpg\",\"width\":1200,\"height\":1200,\"caption\":\"D1400761_0\"},{\"@type\":\"BreadcrumbList\",\"@id\":\"https:\\\/\\\/tupique.com\\\/product\\\/pompe-a-air-bestway-30-cm\\\/#breadcrumb\",\"itemListElement\":[{\"@type\":\"ListItem\",\"position\":1,\"name\":\"commencer\",\"item\":\"https:\\\/\\\/tupique.com\\\/\"},{\"@type\":\"ListItem\",\"position\":2,\"name\":\"Loja\",\"item\":\"https:\\\/\\\/tupique.com\\\/pt\\\/loja\\\/\"},{\"@type\":\"ListItem\",\"position\":3,\"name\":\"Pompe \u00e0 air Bestway 30 cm\"}]},{\"@type\":\"WebSite\",\"@id\":\"https:\\\/\\\/tupique.com\\\/#website\",\"url\":\"https:\\\/\\\/tupique.com\\\/\",\"name\":\"Tupique\",\"description\":\"\",\"publisher\":{\"@id\":\"https:\\\/\\\/tupique.com\\\/#organization\"},\"potentialAction\":[{\"@type\":\"SearchAction\",\"target\":{\"@type\":\"EntryPoint\",\"urlTemplate\":\"https:\\\/\\\/tupique.com\\\/?s={search_term_string}\"},\"query-input\":{\"@type\":\"PropertyValueSpecification\",\"valueRequired\":true,\"valueName\":\"search_term_string\"}}],\"inLanguage\":\"pt-PT\"},{\"@type\":\"Organization\",\"@id\":\"https:\\\/\\\/tupique.com\\\/#organization\",\"name\":\"Tupique\",\"url\":\"https:\\\/\\\/tupique.com\\\/\",\"logo\":{\"@type\":\"ImageObject\",\"inLanguage\":\"pt-PT\",\"@id\":\"https:\\\/\\\/tupique.com\\\/#\\\/schema\\\/logo\\\/image\\\/\",\"url\":\"https:\\\/\\\/tupique.com\\\/wp-content\\\/uploads\\\/2026\\\/03\\\/logo-tupique-1.webp\",\"contentUrl\":\"https:\\\/\\\/tupique.com\\\/wp-content\\\/uploads\\\/2026\\\/03\\\/logo-tupique-1.webp\",\"width\":500,\"height\":67,\"caption\":\"Tupique\"},\"image\":{\"@id\":\"https:\\\/\\\/tupique.com\\\/#\\\/schema\\\/logo\\\/image\\\/\"}}]}<\/script>\n<!-- \/ Yoast SEO plugin. -->","yoast_head_json":{"title":"Pompe \u00e0 air Bestway 30 cm | | Tupique","description":"Envie d'acheter Pompe \u00e0 air Bestway 30 cm\u00a0? Achetez Pompe \u00e0 air Bestway 30 cm maintenant avec Tupique en 3 versements sans int\u00e9r\u00eat.","robots":{"index":"index","follow":"follow","max-snippet":"max-snippet:-1","max-image-preview":"max-image-preview:large","max-video-preview":"max-video-preview:-1"},"canonical":"https:\/\/tupique.com\/pt\/product\/pompe-a-air-bestway-30-cm\/","og_locale":"pt_PT","og_type":"article","og_title":"Pompe \u00e0 air Bestway 30 cm | | Tupique","og_description":"Envie d'acheter Pompe \u00e0 air Bestway 30 cm\u00a0? Achetez Pompe \u00e0 air Bestway 30 cm maintenant avec Tupique en 3 versements sans int\u00e9r\u00eat.","og_url":"https:\/\/tupique.com\/pt\/product\/pompe-a-air-bestway-30-cm\/","og_site_name":"Tupique","og_image":[{"width":1200,"height":1200,"url":"https:\/\/tupique.com\/wp-content\/uploads\/2026\/05\/6941607343333_D1400761_P00.jpg","type":"image\/jpeg"}],"twitter_card":"summary_large_image","twitter_misc":{"Tempo estimado de leitura":"1 minuto"},"schema":{"@context":"https:\/\/schema.org","@graph":[{"@type":"WebPage","@id":"https:\/\/tupique.com\/product\/pompe-a-air-bestway-30-cm\/","url":"https:\/\/tupique.com\/product\/pompe-a-air-bestway-30-cm\/","name":"Pompe \u00e0 air Bestway 30 cm | | Tupique","isPartOf":{"@id":"https:\/\/tupique.com\/#website"},"primaryImageOfPage":{"@id":"https:\/\/tupique.com\/product\/pompe-a-air-bestway-30-cm\/#primaryimage"},"image":{"@id":"https:\/\/tupique.com\/product\/pompe-a-air-bestway-30-cm\/#primaryimage"},"thumbnailUrl":"https:\/\/tupique.com\/wp-content\/uploads\/2026\/05\/6941607343333_D1400761_P00.jpg","datePublished":"2026-05-12T04:19:37+00:00","description":"Envie d'acheter Pompe \u00e0 air Bestway 30 cm\u00a0? Achetez Pompe \u00e0 air Bestway 30 cm maintenant avec Tupique en 3 versements sans int\u00e9r\u00eat.","breadcrumb":{"@id":"https:\/\/tupique.com\/product\/pompe-a-air-bestway-30-cm\/#breadcrumb"},"inLanguage":"pt-PT","potentialAction":[{"@type":"ReadAction","target":["https:\/\/tupique.com\/product\/pompe-a-air-bestway-30-cm\/"]}]},{"@type":"ImageObject","inLanguage":"pt-PT","@id":"https:\/\/tupique.com\/product\/pompe-a-air-bestway-30-cm\/#primaryimage","url":"https:\/\/tupique.com\/wp-content\/uploads\/2026\/05\/6941607343333_D1400761_P00.jpg","contentUrl":"https:\/\/tupique.com\/wp-content\/uploads\/2026\/05\/6941607343333_D1400761_P00.jpg","width":1200,"height":1200,"caption":"D1400761_0"},{"@type":"BreadcrumbList","@id":"https:\/\/tupique.com\/product\/pompe-a-air-bestway-30-cm\/#breadcrumb","itemListElement":[{"@type":"ListItem","position":1,"name":"commencer","item":"https:\/\/tupique.com\/"},{"@type":"ListItem","position":2,"name":"Loja","item":"https:\/\/tupique.com\/pt\/loja\/"},{"@type":"ListItem","position":3,"name":"Pompe \u00e0 air Bestway 30 cm"}]},{"@type":"WebSite","@id":"https:\/\/tupique.com\/#website","url":"https:\/\/tupique.com\/","name":"Tupique","description":"","publisher":{"@id":"https:\/\/tupique.com\/#organization"},"potentialAction":[{"@type":"SearchAction","target":{"@type":"EntryPoint","urlTemplate":"https:\/\/tupique.com\/?s={search_term_string}"},"query-input":{"@type":"PropertyValueSpecification","valueRequired":true,"valueName":"search_term_string"}}],"inLanguage":"pt-PT"},{"@type":"Organization","@id":"https:\/\/tupique.com\/#organization","name":"Tupique","url":"https:\/\/tupique.com\/","logo":{"@type":"ImageObject","inLanguage":"pt-PT","@id":"https:\/\/tupique.com\/#\/schema\/logo\/image\/","url":"https:\/\/tupique.com\/wp-content\/uploads\/2026\/03\/logo-tupique-1.webp","contentUrl":"https:\/\/tupique.com\/wp-content\/uploads\/2026\/03\/logo-tupique-1.webp","width":500,"height":67,"caption":"Tupique"},"image":{"@id":"https:\/\/tupique.com\/#\/schema\/logo\/image\/"}}]}},"_links":{"self":[{"href":"https:\/\/tupique.com\/pt\/wp-json\/wp\/v2\/product\/195880","targetHints":{"allow":["GET"]}}],"collection":[{"href":"https:\/\/tupique.com\/pt\/wp-json\/wp\/v2\/product"}],"about":[{"href":"https:\/\/tupique.com\/pt\/wp-json\/wp\/v2\/types\/product"}],"replies":[{"embeddable":true,"href":"https:\/\/tupique.com\/pt\/wp-json\/wp\/v2\/comments?post=195880"}],"wp:featuredmedia":[{"embeddable":true,"href":"https:\/\/tupique.com\/pt\/wp-json\/wp\/v2\/media\/195877"}],"wp:attachment":[{"href":"https:\/\/tupique.com\/pt\/wp-json\/wp\/v2\/media?parent=195880"}],"wp:term":[{"taxonomy":"product_brand","embeddable":true,"href":"https:\/\/tupique.com\/pt\/wp-json\/wp\/v2\/product_brand?post=195880"},{"taxonomy":"product_cat","embeddable":true,"href":"https:\/\/tupique.com\/pt\/wp-json\/wp\/v2\/product_cat?post=195880"},{"taxonomy":"product_tag","embeddable":true,"href":"https:\/\/tupique.com\/pt\/wp-json\/wp\/v2\/product_tag?post=195880"},{"taxonomy":"woo-feed-brand","embeddable":true,"href":"https:\/\/tupique.com\/pt\/wp-json\/wp\/v2\/woo-feed-brand?post=195880"}],"curies":[{"name":"wp","href":"https:\/\/api.w.org\/{rel}","templated":true}]}}