{"id":195917,"date":"2026-05-12T06:20:47","date_gmt":"2026-05-12T04:20:47","guid":{"rendered":"https:\/\/tupique.com\/product\/pompe-a-air-bestway-36-cm\/"},"modified":"2026-05-12T06:20:47","modified_gmt":"2026-05-12T04:20:47","slug":"pompe-a-air-bestway-36-cm","status":"publish","type":"product","link":"https:\/\/tupique.com\/pt\/product\/pompe-a-air-bestway-36-cm\/","title":{"rendered":"Pompe \u00e0 air Bestway 36 cm"},"content":{"rendered":"<p>Si vous \u00eates \u00e0 la recherche de nouvelles tendances sur le march\u00e9, nous vous pr\u00e9sentons <b>Pompe \u00e0 air Bestway 36 cm<\/b> !<\/p>\n<p>Ler <b>gonfleur<\/b> de la marque Bestway est un outil essentiel pour ceux qui souhaitent gonfler rapidement et efficacement leurs produits gonflables, tels que <b>piscines, lits, bateaux<\/b> e <b>matelas de piscine<\/b>. Son design en <b>noir<\/b> lui conf\u00e8re non seulement un aspect moderne et \u00e9l\u00e9gant, mais le rend \u00e9galement facile \u00e0 int\u00e9grer dans tout environnement ext\u00e9rieur. Ce <b>gonfleur<\/b>, connu pour sa fonctionnalit\u00e9 et sa puissance, permet un gonflage sans effort, rendant toute activit\u00e9 aquatique ou de d\u00e9tente plus accessible et agr\u00e9able. Gr\u00e2ce \u00e0 son m\u00e9canisme optimis\u00e9, vous pourrez gonfler vos articles en quelques minutes, ce qui en fait une solution id\u00e9ale pour une journ\u00e9e de plaisir \u00e0 la piscine ou une escapade \u00e0 la plage. Avec la marque Bestway, reconnue pour sa qualit\u00e9 et sa durabilit\u00e9, vous pouvez \u00eatre s\u00fbr que ce <b>gonfleur<\/b> r\u00e9pondra \u00e0 vos attentes, offrant confort et efficacit\u00e9 \u00e0 chaque utilisation. Sa l\u00e9g\u00e8ret\u00e9 et son design portable vous permettront de l&#8217;emporter partout, apportant praticit\u00e9 \u00e0 vos moments de loisir. Profitez d&#8217;une exp\u00e9rience de gonflage sans complications et faites de vos moments de plaisir dans l&#8217;eau un v\u00e9ritable plaisir avec le <b>gonfleur Bestway<\/b>.<\/p>\n<ul>\n<li>Dimensions approx.: 36 cm<\/li>\n<li>Type: Pompe \u00e0 air<\/li>\n<li>Couleur: Noir<\/li>\n<li>Mat\u00e9riel:\n<ul>\n<li>Plastique<\/li>\n<li>PVC<\/li>\n<\/ul>\n<\/li>\n<li>Caracter\u00edsticas:\n<ul>\n<li>Ext\u00e9rieur<\/li>\n<li>Nettoyage par chiffon humide<\/li>\n<li>Manuel<\/li>\n<\/ul>\n<\/li>\n<li>Utiliza\u00e7\u00e3o recomendada:\n<ul>\n<li>Plage<\/li>\n<li>Jardin<\/li>\n<li>Camping<\/li>\n<\/ul>\n<\/li>\n<li>Bloc d\u2019Alimentation: C\u00e2ble \u00e9lectrique<\/li>\n<li>Genre: Adultes unisexes<\/li>\n<li>Inclut: Tuyau d&#8217;arrosage<\/li>\n<\/ul>","protected":false},"excerpt":{"rendered":"<p>Si vous \u00eates \u00e0 la recherche de nouvelles tendances sur le march\u00e9, nous vous pr\u00e9sentons Pompe \u00e0 air Bestway 36 cm ! Le gonfleur de la marque Bestway est un outil essentiel pour ceux qui souhaitent gonfler rapidement et efficacement leurs produits gonflables, tels que piscines, lits, bateaux et matelas de piscine. Son design en [&hellip;]<\/p>\n","protected":false},"featured_media":195914,"comment_status":"open","ping_status":"closed","template":"","meta":[],"product_brand":[1771],"product_cat":[1854,1853,1764],"product_tag":[211,163],"woo-feed-brand":[],"class_list":{"0":"post-195917","1":"product","2":"type-product","3":"status-publish","4":"has-post-thumbnail","6":"product_brand-brandp_520","7":"product_cat-accessoires-de-camping-et-de-montagne","8":"product_cat-camping-et-montagne","9":"product_cat-sports-loisirs","10":"product_tag-tag_3","11":"product_tag-tag_17","13":"first","14":"instock","15":"taxable","16":"shipping-taxable","17":"purchasable","18":"product-type-simple"},"yoast_head":"<!-- This site is optimized with the Yoast SEO plugin v27.6 - https:\/\/yoast.com\/product\/yoast-seo-wordpress\/ -->\n<title>Pompe \u00e0 air Bestway 36 cm | | Tupique<\/title>\n<meta name=\"description\" content=\"Envie d&#039;acheter Pompe \u00e0 air Bestway 36 cm\u00a0? Achetez Pompe \u00e0 air Bestway 36 cm maintenant avec Tupique en 3 versements sans int\u00e9r\u00eat.\" \/>\n<meta name=\"robots\" content=\"index, follow, max-snippet:-1, max-image-preview:large, max-video-preview:-1\" \/>\n<link rel=\"canonical\" href=\"https:\/\/tupique.com\/pt\/product\/pompe-a-air-bestway-36-cm\/\" \/>\n<meta property=\"og:locale\" content=\"pt_PT\" \/>\n<meta property=\"og:type\" content=\"article\" \/>\n<meta property=\"og:title\" content=\"Pompe \u00e0 air Bestway 36 cm | | Tupique\" \/>\n<meta property=\"og:description\" content=\"Envie d&#039;acheter Pompe \u00e0 air Bestway 36 cm\u00a0? Achetez Pompe \u00e0 air Bestway 36 cm maintenant avec Tupique en 3 versements sans int\u00e9r\u00eat.\" \/>\n<meta property=\"og:url\" content=\"https:\/\/tupique.com\/pt\/product\/pompe-a-air-bestway-36-cm\/\" \/>\n<meta property=\"og:site_name\" content=\"Tupique\" \/>\n<meta property=\"og:image\" content=\"https:\/\/tupique.com\/wp-content\/uploads\/2026\/05\/6941607343340_D1400762_P00.jpg\" \/>\n\t<meta property=\"og:image:width\" content=\"1200\" \/>\n\t<meta property=\"og:image:height\" content=\"1200\" \/>\n\t<meta property=\"og:image:type\" content=\"image\/jpeg\" \/>\n<meta name=\"twitter:card\" content=\"summary_large_image\" \/>\n<meta name=\"twitter:label1\" content=\"Tempo estimado de leitura\" \/>\n\t<meta name=\"twitter:data1\" content=\"1 minuto\" \/>\n<script type=\"application\/ld+json\" class=\"yoast-schema-graph\">{\"@context\":\"https:\\\/\\\/schema.org\",\"@graph\":[{\"@type\":\"WebPage\",\"@id\":\"https:\\\/\\\/tupique.com\\\/product\\\/pompe-a-air-bestway-36-cm\\\/\",\"url\":\"https:\\\/\\\/tupique.com\\\/product\\\/pompe-a-air-bestway-36-cm\\\/\",\"name\":\"Pompe \u00e0 air Bestway 36 cm | | Tupique\",\"isPartOf\":{\"@id\":\"https:\\\/\\\/tupique.com\\\/#website\"},\"primaryImageOfPage\":{\"@id\":\"https:\\\/\\\/tupique.com\\\/product\\\/pompe-a-air-bestway-36-cm\\\/#primaryimage\"},\"image\":{\"@id\":\"https:\\\/\\\/tupique.com\\\/product\\\/pompe-a-air-bestway-36-cm\\\/#primaryimage\"},\"thumbnailUrl\":\"https:\\\/\\\/tupique.com\\\/wp-content\\\/uploads\\\/2026\\\/05\\\/6941607343340_D1400762_P00.jpg\",\"datePublished\":\"2026-05-12T04:20:47+00:00\",\"description\":\"Envie d'acheter Pompe \u00e0 air Bestway 36 cm\u00a0? Achetez Pompe \u00e0 air Bestway 36 cm maintenant avec Tupique en 3 versements sans int\u00e9r\u00eat.\",\"breadcrumb\":{\"@id\":\"https:\\\/\\\/tupique.com\\\/product\\\/pompe-a-air-bestway-36-cm\\\/#breadcrumb\"},\"inLanguage\":\"pt-PT\",\"potentialAction\":[{\"@type\":\"ReadAction\",\"target\":[\"https:\\\/\\\/tupique.com\\\/product\\\/pompe-a-air-bestway-36-cm\\\/\"]}]},{\"@type\":\"ImageObject\",\"inLanguage\":\"pt-PT\",\"@id\":\"https:\\\/\\\/tupique.com\\\/product\\\/pompe-a-air-bestway-36-cm\\\/#primaryimage\",\"url\":\"https:\\\/\\\/tupique.com\\\/wp-content\\\/uploads\\\/2026\\\/05\\\/6941607343340_D1400762_P00.jpg\",\"contentUrl\":\"https:\\\/\\\/tupique.com\\\/wp-content\\\/uploads\\\/2026\\\/05\\\/6941607343340_D1400762_P00.jpg\",\"width\":1200,\"height\":1200,\"caption\":\"D1400762_0\"},{\"@type\":\"BreadcrumbList\",\"@id\":\"https:\\\/\\\/tupique.com\\\/product\\\/pompe-a-air-bestway-36-cm\\\/#breadcrumb\",\"itemListElement\":[{\"@type\":\"ListItem\",\"position\":1,\"name\":\"commencer\",\"item\":\"https:\\\/\\\/tupique.com\\\/\"},{\"@type\":\"ListItem\",\"position\":2,\"name\":\"Loja\",\"item\":\"https:\\\/\\\/tupique.com\\\/pt\\\/loja\\\/\"},{\"@type\":\"ListItem\",\"position\":3,\"name\":\"Pompe \u00e0 air Bestway 36 cm\"}]},{\"@type\":\"WebSite\",\"@id\":\"https:\\\/\\\/tupique.com\\\/#website\",\"url\":\"https:\\\/\\\/tupique.com\\\/\",\"name\":\"Tupique\",\"description\":\"\",\"publisher\":{\"@id\":\"https:\\\/\\\/tupique.com\\\/#organization\"},\"potentialAction\":[{\"@type\":\"SearchAction\",\"target\":{\"@type\":\"EntryPoint\",\"urlTemplate\":\"https:\\\/\\\/tupique.com\\\/?s={search_term_string}\"},\"query-input\":{\"@type\":\"PropertyValueSpecification\",\"valueRequired\":true,\"valueName\":\"search_term_string\"}}],\"inLanguage\":\"pt-PT\"},{\"@type\":\"Organization\",\"@id\":\"https:\\\/\\\/tupique.com\\\/#organization\",\"name\":\"Tupique\",\"url\":\"https:\\\/\\\/tupique.com\\\/\",\"logo\":{\"@type\":\"ImageObject\",\"inLanguage\":\"pt-PT\",\"@id\":\"https:\\\/\\\/tupique.com\\\/#\\\/schema\\\/logo\\\/image\\\/\",\"url\":\"https:\\\/\\\/tupique.com\\\/wp-content\\\/uploads\\\/2026\\\/03\\\/logo-tupique-1.webp\",\"contentUrl\":\"https:\\\/\\\/tupique.com\\\/wp-content\\\/uploads\\\/2026\\\/03\\\/logo-tupique-1.webp\",\"width\":500,\"height\":67,\"caption\":\"Tupique\"},\"image\":{\"@id\":\"https:\\\/\\\/tupique.com\\\/#\\\/schema\\\/logo\\\/image\\\/\"}}]}<\/script>\n<!-- \/ Yoast SEO plugin. -->","yoast_head_json":{"title":"Pompe \u00e0 air Bestway 36 cm | | Tupique","description":"Envie d'acheter Pompe \u00e0 air Bestway 36 cm\u00a0? Achetez Pompe \u00e0 air Bestway 36 cm maintenant avec Tupique en 3 versements sans int\u00e9r\u00eat.","robots":{"index":"index","follow":"follow","max-snippet":"max-snippet:-1","max-image-preview":"max-image-preview:large","max-video-preview":"max-video-preview:-1"},"canonical":"https:\/\/tupique.com\/pt\/product\/pompe-a-air-bestway-36-cm\/","og_locale":"pt_PT","og_type":"article","og_title":"Pompe \u00e0 air Bestway 36 cm | | Tupique","og_description":"Envie d'acheter Pompe \u00e0 air Bestway 36 cm\u00a0? Achetez Pompe \u00e0 air Bestway 36 cm maintenant avec Tupique en 3 versements sans int\u00e9r\u00eat.","og_url":"https:\/\/tupique.com\/pt\/product\/pompe-a-air-bestway-36-cm\/","og_site_name":"Tupique","og_image":[{"width":1200,"height":1200,"url":"https:\/\/tupique.com\/wp-content\/uploads\/2026\/05\/6941607343340_D1400762_P00.jpg","type":"image\/jpeg"}],"twitter_card":"summary_large_image","twitter_misc":{"Tempo estimado de leitura":"1 minuto"},"schema":{"@context":"https:\/\/schema.org","@graph":[{"@type":"WebPage","@id":"https:\/\/tupique.com\/product\/pompe-a-air-bestway-36-cm\/","url":"https:\/\/tupique.com\/product\/pompe-a-air-bestway-36-cm\/","name":"Pompe \u00e0 air Bestway 36 cm | | Tupique","isPartOf":{"@id":"https:\/\/tupique.com\/#website"},"primaryImageOfPage":{"@id":"https:\/\/tupique.com\/product\/pompe-a-air-bestway-36-cm\/#primaryimage"},"image":{"@id":"https:\/\/tupique.com\/product\/pompe-a-air-bestway-36-cm\/#primaryimage"},"thumbnailUrl":"https:\/\/tupique.com\/wp-content\/uploads\/2026\/05\/6941607343340_D1400762_P00.jpg","datePublished":"2026-05-12T04:20:47+00:00","description":"Envie d'acheter Pompe \u00e0 air Bestway 36 cm\u00a0? Achetez Pompe \u00e0 air Bestway 36 cm maintenant avec Tupique en 3 versements sans int\u00e9r\u00eat.","breadcrumb":{"@id":"https:\/\/tupique.com\/product\/pompe-a-air-bestway-36-cm\/#breadcrumb"},"inLanguage":"pt-PT","potentialAction":[{"@type":"ReadAction","target":["https:\/\/tupique.com\/product\/pompe-a-air-bestway-36-cm\/"]}]},{"@type":"ImageObject","inLanguage":"pt-PT","@id":"https:\/\/tupique.com\/product\/pompe-a-air-bestway-36-cm\/#primaryimage","url":"https:\/\/tupique.com\/wp-content\/uploads\/2026\/05\/6941607343340_D1400762_P00.jpg","contentUrl":"https:\/\/tupique.com\/wp-content\/uploads\/2026\/05\/6941607343340_D1400762_P00.jpg","width":1200,"height":1200,"caption":"D1400762_0"},{"@type":"BreadcrumbList","@id":"https:\/\/tupique.com\/product\/pompe-a-air-bestway-36-cm\/#breadcrumb","itemListElement":[{"@type":"ListItem","position":1,"name":"commencer","item":"https:\/\/tupique.com\/"},{"@type":"ListItem","position":2,"name":"Loja","item":"https:\/\/tupique.com\/pt\/loja\/"},{"@type":"ListItem","position":3,"name":"Pompe \u00e0 air Bestway 36 cm"}]},{"@type":"WebSite","@id":"https:\/\/tupique.com\/#website","url":"https:\/\/tupique.com\/","name":"Tupique","description":"","publisher":{"@id":"https:\/\/tupique.com\/#organization"},"potentialAction":[{"@type":"SearchAction","target":{"@type":"EntryPoint","urlTemplate":"https:\/\/tupique.com\/?s={search_term_string}"},"query-input":{"@type":"PropertyValueSpecification","valueRequired":true,"valueName":"search_term_string"}}],"inLanguage":"pt-PT"},{"@type":"Organization","@id":"https:\/\/tupique.com\/#organization","name":"Tupique","url":"https:\/\/tupique.com\/","logo":{"@type":"ImageObject","inLanguage":"pt-PT","@id":"https:\/\/tupique.com\/#\/schema\/logo\/image\/","url":"https:\/\/tupique.com\/wp-content\/uploads\/2026\/03\/logo-tupique-1.webp","contentUrl":"https:\/\/tupique.com\/wp-content\/uploads\/2026\/03\/logo-tupique-1.webp","width":500,"height":67,"caption":"Tupique"},"image":{"@id":"https:\/\/tupique.com\/#\/schema\/logo\/image\/"}}]}},"_links":{"self":[{"href":"https:\/\/tupique.com\/pt\/wp-json\/wp\/v2\/product\/195917","targetHints":{"allow":["GET"]}}],"collection":[{"href":"https:\/\/tupique.com\/pt\/wp-json\/wp\/v2\/product"}],"about":[{"href":"https:\/\/tupique.com\/pt\/wp-json\/wp\/v2\/types\/product"}],"replies":[{"embeddable":true,"href":"https:\/\/tupique.com\/pt\/wp-json\/wp\/v2\/comments?post=195917"}],"wp:featuredmedia":[{"embeddable":true,"href":"https:\/\/tupique.com\/pt\/wp-json\/wp\/v2\/media\/195914"}],"wp:attachment":[{"href":"https:\/\/tupique.com\/pt\/wp-json\/wp\/v2\/media?parent=195917"}],"wp:term":[{"taxonomy":"product_brand","embeddable":true,"href":"https:\/\/tupique.com\/pt\/wp-json\/wp\/v2\/product_brand?post=195917"},{"taxonomy":"product_cat","embeddable":true,"href":"https:\/\/tupique.com\/pt\/wp-json\/wp\/v2\/product_cat?post=195917"},{"taxonomy":"product_tag","embeddable":true,"href":"https:\/\/tupique.com\/pt\/wp-json\/wp\/v2\/product_tag?post=195917"},{"taxonomy":"woo-feed-brand","embeddable":true,"href":"https:\/\/tupique.com\/pt\/wp-json\/wp\/v2\/woo-feed-brand?post=195917"}],"curies":[{"name":"wp","href":"https:\/\/api.w.org\/{rel}","templated":true}]}}