{"id":195999,"date":"2026-05-12T06:23:07","date_gmt":"2026-05-12T04:23:07","guid":{"rendered":"https:\/\/tupique.com\/product\/piscine-demontable-bestway-305-x-76-cm-305-x-305-x-76-cm-2\/"},"modified":"2026-05-12T06:23:07","modified_gmt":"2026-05-12T04:23:07","slug":"piscine-demontable-bestway-305-x-76-cm-305-x-305-x-76-cm-2","status":"publish","type":"product","link":"https:\/\/tupique.com\/pt\/product\/piscine-demontable-bestway-305-x-76-cm-305-x-305-x-76-cm-2\/","title":{"rendered":"Piscine D\u00e9montable Bestway 305 x 76 cm 305 x 305 x 76 cm"},"content":{"rendered":"<p>L&#8217;amusement est assur\u00e9 pour l&#8217;\u00e9t\u00e9, avec ces propositions qui plairont aux petits et aux grands ! Achetez <b>Piscine D\u00e9montable Bestway 305 x 76 cm 305 x 305 x 76 cm<\/b> et profitez de votre temps libre !<\/p>\n<p>A <b>piscine hors sol Bestway<\/b> est l&#8217;option id\u00e9ale pour profiter de l&#8217;\u00e9t\u00e9 en compagnie de la famille et des amis. Fabriqu\u00e9 en <b>Chine<\/b>, ce mod\u00e8le dans une attrayante <b>couleur bleue<\/b> se distingue non seulement par son esth\u00e9tique, mais aussi par sa robustesse, car il est construit avec des mat\u00e9riaux de haute qualit\u00e9 tels que le <b>PVC<\/b>, l&#8217;<b>acier<\/b> e o <b>plastique<\/b>, garantissant durabilit\u00e9 et r\u00e9sistance \u00e0 une utilisation fr\u00e9quente. Sa capacit\u00e9 de <b>4 678 litres<\/b> permet de cr\u00e9er un espace rafra\u00eechissant et confortable pour profiter de longues journ\u00e9es au soleil. Gr\u00e2ce \u00e0 son design d\u00e9montable, son installation est rapide et simple, id\u00e9al pour ceux qui recherchent la commodit\u00e9 de monter et d\u00e9monter la piscine \u00e0 la fin de l&#8217;\u00e9t\u00e9. Profitez de la chaleur estivale et cr\u00e9ez des moments m\u00e9morables dans cette piscine pratique et fonctionnelle.<\/p>\n<ul>\n<li>Dimensions approx.:\n<ul>\n<li>305 x 76 cm<\/li>\n<li>305 x 305 x 76 cm<\/li>\n<\/ul>\n<\/li>\n<li>Type: Piscine D\u00e9montable<\/li>\n<li>Forme:\n<ul>\n<li>Ronde<\/li>\n<li>Rond<\/li>\n<\/ul>\n<\/li>\n<li>Couleur: Bleu<\/li>\n<li>Mati\u00e8re:\n<ul>\n<li>Plastique<\/li>\n<li>PVC<\/li>\n<li>Acier<\/li>\n<\/ul>\n<\/li>\n<li>Caracter\u00edsticas:\n<ul>\n<li>Utilisation en ext\u00e9rieur<\/li>\n<li>Nettoyage par chiffon humide<\/li>\n<\/ul>\n<\/li>\n<li>Utiliza\u00e7\u00e3o recomendada:\n<ul>\n<li>Plage<\/li>\n<li>Jardin<\/li>\n<li>Camping<\/li>\n<\/ul>\n<\/li>\n<li>Capacit\u00e9: 4678 L<\/li>\n<li>\u00c9lev\u00e9: 76 cm<\/li>\n<\/ul>","protected":false},"excerpt":{"rendered":"<p><span class=\"unit-info\">0.0237 &euro; \/ 1 l<\/span><\/p>","protected":false},"featured_media":195989,"comment_status":"open","ping_status":"closed","template":"","meta":[],"product_brand":[1771],"product_cat":[2272,1769,1764],"product_tag":[2247,721,210],"woo-feed-brand":[],"class_list":{"0":"post-195999","1":"product","2":"type-product","3":"status-publish","4":"has-post-thumbnail","6":"product_brand-brandp_520","7":"product_cat-piscines","8":"product_cat-plage-et-piscine","9":"product_cat-sports-loisirs","10":"product_tag-tag_32","11":"product_tag-tag_124","12":"product_tag-tag_25","14":"first","15":"instock","16":"taxable","17":"shipping-taxable","18":"purchasable","19":"product-type-simple"},"yoast_head":"<!-- This site is optimized with the Yoast SEO plugin v27.6 - https:\/\/yoast.com\/product\/yoast-seo-wordpress\/ -->\n<title>Piscine D\u00e9montable Bestway 305 x 76 cm 305 x 305 x 76 cm | | Tupique<\/title>\n<meta name=\"description\" content=\"Envie d&#039;acheter Piscine D\u00e9montable Bestway 305 x 76 cm 305 x 305 x 76 cm\u00a0? Achetez Piscine D\u00e9montable Bestway 305 x 76 cm 305 x 305 x 76 cm maintenant avec Tupique en 3 versements sans int\u00e9r\u00eat.\" \/>\n<meta name=\"robots\" content=\"index, follow, max-snippet:-1, max-image-preview:large, max-video-preview:-1\" \/>\n<link rel=\"canonical\" href=\"https:\/\/tupique.com\/pt\/product\/piscine-demontable-bestway-305-x-76-cm-305-x-305-x-76-cm-2\/\" \/>\n<meta property=\"og:locale\" content=\"pt_PT\" \/>\n<meta property=\"og:type\" content=\"article\" \/>\n<meta property=\"og:title\" content=\"Piscine D\u00e9montable Bestway 305 x 76 cm 305 x 305 x 76 cm | | Tupique\" \/>\n<meta property=\"og:description\" content=\"Envie d&#039;acheter Piscine D\u00e9montable Bestway 305 x 76 cm 305 x 305 x 76 cm\u00a0? Achetez Piscine D\u00e9montable Bestway 305 x 76 cm 305 x 305 x 76 cm maintenant avec Tupique en 3 versements sans int\u00e9r\u00eat.\" \/>\n<meta property=\"og:url\" content=\"https:\/\/tupique.com\/pt\/product\/piscine-demontable-bestway-305-x-76-cm-305-x-305-x-76-cm-2\/\" \/>\n<meta property=\"og:site_name\" content=\"Tupique\" \/>\n<meta property=\"og:image\" content=\"https:\/\/tupique.com\/wp-content\/uploads\/2026\/05\/6942138972405_D1400752_P00.jpg\" \/>\n\t<meta property=\"og:image:width\" content=\"1200\" \/>\n\t<meta property=\"og:image:height\" content=\"1200\" \/>\n\t<meta property=\"og:image:type\" content=\"image\/jpeg\" \/>\n<meta name=\"twitter:card\" content=\"summary_large_image\" \/>\n<meta name=\"twitter:label1\" content=\"Tempo estimado de leitura\" \/>\n\t<meta name=\"twitter:data1\" content=\"1 minuto\" \/>\n<script type=\"application\/ld+json\" class=\"yoast-schema-graph\">{\"@context\":\"https:\\\/\\\/schema.org\",\"@graph\":[{\"@type\":\"WebPage\",\"@id\":\"https:\\\/\\\/tupique.com\\\/pt\\\/product\\\/piscine-demontable-bestway-305-x-76-cm-305-x-305-x-76-cm-2\\\/\",\"url\":\"https:\\\/\\\/tupique.com\\\/pt\\\/product\\\/piscine-demontable-bestway-305-x-76-cm-305-x-305-x-76-cm-2\\\/\",\"name\":\"Piscine D\u00e9montable Bestway 305 x 76 cm 305 x 305 x 76 cm | | Tupique\",\"isPartOf\":{\"@id\":\"https:\\\/\\\/tupique.com\\\/#website\"},\"primaryImageOfPage\":{\"@id\":\"https:\\\/\\\/tupique.com\\\/pt\\\/product\\\/piscine-demontable-bestway-305-x-76-cm-305-x-305-x-76-cm-2\\\/#primaryimage\"},\"image\":{\"@id\":\"https:\\\/\\\/tupique.com\\\/pt\\\/product\\\/piscine-demontable-bestway-305-x-76-cm-305-x-305-x-76-cm-2\\\/#primaryimage\"},\"thumbnailUrl\":\"https:\\\/\\\/tupique.com\\\/wp-content\\\/uploads\\\/2026\\\/05\\\/6942138972405_D1400752_P00.jpg\",\"datePublished\":\"2026-05-12T04:23:07+00:00\",\"description\":\"Envie d'acheter Piscine D\u00e9montable Bestway 305 x 76 cm 305 x 305 x 76 cm\u00a0? Achetez Piscine D\u00e9montable Bestway 305 x 76 cm 305 x 305 x 76 cm maintenant avec Tupique en 3 versements sans int\u00e9r\u00eat.\",\"breadcrumb\":{\"@id\":\"https:\\\/\\\/tupique.com\\\/pt\\\/product\\\/piscine-demontable-bestway-305-x-76-cm-305-x-305-x-76-cm-2\\\/#breadcrumb\"},\"inLanguage\":\"pt-PT\",\"potentialAction\":[{\"@type\":\"ReadAction\",\"target\":[\"https:\\\/\\\/tupique.com\\\/pt\\\/product\\\/piscine-demontable-bestway-305-x-76-cm-305-x-305-x-76-cm-2\\\/\"]}]},{\"@type\":\"ImageObject\",\"inLanguage\":\"pt-PT\",\"@id\":\"https:\\\/\\\/tupique.com\\\/pt\\\/product\\\/piscine-demontable-bestway-305-x-76-cm-305-x-305-x-76-cm-2\\\/#primaryimage\",\"url\":\"https:\\\/\\\/tupique.com\\\/wp-content\\\/uploads\\\/2026\\\/05\\\/6942138972405_D1400752_P00.jpg\",\"contentUrl\":\"https:\\\/\\\/tupique.com\\\/wp-content\\\/uploads\\\/2026\\\/05\\\/6942138972405_D1400752_P00.jpg\",\"width\":1200,\"height\":1200,\"caption\":\"D1400752_0\"},{\"@type\":\"BreadcrumbList\",\"@id\":\"https:\\\/\\\/tupique.com\\\/pt\\\/product\\\/piscine-demontable-bestway-305-x-76-cm-305-x-305-x-76-cm-2\\\/#breadcrumb\",\"itemListElement\":[{\"@type\":\"ListItem\",\"position\":1,\"name\":\"commencer\",\"item\":\"https:\\\/\\\/tupique.com\\\/\"},{\"@type\":\"ListItem\",\"position\":2,\"name\":\"Loja\",\"item\":\"https:\\\/\\\/tupique.com\\\/pt\\\/loja\\\/\"},{\"@type\":\"ListItem\",\"position\":3,\"name\":\"Piscine D\u00e9montable Bestway 305 x 76 cm 305 x 305 x 76 cm\"}]},{\"@type\":\"WebSite\",\"@id\":\"https:\\\/\\\/tupique.com\\\/#website\",\"url\":\"https:\\\/\\\/tupique.com\\\/\",\"name\":\"Tupique\",\"description\":\"\",\"publisher\":{\"@id\":\"https:\\\/\\\/tupique.com\\\/#organization\"},\"potentialAction\":[{\"@type\":\"SearchAction\",\"target\":{\"@type\":\"EntryPoint\",\"urlTemplate\":\"https:\\\/\\\/tupique.com\\\/?s={search_term_string}\"},\"query-input\":{\"@type\":\"PropertyValueSpecification\",\"valueRequired\":true,\"valueName\":\"search_term_string\"}}],\"inLanguage\":\"pt-PT\"},{\"@type\":\"Organization\",\"@id\":\"https:\\\/\\\/tupique.com\\\/#organization\",\"name\":\"Tupique\",\"url\":\"https:\\\/\\\/tupique.com\\\/\",\"logo\":{\"@type\":\"ImageObject\",\"inLanguage\":\"pt-PT\",\"@id\":\"https:\\\/\\\/tupique.com\\\/#\\\/schema\\\/logo\\\/image\\\/\",\"url\":\"https:\\\/\\\/tupique.com\\\/wp-content\\\/uploads\\\/2026\\\/03\\\/logo-tupique-1.webp\",\"contentUrl\":\"https:\\\/\\\/tupique.com\\\/wp-content\\\/uploads\\\/2026\\\/03\\\/logo-tupique-1.webp\",\"width\":500,\"height\":67,\"caption\":\"Tupique\"},\"image\":{\"@id\":\"https:\\\/\\\/tupique.com\\\/#\\\/schema\\\/logo\\\/image\\\/\"}}]}<\/script>\n<!-- \/ Yoast SEO plugin. -->","yoast_head_json":{"title":"Piscine D\u00e9montable Bestway 305 x 76 cm 305 x 305 x 76 cm | | Tupique","description":"Envie d'acheter Piscine D\u00e9montable Bestway 305 x 76 cm 305 x 305 x 76 cm\u00a0? Achetez Piscine D\u00e9montable Bestway 305 x 76 cm 305 x 305 x 76 cm maintenant avec Tupique en 3 versements sans int\u00e9r\u00eat.","robots":{"index":"index","follow":"follow","max-snippet":"max-snippet:-1","max-image-preview":"max-image-preview:large","max-video-preview":"max-video-preview:-1"},"canonical":"https:\/\/tupique.com\/pt\/product\/piscine-demontable-bestway-305-x-76-cm-305-x-305-x-76-cm-2\/","og_locale":"pt_PT","og_type":"article","og_title":"Piscine D\u00e9montable Bestway 305 x 76 cm 305 x 305 x 76 cm | | Tupique","og_description":"Envie d'acheter Piscine D\u00e9montable Bestway 305 x 76 cm 305 x 305 x 76 cm\u00a0? Achetez Piscine D\u00e9montable Bestway 305 x 76 cm 305 x 305 x 76 cm maintenant avec Tupique en 3 versements sans int\u00e9r\u00eat.","og_url":"https:\/\/tupique.com\/pt\/product\/piscine-demontable-bestway-305-x-76-cm-305-x-305-x-76-cm-2\/","og_site_name":"Tupique","og_image":[{"width":1200,"height":1200,"url":"https:\/\/tupique.com\/wp-content\/uploads\/2026\/05\/6942138972405_D1400752_P00.jpg","type":"image\/jpeg"}],"twitter_card":"summary_large_image","twitter_misc":{"Tempo estimado de leitura":"1 minuto"},"schema":{"@context":"https:\/\/schema.org","@graph":[{"@type":"WebPage","@id":"https:\/\/tupique.com\/pt\/product\/piscine-demontable-bestway-305-x-76-cm-305-x-305-x-76-cm-2\/","url":"https:\/\/tupique.com\/pt\/product\/piscine-demontable-bestway-305-x-76-cm-305-x-305-x-76-cm-2\/","name":"Piscine D\u00e9montable Bestway 305 x 76 cm 305 x 305 x 76 cm | | Tupique","isPartOf":{"@id":"https:\/\/tupique.com\/#website"},"primaryImageOfPage":{"@id":"https:\/\/tupique.com\/pt\/product\/piscine-demontable-bestway-305-x-76-cm-305-x-305-x-76-cm-2\/#primaryimage"},"image":{"@id":"https:\/\/tupique.com\/pt\/product\/piscine-demontable-bestway-305-x-76-cm-305-x-305-x-76-cm-2\/#primaryimage"},"thumbnailUrl":"https:\/\/tupique.com\/wp-content\/uploads\/2026\/05\/6942138972405_D1400752_P00.jpg","datePublished":"2026-05-12T04:23:07+00:00","description":"Envie d'acheter Piscine D\u00e9montable Bestway 305 x 76 cm 305 x 305 x 76 cm\u00a0? Achetez Piscine D\u00e9montable Bestway 305 x 76 cm 305 x 305 x 76 cm maintenant avec Tupique en 3 versements sans int\u00e9r\u00eat.","breadcrumb":{"@id":"https:\/\/tupique.com\/pt\/product\/piscine-demontable-bestway-305-x-76-cm-305-x-305-x-76-cm-2\/#breadcrumb"},"inLanguage":"pt-PT","potentialAction":[{"@type":"ReadAction","target":["https:\/\/tupique.com\/pt\/product\/piscine-demontable-bestway-305-x-76-cm-305-x-305-x-76-cm-2\/"]}]},{"@type":"ImageObject","inLanguage":"pt-PT","@id":"https:\/\/tupique.com\/pt\/product\/piscine-demontable-bestway-305-x-76-cm-305-x-305-x-76-cm-2\/#primaryimage","url":"https:\/\/tupique.com\/wp-content\/uploads\/2026\/05\/6942138972405_D1400752_P00.jpg","contentUrl":"https:\/\/tupique.com\/wp-content\/uploads\/2026\/05\/6942138972405_D1400752_P00.jpg","width":1200,"height":1200,"caption":"D1400752_0"},{"@type":"BreadcrumbList","@id":"https:\/\/tupique.com\/pt\/product\/piscine-demontable-bestway-305-x-76-cm-305-x-305-x-76-cm-2\/#breadcrumb","itemListElement":[{"@type":"ListItem","position":1,"name":"commencer","item":"https:\/\/tupique.com\/"},{"@type":"ListItem","position":2,"name":"Loja","item":"https:\/\/tupique.com\/pt\/loja\/"},{"@type":"ListItem","position":3,"name":"Piscine D\u00e9montable Bestway 305 x 76 cm 305 x 305 x 76 cm"}]},{"@type":"WebSite","@id":"https:\/\/tupique.com\/#website","url":"https:\/\/tupique.com\/","name":"Tupique","description":"","publisher":{"@id":"https:\/\/tupique.com\/#organization"},"potentialAction":[{"@type":"SearchAction","target":{"@type":"EntryPoint","urlTemplate":"https:\/\/tupique.com\/?s={search_term_string}"},"query-input":{"@type":"PropertyValueSpecification","valueRequired":true,"valueName":"search_term_string"}}],"inLanguage":"pt-PT"},{"@type":"Organization","@id":"https:\/\/tupique.com\/#organization","name":"Tupique","url":"https:\/\/tupique.com\/","logo":{"@type":"ImageObject","inLanguage":"pt-PT","@id":"https:\/\/tupique.com\/#\/schema\/logo\/image\/","url":"https:\/\/tupique.com\/wp-content\/uploads\/2026\/03\/logo-tupique-1.webp","contentUrl":"https:\/\/tupique.com\/wp-content\/uploads\/2026\/03\/logo-tupique-1.webp","width":500,"height":67,"caption":"Tupique"},"image":{"@id":"https:\/\/tupique.com\/#\/schema\/logo\/image\/"}}]}},"_links":{"self":[{"href":"https:\/\/tupique.com\/pt\/wp-json\/wp\/v2\/product\/195999","targetHints":{"allow":["GET"]}}],"collection":[{"href":"https:\/\/tupique.com\/pt\/wp-json\/wp\/v2\/product"}],"about":[{"href":"https:\/\/tupique.com\/pt\/wp-json\/wp\/v2\/types\/product"}],"replies":[{"embeddable":true,"href":"https:\/\/tupique.com\/pt\/wp-json\/wp\/v2\/comments?post=195999"}],"wp:featuredmedia":[{"embeddable":true,"href":"https:\/\/tupique.com\/pt\/wp-json\/wp\/v2\/media\/195989"}],"wp:attachment":[{"href":"https:\/\/tupique.com\/pt\/wp-json\/wp\/v2\/media?parent=195999"}],"wp:term":[{"taxonomy":"product_brand","embeddable":true,"href":"https:\/\/tupique.com\/pt\/wp-json\/wp\/v2\/product_brand?post=195999"},{"taxonomy":"product_cat","embeddable":true,"href":"https:\/\/tupique.com\/pt\/wp-json\/wp\/v2\/product_cat?post=195999"},{"taxonomy":"product_tag","embeddable":true,"href":"https:\/\/tupique.com\/pt\/wp-json\/wp\/v2\/product_tag?post=195999"},{"taxonomy":"woo-feed-brand","embeddable":true,"href":"https:\/\/tupique.com\/pt\/wp-json\/wp\/v2\/woo-feed-brand?post=195999"}],"curies":[{"name":"wp","href":"https:\/\/api.w.org\/{rel}","templated":true}]}}