{"id":196741,"date":"2026-05-12T07:17:11","date_gmt":"2026-05-12T05:17:11","guid":{"rendered":"https:\/\/tupique.com\/product\/chemin-de-table-alexandra-house-living-rose-textile-velours-floral\/"},"modified":"2026-05-12T07:17:11","modified_gmt":"2026-05-12T05:17:11","slug":"chemin-de-table-alexandra-house-living-rose-textile-velours-floral","status":"publish","type":"product","link":"https:\/\/tupique.com\/pt\/product\/chemin-de-table-alexandra-house-living-rose-textile-velours-floral\/","title":{"rendered":"Chemin de Table Alexandra House Living Rose Textile Velours Floral"},"content":{"rendered":"<p>Si vous aimez prendre soin de chaque d\u00e9tail de votre maison et d&#8217;\u00eatre \u00e0 la derni\u00e8re mode en mati\u00e8re de produits qui vous rendront la vie plus facile, achetez <b>Chemin de Table Alexandra House Living Rose Textile Velours Floral<\/b> au meilleur prix.<\/p>\n<ul>\n<li>Composition:\n<ul>\n<li>Velours<\/li>\n<li>100 % polyester<\/li>\n<\/ul>\n<\/li>\n<li>Design: Floral<\/li>\n<li>Couleur: Rose<\/li>\n<li>Tipo:\n<ul>\n<li>D\u00e9coration<\/li>\n<li>Maison<\/li>\n<li>Chemin de Table<\/li>\n<\/ul>\n<\/li>\n<li>Mati\u00e8re: Textile<\/li>\n<\/ul>","protected":false},"excerpt":{"rendered":"<p>Si vous aimez prendre soin de chaque d\u00e9tail de votre maison et d&#8217;\u00eatre \u00e0 la derni\u00e8re mode en mati\u00e8re de produits qui vous rendront la vie plus facile, achetez Chemin de Table Alexandra House Living Rose Textile Velours Floral au meilleur prix. Composition: Velours 100 % polyester Design: Floral Couleur: Rose Type: D\u00e9coration Maison Chemin [&hellip;]<\/p>\n","protected":false},"featured_media":196738,"comment_status":"open","ping_status":"closed","template":"","meta":[],"product_brand":[2757],"product_cat":[2120,1532,239],"product_tag":[104],"woo-feed-brand":[],"class_list":{"0":"post-196741","1":"product","2":"type-product","3":"status-publish","4":"has-post-thumbnail","6":"product_brand-brandp_9437","7":"product_cat-chemins-de-table-et-nappes","8":"product_cat-linge-de-maison","9":"product_cat-maison-jardin","10":"product_tag-tag_1279","12":"first","13":"instock","14":"taxable","15":"shipping-taxable","16":"purchasable","17":"product-type-simple"},"yoast_head":"<!-- This site is optimized with the Yoast SEO plugin v27.6 - https:\/\/yoast.com\/product\/yoast-seo-wordpress\/ -->\n<title>Chemin de Table Alexandra House Living Rose Textile Velours Floral | | Tupique<\/title>\n<meta name=\"description\" content=\"Envie d&#039;acheter Chemin de Table Alexandra House Living Rose Textile Velours Floral\u00a0? Achetez Chemin de Table Alexandra House Living Rose Textile Velours Floral maintenant avec Tupique en 3 versements sans int\u00e9r\u00eat.\" \/>\n<meta name=\"robots\" content=\"index, follow, max-snippet:-1, max-image-preview:large, max-video-preview:-1\" \/>\n<link rel=\"canonical\" href=\"https:\/\/tupique.com\/pt\/product\/chemin-de-table-alexandra-house-living-rose-textile-velours-floral\/\" \/>\n<meta property=\"og:locale\" content=\"pt_PT\" \/>\n<meta property=\"og:type\" content=\"article\" \/>\n<meta property=\"og:title\" content=\"Chemin de Table Alexandra House Living Rose Textile Velours Floral | | Tupique\" \/>\n<meta property=\"og:description\" content=\"Envie d&#039;acheter Chemin de Table Alexandra House Living Rose Textile Velours Floral\u00a0? Achetez Chemin de Table Alexandra House Living Rose Textile Velours Floral maintenant avec Tupique en 3 versements sans int\u00e9r\u00eat.\" \/>\n<meta property=\"og:url\" content=\"https:\/\/tupique.com\/pt\/product\/chemin-de-table-alexandra-house-living-rose-textile-velours-floral\/\" \/>\n<meta property=\"og:site_name\" content=\"Tupique\" \/>\n<meta property=\"og:image\" content=\"https:\/\/tupique.com\/wp-content\/uploads\/2026\/05\/D1625809_1721121822-no-background1.jpg\" \/>\n\t<meta property=\"og:image:width\" content=\"1200\" \/>\n\t<meta property=\"og:image:height\" content=\"1200\" \/>\n\t<meta property=\"og:image:type\" content=\"image\/jpeg\" \/>\n<meta name=\"twitter:card\" content=\"summary_large_image\" \/>\n<script type=\"application\/ld+json\" class=\"yoast-schema-graph\">{\"@context\":\"https:\\\/\\\/schema.org\",\"@graph\":[{\"@type\":\"WebPage\",\"@id\":\"https:\\\/\\\/tupique.com\\\/pt\\\/product\\\/chemin-de-table-alexandra-house-living-rose-textile-velours-floral\\\/\",\"url\":\"https:\\\/\\\/tupique.com\\\/pt\\\/product\\\/chemin-de-table-alexandra-house-living-rose-textile-velours-floral\\\/\",\"name\":\"Chemin de Table Alexandra House Living Rose Textile Velours Floral | | Tupique\",\"isPartOf\":{\"@id\":\"https:\\\/\\\/tupique.com\\\/#website\"},\"primaryImageOfPage\":{\"@id\":\"https:\\\/\\\/tupique.com\\\/pt\\\/product\\\/chemin-de-table-alexandra-house-living-rose-textile-velours-floral\\\/#primaryimage\"},\"image\":{\"@id\":\"https:\\\/\\\/tupique.com\\\/pt\\\/product\\\/chemin-de-table-alexandra-house-living-rose-textile-velours-floral\\\/#primaryimage\"},\"thumbnailUrl\":\"https:\\\/\\\/tupique.com\\\/wp-content\\\/uploads\\\/2026\\\/05\\\/D1625809_1721121822-no-background1.jpg\",\"datePublished\":\"2026-05-12T05:17:11+00:00\",\"description\":\"Envie d'acheter Chemin de Table Alexandra House Living Rose Textile Velours Floral\u00a0? Achetez Chemin de Table Alexandra House Living Rose Textile Velours Floral maintenant avec Tupique en 3 versements sans int\u00e9r\u00eat.\",\"breadcrumb\":{\"@id\":\"https:\\\/\\\/tupique.com\\\/pt\\\/product\\\/chemin-de-table-alexandra-house-living-rose-textile-velours-floral\\\/#breadcrumb\"},\"inLanguage\":\"pt-PT\",\"potentialAction\":[{\"@type\":\"ReadAction\",\"target\":[\"https:\\\/\\\/tupique.com\\\/pt\\\/product\\\/chemin-de-table-alexandra-house-living-rose-textile-velours-floral\\\/\"]}]},{\"@type\":\"ImageObject\",\"inLanguage\":\"pt-PT\",\"@id\":\"https:\\\/\\\/tupique.com\\\/pt\\\/product\\\/chemin-de-table-alexandra-house-living-rose-textile-velours-floral\\\/#primaryimage\",\"url\":\"https:\\\/\\\/tupique.com\\\/wp-content\\\/uploads\\\/2026\\\/05\\\/D1625809_1721121822-no-background1.jpg\",\"contentUrl\":\"https:\\\/\\\/tupique.com\\\/wp-content\\\/uploads\\\/2026\\\/05\\\/D1625809_1721121822-no-background1.jpg\",\"width\":1200,\"height\":1200,\"caption\":\"D1625809_0\"},{\"@type\":\"BreadcrumbList\",\"@id\":\"https:\\\/\\\/tupique.com\\\/pt\\\/product\\\/chemin-de-table-alexandra-house-living-rose-textile-velours-floral\\\/#breadcrumb\",\"itemListElement\":[{\"@type\":\"ListItem\",\"position\":1,\"name\":\"commencer\",\"item\":\"https:\\\/\\\/tupique.com\\\/\"},{\"@type\":\"ListItem\",\"position\":2,\"name\":\"Loja\",\"item\":\"https:\\\/\\\/tupique.com\\\/pt\\\/loja\\\/\"},{\"@type\":\"ListItem\",\"position\":3,\"name\":\"Chemin de Table Alexandra House Living Rose Textile Velours Floral\"}]},{\"@type\":\"WebSite\",\"@id\":\"https:\\\/\\\/tupique.com\\\/#website\",\"url\":\"https:\\\/\\\/tupique.com\\\/\",\"name\":\"Tupique\",\"description\":\"\",\"publisher\":{\"@id\":\"https:\\\/\\\/tupique.com\\\/#organization\"},\"potentialAction\":[{\"@type\":\"SearchAction\",\"target\":{\"@type\":\"EntryPoint\",\"urlTemplate\":\"https:\\\/\\\/tupique.com\\\/?s={search_term_string}\"},\"query-input\":{\"@type\":\"PropertyValueSpecification\",\"valueRequired\":true,\"valueName\":\"search_term_string\"}}],\"inLanguage\":\"pt-PT\"},{\"@type\":\"Organization\",\"@id\":\"https:\\\/\\\/tupique.com\\\/#organization\",\"name\":\"Tupique\",\"url\":\"https:\\\/\\\/tupique.com\\\/\",\"logo\":{\"@type\":\"ImageObject\",\"inLanguage\":\"pt-PT\",\"@id\":\"https:\\\/\\\/tupique.com\\\/#\\\/schema\\\/logo\\\/image\\\/\",\"url\":\"https:\\\/\\\/tupique.com\\\/wp-content\\\/uploads\\\/2026\\\/03\\\/logo-tupique-1.webp\",\"contentUrl\":\"https:\\\/\\\/tupique.com\\\/wp-content\\\/uploads\\\/2026\\\/03\\\/logo-tupique-1.webp\",\"width\":500,\"height\":67,\"caption\":\"Tupique\"},\"image\":{\"@id\":\"https:\\\/\\\/tupique.com\\\/#\\\/schema\\\/logo\\\/image\\\/\"}}]}<\/script>\n<!-- \/ Yoast SEO plugin. -->","yoast_head_json":{"title":"Chemin de Table Alexandra House Living Rose Textile Velours Floral | | Tupique","description":"Envie d'acheter Chemin de Table Alexandra House Living Rose Textile Velours Floral\u00a0? Achetez Chemin de Table Alexandra House Living Rose Textile Velours Floral maintenant avec Tupique en 3 versements sans int\u00e9r\u00eat.","robots":{"index":"index","follow":"follow","max-snippet":"max-snippet:-1","max-image-preview":"max-image-preview:large","max-video-preview":"max-video-preview:-1"},"canonical":"https:\/\/tupique.com\/pt\/product\/chemin-de-table-alexandra-house-living-rose-textile-velours-floral\/","og_locale":"pt_PT","og_type":"article","og_title":"Chemin de Table Alexandra House Living Rose Textile Velours Floral | | Tupique","og_description":"Envie d'acheter Chemin de Table Alexandra House Living Rose Textile Velours Floral\u00a0? Achetez Chemin de Table Alexandra House Living Rose Textile Velours Floral maintenant avec Tupique en 3 versements sans int\u00e9r\u00eat.","og_url":"https:\/\/tupique.com\/pt\/product\/chemin-de-table-alexandra-house-living-rose-textile-velours-floral\/","og_site_name":"Tupique","og_image":[{"width":1200,"height":1200,"url":"https:\/\/tupique.com\/wp-content\/uploads\/2026\/05\/D1625809_1721121822-no-background1.jpg","type":"image\/jpeg"}],"twitter_card":"summary_large_image","schema":{"@context":"https:\/\/schema.org","@graph":[{"@type":"WebPage","@id":"https:\/\/tupique.com\/pt\/product\/chemin-de-table-alexandra-house-living-rose-textile-velours-floral\/","url":"https:\/\/tupique.com\/pt\/product\/chemin-de-table-alexandra-house-living-rose-textile-velours-floral\/","name":"Chemin de Table Alexandra House Living Rose Textile Velours Floral | | Tupique","isPartOf":{"@id":"https:\/\/tupique.com\/#website"},"primaryImageOfPage":{"@id":"https:\/\/tupique.com\/pt\/product\/chemin-de-table-alexandra-house-living-rose-textile-velours-floral\/#primaryimage"},"image":{"@id":"https:\/\/tupique.com\/pt\/product\/chemin-de-table-alexandra-house-living-rose-textile-velours-floral\/#primaryimage"},"thumbnailUrl":"https:\/\/tupique.com\/wp-content\/uploads\/2026\/05\/D1625809_1721121822-no-background1.jpg","datePublished":"2026-05-12T05:17:11+00:00","description":"Envie d'acheter Chemin de Table Alexandra House Living Rose Textile Velours Floral\u00a0? Achetez Chemin de Table Alexandra House Living Rose Textile Velours Floral maintenant avec Tupique en 3 versements sans int\u00e9r\u00eat.","breadcrumb":{"@id":"https:\/\/tupique.com\/pt\/product\/chemin-de-table-alexandra-house-living-rose-textile-velours-floral\/#breadcrumb"},"inLanguage":"pt-PT","potentialAction":[{"@type":"ReadAction","target":["https:\/\/tupique.com\/pt\/product\/chemin-de-table-alexandra-house-living-rose-textile-velours-floral\/"]}]},{"@type":"ImageObject","inLanguage":"pt-PT","@id":"https:\/\/tupique.com\/pt\/product\/chemin-de-table-alexandra-house-living-rose-textile-velours-floral\/#primaryimage","url":"https:\/\/tupique.com\/wp-content\/uploads\/2026\/05\/D1625809_1721121822-no-background1.jpg","contentUrl":"https:\/\/tupique.com\/wp-content\/uploads\/2026\/05\/D1625809_1721121822-no-background1.jpg","width":1200,"height":1200,"caption":"D1625809_0"},{"@type":"BreadcrumbList","@id":"https:\/\/tupique.com\/pt\/product\/chemin-de-table-alexandra-house-living-rose-textile-velours-floral\/#breadcrumb","itemListElement":[{"@type":"ListItem","position":1,"name":"commencer","item":"https:\/\/tupique.com\/"},{"@type":"ListItem","position":2,"name":"Loja","item":"https:\/\/tupique.com\/pt\/loja\/"},{"@type":"ListItem","position":3,"name":"Chemin de Table Alexandra House Living Rose Textile Velours Floral"}]},{"@type":"WebSite","@id":"https:\/\/tupique.com\/#website","url":"https:\/\/tupique.com\/","name":"Tupique","description":"","publisher":{"@id":"https:\/\/tupique.com\/#organization"},"potentialAction":[{"@type":"SearchAction","target":{"@type":"EntryPoint","urlTemplate":"https:\/\/tupique.com\/?s={search_term_string}"},"query-input":{"@type":"PropertyValueSpecification","valueRequired":true,"valueName":"search_term_string"}}],"inLanguage":"pt-PT"},{"@type":"Organization","@id":"https:\/\/tupique.com\/#organization","name":"Tupique","url":"https:\/\/tupique.com\/","logo":{"@type":"ImageObject","inLanguage":"pt-PT","@id":"https:\/\/tupique.com\/#\/schema\/logo\/image\/","url":"https:\/\/tupique.com\/wp-content\/uploads\/2026\/03\/logo-tupique-1.webp","contentUrl":"https:\/\/tupique.com\/wp-content\/uploads\/2026\/03\/logo-tupique-1.webp","width":500,"height":67,"caption":"Tupique"},"image":{"@id":"https:\/\/tupique.com\/#\/schema\/logo\/image\/"}}]}},"_links":{"self":[{"href":"https:\/\/tupique.com\/pt\/wp-json\/wp\/v2\/product\/196741","targetHints":{"allow":["GET"]}}],"collection":[{"href":"https:\/\/tupique.com\/pt\/wp-json\/wp\/v2\/product"}],"about":[{"href":"https:\/\/tupique.com\/pt\/wp-json\/wp\/v2\/types\/product"}],"replies":[{"embeddable":true,"href":"https:\/\/tupique.com\/pt\/wp-json\/wp\/v2\/comments?post=196741"}],"wp:featuredmedia":[{"embeddable":true,"href":"https:\/\/tupique.com\/pt\/wp-json\/wp\/v2\/media\/196738"}],"wp:attachment":[{"href":"https:\/\/tupique.com\/pt\/wp-json\/wp\/v2\/media?parent=196741"}],"wp:term":[{"taxonomy":"product_brand","embeddable":true,"href":"https:\/\/tupique.com\/pt\/wp-json\/wp\/v2\/product_brand?post=196741"},{"taxonomy":"product_cat","embeddable":true,"href":"https:\/\/tupique.com\/pt\/wp-json\/wp\/v2\/product_cat?post=196741"},{"taxonomy":"product_tag","embeddable":true,"href":"https:\/\/tupique.com\/pt\/wp-json\/wp\/v2\/product_tag?post=196741"},{"taxonomy":"woo-feed-brand","embeddable":true,"href":"https:\/\/tupique.com\/pt\/wp-json\/wp\/v2\/woo-feed-brand?post=196741"}],"curies":[{"name":"wp","href":"https:\/\/api.w.org\/{rel}","templated":true}]}}