{"id":197089,"date":"2026-05-12T07:49:18","date_gmt":"2026-05-12T05:49:18","guid":{"rendered":"https:\/\/tupique.com\/product\/monture-de-lunettes-femme-ralph-lauren-ra-7158u\/"},"modified":"2026-05-12T07:49:18","modified_gmt":"2026-05-12T05:49:18","slug":"monture-de-lunettes-femme-ralph-lauren-ra-7158u","status":"publish","type":"product","link":"https:\/\/tupique.com\/pt\/product\/monture-de-lunettes-femme-ralph-lauren-ra-7158u\/","title":{"rendered":"Monture de Lunettes Femme Ralph Lauren RA 7158U"},"content":{"rendered":"<p>Si vous envisagez de renouveler votre garde-robe, achetez <b>Monture de Lunettes Femme Ralph Lauren RA 7158U<\/b> et d\u2019autres<b>produits Ralph Lauren<\/b>! La meilleure qualit\u00e9 au meilleur prix est \u00e0 votre port\u00e9e!<\/p>\n<p>A <b>RA 7158U<\/b> de Ralph Lauren est une <b>monture de lunettes pour femme<\/b> qui associe la tradition stylistique de la marque am\u00e9ricaine \u00e0 des mat\u00e9riaux de haute qualit\u00e9, offrant une option polyvalente et \u00e9l\u00e9gante \u00e0 celles qui souhaitent renouveler leur style optique. Fabriqu\u00e9e en <b>ac\u00e9tate<\/b>, cette monture se distingue par sa l\u00e9g\u00e8ret\u00e9 et sa durabilit\u00e9, assurant un confort au quotidien tout en conservant une finition r\u00e9sistante face au temps et aux agressions ext\u00e9rieures. Son design exclusivement pens\u00e9 pour <b>femme<\/b> pr\u00e9sente des lignes modernes qui s\u2019adaptent \u00e0 diff\u00e9rentes formes de visage, apportant une touche subtile et sophistiqu\u00e9e en toute occasion. La <b>monture<\/b> est livr\u00e9e avec des <b>verres sans correction<\/b>, permettant une adaptation facile \u00e0 tout type de prescription chez votre opticien, pour une personnalisation maximale selon les besoins de chaque utilisatrice. Fid\u00e8le \u00e0 l\u2019esprit Ralph Lauren, l\u2019\u00e9quilibre entre fonctionnalit\u00e9 et esth\u00e9tique se retrouve dans chaque d\u00e9tail, cr\u00e9ant un accessoire qui r\u00e9pond aux exigences visuelles actuelles tout en compl\u00e9tant \u00e9l\u00e9gamment la tenue quotidienne. Cette monture est id\u00e9ale pour les femmes qui appr\u00e9cient \u00e0 la fois le design iconique et la qualit\u00e9 des mat\u00e9riaux dans leur \u00e9quipement optique.<\/p>\n<ul>\n<li>Caract\u00e9ristiques: Verres sans graduation<\/li>\n<li>Type: Monture de Lunettes<\/li>\n<li>Type de verre: Lentilles sans ordonnance<\/li>\n<li>Mati\u00e8re: Ac\u00e9tate<\/li>\n<li>G\u00e9nero: Femme<\/li>\n<\/ul>","protected":false},"excerpt":{"rendered":"<p>Si vous envisagez de renouveler votre garde-robe, achetez Monture de Lunettes Femme Ralph Lauren RA 7158U et d\u2019autresproduits Ralph Lauren! La meilleure qualit\u00e9 au meilleur prix est \u00e0 votre port\u00e9e! La RA 7158U de Ralph Lauren est une monture de lunettes pour femme qui associe la tradition stylistique de la marque am\u00e9ricaine \u00e0 des mat\u00e9riaux [&hellip;]<\/p>\n","protected":false},"featured_media":197087,"comment_status":"open","ping_status":"closed","template":"","meta":[],"product_brand":[2595],"product_cat":[776,777,752],"product_tag":[542],"woo-feed-brand":[],"class_list":{"0":"post-197089","1":"product","2":"type-product","3":"status-publish","4":"has-post-thumbnail","6":"product_brand-brandp_466","7":"product_cat-detente-et-bien-etre","8":"product_cat-lunettes-de-lecture-et-lunettes-loupes","9":"product_cat-sante-beaute","10":"product_tag-tag_1274","12":"first","13":"instock","14":"taxable","15":"shipping-taxable","16":"purchasable","17":"product-type-simple"},"yoast_head":"<!-- This site is optimized with the Yoast SEO plugin v27.6 - https:\/\/yoast.com\/product\/yoast-seo-wordpress\/ -->\n<title>Monture de Lunettes Femme Ralph Lauren RA 7158U | | Tupique<\/title>\n<meta name=\"description\" content=\"Envie d&#039;acheter Monture de Lunettes Femme Ralph Lauren RA 7158U\u00a0? Achetez Monture de Lunettes Femme Ralph Lauren RA 7158U maintenant avec Tupique en 3 versements sans int\u00e9r\u00eat.\" \/>\n<meta name=\"robots\" content=\"index, follow, max-snippet:-1, max-image-preview:large, max-video-preview:-1\" \/>\n<link rel=\"canonical\" href=\"https:\/\/tupique.com\/pt\/product\/monture-de-lunettes-femme-ralph-lauren-ra-7158u\/\" \/>\n<meta property=\"og:locale\" content=\"pt_PT\" \/>\n<meta property=\"og:type\" content=\"article\" \/>\n<meta property=\"og:title\" content=\"Monture de Lunettes Femme Ralph Lauren RA 7158U | | Tupique\" \/>\n<meta property=\"og:description\" content=\"Envie d&#039;acheter Monture de Lunettes Femme Ralph Lauren RA 7158U\u00a0? Achetez Monture de Lunettes Femme Ralph Lauren RA 7158U maintenant avec Tupique en 3 versements sans int\u00e9r\u00eat.\" \/>\n<meta property=\"og:url\" content=\"https:\/\/tupique.com\/pt\/product\/monture-de-lunettes-femme-ralph-lauren-ra-7158u\/\" \/>\n<meta property=\"og:site_name\" content=\"Tupique\" \/>\n<meta property=\"og:image\" content=\"https:\/\/tupique.com\/wp-content\/uploads\/2026\/05\/8056597905428_S72105204_P00.jpg\" \/>\n\t<meta property=\"og:image:width\" content=\"1200\" \/>\n\t<meta property=\"og:image:height\" content=\"1200\" \/>\n\t<meta property=\"og:image:type\" content=\"image\/jpeg\" \/>\n<meta name=\"twitter:card\" content=\"summary_large_image\" \/>\n<meta name=\"twitter:label1\" content=\"Tempo estimado de leitura\" \/>\n\t<meta name=\"twitter:data1\" content=\"1 minuto\" \/>\n<script type=\"application\/ld+json\" class=\"yoast-schema-graph\">{\"@context\":\"https:\\\/\\\/schema.org\",\"@graph\":[{\"@type\":\"WebPage\",\"@id\":\"https:\\\/\\\/tupique.com\\\/pt\\\/product\\\/monture-de-lunettes-femme-ralph-lauren-ra-7158u\\\/\",\"url\":\"https:\\\/\\\/tupique.com\\\/pt\\\/product\\\/monture-de-lunettes-femme-ralph-lauren-ra-7158u\\\/\",\"name\":\"Monture de Lunettes Femme Ralph Lauren RA 7158U | | Tupique\",\"isPartOf\":{\"@id\":\"https:\\\/\\\/tupique.com\\\/#website\"},\"primaryImageOfPage\":{\"@id\":\"https:\\\/\\\/tupique.com\\\/pt\\\/product\\\/monture-de-lunettes-femme-ralph-lauren-ra-7158u\\\/#primaryimage\"},\"image\":{\"@id\":\"https:\\\/\\\/tupique.com\\\/pt\\\/product\\\/monture-de-lunettes-femme-ralph-lauren-ra-7158u\\\/#primaryimage\"},\"thumbnailUrl\":\"https:\\\/\\\/tupique.com\\\/wp-content\\\/uploads\\\/2026\\\/05\\\/8056597905428_S72105204_P00.jpg\",\"datePublished\":\"2026-05-12T05:49:18+00:00\",\"description\":\"Envie d'acheter Monture de Lunettes Femme Ralph Lauren RA 7158U\u00a0? Achetez Monture de Lunettes Femme Ralph Lauren RA 7158U maintenant avec Tupique en 3 versements sans int\u00e9r\u00eat.\",\"breadcrumb\":{\"@id\":\"https:\\\/\\\/tupique.com\\\/pt\\\/product\\\/monture-de-lunettes-femme-ralph-lauren-ra-7158u\\\/#breadcrumb\"},\"inLanguage\":\"pt-PT\",\"potentialAction\":[{\"@type\":\"ReadAction\",\"target\":[\"https:\\\/\\\/tupique.com\\\/pt\\\/product\\\/monture-de-lunettes-femme-ralph-lauren-ra-7158u\\\/\"]}]},{\"@type\":\"ImageObject\",\"inLanguage\":\"pt-PT\",\"@id\":\"https:\\\/\\\/tupique.com\\\/pt\\\/product\\\/monture-de-lunettes-femme-ralph-lauren-ra-7158u\\\/#primaryimage\",\"url\":\"https:\\\/\\\/tupique.com\\\/wp-content\\\/uploads\\\/2026\\\/05\\\/8056597905428_S72105204_P00.jpg\",\"contentUrl\":\"https:\\\/\\\/tupique.com\\\/wp-content\\\/uploads\\\/2026\\\/05\\\/8056597905428_S72105204_P00.jpg\",\"width\":1200,\"height\":1200,\"caption\":\"S72105204_0\"},{\"@type\":\"BreadcrumbList\",\"@id\":\"https:\\\/\\\/tupique.com\\\/pt\\\/product\\\/monture-de-lunettes-femme-ralph-lauren-ra-7158u\\\/#breadcrumb\",\"itemListElement\":[{\"@type\":\"ListItem\",\"position\":1,\"name\":\"commencer\",\"item\":\"https:\\\/\\\/tupique.com\\\/\"},{\"@type\":\"ListItem\",\"position\":2,\"name\":\"Loja\",\"item\":\"https:\\\/\\\/tupique.com\\\/pt\\\/loja\\\/\"},{\"@type\":\"ListItem\",\"position\":3,\"name\":\"Monture de Lunettes Femme Ralph Lauren RA 7158U\"}]},{\"@type\":\"WebSite\",\"@id\":\"https:\\\/\\\/tupique.com\\\/#website\",\"url\":\"https:\\\/\\\/tupique.com\\\/\",\"name\":\"Tupique\",\"description\":\"\",\"publisher\":{\"@id\":\"https:\\\/\\\/tupique.com\\\/#organization\"},\"potentialAction\":[{\"@type\":\"SearchAction\",\"target\":{\"@type\":\"EntryPoint\",\"urlTemplate\":\"https:\\\/\\\/tupique.com\\\/?s={search_term_string}\"},\"query-input\":{\"@type\":\"PropertyValueSpecification\",\"valueRequired\":true,\"valueName\":\"search_term_string\"}}],\"inLanguage\":\"pt-PT\"},{\"@type\":\"Organization\",\"@id\":\"https:\\\/\\\/tupique.com\\\/#organization\",\"name\":\"Tupique\",\"url\":\"https:\\\/\\\/tupique.com\\\/\",\"logo\":{\"@type\":\"ImageObject\",\"inLanguage\":\"pt-PT\",\"@id\":\"https:\\\/\\\/tupique.com\\\/#\\\/schema\\\/logo\\\/image\\\/\",\"url\":\"https:\\\/\\\/tupique.com\\\/wp-content\\\/uploads\\\/2026\\\/03\\\/logo-tupique-1.webp\",\"contentUrl\":\"https:\\\/\\\/tupique.com\\\/wp-content\\\/uploads\\\/2026\\\/03\\\/logo-tupique-1.webp\",\"width\":500,\"height\":67,\"caption\":\"Tupique\"},\"image\":{\"@id\":\"https:\\\/\\\/tupique.com\\\/#\\\/schema\\\/logo\\\/image\\\/\"}}]}<\/script>\n<!-- \/ Yoast SEO plugin. -->","yoast_head_json":{"title":"Monture de Lunettes Femme Ralph Lauren RA 7158U | | Tupique","description":"Envie d'acheter Monture de Lunettes Femme Ralph Lauren RA 7158U\u00a0? Achetez Monture de Lunettes Femme Ralph Lauren RA 7158U maintenant avec Tupique en 3 versements sans int\u00e9r\u00eat.","robots":{"index":"index","follow":"follow","max-snippet":"max-snippet:-1","max-image-preview":"max-image-preview:large","max-video-preview":"max-video-preview:-1"},"canonical":"https:\/\/tupique.com\/pt\/product\/monture-de-lunettes-femme-ralph-lauren-ra-7158u\/","og_locale":"pt_PT","og_type":"article","og_title":"Monture de Lunettes Femme Ralph Lauren RA 7158U | | Tupique","og_description":"Envie d'acheter Monture de Lunettes Femme Ralph Lauren RA 7158U\u00a0? Achetez Monture de Lunettes Femme Ralph Lauren RA 7158U maintenant avec Tupique en 3 versements sans int\u00e9r\u00eat.","og_url":"https:\/\/tupique.com\/pt\/product\/monture-de-lunettes-femme-ralph-lauren-ra-7158u\/","og_site_name":"Tupique","og_image":[{"width":1200,"height":1200,"url":"https:\/\/tupique.com\/wp-content\/uploads\/2026\/05\/8056597905428_S72105204_P00.jpg","type":"image\/jpeg"}],"twitter_card":"summary_large_image","twitter_misc":{"Tempo estimado de leitura":"1 minuto"},"schema":{"@context":"https:\/\/schema.org","@graph":[{"@type":"WebPage","@id":"https:\/\/tupique.com\/pt\/product\/monture-de-lunettes-femme-ralph-lauren-ra-7158u\/","url":"https:\/\/tupique.com\/pt\/product\/monture-de-lunettes-femme-ralph-lauren-ra-7158u\/","name":"Monture de Lunettes Femme Ralph Lauren RA 7158U | | Tupique","isPartOf":{"@id":"https:\/\/tupique.com\/#website"},"primaryImageOfPage":{"@id":"https:\/\/tupique.com\/pt\/product\/monture-de-lunettes-femme-ralph-lauren-ra-7158u\/#primaryimage"},"image":{"@id":"https:\/\/tupique.com\/pt\/product\/monture-de-lunettes-femme-ralph-lauren-ra-7158u\/#primaryimage"},"thumbnailUrl":"https:\/\/tupique.com\/wp-content\/uploads\/2026\/05\/8056597905428_S72105204_P00.jpg","datePublished":"2026-05-12T05:49:18+00:00","description":"Envie d'acheter Monture de Lunettes Femme Ralph Lauren RA 7158U\u00a0? Achetez Monture de Lunettes Femme Ralph Lauren RA 7158U maintenant avec Tupique en 3 versements sans int\u00e9r\u00eat.","breadcrumb":{"@id":"https:\/\/tupique.com\/pt\/product\/monture-de-lunettes-femme-ralph-lauren-ra-7158u\/#breadcrumb"},"inLanguage":"pt-PT","potentialAction":[{"@type":"ReadAction","target":["https:\/\/tupique.com\/pt\/product\/monture-de-lunettes-femme-ralph-lauren-ra-7158u\/"]}]},{"@type":"ImageObject","inLanguage":"pt-PT","@id":"https:\/\/tupique.com\/pt\/product\/monture-de-lunettes-femme-ralph-lauren-ra-7158u\/#primaryimage","url":"https:\/\/tupique.com\/wp-content\/uploads\/2026\/05\/8056597905428_S72105204_P00.jpg","contentUrl":"https:\/\/tupique.com\/wp-content\/uploads\/2026\/05\/8056597905428_S72105204_P00.jpg","width":1200,"height":1200,"caption":"S72105204_0"},{"@type":"BreadcrumbList","@id":"https:\/\/tupique.com\/pt\/product\/monture-de-lunettes-femme-ralph-lauren-ra-7158u\/#breadcrumb","itemListElement":[{"@type":"ListItem","position":1,"name":"commencer","item":"https:\/\/tupique.com\/"},{"@type":"ListItem","position":2,"name":"Loja","item":"https:\/\/tupique.com\/pt\/loja\/"},{"@type":"ListItem","position":3,"name":"Monture de Lunettes Femme Ralph Lauren RA 7158U"}]},{"@type":"WebSite","@id":"https:\/\/tupique.com\/#website","url":"https:\/\/tupique.com\/","name":"Tupique","description":"","publisher":{"@id":"https:\/\/tupique.com\/#organization"},"potentialAction":[{"@type":"SearchAction","target":{"@type":"EntryPoint","urlTemplate":"https:\/\/tupique.com\/?s={search_term_string}"},"query-input":{"@type":"PropertyValueSpecification","valueRequired":true,"valueName":"search_term_string"}}],"inLanguage":"pt-PT"},{"@type":"Organization","@id":"https:\/\/tupique.com\/#organization","name":"Tupique","url":"https:\/\/tupique.com\/","logo":{"@type":"ImageObject","inLanguage":"pt-PT","@id":"https:\/\/tupique.com\/#\/schema\/logo\/image\/","url":"https:\/\/tupique.com\/wp-content\/uploads\/2026\/03\/logo-tupique-1.webp","contentUrl":"https:\/\/tupique.com\/wp-content\/uploads\/2026\/03\/logo-tupique-1.webp","width":500,"height":67,"caption":"Tupique"},"image":{"@id":"https:\/\/tupique.com\/#\/schema\/logo\/image\/"}}]}},"_links":{"self":[{"href":"https:\/\/tupique.com\/pt\/wp-json\/wp\/v2\/product\/197089","targetHints":{"allow":["GET"]}}],"collection":[{"href":"https:\/\/tupique.com\/pt\/wp-json\/wp\/v2\/product"}],"about":[{"href":"https:\/\/tupique.com\/pt\/wp-json\/wp\/v2\/types\/product"}],"replies":[{"embeddable":true,"href":"https:\/\/tupique.com\/pt\/wp-json\/wp\/v2\/comments?post=197089"}],"wp:featuredmedia":[{"embeddable":true,"href":"https:\/\/tupique.com\/pt\/wp-json\/wp\/v2\/media\/197087"}],"wp:attachment":[{"href":"https:\/\/tupique.com\/pt\/wp-json\/wp\/v2\/media?parent=197089"}],"wp:term":[{"taxonomy":"product_brand","embeddable":true,"href":"https:\/\/tupique.com\/pt\/wp-json\/wp\/v2\/product_brand?post=197089"},{"taxonomy":"product_cat","embeddable":true,"href":"https:\/\/tupique.com\/pt\/wp-json\/wp\/v2\/product_cat?post=197089"},{"taxonomy":"product_tag","embeddable":true,"href":"https:\/\/tupique.com\/pt\/wp-json\/wp\/v2\/product_tag?post=197089"},{"taxonomy":"woo-feed-brand","embeddable":true,"href":"https:\/\/tupique.com\/pt\/wp-json\/wp\/v2\/woo-feed-brand?post=197089"}],"curies":[{"name":"wp","href":"https:\/\/api.w.org\/{rel}","templated":true}]}}