{"id":197179,"date":"2026-05-12T07:51:49","date_gmt":"2026-05-12T05:51:49","guid":{"rendered":"https:\/\/tupique.com\/product\/marbueno-chaise-longue-pliable-acier-avec-coussin-jardin-et-piscine-90x66x108-cm-gravite-zero-bordeaux-10010\/"},"modified":"2026-05-12T07:51:49","modified_gmt":"2026-05-12T05:51:49","slug":"marbueno-chaise-longue-pliable-acier-avec-coussin-jardin-et-piscine-90x66x108-cm-gravite-zero-bordeaux-10010","status":"publish","type":"product","link":"https:\/\/tupique.com\/pt\/product\/marbueno-chaise-longue-pliable-acier-avec-coussin-jardin-et-piscine-90x66x108-cm-gravite-zero-bordeaux-10010\/","title":{"rendered":"\u201cCadeira Marbueno Chaise Longue Dobr\u00e1vel A\u00e7o com Almofada Jardim e Piscina 90X66X108 cm Gravidade Zero Bordeaux 10010\u201d"},"content":{"rendered":"<p>Vous voulez donner une touche d&#8217;originalit\u00e9 \u00e0 votre maison ? Vous y arriverez gr\u00e2ce au <b>Chaise Pliante Marbueno Bordeaux 90 x 108 x 66 cm<\/b>.<\/p>\n<p>A <b>chaise pliante<\/b> <b>Marbueno<\/b> est la solution parfaite pour ceux qui recherchent confort et style dans leurs espaces ext\u00e9rieurs. Ce mod\u00e8le, disponible en couleurs comme <b>bleu<\/b>, <b>rouge<\/b> e <b>bordeaux<\/b>, se distingue par son design moderne et \u00e9l\u00e9gant, id\u00e9al pour les patios, terrasses ou au bord de la piscine, vous offrant une exp\u00e9rience de <b>relaxation maximale<\/b>. Son syst\u00e8me innovant de <b>gravit\u00e9 z\u00e9ro<\/b> permet de s&#8217;incliner et de se redresser facilement, offrant un soutien s\u00e9curis\u00e9 avec une capacit\u00e9 maximale de <b>110 kg<\/b>, gr\u00e2ce \u00e0 son cadre r\u00e9sistant en <b>acier<\/b> recouvert de <b>peinture \u00e9lectrostatique<\/b>. Le tissu en <b>Textil\u00e8ne<\/b> qui compose sa surface est respirant et r\u00e9sistant aux conditions climatiques, garantissant que vous restiez frais et \u00e0 l&#8217;aise, m\u00eame lors des journ\u00e9es les plus chaudes. Cette chaise comprend un <b>appui-t\u00eate rembourr\u00e9<\/b> pour un confort accru et, gr\u00e2ce \u00e0 son design pliable, elle est facile \u00e0 transporter, ne pesant que <b>6,5 kg<\/b>. Avec des dimensions de <b>90 cm de long, 65 cm de large et 108 cm de haut<\/b>, elle s&#8217;adapte parfaitement \u00e0 tout espace sans prendre beaucoup de place lorsqu&#8217;elle n&#8217;est pas utilis\u00e9e. La <b>chaise de gravit\u00e9 z\u00e9ro Marbueno<\/b>, en plus d&#8217;\u00eatre fonctionnelle, deviendra un \u00e9l\u00e9ment d\u00e9coratif qui compl\u00e9tera votre environnement ext\u00e9rieur. Cette chaise est le choix id\u00e9al pour profiter de vos moments de repos de mani\u00e8re pratique et confortable, faisant de chaque jour une exp\u00e9rience renouvelante.<\/p>\n<ul>\n<li>Tipo:\n<ul>\n<li>Chaise inclinable<\/li>\n<li>Chaise \u00e0 gravit\u00e9 z\u00e9ro<\/li>\n<\/ul>\n<\/li>\n<li>Couleur:\n<ul>\n<li>Bordeaux<\/li>\n<li>Bleu<\/li>\n<li>Rouge<\/li>\n<\/ul>\n<\/li>\n<li>Mati\u00e8re:\n<ul>\n<li>Acier<\/li>\n<li>Textilene<\/li>\n<li>Plastique<\/li>\n<\/ul>\n<\/li>\n<li>Caracter\u00edsticas:\n<ul>\n<li>Pliable<\/li>\n<li>R\u00e9sistant<\/li>\n<li>Respirant<\/li>\n<li>\u00c9lastique<\/li>\n<li>Utilisation pratique et simple<\/li>\n<\/ul>\n<\/li>\n<li>Inclut: Coussin<\/li>\n<li>Instructions de lavage: Nettoyage par chiffon humide<\/li>\n<li>Utiliza\u00e7\u00e3o recomendada:\n<ul>\n<li>Plage<\/li>\n<li>Ext\u00e9rieur<\/li>\n<li>Jardin<\/li>\n<li>Camping<\/li>\n<\/ul>\n<\/li>\n<li>Poids Max. support\u00e9: 110 kg<\/li>\n<li>Dimensions approx.: 90 x 108 x 66 cm<\/li>\n<li>\u00c2ge recommand\u00e9: Adultes<\/li>\n<\/ul>","protected":false},"excerpt":{"rendered":"<p>Vous voulez donner une touche d&#8217;originalit\u00e9 \u00e0 votre maison ? Vous y arriverez gr\u00e2ce au Chaise Pliante Marbueno Bordeaux 90 x 108 x 66 cm. La chaise pliante Marbueno est la solution parfaite pour ceux qui recherchent confort et style dans leurs espaces ext\u00e9rieurs. Ce mod\u00e8le, disponible en couleurs comme bleu, rouge et bordeaux, se [&hellip;]<\/p>\n","protected":false},"featured_media":197176,"comment_status":"open","ping_status":"closed","template":"","meta":[],"product_brand":[2702],"product_cat":[239,577,1216],"product_tag":[721,211],"woo-feed-brand":[],"class_list":{"0":"post-197179","1":"product","2":"type-product","3":"status-publish","4":"has-post-thumbnail","6":"product_brand-brandp_9028","7":"product_cat-maison-jardin","8":"product_cat-mobilier","9":"product_cat-tables-et-chaises","10":"product_tag-tag_124","11":"product_tag-tag_3","13":"first","14":"instock","15":"taxable","16":"shipping-taxable","17":"purchasable","18":"product-type-simple"},"yoast_head":"<!-- This site is optimized with the Yoast SEO plugin v27.6 - https:\/\/yoast.com\/product\/yoast-seo-wordpress\/ -->\n<title>&quot;Marbueno Chaise Longue Pliable Acier Avec Coussin Jardin et Piscine 90X66X108 cm Gravit\u00e9 Z\u00e9ro Bordeaux 10010&quot; | | Tupique<\/title>\n<meta name=\"description\" content=\"Envie d&#039;acheter &quot;Marbueno Chaise Longue Pliable Acier Avec Coussin Jardin et Piscine 90X66X108 cm Gravit\u00e9 Z\u00e9ro Bordeaux 10010&quot;\u00a0? Achetez &quot;Marbueno Chaise Longue Pliable Acier Avec Coussin Jardin et Piscine 90X66X108 cm Gravit\u00e9 Z\u00e9ro Bordeaux 10010&quot; maintenant avec Tupique en 3 versements sans int\u00e9r\u00eat.\" \/>\n<meta name=\"robots\" content=\"index, follow, max-snippet:-1, max-image-preview:large, max-video-preview:-1\" \/>\n<link rel=\"canonical\" href=\"https:\/\/tupique.com\/pt\/product\/marbueno-chaise-longue-pliable-acier-avec-coussin-jardin-et-piscine-90x66x108-cm-gravite-zero-bordeaux-10010\/\" \/>\n<meta property=\"og:locale\" content=\"pt_PT\" \/>\n<meta property=\"og:type\" content=\"article\" \/>\n<meta property=\"og:title\" content=\"&quot;Marbueno Chaise Longue Pliable Acier Avec Coussin Jardin et Piscine 90X66X108 cm Gravit\u00e9 Z\u00e9ro Bordeaux 10010&quot; | | Tupique\" \/>\n<meta property=\"og:description\" content=\"Envie d&#039;acheter &quot;Marbueno Chaise Longue Pliable Acier Avec Coussin Jardin et Piscine 90X66X108 cm Gravit\u00e9 Z\u00e9ro Bordeaux 10010&quot;\u00a0? Achetez &quot;Marbueno Chaise Longue Pliable Acier Avec Coussin Jardin et Piscine 90X66X108 cm Gravit\u00e9 Z\u00e9ro Bordeaux 10010&quot; maintenant avec Tupique en 3 versements sans int\u00e9r\u00eat.\" \/>\n<meta property=\"og:url\" content=\"https:\/\/tupique.com\/pt\/product\/marbueno-chaise-longue-pliable-acier-avec-coussin-jardin-et-piscine-90x66x108-cm-gravite-zero-bordeaux-10010\/\" \/>\n<meta property=\"og:site_name\" content=\"Tupique\" \/>\n<meta property=\"og:image\" content=\"https:\/\/tupique.com\/wp-content\/uploads\/2026\/05\/8435631900108_D1400776_P00.jpg\" \/>\n\t<meta property=\"og:image:width\" content=\"1200\" \/>\n\t<meta property=\"og:image:height\" content=\"1200\" \/>\n\t<meta property=\"og:image:type\" content=\"image\/jpeg\" \/>\n<meta name=\"twitter:card\" content=\"summary_large_image\" \/>\n<meta name=\"twitter:label1\" content=\"Tempo estimado de leitura\" \/>\n\t<meta name=\"twitter:data1\" content=\"1 minuto\" \/>\n<script type=\"application\/ld+json\" class=\"yoast-schema-graph\">{\"@context\":\"https:\\\/\\\/schema.org\",\"@graph\":[{\"@type\":\"WebPage\",\"@id\":\"https:\\\/\\\/tupique.com\\\/product\\\/marbueno-chaise-longue-pliable-acier-avec-coussin-jardin-et-piscine-90x66x108-cm-gravite-zero-bordeaux-10010\\\/\",\"url\":\"https:\\\/\\\/tupique.com\\\/product\\\/marbueno-chaise-longue-pliable-acier-avec-coussin-jardin-et-piscine-90x66x108-cm-gravite-zero-bordeaux-10010\\\/\",\"name\":\"\\\"Marbueno Chaise Longue Pliable Acier Avec Coussin Jardin et Piscine 90X66X108 cm Gravit\u00e9 Z\u00e9ro Bordeaux 10010\\\" | | Tupique\",\"isPartOf\":{\"@id\":\"https:\\\/\\\/tupique.com\\\/#website\"},\"primaryImageOfPage\":{\"@id\":\"https:\\\/\\\/tupique.com\\\/product\\\/marbueno-chaise-longue-pliable-acier-avec-coussin-jardin-et-piscine-90x66x108-cm-gravite-zero-bordeaux-10010\\\/#primaryimage\"},\"image\":{\"@id\":\"https:\\\/\\\/tupique.com\\\/product\\\/marbueno-chaise-longue-pliable-acier-avec-coussin-jardin-et-piscine-90x66x108-cm-gravite-zero-bordeaux-10010\\\/#primaryimage\"},\"thumbnailUrl\":\"https:\\\/\\\/tupique.com\\\/wp-content\\\/uploads\\\/2026\\\/05\\\/8435631900108_D1400776_P00.jpg\",\"datePublished\":\"2026-05-12T05:51:49+00:00\",\"description\":\"Envie d'acheter \\\"Marbueno Chaise Longue Pliable Acier Avec Coussin Jardin et Piscine 90X66X108 cm Gravit\u00e9 Z\u00e9ro Bordeaux 10010\\\"\u00a0? Achetez \\\"Marbueno Chaise Longue Pliable Acier Avec Coussin Jardin et Piscine 90X66X108 cm Gravit\u00e9 Z\u00e9ro Bordeaux 10010\\\" maintenant avec Tupique en 3 versements sans int\u00e9r\u00eat.\",\"breadcrumb\":{\"@id\":\"https:\\\/\\\/tupique.com\\\/product\\\/marbueno-chaise-longue-pliable-acier-avec-coussin-jardin-et-piscine-90x66x108-cm-gravite-zero-bordeaux-10010\\\/#breadcrumb\"},\"inLanguage\":\"pt-PT\",\"potentialAction\":[{\"@type\":\"ReadAction\",\"target\":[\"https:\\\/\\\/tupique.com\\\/product\\\/marbueno-chaise-longue-pliable-acier-avec-coussin-jardin-et-piscine-90x66x108-cm-gravite-zero-bordeaux-10010\\\/\"]}]},{\"@type\":\"ImageObject\",\"inLanguage\":\"pt-PT\",\"@id\":\"https:\\\/\\\/tupique.com\\\/product\\\/marbueno-chaise-longue-pliable-acier-avec-coussin-jardin-et-piscine-90x66x108-cm-gravite-zero-bordeaux-10010\\\/#primaryimage\",\"url\":\"https:\\\/\\\/tupique.com\\\/wp-content\\\/uploads\\\/2026\\\/05\\\/8435631900108_D1400776_P00.jpg\",\"contentUrl\":\"https:\\\/\\\/tupique.com\\\/wp-content\\\/uploads\\\/2026\\\/05\\\/8435631900108_D1400776_P00.jpg\",\"width\":1200,\"height\":1200,\"caption\":\"D1400776_0\"},{\"@type\":\"BreadcrumbList\",\"@id\":\"https:\\\/\\\/tupique.com\\\/product\\\/marbueno-chaise-longue-pliable-acier-avec-coussin-jardin-et-piscine-90x66x108-cm-gravite-zero-bordeaux-10010\\\/#breadcrumb\",\"itemListElement\":[{\"@type\":\"ListItem\",\"position\":1,\"name\":\"commencer\",\"item\":\"https:\\\/\\\/tupique.com\\\/\"},{\"@type\":\"ListItem\",\"position\":2,\"name\":\"Loja\",\"item\":\"https:\\\/\\\/tupique.com\\\/pt\\\/loja\\\/\"},{\"@type\":\"ListItem\",\"position\":3,\"name\":\"&#8220;Marbueno Chaise Longue Pliable Acier Avec Coussin Jardin et Piscine 90X66X108 cm Gravit\u00e9 Z\u00e9ro Bordeaux 10010&#8221;\"}]},{\"@type\":\"WebSite\",\"@id\":\"https:\\\/\\\/tupique.com\\\/#website\",\"url\":\"https:\\\/\\\/tupique.com\\\/\",\"name\":\"Tupique\",\"description\":\"\",\"publisher\":{\"@id\":\"https:\\\/\\\/tupique.com\\\/#organization\"},\"potentialAction\":[{\"@type\":\"SearchAction\",\"target\":{\"@type\":\"EntryPoint\",\"urlTemplate\":\"https:\\\/\\\/tupique.com\\\/?s={search_term_string}\"},\"query-input\":{\"@type\":\"PropertyValueSpecification\",\"valueRequired\":true,\"valueName\":\"search_term_string\"}}],\"inLanguage\":\"pt-PT\"},{\"@type\":\"Organization\",\"@id\":\"https:\\\/\\\/tupique.com\\\/#organization\",\"name\":\"Tupique\",\"url\":\"https:\\\/\\\/tupique.com\\\/\",\"logo\":{\"@type\":\"ImageObject\",\"inLanguage\":\"pt-PT\",\"@id\":\"https:\\\/\\\/tupique.com\\\/#\\\/schema\\\/logo\\\/image\\\/\",\"url\":\"https:\\\/\\\/tupique.com\\\/wp-content\\\/uploads\\\/2026\\\/03\\\/logo-tupique-1.webp\",\"contentUrl\":\"https:\\\/\\\/tupique.com\\\/wp-content\\\/uploads\\\/2026\\\/03\\\/logo-tupique-1.webp\",\"width\":500,\"height\":67,\"caption\":\"Tupique\"},\"image\":{\"@id\":\"https:\\\/\\\/tupique.com\\\/#\\\/schema\\\/logo\\\/image\\\/\"}}]}<\/script>\n<!-- \/ Yoast SEO plugin. -->","yoast_head_json":{"title":"\"Marbueno Chaise Longue Pliable Acier Avec Coussin Jardin et Piscine 90X66X108 cm Gravit\u00e9 Z\u00e9ro Bordeaux 10010\" | | Tupique","description":"Envie d'acheter \"Marbueno Chaise Longue Pliable Acier Avec Coussin Jardin et Piscine 90X66X108 cm Gravit\u00e9 Z\u00e9ro Bordeaux 10010\"\u00a0? Achetez \"Marbueno Chaise Longue Pliable Acier Avec Coussin Jardin et Piscine 90X66X108 cm Gravit\u00e9 Z\u00e9ro Bordeaux 10010\" maintenant avec Tupique en 3 versements sans int\u00e9r\u00eat.","robots":{"index":"index","follow":"follow","max-snippet":"max-snippet:-1","max-image-preview":"max-image-preview:large","max-video-preview":"max-video-preview:-1"},"canonical":"https:\/\/tupique.com\/pt\/product\/marbueno-chaise-longue-pliable-acier-avec-coussin-jardin-et-piscine-90x66x108-cm-gravite-zero-bordeaux-10010\/","og_locale":"pt_PT","og_type":"article","og_title":"\"Marbueno Chaise Longue Pliable Acier Avec Coussin Jardin et Piscine 90X66X108 cm Gravit\u00e9 Z\u00e9ro Bordeaux 10010\" | | Tupique","og_description":"Envie d'acheter \"Marbueno Chaise Longue Pliable Acier Avec Coussin Jardin et Piscine 90X66X108 cm Gravit\u00e9 Z\u00e9ro Bordeaux 10010\"\u00a0? Achetez \"Marbueno Chaise Longue Pliable Acier Avec Coussin Jardin et Piscine 90X66X108 cm Gravit\u00e9 Z\u00e9ro Bordeaux 10010\" maintenant avec Tupique en 3 versements sans int\u00e9r\u00eat.","og_url":"https:\/\/tupique.com\/pt\/product\/marbueno-chaise-longue-pliable-acier-avec-coussin-jardin-et-piscine-90x66x108-cm-gravite-zero-bordeaux-10010\/","og_site_name":"Tupique","og_image":[{"width":1200,"height":1200,"url":"https:\/\/tupique.com\/wp-content\/uploads\/2026\/05\/8435631900108_D1400776_P00.jpg","type":"image\/jpeg"}],"twitter_card":"summary_large_image","twitter_misc":{"Tempo estimado de leitura":"1 minuto"},"schema":{"@context":"https:\/\/schema.org","@graph":[{"@type":"WebPage","@id":"https:\/\/tupique.com\/product\/marbueno-chaise-longue-pliable-acier-avec-coussin-jardin-et-piscine-90x66x108-cm-gravite-zero-bordeaux-10010\/","url":"https:\/\/tupique.com\/product\/marbueno-chaise-longue-pliable-acier-avec-coussin-jardin-et-piscine-90x66x108-cm-gravite-zero-bordeaux-10010\/","name":"\"Marbueno Chaise Longue Pliable Acier Avec Coussin Jardin et Piscine 90X66X108 cm Gravit\u00e9 Z\u00e9ro Bordeaux 10010\" | | Tupique","isPartOf":{"@id":"https:\/\/tupique.com\/#website"},"primaryImageOfPage":{"@id":"https:\/\/tupique.com\/product\/marbueno-chaise-longue-pliable-acier-avec-coussin-jardin-et-piscine-90x66x108-cm-gravite-zero-bordeaux-10010\/#primaryimage"},"image":{"@id":"https:\/\/tupique.com\/product\/marbueno-chaise-longue-pliable-acier-avec-coussin-jardin-et-piscine-90x66x108-cm-gravite-zero-bordeaux-10010\/#primaryimage"},"thumbnailUrl":"https:\/\/tupique.com\/wp-content\/uploads\/2026\/05\/8435631900108_D1400776_P00.jpg","datePublished":"2026-05-12T05:51:49+00:00","description":"Envie d'acheter \"Marbueno Chaise Longue Pliable Acier Avec Coussin Jardin et Piscine 90X66X108 cm Gravit\u00e9 Z\u00e9ro Bordeaux 10010\"\u00a0? Achetez \"Marbueno Chaise Longue Pliable Acier Avec Coussin Jardin et Piscine 90X66X108 cm Gravit\u00e9 Z\u00e9ro Bordeaux 10010\" maintenant avec Tupique en 3 versements sans int\u00e9r\u00eat.","breadcrumb":{"@id":"https:\/\/tupique.com\/product\/marbueno-chaise-longue-pliable-acier-avec-coussin-jardin-et-piscine-90x66x108-cm-gravite-zero-bordeaux-10010\/#breadcrumb"},"inLanguage":"pt-PT","potentialAction":[{"@type":"ReadAction","target":["https:\/\/tupique.com\/product\/marbueno-chaise-longue-pliable-acier-avec-coussin-jardin-et-piscine-90x66x108-cm-gravite-zero-bordeaux-10010\/"]}]},{"@type":"ImageObject","inLanguage":"pt-PT","@id":"https:\/\/tupique.com\/product\/marbueno-chaise-longue-pliable-acier-avec-coussin-jardin-et-piscine-90x66x108-cm-gravite-zero-bordeaux-10010\/#primaryimage","url":"https:\/\/tupique.com\/wp-content\/uploads\/2026\/05\/8435631900108_D1400776_P00.jpg","contentUrl":"https:\/\/tupique.com\/wp-content\/uploads\/2026\/05\/8435631900108_D1400776_P00.jpg","width":1200,"height":1200,"caption":"D1400776_0"},{"@type":"BreadcrumbList","@id":"https:\/\/tupique.com\/product\/marbueno-chaise-longue-pliable-acier-avec-coussin-jardin-et-piscine-90x66x108-cm-gravite-zero-bordeaux-10010\/#breadcrumb","itemListElement":[{"@type":"ListItem","position":1,"name":"commencer","item":"https:\/\/tupique.com\/"},{"@type":"ListItem","position":2,"name":"Loja","item":"https:\/\/tupique.com\/pt\/loja\/"},{"@type":"ListItem","position":3,"name":"&#8220;Marbueno Chaise Longue Pliable Acier Avec Coussin Jardin et Piscine 90X66X108 cm Gravit\u00e9 Z\u00e9ro Bordeaux 10010&#8221;"}]},{"@type":"WebSite","@id":"https:\/\/tupique.com\/#website","url":"https:\/\/tupique.com\/","name":"Tupique","description":"","publisher":{"@id":"https:\/\/tupique.com\/#organization"},"potentialAction":[{"@type":"SearchAction","target":{"@type":"EntryPoint","urlTemplate":"https:\/\/tupique.com\/?s={search_term_string}"},"query-input":{"@type":"PropertyValueSpecification","valueRequired":true,"valueName":"search_term_string"}}],"inLanguage":"pt-PT"},{"@type":"Organization","@id":"https:\/\/tupique.com\/#organization","name":"Tupique","url":"https:\/\/tupique.com\/","logo":{"@type":"ImageObject","inLanguage":"pt-PT","@id":"https:\/\/tupique.com\/#\/schema\/logo\/image\/","url":"https:\/\/tupique.com\/wp-content\/uploads\/2026\/03\/logo-tupique-1.webp","contentUrl":"https:\/\/tupique.com\/wp-content\/uploads\/2026\/03\/logo-tupique-1.webp","width":500,"height":67,"caption":"Tupique"},"image":{"@id":"https:\/\/tupique.com\/#\/schema\/logo\/image\/"}}]}},"_links":{"self":[{"href":"https:\/\/tupique.com\/pt\/wp-json\/wp\/v2\/product\/197179","targetHints":{"allow":["GET"]}}],"collection":[{"href":"https:\/\/tupique.com\/pt\/wp-json\/wp\/v2\/product"}],"about":[{"href":"https:\/\/tupique.com\/pt\/wp-json\/wp\/v2\/types\/product"}],"replies":[{"embeddable":true,"href":"https:\/\/tupique.com\/pt\/wp-json\/wp\/v2\/comments?post=197179"}],"wp:featuredmedia":[{"embeddable":true,"href":"https:\/\/tupique.com\/pt\/wp-json\/wp\/v2\/media\/197176"}],"wp:attachment":[{"href":"https:\/\/tupique.com\/pt\/wp-json\/wp\/v2\/media?parent=197179"}],"wp:term":[{"taxonomy":"product_brand","embeddable":true,"href":"https:\/\/tupique.com\/pt\/wp-json\/wp\/v2\/product_brand?post=197179"},{"taxonomy":"product_cat","embeddable":true,"href":"https:\/\/tupique.com\/pt\/wp-json\/wp\/v2\/product_cat?post=197179"},{"taxonomy":"product_tag","embeddable":true,"href":"https:\/\/tupique.com\/pt\/wp-json\/wp\/v2\/product_tag?post=197179"},{"taxonomy":"woo-feed-brand","embeddable":true,"href":"https:\/\/tupique.com\/pt\/wp-json\/wp\/v2\/woo-feed-brand?post=197179"}],"curies":[{"name":"wp","href":"https:\/\/api.w.org\/{rel}","templated":true}]}}