{"id":197183,"date":"2026-05-12T07:51:55","date_gmt":"2026-05-12T05:51:55","guid":{"rendered":"https:\/\/tupique.com\/product\/marbueno-transat-pliable-acier-avec-coussin-jardin-et-piscine-90x66x108-cm-gravite-zero-marron-10007\/"},"modified":"2026-05-12T07:51:55","modified_gmt":"2026-05-12T05:51:55","slug":"marbueno-transat-pliable-acier-avec-coussin-jardin-et-piscine-90x66x108-cm-gravite-zero-marron-10007","status":"publish","type":"product","link":"https:\/\/tupique.com\/pt\/product\/marbueno-transat-pliable-acier-avec-coussin-jardin-et-piscine-90x66x108-cm-gravite-zero-marron-10007\/","title":{"rendered":"Mesa Marbueno Transat Dobr\u00e1vel A\u00e7o Com Almofada Jardim e Piscina 90x66x108 cm Gravidade Zero Castanho 10007"},"content":{"rendered":"<p>Vous voulez donner une touche d&#8217;originalit\u00e9 \u00e0 votre maison ? Vous y arriverez gr\u00e2ce au <b>Chaise Pliante Marbueno Marron 90 x 108 x 66 cm<\/b>.<\/p>\n<ul>\n<li>Tipo:\n<ul>\n<li>Chaise inclinable<\/li>\n<li>Chaise \u00e0 gravit\u00e9 z\u00e9ro<\/li>\n<\/ul>\n<\/li>\n<li>Couleur: Marron<\/li>\n<li>Mat\u00e9riel:\n<ul>\n<li>Acier<\/li>\n<li>Textilene<\/li>\n<li>Plastique<\/li>\n<\/ul>\n<\/li>\n<li>Caracter\u00edsticas:\n<ul>\n<li>Pliable<\/li>\n<li>R\u00e9sistant<\/li>\n<li>Respirant<\/li>\n<li>\u00c9lastique<\/li>\n<li>Utilisation pratique et simple<\/li>\n<\/ul>\n<\/li>\n<li>Inclut: Coussin<\/li>\n<li>Utiliza\u00e7\u00e3o recomendada:\n<ul>\n<li>Plage<\/li>\n<li>Ext\u00e9rieur<\/li>\n<li>Jardin<\/li>\n<li>Camping<\/li>\n<\/ul>\n<\/li>\n<li>Poids Max. support\u00e9: 110 kg<\/li>\n<li>Dimensions approx.: 90 x 108 x 66 cm<\/li>\n<li>\u00c2ge recommand\u00e9: Adultes<\/li>\n<\/ul>","protected":false},"excerpt":{"rendered":"<p>Vous voulez donner une touche d&#8217;originalit\u00e9 \u00e0 votre maison ? Vous y arriverez gr\u00e2ce au Chaise Pliante Marbueno Marron 90 x 108 x 66 cm. Type: Chaise inclinable Chaise \u00e0 gravit\u00e9 z\u00e9ro Couleur: Marron Mat\u00e9riel: Acier Textilene Plastique Caract\u00e9ristiques: Pliable R\u00e9sistant Respirant \u00c9lastique Utilisation pratique et simple Inclut: Coussin Utilisation recommand\u00e9e: Plage Ext\u00e9rieur Jardin Camping [&hellip;]<\/p>\n","protected":false},"featured_media":197180,"comment_status":"open","ping_status":"closed","template":"","meta":[],"product_brand":[2702],"product_cat":[239,577,1216],"product_tag":[721,1816,211],"woo-feed-brand":[],"class_list":{"0":"post-197183","1":"product","2":"type-product","3":"status-publish","4":"has-post-thumbnail","6":"product_brand-brandp_9028","7":"product_cat-maison-jardin","8":"product_cat-mobilier","9":"product_cat-tables-et-chaises","10":"product_tag-tag_124","11":"product_tag-tag_1272","12":"product_tag-tag_3","14":"first","15":"instock","16":"taxable","17":"shipping-taxable","18":"purchasable","19":"product-type-simple"},"yoast_head":"<!-- This site is optimized with the Yoast SEO plugin v27.6 - https:\/\/yoast.com\/product\/yoast-seo-wordpress\/ -->\n<title>Marbueno Transat Pliable Acier Avec Coussin Jardin et Piscine 90X66X108 cm Gravit\u00e9 Z\u00e9ro Marron 10007 | | Tupique<\/title>\n<meta name=\"description\" content=\"Envie d&#039;acheter Marbueno Transat Pliable Acier Avec Coussin Jardin et Piscine 90X66X108 cm Gravit\u00e9 Z\u00e9ro Marron 10007\u00a0? Achetez Marbueno Transat Pliable Acier Avec Coussin Jardin et Piscine 90X66X108 cm Gravit\u00e9 Z\u00e9ro Marron 10007 maintenant avec Tupique en 3 versements sans int\u00e9r\u00eat.\" \/>\n<meta name=\"robots\" content=\"index, follow, max-snippet:-1, max-image-preview:large, max-video-preview:-1\" \/>\n<link rel=\"canonical\" href=\"https:\/\/tupique.com\/pt\/product\/marbueno-transat-pliable-acier-avec-coussin-jardin-et-piscine-90x66x108-cm-gravite-zero-marron-10007\/\" \/>\n<meta property=\"og:locale\" content=\"pt_PT\" \/>\n<meta property=\"og:type\" content=\"article\" \/>\n<meta property=\"og:title\" content=\"Marbueno Transat Pliable Acier Avec Coussin Jardin et Piscine 90X66X108 cm Gravit\u00e9 Z\u00e9ro Marron 10007 | | Tupique\" \/>\n<meta property=\"og:description\" content=\"Envie d&#039;acheter Marbueno Transat Pliable Acier Avec Coussin Jardin et Piscine 90X66X108 cm Gravit\u00e9 Z\u00e9ro Marron 10007\u00a0? Achetez Marbueno Transat Pliable Acier Avec Coussin Jardin et Piscine 90X66X108 cm Gravit\u00e9 Z\u00e9ro Marron 10007 maintenant avec Tupique en 3 versements sans int\u00e9r\u00eat.\" \/>\n<meta property=\"og:url\" content=\"https:\/\/tupique.com\/pt\/product\/marbueno-transat-pliable-acier-avec-coussin-jardin-et-piscine-90x66x108-cm-gravite-zero-marron-10007\/\" \/>\n<meta property=\"og:site_name\" content=\"Tupique\" \/>\n<meta property=\"og:image\" content=\"https:\/\/tupique.com\/wp-content\/uploads\/2026\/05\/8435631900078_D1400773_P00.jpg\" \/>\n\t<meta property=\"og:image:width\" content=\"1200\" \/>\n\t<meta property=\"og:image:height\" content=\"1200\" \/>\n\t<meta property=\"og:image:type\" content=\"image\/jpeg\" \/>\n<meta name=\"twitter:card\" content=\"summary_large_image\" \/>\n<script type=\"application\/ld+json\" class=\"yoast-schema-graph\">{\"@context\":\"https:\\\/\\\/schema.org\",\"@graph\":[{\"@type\":\"WebPage\",\"@id\":\"https:\\\/\\\/tupique.com\\\/product\\\/marbueno-transat-pliable-acier-avec-coussin-jardin-et-piscine-90x66x108-cm-gravite-zero-marron-10007\\\/\",\"url\":\"https:\\\/\\\/tupique.com\\\/product\\\/marbueno-transat-pliable-acier-avec-coussin-jardin-et-piscine-90x66x108-cm-gravite-zero-marron-10007\\\/\",\"name\":\"Marbueno Transat Pliable Acier Avec Coussin Jardin et Piscine 90X66X108 cm Gravit\u00e9 Z\u00e9ro Marron 10007 | | Tupique\",\"isPartOf\":{\"@id\":\"https:\\\/\\\/tupique.com\\\/#website\"},\"primaryImageOfPage\":{\"@id\":\"https:\\\/\\\/tupique.com\\\/product\\\/marbueno-transat-pliable-acier-avec-coussin-jardin-et-piscine-90x66x108-cm-gravite-zero-marron-10007\\\/#primaryimage\"},\"image\":{\"@id\":\"https:\\\/\\\/tupique.com\\\/product\\\/marbueno-transat-pliable-acier-avec-coussin-jardin-et-piscine-90x66x108-cm-gravite-zero-marron-10007\\\/#primaryimage\"},\"thumbnailUrl\":\"https:\\\/\\\/tupique.com\\\/wp-content\\\/uploads\\\/2026\\\/05\\\/8435631900078_D1400773_P00.jpg\",\"datePublished\":\"2026-05-12T05:51:55+00:00\",\"description\":\"Envie d'acheter Marbueno Transat Pliable Acier Avec Coussin Jardin et Piscine 90X66X108 cm Gravit\u00e9 Z\u00e9ro Marron 10007\u00a0? Achetez Marbueno Transat Pliable Acier Avec Coussin Jardin et Piscine 90X66X108 cm Gravit\u00e9 Z\u00e9ro Marron 10007 maintenant avec Tupique en 3 versements sans int\u00e9r\u00eat.\",\"breadcrumb\":{\"@id\":\"https:\\\/\\\/tupique.com\\\/product\\\/marbueno-transat-pliable-acier-avec-coussin-jardin-et-piscine-90x66x108-cm-gravite-zero-marron-10007\\\/#breadcrumb\"},\"inLanguage\":\"pt-PT\",\"potentialAction\":[{\"@type\":\"ReadAction\",\"target\":[\"https:\\\/\\\/tupique.com\\\/product\\\/marbueno-transat-pliable-acier-avec-coussin-jardin-et-piscine-90x66x108-cm-gravite-zero-marron-10007\\\/\"]}]},{\"@type\":\"ImageObject\",\"inLanguage\":\"pt-PT\",\"@id\":\"https:\\\/\\\/tupique.com\\\/product\\\/marbueno-transat-pliable-acier-avec-coussin-jardin-et-piscine-90x66x108-cm-gravite-zero-marron-10007\\\/#primaryimage\",\"url\":\"https:\\\/\\\/tupique.com\\\/wp-content\\\/uploads\\\/2026\\\/05\\\/8435631900078_D1400773_P00.jpg\",\"contentUrl\":\"https:\\\/\\\/tupique.com\\\/wp-content\\\/uploads\\\/2026\\\/05\\\/8435631900078_D1400773_P00.jpg\",\"width\":1200,\"height\":1200,\"caption\":\"D1400773_0\"},{\"@type\":\"BreadcrumbList\",\"@id\":\"https:\\\/\\\/tupique.com\\\/product\\\/marbueno-transat-pliable-acier-avec-coussin-jardin-et-piscine-90x66x108-cm-gravite-zero-marron-10007\\\/#breadcrumb\",\"itemListElement\":[{\"@type\":\"ListItem\",\"position\":1,\"name\":\"commencer\",\"item\":\"https:\\\/\\\/tupique.com\\\/\"},{\"@type\":\"ListItem\",\"position\":2,\"name\":\"Loja\",\"item\":\"https:\\\/\\\/tupique.com\\\/pt\\\/loja\\\/\"},{\"@type\":\"ListItem\",\"position\":3,\"name\":\"Marbueno Transat Pliable Acier Avec Coussin Jardin et Piscine 90X66X108 cm Gravit\u00e9 Z\u00e9ro Marron 10007\"}]},{\"@type\":\"WebSite\",\"@id\":\"https:\\\/\\\/tupique.com\\\/#website\",\"url\":\"https:\\\/\\\/tupique.com\\\/\",\"name\":\"Tupique\",\"description\":\"\",\"publisher\":{\"@id\":\"https:\\\/\\\/tupique.com\\\/#organization\"},\"potentialAction\":[{\"@type\":\"SearchAction\",\"target\":{\"@type\":\"EntryPoint\",\"urlTemplate\":\"https:\\\/\\\/tupique.com\\\/?s={search_term_string}\"},\"query-input\":{\"@type\":\"PropertyValueSpecification\",\"valueRequired\":true,\"valueName\":\"search_term_string\"}}],\"inLanguage\":\"pt-PT\"},{\"@type\":\"Organization\",\"@id\":\"https:\\\/\\\/tupique.com\\\/#organization\",\"name\":\"Tupique\",\"url\":\"https:\\\/\\\/tupique.com\\\/\",\"logo\":{\"@type\":\"ImageObject\",\"inLanguage\":\"pt-PT\",\"@id\":\"https:\\\/\\\/tupique.com\\\/#\\\/schema\\\/logo\\\/image\\\/\",\"url\":\"https:\\\/\\\/tupique.com\\\/wp-content\\\/uploads\\\/2026\\\/03\\\/logo-tupique-1.webp\",\"contentUrl\":\"https:\\\/\\\/tupique.com\\\/wp-content\\\/uploads\\\/2026\\\/03\\\/logo-tupique-1.webp\",\"width\":500,\"height\":67,\"caption\":\"Tupique\"},\"image\":{\"@id\":\"https:\\\/\\\/tupique.com\\\/#\\\/schema\\\/logo\\\/image\\\/\"}}]}<\/script>\n<!-- \/ Yoast SEO plugin. -->","yoast_head_json":{"title":"Marbueno Transat Pliable Acier Avec Coussin Jardin et Piscine 90X66X108 cm Gravit\u00e9 Z\u00e9ro Marron 10007 | | Tupique","description":"Envie d'acheter Marbueno Transat Pliable Acier Avec Coussin Jardin et Piscine 90X66X108 cm Gravit\u00e9 Z\u00e9ro Marron 10007\u00a0? Achetez Marbueno Transat Pliable Acier Avec Coussin Jardin et Piscine 90X66X108 cm Gravit\u00e9 Z\u00e9ro Marron 10007 maintenant avec Tupique en 3 versements sans int\u00e9r\u00eat.","robots":{"index":"index","follow":"follow","max-snippet":"max-snippet:-1","max-image-preview":"max-image-preview:large","max-video-preview":"max-video-preview:-1"},"canonical":"https:\/\/tupique.com\/pt\/product\/marbueno-transat-pliable-acier-avec-coussin-jardin-et-piscine-90x66x108-cm-gravite-zero-marron-10007\/","og_locale":"pt_PT","og_type":"article","og_title":"Marbueno Transat Pliable Acier Avec Coussin Jardin et Piscine 90X66X108 cm Gravit\u00e9 Z\u00e9ro Marron 10007 | | Tupique","og_description":"Envie d'acheter Marbueno Transat Pliable Acier Avec Coussin Jardin et Piscine 90X66X108 cm Gravit\u00e9 Z\u00e9ro Marron 10007\u00a0? Achetez Marbueno Transat Pliable Acier Avec Coussin Jardin et Piscine 90X66X108 cm Gravit\u00e9 Z\u00e9ro Marron 10007 maintenant avec Tupique en 3 versements sans int\u00e9r\u00eat.","og_url":"https:\/\/tupique.com\/pt\/product\/marbueno-transat-pliable-acier-avec-coussin-jardin-et-piscine-90x66x108-cm-gravite-zero-marron-10007\/","og_site_name":"Tupique","og_image":[{"width":1200,"height":1200,"url":"https:\/\/tupique.com\/wp-content\/uploads\/2026\/05\/8435631900078_D1400773_P00.jpg","type":"image\/jpeg"}],"twitter_card":"summary_large_image","schema":{"@context":"https:\/\/schema.org","@graph":[{"@type":"WebPage","@id":"https:\/\/tupique.com\/product\/marbueno-transat-pliable-acier-avec-coussin-jardin-et-piscine-90x66x108-cm-gravite-zero-marron-10007\/","url":"https:\/\/tupique.com\/product\/marbueno-transat-pliable-acier-avec-coussin-jardin-et-piscine-90x66x108-cm-gravite-zero-marron-10007\/","name":"Marbueno Transat Pliable Acier Avec Coussin Jardin et Piscine 90X66X108 cm Gravit\u00e9 Z\u00e9ro Marron 10007 | | Tupique","isPartOf":{"@id":"https:\/\/tupique.com\/#website"},"primaryImageOfPage":{"@id":"https:\/\/tupique.com\/product\/marbueno-transat-pliable-acier-avec-coussin-jardin-et-piscine-90x66x108-cm-gravite-zero-marron-10007\/#primaryimage"},"image":{"@id":"https:\/\/tupique.com\/product\/marbueno-transat-pliable-acier-avec-coussin-jardin-et-piscine-90x66x108-cm-gravite-zero-marron-10007\/#primaryimage"},"thumbnailUrl":"https:\/\/tupique.com\/wp-content\/uploads\/2026\/05\/8435631900078_D1400773_P00.jpg","datePublished":"2026-05-12T05:51:55+00:00","description":"Envie d'acheter Marbueno Transat Pliable Acier Avec Coussin Jardin et Piscine 90X66X108 cm Gravit\u00e9 Z\u00e9ro Marron 10007\u00a0? Achetez Marbueno Transat Pliable Acier Avec Coussin Jardin et Piscine 90X66X108 cm Gravit\u00e9 Z\u00e9ro Marron 10007 maintenant avec Tupique en 3 versements sans int\u00e9r\u00eat.","breadcrumb":{"@id":"https:\/\/tupique.com\/product\/marbueno-transat-pliable-acier-avec-coussin-jardin-et-piscine-90x66x108-cm-gravite-zero-marron-10007\/#breadcrumb"},"inLanguage":"pt-PT","potentialAction":[{"@type":"ReadAction","target":["https:\/\/tupique.com\/product\/marbueno-transat-pliable-acier-avec-coussin-jardin-et-piscine-90x66x108-cm-gravite-zero-marron-10007\/"]}]},{"@type":"ImageObject","inLanguage":"pt-PT","@id":"https:\/\/tupique.com\/product\/marbueno-transat-pliable-acier-avec-coussin-jardin-et-piscine-90x66x108-cm-gravite-zero-marron-10007\/#primaryimage","url":"https:\/\/tupique.com\/wp-content\/uploads\/2026\/05\/8435631900078_D1400773_P00.jpg","contentUrl":"https:\/\/tupique.com\/wp-content\/uploads\/2026\/05\/8435631900078_D1400773_P00.jpg","width":1200,"height":1200,"caption":"D1400773_0"},{"@type":"BreadcrumbList","@id":"https:\/\/tupique.com\/product\/marbueno-transat-pliable-acier-avec-coussin-jardin-et-piscine-90x66x108-cm-gravite-zero-marron-10007\/#breadcrumb","itemListElement":[{"@type":"ListItem","position":1,"name":"commencer","item":"https:\/\/tupique.com\/"},{"@type":"ListItem","position":2,"name":"Loja","item":"https:\/\/tupique.com\/pt\/loja\/"},{"@type":"ListItem","position":3,"name":"Marbueno Transat Pliable Acier Avec Coussin Jardin et Piscine 90X66X108 cm Gravit\u00e9 Z\u00e9ro Marron 10007"}]},{"@type":"WebSite","@id":"https:\/\/tupique.com\/#website","url":"https:\/\/tupique.com\/","name":"Tupique","description":"","publisher":{"@id":"https:\/\/tupique.com\/#organization"},"potentialAction":[{"@type":"SearchAction","target":{"@type":"EntryPoint","urlTemplate":"https:\/\/tupique.com\/?s={search_term_string}"},"query-input":{"@type":"PropertyValueSpecification","valueRequired":true,"valueName":"search_term_string"}}],"inLanguage":"pt-PT"},{"@type":"Organization","@id":"https:\/\/tupique.com\/#organization","name":"Tupique","url":"https:\/\/tupique.com\/","logo":{"@type":"ImageObject","inLanguage":"pt-PT","@id":"https:\/\/tupique.com\/#\/schema\/logo\/image\/","url":"https:\/\/tupique.com\/wp-content\/uploads\/2026\/03\/logo-tupique-1.webp","contentUrl":"https:\/\/tupique.com\/wp-content\/uploads\/2026\/03\/logo-tupique-1.webp","width":500,"height":67,"caption":"Tupique"},"image":{"@id":"https:\/\/tupique.com\/#\/schema\/logo\/image\/"}}]}},"_links":{"self":[{"href":"https:\/\/tupique.com\/pt\/wp-json\/wp\/v2\/product\/197183","targetHints":{"allow":["GET"]}}],"collection":[{"href":"https:\/\/tupique.com\/pt\/wp-json\/wp\/v2\/product"}],"about":[{"href":"https:\/\/tupique.com\/pt\/wp-json\/wp\/v2\/types\/product"}],"replies":[{"embeddable":true,"href":"https:\/\/tupique.com\/pt\/wp-json\/wp\/v2\/comments?post=197183"}],"wp:featuredmedia":[{"embeddable":true,"href":"https:\/\/tupique.com\/pt\/wp-json\/wp\/v2\/media\/197180"}],"wp:attachment":[{"href":"https:\/\/tupique.com\/pt\/wp-json\/wp\/v2\/media?parent=197183"}],"wp:term":[{"taxonomy":"product_brand","embeddable":true,"href":"https:\/\/tupique.com\/pt\/wp-json\/wp\/v2\/product_brand?post=197183"},{"taxonomy":"product_cat","embeddable":true,"href":"https:\/\/tupique.com\/pt\/wp-json\/wp\/v2\/product_cat?post=197183"},{"taxonomy":"product_tag","embeddable":true,"href":"https:\/\/tupique.com\/pt\/wp-json\/wp\/v2\/product_tag?post=197183"},{"taxonomy":"woo-feed-brand","embeddable":true,"href":"https:\/\/tupique.com\/pt\/wp-json\/wp\/v2\/woo-feed-brand?post=197183"}],"curies":[{"name":"wp","href":"https:\/\/api.w.org\/{rel}","templated":true}]}}