{"id":197608,"date":"2026-05-12T08:25:44","date_gmt":"2026-05-12T06:25:44","guid":{"rendered":"https:\/\/tupique.com\/product\/rangement-modulaire-portable-pour-chaussures-innovagoods-gris\/"},"modified":"2026-05-12T08:25:44","modified_gmt":"2026-05-12T06:25:44","slug":"rangement-modulaire-portable-pour-chaussures-innovagoods-gris","status":"publish","type":"product","link":"https:\/\/tupique.com\/pt\/product\/rangement-modulaire-portable-pour-chaussures-innovagoods-gris\/","title":{"rendered":"Rangement Modulaire Portable pour Chaussures InnovaGoods Gris"},"content":{"rendered":"<div class=\"col-md-6\"><b>InnovaGoods<\/b> vous offre les meilleures nouveaut\u00e9s pour la maison, comme <b>Rangement Modulaire Portable pour Chaussures InnovaGoods Gris <\/b> ! D\u00e9couvrez une vaste gamme de produits de qualit\u00e9 qui se d\u00e9marquent de par leur fonctionnalit\u00e9, leur efficacit\u00e9 et leur design innovant : \u00e9clairage, organisation, d\u00e9coration, climatisation, jardin, animaux domestiques, nettoyage, etc.<\/p>\n<p>Cette <b>\u00e9tag\u00e8re \u00e0 chaussures modulaire portable<\/b> est parfaite pour ranger tous les types de chaussures de mani\u00e8re ordonn\u00e9e. Portes avec ventilation. Porte-manteau lat\u00e9ral en m\u00e9tal. Diff\u00e9rentes combinaisons de montage. Mod\u00e8les : Grevoux-Grevout-Grevoun (gris). Capacit\u00e9 : 20-28-36 paires.<\/p>\n<p>Un <b>organisateur de chaussures<\/b> \u00e0 placer partout : armoires, couloirs, garages, etc. Id\u00e9al \u00e9galement pour ranger les jouets, les livres, etc. Montage facile sans outils.<\/p>\n<ul>\n<li><b>Conception modulaire, diff\u00e9rentes formes et tailles<\/b> : notre \u00e9tag\u00e8re \u00e0 chaussures modulaire portable se compose de plusieurs modules amovibles dot\u00e9s d\u2019\u00e9tag\u00e8res permettant de ranger soigneusement toutes sortes de chaussures. Gr\u00e2ce \u00e0 sa conception polyvalente et adaptable, elle peut \u00eatre assembl\u00e9e avec diff\u00e9rentes combinaisons de modules, avec ou sans portes, avec ou sans \u00e9tag\u00e8res int\u00e9rieures, etc. Mod\u00e8les : Grevoux-Grevout-Grevoun (gris). Capacit\u00e9 : 20-28-36 paires.<\/li>\n<li><b>Portes avec ventilation naturelle<\/b> : cet organisateur de chaussures comporte plusieurs compartiments munis de portes (en option). Chaque porte est munie d\u2019un trou qui facilite l\u2019ouverture et la circulation de l\u2019air, \u00e9vitant ainsi la formation d\u2019odeurs. Fabriqu\u00e9 en PP et ABS avec structure en fer.<\/li>\n<li><b>Portable et polyvalent<\/b> : ce meuble \u00e0 chaussures est parfait pour ranger les chaussures, mais il peut \u00e9galement \u00eatre utilis\u00e9 pour ranger les jouets, les sacs, les livres, etc. En outre, il est facile \u00e0 transporter et \u00e0 placer n\u2019importe o\u00f9, ce qui permet de maintenir l\u2019ordre et d\u2019\u00e9conomiser de l\u2019espace. Id\u00e9al pour les armoires, les chambres \u00e0 coucher, les dressings, les salles de bains, les salons, les couloirs, les bureaux, les garages, les espaces de rangement, etc.<\/li>\n<li><b>Porte-manteau en m\u00e9tal inclus : <\/b>ce porte-chaussures modulaire inclut un cintre en m\u00e9tal \u00e0 placer sur le c\u00f4t\u00e9 du porte-chaussures, tr\u00e8s utile comme porte-manteau pour les sacs, ceintures, parapluies, accessoires, etc.<\/li>\n<li><b>Facile \u00e0 assembler sans outils<\/b> : notre \u00e9tag\u00e8re \u00e0 chaussures portable est facile \u00e0 assembler en suivant le guide d\u2019assemblage inclus, sans outils. Un marteau en bois et des accessoires sont inclus pour l\u2019assemblage.<\/li>\n<\/ul>\n<ul>\n<li>Mat\u00e9riel:\n<ul>\n<li>polypropyl\u00e8ne<\/li>\n<li>ABS<\/li>\n<li>Fer<\/li>\n<\/ul>\n<\/li>\n<li>Couleur: Gris<\/li>\n<li>Type: Range-chaussures<\/li>\n<li>Inclut: Porte-manteau<\/li>\n<li>Facile \u00e0 monter et \u00e0 d\u00e9monter: Montage sans outils<\/li>\n<li>Utilisation principale: Organisateur de chaussures<\/li>\n<li>Utilisation secondaire: Organisateur polyvalent<\/li>\n<li>Organisation et gain de place: Polyvalent et adaptable<\/li>\n<li>Propri\u00e9t\u00e9s: Trous de ventilation<\/li>\n<li>Conception originale et facile \u00e0 transporter: Id\u00e9ale pour les placards, les dressings, les salles de bains, les couloirs, les garages, les d\u00e9barras, etc.<\/li>\n<li>Mod\u00e8le:\n<ul>\n<li>Grevoux<\/li>\n<li>Grevout<\/li>\n<li>Grevoun<\/li>\n<\/ul>\n<\/li>\n<li>Modulaire:\n<ul>\n<li>6 modules<\/li>\n<li>8 modules<\/li>\n<li>10 modules<\/li>\n<\/ul>\n<\/li>\n<li>Caracter\u00edsticas:\n<ul>\n<li>10 Compartiments<\/li>\n<li>14 Compartiments<\/li>\n<li>18 Compartiments<\/li>\n<\/ul>\n<\/li>\n<li>Capacit\u00e9:\n<ul>\n<li>20 paires<\/li>\n<li>28 paires<\/li>\n<li>36 paires<\/li>\n<\/ul>\n<\/li>\n<li>Dimensions approx.:\n<ul>\n<li>84 x 96 x 32 cm<\/li>\n<li>84 x 128 x 32 cm<\/li>\n<li>84 x 160 x 32 cm<\/li>\n<\/ul>\n<\/li>\n<\/ul>\n<p>Packaging et manuel en 24 langues: anglais, fran\u00e7ais, espagnol, allemand, italien, portugais, n\u00e9erlandais, polonais, hongrois, roumain, danois, su\u00e9dois, finnois, lituanien, norv\u00e9gien, slov\u00e8ne, grec, tch\u00e8que, bulgare, croate, slovaque, estonien, russe, letton.<\/p><\/div>\n<div class=\"col-md-6\">\n<div class=\"embed-responsive embed-responsive-16by9\"><iframe class=\"embed-responsive-item\" src=\"https:\/\/www.youtube.com\/embed\/OqDB2OG4jio\" frameborder=\"0\" allowfullscreen><\/iframe><\/div>\n<\/div>","protected":false},"excerpt":{"rendered":"<p>InnovaGoods vous offre les meilleures nouveaut\u00e9s pour la maison, comme Rangement Modulaire Portable pour Chaussures InnovaGoods Gris ! D\u00e9couvrez une vaste gamme de produits de qualit\u00e9 qui se d\u00e9marquent de par leur fonctionnalit\u00e9, leur efficacit\u00e9 et leur design innovant : \u00e9clairage, organisation, d\u00e9coration, climatisation, jardin, animaux domestiques, nettoyage, etc. Cette \u00e9tag\u00e8re \u00e0 chaussures modulaire portable [&hellip;]<\/p>\n","protected":false},"featured_media":197590,"comment_status":"open","ping_status":"closed","template":"","meta":[],"product_brand":[256],"product_cat":[63,64,1797,239,2350,577,1796],"product_tag":[210],"woo-feed-brand":[],"class_list":{"0":"post-197608","1":"product","2":"type-product","3":"status-publish","4":"has-post-thumbnail","6":"product_brand-brandp_1281","7":"product_cat-cadeaux-originaux","8":"product_cat-cadeaux-pour-la-maison","9":"product_cat-idees-pour-la-maison","10":"product_cat-maison-jardin","11":"product_cat-meubles-a-chaussures","12":"product_cat-mobilier","13":"product_cat-teleachat-vu-a-la-television","14":"product_tag-tag_25","16":"first","17":"instock","18":"taxable","19":"shipping-taxable","20":"product-type-variable"},"yoast_head":"<!-- This site is optimized with the Yoast SEO plugin v27.6 - https:\/\/yoast.com\/product\/yoast-seo-wordpress\/ -->\n<title>Rangement Modulaire Portable pour Chaussures InnovaGoods Gris | | Tupique<\/title>\n<meta name=\"description\" content=\"Envie d&#039;acheter Rangement Modulaire Portable pour Chaussures InnovaGoods Gris\u00a0? Achetez Rangement Modulaire Portable pour Chaussures InnovaGoods Gris maintenant avec Tupique en 3 versements sans int\u00e9r\u00eat.\" \/>\n<meta name=\"robots\" content=\"index, follow, max-snippet:-1, max-image-preview:large, max-video-preview:-1\" \/>\n<link rel=\"canonical\" href=\"https:\/\/tupique.com\/pt\/product\/rangement-modulaire-portable-pour-chaussures-innovagoods-gris\/\" \/>\n<meta property=\"og:locale\" content=\"pt_PT\" \/>\n<meta property=\"og:type\" content=\"article\" \/>\n<meta property=\"og:title\" content=\"Rangement Modulaire Portable pour Chaussures InnovaGoods Gris | | Tupique\" \/>\n<meta property=\"og:description\" content=\"Envie d&#039;acheter Rangement Modulaire Portable pour Chaussures InnovaGoods Gris\u00a0? Achetez Rangement Modulaire Portable pour Chaussures InnovaGoods Gris maintenant avec Tupique en 3 versements sans int\u00e9r\u00eat.\" \/>\n<meta property=\"og:url\" content=\"https:\/\/tupique.com\/pt\/product\/rangement-modulaire-portable-pour-chaussures-innovagoods-gris\/\" \/>\n<meta property=\"og:site_name\" content=\"Tupique\" \/>\n<meta property=\"og:image\" content=\"https:\/\/tupique.com\/wp-content\/uploads\/2026\/05\/v0103908_000_mkt3.jpg\" \/>\n\t<meta property=\"og:image:width\" content=\"1200\" \/>\n\t<meta property=\"og:image:height\" content=\"1200\" \/>\n\t<meta property=\"og:image:type\" content=\"image\/jpeg\" \/>\n<meta name=\"twitter:card\" content=\"summary_large_image\" \/>\n<meta name=\"twitter:label1\" content=\"Tempo estimado de leitura\" \/>\n\t<meta name=\"twitter:data1\" content=\"2 minutos\" \/>\n<script type=\"application\/ld+json\" class=\"yoast-schema-graph\">{\"@context\":\"https:\\\/\\\/schema.org\",\"@graph\":[{\"@type\":\"WebPage\",\"@id\":\"https:\\\/\\\/tupique.com\\\/pt\\\/product\\\/rangement-modulaire-portable-pour-chaussures-innovagoods-gris\\\/\",\"url\":\"https:\\\/\\\/tupique.com\\\/pt\\\/product\\\/rangement-modulaire-portable-pour-chaussures-innovagoods-gris\\\/\",\"name\":\"Rangement Modulaire Portable pour Chaussures InnovaGoods Gris | | Tupique\",\"isPartOf\":{\"@id\":\"https:\\\/\\\/tupique.com\\\/#website\"},\"primaryImageOfPage\":{\"@id\":\"https:\\\/\\\/tupique.com\\\/pt\\\/product\\\/rangement-modulaire-portable-pour-chaussures-innovagoods-gris\\\/#primaryimage\"},\"image\":{\"@id\":\"https:\\\/\\\/tupique.com\\\/pt\\\/product\\\/rangement-modulaire-portable-pour-chaussures-innovagoods-gris\\\/#primaryimage\"},\"thumbnailUrl\":\"https:\\\/\\\/tupique.com\\\/wp-content\\\/uploads\\\/2026\\\/05\\\/v0103908_000_mkt3.jpg\",\"datePublished\":\"2026-05-12T06:25:44+00:00\",\"description\":\"Envie d'acheter Rangement Modulaire Portable pour Chaussures InnovaGoods Gris\u00a0? Achetez Rangement Modulaire Portable pour Chaussures InnovaGoods Gris maintenant avec Tupique en 3 versements sans int\u00e9r\u00eat.\",\"breadcrumb\":{\"@id\":\"https:\\\/\\\/tupique.com\\\/pt\\\/product\\\/rangement-modulaire-portable-pour-chaussures-innovagoods-gris\\\/#breadcrumb\"},\"inLanguage\":\"pt-PT\",\"potentialAction\":[{\"@type\":\"ReadAction\",\"target\":[\"https:\\\/\\\/tupique.com\\\/pt\\\/product\\\/rangement-modulaire-portable-pour-chaussures-innovagoods-gris\\\/\"]}]},{\"@type\":\"ImageObject\",\"inLanguage\":\"pt-PT\",\"@id\":\"https:\\\/\\\/tupique.com\\\/pt\\\/product\\\/rangement-modulaire-portable-pour-chaussures-innovagoods-gris\\\/#primaryimage\",\"url\":\"https:\\\/\\\/tupique.com\\\/wp-content\\\/uploads\\\/2026\\\/05\\\/v0103908_000_mkt3.jpg\",\"contentUrl\":\"https:\\\/\\\/tupique.com\\\/wp-content\\\/uploads\\\/2026\\\/05\\\/v0103908_000_mkt3.jpg\",\"width\":1200,\"height\":1200,\"caption\":\"V0103911_0\"},{\"@type\":\"BreadcrumbList\",\"@id\":\"https:\\\/\\\/tupique.com\\\/pt\\\/product\\\/rangement-modulaire-portable-pour-chaussures-innovagoods-gris\\\/#breadcrumb\",\"itemListElement\":[{\"@type\":\"ListItem\",\"position\":1,\"name\":\"commencer\",\"item\":\"https:\\\/\\\/tupique.com\\\/\"},{\"@type\":\"ListItem\",\"position\":2,\"name\":\"Loja\",\"item\":\"https:\\\/\\\/tupique.com\\\/pt\\\/loja\\\/\"},{\"@type\":\"ListItem\",\"position\":3,\"name\":\"Rangement Modulaire Portable pour Chaussures InnovaGoods Gris\"}]},{\"@type\":\"WebSite\",\"@id\":\"https:\\\/\\\/tupique.com\\\/#website\",\"url\":\"https:\\\/\\\/tupique.com\\\/\",\"name\":\"Tupique\",\"description\":\"\",\"publisher\":{\"@id\":\"https:\\\/\\\/tupique.com\\\/#organization\"},\"potentialAction\":[{\"@type\":\"SearchAction\",\"target\":{\"@type\":\"EntryPoint\",\"urlTemplate\":\"https:\\\/\\\/tupique.com\\\/?s={search_term_string}\"},\"query-input\":{\"@type\":\"PropertyValueSpecification\",\"valueRequired\":true,\"valueName\":\"search_term_string\"}}],\"inLanguage\":\"pt-PT\"},{\"@type\":\"Organization\",\"@id\":\"https:\\\/\\\/tupique.com\\\/#organization\",\"name\":\"Tupique\",\"url\":\"https:\\\/\\\/tupique.com\\\/\",\"logo\":{\"@type\":\"ImageObject\",\"inLanguage\":\"pt-PT\",\"@id\":\"https:\\\/\\\/tupique.com\\\/#\\\/schema\\\/logo\\\/image\\\/\",\"url\":\"https:\\\/\\\/tupique.com\\\/wp-content\\\/uploads\\\/2026\\\/03\\\/logo-tupique-1.webp\",\"contentUrl\":\"https:\\\/\\\/tupique.com\\\/wp-content\\\/uploads\\\/2026\\\/03\\\/logo-tupique-1.webp\",\"width\":500,\"height\":67,\"caption\":\"Tupique\"},\"image\":{\"@id\":\"https:\\\/\\\/tupique.com\\\/#\\\/schema\\\/logo\\\/image\\\/\"}}]}<\/script>\n<!-- \/ Yoast SEO plugin. -->","yoast_head_json":{"title":"Rangement Modulaire Portable pour Chaussures InnovaGoods Gris | | Tupique","description":"Envie d'acheter Rangement Modulaire Portable pour Chaussures InnovaGoods Gris\u00a0? Achetez Rangement Modulaire Portable pour Chaussures InnovaGoods Gris maintenant avec Tupique en 3 versements sans int\u00e9r\u00eat.","robots":{"index":"index","follow":"follow","max-snippet":"max-snippet:-1","max-image-preview":"max-image-preview:large","max-video-preview":"max-video-preview:-1"},"canonical":"https:\/\/tupique.com\/pt\/product\/rangement-modulaire-portable-pour-chaussures-innovagoods-gris\/","og_locale":"pt_PT","og_type":"article","og_title":"Rangement Modulaire Portable pour Chaussures InnovaGoods Gris | | Tupique","og_description":"Envie d'acheter Rangement Modulaire Portable pour Chaussures InnovaGoods Gris\u00a0? Achetez Rangement Modulaire Portable pour Chaussures InnovaGoods Gris maintenant avec Tupique en 3 versements sans int\u00e9r\u00eat.","og_url":"https:\/\/tupique.com\/pt\/product\/rangement-modulaire-portable-pour-chaussures-innovagoods-gris\/","og_site_name":"Tupique","og_image":[{"width":1200,"height":1200,"url":"https:\/\/tupique.com\/wp-content\/uploads\/2026\/05\/v0103908_000_mkt3.jpg","type":"image\/jpeg"}],"twitter_card":"summary_large_image","twitter_misc":{"Tempo estimado de leitura":"2 minutos"},"schema":{"@context":"https:\/\/schema.org","@graph":[{"@type":"WebPage","@id":"https:\/\/tupique.com\/pt\/product\/rangement-modulaire-portable-pour-chaussures-innovagoods-gris\/","url":"https:\/\/tupique.com\/pt\/product\/rangement-modulaire-portable-pour-chaussures-innovagoods-gris\/","name":"Rangement Modulaire Portable pour Chaussures InnovaGoods Gris | | Tupique","isPartOf":{"@id":"https:\/\/tupique.com\/#website"},"primaryImageOfPage":{"@id":"https:\/\/tupique.com\/pt\/product\/rangement-modulaire-portable-pour-chaussures-innovagoods-gris\/#primaryimage"},"image":{"@id":"https:\/\/tupique.com\/pt\/product\/rangement-modulaire-portable-pour-chaussures-innovagoods-gris\/#primaryimage"},"thumbnailUrl":"https:\/\/tupique.com\/wp-content\/uploads\/2026\/05\/v0103908_000_mkt3.jpg","datePublished":"2026-05-12T06:25:44+00:00","description":"Envie d'acheter Rangement Modulaire Portable pour Chaussures InnovaGoods Gris\u00a0? Achetez Rangement Modulaire Portable pour Chaussures InnovaGoods Gris maintenant avec Tupique en 3 versements sans int\u00e9r\u00eat.","breadcrumb":{"@id":"https:\/\/tupique.com\/pt\/product\/rangement-modulaire-portable-pour-chaussures-innovagoods-gris\/#breadcrumb"},"inLanguage":"pt-PT","potentialAction":[{"@type":"ReadAction","target":["https:\/\/tupique.com\/pt\/product\/rangement-modulaire-portable-pour-chaussures-innovagoods-gris\/"]}]},{"@type":"ImageObject","inLanguage":"pt-PT","@id":"https:\/\/tupique.com\/pt\/product\/rangement-modulaire-portable-pour-chaussures-innovagoods-gris\/#primaryimage","url":"https:\/\/tupique.com\/wp-content\/uploads\/2026\/05\/v0103908_000_mkt3.jpg","contentUrl":"https:\/\/tupique.com\/wp-content\/uploads\/2026\/05\/v0103908_000_mkt3.jpg","width":1200,"height":1200,"caption":"V0103911_0"},{"@type":"BreadcrumbList","@id":"https:\/\/tupique.com\/pt\/product\/rangement-modulaire-portable-pour-chaussures-innovagoods-gris\/#breadcrumb","itemListElement":[{"@type":"ListItem","position":1,"name":"commencer","item":"https:\/\/tupique.com\/"},{"@type":"ListItem","position":2,"name":"Loja","item":"https:\/\/tupique.com\/pt\/loja\/"},{"@type":"ListItem","position":3,"name":"Rangement Modulaire Portable pour Chaussures InnovaGoods Gris"}]},{"@type":"WebSite","@id":"https:\/\/tupique.com\/#website","url":"https:\/\/tupique.com\/","name":"Tupique","description":"","publisher":{"@id":"https:\/\/tupique.com\/#organization"},"potentialAction":[{"@type":"SearchAction","target":{"@type":"EntryPoint","urlTemplate":"https:\/\/tupique.com\/?s={search_term_string}"},"query-input":{"@type":"PropertyValueSpecification","valueRequired":true,"valueName":"search_term_string"}}],"inLanguage":"pt-PT"},{"@type":"Organization","@id":"https:\/\/tupique.com\/#organization","name":"Tupique","url":"https:\/\/tupique.com\/","logo":{"@type":"ImageObject","inLanguage":"pt-PT","@id":"https:\/\/tupique.com\/#\/schema\/logo\/image\/","url":"https:\/\/tupique.com\/wp-content\/uploads\/2026\/03\/logo-tupique-1.webp","contentUrl":"https:\/\/tupique.com\/wp-content\/uploads\/2026\/03\/logo-tupique-1.webp","width":500,"height":67,"caption":"Tupique"},"image":{"@id":"https:\/\/tupique.com\/#\/schema\/logo\/image\/"}}]}},"_links":{"self":[{"href":"https:\/\/tupique.com\/pt\/wp-json\/wp\/v2\/product\/197608","targetHints":{"allow":["GET"]}}],"collection":[{"href":"https:\/\/tupique.com\/pt\/wp-json\/wp\/v2\/product"}],"about":[{"href":"https:\/\/tupique.com\/pt\/wp-json\/wp\/v2\/types\/product"}],"replies":[{"embeddable":true,"href":"https:\/\/tupique.com\/pt\/wp-json\/wp\/v2\/comments?post=197608"}],"wp:featuredmedia":[{"embeddable":true,"href":"https:\/\/tupique.com\/pt\/wp-json\/wp\/v2\/media\/197590"}],"wp:attachment":[{"href":"https:\/\/tupique.com\/pt\/wp-json\/wp\/v2\/media?parent=197608"}],"wp:term":[{"taxonomy":"product_brand","embeddable":true,"href":"https:\/\/tupique.com\/pt\/wp-json\/wp\/v2\/product_brand?post=197608"},{"taxonomy":"product_cat","embeddable":true,"href":"https:\/\/tupique.com\/pt\/wp-json\/wp\/v2\/product_cat?post=197608"},{"taxonomy":"product_tag","embeddable":true,"href":"https:\/\/tupique.com\/pt\/wp-json\/wp\/v2\/product_tag?post=197608"},{"taxonomy":"woo-feed-brand","embeddable":true,"href":"https:\/\/tupique.com\/pt\/wp-json\/wp\/v2\/woo-feed-brand?post=197608"}],"curies":[{"name":"wp","href":"https:\/\/api.w.org\/{rel}","templated":true}]}}