{"id":197933,"date":"2026-05-12T08:46:39","date_gmt":"2026-05-12T06:46:39","guid":{"rendered":"https:\/\/tupique.com\/product\/distributeur-automatique-rechargeable-de-savon-moussant-bitefom-innovagoods\/"},"modified":"2026-05-12T08:46:39","modified_gmt":"2026-05-12T06:46:39","slug":"distributeur-automatique-rechargeable-de-savon-moussant-bitefom-innovagoods","status":"publish","type":"product","link":"https:\/\/tupique.com\/pt\/product\/distributeur-automatique-rechargeable-de-savon-moussant-bitefom-innovagoods\/","title":{"rendered":"Distributeur Automatique Rechargeable de Savon Moussant Bitefom InnovaGoods"},"content":{"rendered":"<div class=\"col-md-6\"><b>InnovaGoods<\/b> vous offre les meilleures nouveaut\u00e9s pour la maison, comme <b>Distributeur Automatique Rechargeable de Savon Moussant Bitefom InnovaGoods <\/b> ! D\u00e9couvrez une vaste gamme de produits de qualit\u00e9 qui se d\u00e9marquent de par leur fonctionnalit\u00e9, leur efficacit\u00e9 et leur design innovant : \u00e9clairage, organisation, d\u00e9coration, climatisation, jardin, animaux domestiques, nettoyage, etc.<\/p>\n<p>Ce distributeur de savon automatique rechargeable est parfait pour un lavage des mains beaucoup plus confortable et hygi\u00e9nique, car il expulse le savon sans besoin de contact. Il dispose de 3 modes, d&#8217;un bouton tactile marche\/arr\u00eat, d&#8217;une accroche murale adh\u00e9sive et d&#8217;un c\u00e2ble USB-C.<\/p>\n<p>Un <b>distributeur de savon<\/b> innovant <b>avec capteur<\/b> qui emp\u00eache le contact avec les bact\u00e9ries et les germes, \u00e9conomise le savon et aide \u00e0 garder le lavabo propre. Capacit\u00e9 : 350 ml.<\/p>\n<ul>\n<li><b>Rechargeable, design moderne<\/b> : notre distributeur de savon automatique rechargeable rend le lavage des mains beaucoup plus propre et pratique. Son r\u00e9servoir transparent se retire facilement pour ajouter du savon en cas de besoin. Port de charge avec capuchon protecteur en silicone. C\u00e2ble USB-C inclus. Batterie Li-Ion 1200 mAh. Capacit\u00e9 : 350 ml. IPX5.<\/li>\n<li><b>Bouton tactile, capteur sans<\/b> <b>contact Touch Free<\/b> : ce distributeur de savon rechargeable est dot\u00e9 d&#8217;un bouton tactile qui permet de l&#8217;allumer, de l&#8217;\u00e9teindre et de changer de mode. Gr\u00e2ce \u00e0 son capteur, il distribue le savon facilement lorsque vous approchez vos mains de la sortie de savon, sans qu&#8217;un contact ne soit n\u00e9cessaire, \u00e9vitant ainsi de salir le lavabo ou de laisser des traces.<\/li>\n<li><b>Quantit\u00e9 de savon r\u00e9glable, 3 modes<\/b> : ce distributeur de savon \u00e0 main vous permet de choisir entre plusieurs modes de distribution du savon en r\u00e9glant le temps d&#8217;\u00e9jection (0,4 s &#8211; 0,8 s &#8211; 1,5 s), selon que vous pr\u00e9f\u00e9rez lib\u00e9rer plus ou moins de savon.<\/li>\n<li><b>Plus hygi\u00e9nique et plus efficace<\/b> : notre distributeur de savon sans contact \u00e9vite de salir et de gaspiller le savon avec les gouttes et les d\u00e9bordements fr\u00e9quents des autres distributeurs manuels. Il permet \u00e9galement de r\u00e9aliser des \u00e9conomies en optimisant la consommation de savon et en minimisant le risque de contact avec les bact\u00e9ries et les germes.&nbsp;<\/li>\n<li><b>Suspension murale multipositions<\/b> : ce distributeur de savon \u00e0 capteur peut \u00eatre plac\u00e9 sur le lavabo ou sur le mur, car il comprend deux suspensions adh\u00e9sives (dont une de rechange). Peut \u00eatre utilis\u00e9 dans la salle de bains, la cuisine, etc. Id\u00e9al pour les maisons, les bureaux, les \u00e9coles, les h\u00f4pitaux, les restaurants, les h\u00f4tels, etc.<\/li>\n<\/ul>\n<ul>\n<li>Mat\u00e9riel:\n<ul>\n<li>ABS<\/li>\n<li>polypropyl\u00e8ne<\/li>\n<li>Silicone<\/li>\n<\/ul>\n<\/li>\n<li>Couleur:\n<ul>\n<li>Blanc<\/li>\n<li>Transparent<\/li>\n<\/ul>\n<\/li>\n<li>Type: Distributeur de Savon<\/li>\n<li>Compatible: Savon mousse<\/li>\n<li>Design moderne: Novateur et pratique<\/li>\n<li>Capteur: Touch Free<\/li>\n<li>Capacit\u00e9: 350 ml<\/li>\n<li>3 m\u00e9thodes d\u2019utilisation: 0,4-0,8-1,5 s<\/li>\n<li>Bouton tactile: On\\off\\changement de mode<\/li>\n<li>R\u00e9servoir de savon: Visualisation rapide et facile du contenu<\/li>\n<li>Inclut: Crochets adh\u00e9sifs<\/li>\n<li>Multiposition: Polyvalent et adaptable<\/li>\n<li>Antibact\u00e9rien: Hygi\u00e9nique<\/li>\n<li>Propri\u00e9t\u00e9s: Anti-goutte et anti-d\u00e9bordement<\/li>\n<li>Caract\u00e9ristiques: \u00c9conomise le savon<\/li>\n<li>Facile \u00e0 utiliser et \u00e0 nettoyer: Utilisation pratique et simple<\/li>\n<li>Utilisation recommand\u00e9e: Peut \u00eatre utilis\u00e9 dans la salle de bains ou la cuisine<\/li>\n<li>Classification IP: IPX5<\/li>\n<li>Rechargeable: C\u00e2ble USB-C inclus<\/li>\n<li>Type de batterie: Li-Ion<\/li>\n<li>Capacit\u00e9 de la batterie: 1200 mAh<\/li>\n<li>DC In: 5 V \/ 1 A<\/li>\n<li>Dimensions approx.: 11 x 21,5 x 6,5 cm<\/li>\n<\/ul>\n<p>Packaging et manuel en 24 langues: anglais, fran\u00e7ais, espagnol, allemand, italien, portugais, n\u00e9erlandais, polonais, hongrois, roumain, danois, su\u00e9dois, finnois, lituanien, norv\u00e9gien, slov\u00e8ne, grec, tch\u00e8que, bulgare, croate, slovaque, estonien, russe, letton.<\/p><\/div>\n<div class=\"col-md-6\">\n<div class=\"embed-responsive embed-responsive-16by9\"><iframe class=\"embed-responsive-item\" src=\"https:\/\/www.youtube.com\/embed\/QE0_S1gKlMM\" frameborder=\"0\" allowfullscreen><\/iframe><\/div>\n<\/div>","protected":false},"excerpt":{"rendered":"<p><span class=\"unit-info\">7.4257 &euro; \/ 100 ml<\/span><\/p>","protected":false},"featured_media":197920,"comment_status":"open","ping_status":"closed","template":"","meta":[],"product_brand":[256],"product_cat":[781,63,64,1797,239,780,1796],"product_tag":[213,210],"woo-feed-brand":[],"class_list":{"0":"post-197933","1":"product","2":"type-product","3":"status-publish","4":"has-post-thumbnail","6":"product_brand-brandp_1281","7":"product_cat-accessoires-et-robinets","8":"product_cat-cadeaux-originaux","9":"product_cat-cadeaux-pour-la-maison","10":"product_cat-idees-pour-la-maison","11":"product_cat-maison-jardin","12":"product_cat-salle-de-bain","13":"product_cat-teleachat-vu-a-la-television","14":"product_tag-tag_933","15":"product_tag-tag_25","17":"first","18":"instock","19":"taxable","20":"shipping-taxable","21":"purchasable","22":"product-type-simple"},"yoast_head":"<!-- This site is optimized with the Yoast SEO plugin v27.6 - https:\/\/yoast.com\/product\/yoast-seo-wordpress\/ -->\n<title>Distributeur Automatique Rechargeable de Savon Moussant Bitefom InnovaGoods | | Tupique<\/title>\n<meta name=\"description\" content=\"Envie d&#039;acheter Distributeur Automatique Rechargeable de Savon Moussant Bitefom InnovaGoods\u00a0? Achetez Distributeur Automatique Rechargeable de Savon Moussant Bitefom InnovaGoods maintenant avec Tupique en 3 versements sans int\u00e9r\u00eat.\" \/>\n<meta name=\"robots\" content=\"index, follow, max-snippet:-1, max-image-preview:large, max-video-preview:-1\" \/>\n<link rel=\"canonical\" href=\"https:\/\/tupique.com\/pt\/product\/distributeur-automatique-rechargeable-de-savon-moussant-bitefom-innovagoods\/\" \/>\n<meta property=\"og:locale\" content=\"pt_PT\" \/>\n<meta property=\"og:type\" content=\"article\" \/>\n<meta property=\"og:title\" content=\"Distributeur Automatique Rechargeable de Savon Moussant Bitefom InnovaGoods | | Tupique\" \/>\n<meta property=\"og:description\" content=\"Envie d&#039;acheter Distributeur Automatique Rechargeable de Savon Moussant Bitefom InnovaGoods\u00a0? Achetez Distributeur Automatique Rechargeable de Savon Moussant Bitefom InnovaGoods maintenant avec Tupique en 3 versements sans int\u00e9r\u00eat.\" \/>\n<meta property=\"og:url\" content=\"https:\/\/tupique.com\/pt\/product\/distributeur-automatique-rechargeable-de-savon-moussant-bitefom-innovagoods\/\" \/>\n<meta property=\"og:site_name\" content=\"Tupique\" \/>\n<meta property=\"og:image\" content=\"https:\/\/tupique.com\/wp-content\/uploads\/2026\/05\/v0103903_020_mkt1.jpg\" \/>\n\t<meta property=\"og:image:width\" content=\"1200\" \/>\n\t<meta property=\"og:image:height\" content=\"1200\" \/>\n\t<meta property=\"og:image:type\" content=\"image\/jpeg\" \/>\n<meta name=\"twitter:card\" content=\"summary_large_image\" \/>\n<meta name=\"twitter:label1\" content=\"Tempo estimado de leitura\" \/>\n\t<meta name=\"twitter:data1\" content=\"3 minutos\" \/>\n<script type=\"application\/ld+json\" class=\"yoast-schema-graph\">{\"@context\":\"https:\\\/\\\/schema.org\",\"@graph\":[{\"@type\":\"WebPage\",\"@id\":\"https:\\\/\\\/tupique.com\\\/pt\\\/product\\\/distributeur-automatique-rechargeable-de-savon-moussant-bitefom-innovagoods\\\/\",\"url\":\"https:\\\/\\\/tupique.com\\\/pt\\\/product\\\/distributeur-automatique-rechargeable-de-savon-moussant-bitefom-innovagoods\\\/\",\"name\":\"Distributeur Automatique Rechargeable de Savon Moussant Bitefom InnovaGoods | | Tupique\",\"isPartOf\":{\"@id\":\"https:\\\/\\\/tupique.com\\\/#website\"},\"primaryImageOfPage\":{\"@id\":\"https:\\\/\\\/tupique.com\\\/pt\\\/product\\\/distributeur-automatique-rechargeable-de-savon-moussant-bitefom-innovagoods\\\/#primaryimage\"},\"image\":{\"@id\":\"https:\\\/\\\/tupique.com\\\/pt\\\/product\\\/distributeur-automatique-rechargeable-de-savon-moussant-bitefom-innovagoods\\\/#primaryimage\"},\"thumbnailUrl\":\"https:\\\/\\\/tupique.com\\\/wp-content\\\/uploads\\\/2026\\\/05\\\/v0103903_020_mkt1.jpg\",\"datePublished\":\"2026-05-12T06:46:39+00:00\",\"description\":\"Envie d'acheter Distributeur Automatique Rechargeable de Savon Moussant Bitefom InnovaGoods\u00a0? Achetez Distributeur Automatique Rechargeable de Savon Moussant Bitefom InnovaGoods maintenant avec Tupique en 3 versements sans int\u00e9r\u00eat.\",\"breadcrumb\":{\"@id\":\"https:\\\/\\\/tupique.com\\\/pt\\\/product\\\/distributeur-automatique-rechargeable-de-savon-moussant-bitefom-innovagoods\\\/#breadcrumb\"},\"inLanguage\":\"pt-PT\",\"potentialAction\":[{\"@type\":\"ReadAction\",\"target\":[\"https:\\\/\\\/tupique.com\\\/pt\\\/product\\\/distributeur-automatique-rechargeable-de-savon-moussant-bitefom-innovagoods\\\/\"]}]},{\"@type\":\"ImageObject\",\"inLanguage\":\"pt-PT\",\"@id\":\"https:\\\/\\\/tupique.com\\\/pt\\\/product\\\/distributeur-automatique-rechargeable-de-savon-moussant-bitefom-innovagoods\\\/#primaryimage\",\"url\":\"https:\\\/\\\/tupique.com\\\/wp-content\\\/uploads\\\/2026\\\/05\\\/v0103903_020_mkt1.jpg\",\"contentUrl\":\"https:\\\/\\\/tupique.com\\\/wp-content\\\/uploads\\\/2026\\\/05\\\/v0103903_020_mkt1.jpg\",\"width\":1200,\"height\":1200,\"caption\":\"V0103903_0\"},{\"@type\":\"BreadcrumbList\",\"@id\":\"https:\\\/\\\/tupique.com\\\/pt\\\/product\\\/distributeur-automatique-rechargeable-de-savon-moussant-bitefom-innovagoods\\\/#breadcrumb\",\"itemListElement\":[{\"@type\":\"ListItem\",\"position\":1,\"name\":\"commencer\",\"item\":\"https:\\\/\\\/tupique.com\\\/\"},{\"@type\":\"ListItem\",\"position\":2,\"name\":\"Loja\",\"item\":\"https:\\\/\\\/tupique.com\\\/pt\\\/loja\\\/\"},{\"@type\":\"ListItem\",\"position\":3,\"name\":\"Distributeur Automatique Rechargeable de Savon Moussant Bitefom InnovaGoods\"}]},{\"@type\":\"WebSite\",\"@id\":\"https:\\\/\\\/tupique.com\\\/#website\",\"url\":\"https:\\\/\\\/tupique.com\\\/\",\"name\":\"Tupique\",\"description\":\"\",\"publisher\":{\"@id\":\"https:\\\/\\\/tupique.com\\\/#organization\"},\"potentialAction\":[{\"@type\":\"SearchAction\",\"target\":{\"@type\":\"EntryPoint\",\"urlTemplate\":\"https:\\\/\\\/tupique.com\\\/?s={search_term_string}\"},\"query-input\":{\"@type\":\"PropertyValueSpecification\",\"valueRequired\":true,\"valueName\":\"search_term_string\"}}],\"inLanguage\":\"pt-PT\"},{\"@type\":\"Organization\",\"@id\":\"https:\\\/\\\/tupique.com\\\/#organization\",\"name\":\"Tupique\",\"url\":\"https:\\\/\\\/tupique.com\\\/\",\"logo\":{\"@type\":\"ImageObject\",\"inLanguage\":\"pt-PT\",\"@id\":\"https:\\\/\\\/tupique.com\\\/#\\\/schema\\\/logo\\\/image\\\/\",\"url\":\"https:\\\/\\\/tupique.com\\\/wp-content\\\/uploads\\\/2026\\\/03\\\/logo-tupique-1.webp\",\"contentUrl\":\"https:\\\/\\\/tupique.com\\\/wp-content\\\/uploads\\\/2026\\\/03\\\/logo-tupique-1.webp\",\"width\":500,\"height\":67,\"caption\":\"Tupique\"},\"image\":{\"@id\":\"https:\\\/\\\/tupique.com\\\/#\\\/schema\\\/logo\\\/image\\\/\"}}]}<\/script>\n<!-- \/ Yoast SEO plugin. -->","yoast_head_json":{"title":"Distributeur Automatique Rechargeable de Savon Moussant Bitefom InnovaGoods | | Tupique","description":"Envie d'acheter Distributeur Automatique Rechargeable de Savon Moussant Bitefom InnovaGoods\u00a0? Achetez Distributeur Automatique Rechargeable de Savon Moussant Bitefom InnovaGoods maintenant avec Tupique en 3 versements sans int\u00e9r\u00eat.","robots":{"index":"index","follow":"follow","max-snippet":"max-snippet:-1","max-image-preview":"max-image-preview:large","max-video-preview":"max-video-preview:-1"},"canonical":"https:\/\/tupique.com\/pt\/product\/distributeur-automatique-rechargeable-de-savon-moussant-bitefom-innovagoods\/","og_locale":"pt_PT","og_type":"article","og_title":"Distributeur Automatique Rechargeable de Savon Moussant Bitefom InnovaGoods | | Tupique","og_description":"Envie d'acheter Distributeur Automatique Rechargeable de Savon Moussant Bitefom InnovaGoods\u00a0? Achetez Distributeur Automatique Rechargeable de Savon Moussant Bitefom InnovaGoods maintenant avec Tupique en 3 versements sans int\u00e9r\u00eat.","og_url":"https:\/\/tupique.com\/pt\/product\/distributeur-automatique-rechargeable-de-savon-moussant-bitefom-innovagoods\/","og_site_name":"Tupique","og_image":[{"width":1200,"height":1200,"url":"https:\/\/tupique.com\/wp-content\/uploads\/2026\/05\/v0103903_020_mkt1.jpg","type":"image\/jpeg"}],"twitter_card":"summary_large_image","twitter_misc":{"Tempo estimado de leitura":"3 minutos"},"schema":{"@context":"https:\/\/schema.org","@graph":[{"@type":"WebPage","@id":"https:\/\/tupique.com\/pt\/product\/distributeur-automatique-rechargeable-de-savon-moussant-bitefom-innovagoods\/","url":"https:\/\/tupique.com\/pt\/product\/distributeur-automatique-rechargeable-de-savon-moussant-bitefom-innovagoods\/","name":"Distributeur Automatique Rechargeable de Savon Moussant Bitefom InnovaGoods | | Tupique","isPartOf":{"@id":"https:\/\/tupique.com\/#website"},"primaryImageOfPage":{"@id":"https:\/\/tupique.com\/pt\/product\/distributeur-automatique-rechargeable-de-savon-moussant-bitefom-innovagoods\/#primaryimage"},"image":{"@id":"https:\/\/tupique.com\/pt\/product\/distributeur-automatique-rechargeable-de-savon-moussant-bitefom-innovagoods\/#primaryimage"},"thumbnailUrl":"https:\/\/tupique.com\/wp-content\/uploads\/2026\/05\/v0103903_020_mkt1.jpg","datePublished":"2026-05-12T06:46:39+00:00","description":"Envie d'acheter Distributeur Automatique Rechargeable de Savon Moussant Bitefom InnovaGoods\u00a0? Achetez Distributeur Automatique Rechargeable de Savon Moussant Bitefom InnovaGoods maintenant avec Tupique en 3 versements sans int\u00e9r\u00eat.","breadcrumb":{"@id":"https:\/\/tupique.com\/pt\/product\/distributeur-automatique-rechargeable-de-savon-moussant-bitefom-innovagoods\/#breadcrumb"},"inLanguage":"pt-PT","potentialAction":[{"@type":"ReadAction","target":["https:\/\/tupique.com\/pt\/product\/distributeur-automatique-rechargeable-de-savon-moussant-bitefom-innovagoods\/"]}]},{"@type":"ImageObject","inLanguage":"pt-PT","@id":"https:\/\/tupique.com\/pt\/product\/distributeur-automatique-rechargeable-de-savon-moussant-bitefom-innovagoods\/#primaryimage","url":"https:\/\/tupique.com\/wp-content\/uploads\/2026\/05\/v0103903_020_mkt1.jpg","contentUrl":"https:\/\/tupique.com\/wp-content\/uploads\/2026\/05\/v0103903_020_mkt1.jpg","width":1200,"height":1200,"caption":"V0103903_0"},{"@type":"BreadcrumbList","@id":"https:\/\/tupique.com\/pt\/product\/distributeur-automatique-rechargeable-de-savon-moussant-bitefom-innovagoods\/#breadcrumb","itemListElement":[{"@type":"ListItem","position":1,"name":"commencer","item":"https:\/\/tupique.com\/"},{"@type":"ListItem","position":2,"name":"Loja","item":"https:\/\/tupique.com\/pt\/loja\/"},{"@type":"ListItem","position":3,"name":"Distributeur Automatique Rechargeable de Savon Moussant Bitefom InnovaGoods"}]},{"@type":"WebSite","@id":"https:\/\/tupique.com\/#website","url":"https:\/\/tupique.com\/","name":"Tupique","description":"","publisher":{"@id":"https:\/\/tupique.com\/#organization"},"potentialAction":[{"@type":"SearchAction","target":{"@type":"EntryPoint","urlTemplate":"https:\/\/tupique.com\/?s={search_term_string}"},"query-input":{"@type":"PropertyValueSpecification","valueRequired":true,"valueName":"search_term_string"}}],"inLanguage":"pt-PT"},{"@type":"Organization","@id":"https:\/\/tupique.com\/#organization","name":"Tupique","url":"https:\/\/tupique.com\/","logo":{"@type":"ImageObject","inLanguage":"pt-PT","@id":"https:\/\/tupique.com\/#\/schema\/logo\/image\/","url":"https:\/\/tupique.com\/wp-content\/uploads\/2026\/03\/logo-tupique-1.webp","contentUrl":"https:\/\/tupique.com\/wp-content\/uploads\/2026\/03\/logo-tupique-1.webp","width":500,"height":67,"caption":"Tupique"},"image":{"@id":"https:\/\/tupique.com\/#\/schema\/logo\/image\/"}}]}},"_links":{"self":[{"href":"https:\/\/tupique.com\/pt\/wp-json\/wp\/v2\/product\/197933","targetHints":{"allow":["GET"]}}],"collection":[{"href":"https:\/\/tupique.com\/pt\/wp-json\/wp\/v2\/product"}],"about":[{"href":"https:\/\/tupique.com\/pt\/wp-json\/wp\/v2\/types\/product"}],"replies":[{"embeddable":true,"href":"https:\/\/tupique.com\/pt\/wp-json\/wp\/v2\/comments?post=197933"}],"wp:featuredmedia":[{"embeddable":true,"href":"https:\/\/tupique.com\/pt\/wp-json\/wp\/v2\/media\/197920"}],"wp:attachment":[{"href":"https:\/\/tupique.com\/pt\/wp-json\/wp\/v2\/media?parent=197933"}],"wp:term":[{"taxonomy":"product_brand","embeddable":true,"href":"https:\/\/tupique.com\/pt\/wp-json\/wp\/v2\/product_brand?post=197933"},{"taxonomy":"product_cat","embeddable":true,"href":"https:\/\/tupique.com\/pt\/wp-json\/wp\/v2\/product_cat?post=197933"},{"taxonomy":"product_tag","embeddable":true,"href":"https:\/\/tupique.com\/pt\/wp-json\/wp\/v2\/product_tag?post=197933"},{"taxonomy":"woo-feed-brand","embeddable":true,"href":"https:\/\/tupique.com\/pt\/wp-json\/wp\/v2\/woo-feed-brand?post=197933"}],"curies":[{"name":"wp","href":"https:\/\/api.w.org\/{rel}","templated":true}]}}