{"id":197994,"date":"2026-05-12T08:48:21","date_gmt":"2026-05-12T06:48:21","guid":{"rendered":"https:\/\/tupique.com\/product\/deguisement-pour-chien-citrouille-taille-m\/"},"modified":"2026-05-12T08:48:21","modified_gmt":"2026-05-12T06:48:21","slug":"deguisement-pour-chien-citrouille-taille-m","status":"publish","type":"product","link":"https:\/\/tupique.com\/pt\/product\/deguisement-pour-chien-citrouille-taille-m\/","title":{"rendered":"d\u00e9guisement pour chien Citrouille Taille M"},"content":{"rendered":"<p>Restez en forme et d\u00e9couvrez les derni\u00e8res nouveaut\u00e9s du secteur pour faire du sport avec les meilleures garanties ! Achetez <b>d\u00e9guisement pour chien Citrouille Taille M<\/b> au meilleur prix et profitez d&#8217;une vie saine !<\/p>\n<p>Ler <b>d\u00e9guisement pour chien<\/b> de <b>BigBuy Pets<\/b> est une option ludique et fonctionnelle pour ceux qui souhaitent que leur animal participe aussi aux c\u00e9l\u00e9brations d\u2019Halloween ou \u00e0 d\u2019autres \u00e9v\u00e9nements \u00e0 th\u00e8me. Ce mod\u00e8le, au <b>design citrouille<\/b>, s\u2019int\u00e8gre parfaitement \u00e0 l\u2019ambiance festive de la saison, avec des d\u00e9tails soign\u00e9s rappelant ce symbole automnal populaire. Con\u00e7u pour les chiens de <b>taille M<\/b>, le d\u00e9guisement est fabriqu\u00e9 en tenant compte du confort et de la libert\u00e9 de mouvement de l\u2019animal, permettant une mise en place facile sans g\u00eane. Le choix de mat\u00e9riaux doux et l\u00e9gers assure une exp\u00e9rience agr\u00e9able pour le chien, tandis que les coutures renforc\u00e9es garantissent la durabilit\u00e9 pendant toute la dur\u00e9e d\u2019utilisation. Gr\u00e2ce \u00e0 son design reconnaissable de <b>citrouille<\/b>, ce d\u00e9guisement apporte une touche humoristique et photog\u00e9nique, devenant le centre d\u2019attention lors des f\u00eates, s\u00e9ances photo ou promenades sp\u00e9ciales. Destin\u00e9 aux propri\u00e9taires qui privil\u00e9gient \u00e0 la fois l\u2019aspect festif et le bien-\u00eatre de leur chien, ce mod\u00e8le est un choix pratique et attrayant qui s\u2019int\u00e8gre ais\u00e9ment \u00e0 la garde-robe temporaire de l\u2019animal. Ainsi, BigBuy Pets propose une solution originale et s\u00fbre pour ceux qui souhaitent ajouter une touche de joie et de th\u00e9matique \u00e0 leurs c\u00e9l\u00e9brations avec leur compagnon \u00e0 quatre pattes.<\/p>\n<ul>\n<li>Tipo:\n<ul>\n<li>Citrouille<\/li>\n<li>Halloween<\/li>\n<li>d\u00e9guisement pour chien<\/li>\n<\/ul>\n<\/li>\n<li>Taille: Taille M<\/li>\n<\/ul>","protected":false},"excerpt":{"rendered":"<p>Restez en forme et d\u00e9couvrez les derni\u00e8res nouveaut\u00e9s du secteur pour faire du sport avec les meilleures garanties ! Achetez d\u00e9guisement pour chien Citrouille Taille M au meilleur prix et profitez d&#8217;une vie saine ! Le d\u00e9guisement pour chien de BigBuy Pets est une option ludique et fonctionnelle pour ceux qui souhaitent que leur animal [&hellip;]<\/p>\n","protected":false},"featured_media":197990,"comment_status":"open","ping_status":"closed","template":"","meta":[],"product_brand":[2865],"product_cat":[621,786,239],"product_tag":[104],"woo-feed-brand":[],"class_list":{"0":"post-197994","1":"product","2":"type-product","3":"status-publish","4":"has-post-thumbnail","6":"product_brand-brandp_2387","7":"product_cat-animaux-de-compagnie","8":"product_cat-jouets","9":"product_cat-maison-jardin","10":"product_tag-tag_1279","12":"first","13":"instock","14":"taxable","15":"shipping-taxable","16":"purchasable","17":"product-type-simple"},"yoast_head":"<!-- This site is optimized with the Yoast SEO plugin v27.6 - https:\/\/yoast.com\/product\/yoast-seo-wordpress\/ -->\n<title>d\u00e9guisement pour chien Citrouille Taille M | | Tupique<\/title>\n<meta name=\"description\" content=\"Envie d&#039;acheter d\u00e9guisement pour chien Citrouille Taille M\u00a0? Achetez d\u00e9guisement pour chien Citrouille Taille M maintenant avec Tupique en 3 versements sans int\u00e9r\u00eat.\" \/>\n<meta name=\"robots\" content=\"index, follow, max-snippet:-1, max-image-preview:large, max-video-preview:-1\" \/>\n<link rel=\"canonical\" href=\"https:\/\/tupique.com\/pt\/product\/deguisement-pour-chien-citrouille-taille-m\/\" \/>\n<meta property=\"og:locale\" content=\"pt_PT\" \/>\n<meta property=\"og:type\" content=\"article\" \/>\n<meta property=\"og:title\" content=\"d\u00e9guisement pour chien Citrouille Taille M | | Tupique\" \/>\n<meta property=\"og:description\" content=\"Envie d&#039;acheter d\u00e9guisement pour chien Citrouille Taille M\u00a0? Achetez d\u00e9guisement pour chien Citrouille Taille M maintenant avec Tupique en 3 versements sans int\u00e9r\u00eat.\" \/>\n<meta property=\"og:url\" content=\"https:\/\/tupique.com\/pt\/product\/deguisement-pour-chien-citrouille-taille-m\/\" \/>\n<meta property=\"og:site_name\" content=\"Tupique\" \/>\n<meta property=\"og:image\" content=\"https:\/\/tupique.com\/wp-content\/uploads\/2026\/05\/S1135717_1728890417-no-background1.jpg\" \/>\n\t<meta property=\"og:image:width\" content=\"1200\" \/>\n\t<meta property=\"og:image:height\" content=\"1200\" \/>\n\t<meta property=\"og:image:type\" content=\"image\/jpeg\" \/>\n<meta name=\"twitter:card\" content=\"summary_large_image\" \/>\n<meta name=\"twitter:label1\" content=\"Tempo estimado de leitura\" \/>\n\t<meta name=\"twitter:data1\" content=\"1 minuto\" \/>\n<script type=\"application\/ld+json\" class=\"yoast-schema-graph\">{\"@context\":\"https:\\\/\\\/schema.org\",\"@graph\":[{\"@type\":\"WebPage\",\"@id\":\"https:\\\/\\\/tupique.com\\\/pt\\\/product\\\/deguisement-pour-chien-citrouille-taille-m\\\/\",\"url\":\"https:\\\/\\\/tupique.com\\\/pt\\\/product\\\/deguisement-pour-chien-citrouille-taille-m\\\/\",\"name\":\"d\u00e9guisement pour chien Citrouille Taille M | | Tupique\",\"isPartOf\":{\"@id\":\"https:\\\/\\\/tupique.com\\\/#website\"},\"primaryImageOfPage\":{\"@id\":\"https:\\\/\\\/tupique.com\\\/pt\\\/product\\\/deguisement-pour-chien-citrouille-taille-m\\\/#primaryimage\"},\"image\":{\"@id\":\"https:\\\/\\\/tupique.com\\\/pt\\\/product\\\/deguisement-pour-chien-citrouille-taille-m\\\/#primaryimage\"},\"thumbnailUrl\":\"https:\\\/\\\/tupique.com\\\/wp-content\\\/uploads\\\/2026\\\/05\\\/S1135717_1728890417-no-background1.jpg\",\"datePublished\":\"2026-05-12T06:48:21+00:00\",\"description\":\"Envie d'acheter d\u00e9guisement pour chien Citrouille Taille M\u00a0? Achetez d\u00e9guisement pour chien Citrouille Taille M maintenant avec Tupique en 3 versements sans int\u00e9r\u00eat.\",\"breadcrumb\":{\"@id\":\"https:\\\/\\\/tupique.com\\\/pt\\\/product\\\/deguisement-pour-chien-citrouille-taille-m\\\/#breadcrumb\"},\"inLanguage\":\"pt-PT\",\"potentialAction\":[{\"@type\":\"ReadAction\",\"target\":[\"https:\\\/\\\/tupique.com\\\/pt\\\/product\\\/deguisement-pour-chien-citrouille-taille-m\\\/\"]}]},{\"@type\":\"ImageObject\",\"inLanguage\":\"pt-PT\",\"@id\":\"https:\\\/\\\/tupique.com\\\/pt\\\/product\\\/deguisement-pour-chien-citrouille-taille-m\\\/#primaryimage\",\"url\":\"https:\\\/\\\/tupique.com\\\/wp-content\\\/uploads\\\/2026\\\/05\\\/S1135717_1728890417-no-background1.jpg\",\"contentUrl\":\"https:\\\/\\\/tupique.com\\\/wp-content\\\/uploads\\\/2026\\\/05\\\/S1135717_1728890417-no-background1.jpg\",\"width\":1200,\"height\":1200,\"caption\":\"S1135717_0\"},{\"@type\":\"BreadcrumbList\",\"@id\":\"https:\\\/\\\/tupique.com\\\/pt\\\/product\\\/deguisement-pour-chien-citrouille-taille-m\\\/#breadcrumb\",\"itemListElement\":[{\"@type\":\"ListItem\",\"position\":1,\"name\":\"commencer\",\"item\":\"https:\\\/\\\/tupique.com\\\/\"},{\"@type\":\"ListItem\",\"position\":2,\"name\":\"Loja\",\"item\":\"https:\\\/\\\/tupique.com\\\/pt\\\/loja\\\/\"},{\"@type\":\"ListItem\",\"position\":3,\"name\":\"d\u00e9guisement pour chien Citrouille Taille M\"}]},{\"@type\":\"WebSite\",\"@id\":\"https:\\\/\\\/tupique.com\\\/#website\",\"url\":\"https:\\\/\\\/tupique.com\\\/\",\"name\":\"Tupique\",\"description\":\"\",\"publisher\":{\"@id\":\"https:\\\/\\\/tupique.com\\\/#organization\"},\"potentialAction\":[{\"@type\":\"SearchAction\",\"target\":{\"@type\":\"EntryPoint\",\"urlTemplate\":\"https:\\\/\\\/tupique.com\\\/?s={search_term_string}\"},\"query-input\":{\"@type\":\"PropertyValueSpecification\",\"valueRequired\":true,\"valueName\":\"search_term_string\"}}],\"inLanguage\":\"pt-PT\"},{\"@type\":\"Organization\",\"@id\":\"https:\\\/\\\/tupique.com\\\/#organization\",\"name\":\"Tupique\",\"url\":\"https:\\\/\\\/tupique.com\\\/\",\"logo\":{\"@type\":\"ImageObject\",\"inLanguage\":\"pt-PT\",\"@id\":\"https:\\\/\\\/tupique.com\\\/#\\\/schema\\\/logo\\\/image\\\/\",\"url\":\"https:\\\/\\\/tupique.com\\\/wp-content\\\/uploads\\\/2026\\\/03\\\/logo-tupique-1.webp\",\"contentUrl\":\"https:\\\/\\\/tupique.com\\\/wp-content\\\/uploads\\\/2026\\\/03\\\/logo-tupique-1.webp\",\"width\":500,\"height\":67,\"caption\":\"Tupique\"},\"image\":{\"@id\":\"https:\\\/\\\/tupique.com\\\/#\\\/schema\\\/logo\\\/image\\\/\"}}]}<\/script>\n<!-- \/ Yoast SEO plugin. -->","yoast_head_json":{"title":"d\u00e9guisement pour chien Citrouille Taille M | | Tupique","description":"Envie d'acheter d\u00e9guisement pour chien Citrouille Taille M\u00a0? Achetez d\u00e9guisement pour chien Citrouille Taille M maintenant avec Tupique en 3 versements sans int\u00e9r\u00eat.","robots":{"index":"index","follow":"follow","max-snippet":"max-snippet:-1","max-image-preview":"max-image-preview:large","max-video-preview":"max-video-preview:-1"},"canonical":"https:\/\/tupique.com\/pt\/product\/deguisement-pour-chien-citrouille-taille-m\/","og_locale":"pt_PT","og_type":"article","og_title":"d\u00e9guisement pour chien Citrouille Taille M | | Tupique","og_description":"Envie d'acheter d\u00e9guisement pour chien Citrouille Taille M\u00a0? Achetez d\u00e9guisement pour chien Citrouille Taille M maintenant avec Tupique en 3 versements sans int\u00e9r\u00eat.","og_url":"https:\/\/tupique.com\/pt\/product\/deguisement-pour-chien-citrouille-taille-m\/","og_site_name":"Tupique","og_image":[{"width":1200,"height":1200,"url":"https:\/\/tupique.com\/wp-content\/uploads\/2026\/05\/S1135717_1728890417-no-background1.jpg","type":"image\/jpeg"}],"twitter_card":"summary_large_image","twitter_misc":{"Tempo estimado de leitura":"1 minuto"},"schema":{"@context":"https:\/\/schema.org","@graph":[{"@type":"WebPage","@id":"https:\/\/tupique.com\/pt\/product\/deguisement-pour-chien-citrouille-taille-m\/","url":"https:\/\/tupique.com\/pt\/product\/deguisement-pour-chien-citrouille-taille-m\/","name":"d\u00e9guisement pour chien Citrouille Taille M | | Tupique","isPartOf":{"@id":"https:\/\/tupique.com\/#website"},"primaryImageOfPage":{"@id":"https:\/\/tupique.com\/pt\/product\/deguisement-pour-chien-citrouille-taille-m\/#primaryimage"},"image":{"@id":"https:\/\/tupique.com\/pt\/product\/deguisement-pour-chien-citrouille-taille-m\/#primaryimage"},"thumbnailUrl":"https:\/\/tupique.com\/wp-content\/uploads\/2026\/05\/S1135717_1728890417-no-background1.jpg","datePublished":"2026-05-12T06:48:21+00:00","description":"Envie d'acheter d\u00e9guisement pour chien Citrouille Taille M\u00a0? Achetez d\u00e9guisement pour chien Citrouille Taille M maintenant avec Tupique en 3 versements sans int\u00e9r\u00eat.","breadcrumb":{"@id":"https:\/\/tupique.com\/pt\/product\/deguisement-pour-chien-citrouille-taille-m\/#breadcrumb"},"inLanguage":"pt-PT","potentialAction":[{"@type":"ReadAction","target":["https:\/\/tupique.com\/pt\/product\/deguisement-pour-chien-citrouille-taille-m\/"]}]},{"@type":"ImageObject","inLanguage":"pt-PT","@id":"https:\/\/tupique.com\/pt\/product\/deguisement-pour-chien-citrouille-taille-m\/#primaryimage","url":"https:\/\/tupique.com\/wp-content\/uploads\/2026\/05\/S1135717_1728890417-no-background1.jpg","contentUrl":"https:\/\/tupique.com\/wp-content\/uploads\/2026\/05\/S1135717_1728890417-no-background1.jpg","width":1200,"height":1200,"caption":"S1135717_0"},{"@type":"BreadcrumbList","@id":"https:\/\/tupique.com\/pt\/product\/deguisement-pour-chien-citrouille-taille-m\/#breadcrumb","itemListElement":[{"@type":"ListItem","position":1,"name":"commencer","item":"https:\/\/tupique.com\/"},{"@type":"ListItem","position":2,"name":"Loja","item":"https:\/\/tupique.com\/pt\/loja\/"},{"@type":"ListItem","position":3,"name":"d\u00e9guisement pour chien Citrouille Taille M"}]},{"@type":"WebSite","@id":"https:\/\/tupique.com\/#website","url":"https:\/\/tupique.com\/","name":"Tupique","description":"","publisher":{"@id":"https:\/\/tupique.com\/#organization"},"potentialAction":[{"@type":"SearchAction","target":{"@type":"EntryPoint","urlTemplate":"https:\/\/tupique.com\/?s={search_term_string}"},"query-input":{"@type":"PropertyValueSpecification","valueRequired":true,"valueName":"search_term_string"}}],"inLanguage":"pt-PT"},{"@type":"Organization","@id":"https:\/\/tupique.com\/#organization","name":"Tupique","url":"https:\/\/tupique.com\/","logo":{"@type":"ImageObject","inLanguage":"pt-PT","@id":"https:\/\/tupique.com\/#\/schema\/logo\/image\/","url":"https:\/\/tupique.com\/wp-content\/uploads\/2026\/03\/logo-tupique-1.webp","contentUrl":"https:\/\/tupique.com\/wp-content\/uploads\/2026\/03\/logo-tupique-1.webp","width":500,"height":67,"caption":"Tupique"},"image":{"@id":"https:\/\/tupique.com\/#\/schema\/logo\/image\/"}}]}},"_links":{"self":[{"href":"https:\/\/tupique.com\/pt\/wp-json\/wp\/v2\/product\/197994","targetHints":{"allow":["GET"]}}],"collection":[{"href":"https:\/\/tupique.com\/pt\/wp-json\/wp\/v2\/product"}],"about":[{"href":"https:\/\/tupique.com\/pt\/wp-json\/wp\/v2\/types\/product"}],"replies":[{"embeddable":true,"href":"https:\/\/tupique.com\/pt\/wp-json\/wp\/v2\/comments?post=197994"}],"wp:featuredmedia":[{"embeddable":true,"href":"https:\/\/tupique.com\/pt\/wp-json\/wp\/v2\/media\/197990"}],"wp:attachment":[{"href":"https:\/\/tupique.com\/pt\/wp-json\/wp\/v2\/media?parent=197994"}],"wp:term":[{"taxonomy":"product_brand","embeddable":true,"href":"https:\/\/tupique.com\/pt\/wp-json\/wp\/v2\/product_brand?post=197994"},{"taxonomy":"product_cat","embeddable":true,"href":"https:\/\/tupique.com\/pt\/wp-json\/wp\/v2\/product_cat?post=197994"},{"taxonomy":"product_tag","embeddable":true,"href":"https:\/\/tupique.com\/pt\/wp-json\/wp\/v2\/product_tag?post=197994"},{"taxonomy":"woo-feed-brand","embeddable":true,"href":"https:\/\/tupique.com\/pt\/wp-json\/wp\/v2\/woo-feed-brand?post=197994"}],"curies":[{"name":"wp","href":"https:\/\/api.w.org\/{rel}","templated":true}]}}