{"id":197998,"date":"2026-05-12T08:48:30","date_gmt":"2026-05-12T06:48:30","guid":{"rendered":"https:\/\/tupique.com\/product\/deguisement-pour-chien-taille-m-requin\/"},"modified":"2026-05-12T09:00:12","modified_gmt":"2026-05-12T07:00:12","slug":"deguisement-pour-chien-taille-m-requin","status":"publish","type":"product","link":"https:\/\/tupique.com\/pt\/product\/deguisement-pour-chien-taille-m-requin\/","title":{"rendered":"d\u00e9guisement pour chien Taille M Requin"},"content":{"rendered":"<p>Si vous \u00eates \u00e0 la recherche de nouvelles tendances sur le march\u00e9, nous vous pr\u00e9sentons <b>d\u00e9guisement pour chien Taille M Requin<\/b> !<\/p>\n<p>Ler <b>d\u00e9guisement pour chien<\/b> de la marque <b>BigBuy Pets<\/b> est une solution cr\u00e9ative et amusante, id\u00e9ale pour les f\u00eates et \u00e9v\u00e9nements \u00e0 th\u00e8me, sp\u00e9cialement con\u00e7u pour c\u00e9l\u00e9brer <b>Halloween<\/b> avec style et originalit\u00e9. Ce d\u00e9guisement, en <b>taille M<\/b>, est pens\u00e9 pour s\u2019adapter confortablement aux chiens de taille moyenne, offrant un ajustement s\u00fbr qui permet une libert\u00e9 de mouvement essentielle au bien-\u00eatre de votre animal lors de r\u00e9unions, s\u00e9ances photo ou promenades \u00e0 th\u00e8me. Son design s\u2019inspire de la silhouette d\u2019un <b>requin<\/b>, apportant un aspect remarquable et ludique qui attire l\u2019attention des enfants comme des adultes, tout en garantissant l\u00e9g\u00e8ret\u00e9 et facilit\u00e9 d\u2019enfilage et de retrait. Fabriqu\u00e9 dans des mat\u00e9riaux con\u00e7us pour le confort de l\u2019animal, ce d\u00e9guisement allie fonctionnalit\u00e9 et esth\u00e9tique, permettant \u00e0 votre chien de participer en toute s\u00e9curit\u00e9 aux c\u00e9l\u00e9brations et ambiances festives sans sacrifier son confort. Un choix polyvalent pour Halloween ou d\u2019autres occasions festives, ce mod\u00e8le est parfait pour ceux qui souhaitent mettre en valeur la personnalit\u00e9 de leur animal de fa\u00e7on sympathique et m\u00e9morable.<\/p>\n<ul>\n<li>Taille: Taille M<\/li>\n<li>Tipo:\n<ul>\n<li>Halloween<\/li>\n<li>d\u00e9guisement pour chien<\/li>\n<\/ul>\n<\/li>\n<li>Mod\u00e8le: Requin<\/li>\n<\/ul>","protected":false},"excerpt":{"rendered":"<p>Si vous \u00eates \u00e0 la recherche de nouvelles tendances sur le march\u00e9, nous vous pr\u00e9sentons d\u00e9guisement pour chien Taille M Requin ! Le d\u00e9guisement pour chien de la marque BigBuy Pets est une solution cr\u00e9ative et amusante, id\u00e9ale pour les f\u00eates et \u00e9v\u00e9nements \u00e0 th\u00e8me, sp\u00e9cialement con\u00e7u pour c\u00e9l\u00e9brer Halloween avec style et originalit\u00e9. Ce [&hellip;]<\/p>\n","protected":false},"featured_media":197995,"comment_status":"open","ping_status":"closed","template":"","meta":[],"product_brand":[2865],"product_cat":[621,786,239],"product_tag":[104],"woo-feed-brand":[],"class_list":{"0":"post-197998","1":"product","2":"type-product","3":"status-publish","4":"has-post-thumbnail","6":"product_brand-brandp_2387","7":"product_cat-animaux-de-compagnie","8":"product_cat-jouets","9":"product_cat-maison-jardin","10":"product_tag-tag_1279","12":"first","13":"instock","14":"taxable","15":"shipping-taxable","16":"purchasable","17":"product-type-simple"},"yoast_head":"<!-- This site is optimized with the Yoast SEO plugin v27.6 - https:\/\/yoast.com\/product\/yoast-seo-wordpress\/ -->\n<title>d\u00e9guisement pour chien Taille M Requin | | Tupique<\/title>\n<meta name=\"description\" content=\"Envie d&#039;acheter d\u00e9guisement pour chien Taille M Requin\u00a0? Achetez d\u00e9guisement pour chien Taille M Requin maintenant avec Tupique en 3 versements sans int\u00e9r\u00eat.\" \/>\n<meta name=\"robots\" content=\"index, follow, max-snippet:-1, max-image-preview:large, max-video-preview:-1\" \/>\n<link rel=\"canonical\" href=\"https:\/\/tupique.com\/pt\/product\/deguisement-pour-chien-taille-m-requin\/\" \/>\n<meta property=\"og:locale\" content=\"pt_PT\" \/>\n<meta property=\"og:type\" content=\"article\" \/>\n<meta property=\"og:title\" content=\"d\u00e9guisement pour chien Taille M Requin | | Tupique\" \/>\n<meta property=\"og:description\" content=\"Envie d&#039;acheter d\u00e9guisement pour chien Taille M Requin\u00a0? Achetez d\u00e9guisement pour chien Taille M Requin maintenant avec Tupique en 3 versements sans int\u00e9r\u00eat.\" \/>\n<meta property=\"og:url\" content=\"https:\/\/tupique.com\/pt\/product\/deguisement-pour-chien-taille-m-requin\/\" \/>\n<meta property=\"og:site_name\" content=\"Tupique\" \/>\n<meta property=\"article:modified_time\" content=\"2026-05-12T07:00:12+00:00\" \/>\n<meta property=\"og:image\" content=\"https:\/\/tupique.com\/wp-content\/uploads\/2026\/05\/S1136180_1728890453-no-background2.jpg\" \/>\n\t<meta property=\"og:image:width\" content=\"1200\" \/>\n\t<meta property=\"og:image:height\" content=\"1200\" \/>\n\t<meta property=\"og:image:type\" content=\"image\/jpeg\" \/>\n<meta name=\"twitter:card\" content=\"summary_large_image\" \/>\n<meta name=\"twitter:label1\" content=\"Tempo estimado de leitura\" \/>\n\t<meta name=\"twitter:data1\" content=\"1 minuto\" \/>\n<script type=\"application\/ld+json\" class=\"yoast-schema-graph\">{\"@context\":\"https:\\\/\\\/schema.org\",\"@graph\":[{\"@type\":\"WebPage\",\"@id\":\"https:\\\/\\\/tupique.com\\\/pt\\\/product\\\/deguisement-pour-chien-taille-m-requin\\\/\",\"url\":\"https:\\\/\\\/tupique.com\\\/pt\\\/product\\\/deguisement-pour-chien-taille-m-requin\\\/\",\"name\":\"d\u00e9guisement pour chien Taille M Requin | | Tupique\",\"isPartOf\":{\"@id\":\"https:\\\/\\\/tupique.com\\\/#website\"},\"primaryImageOfPage\":{\"@id\":\"https:\\\/\\\/tupique.com\\\/pt\\\/product\\\/deguisement-pour-chien-taille-m-requin\\\/#primaryimage\"},\"image\":{\"@id\":\"https:\\\/\\\/tupique.com\\\/pt\\\/product\\\/deguisement-pour-chien-taille-m-requin\\\/#primaryimage\"},\"thumbnailUrl\":\"https:\\\/\\\/tupique.com\\\/wp-content\\\/uploads\\\/2026\\\/05\\\/S1136180_1728890453-no-background2.jpg\",\"datePublished\":\"2026-05-12T06:48:30+00:00\",\"dateModified\":\"2026-05-12T07:00:12+00:00\",\"description\":\"Envie d'acheter d\u00e9guisement pour chien Taille M Requin\u00a0? Achetez d\u00e9guisement pour chien Taille M Requin maintenant avec Tupique en 3 versements sans int\u00e9r\u00eat.\",\"breadcrumb\":{\"@id\":\"https:\\\/\\\/tupique.com\\\/pt\\\/product\\\/deguisement-pour-chien-taille-m-requin\\\/#breadcrumb\"},\"inLanguage\":\"pt-PT\",\"potentialAction\":[{\"@type\":\"ReadAction\",\"target\":[\"https:\\\/\\\/tupique.com\\\/pt\\\/product\\\/deguisement-pour-chien-taille-m-requin\\\/\"]}]},{\"@type\":\"ImageObject\",\"inLanguage\":\"pt-PT\",\"@id\":\"https:\\\/\\\/tupique.com\\\/pt\\\/product\\\/deguisement-pour-chien-taille-m-requin\\\/#primaryimage\",\"url\":\"https:\\\/\\\/tupique.com\\\/wp-content\\\/uploads\\\/2026\\\/05\\\/S1136180_1728890453-no-background2.jpg\",\"contentUrl\":\"https:\\\/\\\/tupique.com\\\/wp-content\\\/uploads\\\/2026\\\/05\\\/S1136180_1728890453-no-background2.jpg\",\"width\":1200,\"height\":1200,\"caption\":\"S1136180_0\"},{\"@type\":\"BreadcrumbList\",\"@id\":\"https:\\\/\\\/tupique.com\\\/pt\\\/product\\\/deguisement-pour-chien-taille-m-requin\\\/#breadcrumb\",\"itemListElement\":[{\"@type\":\"ListItem\",\"position\":1,\"name\":\"commencer\",\"item\":\"https:\\\/\\\/tupique.com\\\/\"},{\"@type\":\"ListItem\",\"position\":2,\"name\":\"Loja\",\"item\":\"https:\\\/\\\/tupique.com\\\/pt\\\/loja\\\/\"},{\"@type\":\"ListItem\",\"position\":3,\"name\":\"d\u00e9guisement pour chien Taille M Requin\"}]},{\"@type\":\"WebSite\",\"@id\":\"https:\\\/\\\/tupique.com\\\/#website\",\"url\":\"https:\\\/\\\/tupique.com\\\/\",\"name\":\"Tupique\",\"description\":\"\",\"publisher\":{\"@id\":\"https:\\\/\\\/tupique.com\\\/#organization\"},\"potentialAction\":[{\"@type\":\"SearchAction\",\"target\":{\"@type\":\"EntryPoint\",\"urlTemplate\":\"https:\\\/\\\/tupique.com\\\/?s={search_term_string}\"},\"query-input\":{\"@type\":\"PropertyValueSpecification\",\"valueRequired\":true,\"valueName\":\"search_term_string\"}}],\"inLanguage\":\"pt-PT\"},{\"@type\":\"Organization\",\"@id\":\"https:\\\/\\\/tupique.com\\\/#organization\",\"name\":\"Tupique\",\"url\":\"https:\\\/\\\/tupique.com\\\/\",\"logo\":{\"@type\":\"ImageObject\",\"inLanguage\":\"pt-PT\",\"@id\":\"https:\\\/\\\/tupique.com\\\/#\\\/schema\\\/logo\\\/image\\\/\",\"url\":\"https:\\\/\\\/tupique.com\\\/wp-content\\\/uploads\\\/2026\\\/03\\\/logo-tupique-1.webp\",\"contentUrl\":\"https:\\\/\\\/tupique.com\\\/wp-content\\\/uploads\\\/2026\\\/03\\\/logo-tupique-1.webp\",\"width\":500,\"height\":67,\"caption\":\"Tupique\"},\"image\":{\"@id\":\"https:\\\/\\\/tupique.com\\\/#\\\/schema\\\/logo\\\/image\\\/\"}}]}<\/script>\n<!-- \/ Yoast SEO plugin. -->","yoast_head_json":{"title":"d\u00e9guisement pour chien Taille M Requin | | Tupique","description":"Envie d'acheter d\u00e9guisement pour chien Taille M Requin\u00a0? Achetez d\u00e9guisement pour chien Taille M Requin maintenant avec Tupique en 3 versements sans int\u00e9r\u00eat.","robots":{"index":"index","follow":"follow","max-snippet":"max-snippet:-1","max-image-preview":"max-image-preview:large","max-video-preview":"max-video-preview:-1"},"canonical":"https:\/\/tupique.com\/pt\/product\/deguisement-pour-chien-taille-m-requin\/","og_locale":"pt_PT","og_type":"article","og_title":"d\u00e9guisement pour chien Taille M Requin | | Tupique","og_description":"Envie d'acheter d\u00e9guisement pour chien Taille M Requin\u00a0? Achetez d\u00e9guisement pour chien Taille M Requin maintenant avec Tupique en 3 versements sans int\u00e9r\u00eat.","og_url":"https:\/\/tupique.com\/pt\/product\/deguisement-pour-chien-taille-m-requin\/","og_site_name":"Tupique","article_modified_time":"2026-05-12T07:00:12+00:00","og_image":[{"width":1200,"height":1200,"url":"https:\/\/tupique.com\/wp-content\/uploads\/2026\/05\/S1136180_1728890453-no-background2.jpg","type":"image\/jpeg"}],"twitter_card":"summary_large_image","twitter_misc":{"Tempo estimado de leitura":"1 minuto"},"schema":{"@context":"https:\/\/schema.org","@graph":[{"@type":"WebPage","@id":"https:\/\/tupique.com\/pt\/product\/deguisement-pour-chien-taille-m-requin\/","url":"https:\/\/tupique.com\/pt\/product\/deguisement-pour-chien-taille-m-requin\/","name":"d\u00e9guisement pour chien Taille M Requin | | Tupique","isPartOf":{"@id":"https:\/\/tupique.com\/#website"},"primaryImageOfPage":{"@id":"https:\/\/tupique.com\/pt\/product\/deguisement-pour-chien-taille-m-requin\/#primaryimage"},"image":{"@id":"https:\/\/tupique.com\/pt\/product\/deguisement-pour-chien-taille-m-requin\/#primaryimage"},"thumbnailUrl":"https:\/\/tupique.com\/wp-content\/uploads\/2026\/05\/S1136180_1728890453-no-background2.jpg","datePublished":"2026-05-12T06:48:30+00:00","dateModified":"2026-05-12T07:00:12+00:00","description":"Envie d'acheter d\u00e9guisement pour chien Taille M Requin\u00a0? Achetez d\u00e9guisement pour chien Taille M Requin maintenant avec Tupique en 3 versements sans int\u00e9r\u00eat.","breadcrumb":{"@id":"https:\/\/tupique.com\/pt\/product\/deguisement-pour-chien-taille-m-requin\/#breadcrumb"},"inLanguage":"pt-PT","potentialAction":[{"@type":"ReadAction","target":["https:\/\/tupique.com\/pt\/product\/deguisement-pour-chien-taille-m-requin\/"]}]},{"@type":"ImageObject","inLanguage":"pt-PT","@id":"https:\/\/tupique.com\/pt\/product\/deguisement-pour-chien-taille-m-requin\/#primaryimage","url":"https:\/\/tupique.com\/wp-content\/uploads\/2026\/05\/S1136180_1728890453-no-background2.jpg","contentUrl":"https:\/\/tupique.com\/wp-content\/uploads\/2026\/05\/S1136180_1728890453-no-background2.jpg","width":1200,"height":1200,"caption":"S1136180_0"},{"@type":"BreadcrumbList","@id":"https:\/\/tupique.com\/pt\/product\/deguisement-pour-chien-taille-m-requin\/#breadcrumb","itemListElement":[{"@type":"ListItem","position":1,"name":"commencer","item":"https:\/\/tupique.com\/"},{"@type":"ListItem","position":2,"name":"Loja","item":"https:\/\/tupique.com\/pt\/loja\/"},{"@type":"ListItem","position":3,"name":"d\u00e9guisement pour chien Taille M Requin"}]},{"@type":"WebSite","@id":"https:\/\/tupique.com\/#website","url":"https:\/\/tupique.com\/","name":"Tupique","description":"","publisher":{"@id":"https:\/\/tupique.com\/#organization"},"potentialAction":[{"@type":"SearchAction","target":{"@type":"EntryPoint","urlTemplate":"https:\/\/tupique.com\/?s={search_term_string}"},"query-input":{"@type":"PropertyValueSpecification","valueRequired":true,"valueName":"search_term_string"}}],"inLanguage":"pt-PT"},{"@type":"Organization","@id":"https:\/\/tupique.com\/#organization","name":"Tupique","url":"https:\/\/tupique.com\/","logo":{"@type":"ImageObject","inLanguage":"pt-PT","@id":"https:\/\/tupique.com\/#\/schema\/logo\/image\/","url":"https:\/\/tupique.com\/wp-content\/uploads\/2026\/03\/logo-tupique-1.webp","contentUrl":"https:\/\/tupique.com\/wp-content\/uploads\/2026\/03\/logo-tupique-1.webp","width":500,"height":67,"caption":"Tupique"},"image":{"@id":"https:\/\/tupique.com\/#\/schema\/logo\/image\/"}}]}},"_links":{"self":[{"href":"https:\/\/tupique.com\/pt\/wp-json\/wp\/v2\/product\/197998","targetHints":{"allow":["GET"]}}],"collection":[{"href":"https:\/\/tupique.com\/pt\/wp-json\/wp\/v2\/product"}],"about":[{"href":"https:\/\/tupique.com\/pt\/wp-json\/wp\/v2\/types\/product"}],"replies":[{"embeddable":true,"href":"https:\/\/tupique.com\/pt\/wp-json\/wp\/v2\/comments?post=197998"}],"wp:featuredmedia":[{"embeddable":true,"href":"https:\/\/tupique.com\/pt\/wp-json\/wp\/v2\/media\/197995"}],"wp:attachment":[{"href":"https:\/\/tupique.com\/pt\/wp-json\/wp\/v2\/media?parent=197998"}],"wp:term":[{"taxonomy":"product_brand","embeddable":true,"href":"https:\/\/tupique.com\/pt\/wp-json\/wp\/v2\/product_brand?post=197998"},{"taxonomy":"product_cat","embeddable":true,"href":"https:\/\/tupique.com\/pt\/wp-json\/wp\/v2\/product_cat?post=197998"},{"taxonomy":"product_tag","embeddable":true,"href":"https:\/\/tupique.com\/pt\/wp-json\/wp\/v2\/product_tag?post=197998"},{"taxonomy":"woo-feed-brand","embeddable":true,"href":"https:\/\/tupique.com\/pt\/wp-json\/wp\/v2\/woo-feed-brand?post=197998"}],"curies":[{"name":"wp","href":"https:\/\/api.w.org\/{rel}","templated":true}]}}