{"id":198026,"date":"2026-05-12T09:00:40","date_gmt":"2026-05-12T07:00:40","guid":{"rendered":"https:\/\/tupique.com\/product\/porte-serviettes-electrique-pour-mur-ou-sol-towarall-innovagoods-10-barres\/"},"modified":"2026-05-12T09:00:40","modified_gmt":"2026-05-12T07:00:40","slug":"porte-serviettes-electrique-pour-mur-ou-sol-towarall-innovagoods-10-barres","status":"publish","type":"product","link":"https:\/\/tupique.com\/pt\/product\/porte-serviettes-electrique-pour-mur-ou-sol-towarall-innovagoods-10-barres\/","title":{"rendered":"Porte-serviettes \u00e9lectrique pour mur ou sol Towarall InnovaGoods 10 Barres"},"content":{"rendered":"<div class=\"col-md-6\"><b>InnovaGoods<\/b> vous offre les meilleures nouveaut\u00e9s pour la maison, comme <b>Porte-serviettes \u00e9lectrique pour mur ou sol Towarall InnovaGoods 10 Barres <\/b> ! D\u00e9couvrez une vaste gamme de produits de qualit\u00e9 qui se d\u00e9marquent de par leur fonctionnalit\u00e9, leur efficacit\u00e9 et leur design innovant : \u00e9clairage, organisation, d\u00e9coration, climatisation, jardin, animaux domestiques, nettoyage, etc.<\/p>\n<p>Ce <b>s\u00e8che-serviettes \u00e9lectrique mural ou \u00e0 poser<\/b> vous permet de s\u00e9cher vos serviettes de fa\u00e7on rapide et pratique. Il est \u00e9galement tr\u00e8s utile en hiver pour r\u00e9chauffer les serviettes. Accessoires de montage inclus. IP44. Minuterie&nbsp;: 2-4&nbsp;h. Temp\u00e9rature&nbsp;: 55&nbsp;\u00b0C max. Puissance&nbsp;: 260 W.<\/p>\n<p>Un <b>s\u00e8che-serviettes mural ou \u00e0 poser&nbsp;<\/b>tr\u00e8s polyvalent et pratique gr\u00e2ce \u00e0 son design original qui permet 2 positions. Son style minimaliste apporte une touche d\u2019\u00e9l\u00e9gance \u00e0 la d\u00e9coration de votre salle de bains.<\/p>\n<ul>\n<li><b>S\u00e8che-serviettes moderne et \u00e9l\u00e9gant&nbsp;<\/b>: notre s\u00e8che-serviettes \u00e9lectrique mural ou \u00e0 poser est id\u00e9al pour suspendre plusieurs serviettes et les s\u00e9cher ou les r\u00e9chauffer rapidement et efficacement. Un s\u00e8che-serviettes mural ou \u00e0 poser tr\u00e8s r\u00e9sistant en acier au carbone et PC. Son design discret et compact lui permet de s\u2019int\u00e9grer facilement \u00e0 la d\u00e9coration de votre salle de bains.<\/li>\n<li><b>2 en 1, s\u00e8che-serviettes mural ou \u00e0 poser&nbsp;<\/b>: ce s\u00e8che-serviettes \u00e9lectrique est tr\u00e8s polyvalent gr\u00e2ce \u00e0 son design original multiposition qui permet de le placer dans 2 positions&nbsp;: appuy\u00e9 au sol ou accroch\u00e9 au mur. Comprend des instructions et des accessoires de montage. Peut \u00eatre utilis\u00e9 comme un s\u00e8che-serviettes classique sans raccordement au r\u00e9seau \u00e9lectrique.<\/li>\n<li><b>Grandes barres chauffantes&nbsp;<\/b>: ce s\u00e8che-serviettes \u00e9lectrique mural et \u00e0 poser est tr\u00e8s efficace, car ses barres de 6&nbsp;cm offrent une plus grande surface de chauffe, ce qui acc\u00e9l\u00e8re le temps de s\u00e9chage et r\u00e9duit la consommation d\u2019\u00e9lectricit\u00e9.<\/li>\n<li><b>S\u00e9chage rapide, hygi\u00e9nique et s\u00fbr&nbsp;<\/b>: notre s\u00e8che-serviettes mural et \u00e0 poser est parfait pour maintenir les serviettes toujours s\u00e8ches et chaudes, ce qui procure une sensation agr\u00e9able lors de leur utilisation. Il contribue \u00e9galement \u00e0 r\u00e9duire le taux d\u2019humidit\u00e9 dans la salle de bains, \u00e0 pr\u00e9venir les moisissures et les mauvaises odeurs. Protection IP44. Faible consommation. Temp\u00e9rature maximale&nbsp;: 55&nbsp;\u00b0C environ. Puissance&nbsp;: 260 W.<\/li>\n<li><b>Minuterie, arr\u00eat automatique&nbsp;<\/b>: ce s\u00e8che-serviettes mural ou \u00e0 poser dispose d\u2019un bouton marche\/arr\u00eat et d\u2019un autre bouton qui active la minuterie en s\u00e9lectionnant l\u2019arr\u00eat automatique au bout de 2 ou 4 heures. Type de prise&nbsp;: F. Longueur du c\u00e2ble&nbsp;: environ 140&nbsp;cm.<\/li>\n<\/ul>\n<ul>\n<li>Mat\u00e9riel:\n<ul>\n<li>Polycarbonate<\/li>\n<li>Acier au carbone<\/li>\n<\/ul>\n<\/li>\n<li>Couleur: Noir<\/li>\n<li>Type: Porte-serviettes \u00e9lectrique pour mur ou sol<\/li>\n<li>S\u00e9chage rapide: Id\u00e9al pour le s\u00e9chage ou le chauffage des serviettes<\/li>\n<li>Capacit\u00e9: 10 Barres<\/li>\n<li>Minuterie: 2 h &#8211; 4 h<\/li>\n<li>Temp\u00e9rature max.: 55 \u00baC<\/li>\n<li>Classification IP: IP44<\/li>\n<li>Caract\u00e9ristiques: Faible consommation<\/li>\n<li>Inclut:\n<ul>\n<li>Accessoires de montage<\/li>\n<li>Instructions de montage<\/li>\n<\/ul>\n<\/li>\n<li>Longueur du c\u00e2ble: 140 cm<\/li>\n<li>Type de prise: F<\/li>\n<li>puissance: 260 W<\/li>\n<li>AC In: 220-240 V \/ 50 Hz<\/li>\n<li>Dimensions approx.:\n<ul>\n<li>50 x 100 x 10 cm<\/li>\n<li>50 x 102,5 x 35 cm<\/li>\n<\/ul>\n<\/li>\n<\/ul>\n<p>Packaging et manuel en 24 langues: anglais, fran\u00e7ais, espagnol, allemand, italien, portugais, n\u00e9erlandais, polonais, hongrois, roumain, danois, su\u00e9dois, finnois, lituanien, norv\u00e9gien, slov\u00e8ne, grec, tch\u00e8que, bulgare, croate, slovaque, estonien, russe, letton.<\/p><\/div>\n<div class=\"col-md-6\">\n<div class=\"embed-responsive embed-responsive-16by9\"><iframe class=\"embed-responsive-item\" src=\"https:\/\/www.youtube.com\/embed\/AnHj6NtP2xQ\" frameborder=\"0\" allowfullscreen><\/iframe><\/div>\n<\/div>","protected":false},"excerpt":{"rendered":"<p>InnovaGoods vous offre les meilleures nouveaut\u00e9s pour la maison, comme Porte-serviettes \u00e9lectrique pour mur ou sol Towarall InnovaGoods 10 Barres ! D\u00e9couvrez une vaste gamme de produits de qualit\u00e9 qui se d\u00e9marquent de par leur fonctionnalit\u00e9, leur efficacit\u00e9 et leur design innovant : \u00e9clairage, organisation, d\u00e9coration, climatisation, jardin, animaux domestiques, nettoyage, etc. Ce s\u00e8che-serviettes \u00e9lectrique [&hellip;]<\/p>\n","protected":false},"featured_media":198016,"comment_status":"open","ping_status":"closed","template":"","meta":[],"product_brand":[256],"product_cat":[63,64,1797,239,1552,780,1796],"product_tag":[208,56,210],"woo-feed-brand":[],"class_list":{"0":"post-198026","1":"product","2":"type-product","3":"status-publish","4":"has-post-thumbnail","6":"product_brand-brandp_1281","7":"product_cat-cadeaux-originaux","8":"product_cat-cadeaux-pour-la-maison","9":"product_cat-idees-pour-la-maison","10":"product_cat-maison-jardin","11":"product_cat-rideaux-et-tapis","12":"product_cat-salle-de-bain","13":"product_cat-teleachat-vu-a-la-television","14":"product_tag-tag_587","15":"product_tag-tag_930","16":"product_tag-tag_25","18":"first","19":"instock","20":"taxable","21":"shipping-taxable","22":"purchasable","23":"product-type-simple"},"yoast_head":"<!-- This site is optimized with the Yoast SEO plugin v27.6 - https:\/\/yoast.com\/product\/yoast-seo-wordpress\/ -->\n<title>Porte-serviettes \u00e9lectrique pour mur ou sol Towarall InnovaGoods 10 Barres | | Tupique<\/title>\n<meta name=\"description\" content=\"Envie d&#039;acheter Porte-serviettes \u00e9lectrique pour mur ou sol Towarall InnovaGoods 10 Barres\u00a0? Achetez Porte-serviettes \u00e9lectrique pour mur ou sol Towarall InnovaGoods 10 Barres maintenant avec Tupique en 3 versements sans int\u00e9r\u00eat.\" \/>\n<meta name=\"robots\" content=\"index, follow, max-snippet:-1, max-image-preview:large, max-video-preview:-1\" \/>\n<link rel=\"canonical\" href=\"https:\/\/tupique.com\/pt\/product\/porte-serviettes-electrique-pour-mur-ou-sol-towarall-innovagoods-10-barres\/\" \/>\n<meta property=\"og:locale\" content=\"pt_PT\" \/>\n<meta property=\"og:type\" content=\"article\" \/>\n<meta property=\"og:title\" content=\"Porte-serviettes \u00e9lectrique pour mur ou sol Towarall InnovaGoods 10 Barres | | Tupique\" \/>\n<meta property=\"og:description\" content=\"Envie d&#039;acheter Porte-serviettes \u00e9lectrique pour mur ou sol Towarall InnovaGoods 10 Barres\u00a0? Achetez Porte-serviettes \u00e9lectrique pour mur ou sol Towarall InnovaGoods 10 Barres maintenant avec Tupique en 3 versements sans int\u00e9r\u00eat.\" \/>\n<meta property=\"og:url\" content=\"https:\/\/tupique.com\/pt\/product\/porte-serviettes-electrique-pour-mur-ou-sol-towarall-innovagoods-10-barres\/\" \/>\n<meta property=\"og:site_name\" content=\"Tupique\" \/>\n<meta property=\"og:image\" content=\"https:\/\/tupique.com\/wp-content\/uploads\/2026\/05\/v0103932_000_mkt1-1.jpg\" \/>\n\t<meta property=\"og:image:width\" content=\"1200\" \/>\n\t<meta property=\"og:image:height\" content=\"1200\" \/>\n\t<meta property=\"og:image:type\" content=\"image\/jpeg\" \/>\n<meta name=\"twitter:card\" content=\"summary_large_image\" \/>\n<meta name=\"twitter:label1\" content=\"Tempo estimado de leitura\" \/>\n\t<meta name=\"twitter:data1\" content=\"3 minutos\" \/>\n<script type=\"application\/ld+json\" class=\"yoast-schema-graph\">{\"@context\":\"https:\\\/\\\/schema.org\",\"@graph\":[{\"@type\":\"WebPage\",\"@id\":\"https:\\\/\\\/tupique.com\\\/pt\\\/product\\\/porte-serviettes-electrique-pour-mur-ou-sol-towarall-innovagoods-10-barres\\\/\",\"url\":\"https:\\\/\\\/tupique.com\\\/pt\\\/product\\\/porte-serviettes-electrique-pour-mur-ou-sol-towarall-innovagoods-10-barres\\\/\",\"name\":\"Porte-serviettes \u00e9lectrique pour mur ou sol Towarall InnovaGoods 10 Barres | | Tupique\",\"isPartOf\":{\"@id\":\"https:\\\/\\\/tupique.com\\\/#website\"},\"primaryImageOfPage\":{\"@id\":\"https:\\\/\\\/tupique.com\\\/pt\\\/product\\\/porte-serviettes-electrique-pour-mur-ou-sol-towarall-innovagoods-10-barres\\\/#primaryimage\"},\"image\":{\"@id\":\"https:\\\/\\\/tupique.com\\\/pt\\\/product\\\/porte-serviettes-electrique-pour-mur-ou-sol-towarall-innovagoods-10-barres\\\/#primaryimage\"},\"thumbnailUrl\":\"https:\\\/\\\/tupique.com\\\/wp-content\\\/uploads\\\/2026\\\/05\\\/v0103932_000_mkt1-1.jpg\",\"datePublished\":\"2026-05-12T07:00:40+00:00\",\"description\":\"Envie d'acheter Porte-serviettes \u00e9lectrique pour mur ou sol Towarall InnovaGoods 10 Barres\u00a0? Achetez Porte-serviettes \u00e9lectrique pour mur ou sol Towarall InnovaGoods 10 Barres maintenant avec Tupique en 3 versements sans int\u00e9r\u00eat.\",\"breadcrumb\":{\"@id\":\"https:\\\/\\\/tupique.com\\\/pt\\\/product\\\/porte-serviettes-electrique-pour-mur-ou-sol-towarall-innovagoods-10-barres\\\/#breadcrumb\"},\"inLanguage\":\"pt-PT\",\"potentialAction\":[{\"@type\":\"ReadAction\",\"target\":[\"https:\\\/\\\/tupique.com\\\/pt\\\/product\\\/porte-serviettes-electrique-pour-mur-ou-sol-towarall-innovagoods-10-barres\\\/\"]}]},{\"@type\":\"ImageObject\",\"inLanguage\":\"pt-PT\",\"@id\":\"https:\\\/\\\/tupique.com\\\/pt\\\/product\\\/porte-serviettes-electrique-pour-mur-ou-sol-towarall-innovagoods-10-barres\\\/#primaryimage\",\"url\":\"https:\\\/\\\/tupique.com\\\/wp-content\\\/uploads\\\/2026\\\/05\\\/v0103932_000_mkt1-1.jpg\",\"contentUrl\":\"https:\\\/\\\/tupique.com\\\/wp-content\\\/uploads\\\/2026\\\/05\\\/v0103932_000_mkt1-1.jpg\",\"width\":1200,\"height\":1200,\"caption\":\"V0103932_0\"},{\"@type\":\"BreadcrumbList\",\"@id\":\"https:\\\/\\\/tupique.com\\\/pt\\\/product\\\/porte-serviettes-electrique-pour-mur-ou-sol-towarall-innovagoods-10-barres\\\/#breadcrumb\",\"itemListElement\":[{\"@type\":\"ListItem\",\"position\":1,\"name\":\"commencer\",\"item\":\"https:\\\/\\\/tupique.com\\\/\"},{\"@type\":\"ListItem\",\"position\":2,\"name\":\"Loja\",\"item\":\"https:\\\/\\\/tupique.com\\\/pt\\\/loja\\\/\"},{\"@type\":\"ListItem\",\"position\":3,\"name\":\"Porte-serviettes \u00e9lectrique pour mur ou sol Towarall InnovaGoods 10 Barres\"}]},{\"@type\":\"WebSite\",\"@id\":\"https:\\\/\\\/tupique.com\\\/#website\",\"url\":\"https:\\\/\\\/tupique.com\\\/\",\"name\":\"Tupique\",\"description\":\"\",\"publisher\":{\"@id\":\"https:\\\/\\\/tupique.com\\\/#organization\"},\"potentialAction\":[{\"@type\":\"SearchAction\",\"target\":{\"@type\":\"EntryPoint\",\"urlTemplate\":\"https:\\\/\\\/tupique.com\\\/?s={search_term_string}\"},\"query-input\":{\"@type\":\"PropertyValueSpecification\",\"valueRequired\":true,\"valueName\":\"search_term_string\"}}],\"inLanguage\":\"pt-PT\"},{\"@type\":\"Organization\",\"@id\":\"https:\\\/\\\/tupique.com\\\/#organization\",\"name\":\"Tupique\",\"url\":\"https:\\\/\\\/tupique.com\\\/\",\"logo\":{\"@type\":\"ImageObject\",\"inLanguage\":\"pt-PT\",\"@id\":\"https:\\\/\\\/tupique.com\\\/#\\\/schema\\\/logo\\\/image\\\/\",\"url\":\"https:\\\/\\\/tupique.com\\\/wp-content\\\/uploads\\\/2026\\\/03\\\/logo-tupique-1.webp\",\"contentUrl\":\"https:\\\/\\\/tupique.com\\\/wp-content\\\/uploads\\\/2026\\\/03\\\/logo-tupique-1.webp\",\"width\":500,\"height\":67,\"caption\":\"Tupique\"},\"image\":{\"@id\":\"https:\\\/\\\/tupique.com\\\/#\\\/schema\\\/logo\\\/image\\\/\"}}]}<\/script>\n<!-- \/ Yoast SEO plugin. -->","yoast_head_json":{"title":"Porte-serviettes \u00e9lectrique pour mur ou sol Towarall InnovaGoods 10 Barres | | Tupique","description":"Envie d'acheter Porte-serviettes \u00e9lectrique pour mur ou sol Towarall InnovaGoods 10 Barres\u00a0? Achetez Porte-serviettes \u00e9lectrique pour mur ou sol Towarall InnovaGoods 10 Barres maintenant avec Tupique en 3 versements sans int\u00e9r\u00eat.","robots":{"index":"index","follow":"follow","max-snippet":"max-snippet:-1","max-image-preview":"max-image-preview:large","max-video-preview":"max-video-preview:-1"},"canonical":"https:\/\/tupique.com\/pt\/product\/porte-serviettes-electrique-pour-mur-ou-sol-towarall-innovagoods-10-barres\/","og_locale":"pt_PT","og_type":"article","og_title":"Porte-serviettes \u00e9lectrique pour mur ou sol Towarall InnovaGoods 10 Barres | | Tupique","og_description":"Envie d'acheter Porte-serviettes \u00e9lectrique pour mur ou sol Towarall InnovaGoods 10 Barres\u00a0? Achetez Porte-serviettes \u00e9lectrique pour mur ou sol Towarall InnovaGoods 10 Barres maintenant avec Tupique en 3 versements sans int\u00e9r\u00eat.","og_url":"https:\/\/tupique.com\/pt\/product\/porte-serviettes-electrique-pour-mur-ou-sol-towarall-innovagoods-10-barres\/","og_site_name":"Tupique","og_image":[{"width":1200,"height":1200,"url":"https:\/\/tupique.com\/wp-content\/uploads\/2026\/05\/v0103932_000_mkt1-1.jpg","type":"image\/jpeg"}],"twitter_card":"summary_large_image","twitter_misc":{"Tempo estimado de leitura":"3 minutos"},"schema":{"@context":"https:\/\/schema.org","@graph":[{"@type":"WebPage","@id":"https:\/\/tupique.com\/pt\/product\/porte-serviettes-electrique-pour-mur-ou-sol-towarall-innovagoods-10-barres\/","url":"https:\/\/tupique.com\/pt\/product\/porte-serviettes-electrique-pour-mur-ou-sol-towarall-innovagoods-10-barres\/","name":"Porte-serviettes \u00e9lectrique pour mur ou sol Towarall InnovaGoods 10 Barres | | Tupique","isPartOf":{"@id":"https:\/\/tupique.com\/#website"},"primaryImageOfPage":{"@id":"https:\/\/tupique.com\/pt\/product\/porte-serviettes-electrique-pour-mur-ou-sol-towarall-innovagoods-10-barres\/#primaryimage"},"image":{"@id":"https:\/\/tupique.com\/pt\/product\/porte-serviettes-electrique-pour-mur-ou-sol-towarall-innovagoods-10-barres\/#primaryimage"},"thumbnailUrl":"https:\/\/tupique.com\/wp-content\/uploads\/2026\/05\/v0103932_000_mkt1-1.jpg","datePublished":"2026-05-12T07:00:40+00:00","description":"Envie d'acheter Porte-serviettes \u00e9lectrique pour mur ou sol Towarall InnovaGoods 10 Barres\u00a0? Achetez Porte-serviettes \u00e9lectrique pour mur ou sol Towarall InnovaGoods 10 Barres maintenant avec Tupique en 3 versements sans int\u00e9r\u00eat.","breadcrumb":{"@id":"https:\/\/tupique.com\/pt\/product\/porte-serviettes-electrique-pour-mur-ou-sol-towarall-innovagoods-10-barres\/#breadcrumb"},"inLanguage":"pt-PT","potentialAction":[{"@type":"ReadAction","target":["https:\/\/tupique.com\/pt\/product\/porte-serviettes-electrique-pour-mur-ou-sol-towarall-innovagoods-10-barres\/"]}]},{"@type":"ImageObject","inLanguage":"pt-PT","@id":"https:\/\/tupique.com\/pt\/product\/porte-serviettes-electrique-pour-mur-ou-sol-towarall-innovagoods-10-barres\/#primaryimage","url":"https:\/\/tupique.com\/wp-content\/uploads\/2026\/05\/v0103932_000_mkt1-1.jpg","contentUrl":"https:\/\/tupique.com\/wp-content\/uploads\/2026\/05\/v0103932_000_mkt1-1.jpg","width":1200,"height":1200,"caption":"V0103932_0"},{"@type":"BreadcrumbList","@id":"https:\/\/tupique.com\/pt\/product\/porte-serviettes-electrique-pour-mur-ou-sol-towarall-innovagoods-10-barres\/#breadcrumb","itemListElement":[{"@type":"ListItem","position":1,"name":"commencer","item":"https:\/\/tupique.com\/"},{"@type":"ListItem","position":2,"name":"Loja","item":"https:\/\/tupique.com\/pt\/loja\/"},{"@type":"ListItem","position":3,"name":"Porte-serviettes \u00e9lectrique pour mur ou sol Towarall InnovaGoods 10 Barres"}]},{"@type":"WebSite","@id":"https:\/\/tupique.com\/#website","url":"https:\/\/tupique.com\/","name":"Tupique","description":"","publisher":{"@id":"https:\/\/tupique.com\/#organization"},"potentialAction":[{"@type":"SearchAction","target":{"@type":"EntryPoint","urlTemplate":"https:\/\/tupique.com\/?s={search_term_string}"},"query-input":{"@type":"PropertyValueSpecification","valueRequired":true,"valueName":"search_term_string"}}],"inLanguage":"pt-PT"},{"@type":"Organization","@id":"https:\/\/tupique.com\/#organization","name":"Tupique","url":"https:\/\/tupique.com\/","logo":{"@type":"ImageObject","inLanguage":"pt-PT","@id":"https:\/\/tupique.com\/#\/schema\/logo\/image\/","url":"https:\/\/tupique.com\/wp-content\/uploads\/2026\/03\/logo-tupique-1.webp","contentUrl":"https:\/\/tupique.com\/wp-content\/uploads\/2026\/03\/logo-tupique-1.webp","width":500,"height":67,"caption":"Tupique"},"image":{"@id":"https:\/\/tupique.com\/#\/schema\/logo\/image\/"}}]}},"_links":{"self":[{"href":"https:\/\/tupique.com\/pt\/wp-json\/wp\/v2\/product\/198026","targetHints":{"allow":["GET"]}}],"collection":[{"href":"https:\/\/tupique.com\/pt\/wp-json\/wp\/v2\/product"}],"about":[{"href":"https:\/\/tupique.com\/pt\/wp-json\/wp\/v2\/types\/product"}],"replies":[{"embeddable":true,"href":"https:\/\/tupique.com\/pt\/wp-json\/wp\/v2\/comments?post=198026"}],"wp:featuredmedia":[{"embeddable":true,"href":"https:\/\/tupique.com\/pt\/wp-json\/wp\/v2\/media\/198016"}],"wp:attachment":[{"href":"https:\/\/tupique.com\/pt\/wp-json\/wp\/v2\/media?parent=198026"}],"wp:term":[{"taxonomy":"product_brand","embeddable":true,"href":"https:\/\/tupique.com\/pt\/wp-json\/wp\/v2\/product_brand?post=198026"},{"taxonomy":"product_cat","embeddable":true,"href":"https:\/\/tupique.com\/pt\/wp-json\/wp\/v2\/product_cat?post=198026"},{"taxonomy":"product_tag","embeddable":true,"href":"https:\/\/tupique.com\/pt\/wp-json\/wp\/v2\/product_tag?post=198026"},{"taxonomy":"woo-feed-brand","embeddable":true,"href":"https:\/\/tupique.com\/pt\/wp-json\/wp\/v2\/woo-feed-brand?post=198026"}],"curies":[{"name":"wp","href":"https:\/\/api.w.org\/{rel}","templated":true}]}}