{"id":198320,"date":"2026-05-12T09:23:50","date_gmt":"2026-05-12T07:23:50","guid":{"rendered":"https:\/\/tupique.com\/product\/contour-des-yeux-rice-joyglow-innovagoods-15-ml\/"},"modified":"2026-05-12T09:34:05","modified_gmt":"2026-05-12T07:34:05","slug":"contour-des-yeux-rice-joyglow-innovagoods-15-ml","status":"publish","type":"product","link":"https:\/\/tupique.com\/pt\/product\/contour-des-yeux-rice-joyglow-innovagoods-15-ml\/","title":{"rendered":"Contour des yeux Rice Joyglow InnovaGoods 15 ml"},"content":{"rendered":"<div class=\"col-md-6\"><b>InnovaGoods<\/b> vous facilite la t\u00e2che pour que votre soin personnel soit une priorit\u00e9 sans excuses. Il vous propose les meilleures nouveaut\u00e9s en mati\u00e8re de beaut\u00e9, de d\u00e9tente et de bien-\u00eatre ! <b>Contour des yeux Rice Joyglow InnovaGoods 15 ml <\/b> en est un bon exemple ! D\u00e9couvrez une vaste gamme de produits de qualit\u00e9 qui se d\u00e9marquent de par leur fonctionnalit\u00e9, leur efficacit\u00e9 et leur design innovant.<\/p>\n<p>Ler <b>contour des yeux Joyglow InnovaGoods Rice<\/b> pr\u00e9vient l&#8217;apparition des rides, des poches et des cernes pour un regard radieux et lumineux. Ingr\u00e9dients naturels. PA : extrait de riz, calendula, Aloe Vera, huile d&#8217;argan, acide hyaluronique, etc.<\/p>\n<p>Un <b>contour des yeux cosm\u00e9tique v\u00e9gan&nbsp;<\/b>\u00e0 l\u2019effet anti-\u00e2ge gr\u00e2ce \u00e0 ses propri\u00e9t\u00e9s lissantes et illuminatrices. 15 ml. Usage quotidien. Convient \u00e0 tous les types de peau.<\/p>\n<ul>\n<li><b>Ingr\u00e9dients naturels<\/b> : Les <b>cosm\u00e9tiques InnovaGoods<\/b> am\u00e9liorent la sant\u00e9 et la beaut\u00e9 de la peau gr\u00e2ce \u00e0 des extraits de plantes, des huiles v\u00e9g\u00e9tales et d\u2019innovants principes actifs. Leur objectif particulier est de nourrir la peau avec des formulations nutri-cosm\u00e9tiques fournissant un soin int\u00e9gral et contribuant au bien-\u00eatre g\u00e9n\u00e9ral.<\/li>\n<li><b>Principaux bienfaits&nbsp;<\/b>: le contour des yeux Joyglow InnovaGoods Rice nourrit, hydrate et illumine pour un regard plus repos\u00e9 et plus lumineux. Pr\u00e9vient l\u2019apparition des rides, des poches et des cernes.<\/li>\n<li><b>Principes actifs&nbsp;<\/b>: extrait de riz&nbsp;: prot\u00e8ge et hydrate en profondeur, am\u00e9liore l\u2019\u00e9lasticit\u00e9, la fermet\u00e9 et la douceur. Huile d\u2019argan&nbsp;: r\u00e9g\u00e9n\u00e9ratrice, \u00e9molliente et hydratante. Aloe vera&nbsp;: humectant, r\u00e9parateur et anti-inflammatoire. Calendula&nbsp;: d\u00e9sensibilisant, apaisant, antiseptique, cicatrisant, am\u00e9liore la peau s\u00e8che et squameuse. Acide hyaluronique&nbsp;: tonifiant, hydratant, stimule la synth\u00e8se du collag\u00e8ne. Symcalmin\u00ae&nbsp;: hydratant, apaisant, anti-irritation et anti-rougeur. Asparlyne\u00ae&nbsp;: \u00e9nergisant, d\u00e9toxifiant et anti-fatigue. Sepitonic\u00ae&nbsp;: adoucit, oxyg\u00e8ne et am\u00e9liore l\u2019\u00e9lasticit\u00e9. Adipoless\u00ae : att\u00e9nue la coloration des cernes, lisse et illumine.<\/li>\n<li><b>Mode d\u2019emploi&nbsp;<\/b>: appliquer par tapotements l\u00e9gers sur le contour des yeux. Usage quotidien. Convient \u00e0 tous les types de peau. Contient 15&nbsp;ml.<\/li>\n<li><b>Cosm\u00e9tiques vegans<\/b> : InnovaGoods promeut des cosm\u00e9tiques naturels et durables, favorables \u00e0 la plan\u00e8te et au microbiome, qui s\u2019int\u00e8grent dans un mode de vie sain et respectueux de l\u2019environnement.<\/li>\n<\/ul>\n<ul>\n<li>Type: Contour des yeux<\/li>\n<li>Collection: Rice<\/li>\n<li>Capacit\u00e9: 15 ml<\/li>\n<li>Caract\u00e9ristiques: V\u00e9gane<\/li>\n<li>Ingr\u00e9dients naturels: 91,4 %<\/li>\n<li>Dermatologiquement test\u00e9: Non test\u00e9 sur animaux<\/li>\n<li>Fr\u00e9quence d\u2019utilisation: Utilisation Quotidienne<\/li>\n<li>Utilisation recommand\u00e9e: Convient \u00e0 tous les types de peau<\/li>\n<li>Propriedades:\n<ul>\n<li>Illumine, nourrit et hydrate<\/li>\n<li>Am\u00e9liore l&#8217;\u00e9lasticit\u00e9 de la peau<\/li>\n<li>Pr\u00e9vient l\u2019apparition des rides, des poches et des cernes<\/li>\n<\/ul>\n<\/li>\n<li>Principes actifs:\n<ul>\n<li>Riz<\/li>\n<li>Aloe Vera<\/li>\n<li>Calendula<\/li>\n<li>Huile d&#8217;Argan<\/li>\n<li>Acide Hyaluronique<\/li>\n<li>Sepitonic\u00ae<\/li>\n<li>Asparlyne\u00ae<\/li>\n<li>Adipoless\u00ae<\/li>\n<li>Symcalmin\u00ae<\/li>\n<\/ul>\n<\/li>\n<li>Ingr\u00e9dients: aqua (water), glycerin, aloe barbadensis leaf juice, hydroxyethyl acrylate \/ sodium acryloyldimethyl taurate copolymer, lysine aspartate, argania spinosa kernel oil, boron nitride, magnesium aspartate, zinc gluconate, copper gluconate, pentylene glycol, fructose, urea, citric acid, sodium hydroxide, maltose, sodium pca, sodium chloride, sodium lactate, trehalose, allantoin, sodium hyaluronate, glucose, calendula officinalis flower extract, butylene glycol, chenopodium quinoa seed extract, oryza sativa extract, hydroxyphenyl propamidobenzoic acid, ascorbyl palmitate, parfum, caprylyl glycol, 1,2-hexanediol, methylbenzyl alcohol, carbomer, sorbitan isostearate, polysorbate 60, phenoxyethanol, sodium benzoate, potassium sorbate, disodium edta, alumina<\/li>\n<\/ul>\n<p>Manuel en 24 langues: anglais, fran\u00e7ais, espagnol, allemand, italien, portugais, n\u00e9erlandais, polonais, hongrois, roumain, danois, su\u00e9dois, finnois, lituanien, norv\u00e9gien, slov\u00e8ne, grec, tch\u00e8que, bulgare, croate, slovaque, estonien, russe, letton. <\/p>\n<p> Packaging en 12 langues: anglais, fran\u00e7ais, espagnol, allemand, italien, portugais, n\u00e9erlandais, polonais, hongrois, roumain, danois, su\u00e9dois.<\/p><\/div>\n<div class=\"col-md-6\">\n<div class=\"embed-responsive embed-responsive-16by9\"><iframe class=\"embed-responsive-item\" src=\"https:\/\/www.youtube.com\/embed\/XGk3kx4JqTY\" frameborder=\"0\" allowfullscreen><\/iframe><\/div>\n<\/div>","protected":false},"excerpt":{"rendered":"<p><span class=\"unit-info\">146.6000 &euro; \/ 100 ml<\/span><\/p>","protected":false},"featured_media":198310,"comment_status":"open","ping_status":"closed","template":"","meta":[],"product_brand":[256],"product_cat":[63,1825,1679,769,1826,1495,1796],"product_tag":[722,103,1672,2877,209,1048],"woo-feed-brand":[],"class_list":{"0":"post-198320","1":"product","2":"type-product","3":"status-publish","4":"has-post-thumbnail","6":"product_brand-brandp_1281","7":"product_cat-cadeaux-originaux","8":"product_cat-cadeaux-pour-soins-personnels","9":"product_cat-contours-des-yeux","10":"product_cat-parfum-cosmetique","11":"product_cat-teleachat-vu-a-la-television-sante-et-beaute-teleshop","12":"product_cat-soin-du-visage","13":"product_cat-teleachat-vu-a-la-television","14":"product_tag-tag_923","15":"product_tag-tag_1261","16":"product_tag-tag_1280","17":"product_tag-tag_1306","18":"product_tag-tag_1302","19":"product_tag-tag_1262","21":"first","22":"instock","23":"taxable","24":"shipping-taxable","25":"purchasable","26":"product-type-simple"},"yoast_head":"<!-- This site is optimized with the Yoast SEO plugin v27.6 - https:\/\/yoast.com\/product\/yoast-seo-wordpress\/ -->\n<title>Contour des yeux Rice Joyglow InnovaGoods 15 ml | | Tupique<\/title>\n<meta name=\"description\" content=\"Envie d&#039;acheter Contour des yeux Rice Joyglow InnovaGoods 15 ml\u00a0? Achetez Contour des yeux Rice Joyglow InnovaGoods 15 ml maintenant avec Tupique en 3 versements sans int\u00e9r\u00eat.\" \/>\n<meta name=\"robots\" content=\"index, follow, max-snippet:-1, max-image-preview:large, max-video-preview:-1\" \/>\n<link rel=\"canonical\" href=\"https:\/\/tupique.com\/pt\/product\/contour-des-yeux-rice-joyglow-innovagoods-15-ml\/\" \/>\n<meta property=\"og:locale\" content=\"pt_PT\" \/>\n<meta property=\"og:type\" content=\"article\" \/>\n<meta property=\"og:title\" content=\"Contour des yeux Rice Joyglow InnovaGoods 15 ml | | Tupique\" \/>\n<meta property=\"og:description\" content=\"Envie d&#039;acheter Contour des yeux Rice Joyglow InnovaGoods 15 ml\u00a0? Achetez Contour des yeux Rice Joyglow InnovaGoods 15 ml maintenant avec Tupique en 3 versements sans int\u00e9r\u00eat.\" \/>\n<meta property=\"og:url\" content=\"https:\/\/tupique.com\/pt\/product\/contour-des-yeux-rice-joyglow-innovagoods-15-ml\/\" \/>\n<meta property=\"og:site_name\" content=\"Tupique\" \/>\n<meta property=\"article:modified_time\" content=\"2026-05-12T07:34:05+00:00\" \/>\n<meta property=\"og:image\" content=\"https:\/\/tupique.com\/wp-content\/uploads\/2026\/05\/v0103756_001_mkt2.jpg\" \/>\n\t<meta property=\"og:image:width\" content=\"1200\" \/>\n\t<meta property=\"og:image:height\" content=\"1200\" \/>\n\t<meta property=\"og:image:type\" content=\"image\/jpeg\" \/>\n<meta name=\"twitter:card\" content=\"summary_large_image\" \/>\n<meta name=\"twitter:label1\" content=\"Tempo estimado de leitura\" \/>\n\t<meta name=\"twitter:data1\" content=\"3 minutos\" \/>\n<script type=\"application\/ld+json\" class=\"yoast-schema-graph\">{\"@context\":\"https:\\\/\\\/schema.org\",\"@graph\":[{\"@type\":\"WebPage\",\"@id\":\"https:\\\/\\\/tupique.com\\\/en\\\/product\\\/contour-des-yeux-rice-joyglow-innovagoods-15-ml\\\/\",\"url\":\"https:\\\/\\\/tupique.com\\\/en\\\/product\\\/contour-des-yeux-rice-joyglow-innovagoods-15-ml\\\/\",\"name\":\"Contour des yeux Rice Joyglow InnovaGoods 15 ml | | Tupique\",\"isPartOf\":{\"@id\":\"https:\\\/\\\/tupique.com\\\/#website\"},\"primaryImageOfPage\":{\"@id\":\"https:\\\/\\\/tupique.com\\\/en\\\/product\\\/contour-des-yeux-rice-joyglow-innovagoods-15-ml\\\/#primaryimage\"},\"image\":{\"@id\":\"https:\\\/\\\/tupique.com\\\/en\\\/product\\\/contour-des-yeux-rice-joyglow-innovagoods-15-ml\\\/#primaryimage\"},\"thumbnailUrl\":\"https:\\\/\\\/tupique.com\\\/wp-content\\\/uploads\\\/2026\\\/05\\\/v0103756_001_mkt2.jpg\",\"datePublished\":\"2026-05-12T07:23:50+00:00\",\"dateModified\":\"2026-05-12T07:34:05+00:00\",\"description\":\"Envie d'acheter Contour des yeux Rice Joyglow InnovaGoods 15 ml\u00a0? Achetez Contour des yeux Rice Joyglow InnovaGoods 15 ml maintenant avec Tupique en 3 versements sans int\u00e9r\u00eat.\",\"breadcrumb\":{\"@id\":\"https:\\\/\\\/tupique.com\\\/en\\\/product\\\/contour-des-yeux-rice-joyglow-innovagoods-15-ml\\\/#breadcrumb\"},\"inLanguage\":\"pt-PT\",\"potentialAction\":[{\"@type\":\"ReadAction\",\"target\":[\"https:\\\/\\\/tupique.com\\\/en\\\/product\\\/contour-des-yeux-rice-joyglow-innovagoods-15-ml\\\/\"]}]},{\"@type\":\"ImageObject\",\"inLanguage\":\"pt-PT\",\"@id\":\"https:\\\/\\\/tupique.com\\\/en\\\/product\\\/contour-des-yeux-rice-joyglow-innovagoods-15-ml\\\/#primaryimage\",\"url\":\"https:\\\/\\\/tupique.com\\\/wp-content\\\/uploads\\\/2026\\\/05\\\/v0103756_001_mkt2.jpg\",\"contentUrl\":\"https:\\\/\\\/tupique.com\\\/wp-content\\\/uploads\\\/2026\\\/05\\\/v0103756_001_mkt2.jpg\",\"width\":1200,\"height\":1200,\"caption\":\"V0103756_0\"},{\"@type\":\"BreadcrumbList\",\"@id\":\"https:\\\/\\\/tupique.com\\\/en\\\/product\\\/contour-des-yeux-rice-joyglow-innovagoods-15-ml\\\/#breadcrumb\",\"itemListElement\":[{\"@type\":\"ListItem\",\"position\":1,\"name\":\"commencer\",\"item\":\"https:\\\/\\\/tupique.com\\\/\"},{\"@type\":\"ListItem\",\"position\":2,\"name\":\"Loja\",\"item\":\"https:\\\/\\\/tupique.com\\\/pt\\\/loja\\\/\"},{\"@type\":\"ListItem\",\"position\":3,\"name\":\"Contour des yeux Rice Joyglow InnovaGoods 15 ml\"}]},{\"@type\":\"WebSite\",\"@id\":\"https:\\\/\\\/tupique.com\\\/#website\",\"url\":\"https:\\\/\\\/tupique.com\\\/\",\"name\":\"Tupique\",\"description\":\"\",\"publisher\":{\"@id\":\"https:\\\/\\\/tupique.com\\\/#organization\"},\"potentialAction\":[{\"@type\":\"SearchAction\",\"target\":{\"@type\":\"EntryPoint\",\"urlTemplate\":\"https:\\\/\\\/tupique.com\\\/?s={search_term_string}\"},\"query-input\":{\"@type\":\"PropertyValueSpecification\",\"valueRequired\":true,\"valueName\":\"search_term_string\"}}],\"inLanguage\":\"pt-PT\"},{\"@type\":\"Organization\",\"@id\":\"https:\\\/\\\/tupique.com\\\/#organization\",\"name\":\"Tupique\",\"url\":\"https:\\\/\\\/tupique.com\\\/\",\"logo\":{\"@type\":\"ImageObject\",\"inLanguage\":\"pt-PT\",\"@id\":\"https:\\\/\\\/tupique.com\\\/#\\\/schema\\\/logo\\\/image\\\/\",\"url\":\"https:\\\/\\\/tupique.com\\\/wp-content\\\/uploads\\\/2026\\\/03\\\/logo-tupique-1.webp\",\"contentUrl\":\"https:\\\/\\\/tupique.com\\\/wp-content\\\/uploads\\\/2026\\\/03\\\/logo-tupique-1.webp\",\"width\":500,\"height\":67,\"caption\":\"Tupique\"},\"image\":{\"@id\":\"https:\\\/\\\/tupique.com\\\/#\\\/schema\\\/logo\\\/image\\\/\"}}]}<\/script>\n<!-- \/ Yoast SEO plugin. -->","yoast_head_json":{"title":"Contour des yeux Rice Joyglow InnovaGoods 15 ml | | Tupique","description":"Envie d'acheter Contour des yeux Rice Joyglow InnovaGoods 15 ml\u00a0? Achetez Contour des yeux Rice Joyglow InnovaGoods 15 ml maintenant avec Tupique en 3 versements sans int\u00e9r\u00eat.","robots":{"index":"index","follow":"follow","max-snippet":"max-snippet:-1","max-image-preview":"max-image-preview:large","max-video-preview":"max-video-preview:-1"},"canonical":"https:\/\/tupique.com\/pt\/product\/contour-des-yeux-rice-joyglow-innovagoods-15-ml\/","og_locale":"pt_PT","og_type":"article","og_title":"Contour des yeux Rice Joyglow InnovaGoods 15 ml | | Tupique","og_description":"Envie d'acheter Contour des yeux Rice Joyglow InnovaGoods 15 ml\u00a0? Achetez Contour des yeux Rice Joyglow InnovaGoods 15 ml maintenant avec Tupique en 3 versements sans int\u00e9r\u00eat.","og_url":"https:\/\/tupique.com\/pt\/product\/contour-des-yeux-rice-joyglow-innovagoods-15-ml\/","og_site_name":"Tupique","article_modified_time":"2026-05-12T07:34:05+00:00","og_image":[{"width":1200,"height":1200,"url":"https:\/\/tupique.com\/wp-content\/uploads\/2026\/05\/v0103756_001_mkt2.jpg","type":"image\/jpeg"}],"twitter_card":"summary_large_image","twitter_misc":{"Tempo estimado de leitura":"3 minutos"},"schema":{"@context":"https:\/\/schema.org","@graph":[{"@type":"WebPage","@id":"https:\/\/tupique.com\/en\/product\/contour-des-yeux-rice-joyglow-innovagoods-15-ml\/","url":"https:\/\/tupique.com\/en\/product\/contour-des-yeux-rice-joyglow-innovagoods-15-ml\/","name":"Contour des yeux Rice Joyglow InnovaGoods 15 ml | | Tupique","isPartOf":{"@id":"https:\/\/tupique.com\/#website"},"primaryImageOfPage":{"@id":"https:\/\/tupique.com\/en\/product\/contour-des-yeux-rice-joyglow-innovagoods-15-ml\/#primaryimage"},"image":{"@id":"https:\/\/tupique.com\/en\/product\/contour-des-yeux-rice-joyglow-innovagoods-15-ml\/#primaryimage"},"thumbnailUrl":"https:\/\/tupique.com\/wp-content\/uploads\/2026\/05\/v0103756_001_mkt2.jpg","datePublished":"2026-05-12T07:23:50+00:00","dateModified":"2026-05-12T07:34:05+00:00","description":"Envie d'acheter Contour des yeux Rice Joyglow InnovaGoods 15 ml\u00a0? Achetez Contour des yeux Rice Joyglow InnovaGoods 15 ml maintenant avec Tupique en 3 versements sans int\u00e9r\u00eat.","breadcrumb":{"@id":"https:\/\/tupique.com\/en\/product\/contour-des-yeux-rice-joyglow-innovagoods-15-ml\/#breadcrumb"},"inLanguage":"pt-PT","potentialAction":[{"@type":"ReadAction","target":["https:\/\/tupique.com\/en\/product\/contour-des-yeux-rice-joyglow-innovagoods-15-ml\/"]}]},{"@type":"ImageObject","inLanguage":"pt-PT","@id":"https:\/\/tupique.com\/en\/product\/contour-des-yeux-rice-joyglow-innovagoods-15-ml\/#primaryimage","url":"https:\/\/tupique.com\/wp-content\/uploads\/2026\/05\/v0103756_001_mkt2.jpg","contentUrl":"https:\/\/tupique.com\/wp-content\/uploads\/2026\/05\/v0103756_001_mkt2.jpg","width":1200,"height":1200,"caption":"V0103756_0"},{"@type":"BreadcrumbList","@id":"https:\/\/tupique.com\/en\/product\/contour-des-yeux-rice-joyglow-innovagoods-15-ml\/#breadcrumb","itemListElement":[{"@type":"ListItem","position":1,"name":"commencer","item":"https:\/\/tupique.com\/"},{"@type":"ListItem","position":2,"name":"Loja","item":"https:\/\/tupique.com\/pt\/loja\/"},{"@type":"ListItem","position":3,"name":"Contour des yeux Rice Joyglow InnovaGoods 15 ml"}]},{"@type":"WebSite","@id":"https:\/\/tupique.com\/#website","url":"https:\/\/tupique.com\/","name":"Tupique","description":"","publisher":{"@id":"https:\/\/tupique.com\/#organization"},"potentialAction":[{"@type":"SearchAction","target":{"@type":"EntryPoint","urlTemplate":"https:\/\/tupique.com\/?s={search_term_string}"},"query-input":{"@type":"PropertyValueSpecification","valueRequired":true,"valueName":"search_term_string"}}],"inLanguage":"pt-PT"},{"@type":"Organization","@id":"https:\/\/tupique.com\/#organization","name":"Tupique","url":"https:\/\/tupique.com\/","logo":{"@type":"ImageObject","inLanguage":"pt-PT","@id":"https:\/\/tupique.com\/#\/schema\/logo\/image\/","url":"https:\/\/tupique.com\/wp-content\/uploads\/2026\/03\/logo-tupique-1.webp","contentUrl":"https:\/\/tupique.com\/wp-content\/uploads\/2026\/03\/logo-tupique-1.webp","width":500,"height":67,"caption":"Tupique"},"image":{"@id":"https:\/\/tupique.com\/#\/schema\/logo\/image\/"}}]}},"_links":{"self":[{"href":"https:\/\/tupique.com\/pt\/wp-json\/wp\/v2\/product\/198320","targetHints":{"allow":["GET"]}}],"collection":[{"href":"https:\/\/tupique.com\/pt\/wp-json\/wp\/v2\/product"}],"about":[{"href":"https:\/\/tupique.com\/pt\/wp-json\/wp\/v2\/types\/product"}],"replies":[{"embeddable":true,"href":"https:\/\/tupique.com\/pt\/wp-json\/wp\/v2\/comments?post=198320"}],"wp:featuredmedia":[{"embeddable":true,"href":"https:\/\/tupique.com\/pt\/wp-json\/wp\/v2\/media\/198310"}],"wp:attachment":[{"href":"https:\/\/tupique.com\/pt\/wp-json\/wp\/v2\/media?parent=198320"}],"wp:term":[{"taxonomy":"product_brand","embeddable":true,"href":"https:\/\/tupique.com\/pt\/wp-json\/wp\/v2\/product_brand?post=198320"},{"taxonomy":"product_cat","embeddable":true,"href":"https:\/\/tupique.com\/pt\/wp-json\/wp\/v2\/product_cat?post=198320"},{"taxonomy":"product_tag","embeddable":true,"href":"https:\/\/tupique.com\/pt\/wp-json\/wp\/v2\/product_tag?post=198320"},{"taxonomy":"woo-feed-brand","embeddable":true,"href":"https:\/\/tupique.com\/pt\/wp-json\/wp\/v2\/woo-feed-brand?post=198320"}],"curies":[{"name":"wp","href":"https:\/\/api.w.org\/{rel}","templated":true}]}}