{"id":198462,"date":"2026-05-12T09:37:09","date_gmt":"2026-05-12T07:37:09","guid":{"rendered":"https:\/\/tupique.com\/product\/rasoir-electrique-taurus-3-side-shave\/"},"modified":"2026-05-12T09:37:09","modified_gmt":"2026-05-12T07:37:09","slug":"rasoir-electrique-taurus-3-side-shave","status":"publish","type":"product","link":"https:\/\/tupique.com\/pt\/product\/rasoir-electrique-taurus-3-side-shave\/","title":{"rendered":"Rasoir electrique Taurus 3 SIDE SHAVE"},"content":{"rendered":"<p>Rasoir electrique Taurus 3 SIDE SHAVE est un produit exclusif de qualit\u00e9 pour le soin du corps. Si vous recherchez les meilleurs produits d\u2019hygi\u00e8ne personnelle, les produits Taurus 100 % originaux sont exactement ce dont vous avez besoin.<\/p>\n<ul>\n<li>Produit \u00e0 brancher: Oui<\/li>\n<li>Type de prise: Prise EU<\/li>\n<li>Autonomie approx.: 45 minutes<\/li>\n<li>Rechargeable: Oui<\/li>\n<li>Mat\u00e9riel: Acier inoxydable<\/li>\n<li>Caracter\u00edsticas:\n<ul>\n<li>Lavable<\/li>\n<li>R\u00e9sistant \u00e0 l&#8217;eau<\/li>\n<li>D\u00e9montable<\/li>\n<li>LED indicateur de chargement<\/li>\n<li>Humide et sec<\/li>\n<\/ul>\n<\/li>\n<li>Connexions: USB<\/li>\n<li>Type de batterie: Rechargeable<\/li>\n<li>Bloc d\u2019Alimentation: Batterie<\/li>\n<li>Couleur: Noir\/Bleu<\/li>\n<li>Auto-nettoyant: Oui<\/li>\n<li>Lames: 3<\/li>\n<li>Inclut:\n<ul>\n<li>Brosse<\/li>\n<li>Couvercle de protection<\/li>\n<\/ul>\n<\/li>\n<li>Profondeur: 20 cm<\/li>\n<\/ul>","protected":false},"excerpt":{"rendered":"<p>Rasoir electrique Taurus 3 SIDE SHAVE est un produit exclusif de qualit\u00e9 pour le soin du corps. Si vous recherchez les meilleurs produits d\u2019hygi\u00e8ne personnelle, les produits Taurus 100 % originaux sont exactement ce dont vous avez besoin. Produit \u00e0 brancher: Oui Type de prise: Prise EU Autonomie approx.: 45 minutes Rechargeable: Oui Mat\u00e9riel: Acier [&hellip;]<\/p>\n","protected":false},"featured_media":198460,"comment_status":"open","ping_status":"closed","template":"","meta":[],"product_brand":[2882],"product_cat":[753,752,1377],"product_tag":[722,56],"woo-feed-brand":[],"class_list":{"0":"post-198462","1":"product","2":"type-product","3":"status-publish","4":"has-post-thumbnail","6":"product_brand-brandp_954","7":"product_cat-coiffure","8":"product_cat-sante-beaute","9":"product_cat-tondeuses-pour-cheveux","10":"product_tag-tag_923","11":"product_tag-tag_930","13":"first","14":"instock","15":"taxable","16":"shipping-taxable","17":"purchasable","18":"product-type-simple"},"yoast_head":"<!-- This site is optimized with the Yoast SEO plugin v27.6 - https:\/\/yoast.com\/product\/yoast-seo-wordpress\/ -->\n<title>Rasoir electrique Taurus 3 SIDE SHAVE | | Tupique<\/title>\n<meta name=\"description\" content=\"Envie d&#039;acheter Rasoir electrique Taurus 3 SIDE SHAVE\u00a0? Achetez Rasoir electrique Taurus 3 SIDE SHAVE maintenant avec Tupique en 3 versements sans int\u00e9r\u00eat.\" \/>\n<meta name=\"robots\" content=\"index, follow, max-snippet:-1, max-image-preview:large, max-video-preview:-1\" \/>\n<link rel=\"canonical\" href=\"https:\/\/tupique.com\/pt\/product\/rasoir-electrique-taurus-3-side-shave\/\" \/>\n<meta property=\"og:locale\" content=\"pt_PT\" \/>\n<meta property=\"og:type\" content=\"article\" \/>\n<meta property=\"og:title\" content=\"Rasoir electrique Taurus 3 SIDE SHAVE | | Tupique\" \/>\n<meta property=\"og:description\" content=\"Envie d&#039;acheter Rasoir electrique Taurus 3 SIDE SHAVE\u00a0? Achetez Rasoir electrique Taurus 3 SIDE SHAVE maintenant avec Tupique en 3 versements sans int\u00e9r\u00eat.\" \/>\n<meta property=\"og:url\" content=\"https:\/\/tupique.com\/pt\/product\/rasoir-electrique-taurus-3-side-shave\/\" \/>\n<meta property=\"og:site_name\" content=\"Tupique\" \/>\n<meta property=\"og:image\" content=\"https:\/\/tupique.com\/wp-content\/uploads\/2026\/05\/8414234035417_S0460339_P00.jpg\" \/>\n\t<meta property=\"og:image:width\" content=\"1200\" \/>\n\t<meta property=\"og:image:height\" content=\"1200\" \/>\n\t<meta property=\"og:image:type\" content=\"image\/jpeg\" \/>\n<meta name=\"twitter:card\" content=\"summary_large_image\" \/>\n<script type=\"application\/ld+json\" class=\"yoast-schema-graph\">{\"@context\":\"https:\\\/\\\/schema.org\",\"@graph\":[{\"@type\":\"WebPage\",\"@id\":\"https:\\\/\\\/tupique.com\\\/pt\\\/product\\\/rasoir-electrique-taurus-3-side-shave\\\/\",\"url\":\"https:\\\/\\\/tupique.com\\\/pt\\\/product\\\/rasoir-electrique-taurus-3-side-shave\\\/\",\"name\":\"Rasoir electrique Taurus 3 SIDE SHAVE | | Tupique\",\"isPartOf\":{\"@id\":\"https:\\\/\\\/tupique.com\\\/#website\"},\"primaryImageOfPage\":{\"@id\":\"https:\\\/\\\/tupique.com\\\/pt\\\/product\\\/rasoir-electrique-taurus-3-side-shave\\\/#primaryimage\"},\"image\":{\"@id\":\"https:\\\/\\\/tupique.com\\\/pt\\\/product\\\/rasoir-electrique-taurus-3-side-shave\\\/#primaryimage\"},\"thumbnailUrl\":\"https:\\\/\\\/tupique.com\\\/wp-content\\\/uploads\\\/2026\\\/05\\\/8414234035417_S0460339_P00.jpg\",\"datePublished\":\"2026-05-12T07:37:09+00:00\",\"description\":\"Envie d'acheter Rasoir electrique Taurus 3 SIDE SHAVE\u00a0? Achetez Rasoir electrique Taurus 3 SIDE SHAVE maintenant avec Tupique en 3 versements sans int\u00e9r\u00eat.\",\"breadcrumb\":{\"@id\":\"https:\\\/\\\/tupique.com\\\/pt\\\/product\\\/rasoir-electrique-taurus-3-side-shave\\\/#breadcrumb\"},\"inLanguage\":\"pt-PT\",\"potentialAction\":[{\"@type\":\"ReadAction\",\"target\":[\"https:\\\/\\\/tupique.com\\\/pt\\\/product\\\/rasoir-electrique-taurus-3-side-shave\\\/\"]}]},{\"@type\":\"ImageObject\",\"inLanguage\":\"pt-PT\",\"@id\":\"https:\\\/\\\/tupique.com\\\/pt\\\/product\\\/rasoir-electrique-taurus-3-side-shave\\\/#primaryimage\",\"url\":\"https:\\\/\\\/tupique.com\\\/wp-content\\\/uploads\\\/2026\\\/05\\\/8414234035417_S0460339_P00.jpg\",\"contentUrl\":\"https:\\\/\\\/tupique.com\\\/wp-content\\\/uploads\\\/2026\\\/05\\\/8414234035417_S0460339_P00.jpg\",\"width\":1200,\"height\":1200,\"caption\":\"S0460339_0\"},{\"@type\":\"BreadcrumbList\",\"@id\":\"https:\\\/\\\/tupique.com\\\/pt\\\/product\\\/rasoir-electrique-taurus-3-side-shave\\\/#breadcrumb\",\"itemListElement\":[{\"@type\":\"ListItem\",\"position\":1,\"name\":\"commencer\",\"item\":\"https:\\\/\\\/tupique.com\\\/\"},{\"@type\":\"ListItem\",\"position\":2,\"name\":\"Loja\",\"item\":\"https:\\\/\\\/tupique.com\\\/pt\\\/loja\\\/\"},{\"@type\":\"ListItem\",\"position\":3,\"name\":\"Rasoir electrique Taurus 3 SIDE SHAVE\"}]},{\"@type\":\"WebSite\",\"@id\":\"https:\\\/\\\/tupique.com\\\/#website\",\"url\":\"https:\\\/\\\/tupique.com\\\/\",\"name\":\"Tupique\",\"description\":\"\",\"publisher\":{\"@id\":\"https:\\\/\\\/tupique.com\\\/#organization\"},\"potentialAction\":[{\"@type\":\"SearchAction\",\"target\":{\"@type\":\"EntryPoint\",\"urlTemplate\":\"https:\\\/\\\/tupique.com\\\/?s={search_term_string}\"},\"query-input\":{\"@type\":\"PropertyValueSpecification\",\"valueRequired\":true,\"valueName\":\"search_term_string\"}}],\"inLanguage\":\"pt-PT\"},{\"@type\":\"Organization\",\"@id\":\"https:\\\/\\\/tupique.com\\\/#organization\",\"name\":\"Tupique\",\"url\":\"https:\\\/\\\/tupique.com\\\/\",\"logo\":{\"@type\":\"ImageObject\",\"inLanguage\":\"pt-PT\",\"@id\":\"https:\\\/\\\/tupique.com\\\/#\\\/schema\\\/logo\\\/image\\\/\",\"url\":\"https:\\\/\\\/tupique.com\\\/wp-content\\\/uploads\\\/2026\\\/03\\\/logo-tupique-1.webp\",\"contentUrl\":\"https:\\\/\\\/tupique.com\\\/wp-content\\\/uploads\\\/2026\\\/03\\\/logo-tupique-1.webp\",\"width\":500,\"height\":67,\"caption\":\"Tupique\"},\"image\":{\"@id\":\"https:\\\/\\\/tupique.com\\\/#\\\/schema\\\/logo\\\/image\\\/\"}}]}<\/script>\n<!-- \/ Yoast SEO plugin. -->","yoast_head_json":{"title":"Rasoir electrique Taurus 3 SIDE SHAVE | | Tupique","description":"Envie d'acheter Rasoir electrique Taurus 3 SIDE SHAVE\u00a0? Achetez Rasoir electrique Taurus 3 SIDE SHAVE maintenant avec Tupique en 3 versements sans int\u00e9r\u00eat.","robots":{"index":"index","follow":"follow","max-snippet":"max-snippet:-1","max-image-preview":"max-image-preview:large","max-video-preview":"max-video-preview:-1"},"canonical":"https:\/\/tupique.com\/pt\/product\/rasoir-electrique-taurus-3-side-shave\/","og_locale":"pt_PT","og_type":"article","og_title":"Rasoir electrique Taurus 3 SIDE SHAVE | | Tupique","og_description":"Envie d'acheter Rasoir electrique Taurus 3 SIDE SHAVE\u00a0? Achetez Rasoir electrique Taurus 3 SIDE SHAVE maintenant avec Tupique en 3 versements sans int\u00e9r\u00eat.","og_url":"https:\/\/tupique.com\/pt\/product\/rasoir-electrique-taurus-3-side-shave\/","og_site_name":"Tupique","og_image":[{"width":1200,"height":1200,"url":"https:\/\/tupique.com\/wp-content\/uploads\/2026\/05\/8414234035417_S0460339_P00.jpg","type":"image\/jpeg"}],"twitter_card":"summary_large_image","schema":{"@context":"https:\/\/schema.org","@graph":[{"@type":"WebPage","@id":"https:\/\/tupique.com\/pt\/product\/rasoir-electrique-taurus-3-side-shave\/","url":"https:\/\/tupique.com\/pt\/product\/rasoir-electrique-taurus-3-side-shave\/","name":"Rasoir electrique Taurus 3 SIDE SHAVE | | Tupique","isPartOf":{"@id":"https:\/\/tupique.com\/#website"},"primaryImageOfPage":{"@id":"https:\/\/tupique.com\/pt\/product\/rasoir-electrique-taurus-3-side-shave\/#primaryimage"},"image":{"@id":"https:\/\/tupique.com\/pt\/product\/rasoir-electrique-taurus-3-side-shave\/#primaryimage"},"thumbnailUrl":"https:\/\/tupique.com\/wp-content\/uploads\/2026\/05\/8414234035417_S0460339_P00.jpg","datePublished":"2026-05-12T07:37:09+00:00","description":"Envie d'acheter Rasoir electrique Taurus 3 SIDE SHAVE\u00a0? Achetez Rasoir electrique Taurus 3 SIDE SHAVE maintenant avec Tupique en 3 versements sans int\u00e9r\u00eat.","breadcrumb":{"@id":"https:\/\/tupique.com\/pt\/product\/rasoir-electrique-taurus-3-side-shave\/#breadcrumb"},"inLanguage":"pt-PT","potentialAction":[{"@type":"ReadAction","target":["https:\/\/tupique.com\/pt\/product\/rasoir-electrique-taurus-3-side-shave\/"]}]},{"@type":"ImageObject","inLanguage":"pt-PT","@id":"https:\/\/tupique.com\/pt\/product\/rasoir-electrique-taurus-3-side-shave\/#primaryimage","url":"https:\/\/tupique.com\/wp-content\/uploads\/2026\/05\/8414234035417_S0460339_P00.jpg","contentUrl":"https:\/\/tupique.com\/wp-content\/uploads\/2026\/05\/8414234035417_S0460339_P00.jpg","width":1200,"height":1200,"caption":"S0460339_0"},{"@type":"BreadcrumbList","@id":"https:\/\/tupique.com\/pt\/product\/rasoir-electrique-taurus-3-side-shave\/#breadcrumb","itemListElement":[{"@type":"ListItem","position":1,"name":"commencer","item":"https:\/\/tupique.com\/"},{"@type":"ListItem","position":2,"name":"Loja","item":"https:\/\/tupique.com\/pt\/loja\/"},{"@type":"ListItem","position":3,"name":"Rasoir electrique Taurus 3 SIDE SHAVE"}]},{"@type":"WebSite","@id":"https:\/\/tupique.com\/#website","url":"https:\/\/tupique.com\/","name":"Tupique","description":"","publisher":{"@id":"https:\/\/tupique.com\/#organization"},"potentialAction":[{"@type":"SearchAction","target":{"@type":"EntryPoint","urlTemplate":"https:\/\/tupique.com\/?s={search_term_string}"},"query-input":{"@type":"PropertyValueSpecification","valueRequired":true,"valueName":"search_term_string"}}],"inLanguage":"pt-PT"},{"@type":"Organization","@id":"https:\/\/tupique.com\/#organization","name":"Tupique","url":"https:\/\/tupique.com\/","logo":{"@type":"ImageObject","inLanguage":"pt-PT","@id":"https:\/\/tupique.com\/#\/schema\/logo\/image\/","url":"https:\/\/tupique.com\/wp-content\/uploads\/2026\/03\/logo-tupique-1.webp","contentUrl":"https:\/\/tupique.com\/wp-content\/uploads\/2026\/03\/logo-tupique-1.webp","width":500,"height":67,"caption":"Tupique"},"image":{"@id":"https:\/\/tupique.com\/#\/schema\/logo\/image\/"}}]}},"_links":{"self":[{"href":"https:\/\/tupique.com\/pt\/wp-json\/wp\/v2\/product\/198462","targetHints":{"allow":["GET"]}}],"collection":[{"href":"https:\/\/tupique.com\/pt\/wp-json\/wp\/v2\/product"}],"about":[{"href":"https:\/\/tupique.com\/pt\/wp-json\/wp\/v2\/types\/product"}],"replies":[{"embeddable":true,"href":"https:\/\/tupique.com\/pt\/wp-json\/wp\/v2\/comments?post=198462"}],"wp:featuredmedia":[{"embeddable":true,"href":"https:\/\/tupique.com\/pt\/wp-json\/wp\/v2\/media\/198460"}],"wp:attachment":[{"href":"https:\/\/tupique.com\/pt\/wp-json\/wp\/v2\/media?parent=198462"}],"wp:term":[{"taxonomy":"product_brand","embeddable":true,"href":"https:\/\/tupique.com\/pt\/wp-json\/wp\/v2\/product_brand?post=198462"},{"taxonomy":"product_cat","embeddable":true,"href":"https:\/\/tupique.com\/pt\/wp-json\/wp\/v2\/product_cat?post=198462"},{"taxonomy":"product_tag","embeddable":true,"href":"https:\/\/tupique.com\/pt\/wp-json\/wp\/v2\/product_tag?post=198462"},{"taxonomy":"woo-feed-brand","embeddable":true,"href":"https:\/\/tupique.com\/pt\/wp-json\/wp\/v2\/woo-feed-brand?post=198462"}],"curies":[{"name":"wp","href":"https:\/\/api.w.org\/{rel}","templated":true}]}}