{"id":200009,"date":"2026-05-12T11:41:09","date_gmt":"2026-05-12T09:41:09","guid":{"rendered":"https:\/\/tupique.com\/product\/canape-lit-convertible-simple-4-en-1-softfa-innovagoods\/"},"modified":"2026-05-12T11:41:09","modified_gmt":"2026-05-12T09:41:09","slug":"canape-lit-convertible-simple-4-en-1-softfa-innovagoods","status":"publish","type":"product","link":"https:\/\/tupique.com\/pt\/product\/canape-lit-convertible-simple-4-en-1-softfa-innovagoods\/","title":{"rendered":"Canap\u00e9-lit Convertible Simple 4 en 1 Softfa InnovaGoods"},"content":{"rendered":"<div class=\"col-md-6\"><b>InnovaGoods<\/b> vous offre les meilleures nouveaut\u00e9s pour la maison, comme <b>Canap\u00e9-lit Convertible Simple 4 en 1 Softfa InnovaGoods <\/b> ! D\u00e9couvrez une vaste gamme de produits de qualit\u00e9 qui se d\u00e9marquent de par leur fonctionnalit\u00e9, leur efficacit\u00e9 et leur design innovant : \u00e9clairage, organisation, d\u00e9coration, climatisation, jardin, animaux domestiques, nettoyage, etc.<\/p>\n<p>Ce <b>canap\u00e9-lit convertible 4 en 1<\/b> permet plusieurs options de repos gr\u00e2ce \u00e0 sa conception polyvalente : fauteuil, fauteuil de sol, chaise longue, lit simple.<\/p>\n<p>Un <b>canap\u00e9-lit convertible<\/b> \u00e9l\u00e9gant et pratique, id\u00e9al pour se reposer ou dormir confortablement. Housse amovible et lavable. Dossier inclinable (6 positions). Coussin inclus. Fabriqu\u00e9 avec des mat\u00e9riaux de qualit\u00e9 : polyester, mousse\/\u00e9ponge, acier, fer, PP. Poids maximal support\u00e9 : 150 kg.<\/p>\n<ul>\n<li><b>Design moderne et ergonomique <\/b>: ce canap\u00e9 convertible 4 en 1 est parfait pour se reposer avec un confort total et m\u00eame dormir paisiblement. Gr\u00e2ce \u00e0 son design innovant, extensible et pliable, il s\u2019adapte aux diff\u00e9rents besoins tout en occupant un minimum d\u2019espace. Fabriqu\u00e9 avec des mat\u00e9riaux de qualit\u00e9 : rev\u00eatement en polyester, rembourrage en mousse\/\u00e9ponge, structure en acier, fer et PP.<\/li>\n<li><b>Polyvalent, multifonction 4 en 1 <\/b>: notre fauteuil-lit convertible est dot\u00e9 d\u2019un design \u00e9l\u00e9gant et pratique qui s\u2019int\u00e8gre facilement \u00e0 votre d\u00e9coration int\u00e9rieure. Il offre de multiples options d\u2019utilisation, pouvant prendre diff\u00e9rentes formes rapidement et facilement. Il peut \u00eatre principalement utilis\u00e9 comme fauteuil conventionnel, fauteuil de sol (gaming), chaise longue et lit simple.<\/li>\n<li><b>Accoudoirs, dossier inclinable <\/b>: notre fauteuil chaise longue dispose d\u2019un dossier avec 6 niveaux d\u2019inclinaison (180\u00ba- 85\u00ba) pour adopter la posture souhait\u00e9e et profiter d\u2019une relaxation totale. Il dispose \u00e9galement d\u2019accoudoirs et d\u2019un coussin pour un plus grand confort.<\/li>\n<li><b>Confort et stabilit\u00e9 maximum <\/b>: ce canap\u00e9-lit simple permet de se reposer et de se d\u00e9tendre en toute s\u00e9curit\u00e9 et confortablement. Il comprend 4 protections adh\u00e9sives en feutre \u00e0 placer sur la base des pieds, ce qui assure un bon support et \u00e9vite d\u2019ab\u00eemer le sol. Poids maximum support\u00e9 : 150 kg.<\/li>\n<li><b>Montage et nettoyage faciles <\/b>: ce canap\u00e9-lit pliant est facile \u00e0 monter en suivant les instructions fournies. De plus, la housse ext\u00e9rieure est munie d\u2019une fermeture \u00e9clair qui permet de la retirer et de la laver \u00e0 la main.<\/li>\n<\/ul>\n<ul>\n<li>Mat\u00e9riel:\n<ul>\n<li>Acier<\/li>\n<li>Fer<\/li>\n<li>Polyester<\/li>\n<li>Mousse haute densit\u00e9<\/li>\n<li>polypropyl\u00e8ne<\/li>\n<\/ul>\n<\/li>\n<li>Couleur:\n<ul>\n<li>Gris<\/li>\n<li>Noir<\/li>\n<\/ul>\n<\/li>\n<li>Type: Fauteuil de Relaxation<\/li>\n<li>Design moderne et ergonomique: 4-in-1<\/li>\n<li>Multifonction:\n<ul>\n<li>Fauteuil<\/li>\n<li>Chaise au sol<\/li>\n<li>Chaise longue<\/li>\n<li>Lit<\/li>\n<\/ul>\n<\/li>\n<li>Inclut: Coussin<\/li>\n<li>Caract\u00e9ristiques: Extensible<\/li>\n<li>Dossier inclin\u00e9: 6 niveaux d&#8217;inclinaison (180\u00ba-85\u00ba)<\/li>\n<li>Pieds antid\u00e9rapants: Fixation ferme<\/li>\n<li>Housse amovible et lavable avec fermeture \u00e9clair: Laver \u00e0 la main<\/li>\n<li>Confort et commodit\u00e9: Repos et relaxation<\/li>\n<li>Instructions de montage: Accessoires de montage inclus<\/li>\n<li>Poids Max. support\u00e9: 150 kg<\/li>\n<li>Dimensions approx.:\n<ul>\n<li>64 x 80 x 68 cm<\/li>\n<li>64 x 64 x 68 cm<\/li>\n<li>64 x 80 x 170 cm<\/li>\n<li>64 x 25 x 190 cm<\/li>\n<\/ul>\n<\/li>\n<\/ul>\n<p>Packaging et manuel en 24 langues: anglais, fran\u00e7ais, espagnol, allemand, italien, portugais, n\u00e9erlandais, polonais, hongrois, roumain, danois, su\u00e9dois, finnois, lituanien, norv\u00e9gien, slov\u00e8ne, grec, tch\u00e8que, bulgare, croate, slovaque, estonien, russe, letton.<\/p><\/div>\n<div class=\"col-md-6\">\n<div class=\"embed-responsive embed-responsive-16by9\"><iframe class=\"embed-responsive-item\" src=\"https:\/\/www.youtube.com\/embed\/83RqVq9BIZg\" frameborder=\"0\" allowfullscreen><\/iframe><\/div>\n<\/div>","protected":false},"excerpt":{"rendered":"<p>InnovaGoods vous offre les meilleures nouveaut\u00e9s pour la maison, comme Canap\u00e9-lit Convertible Simple 4 en 1 Softfa InnovaGoods ! D\u00e9couvrez une vaste gamme de produits de qualit\u00e9 qui se d\u00e9marquent de par leur fonctionnalit\u00e9, leur efficacit\u00e9 et leur design innovant : \u00e9clairage, organisation, d\u00e9coration, climatisation, jardin, animaux domestiques, nettoyage, etc. Ce canap\u00e9-lit convertible 4 en [&hellip;]<\/p>\n","protected":false},"featured_media":199996,"comment_status":"open","ping_status":"closed","template":"","meta":[],"product_brand":[256],"product_cat":[63,64,972,1728,1694,1797,239,577,1796],"product_tag":[1485],"woo-feed-brand":[],"class_list":{"0":"post-200009","1":"product","2":"type-product","3":"status-publish","4":"has-post-thumbnail","6":"product_brand-brandp_1281","7":"product_cat-cadeaux-originaux","8":"product_cat-cadeaux-pour-la-maison","9":"product_cat-canapes-et-canapes-lits","10":"product_cat-fauteuils-de-repos","11":"product_cat-fauteuils-fauteuil-a-bascule-et-sieges","12":"product_cat-idees-pour-la-maison","13":"product_cat-maison-jardin","14":"product_cat-mobilier","15":"product_cat-teleachat-vu-a-la-television","16":"product_tag-tag_1288","18":"first","19":"instock","20":"taxable","21":"shipping-taxable","22":"purchasable","23":"product-type-simple"},"yoast_head":"<!-- This site is optimized with the Yoast SEO plugin v27.6 - https:\/\/yoast.com\/product\/yoast-seo-wordpress\/ -->\n<title>Canap\u00e9-lit Convertible Simple 4 en 1 Softfa InnovaGoods | | Tupique<\/title>\n<meta name=\"description\" content=\"Envie d&#039;acheter Canap\u00e9-lit Convertible Simple 4 en 1 Softfa InnovaGoods\u00a0? Achetez Canap\u00e9-lit Convertible Simple 4 en 1 Softfa InnovaGoods maintenant avec Tupique en 3 versements sans int\u00e9r\u00eat.\" \/>\n<meta name=\"robots\" content=\"index, follow, max-snippet:-1, max-image-preview:large, max-video-preview:-1\" \/>\n<link rel=\"canonical\" href=\"https:\/\/tupique.com\/pt\/product\/canape-lit-convertible-simple-4-en-1-softfa-innovagoods\/\" \/>\n<meta property=\"og:locale\" content=\"pt_PT\" \/>\n<meta property=\"og:type\" content=\"article\" \/>\n<meta property=\"og:title\" content=\"Canap\u00e9-lit Convertible Simple 4 en 1 Softfa InnovaGoods | | Tupique\" \/>\n<meta property=\"og:description\" content=\"Envie d&#039;acheter Canap\u00e9-lit Convertible Simple 4 en 1 Softfa InnovaGoods\u00a0? Achetez Canap\u00e9-lit Convertible Simple 4 en 1 Softfa InnovaGoods maintenant avec Tupique en 3 versements sans int\u00e9r\u00eat.\" \/>\n<meta property=\"og:url\" content=\"https:\/\/tupique.com\/pt\/product\/canape-lit-convertible-simple-4-en-1-softfa-innovagoods\/\" \/>\n<meta property=\"og:site_name\" content=\"Tupique\" \/>\n<meta property=\"og:image\" content=\"https:\/\/tupique.com\/wp-content\/uploads\/2026\/05\/v0103938_001_mkt1.jpg\" \/>\n\t<meta property=\"og:image:width\" content=\"1200\" \/>\n\t<meta property=\"og:image:height\" content=\"1200\" \/>\n\t<meta property=\"og:image:type\" content=\"image\/jpeg\" \/>\n<meta name=\"twitter:card\" content=\"summary_large_image\" \/>\n<meta name=\"twitter:label1\" content=\"Tempo estimado de leitura\" \/>\n\t<meta name=\"twitter:data1\" content=\"2 minutos\" \/>\n<script type=\"application\/ld+json\" class=\"yoast-schema-graph\">{\"@context\":\"https:\\\/\\\/schema.org\",\"@graph\":[{\"@type\":\"WebPage\",\"@id\":\"https:\\\/\\\/tupique.com\\\/product\\\/canape-lit-convertible-simple-4-en-1-softfa-innovagoods\\\/\",\"url\":\"https:\\\/\\\/tupique.com\\\/product\\\/canape-lit-convertible-simple-4-en-1-softfa-innovagoods\\\/\",\"name\":\"Canap\u00e9-lit Convertible Simple 4 en 1 Softfa InnovaGoods | | Tupique\",\"isPartOf\":{\"@id\":\"https:\\\/\\\/tupique.com\\\/#website\"},\"primaryImageOfPage\":{\"@id\":\"https:\\\/\\\/tupique.com\\\/product\\\/canape-lit-convertible-simple-4-en-1-softfa-innovagoods\\\/#primaryimage\"},\"image\":{\"@id\":\"https:\\\/\\\/tupique.com\\\/product\\\/canape-lit-convertible-simple-4-en-1-softfa-innovagoods\\\/#primaryimage\"},\"thumbnailUrl\":\"https:\\\/\\\/tupique.com\\\/wp-content\\\/uploads\\\/2026\\\/05\\\/v0103938_001_mkt1.jpg\",\"datePublished\":\"2026-05-12T09:41:09+00:00\",\"description\":\"Envie d'acheter Canap\u00e9-lit Convertible Simple 4 en 1 Softfa InnovaGoods\u00a0? Achetez Canap\u00e9-lit Convertible Simple 4 en 1 Softfa InnovaGoods maintenant avec Tupique en 3 versements sans int\u00e9r\u00eat.\",\"breadcrumb\":{\"@id\":\"https:\\\/\\\/tupique.com\\\/product\\\/canape-lit-convertible-simple-4-en-1-softfa-innovagoods\\\/#breadcrumb\"},\"inLanguage\":\"pt-PT\",\"potentialAction\":[{\"@type\":\"ReadAction\",\"target\":[\"https:\\\/\\\/tupique.com\\\/product\\\/canape-lit-convertible-simple-4-en-1-softfa-innovagoods\\\/\"]}]},{\"@type\":\"ImageObject\",\"inLanguage\":\"pt-PT\",\"@id\":\"https:\\\/\\\/tupique.com\\\/product\\\/canape-lit-convertible-simple-4-en-1-softfa-innovagoods\\\/#primaryimage\",\"url\":\"https:\\\/\\\/tupique.com\\\/wp-content\\\/uploads\\\/2026\\\/05\\\/v0103938_001_mkt1.jpg\",\"contentUrl\":\"https:\\\/\\\/tupique.com\\\/wp-content\\\/uploads\\\/2026\\\/05\\\/v0103938_001_mkt1.jpg\",\"width\":1200,\"height\":1200,\"caption\":\"V0103938_0\"},{\"@type\":\"BreadcrumbList\",\"@id\":\"https:\\\/\\\/tupique.com\\\/product\\\/canape-lit-convertible-simple-4-en-1-softfa-innovagoods\\\/#breadcrumb\",\"itemListElement\":[{\"@type\":\"ListItem\",\"position\":1,\"name\":\"commencer\",\"item\":\"https:\\\/\\\/tupique.com\\\/\"},{\"@type\":\"ListItem\",\"position\":2,\"name\":\"Loja\",\"item\":\"https:\\\/\\\/tupique.com\\\/pt\\\/loja\\\/\"},{\"@type\":\"ListItem\",\"position\":3,\"name\":\"Canap\u00e9-lit Convertible Simple 4 en 1 Softfa InnovaGoods\"}]},{\"@type\":\"WebSite\",\"@id\":\"https:\\\/\\\/tupique.com\\\/#website\",\"url\":\"https:\\\/\\\/tupique.com\\\/\",\"name\":\"Tupique\",\"description\":\"\",\"publisher\":{\"@id\":\"https:\\\/\\\/tupique.com\\\/#organization\"},\"potentialAction\":[{\"@type\":\"SearchAction\",\"target\":{\"@type\":\"EntryPoint\",\"urlTemplate\":\"https:\\\/\\\/tupique.com\\\/?s={search_term_string}\"},\"query-input\":{\"@type\":\"PropertyValueSpecification\",\"valueRequired\":true,\"valueName\":\"search_term_string\"}}],\"inLanguage\":\"pt-PT\"},{\"@type\":\"Organization\",\"@id\":\"https:\\\/\\\/tupique.com\\\/#organization\",\"name\":\"Tupique\",\"url\":\"https:\\\/\\\/tupique.com\\\/\",\"logo\":{\"@type\":\"ImageObject\",\"inLanguage\":\"pt-PT\",\"@id\":\"https:\\\/\\\/tupique.com\\\/#\\\/schema\\\/logo\\\/image\\\/\",\"url\":\"https:\\\/\\\/tupique.com\\\/wp-content\\\/uploads\\\/2026\\\/03\\\/logo-tupique-1.webp\",\"contentUrl\":\"https:\\\/\\\/tupique.com\\\/wp-content\\\/uploads\\\/2026\\\/03\\\/logo-tupique-1.webp\",\"width\":500,\"height\":67,\"caption\":\"Tupique\"},\"image\":{\"@id\":\"https:\\\/\\\/tupique.com\\\/#\\\/schema\\\/logo\\\/image\\\/\"}}]}<\/script>\n<!-- \/ Yoast SEO plugin. -->","yoast_head_json":{"title":"Canap\u00e9-lit Convertible Simple 4 en 1 Softfa InnovaGoods | | Tupique","description":"Envie d'acheter Canap\u00e9-lit Convertible Simple 4 en 1 Softfa InnovaGoods\u00a0? Achetez Canap\u00e9-lit Convertible Simple 4 en 1 Softfa InnovaGoods maintenant avec Tupique en 3 versements sans int\u00e9r\u00eat.","robots":{"index":"index","follow":"follow","max-snippet":"max-snippet:-1","max-image-preview":"max-image-preview:large","max-video-preview":"max-video-preview:-1"},"canonical":"https:\/\/tupique.com\/pt\/product\/canape-lit-convertible-simple-4-en-1-softfa-innovagoods\/","og_locale":"pt_PT","og_type":"article","og_title":"Canap\u00e9-lit Convertible Simple 4 en 1 Softfa InnovaGoods | | Tupique","og_description":"Envie d'acheter Canap\u00e9-lit Convertible Simple 4 en 1 Softfa InnovaGoods\u00a0? Achetez Canap\u00e9-lit Convertible Simple 4 en 1 Softfa InnovaGoods maintenant avec Tupique en 3 versements sans int\u00e9r\u00eat.","og_url":"https:\/\/tupique.com\/pt\/product\/canape-lit-convertible-simple-4-en-1-softfa-innovagoods\/","og_site_name":"Tupique","og_image":[{"width":1200,"height":1200,"url":"https:\/\/tupique.com\/wp-content\/uploads\/2026\/05\/v0103938_001_mkt1.jpg","type":"image\/jpeg"}],"twitter_card":"summary_large_image","twitter_misc":{"Tempo estimado de leitura":"2 minutos"},"schema":{"@context":"https:\/\/schema.org","@graph":[{"@type":"WebPage","@id":"https:\/\/tupique.com\/product\/canape-lit-convertible-simple-4-en-1-softfa-innovagoods\/","url":"https:\/\/tupique.com\/product\/canape-lit-convertible-simple-4-en-1-softfa-innovagoods\/","name":"Canap\u00e9-lit Convertible Simple 4 en 1 Softfa InnovaGoods | | Tupique","isPartOf":{"@id":"https:\/\/tupique.com\/#website"},"primaryImageOfPage":{"@id":"https:\/\/tupique.com\/product\/canape-lit-convertible-simple-4-en-1-softfa-innovagoods\/#primaryimage"},"image":{"@id":"https:\/\/tupique.com\/product\/canape-lit-convertible-simple-4-en-1-softfa-innovagoods\/#primaryimage"},"thumbnailUrl":"https:\/\/tupique.com\/wp-content\/uploads\/2026\/05\/v0103938_001_mkt1.jpg","datePublished":"2026-05-12T09:41:09+00:00","description":"Envie d'acheter Canap\u00e9-lit Convertible Simple 4 en 1 Softfa InnovaGoods\u00a0? Achetez Canap\u00e9-lit Convertible Simple 4 en 1 Softfa InnovaGoods maintenant avec Tupique en 3 versements sans int\u00e9r\u00eat.","breadcrumb":{"@id":"https:\/\/tupique.com\/product\/canape-lit-convertible-simple-4-en-1-softfa-innovagoods\/#breadcrumb"},"inLanguage":"pt-PT","potentialAction":[{"@type":"ReadAction","target":["https:\/\/tupique.com\/product\/canape-lit-convertible-simple-4-en-1-softfa-innovagoods\/"]}]},{"@type":"ImageObject","inLanguage":"pt-PT","@id":"https:\/\/tupique.com\/product\/canape-lit-convertible-simple-4-en-1-softfa-innovagoods\/#primaryimage","url":"https:\/\/tupique.com\/wp-content\/uploads\/2026\/05\/v0103938_001_mkt1.jpg","contentUrl":"https:\/\/tupique.com\/wp-content\/uploads\/2026\/05\/v0103938_001_mkt1.jpg","width":1200,"height":1200,"caption":"V0103938_0"},{"@type":"BreadcrumbList","@id":"https:\/\/tupique.com\/product\/canape-lit-convertible-simple-4-en-1-softfa-innovagoods\/#breadcrumb","itemListElement":[{"@type":"ListItem","position":1,"name":"commencer","item":"https:\/\/tupique.com\/"},{"@type":"ListItem","position":2,"name":"Loja","item":"https:\/\/tupique.com\/pt\/loja\/"},{"@type":"ListItem","position":3,"name":"Canap\u00e9-lit Convertible Simple 4 en 1 Softfa InnovaGoods"}]},{"@type":"WebSite","@id":"https:\/\/tupique.com\/#website","url":"https:\/\/tupique.com\/","name":"Tupique","description":"","publisher":{"@id":"https:\/\/tupique.com\/#organization"},"potentialAction":[{"@type":"SearchAction","target":{"@type":"EntryPoint","urlTemplate":"https:\/\/tupique.com\/?s={search_term_string}"},"query-input":{"@type":"PropertyValueSpecification","valueRequired":true,"valueName":"search_term_string"}}],"inLanguage":"pt-PT"},{"@type":"Organization","@id":"https:\/\/tupique.com\/#organization","name":"Tupique","url":"https:\/\/tupique.com\/","logo":{"@type":"ImageObject","inLanguage":"pt-PT","@id":"https:\/\/tupique.com\/#\/schema\/logo\/image\/","url":"https:\/\/tupique.com\/wp-content\/uploads\/2026\/03\/logo-tupique-1.webp","contentUrl":"https:\/\/tupique.com\/wp-content\/uploads\/2026\/03\/logo-tupique-1.webp","width":500,"height":67,"caption":"Tupique"},"image":{"@id":"https:\/\/tupique.com\/#\/schema\/logo\/image\/"}}]}},"_links":{"self":[{"href":"https:\/\/tupique.com\/pt\/wp-json\/wp\/v2\/product\/200009","targetHints":{"allow":["GET"]}}],"collection":[{"href":"https:\/\/tupique.com\/pt\/wp-json\/wp\/v2\/product"}],"about":[{"href":"https:\/\/tupique.com\/pt\/wp-json\/wp\/v2\/types\/product"}],"replies":[{"embeddable":true,"href":"https:\/\/tupique.com\/pt\/wp-json\/wp\/v2\/comments?post=200009"}],"wp:featuredmedia":[{"embeddable":true,"href":"https:\/\/tupique.com\/pt\/wp-json\/wp\/v2\/media\/199996"}],"wp:attachment":[{"href":"https:\/\/tupique.com\/pt\/wp-json\/wp\/v2\/media?parent=200009"}],"wp:term":[{"taxonomy":"product_brand","embeddable":true,"href":"https:\/\/tupique.com\/pt\/wp-json\/wp\/v2\/product_brand?post=200009"},{"taxonomy":"product_cat","embeddable":true,"href":"https:\/\/tupique.com\/pt\/wp-json\/wp\/v2\/product_cat?post=200009"},{"taxonomy":"product_tag","embeddable":true,"href":"https:\/\/tupique.com\/pt\/wp-json\/wp\/v2\/product_tag?post=200009"},{"taxonomy":"woo-feed-brand","embeddable":true,"href":"https:\/\/tupique.com\/pt\/wp-json\/wp\/v2\/woo-feed-brand?post=200009"}],"curies":[{"name":"wp","href":"https:\/\/api.w.org\/{rel}","templated":true}]}}