{"id":200285,"date":"2026-05-12T12:04:23","date_gmt":"2026-05-12T10:04:23","guid":{"rendered":"https:\/\/tupique.com\/product\/bestway-aspersor-gonflable-dinosaure-d122-cm-2-ans-jardin-52698\/"},"modified":"2026-05-12T12:15:11","modified_gmt":"2026-05-12T10:15:11","slug":"bestway-aspersor-gonflable-dinosaure-d122-cm-2-ans-jardin-52698","status":"publish","type":"product","link":"https:\/\/tupique.com\/pt\/product\/bestway-aspersor-gonflable-dinosaure-d122-cm-2-ans-jardin-52698\/","title":{"rendered":"Bestway Aspersor Gonflable Dinosaure D122 cm +2 Ans Jardin 52698"},"content":{"rendered":"<p>Les enfants m\u00e9ritent ce qu\u2019il y a de mieux, nous vous pr\u00e9sentons donc <b>Jouet Arroseur Bestway Plastique<\/b>, id\u00e9al pour ceux qui cherchent des produits de qualit\u00e9 pour les plus petits ! Procurez-vous <b>Bestway<\/b> aux meilleurs prix !<\/p>\n<ul>\n<li>Tipo:\n<ul>\n<li>Jouet Arroseur<\/li>\n<li>Gonflable<\/li>\n<\/ul>\n<\/li>\n<li>Idade recomendada:\n<ul>\n<li>+ 2 Ans<\/li>\n<li>Enfant<\/li>\n<\/ul>\n<\/li>\n<li>Couleur: Multicouleur<\/li>\n<li>Mati\u00e8re:\n<ul>\n<li>Plastique<\/li>\n<li>PVC<\/li>\n<\/ul>\n<\/li>\n<li>Caract\u00e9ristiques: Nettoyage par chiffon humide<\/li>\n<li>Utiliza\u00e7\u00e3o recomendada:\n<ul>\n<li>Plage<\/li>\n<li>Piscine<\/li>\n<\/ul>\n<\/li>\n<li>Forme: Rond<\/li>\n<\/ul>","protected":false},"excerpt":{"rendered":"<p>Les enfants m\u00e9ritent ce qu\u2019il y a de mieux, nous vous pr\u00e9sentons donc Jouet Arroseur Bestway Plastique, id\u00e9al pour ceux qui cherchent des produits de qualit\u00e9 pour les plus petits ! Procurez-vous Bestway aux meilleurs prix ! Type: Jouet Arroseur Gonflable \u00c2ge recommand\u00e9: + 2 Ans Enfant Couleur: Multicouleur Mati\u00e8re: Plastique PVC Caract\u00e9ristiques: Nettoyage par [&hellip;]<\/p>\n","protected":false},"featured_media":200282,"comment_status":"open","ping_status":"closed","template":"","meta":[],"product_brand":[1771],"product_cat":[2272,1769,1764],"product_tag":[57,721,211],"woo-feed-brand":[],"class_list":{"0":"post-200285","1":"product","2":"type-product","3":"status-publish","4":"has-post-thumbnail","6":"product_brand-brandp_520","7":"product_cat-piscines","8":"product_cat-plage-et-piscine","9":"product_cat-sports-loisirs","10":"product_tag-tag_1275","11":"product_tag-tag_124","12":"product_tag-tag_3","14":"first","15":"instock","16":"taxable","17":"shipping-taxable","18":"purchasable","19":"product-type-simple"},"yoast_head":"<!-- This site is optimized with the Yoast SEO plugin v27.6 - https:\/\/yoast.com\/product\/yoast-seo-wordpress\/ -->\n<title>Bestway Aspersor Gonflable Dinosaure D122 cm +2 Ans Jardin 52698 | | Tupique<\/title>\n<meta name=\"description\" content=\"Envie d&#039;acheter Bestway Aspersor Gonflable Dinosaure D122 cm +2 Ans Jardin 52698\u00a0? Achetez Bestway Aspersor Gonflable Dinosaure D122 cm +2 Ans Jardin 52698 maintenant avec Tupique en 3 versements sans int\u00e9r\u00eat.\" \/>\n<meta name=\"robots\" content=\"index, follow, max-snippet:-1, max-image-preview:large, max-video-preview:-1\" \/>\n<link rel=\"canonical\" href=\"https:\/\/tupique.com\/pt\/product\/bestway-aspersor-gonflable-dinosaure-d122-cm-2-ans-jardin-52698\/\" \/>\n<meta property=\"og:locale\" content=\"pt_PT\" \/>\n<meta property=\"og:type\" content=\"article\" \/>\n<meta property=\"og:title\" content=\"Bestway Aspersor Gonflable Dinosaure D122 cm +2 Ans Jardin 52698 | | Tupique\" \/>\n<meta property=\"og:description\" content=\"Envie d&#039;acheter Bestway Aspersor Gonflable Dinosaure D122 cm +2 Ans Jardin 52698\u00a0? Achetez Bestway Aspersor Gonflable Dinosaure D122 cm +2 Ans Jardin 52698 maintenant avec Tupique en 3 versements sans int\u00e9r\u00eat.\" \/>\n<meta property=\"og:url\" content=\"https:\/\/tupique.com\/pt\/product\/bestway-aspersor-gonflable-dinosaure-d122-cm-2-ans-jardin-52698\/\" \/>\n<meta property=\"og:site_name\" content=\"Tupique\" \/>\n<meta property=\"article:modified_time\" content=\"2026-05-12T10:15:11+00:00\" \/>\n<meta property=\"og:image\" content=\"https:\/\/tupique.com\/wp-content\/uploads\/2026\/05\/6941607364338_D1400877_P00.jpg\" \/>\n\t<meta property=\"og:image:width\" content=\"1200\" \/>\n\t<meta property=\"og:image:height\" content=\"1200\" \/>\n\t<meta property=\"og:image:type\" content=\"image\/jpeg\" \/>\n<meta name=\"twitter:card\" content=\"summary_large_image\" \/>\n<script type=\"application\/ld+json\" class=\"yoast-schema-graph\">{\"@context\":\"https:\\\/\\\/schema.org\",\"@graph\":[{\"@type\":\"WebPage\",\"@id\":\"https:\\\/\\\/tupique.com\\\/product\\\/bestway-aspersor-gonflable-dinosaure-d122-cm-2-ans-jardin-52698\\\/\",\"url\":\"https:\\\/\\\/tupique.com\\\/product\\\/bestway-aspersor-gonflable-dinosaure-d122-cm-2-ans-jardin-52698\\\/\",\"name\":\"Bestway Aspersor Gonflable Dinosaure D122 cm +2 Ans Jardin 52698 | | Tupique\",\"isPartOf\":{\"@id\":\"https:\\\/\\\/tupique.com\\\/#website\"},\"primaryImageOfPage\":{\"@id\":\"https:\\\/\\\/tupique.com\\\/product\\\/bestway-aspersor-gonflable-dinosaure-d122-cm-2-ans-jardin-52698\\\/#primaryimage\"},\"image\":{\"@id\":\"https:\\\/\\\/tupique.com\\\/product\\\/bestway-aspersor-gonflable-dinosaure-d122-cm-2-ans-jardin-52698\\\/#primaryimage\"},\"thumbnailUrl\":\"https:\\\/\\\/tupique.com\\\/wp-content\\\/uploads\\\/2026\\\/05\\\/6941607364338_D1400877_P00.jpg\",\"datePublished\":\"2026-05-12T10:04:23+00:00\",\"dateModified\":\"2026-05-12T10:15:11+00:00\",\"description\":\"Envie d'acheter Bestway Aspersor Gonflable Dinosaure D122 cm +2 Ans Jardin 52698\u00a0? Achetez Bestway Aspersor Gonflable Dinosaure D122 cm +2 Ans Jardin 52698 maintenant avec Tupique en 3 versements sans int\u00e9r\u00eat.\",\"breadcrumb\":{\"@id\":\"https:\\\/\\\/tupique.com\\\/product\\\/bestway-aspersor-gonflable-dinosaure-d122-cm-2-ans-jardin-52698\\\/#breadcrumb\"},\"inLanguage\":\"pt-PT\",\"potentialAction\":[{\"@type\":\"ReadAction\",\"target\":[\"https:\\\/\\\/tupique.com\\\/product\\\/bestway-aspersor-gonflable-dinosaure-d122-cm-2-ans-jardin-52698\\\/\"]}]},{\"@type\":\"ImageObject\",\"inLanguage\":\"pt-PT\",\"@id\":\"https:\\\/\\\/tupique.com\\\/product\\\/bestway-aspersor-gonflable-dinosaure-d122-cm-2-ans-jardin-52698\\\/#primaryimage\",\"url\":\"https:\\\/\\\/tupique.com\\\/wp-content\\\/uploads\\\/2026\\\/05\\\/6941607364338_D1400877_P00.jpg\",\"contentUrl\":\"https:\\\/\\\/tupique.com\\\/wp-content\\\/uploads\\\/2026\\\/05\\\/6941607364338_D1400877_P00.jpg\",\"width\":1200,\"height\":1200,\"caption\":\"D1400877_0\"},{\"@type\":\"BreadcrumbList\",\"@id\":\"https:\\\/\\\/tupique.com\\\/product\\\/bestway-aspersor-gonflable-dinosaure-d122-cm-2-ans-jardin-52698\\\/#breadcrumb\",\"itemListElement\":[{\"@type\":\"ListItem\",\"position\":1,\"name\":\"commencer\",\"item\":\"https:\\\/\\\/tupique.com\\\/\"},{\"@type\":\"ListItem\",\"position\":2,\"name\":\"Loja\",\"item\":\"https:\\\/\\\/tupique.com\\\/pt\\\/loja\\\/\"},{\"@type\":\"ListItem\",\"position\":3,\"name\":\"Bestway Aspersor Gonflable Dinosaure D122 cm +2 Ans Jardin 52698\"}]},{\"@type\":\"WebSite\",\"@id\":\"https:\\\/\\\/tupique.com\\\/#website\",\"url\":\"https:\\\/\\\/tupique.com\\\/\",\"name\":\"Tupique\",\"description\":\"\",\"publisher\":{\"@id\":\"https:\\\/\\\/tupique.com\\\/#organization\"},\"potentialAction\":[{\"@type\":\"SearchAction\",\"target\":{\"@type\":\"EntryPoint\",\"urlTemplate\":\"https:\\\/\\\/tupique.com\\\/?s={search_term_string}\"},\"query-input\":{\"@type\":\"PropertyValueSpecification\",\"valueRequired\":true,\"valueName\":\"search_term_string\"}}],\"inLanguage\":\"pt-PT\"},{\"@type\":\"Organization\",\"@id\":\"https:\\\/\\\/tupique.com\\\/#organization\",\"name\":\"Tupique\",\"url\":\"https:\\\/\\\/tupique.com\\\/\",\"logo\":{\"@type\":\"ImageObject\",\"inLanguage\":\"pt-PT\",\"@id\":\"https:\\\/\\\/tupique.com\\\/#\\\/schema\\\/logo\\\/image\\\/\",\"url\":\"https:\\\/\\\/tupique.com\\\/wp-content\\\/uploads\\\/2026\\\/03\\\/logo-tupique-1.webp\",\"contentUrl\":\"https:\\\/\\\/tupique.com\\\/wp-content\\\/uploads\\\/2026\\\/03\\\/logo-tupique-1.webp\",\"width\":500,\"height\":67,\"caption\":\"Tupique\"},\"image\":{\"@id\":\"https:\\\/\\\/tupique.com\\\/#\\\/schema\\\/logo\\\/image\\\/\"}}]}<\/script>\n<!-- \/ Yoast SEO plugin. -->","yoast_head_json":{"title":"Bestway Aspersor Gonflable Dinosaure D122 cm +2 Ans Jardin 52698 | | Tupique","description":"Envie d'acheter Bestway Aspersor Gonflable Dinosaure D122 cm +2 Ans Jardin 52698\u00a0? Achetez Bestway Aspersor Gonflable Dinosaure D122 cm +2 Ans Jardin 52698 maintenant avec Tupique en 3 versements sans int\u00e9r\u00eat.","robots":{"index":"index","follow":"follow","max-snippet":"max-snippet:-1","max-image-preview":"max-image-preview:large","max-video-preview":"max-video-preview:-1"},"canonical":"https:\/\/tupique.com\/pt\/product\/bestway-aspersor-gonflable-dinosaure-d122-cm-2-ans-jardin-52698\/","og_locale":"pt_PT","og_type":"article","og_title":"Bestway Aspersor Gonflable Dinosaure D122 cm +2 Ans Jardin 52698 | | Tupique","og_description":"Envie d'acheter Bestway Aspersor Gonflable Dinosaure D122 cm +2 Ans Jardin 52698\u00a0? Achetez Bestway Aspersor Gonflable Dinosaure D122 cm +2 Ans Jardin 52698 maintenant avec Tupique en 3 versements sans int\u00e9r\u00eat.","og_url":"https:\/\/tupique.com\/pt\/product\/bestway-aspersor-gonflable-dinosaure-d122-cm-2-ans-jardin-52698\/","og_site_name":"Tupique","article_modified_time":"2026-05-12T10:15:11+00:00","og_image":[{"width":1200,"height":1200,"url":"https:\/\/tupique.com\/wp-content\/uploads\/2026\/05\/6941607364338_D1400877_P00.jpg","type":"image\/jpeg"}],"twitter_card":"summary_large_image","schema":{"@context":"https:\/\/schema.org","@graph":[{"@type":"WebPage","@id":"https:\/\/tupique.com\/product\/bestway-aspersor-gonflable-dinosaure-d122-cm-2-ans-jardin-52698\/","url":"https:\/\/tupique.com\/product\/bestway-aspersor-gonflable-dinosaure-d122-cm-2-ans-jardin-52698\/","name":"Bestway Aspersor Gonflable Dinosaure D122 cm +2 Ans Jardin 52698 | | Tupique","isPartOf":{"@id":"https:\/\/tupique.com\/#website"},"primaryImageOfPage":{"@id":"https:\/\/tupique.com\/product\/bestway-aspersor-gonflable-dinosaure-d122-cm-2-ans-jardin-52698\/#primaryimage"},"image":{"@id":"https:\/\/tupique.com\/product\/bestway-aspersor-gonflable-dinosaure-d122-cm-2-ans-jardin-52698\/#primaryimage"},"thumbnailUrl":"https:\/\/tupique.com\/wp-content\/uploads\/2026\/05\/6941607364338_D1400877_P00.jpg","datePublished":"2026-05-12T10:04:23+00:00","dateModified":"2026-05-12T10:15:11+00:00","description":"Envie d'acheter Bestway Aspersor Gonflable Dinosaure D122 cm +2 Ans Jardin 52698\u00a0? Achetez Bestway Aspersor Gonflable Dinosaure D122 cm +2 Ans Jardin 52698 maintenant avec Tupique en 3 versements sans int\u00e9r\u00eat.","breadcrumb":{"@id":"https:\/\/tupique.com\/product\/bestway-aspersor-gonflable-dinosaure-d122-cm-2-ans-jardin-52698\/#breadcrumb"},"inLanguage":"pt-PT","potentialAction":[{"@type":"ReadAction","target":["https:\/\/tupique.com\/product\/bestway-aspersor-gonflable-dinosaure-d122-cm-2-ans-jardin-52698\/"]}]},{"@type":"ImageObject","inLanguage":"pt-PT","@id":"https:\/\/tupique.com\/product\/bestway-aspersor-gonflable-dinosaure-d122-cm-2-ans-jardin-52698\/#primaryimage","url":"https:\/\/tupique.com\/wp-content\/uploads\/2026\/05\/6941607364338_D1400877_P00.jpg","contentUrl":"https:\/\/tupique.com\/wp-content\/uploads\/2026\/05\/6941607364338_D1400877_P00.jpg","width":1200,"height":1200,"caption":"D1400877_0"},{"@type":"BreadcrumbList","@id":"https:\/\/tupique.com\/product\/bestway-aspersor-gonflable-dinosaure-d122-cm-2-ans-jardin-52698\/#breadcrumb","itemListElement":[{"@type":"ListItem","position":1,"name":"commencer","item":"https:\/\/tupique.com\/"},{"@type":"ListItem","position":2,"name":"Loja","item":"https:\/\/tupique.com\/pt\/loja\/"},{"@type":"ListItem","position":3,"name":"Bestway Aspersor Gonflable Dinosaure D122 cm +2 Ans Jardin 52698"}]},{"@type":"WebSite","@id":"https:\/\/tupique.com\/#website","url":"https:\/\/tupique.com\/","name":"Tupique","description":"","publisher":{"@id":"https:\/\/tupique.com\/#organization"},"potentialAction":[{"@type":"SearchAction","target":{"@type":"EntryPoint","urlTemplate":"https:\/\/tupique.com\/?s={search_term_string}"},"query-input":{"@type":"PropertyValueSpecification","valueRequired":true,"valueName":"search_term_string"}}],"inLanguage":"pt-PT"},{"@type":"Organization","@id":"https:\/\/tupique.com\/#organization","name":"Tupique","url":"https:\/\/tupique.com\/","logo":{"@type":"ImageObject","inLanguage":"pt-PT","@id":"https:\/\/tupique.com\/#\/schema\/logo\/image\/","url":"https:\/\/tupique.com\/wp-content\/uploads\/2026\/03\/logo-tupique-1.webp","contentUrl":"https:\/\/tupique.com\/wp-content\/uploads\/2026\/03\/logo-tupique-1.webp","width":500,"height":67,"caption":"Tupique"},"image":{"@id":"https:\/\/tupique.com\/#\/schema\/logo\/image\/"}}]}},"_links":{"self":[{"href":"https:\/\/tupique.com\/pt\/wp-json\/wp\/v2\/product\/200285","targetHints":{"allow":["GET"]}}],"collection":[{"href":"https:\/\/tupique.com\/pt\/wp-json\/wp\/v2\/product"}],"about":[{"href":"https:\/\/tupique.com\/pt\/wp-json\/wp\/v2\/types\/product"}],"replies":[{"embeddable":true,"href":"https:\/\/tupique.com\/pt\/wp-json\/wp\/v2\/comments?post=200285"}],"wp:featuredmedia":[{"embeddable":true,"href":"https:\/\/tupique.com\/pt\/wp-json\/wp\/v2\/media\/200282"}],"wp:attachment":[{"href":"https:\/\/tupique.com\/pt\/wp-json\/wp\/v2\/media?parent=200285"}],"wp:term":[{"taxonomy":"product_brand","embeddable":true,"href":"https:\/\/tupique.com\/pt\/wp-json\/wp\/v2\/product_brand?post=200285"},{"taxonomy":"product_cat","embeddable":true,"href":"https:\/\/tupique.com\/pt\/wp-json\/wp\/v2\/product_cat?post=200285"},{"taxonomy":"product_tag","embeddable":true,"href":"https:\/\/tupique.com\/pt\/wp-json\/wp\/v2\/product_tag?post=200285"},{"taxonomy":"woo-feed-brand","embeddable":true,"href":"https:\/\/tupique.com\/pt\/wp-json\/wp\/v2\/woo-feed-brand?post=200285"}],"curies":[{"name":"wp","href":"https:\/\/api.w.org\/{rel}","templated":true}]}}