{"id":200422,"date":"2026-05-12T12:18:23","date_gmt":"2026-05-12T10:18:23","guid":{"rendered":"https:\/\/tupique.com\/product\/tabouret-pliable-marbueno-plastique-couleurs-assorties-315x25x22-cm-jardin-10533\/"},"modified":"2026-05-12T12:18:23","modified_gmt":"2026-05-12T10:18:23","slug":"tabouret-pliable-marbueno-plastique-couleurs-assorties-315x25x22-cm-jardin-10533","status":"publish","type":"product","link":"https:\/\/tupique.com\/pt\/product\/tabouret-pliable-marbueno-plastique-couleurs-assorties-315x25x22-cm-jardin-10533\/","title":{"rendered":"Tabouret Pliable Marbueno Plastique Couleurs Assorties 31,5x25x22 cm Jardin 10533"},"content":{"rendered":"<p>Restez en forme et d\u00e9couvrez les derni\u00e8res nouveaut\u00e9s du secteur pour faire du sport avec les meilleures garanties ! Achetez <b>Tabouret Pliant Marbueno Multicouleur 22 x 31 x 25 cm<\/b> au meilleur prix et profitez d&#8217;une vie saine !<\/p>\n<ul>\n<li>Tipo:\n<ul>\n<li>Tabouret<\/li>\n<li>Tabouret Pliant<\/li>\n<\/ul>\n<\/li>\n<li>Caract\u00e9ristiques: Pliable<\/li>\n<li>Informations importantes: Dessins assortis envoy\u00e9s al\u00e9atoirement selon le stock disponible<\/li>\n<li>Unit\u00e9s: 1 Unit\u00e9<\/li>\n<li>Couleur: Multicouleur<\/li>\n<li>Mati\u00e8re: Plastique<\/li>\n<li>Utiliza\u00e7\u00e3o recomendada:\n<ul>\n<li>Maison<\/li>\n<li>Ext\u00e9rieur<\/li>\n<li>Int\u00e9rieur<\/li>\n<li>Jardin<\/li>\n<\/ul>\n<\/li>\n<li>Dimensions approx.: 22 x 31 x 25 cm<\/li>\n<\/ul>","protected":false},"excerpt":{"rendered":"<p><span class=\"unit-info\">30.9900 &euro; \/ 1 unit<\/span><\/p>","protected":false},"featured_media":200418,"comment_status":"open","ping_status":"closed","template":"","meta":[],"product_brand":[2702],"product_cat":[1854,1853,1764],"product_tag":[211,163],"woo-feed-brand":[],"class_list":{"0":"post-200422","1":"product","2":"type-product","3":"status-publish","4":"has-post-thumbnail","6":"product_brand-brandp_9028","7":"product_cat-accessoires-de-camping-et-de-montagne","8":"product_cat-camping-et-montagne","9":"product_cat-sports-loisirs","10":"product_tag-tag_3","11":"product_tag-tag_17","13":"first","14":"instock","15":"taxable","16":"shipping-taxable","17":"purchasable","18":"product-type-simple"},"yoast_head":"<!-- This site is optimized with the Yoast SEO plugin v27.6 - https:\/\/yoast.com\/product\/yoast-seo-wordpress\/ -->\n<title>Tabouret Pliable Marbueno Plastique Couleurs Assorties 31,5x25x22 cm Jardin 10533 | | Tupique<\/title>\n<meta name=\"description\" content=\"Envie d&#039;acheter Tabouret Pliable Marbueno Plastique Couleurs Assorties 31,5x25x22 cm Jardin 10533\u00a0? Achetez Tabouret Pliable Marbueno Plastique Couleurs Assorties 31,5x25x22 cm Jardin 10533 maintenant avec Tupique en 3 versements sans int\u00e9r\u00eat.\" \/>\n<meta name=\"robots\" content=\"index, follow, max-snippet:-1, max-image-preview:large, max-video-preview:-1\" \/>\n<link rel=\"canonical\" href=\"https:\/\/tupique.com\/pt\/product\/tabouret-pliable-marbueno-plastique-couleurs-assorties-315x25x22-cm-jardin-10533\/\" \/>\n<meta property=\"og:locale\" content=\"pt_PT\" \/>\n<meta property=\"og:type\" content=\"article\" \/>\n<meta property=\"og:title\" content=\"Tabouret Pliable Marbueno Plastique Couleurs Assorties 31,5x25x22 cm Jardin 10533 | | Tupique\" \/>\n<meta property=\"og:description\" content=\"Envie d&#039;acheter Tabouret Pliable Marbueno Plastique Couleurs Assorties 31,5x25x22 cm Jardin 10533\u00a0? Achetez Tabouret Pliable Marbueno Plastique Couleurs Assorties 31,5x25x22 cm Jardin 10533 maintenant avec Tupique en 3 versements sans int\u00e9r\u00eat.\" \/>\n<meta property=\"og:url\" content=\"https:\/\/tupique.com\/pt\/product\/tabouret-pliable-marbueno-plastique-couleurs-assorties-315x25x22-cm-jardin-10533\/\" \/>\n<meta property=\"og:site_name\" content=\"Tupique\" \/>\n<meta property=\"og:image\" content=\"https:\/\/tupique.com\/wp-content\/uploads\/2026\/05\/8435631905332_D1400844_P00.jpg\" \/>\n\t<meta property=\"og:image:width\" content=\"1200\" \/>\n\t<meta property=\"og:image:height\" content=\"1200\" \/>\n\t<meta property=\"og:image:type\" content=\"image\/jpeg\" \/>\n<meta name=\"twitter:card\" content=\"summary_large_image\" \/>\n<script type=\"application\/ld+json\" class=\"yoast-schema-graph\">{\"@context\":\"https:\\\/\\\/schema.org\",\"@graph\":[{\"@type\":\"WebPage\",\"@id\":\"https:\\\/\\\/tupique.com\\\/product\\\/tabouret-pliable-marbueno-plastique-couleurs-assorties-315x25x22-cm-jardin-10533\\\/\",\"url\":\"https:\\\/\\\/tupique.com\\\/product\\\/tabouret-pliable-marbueno-plastique-couleurs-assorties-315x25x22-cm-jardin-10533\\\/\",\"name\":\"Tabouret Pliable Marbueno Plastique Couleurs Assorties 31,5x25x22 cm Jardin 10533 | | Tupique\",\"isPartOf\":{\"@id\":\"https:\\\/\\\/tupique.com\\\/#website\"},\"primaryImageOfPage\":{\"@id\":\"https:\\\/\\\/tupique.com\\\/product\\\/tabouret-pliable-marbueno-plastique-couleurs-assorties-315x25x22-cm-jardin-10533\\\/#primaryimage\"},\"image\":{\"@id\":\"https:\\\/\\\/tupique.com\\\/product\\\/tabouret-pliable-marbueno-plastique-couleurs-assorties-315x25x22-cm-jardin-10533\\\/#primaryimage\"},\"thumbnailUrl\":\"https:\\\/\\\/tupique.com\\\/wp-content\\\/uploads\\\/2026\\\/05\\\/8435631905332_D1400844_P00.jpg\",\"datePublished\":\"2026-05-12T10:18:23+00:00\",\"description\":\"Envie d'acheter Tabouret Pliable Marbueno Plastique Couleurs Assorties 31,5x25x22 cm Jardin 10533\u00a0? Achetez Tabouret Pliable Marbueno Plastique Couleurs Assorties 31,5x25x22 cm Jardin 10533 maintenant avec Tupique en 3 versements sans int\u00e9r\u00eat.\",\"breadcrumb\":{\"@id\":\"https:\\\/\\\/tupique.com\\\/product\\\/tabouret-pliable-marbueno-plastique-couleurs-assorties-315x25x22-cm-jardin-10533\\\/#breadcrumb\"},\"inLanguage\":\"pt-PT\",\"potentialAction\":[{\"@type\":\"ReadAction\",\"target\":[\"https:\\\/\\\/tupique.com\\\/product\\\/tabouret-pliable-marbueno-plastique-couleurs-assorties-315x25x22-cm-jardin-10533\\\/\"]}]},{\"@type\":\"ImageObject\",\"inLanguage\":\"pt-PT\",\"@id\":\"https:\\\/\\\/tupique.com\\\/product\\\/tabouret-pliable-marbueno-plastique-couleurs-assorties-315x25x22-cm-jardin-10533\\\/#primaryimage\",\"url\":\"https:\\\/\\\/tupique.com\\\/wp-content\\\/uploads\\\/2026\\\/05\\\/8435631905332_D1400844_P00.jpg\",\"contentUrl\":\"https:\\\/\\\/tupique.com\\\/wp-content\\\/uploads\\\/2026\\\/05\\\/8435631905332_D1400844_P00.jpg\",\"width\":1200,\"height\":1200,\"caption\":\"D1400844_0\"},{\"@type\":\"BreadcrumbList\",\"@id\":\"https:\\\/\\\/tupique.com\\\/product\\\/tabouret-pliable-marbueno-plastique-couleurs-assorties-315x25x22-cm-jardin-10533\\\/#breadcrumb\",\"itemListElement\":[{\"@type\":\"ListItem\",\"position\":1,\"name\":\"commencer\",\"item\":\"https:\\\/\\\/tupique.com\\\/\"},{\"@type\":\"ListItem\",\"position\":2,\"name\":\"Loja\",\"item\":\"https:\\\/\\\/tupique.com\\\/pt\\\/loja\\\/\"},{\"@type\":\"ListItem\",\"position\":3,\"name\":\"Tabouret Pliable Marbueno Plastique Couleurs Assorties 31,5x25x22 cm Jardin 10533\"}]},{\"@type\":\"WebSite\",\"@id\":\"https:\\\/\\\/tupique.com\\\/#website\",\"url\":\"https:\\\/\\\/tupique.com\\\/\",\"name\":\"Tupique\",\"description\":\"\",\"publisher\":{\"@id\":\"https:\\\/\\\/tupique.com\\\/#organization\"},\"potentialAction\":[{\"@type\":\"SearchAction\",\"target\":{\"@type\":\"EntryPoint\",\"urlTemplate\":\"https:\\\/\\\/tupique.com\\\/?s={search_term_string}\"},\"query-input\":{\"@type\":\"PropertyValueSpecification\",\"valueRequired\":true,\"valueName\":\"search_term_string\"}}],\"inLanguage\":\"pt-PT\"},{\"@type\":\"Organization\",\"@id\":\"https:\\\/\\\/tupique.com\\\/#organization\",\"name\":\"Tupique\",\"url\":\"https:\\\/\\\/tupique.com\\\/\",\"logo\":{\"@type\":\"ImageObject\",\"inLanguage\":\"pt-PT\",\"@id\":\"https:\\\/\\\/tupique.com\\\/#\\\/schema\\\/logo\\\/image\\\/\",\"url\":\"https:\\\/\\\/tupique.com\\\/wp-content\\\/uploads\\\/2026\\\/03\\\/logo-tupique-1.webp\",\"contentUrl\":\"https:\\\/\\\/tupique.com\\\/wp-content\\\/uploads\\\/2026\\\/03\\\/logo-tupique-1.webp\",\"width\":500,\"height\":67,\"caption\":\"Tupique\"},\"image\":{\"@id\":\"https:\\\/\\\/tupique.com\\\/#\\\/schema\\\/logo\\\/image\\\/\"}}]}<\/script>\n<!-- \/ Yoast SEO plugin. -->","yoast_head_json":{"title":"Tabouret Pliable Marbueno Plastique Couleurs Assorties 31,5x25x22 cm Jardin 10533 | | Tupique","description":"Envie d'acheter Tabouret Pliable Marbueno Plastique Couleurs Assorties 31,5x25x22 cm Jardin 10533\u00a0? Achetez Tabouret Pliable Marbueno Plastique Couleurs Assorties 31,5x25x22 cm Jardin 10533 maintenant avec Tupique en 3 versements sans int\u00e9r\u00eat.","robots":{"index":"index","follow":"follow","max-snippet":"max-snippet:-1","max-image-preview":"max-image-preview:large","max-video-preview":"max-video-preview:-1"},"canonical":"https:\/\/tupique.com\/pt\/product\/tabouret-pliable-marbueno-plastique-couleurs-assorties-315x25x22-cm-jardin-10533\/","og_locale":"pt_PT","og_type":"article","og_title":"Tabouret Pliable Marbueno Plastique Couleurs Assorties 31,5x25x22 cm Jardin 10533 | | Tupique","og_description":"Envie d'acheter Tabouret Pliable Marbueno Plastique Couleurs Assorties 31,5x25x22 cm Jardin 10533\u00a0? Achetez Tabouret Pliable Marbueno Plastique Couleurs Assorties 31,5x25x22 cm Jardin 10533 maintenant avec Tupique en 3 versements sans int\u00e9r\u00eat.","og_url":"https:\/\/tupique.com\/pt\/product\/tabouret-pliable-marbueno-plastique-couleurs-assorties-315x25x22-cm-jardin-10533\/","og_site_name":"Tupique","og_image":[{"width":1200,"height":1200,"url":"https:\/\/tupique.com\/wp-content\/uploads\/2026\/05\/8435631905332_D1400844_P00.jpg","type":"image\/jpeg"}],"twitter_card":"summary_large_image","schema":{"@context":"https:\/\/schema.org","@graph":[{"@type":"WebPage","@id":"https:\/\/tupique.com\/product\/tabouret-pliable-marbueno-plastique-couleurs-assorties-315x25x22-cm-jardin-10533\/","url":"https:\/\/tupique.com\/product\/tabouret-pliable-marbueno-plastique-couleurs-assorties-315x25x22-cm-jardin-10533\/","name":"Tabouret Pliable Marbueno Plastique Couleurs Assorties 31,5x25x22 cm Jardin 10533 | | Tupique","isPartOf":{"@id":"https:\/\/tupique.com\/#website"},"primaryImageOfPage":{"@id":"https:\/\/tupique.com\/product\/tabouret-pliable-marbueno-plastique-couleurs-assorties-315x25x22-cm-jardin-10533\/#primaryimage"},"image":{"@id":"https:\/\/tupique.com\/product\/tabouret-pliable-marbueno-plastique-couleurs-assorties-315x25x22-cm-jardin-10533\/#primaryimage"},"thumbnailUrl":"https:\/\/tupique.com\/wp-content\/uploads\/2026\/05\/8435631905332_D1400844_P00.jpg","datePublished":"2026-05-12T10:18:23+00:00","description":"Envie d'acheter Tabouret Pliable Marbueno Plastique Couleurs Assorties 31,5x25x22 cm Jardin 10533\u00a0? Achetez Tabouret Pliable Marbueno Plastique Couleurs Assorties 31,5x25x22 cm Jardin 10533 maintenant avec Tupique en 3 versements sans int\u00e9r\u00eat.","breadcrumb":{"@id":"https:\/\/tupique.com\/product\/tabouret-pliable-marbueno-plastique-couleurs-assorties-315x25x22-cm-jardin-10533\/#breadcrumb"},"inLanguage":"pt-PT","potentialAction":[{"@type":"ReadAction","target":["https:\/\/tupique.com\/product\/tabouret-pliable-marbueno-plastique-couleurs-assorties-315x25x22-cm-jardin-10533\/"]}]},{"@type":"ImageObject","inLanguage":"pt-PT","@id":"https:\/\/tupique.com\/product\/tabouret-pliable-marbueno-plastique-couleurs-assorties-315x25x22-cm-jardin-10533\/#primaryimage","url":"https:\/\/tupique.com\/wp-content\/uploads\/2026\/05\/8435631905332_D1400844_P00.jpg","contentUrl":"https:\/\/tupique.com\/wp-content\/uploads\/2026\/05\/8435631905332_D1400844_P00.jpg","width":1200,"height":1200,"caption":"D1400844_0"},{"@type":"BreadcrumbList","@id":"https:\/\/tupique.com\/product\/tabouret-pliable-marbueno-plastique-couleurs-assorties-315x25x22-cm-jardin-10533\/#breadcrumb","itemListElement":[{"@type":"ListItem","position":1,"name":"commencer","item":"https:\/\/tupique.com\/"},{"@type":"ListItem","position":2,"name":"Loja","item":"https:\/\/tupique.com\/pt\/loja\/"},{"@type":"ListItem","position":3,"name":"Tabouret Pliable Marbueno Plastique Couleurs Assorties 31,5x25x22 cm Jardin 10533"}]},{"@type":"WebSite","@id":"https:\/\/tupique.com\/#website","url":"https:\/\/tupique.com\/","name":"Tupique","description":"","publisher":{"@id":"https:\/\/tupique.com\/#organization"},"potentialAction":[{"@type":"SearchAction","target":{"@type":"EntryPoint","urlTemplate":"https:\/\/tupique.com\/?s={search_term_string}"},"query-input":{"@type":"PropertyValueSpecification","valueRequired":true,"valueName":"search_term_string"}}],"inLanguage":"pt-PT"},{"@type":"Organization","@id":"https:\/\/tupique.com\/#organization","name":"Tupique","url":"https:\/\/tupique.com\/","logo":{"@type":"ImageObject","inLanguage":"pt-PT","@id":"https:\/\/tupique.com\/#\/schema\/logo\/image\/","url":"https:\/\/tupique.com\/wp-content\/uploads\/2026\/03\/logo-tupique-1.webp","contentUrl":"https:\/\/tupique.com\/wp-content\/uploads\/2026\/03\/logo-tupique-1.webp","width":500,"height":67,"caption":"Tupique"},"image":{"@id":"https:\/\/tupique.com\/#\/schema\/logo\/image\/"}}]}},"_links":{"self":[{"href":"https:\/\/tupique.com\/pt\/wp-json\/wp\/v2\/product\/200422","targetHints":{"allow":["GET"]}}],"collection":[{"href":"https:\/\/tupique.com\/pt\/wp-json\/wp\/v2\/product"}],"about":[{"href":"https:\/\/tupique.com\/pt\/wp-json\/wp\/v2\/types\/product"}],"replies":[{"embeddable":true,"href":"https:\/\/tupique.com\/pt\/wp-json\/wp\/v2\/comments?post=200422"}],"wp:featuredmedia":[{"embeddable":true,"href":"https:\/\/tupique.com\/pt\/wp-json\/wp\/v2\/media\/200418"}],"wp:attachment":[{"href":"https:\/\/tupique.com\/pt\/wp-json\/wp\/v2\/media?parent=200422"}],"wp:term":[{"taxonomy":"product_brand","embeddable":true,"href":"https:\/\/tupique.com\/pt\/wp-json\/wp\/v2\/product_brand?post=200422"},{"taxonomy":"product_cat","embeddable":true,"href":"https:\/\/tupique.com\/pt\/wp-json\/wp\/v2\/product_cat?post=200422"},{"taxonomy":"product_tag","embeddable":true,"href":"https:\/\/tupique.com\/pt\/wp-json\/wp\/v2\/product_tag?post=200422"},{"taxonomy":"woo-feed-brand","embeddable":true,"href":"https:\/\/tupique.com\/pt\/wp-json\/wp\/v2\/woo-feed-brand?post=200422"}],"curies":[{"name":"wp","href":"https:\/\/api.w.org\/{rel}","templated":true}]}}