{"id":200593,"date":"2026-05-12T12:34:05","date_gmt":"2026-05-12T10:34:05","guid":{"rendered":"https:\/\/tupique.com\/product\/bestway-gonfleur-electrique-prise-et-allume-cigare-113x101x107-cm-490-l-min-62255\/"},"modified":"2026-05-12T12:34:05","modified_gmt":"2026-05-12T10:34:05","slug":"bestway-gonfleur-electrique-prise-et-allume-cigare-113x101x107-cm-490-l-min-62255","status":"publish","type":"product","link":"https:\/\/tupique.com\/pt\/product\/bestway-gonfleur-electrique-prise-et-allume-cigare-113x101x107-cm-490-l-min-62255\/","title":{"rendered":"Bestway Gonfleur \u00c9lectrique Prise et Allume-Cigare 11,3&#215;10,1&#215;10,7 cm 490 L\/min 62255"},"content":{"rendered":"<p>Si vous \u00eates \u00e0 la recherche de nouvelles tendances sur le march\u00e9, nous vous pr\u00e9sentons <b>Pompe \u00e0 Air Electrique Bestway<\/b> !<\/p>\n<p>A <b>pompe \u00e0 air \u00e9lectrique Bestway<\/b> est la solution id\u00e9ale pour gonfler une large vari\u00e9t\u00e9 de produits, y compris <b>piscines gonflables<\/b>, <b>lits<\/b>, <b>bateaux<\/b> e <b>matelas de piscine<\/b> avec grande facilit\u00e9 et rapidit\u00e9. Disponible en plusieurs couleurs comme <b>bleu<\/b>, <b>noir<\/b> e <b>multicolore<\/b>, cet gonfleur polyvalent allie un design attrayant \u00e0 un rendement efficace. Son moteur puissant permet de gonfler et d\u00e9gonfler en quelques minutes, ce qui en fait un outil essentiel pour ceux qui aiment les activit\u00e9s de plein air et souhaitent maximiser leur temps de loisirs. Avec un type de <b>pompe \u00e0 air<\/b> haute efficacit\u00e9, son utilisation est intuitive, permettant aux adultes comme aux enfants de profiter du processus de gonflage sans complications. Son design l\u00e9ger et portable garantit que vous pouvez l&#8217;emporter avec vous \u00e0 la plage, au camping ou simplement dans votre jardin. De plus, la <b>pompe \u00e0 air \u00e9lectrique Bestway<\/b> est compatible avec une vari\u00e9t\u00e9 d&#8217;aiguilles et d&#8217;adaptateurs, ce qui augmente sa polyvalence et sa fonctionnalit\u00e9. En d\u00e9finitive, ce gonfleur est un excellent choix pour ceux qui recherchent confort et efficacit\u00e9 lors du gonflage de leurs produits d&#8217;\u00e9t\u00e9.<\/p>\n<ul>\n<li>d\u00e9bit d&#8217;air: 490 l\/min<\/li>\n<li>Type: Pompe \u00e0 air<\/li>\n<li>Produit \u00e0 brancher: Oui<\/li>\n<li>Type de prise: Prise EU<\/li>\n<li>Couleur:\n<ul>\n<li>Noir<\/li>\n<li>Multicouleur<\/li>\n<li>Bleu<\/li>\n<li>Gris<\/li>\n<\/ul>\n<\/li>\n<li>Bloc d\u2019Alimentation:\n<ul>\n<li>r\u00e9seau \u00e9lectrique<\/li>\n<li>C\u00e2ble \u00e9lectrique<\/li>\n<li>Courant CA<\/li>\n<\/ul>\n<\/li>\n<li>Mati\u00e8re: Plastique<\/li>\n<li>Caracter\u00edsticas:\n<ul>\n<li>Ext\u00e9rieur<\/li>\n<li>Nettoyage par chiffon humide<\/li>\n<li>Manuel<\/li>\n<li>Interrupteur marche\/arr\u00eat<\/li>\n<\/ul>\n<\/li>\n<li>Utilisation recommand\u00e9e: Jardin<\/li>\n<li>Dimensions approx.: 11 x 10 x 10 cm<\/li>\n<li>Largeur: 10 cm<\/li>\n<li>Genre: Unisexe enfants<\/li>\n<\/ul>","protected":false},"excerpt":{"rendered":"<p>Si vous \u00eates \u00e0 la recherche de nouvelles tendances sur le march\u00e9, nous vous pr\u00e9sentons Pompe \u00e0 Air Electrique Bestway ! La pompe \u00e0 air \u00e9lectrique Bestway est la solution id\u00e9ale pour gonfler une large vari\u00e9t\u00e9 de produits, y compris piscines gonflables, lits, bateaux et matelas de piscine avec grande facilit\u00e9 et rapidit\u00e9. Disponible en [&hellip;]<\/p>\n","protected":false},"featured_media":200590,"comment_status":"open","ping_status":"closed","template":"","meta":[],"product_brand":[1771],"product_cat":[1854,1853,1764],"product_tag":[211,163],"woo-feed-brand":[],"class_list":{"0":"post-200593","1":"product","2":"type-product","3":"status-publish","4":"has-post-thumbnail","6":"product_brand-brandp_520","7":"product_cat-accessoires-de-camping-et-de-montagne","8":"product_cat-camping-et-montagne","9":"product_cat-sports-loisirs","10":"product_tag-tag_3","11":"product_tag-tag_17","13":"first","14":"instock","15":"taxable","16":"shipping-taxable","17":"purchasable","18":"product-type-simple"},"yoast_head":"<!-- This site is optimized with the Yoast SEO plugin v27.6 - https:\/\/yoast.com\/product\/yoast-seo-wordpress\/ -->\n<title>Bestway Gonfleur \u00c9lectrique Prise et Allume-Cigare 11,3x10,1x10,7 cm 490 L\/min 62255 | | Tupique<\/title>\n<meta name=\"description\" content=\"Envie d&#039;acheter Bestway Gonfleur \u00c9lectrique Prise et Allume-Cigare 11,3x10,1x10,7 cm 490 L\/min 62255\u00a0? Achetez Bestway Gonfleur \u00c9lectrique Prise et Allume-Cigare 11,3x10,1x10,7 cm 490 L\/min 62255 maintenant avec Tupique en 3 versements sans int\u00e9r\u00eat.\" \/>\n<meta name=\"robots\" content=\"index, follow, max-snippet:-1, max-image-preview:large, max-video-preview:-1\" \/>\n<link rel=\"canonical\" href=\"https:\/\/tupique.com\/pt\/product\/bestway-gonfleur-electrique-prise-et-allume-cigare-113x101x107-cm-490-l-min-62255\/\" \/>\n<meta property=\"og:locale\" content=\"pt_PT\" \/>\n<meta property=\"og:type\" content=\"article\" \/>\n<meta property=\"og:title\" content=\"Bestway Gonfleur \u00c9lectrique Prise et Allume-Cigare 11,3x10,1x10,7 cm 490 L\/min 62255 | | Tupique\" \/>\n<meta property=\"og:description\" content=\"Envie d&#039;acheter Bestway Gonfleur \u00c9lectrique Prise et Allume-Cigare 11,3x10,1x10,7 cm 490 L\/min 62255\u00a0? Achetez Bestway Gonfleur \u00c9lectrique Prise et Allume-Cigare 11,3x10,1x10,7 cm 490 L\/min 62255 maintenant avec Tupique en 3 versements sans int\u00e9r\u00eat.\" \/>\n<meta property=\"og:url\" content=\"https:\/\/tupique.com\/pt\/product\/bestway-gonfleur-electrique-prise-et-allume-cigare-113x101x107-cm-490-l-min-62255\/\" \/>\n<meta property=\"og:site_name\" content=\"Tupique\" \/>\n<meta property=\"og:image\" content=\"https:\/\/tupique.com\/wp-content\/uploads\/2026\/05\/6941607343043_D1400904_P00.jpg\" \/>\n\t<meta property=\"og:image:width\" content=\"1200\" \/>\n\t<meta property=\"og:image:height\" content=\"1200\" \/>\n\t<meta property=\"og:image:type\" content=\"image\/jpeg\" \/>\n<meta name=\"twitter:card\" content=\"summary_large_image\" \/>\n<meta name=\"twitter:label1\" content=\"Tempo estimado de leitura\" \/>\n\t<meta name=\"twitter:data1\" content=\"1 minuto\" \/>\n<script type=\"application\/ld+json\" class=\"yoast-schema-graph\">{\"@context\":\"https:\\\/\\\/schema.org\",\"@graph\":[{\"@type\":\"WebPage\",\"@id\":\"https:\\\/\\\/tupique.com\\\/en\\\/product\\\/bestway-gonfleur-electrique-prise-et-allume-cigare-113x101x107-cm-490-l-min-62255\\\/\",\"url\":\"https:\\\/\\\/tupique.com\\\/en\\\/product\\\/bestway-gonfleur-electrique-prise-et-allume-cigare-113x101x107-cm-490-l-min-62255\\\/\",\"name\":\"Bestway Gonfleur \u00c9lectrique Prise et Allume-Cigare 11,3x10,1x10,7 cm 490 L\\\/min 62255 | | Tupique\",\"isPartOf\":{\"@id\":\"https:\\\/\\\/tupique.com\\\/#website\"},\"primaryImageOfPage\":{\"@id\":\"https:\\\/\\\/tupique.com\\\/en\\\/product\\\/bestway-gonfleur-electrique-prise-et-allume-cigare-113x101x107-cm-490-l-min-62255\\\/#primaryimage\"},\"image\":{\"@id\":\"https:\\\/\\\/tupique.com\\\/en\\\/product\\\/bestway-gonfleur-electrique-prise-et-allume-cigare-113x101x107-cm-490-l-min-62255\\\/#primaryimage\"},\"thumbnailUrl\":\"https:\\\/\\\/tupique.com\\\/wp-content\\\/uploads\\\/2026\\\/05\\\/6941607343043_D1400904_P00.jpg\",\"datePublished\":\"2026-05-12T10:34:05+00:00\",\"description\":\"Envie d'acheter Bestway Gonfleur \u00c9lectrique Prise et Allume-Cigare 11,3x10,1x10,7 cm 490 L\\\/min 62255\u00a0? Achetez Bestway Gonfleur \u00c9lectrique Prise et Allume-Cigare 11,3x10,1x10,7 cm 490 L\\\/min 62255 maintenant avec Tupique en 3 versements sans int\u00e9r\u00eat.\",\"breadcrumb\":{\"@id\":\"https:\\\/\\\/tupique.com\\\/en\\\/product\\\/bestway-gonfleur-electrique-prise-et-allume-cigare-113x101x107-cm-490-l-min-62255\\\/#breadcrumb\"},\"inLanguage\":\"pt-PT\",\"potentialAction\":[{\"@type\":\"ReadAction\",\"target\":[\"https:\\\/\\\/tupique.com\\\/en\\\/product\\\/bestway-gonfleur-electrique-prise-et-allume-cigare-113x101x107-cm-490-l-min-62255\\\/\"]}]},{\"@type\":\"ImageObject\",\"inLanguage\":\"pt-PT\",\"@id\":\"https:\\\/\\\/tupique.com\\\/en\\\/product\\\/bestway-gonfleur-electrique-prise-et-allume-cigare-113x101x107-cm-490-l-min-62255\\\/#primaryimage\",\"url\":\"https:\\\/\\\/tupique.com\\\/wp-content\\\/uploads\\\/2026\\\/05\\\/6941607343043_D1400904_P00.jpg\",\"contentUrl\":\"https:\\\/\\\/tupique.com\\\/wp-content\\\/uploads\\\/2026\\\/05\\\/6941607343043_D1400904_P00.jpg\",\"width\":1200,\"height\":1200,\"caption\":\"D1400904_0\"},{\"@type\":\"BreadcrumbList\",\"@id\":\"https:\\\/\\\/tupique.com\\\/en\\\/product\\\/bestway-gonfleur-electrique-prise-et-allume-cigare-113x101x107-cm-490-l-min-62255\\\/#breadcrumb\",\"itemListElement\":[{\"@type\":\"ListItem\",\"position\":1,\"name\":\"commencer\",\"item\":\"https:\\\/\\\/tupique.com\\\/\"},{\"@type\":\"ListItem\",\"position\":2,\"name\":\"Loja\",\"item\":\"https:\\\/\\\/tupique.com\\\/pt\\\/loja\\\/\"},{\"@type\":\"ListItem\",\"position\":3,\"name\":\"Bestway Gonfleur \u00c9lectrique Prise et Allume-Cigare 11,3&#215;10,1&#215;10,7 cm 490 L\\\/min 62255\"}]},{\"@type\":\"WebSite\",\"@id\":\"https:\\\/\\\/tupique.com\\\/#website\",\"url\":\"https:\\\/\\\/tupique.com\\\/\",\"name\":\"Tupique\",\"description\":\"\",\"publisher\":{\"@id\":\"https:\\\/\\\/tupique.com\\\/#organization\"},\"potentialAction\":[{\"@type\":\"SearchAction\",\"target\":{\"@type\":\"EntryPoint\",\"urlTemplate\":\"https:\\\/\\\/tupique.com\\\/?s={search_term_string}\"},\"query-input\":{\"@type\":\"PropertyValueSpecification\",\"valueRequired\":true,\"valueName\":\"search_term_string\"}}],\"inLanguage\":\"pt-PT\"},{\"@type\":\"Organization\",\"@id\":\"https:\\\/\\\/tupique.com\\\/#organization\",\"name\":\"Tupique\",\"url\":\"https:\\\/\\\/tupique.com\\\/\",\"logo\":{\"@type\":\"ImageObject\",\"inLanguage\":\"pt-PT\",\"@id\":\"https:\\\/\\\/tupique.com\\\/#\\\/schema\\\/logo\\\/image\\\/\",\"url\":\"https:\\\/\\\/tupique.com\\\/wp-content\\\/uploads\\\/2026\\\/03\\\/logo-tupique-1.webp\",\"contentUrl\":\"https:\\\/\\\/tupique.com\\\/wp-content\\\/uploads\\\/2026\\\/03\\\/logo-tupique-1.webp\",\"width\":500,\"height\":67,\"caption\":\"Tupique\"},\"image\":{\"@id\":\"https:\\\/\\\/tupique.com\\\/#\\\/schema\\\/logo\\\/image\\\/\"}}]}<\/script>\n<!-- \/ Yoast SEO plugin. -->","yoast_head_json":{"title":"Bestway Gonfleur \u00c9lectrique Prise et Allume-Cigare 11,3x10,1x10,7 cm 490 L\/min 62255 | | Tupique","description":"Envie d'acheter Bestway Gonfleur \u00c9lectrique Prise et Allume-Cigare 11,3x10,1x10,7 cm 490 L\/min 62255\u00a0? Achetez Bestway Gonfleur \u00c9lectrique Prise et Allume-Cigare 11,3x10,1x10,7 cm 490 L\/min 62255 maintenant avec Tupique en 3 versements sans int\u00e9r\u00eat.","robots":{"index":"index","follow":"follow","max-snippet":"max-snippet:-1","max-image-preview":"max-image-preview:large","max-video-preview":"max-video-preview:-1"},"canonical":"https:\/\/tupique.com\/pt\/product\/bestway-gonfleur-electrique-prise-et-allume-cigare-113x101x107-cm-490-l-min-62255\/","og_locale":"pt_PT","og_type":"article","og_title":"Bestway Gonfleur \u00c9lectrique Prise et Allume-Cigare 11,3x10,1x10,7 cm 490 L\/min 62255 | | Tupique","og_description":"Envie d'acheter Bestway Gonfleur \u00c9lectrique Prise et Allume-Cigare 11,3x10,1x10,7 cm 490 L\/min 62255\u00a0? Achetez Bestway Gonfleur \u00c9lectrique Prise et Allume-Cigare 11,3x10,1x10,7 cm 490 L\/min 62255 maintenant avec Tupique en 3 versements sans int\u00e9r\u00eat.","og_url":"https:\/\/tupique.com\/pt\/product\/bestway-gonfleur-electrique-prise-et-allume-cigare-113x101x107-cm-490-l-min-62255\/","og_site_name":"Tupique","og_image":[{"width":1200,"height":1200,"url":"https:\/\/tupique.com\/wp-content\/uploads\/2026\/05\/6941607343043_D1400904_P00.jpg","type":"image\/jpeg"}],"twitter_card":"summary_large_image","twitter_misc":{"Tempo estimado de leitura":"1 minuto"},"schema":{"@context":"https:\/\/schema.org","@graph":[{"@type":"WebPage","@id":"https:\/\/tupique.com\/en\/product\/bestway-gonfleur-electrique-prise-et-allume-cigare-113x101x107-cm-490-l-min-62255\/","url":"https:\/\/tupique.com\/en\/product\/bestway-gonfleur-electrique-prise-et-allume-cigare-113x101x107-cm-490-l-min-62255\/","name":"Bestway Gonfleur \u00c9lectrique Prise et Allume-Cigare 11,3x10,1x10,7 cm 490 L\/min 62255 | | Tupique","isPartOf":{"@id":"https:\/\/tupique.com\/#website"},"primaryImageOfPage":{"@id":"https:\/\/tupique.com\/en\/product\/bestway-gonfleur-electrique-prise-et-allume-cigare-113x101x107-cm-490-l-min-62255\/#primaryimage"},"image":{"@id":"https:\/\/tupique.com\/en\/product\/bestway-gonfleur-electrique-prise-et-allume-cigare-113x101x107-cm-490-l-min-62255\/#primaryimage"},"thumbnailUrl":"https:\/\/tupique.com\/wp-content\/uploads\/2026\/05\/6941607343043_D1400904_P00.jpg","datePublished":"2026-05-12T10:34:05+00:00","description":"Envie d'acheter Bestway Gonfleur \u00c9lectrique Prise et Allume-Cigare 11,3x10,1x10,7 cm 490 L\/min 62255\u00a0? Achetez Bestway Gonfleur \u00c9lectrique Prise et Allume-Cigare 11,3x10,1x10,7 cm 490 L\/min 62255 maintenant avec Tupique en 3 versements sans int\u00e9r\u00eat.","breadcrumb":{"@id":"https:\/\/tupique.com\/en\/product\/bestway-gonfleur-electrique-prise-et-allume-cigare-113x101x107-cm-490-l-min-62255\/#breadcrumb"},"inLanguage":"pt-PT","potentialAction":[{"@type":"ReadAction","target":["https:\/\/tupique.com\/en\/product\/bestway-gonfleur-electrique-prise-et-allume-cigare-113x101x107-cm-490-l-min-62255\/"]}]},{"@type":"ImageObject","inLanguage":"pt-PT","@id":"https:\/\/tupique.com\/en\/product\/bestway-gonfleur-electrique-prise-et-allume-cigare-113x101x107-cm-490-l-min-62255\/#primaryimage","url":"https:\/\/tupique.com\/wp-content\/uploads\/2026\/05\/6941607343043_D1400904_P00.jpg","contentUrl":"https:\/\/tupique.com\/wp-content\/uploads\/2026\/05\/6941607343043_D1400904_P00.jpg","width":1200,"height":1200,"caption":"D1400904_0"},{"@type":"BreadcrumbList","@id":"https:\/\/tupique.com\/en\/product\/bestway-gonfleur-electrique-prise-et-allume-cigare-113x101x107-cm-490-l-min-62255\/#breadcrumb","itemListElement":[{"@type":"ListItem","position":1,"name":"commencer","item":"https:\/\/tupique.com\/"},{"@type":"ListItem","position":2,"name":"Loja","item":"https:\/\/tupique.com\/pt\/loja\/"},{"@type":"ListItem","position":3,"name":"Bestway Gonfleur \u00c9lectrique Prise et Allume-Cigare 11,3&#215;10,1&#215;10,7 cm 490 L\/min 62255"}]},{"@type":"WebSite","@id":"https:\/\/tupique.com\/#website","url":"https:\/\/tupique.com\/","name":"Tupique","description":"","publisher":{"@id":"https:\/\/tupique.com\/#organization"},"potentialAction":[{"@type":"SearchAction","target":{"@type":"EntryPoint","urlTemplate":"https:\/\/tupique.com\/?s={search_term_string}"},"query-input":{"@type":"PropertyValueSpecification","valueRequired":true,"valueName":"search_term_string"}}],"inLanguage":"pt-PT"},{"@type":"Organization","@id":"https:\/\/tupique.com\/#organization","name":"Tupique","url":"https:\/\/tupique.com\/","logo":{"@type":"ImageObject","inLanguage":"pt-PT","@id":"https:\/\/tupique.com\/#\/schema\/logo\/image\/","url":"https:\/\/tupique.com\/wp-content\/uploads\/2026\/03\/logo-tupique-1.webp","contentUrl":"https:\/\/tupique.com\/wp-content\/uploads\/2026\/03\/logo-tupique-1.webp","width":500,"height":67,"caption":"Tupique"},"image":{"@id":"https:\/\/tupique.com\/#\/schema\/logo\/image\/"}}]}},"_links":{"self":[{"href":"https:\/\/tupique.com\/pt\/wp-json\/wp\/v2\/product\/200593","targetHints":{"allow":["GET"]}}],"collection":[{"href":"https:\/\/tupique.com\/pt\/wp-json\/wp\/v2\/product"}],"about":[{"href":"https:\/\/tupique.com\/pt\/wp-json\/wp\/v2\/types\/product"}],"replies":[{"embeddable":true,"href":"https:\/\/tupique.com\/pt\/wp-json\/wp\/v2\/comments?post=200593"}],"wp:featuredmedia":[{"embeddable":true,"href":"https:\/\/tupique.com\/pt\/wp-json\/wp\/v2\/media\/200590"}],"wp:attachment":[{"href":"https:\/\/tupique.com\/pt\/wp-json\/wp\/v2\/media?parent=200593"}],"wp:term":[{"taxonomy":"product_brand","embeddable":true,"href":"https:\/\/tupique.com\/pt\/wp-json\/wp\/v2\/product_brand?post=200593"},{"taxonomy":"product_cat","embeddable":true,"href":"https:\/\/tupique.com\/pt\/wp-json\/wp\/v2\/product_cat?post=200593"},{"taxonomy":"product_tag","embeddable":true,"href":"https:\/\/tupique.com\/pt\/wp-json\/wp\/v2\/product_tag?post=200593"},{"taxonomy":"woo-feed-brand","embeddable":true,"href":"https:\/\/tupique.com\/pt\/wp-json\/wp\/v2\/woo-feed-brand?post=200593"}],"curies":[{"name":"wp","href":"https:\/\/api.w.org\/{rel}","templated":true}]}}