{"id":200638,"date":"2026-05-12T12:35:37","date_gmt":"2026-05-12T10:35:37","guid":{"rendered":"https:\/\/tupique.com\/product\/bestway-matelas-gonflable-citron-183x69-cm-plage-et-piscine-44122\/"},"modified":"2026-05-12T12:35:37","modified_gmt":"2026-05-12T10:35:37","slug":"bestway-matelas-gonflable-citron-183x69-cm-plage-et-piscine-44122","status":"publish","type":"product","link":"https:\/\/tupique.com\/pt\/product\/bestway-matelas-gonflable-citron-183x69-cm-plage-et-piscine-44122\/","title":{"rendered":"Bestway Matelas Gonflable Citron 183&#215;69 cm Plage et Piscine 44122"},"content":{"rendered":"<p>L&#8217;amusement est assur\u00e9 pour l&#8217;\u00e9t\u00e9, avec ces propositions qui plairont aux petits et aux grands ! Achetez <b>Matelas Gonflable Bestway 170 x 54 x 15 cm<\/b> et profitez de votre temps libre !<\/p>\n<p>Le matelas gonflable <b>Bestway<\/b> est l&#8217;option id\u00e9ale pour profiter de l&#8217;\u00e9t\u00e9 avec style et confort. Avec une attrayante <b>couleur multicolore<\/b>, ce matelas n&#8217;est pas seulement visuellement attrayant, mais il est \u00e9galement fabriqu\u00e9 \u00e0 partir de mat\u00e9riaux de haute qualit\u00e9, tels que le <b>PVC<\/b> e o <b>plastique<\/b>, garantissant une durabilit\u00e9 exceptionnelle pour vos journ\u00e9es de plaisir \u00e0 la piscine ou \u00e0 la plage. Ses dimensions de <b>170 x 54 x 15 cm<\/b> en font un produit spacieux, parfait pour se d\u00e9tendre et prendre le soleil sans souci. Ce type de matelas gonflable est facile \u00e0 gonfler, \u00e0 transporter et \u00e0 ranger, ce qui en fait un indispensable pour toute escapade estivale. De plus, son design offre une exp\u00e9rience de flottaison confortable et amusante, id\u00e9ale pour les adultes et les enfants. Avec le matelas gonflable Bestway, profiter du soleil et de l&#8217;eau n&#8217;a jamais \u00e9t\u00e9 aussi facile et amusant.<\/p>\n<ul>\n<li>Design: Citron<\/li>\n<li>Type: Matelas Gonflable<\/li>\n<li>Poids Max. support\u00e9: 100 kg<\/li>\n<li>Couleur: Multicouleur<\/li>\n<li>Mati\u00e8re:\n<ul>\n<li>Plastique<\/li>\n<li>PVC<\/li>\n<\/ul>\n<\/li>\n<li>Caract\u00e9ristiques: Nettoyage par chiffon humide<\/li>\n<li>Utiliza\u00e7\u00e3o recomendada:\n<ul>\n<li>Plage<\/li>\n<li>Piscine<\/li>\n<\/ul>\n<\/li>\n<li>Dimensions approx.: 170 x 54 x 15 cm<\/li>\n<li>Largeur: 54 cm<\/li>\n<li>\u00c9lev\u00e9: 15 cm<\/li>\n<li>Inclut: Oreiller<\/li>\n<\/ul>","protected":false},"excerpt":{"rendered":"<p>L&#8217;amusement est assur\u00e9 pour l&#8217;\u00e9t\u00e9, avec ces propositions qui plairont aux petits et aux grands ! Achetez Matelas Gonflable Bestway 170 x 54 x 15 cm et profitez de votre temps libre ! Le matelas gonflable Bestway est l&#8217;option id\u00e9ale pour profiter de l&#8217;\u00e9t\u00e9 avec style et confort. Avec une attrayante couleur multicolore, ce matelas [&hellip;]<\/p>\n","protected":false},"featured_media":200634,"comment_status":"open","ping_status":"closed","template":"","meta":[],"product_brand":[1771],"product_cat":[2263,1769,1764],"product_tag":[2247,57,721,1816,211],"woo-feed-brand":[],"class_list":{"0":"post-200638","1":"product","2":"type-product","3":"status-publish","4":"has-post-thumbnail","6":"product_brand-brandp_520","7":"product_cat-gonflables","8":"product_cat-plage-et-piscine","9":"product_cat-sports-loisirs","10":"product_tag-tag_32","11":"product_tag-tag_1275","12":"product_tag-tag_124","13":"product_tag-tag_1272","14":"product_tag-tag_3","16":"first","17":"instock","18":"taxable","19":"shipping-taxable","20":"purchasable","21":"product-type-simple"},"yoast_head":"<!-- This site is optimized with the Yoast SEO plugin v27.6 - https:\/\/yoast.com\/product\/yoast-seo-wordpress\/ -->\n<title>Bestway Matelas Gonflable Citron 183x69 cm Plage et Piscine 44122 | | Tupique<\/title>\n<meta name=\"description\" content=\"Envie d&#039;acheter Bestway Matelas Gonflable Citron 183x69 cm Plage et Piscine 44122\u00a0? Achetez Bestway Matelas Gonflable Citron 183x69 cm Plage et Piscine 44122 maintenant avec Tupique en 3 versements sans int\u00e9r\u00eat.\" \/>\n<meta name=\"robots\" content=\"index, follow, max-snippet:-1, max-image-preview:large, max-video-preview:-1\" \/>\n<link rel=\"canonical\" href=\"https:\/\/tupique.com\/pt\/product\/bestway-matelas-gonflable-citron-183x69-cm-plage-et-piscine-44122\/\" \/>\n<meta property=\"og:locale\" content=\"pt_PT\" \/>\n<meta property=\"og:type\" content=\"article\" \/>\n<meta property=\"og:title\" content=\"Bestway Matelas Gonflable Citron 183x69 cm Plage et Piscine 44122 | | Tupique\" \/>\n<meta property=\"og:description\" content=\"Envie d&#039;acheter Bestway Matelas Gonflable Citron 183x69 cm Plage et Piscine 44122\u00a0? Achetez Bestway Matelas Gonflable Citron 183x69 cm Plage et Piscine 44122 maintenant avec Tupique en 3 versements sans int\u00e9r\u00eat.\" \/>\n<meta property=\"og:url\" content=\"https:\/\/tupique.com\/pt\/product\/bestway-matelas-gonflable-citron-183x69-cm-plage-et-piscine-44122\/\" \/>\n<meta property=\"og:site_name\" content=\"Tupique\" \/>\n<meta property=\"og:image\" content=\"https:\/\/tupique.com\/wp-content\/uploads\/2026\/05\/6941607363492_D1400871_P00.jpg\" \/>\n\t<meta property=\"og:image:width\" content=\"1200\" \/>\n\t<meta property=\"og:image:height\" content=\"1200\" \/>\n\t<meta property=\"og:image:type\" content=\"image\/jpeg\" \/>\n<meta name=\"twitter:card\" content=\"summary_large_image\" \/>\n<meta name=\"twitter:label1\" content=\"Tempo estimado de leitura\" \/>\n\t<meta name=\"twitter:data1\" content=\"1 minuto\" \/>\n<script type=\"application\/ld+json\" class=\"yoast-schema-graph\">{\"@context\":\"https:\\\/\\\/schema.org\",\"@graph\":[{\"@type\":\"WebPage\",\"@id\":\"https:\\\/\\\/tupique.com\\\/product\\\/bestway-matelas-gonflable-citron-183x69-cm-plage-et-piscine-44122\\\/\",\"url\":\"https:\\\/\\\/tupique.com\\\/product\\\/bestway-matelas-gonflable-citron-183x69-cm-plage-et-piscine-44122\\\/\",\"name\":\"Bestway Matelas Gonflable Citron 183x69 cm Plage et Piscine 44122 | | Tupique\",\"isPartOf\":{\"@id\":\"https:\\\/\\\/tupique.com\\\/#website\"},\"primaryImageOfPage\":{\"@id\":\"https:\\\/\\\/tupique.com\\\/product\\\/bestway-matelas-gonflable-citron-183x69-cm-plage-et-piscine-44122\\\/#primaryimage\"},\"image\":{\"@id\":\"https:\\\/\\\/tupique.com\\\/product\\\/bestway-matelas-gonflable-citron-183x69-cm-plage-et-piscine-44122\\\/#primaryimage\"},\"thumbnailUrl\":\"https:\\\/\\\/tupique.com\\\/wp-content\\\/uploads\\\/2026\\\/05\\\/6941607363492_D1400871_P00.jpg\",\"datePublished\":\"2026-05-12T10:35:37+00:00\",\"description\":\"Envie d'acheter Bestway Matelas Gonflable Citron 183x69 cm Plage et Piscine 44122\u00a0? Achetez Bestway Matelas Gonflable Citron 183x69 cm Plage et Piscine 44122 maintenant avec Tupique en 3 versements sans int\u00e9r\u00eat.\",\"breadcrumb\":{\"@id\":\"https:\\\/\\\/tupique.com\\\/product\\\/bestway-matelas-gonflable-citron-183x69-cm-plage-et-piscine-44122\\\/#breadcrumb\"},\"inLanguage\":\"pt-PT\",\"potentialAction\":[{\"@type\":\"ReadAction\",\"target\":[\"https:\\\/\\\/tupique.com\\\/product\\\/bestway-matelas-gonflable-citron-183x69-cm-plage-et-piscine-44122\\\/\"]}]},{\"@type\":\"ImageObject\",\"inLanguage\":\"pt-PT\",\"@id\":\"https:\\\/\\\/tupique.com\\\/product\\\/bestway-matelas-gonflable-citron-183x69-cm-plage-et-piscine-44122\\\/#primaryimage\",\"url\":\"https:\\\/\\\/tupique.com\\\/wp-content\\\/uploads\\\/2026\\\/05\\\/6941607363492_D1400871_P00.jpg\",\"contentUrl\":\"https:\\\/\\\/tupique.com\\\/wp-content\\\/uploads\\\/2026\\\/05\\\/6941607363492_D1400871_P00.jpg\",\"width\":1200,\"height\":1200,\"caption\":\"D1400871_0\"},{\"@type\":\"BreadcrumbList\",\"@id\":\"https:\\\/\\\/tupique.com\\\/product\\\/bestway-matelas-gonflable-citron-183x69-cm-plage-et-piscine-44122\\\/#breadcrumb\",\"itemListElement\":[{\"@type\":\"ListItem\",\"position\":1,\"name\":\"commencer\",\"item\":\"https:\\\/\\\/tupique.com\\\/\"},{\"@type\":\"ListItem\",\"position\":2,\"name\":\"Loja\",\"item\":\"https:\\\/\\\/tupique.com\\\/pt\\\/loja\\\/\"},{\"@type\":\"ListItem\",\"position\":3,\"name\":\"Bestway Matelas Gonflable Citron 183&#215;69 cm Plage et Piscine 44122\"}]},{\"@type\":\"WebSite\",\"@id\":\"https:\\\/\\\/tupique.com\\\/#website\",\"url\":\"https:\\\/\\\/tupique.com\\\/\",\"name\":\"Tupique\",\"description\":\"\",\"publisher\":{\"@id\":\"https:\\\/\\\/tupique.com\\\/#organization\"},\"potentialAction\":[{\"@type\":\"SearchAction\",\"target\":{\"@type\":\"EntryPoint\",\"urlTemplate\":\"https:\\\/\\\/tupique.com\\\/?s={search_term_string}\"},\"query-input\":{\"@type\":\"PropertyValueSpecification\",\"valueRequired\":true,\"valueName\":\"search_term_string\"}}],\"inLanguage\":\"pt-PT\"},{\"@type\":\"Organization\",\"@id\":\"https:\\\/\\\/tupique.com\\\/#organization\",\"name\":\"Tupique\",\"url\":\"https:\\\/\\\/tupique.com\\\/\",\"logo\":{\"@type\":\"ImageObject\",\"inLanguage\":\"pt-PT\",\"@id\":\"https:\\\/\\\/tupique.com\\\/#\\\/schema\\\/logo\\\/image\\\/\",\"url\":\"https:\\\/\\\/tupique.com\\\/wp-content\\\/uploads\\\/2026\\\/03\\\/logo-tupique-1.webp\",\"contentUrl\":\"https:\\\/\\\/tupique.com\\\/wp-content\\\/uploads\\\/2026\\\/03\\\/logo-tupique-1.webp\",\"width\":500,\"height\":67,\"caption\":\"Tupique\"},\"image\":{\"@id\":\"https:\\\/\\\/tupique.com\\\/#\\\/schema\\\/logo\\\/image\\\/\"}}]}<\/script>\n<!-- \/ Yoast SEO plugin. -->","yoast_head_json":{"title":"Bestway Matelas Gonflable Citron 183x69 cm Plage et Piscine 44122 | | Tupique","description":"Envie d'acheter Bestway Matelas Gonflable Citron 183x69 cm Plage et Piscine 44122\u00a0? Achetez Bestway Matelas Gonflable Citron 183x69 cm Plage et Piscine 44122 maintenant avec Tupique en 3 versements sans int\u00e9r\u00eat.","robots":{"index":"index","follow":"follow","max-snippet":"max-snippet:-1","max-image-preview":"max-image-preview:large","max-video-preview":"max-video-preview:-1"},"canonical":"https:\/\/tupique.com\/pt\/product\/bestway-matelas-gonflable-citron-183x69-cm-plage-et-piscine-44122\/","og_locale":"pt_PT","og_type":"article","og_title":"Bestway Matelas Gonflable Citron 183x69 cm Plage et Piscine 44122 | | Tupique","og_description":"Envie d'acheter Bestway Matelas Gonflable Citron 183x69 cm Plage et Piscine 44122\u00a0? Achetez Bestway Matelas Gonflable Citron 183x69 cm Plage et Piscine 44122 maintenant avec Tupique en 3 versements sans int\u00e9r\u00eat.","og_url":"https:\/\/tupique.com\/pt\/product\/bestway-matelas-gonflable-citron-183x69-cm-plage-et-piscine-44122\/","og_site_name":"Tupique","og_image":[{"width":1200,"height":1200,"url":"https:\/\/tupique.com\/wp-content\/uploads\/2026\/05\/6941607363492_D1400871_P00.jpg","type":"image\/jpeg"}],"twitter_card":"summary_large_image","twitter_misc":{"Tempo estimado de leitura":"1 minuto"},"schema":{"@context":"https:\/\/schema.org","@graph":[{"@type":"WebPage","@id":"https:\/\/tupique.com\/product\/bestway-matelas-gonflable-citron-183x69-cm-plage-et-piscine-44122\/","url":"https:\/\/tupique.com\/product\/bestway-matelas-gonflable-citron-183x69-cm-plage-et-piscine-44122\/","name":"Bestway Matelas Gonflable Citron 183x69 cm Plage et Piscine 44122 | | Tupique","isPartOf":{"@id":"https:\/\/tupique.com\/#website"},"primaryImageOfPage":{"@id":"https:\/\/tupique.com\/product\/bestway-matelas-gonflable-citron-183x69-cm-plage-et-piscine-44122\/#primaryimage"},"image":{"@id":"https:\/\/tupique.com\/product\/bestway-matelas-gonflable-citron-183x69-cm-plage-et-piscine-44122\/#primaryimage"},"thumbnailUrl":"https:\/\/tupique.com\/wp-content\/uploads\/2026\/05\/6941607363492_D1400871_P00.jpg","datePublished":"2026-05-12T10:35:37+00:00","description":"Envie d'acheter Bestway Matelas Gonflable Citron 183x69 cm Plage et Piscine 44122\u00a0? Achetez Bestway Matelas Gonflable Citron 183x69 cm Plage et Piscine 44122 maintenant avec Tupique en 3 versements sans int\u00e9r\u00eat.","breadcrumb":{"@id":"https:\/\/tupique.com\/product\/bestway-matelas-gonflable-citron-183x69-cm-plage-et-piscine-44122\/#breadcrumb"},"inLanguage":"pt-PT","potentialAction":[{"@type":"ReadAction","target":["https:\/\/tupique.com\/product\/bestway-matelas-gonflable-citron-183x69-cm-plage-et-piscine-44122\/"]}]},{"@type":"ImageObject","inLanguage":"pt-PT","@id":"https:\/\/tupique.com\/product\/bestway-matelas-gonflable-citron-183x69-cm-plage-et-piscine-44122\/#primaryimage","url":"https:\/\/tupique.com\/wp-content\/uploads\/2026\/05\/6941607363492_D1400871_P00.jpg","contentUrl":"https:\/\/tupique.com\/wp-content\/uploads\/2026\/05\/6941607363492_D1400871_P00.jpg","width":1200,"height":1200,"caption":"D1400871_0"},{"@type":"BreadcrumbList","@id":"https:\/\/tupique.com\/product\/bestway-matelas-gonflable-citron-183x69-cm-plage-et-piscine-44122\/#breadcrumb","itemListElement":[{"@type":"ListItem","position":1,"name":"commencer","item":"https:\/\/tupique.com\/"},{"@type":"ListItem","position":2,"name":"Loja","item":"https:\/\/tupique.com\/pt\/loja\/"},{"@type":"ListItem","position":3,"name":"Bestway Matelas Gonflable Citron 183&#215;69 cm Plage et Piscine 44122"}]},{"@type":"WebSite","@id":"https:\/\/tupique.com\/#website","url":"https:\/\/tupique.com\/","name":"Tupique","description":"","publisher":{"@id":"https:\/\/tupique.com\/#organization"},"potentialAction":[{"@type":"SearchAction","target":{"@type":"EntryPoint","urlTemplate":"https:\/\/tupique.com\/?s={search_term_string}"},"query-input":{"@type":"PropertyValueSpecification","valueRequired":true,"valueName":"search_term_string"}}],"inLanguage":"pt-PT"},{"@type":"Organization","@id":"https:\/\/tupique.com\/#organization","name":"Tupique","url":"https:\/\/tupique.com\/","logo":{"@type":"ImageObject","inLanguage":"pt-PT","@id":"https:\/\/tupique.com\/#\/schema\/logo\/image\/","url":"https:\/\/tupique.com\/wp-content\/uploads\/2026\/03\/logo-tupique-1.webp","contentUrl":"https:\/\/tupique.com\/wp-content\/uploads\/2026\/03\/logo-tupique-1.webp","width":500,"height":67,"caption":"Tupique"},"image":{"@id":"https:\/\/tupique.com\/#\/schema\/logo\/image\/"}}]}},"_links":{"self":[{"href":"https:\/\/tupique.com\/pt\/wp-json\/wp\/v2\/product\/200638","targetHints":{"allow":["GET"]}}],"collection":[{"href":"https:\/\/tupique.com\/pt\/wp-json\/wp\/v2\/product"}],"about":[{"href":"https:\/\/tupique.com\/pt\/wp-json\/wp\/v2\/types\/product"}],"replies":[{"embeddable":true,"href":"https:\/\/tupique.com\/pt\/wp-json\/wp\/v2\/comments?post=200638"}],"wp:featuredmedia":[{"embeddable":true,"href":"https:\/\/tupique.com\/pt\/wp-json\/wp\/v2\/media\/200634"}],"wp:attachment":[{"href":"https:\/\/tupique.com\/pt\/wp-json\/wp\/v2\/media?parent=200638"}],"wp:term":[{"taxonomy":"product_brand","embeddable":true,"href":"https:\/\/tupique.com\/pt\/wp-json\/wp\/v2\/product_brand?post=200638"},{"taxonomy":"product_cat","embeddable":true,"href":"https:\/\/tupique.com\/pt\/wp-json\/wp\/v2\/product_cat?post=200638"},{"taxonomy":"product_tag","embeddable":true,"href":"https:\/\/tupique.com\/pt\/wp-json\/wp\/v2\/product_tag?post=200638"},{"taxonomy":"woo-feed-brand","embeddable":true,"href":"https:\/\/tupique.com\/pt\/wp-json\/wp\/v2\/woo-feed-brand?post=200638"}],"curies":[{"name":"wp","href":"https:\/\/api.w.org\/{rel}","templated":true}]}}