{"id":200735,"date":"2026-05-12T12:38:41","date_gmt":"2026-05-12T10:38:41","guid":{"rendered":"https:\/\/tupique.com\/product\/barbecue-a-charbon-sur-pied-aktive-91-x-33-x-71-cm\/"},"modified":"2026-05-12T12:38:41","modified_gmt":"2026-05-12T10:38:41","slug":"barbecue-a-charbon-sur-pied-aktive-91-x-33-x-71-cm","status":"publish","type":"product","link":"https:\/\/tupique.com\/pt\/product\/barbecue-a-charbon-sur-pied-aktive-91-x-33-x-71-cm\/","title":{"rendered":"Barbecue \u00e0 Charbon sur Pied Aktive 91 x 33 x 71 cm"},"content":{"rendered":"<p>Si vous \u00eates \u00e0 la recherche de nouvelles tendances sur le march\u00e9, nous vous pr\u00e9sentons <b>Barbecue \u00e0 Charbon sur Pied Aktive 91 x 33 x 71 cm<\/b> !<\/p>\n<p>Ler <b>barbecue \u00e0 charbon sur pieds<\/b> de la marque <b>Aktive<\/b> est con\u00e7u pour offrir une exp\u00e9rience de cuisson pratique et durable. Fabriqu\u00e9 en <b>m\u00e9tal r\u00e9sistant<\/b> avec une <b>structure en acier inoxydable<\/b>, il garantit une grande robustesse et une bonne r\u00e9sistance aux conditions ext\u00e9rieures, id\u00e9al pour une utilisation prolong\u00e9e sur terrasses ou dans les jardins. Ses dimensions approximatives de <b>91 x 33 x 71 cm<\/b> offrent une surface adapt\u00e9e pour cuire plusieurs aliments simultan\u00e9ment, assurant confort et fonctionnalit\u00e9 pendant l\u2019usage. De plus, il int\u00e8gre des <b>poign\u00e9es int\u00e9gr\u00e9es<\/b> facilitant son transport et sa manipulation, permettant de le d\u00e9placer ais\u00e9ment m\u00eame lorsqu\u2019il est chaud ou charg\u00e9 de charbon. Son design classique de <b>barbecue \u00e0 charbon<\/b> offre un contr\u00f4le traditionnel de la cuisson gr\u00e2ce \u00e0 l\u2019utilisation directe des braises, appr\u00e9ci\u00e9 par ceux qui pr\u00e9f\u00e8rent la saveur authentique de cette m\u00e9thode. Destin\u00e9 aux utilisateurs recherchant un produit simple et robuste, compatible avec un usage intensif et un entretien minimal, ce barbecue se pr\u00e9sente comme une solution fiable pour les amateurs de cuisson en plein air au charbon. En somme, ce barbecue Aktive combine les avantages de l\u2019acier inoxydable avec un design fonctionnel et ergonomique r\u00e9pondant aux besoins essentiels d\u2019un barbecue portable et polyvalent.<\/p>\n<ul>\n<li>Mati\u00e8re:\n<ul>\n<li>M\u00e9tal<\/li>\n<li>Acier inoxydable<\/li>\n<\/ul>\n<\/li>\n<li>Caracter\u00edsticas:\n<ul>\n<li>R\u00e9sistant<\/li>\n<li>Avec des poign\u00e9es<\/li>\n<\/ul>\n<\/li>\n<li>Design: \u00c9l\u00e9gant<\/li>\n<li>Produit \u00e0 brancher: Non<\/li>\n<li>Type: Barbecue au charbon<\/li>\n<li>Dimensions approx.: 91 x 33 x 71 cm<\/li>\n<\/ul>","protected":false},"excerpt":{"rendered":"<p>Si vous \u00eates \u00e0 la recherche de nouvelles tendances sur le march\u00e9, nous vous pr\u00e9sentons Barbecue \u00e0 Charbon sur Pied Aktive 91 x 33 x 71 cm ! Le barbecue \u00e0 charbon sur pieds de la marque Aktive est con\u00e7u pour offrir une exp\u00e9rience de cuisson pratique et durable. Fabriqu\u00e9 en m\u00e9tal r\u00e9sistant avec une [&hellip;]<\/p>\n","protected":false},"featured_media":200729,"comment_status":"open","ping_status":"closed","template":"","meta":[],"product_brand":[1229],"product_cat":[1058,759,239],"product_tag":[390,721,211],"woo-feed-brand":[],"class_list":{"0":"post-200735","1":"product","2":"type-product","3":"status-publish","4":"has-post-thumbnail","6":"product_brand-brandp_8186","7":"product_cat-barbecues-et-accessoires","8":"product_cat-jardin-et-terrasse","9":"product_cat-maison-jardin","10":"product_tag-tag_8","11":"product_tag-tag_124","12":"product_tag-tag_3","14":"first","15":"instock","16":"taxable","17":"shipping-taxable","18":"purchasable","19":"product-type-simple"},"yoast_head":"<!-- This site is optimized with the Yoast SEO plugin v27.6 - https:\/\/yoast.com\/product\/yoast-seo-wordpress\/ -->\n<title>Barbecue \u00e0 Charbon sur Pied Aktive 91 x 33 x 71 cm | | Tupique<\/title>\n<meta name=\"description\" content=\"Envie d&#039;acheter Barbecue \u00e0 Charbon sur Pied Aktive 91 x 33 x 71 cm\u00a0? Achetez Barbecue \u00e0 Charbon sur Pied Aktive 91 x 33 x 71 cm maintenant avec Tupique en 3 versements sans int\u00e9r\u00eat.\" \/>\n<meta name=\"robots\" content=\"index, follow, max-snippet:-1, max-image-preview:large, max-video-preview:-1\" \/>\n<link rel=\"canonical\" href=\"https:\/\/tupique.com\/pt\/product\/barbecue-a-charbon-sur-pied-aktive-91-x-33-x-71-cm\/\" \/>\n<meta property=\"og:locale\" content=\"pt_PT\" \/>\n<meta property=\"og:type\" content=\"article\" \/>\n<meta property=\"og:title\" content=\"Barbecue \u00e0 Charbon sur Pied Aktive 91 x 33 x 71 cm | | Tupique\" \/>\n<meta property=\"og:description\" content=\"Envie d&#039;acheter Barbecue \u00e0 Charbon sur Pied Aktive 91 x 33 x 71 cm\u00a0? Achetez Barbecue \u00e0 Charbon sur Pied Aktive 91 x 33 x 71 cm maintenant avec Tupique en 3 versements sans int\u00e9r\u00eat.\" \/>\n<meta property=\"og:url\" content=\"https:\/\/tupique.com\/pt\/product\/barbecue-a-charbon-sur-pied-aktive-91-x-33-x-71-cm\/\" \/>\n<meta property=\"og:site_name\" content=\"Tupique\" \/>\n<meta property=\"og:image\" content=\"https:\/\/tupique.com\/wp-content\/uploads\/2026\/05\/8412842631113_S8905287_P01.jpg\" \/>\n\t<meta property=\"og:image:width\" content=\"1200\" \/>\n\t<meta property=\"og:image:height\" content=\"1200\" \/>\n\t<meta property=\"og:image:type\" content=\"image\/jpeg\" \/>\n<meta name=\"twitter:card\" content=\"summary_large_image\" \/>\n<meta name=\"twitter:label1\" content=\"Tempo estimado de leitura\" \/>\n\t<meta name=\"twitter:data1\" content=\"1 minuto\" \/>\n<script type=\"application\/ld+json\" class=\"yoast-schema-graph\">{\"@context\":\"https:\\\/\\\/schema.org\",\"@graph\":[{\"@type\":\"WebPage\",\"@id\":\"https:\\\/\\\/tupique.com\\\/pt\\\/product\\\/barbecue-a-charbon-sur-pied-aktive-91-x-33-x-71-cm\\\/\",\"url\":\"https:\\\/\\\/tupique.com\\\/pt\\\/product\\\/barbecue-a-charbon-sur-pied-aktive-91-x-33-x-71-cm\\\/\",\"name\":\"Barbecue \u00e0 Charbon sur Pied Aktive 91 x 33 x 71 cm | | Tupique\",\"isPartOf\":{\"@id\":\"https:\\\/\\\/tupique.com\\\/#website\"},\"primaryImageOfPage\":{\"@id\":\"https:\\\/\\\/tupique.com\\\/pt\\\/product\\\/barbecue-a-charbon-sur-pied-aktive-91-x-33-x-71-cm\\\/#primaryimage\"},\"image\":{\"@id\":\"https:\\\/\\\/tupique.com\\\/pt\\\/product\\\/barbecue-a-charbon-sur-pied-aktive-91-x-33-x-71-cm\\\/#primaryimage\"},\"thumbnailUrl\":\"https:\\\/\\\/tupique.com\\\/wp-content\\\/uploads\\\/2026\\\/05\\\/8412842631113_S8905287_P01.jpg\",\"datePublished\":\"2026-05-12T10:38:41+00:00\",\"description\":\"Envie d'acheter Barbecue \u00e0 Charbon sur Pied Aktive 91 x 33 x 71 cm\u00a0? Achetez Barbecue \u00e0 Charbon sur Pied Aktive 91 x 33 x 71 cm maintenant avec Tupique en 3 versements sans int\u00e9r\u00eat.\",\"breadcrumb\":{\"@id\":\"https:\\\/\\\/tupique.com\\\/pt\\\/product\\\/barbecue-a-charbon-sur-pied-aktive-91-x-33-x-71-cm\\\/#breadcrumb\"},\"inLanguage\":\"pt-PT\",\"potentialAction\":[{\"@type\":\"ReadAction\",\"target\":[\"https:\\\/\\\/tupique.com\\\/pt\\\/product\\\/barbecue-a-charbon-sur-pied-aktive-91-x-33-x-71-cm\\\/\"]}]},{\"@type\":\"ImageObject\",\"inLanguage\":\"pt-PT\",\"@id\":\"https:\\\/\\\/tupique.com\\\/pt\\\/product\\\/barbecue-a-charbon-sur-pied-aktive-91-x-33-x-71-cm\\\/#primaryimage\",\"url\":\"https:\\\/\\\/tupique.com\\\/wp-content\\\/uploads\\\/2026\\\/05\\\/8412842631113_S8905287_P01.jpg\",\"contentUrl\":\"https:\\\/\\\/tupique.com\\\/wp-content\\\/uploads\\\/2026\\\/05\\\/8412842631113_S8905287_P01.jpg\",\"width\":1200,\"height\":1200,\"caption\":\"S2455424_0\"},{\"@type\":\"BreadcrumbList\",\"@id\":\"https:\\\/\\\/tupique.com\\\/pt\\\/product\\\/barbecue-a-charbon-sur-pied-aktive-91-x-33-x-71-cm\\\/#breadcrumb\",\"itemListElement\":[{\"@type\":\"ListItem\",\"position\":1,\"name\":\"commencer\",\"item\":\"https:\\\/\\\/tupique.com\\\/\"},{\"@type\":\"ListItem\",\"position\":2,\"name\":\"Loja\",\"item\":\"https:\\\/\\\/tupique.com\\\/pt\\\/loja\\\/\"},{\"@type\":\"ListItem\",\"position\":3,\"name\":\"Barbecue \u00e0 Charbon sur Pied Aktive 91 x 33 x 71 cm\"}]},{\"@type\":\"WebSite\",\"@id\":\"https:\\\/\\\/tupique.com\\\/#website\",\"url\":\"https:\\\/\\\/tupique.com\\\/\",\"name\":\"Tupique\",\"description\":\"\",\"publisher\":{\"@id\":\"https:\\\/\\\/tupique.com\\\/#organization\"},\"potentialAction\":[{\"@type\":\"SearchAction\",\"target\":{\"@type\":\"EntryPoint\",\"urlTemplate\":\"https:\\\/\\\/tupique.com\\\/?s={search_term_string}\"},\"query-input\":{\"@type\":\"PropertyValueSpecification\",\"valueRequired\":true,\"valueName\":\"search_term_string\"}}],\"inLanguage\":\"pt-PT\"},{\"@type\":\"Organization\",\"@id\":\"https:\\\/\\\/tupique.com\\\/#organization\",\"name\":\"Tupique\",\"url\":\"https:\\\/\\\/tupique.com\\\/\",\"logo\":{\"@type\":\"ImageObject\",\"inLanguage\":\"pt-PT\",\"@id\":\"https:\\\/\\\/tupique.com\\\/#\\\/schema\\\/logo\\\/image\\\/\",\"url\":\"https:\\\/\\\/tupique.com\\\/wp-content\\\/uploads\\\/2026\\\/03\\\/logo-tupique-1.webp\",\"contentUrl\":\"https:\\\/\\\/tupique.com\\\/wp-content\\\/uploads\\\/2026\\\/03\\\/logo-tupique-1.webp\",\"width\":500,\"height\":67,\"caption\":\"Tupique\"},\"image\":{\"@id\":\"https:\\\/\\\/tupique.com\\\/#\\\/schema\\\/logo\\\/image\\\/\"}}]}<\/script>\n<!-- \/ Yoast SEO plugin. -->","yoast_head_json":{"title":"Barbecue \u00e0 Charbon sur Pied Aktive 91 x 33 x 71 cm | | Tupique","description":"Envie d'acheter Barbecue \u00e0 Charbon sur Pied Aktive 91 x 33 x 71 cm\u00a0? Achetez Barbecue \u00e0 Charbon sur Pied Aktive 91 x 33 x 71 cm maintenant avec Tupique en 3 versements sans int\u00e9r\u00eat.","robots":{"index":"index","follow":"follow","max-snippet":"max-snippet:-1","max-image-preview":"max-image-preview:large","max-video-preview":"max-video-preview:-1"},"canonical":"https:\/\/tupique.com\/pt\/product\/barbecue-a-charbon-sur-pied-aktive-91-x-33-x-71-cm\/","og_locale":"pt_PT","og_type":"article","og_title":"Barbecue \u00e0 Charbon sur Pied Aktive 91 x 33 x 71 cm | | Tupique","og_description":"Envie d'acheter Barbecue \u00e0 Charbon sur Pied Aktive 91 x 33 x 71 cm\u00a0? Achetez Barbecue \u00e0 Charbon sur Pied Aktive 91 x 33 x 71 cm maintenant avec Tupique en 3 versements sans int\u00e9r\u00eat.","og_url":"https:\/\/tupique.com\/pt\/product\/barbecue-a-charbon-sur-pied-aktive-91-x-33-x-71-cm\/","og_site_name":"Tupique","og_image":[{"width":1200,"height":1200,"url":"https:\/\/tupique.com\/wp-content\/uploads\/2026\/05\/8412842631113_S8905287_P01.jpg","type":"image\/jpeg"}],"twitter_card":"summary_large_image","twitter_misc":{"Tempo estimado de leitura":"1 minuto"},"schema":{"@context":"https:\/\/schema.org","@graph":[{"@type":"WebPage","@id":"https:\/\/tupique.com\/pt\/product\/barbecue-a-charbon-sur-pied-aktive-91-x-33-x-71-cm\/","url":"https:\/\/tupique.com\/pt\/product\/barbecue-a-charbon-sur-pied-aktive-91-x-33-x-71-cm\/","name":"Barbecue \u00e0 Charbon sur Pied Aktive 91 x 33 x 71 cm | | Tupique","isPartOf":{"@id":"https:\/\/tupique.com\/#website"},"primaryImageOfPage":{"@id":"https:\/\/tupique.com\/pt\/product\/barbecue-a-charbon-sur-pied-aktive-91-x-33-x-71-cm\/#primaryimage"},"image":{"@id":"https:\/\/tupique.com\/pt\/product\/barbecue-a-charbon-sur-pied-aktive-91-x-33-x-71-cm\/#primaryimage"},"thumbnailUrl":"https:\/\/tupique.com\/wp-content\/uploads\/2026\/05\/8412842631113_S8905287_P01.jpg","datePublished":"2026-05-12T10:38:41+00:00","description":"Envie d'acheter Barbecue \u00e0 Charbon sur Pied Aktive 91 x 33 x 71 cm\u00a0? Achetez Barbecue \u00e0 Charbon sur Pied Aktive 91 x 33 x 71 cm maintenant avec Tupique en 3 versements sans int\u00e9r\u00eat.","breadcrumb":{"@id":"https:\/\/tupique.com\/pt\/product\/barbecue-a-charbon-sur-pied-aktive-91-x-33-x-71-cm\/#breadcrumb"},"inLanguage":"pt-PT","potentialAction":[{"@type":"ReadAction","target":["https:\/\/tupique.com\/pt\/product\/barbecue-a-charbon-sur-pied-aktive-91-x-33-x-71-cm\/"]}]},{"@type":"ImageObject","inLanguage":"pt-PT","@id":"https:\/\/tupique.com\/pt\/product\/barbecue-a-charbon-sur-pied-aktive-91-x-33-x-71-cm\/#primaryimage","url":"https:\/\/tupique.com\/wp-content\/uploads\/2026\/05\/8412842631113_S8905287_P01.jpg","contentUrl":"https:\/\/tupique.com\/wp-content\/uploads\/2026\/05\/8412842631113_S8905287_P01.jpg","width":1200,"height":1200,"caption":"S2455424_0"},{"@type":"BreadcrumbList","@id":"https:\/\/tupique.com\/pt\/product\/barbecue-a-charbon-sur-pied-aktive-91-x-33-x-71-cm\/#breadcrumb","itemListElement":[{"@type":"ListItem","position":1,"name":"commencer","item":"https:\/\/tupique.com\/"},{"@type":"ListItem","position":2,"name":"Loja","item":"https:\/\/tupique.com\/pt\/loja\/"},{"@type":"ListItem","position":3,"name":"Barbecue \u00e0 Charbon sur Pied Aktive 91 x 33 x 71 cm"}]},{"@type":"WebSite","@id":"https:\/\/tupique.com\/#website","url":"https:\/\/tupique.com\/","name":"Tupique","description":"","publisher":{"@id":"https:\/\/tupique.com\/#organization"},"potentialAction":[{"@type":"SearchAction","target":{"@type":"EntryPoint","urlTemplate":"https:\/\/tupique.com\/?s={search_term_string}"},"query-input":{"@type":"PropertyValueSpecification","valueRequired":true,"valueName":"search_term_string"}}],"inLanguage":"pt-PT"},{"@type":"Organization","@id":"https:\/\/tupique.com\/#organization","name":"Tupique","url":"https:\/\/tupique.com\/","logo":{"@type":"ImageObject","inLanguage":"pt-PT","@id":"https:\/\/tupique.com\/#\/schema\/logo\/image\/","url":"https:\/\/tupique.com\/wp-content\/uploads\/2026\/03\/logo-tupique-1.webp","contentUrl":"https:\/\/tupique.com\/wp-content\/uploads\/2026\/03\/logo-tupique-1.webp","width":500,"height":67,"caption":"Tupique"},"image":{"@id":"https:\/\/tupique.com\/#\/schema\/logo\/image\/"}}]}},"_links":{"self":[{"href":"https:\/\/tupique.com\/pt\/wp-json\/wp\/v2\/product\/200735","targetHints":{"allow":["GET"]}}],"collection":[{"href":"https:\/\/tupique.com\/pt\/wp-json\/wp\/v2\/product"}],"about":[{"href":"https:\/\/tupique.com\/pt\/wp-json\/wp\/v2\/types\/product"}],"replies":[{"embeddable":true,"href":"https:\/\/tupique.com\/pt\/wp-json\/wp\/v2\/comments?post=200735"}],"wp:featuredmedia":[{"embeddable":true,"href":"https:\/\/tupique.com\/pt\/wp-json\/wp\/v2\/media\/200729"}],"wp:attachment":[{"href":"https:\/\/tupique.com\/pt\/wp-json\/wp\/v2\/media?parent=200735"}],"wp:term":[{"taxonomy":"product_brand","embeddable":true,"href":"https:\/\/tupique.com\/pt\/wp-json\/wp\/v2\/product_brand?post=200735"},{"taxonomy":"product_cat","embeddable":true,"href":"https:\/\/tupique.com\/pt\/wp-json\/wp\/v2\/product_cat?post=200735"},{"taxonomy":"product_tag","embeddable":true,"href":"https:\/\/tupique.com\/pt\/wp-json\/wp\/v2\/product_tag?post=200735"},{"taxonomy":"woo-feed-brand","embeddable":true,"href":"https:\/\/tupique.com\/pt\/wp-json\/wp\/v2\/woo-feed-brand?post=200735"}],"curies":[{"name":"wp","href":"https:\/\/api.w.org\/{rel}","templated":true}]}}