{"id":200797,"date":"2026-05-12T12:52:56","date_gmt":"2026-05-12T10:52:56","guid":{"rendered":"https:\/\/tupique.com\/product\/rasoir-nez-et-oreille-philips-serie-2000\/"},"modified":"2026-05-12T12:52:56","modified_gmt":"2026-05-12T10:52:56","slug":"rasoir-nez-et-oreille-philips-serie-2000","status":"publish","type":"product","link":"https:\/\/tupique.com\/pt\/product\/rasoir-nez-et-oreille-philips-serie-2000\/","title":{"rendered":"Rasoir Nez et Oreille Philips Serie 2000"},"content":{"rendered":"<p>Si vous recherchez des \u00e9lectrom\u00e9nagers pour votre maison aux meilleurs prix, ne manquez pas <b>Rasoir Nez et Oreille Philips Serie 2000<\/b> et une large s\u00e9lection de petits \u00e9lectrom\u00e9nagers de qualit\u00e9 !<\/p>\n<ul>\n<li>Type de prise: Prise EU<\/li>\n<li>Caracter\u00edsticas:\n<ul>\n<li>Fonctionne \u00e0 piles<\/li>\n<li>Lavable<\/li>\n<li>R\u00e9sistant \u00e0 l&#8217;eau<\/li>\n<li>Sans fils<\/li>\n<\/ul>\n<\/li>\n<li>Bloc d\u2019Alimentation:\n<ul>\n<li>Batteries<\/li>\n<li>Batterie<\/li>\n<\/ul>\n<\/li>\n<li>Couleur: Noir<\/li>\n<li>Mati\u00e8re: Acier inoxydable<\/li>\n<li>Partie du corps:\n<ul>\n<li>Nez<\/li>\n<li>Oreja<\/li>\n<\/ul>\n<\/li>\n<li>Type de batterie: AA<\/li>\n<li>Genre: Unisexe<\/li>\n<li>Batterie: Piles Alcalines<\/li>\n<li>Fonctions: Rasoir Nez et Oreille<\/li>\n<\/ul>","protected":false},"excerpt":{"rendered":"<p>Si vous recherchez des \u00e9lectrom\u00e9nagers pour votre maison aux meilleurs prix, ne manquez pas Rasoir Nez et Oreille Philips Serie 2000 et une large s\u00e9lection de petits \u00e9lectrom\u00e9nagers de qualit\u00e9 ! Type de prise: Prise EU Caract\u00e9ristiques: Fonctionne \u00e0 piles Lavable R\u00e9sistant \u00e0 l&#8217;eau Sans fils Bloc d\u2019Alimentation: Batteries Batterie Couleur: Noir Mati\u00e8re: Acier inoxydable [&hellip;]<\/p>\n","protected":false},"featured_media":200795,"comment_status":"open","ping_status":"closed","template":"","meta":[],"product_brand":[315],"product_cat":[753,752,1377],"product_tag":[722,56],"woo-feed-brand":[],"class_list":{"0":"post-200797","1":"product","2":"type-product","3":"status-publish","4":"has-post-thumbnail","6":"product_brand-brandp_571","7":"product_cat-coiffure","8":"product_cat-sante-beaute","9":"product_cat-tondeuses-pour-cheveux","10":"product_tag-tag_923","11":"product_tag-tag_930","13":"first","14":"instock","15":"taxable","16":"shipping-taxable","17":"purchasable","18":"product-type-simple"},"yoast_head":"<!-- This site is optimized with the Yoast SEO plugin v27.6 - https:\/\/yoast.com\/product\/yoast-seo-wordpress\/ -->\n<title>Rasoir Nez et Oreille Philips Serie 2000 | | Tupique<\/title>\n<meta name=\"description\" content=\"Envie d&#039;acheter Rasoir Nez et Oreille Philips Serie 2000\u00a0? Achetez Rasoir Nez et Oreille Philips Serie 2000 maintenant avec Tupique en 3 versements sans int\u00e9r\u00eat.\" \/>\n<meta name=\"robots\" content=\"index, follow, max-snippet:-1, max-image-preview:large, max-video-preview:-1\" \/>\n<link rel=\"canonical\" href=\"https:\/\/tupique.com\/pt\/product\/rasoir-nez-et-oreille-philips-serie-2000\/\" \/>\n<meta property=\"og:locale\" content=\"pt_PT\" \/>\n<meta property=\"og:type\" content=\"article\" \/>\n<meta property=\"og:title\" content=\"Rasoir Nez et Oreille Philips Serie 2000 | | Tupique\" \/>\n<meta property=\"og:description\" content=\"Envie d&#039;acheter Rasoir Nez et Oreille Philips Serie 2000\u00a0? Achetez Rasoir Nez et Oreille Philips Serie 2000 maintenant avec Tupique en 3 versements sans int\u00e9r\u00eat.\" \/>\n<meta property=\"og:url\" content=\"https:\/\/tupique.com\/pt\/product\/rasoir-nez-et-oreille-philips-serie-2000\/\" \/>\n<meta property=\"og:site_name\" content=\"Tupique\" \/>\n<meta property=\"og:image\" content=\"https:\/\/tupique.com\/wp-content\/uploads\/2026\/05\/8720689000468_I10.jpg\" \/>\n\t<meta property=\"og:image:width\" content=\"1200\" \/>\n\t<meta property=\"og:image:height\" content=\"1200\" \/>\n\t<meta property=\"og:image:type\" content=\"image\/jpeg\" \/>\n<meta name=\"twitter:card\" content=\"summary_large_image\" \/>\n<script type=\"application\/ld+json\" class=\"yoast-schema-graph\">{\"@context\":\"https:\\\/\\\/schema.org\",\"@graph\":[{\"@type\":\"WebPage\",\"@id\":\"https:\\\/\\\/tupique.com\\\/product\\\/rasoir-nez-et-oreille-philips-serie-2000\\\/\",\"url\":\"https:\\\/\\\/tupique.com\\\/product\\\/rasoir-nez-et-oreille-philips-serie-2000\\\/\",\"name\":\"Rasoir Nez et Oreille Philips Serie 2000 | | Tupique\",\"isPartOf\":{\"@id\":\"https:\\\/\\\/tupique.com\\\/#website\"},\"primaryImageOfPage\":{\"@id\":\"https:\\\/\\\/tupique.com\\\/product\\\/rasoir-nez-et-oreille-philips-serie-2000\\\/#primaryimage\"},\"image\":{\"@id\":\"https:\\\/\\\/tupique.com\\\/product\\\/rasoir-nez-et-oreille-philips-serie-2000\\\/#primaryimage\"},\"thumbnailUrl\":\"https:\\\/\\\/tupique.com\\\/wp-content\\\/uploads\\\/2026\\\/05\\\/8720689000468_I10.jpg\",\"datePublished\":\"2026-05-12T10:52:56+00:00\",\"description\":\"Envie d'acheter Rasoir Nez et Oreille Philips Serie 2000\u00a0? Achetez Rasoir Nez et Oreille Philips Serie 2000 maintenant avec Tupique en 3 versements sans int\u00e9r\u00eat.\",\"breadcrumb\":{\"@id\":\"https:\\\/\\\/tupique.com\\\/product\\\/rasoir-nez-et-oreille-philips-serie-2000\\\/#breadcrumb\"},\"inLanguage\":\"pt-PT\",\"potentialAction\":[{\"@type\":\"ReadAction\",\"target\":[\"https:\\\/\\\/tupique.com\\\/product\\\/rasoir-nez-et-oreille-philips-serie-2000\\\/\"]}]},{\"@type\":\"ImageObject\",\"inLanguage\":\"pt-PT\",\"@id\":\"https:\\\/\\\/tupique.com\\\/product\\\/rasoir-nez-et-oreille-philips-serie-2000\\\/#primaryimage\",\"url\":\"https:\\\/\\\/tupique.com\\\/wp-content\\\/uploads\\\/2026\\\/05\\\/8720689000468_I10.jpg\",\"contentUrl\":\"https:\\\/\\\/tupique.com\\\/wp-content\\\/uploads\\\/2026\\\/05\\\/8720689000468_I10.jpg\",\"width\":1200,\"height\":1200,\"caption\":\"S6505290_0\"},{\"@type\":\"BreadcrumbList\",\"@id\":\"https:\\\/\\\/tupique.com\\\/product\\\/rasoir-nez-et-oreille-philips-serie-2000\\\/#breadcrumb\",\"itemListElement\":[{\"@type\":\"ListItem\",\"position\":1,\"name\":\"commencer\",\"item\":\"https:\\\/\\\/tupique.com\\\/\"},{\"@type\":\"ListItem\",\"position\":2,\"name\":\"Loja\",\"item\":\"https:\\\/\\\/tupique.com\\\/pt\\\/loja\\\/\"},{\"@type\":\"ListItem\",\"position\":3,\"name\":\"Rasoir Nez et Oreille Philips Serie 2000\"}]},{\"@type\":\"WebSite\",\"@id\":\"https:\\\/\\\/tupique.com\\\/#website\",\"url\":\"https:\\\/\\\/tupique.com\\\/\",\"name\":\"Tupique\",\"description\":\"\",\"publisher\":{\"@id\":\"https:\\\/\\\/tupique.com\\\/#organization\"},\"potentialAction\":[{\"@type\":\"SearchAction\",\"target\":{\"@type\":\"EntryPoint\",\"urlTemplate\":\"https:\\\/\\\/tupique.com\\\/?s={search_term_string}\"},\"query-input\":{\"@type\":\"PropertyValueSpecification\",\"valueRequired\":true,\"valueName\":\"search_term_string\"}}],\"inLanguage\":\"pt-PT\"},{\"@type\":\"Organization\",\"@id\":\"https:\\\/\\\/tupique.com\\\/#organization\",\"name\":\"Tupique\",\"url\":\"https:\\\/\\\/tupique.com\\\/\",\"logo\":{\"@type\":\"ImageObject\",\"inLanguage\":\"pt-PT\",\"@id\":\"https:\\\/\\\/tupique.com\\\/#\\\/schema\\\/logo\\\/image\\\/\",\"url\":\"https:\\\/\\\/tupique.com\\\/wp-content\\\/uploads\\\/2026\\\/03\\\/logo-tupique-1.webp\",\"contentUrl\":\"https:\\\/\\\/tupique.com\\\/wp-content\\\/uploads\\\/2026\\\/03\\\/logo-tupique-1.webp\",\"width\":500,\"height\":67,\"caption\":\"Tupique\"},\"image\":{\"@id\":\"https:\\\/\\\/tupique.com\\\/#\\\/schema\\\/logo\\\/image\\\/\"}}]}<\/script>\n<!-- \/ Yoast SEO plugin. -->","yoast_head_json":{"title":"Rasoir Nez et Oreille Philips Serie 2000 | | Tupique","description":"Envie d'acheter Rasoir Nez et Oreille Philips Serie 2000\u00a0? Achetez Rasoir Nez et Oreille Philips Serie 2000 maintenant avec Tupique en 3 versements sans int\u00e9r\u00eat.","robots":{"index":"index","follow":"follow","max-snippet":"max-snippet:-1","max-image-preview":"max-image-preview:large","max-video-preview":"max-video-preview:-1"},"canonical":"https:\/\/tupique.com\/pt\/product\/rasoir-nez-et-oreille-philips-serie-2000\/","og_locale":"pt_PT","og_type":"article","og_title":"Rasoir Nez et Oreille Philips Serie 2000 | | Tupique","og_description":"Envie d'acheter Rasoir Nez et Oreille Philips Serie 2000\u00a0? Achetez Rasoir Nez et Oreille Philips Serie 2000 maintenant avec Tupique en 3 versements sans int\u00e9r\u00eat.","og_url":"https:\/\/tupique.com\/pt\/product\/rasoir-nez-et-oreille-philips-serie-2000\/","og_site_name":"Tupique","og_image":[{"width":1200,"height":1200,"url":"https:\/\/tupique.com\/wp-content\/uploads\/2026\/05\/8720689000468_I10.jpg","type":"image\/jpeg"}],"twitter_card":"summary_large_image","schema":{"@context":"https:\/\/schema.org","@graph":[{"@type":"WebPage","@id":"https:\/\/tupique.com\/product\/rasoir-nez-et-oreille-philips-serie-2000\/","url":"https:\/\/tupique.com\/product\/rasoir-nez-et-oreille-philips-serie-2000\/","name":"Rasoir Nez et Oreille Philips Serie 2000 | | Tupique","isPartOf":{"@id":"https:\/\/tupique.com\/#website"},"primaryImageOfPage":{"@id":"https:\/\/tupique.com\/product\/rasoir-nez-et-oreille-philips-serie-2000\/#primaryimage"},"image":{"@id":"https:\/\/tupique.com\/product\/rasoir-nez-et-oreille-philips-serie-2000\/#primaryimage"},"thumbnailUrl":"https:\/\/tupique.com\/wp-content\/uploads\/2026\/05\/8720689000468_I10.jpg","datePublished":"2026-05-12T10:52:56+00:00","description":"Envie d'acheter Rasoir Nez et Oreille Philips Serie 2000\u00a0? Achetez Rasoir Nez et Oreille Philips Serie 2000 maintenant avec Tupique en 3 versements sans int\u00e9r\u00eat.","breadcrumb":{"@id":"https:\/\/tupique.com\/product\/rasoir-nez-et-oreille-philips-serie-2000\/#breadcrumb"},"inLanguage":"pt-PT","potentialAction":[{"@type":"ReadAction","target":["https:\/\/tupique.com\/product\/rasoir-nez-et-oreille-philips-serie-2000\/"]}]},{"@type":"ImageObject","inLanguage":"pt-PT","@id":"https:\/\/tupique.com\/product\/rasoir-nez-et-oreille-philips-serie-2000\/#primaryimage","url":"https:\/\/tupique.com\/wp-content\/uploads\/2026\/05\/8720689000468_I10.jpg","contentUrl":"https:\/\/tupique.com\/wp-content\/uploads\/2026\/05\/8720689000468_I10.jpg","width":1200,"height":1200,"caption":"S6505290_0"},{"@type":"BreadcrumbList","@id":"https:\/\/tupique.com\/product\/rasoir-nez-et-oreille-philips-serie-2000\/#breadcrumb","itemListElement":[{"@type":"ListItem","position":1,"name":"commencer","item":"https:\/\/tupique.com\/"},{"@type":"ListItem","position":2,"name":"Loja","item":"https:\/\/tupique.com\/pt\/loja\/"},{"@type":"ListItem","position":3,"name":"Rasoir Nez et Oreille Philips Serie 2000"}]},{"@type":"WebSite","@id":"https:\/\/tupique.com\/#website","url":"https:\/\/tupique.com\/","name":"Tupique","description":"","publisher":{"@id":"https:\/\/tupique.com\/#organization"},"potentialAction":[{"@type":"SearchAction","target":{"@type":"EntryPoint","urlTemplate":"https:\/\/tupique.com\/?s={search_term_string}"},"query-input":{"@type":"PropertyValueSpecification","valueRequired":true,"valueName":"search_term_string"}}],"inLanguage":"pt-PT"},{"@type":"Organization","@id":"https:\/\/tupique.com\/#organization","name":"Tupique","url":"https:\/\/tupique.com\/","logo":{"@type":"ImageObject","inLanguage":"pt-PT","@id":"https:\/\/tupique.com\/#\/schema\/logo\/image\/","url":"https:\/\/tupique.com\/wp-content\/uploads\/2026\/03\/logo-tupique-1.webp","contentUrl":"https:\/\/tupique.com\/wp-content\/uploads\/2026\/03\/logo-tupique-1.webp","width":500,"height":67,"caption":"Tupique"},"image":{"@id":"https:\/\/tupique.com\/#\/schema\/logo\/image\/"}}]}},"_links":{"self":[{"href":"https:\/\/tupique.com\/pt\/wp-json\/wp\/v2\/product\/200797","targetHints":{"allow":["GET"]}}],"collection":[{"href":"https:\/\/tupique.com\/pt\/wp-json\/wp\/v2\/product"}],"about":[{"href":"https:\/\/tupique.com\/pt\/wp-json\/wp\/v2\/types\/product"}],"replies":[{"embeddable":true,"href":"https:\/\/tupique.com\/pt\/wp-json\/wp\/v2\/comments?post=200797"}],"wp:featuredmedia":[{"embeddable":true,"href":"https:\/\/tupique.com\/pt\/wp-json\/wp\/v2\/media\/200795"}],"wp:attachment":[{"href":"https:\/\/tupique.com\/pt\/wp-json\/wp\/v2\/media?parent=200797"}],"wp:term":[{"taxonomy":"product_brand","embeddable":true,"href":"https:\/\/tupique.com\/pt\/wp-json\/wp\/v2\/product_brand?post=200797"},{"taxonomy":"product_cat","embeddable":true,"href":"https:\/\/tupique.com\/pt\/wp-json\/wp\/v2\/product_cat?post=200797"},{"taxonomy":"product_tag","embeddable":true,"href":"https:\/\/tupique.com\/pt\/wp-json\/wp\/v2\/product_tag?post=200797"},{"taxonomy":"woo-feed-brand","embeddable":true,"href":"https:\/\/tupique.com\/pt\/wp-json\/wp\/v2\/woo-feed-brand?post=200797"}],"curies":[{"name":"wp","href":"https:\/\/api.w.org\/{rel}","templated":true}]}}