{"id":200888,"date":"2026-05-12T12:57:05","date_gmt":"2026-05-12T10:57:05","guid":{"rendered":"https:\/\/tupique.com\/product\/desodorisant-pour-voiture-rituals-homme-3-g\/"},"modified":"2026-05-12T12:57:05","modified_gmt":"2026-05-12T10:57:05","slug":"desodorisant-pour-voiture-rituals-homme-3-g","status":"publish","type":"product","link":"https:\/\/tupique.com\/pt\/product\/desodorisant-pour-voiture-rituals-homme-3-g\/","title":{"rendered":"D\u00e9sodorisant Pour Voiture Rituals HOMME 3 g"},"content":{"rendered":"<p>Si vous \u00eates \u00e0 la recherche de nouvelles tendances sur le march\u00e9, nous vous pr\u00e9sentons <b>D\u00e9sodorisant Pour Voiture Rituals HOMME 3 g<\/b> !<\/p>\n<ul>\n<li>Type: D\u00e9sodorisant Pour Voiture<\/li>\n<li>Caracter\u00edsticas:\n<ul>\n<li>Non test\u00e9 sur animaux<\/li>\n<li>Embalagem sustent\u00e1vel<\/li>\n<\/ul>\n<\/li>\n<li>Genre: Unisexe<\/li>\n<li>Capacit\u00e9: 3 g<\/li>\n<\/ul>","protected":false},"excerpt":{"rendered":"<p><span class=\"unit-info\">1099.6667 &euro; \/ 100 gr<\/span><\/p>","protected":false},"featured_media":200882,"comment_status":"open","ping_status":"closed","template":"","meta":[],"product_brand":[2945],"product_cat":[1765,1842,1764],"product_tag":[],"woo-feed-brand":[],"class_list":{"0":"post-200888","1":"product","2":"type-product","3":"status-publish","4":"has-post-thumbnail","6":"product_brand-brandp_2282","7":"product_cat-accessoires-pour-voitures","8":"product_cat-nettoyage-et-entretien-de-vehicule","9":"product_cat-sports-loisirs","11":"first","12":"instock","13":"taxable","14":"shipping-taxable","15":"purchasable","16":"product-type-simple"},"yoast_head":"<!-- This site is optimized with the Yoast SEO plugin v27.6 - https:\/\/yoast.com\/product\/yoast-seo-wordpress\/ -->\n<title>D\u00e9sodorisant Pour Voiture Rituals HOMME 3 g | | Tupique<\/title>\n<meta name=\"description\" content=\"Envie d&#039;acheter D\u00e9sodorisant Pour Voiture Rituals HOMME 3 g\u00a0? Achetez D\u00e9sodorisant Pour Voiture Rituals HOMME 3 g maintenant avec Tupique en 3 versements sans int\u00e9r\u00eat.\" \/>\n<meta name=\"robots\" content=\"index, follow, max-snippet:-1, max-image-preview:large, max-video-preview:-1\" \/>\n<link rel=\"canonical\" href=\"https:\/\/tupique.com\/pt\/product\/desodorisant-pour-voiture-rituals-homme-3-g\/\" \/>\n<meta property=\"og:locale\" content=\"pt_PT\" \/>\n<meta property=\"og:type\" content=\"article\" \/>\n<meta property=\"og:title\" content=\"D\u00e9sodorisant Pour Voiture Rituals HOMME 3 g | | Tupique\" \/>\n<meta property=\"og:description\" content=\"Envie d&#039;acheter D\u00e9sodorisant Pour Voiture Rituals HOMME 3 g\u00a0? Achetez D\u00e9sodorisant Pour Voiture Rituals HOMME 3 g maintenant avec Tupique en 3 versements sans int\u00e9r\u00eat.\" \/>\n<meta property=\"og:url\" content=\"https:\/\/tupique.com\/pt\/product\/desodorisant-pour-voiture-rituals-homme-3-g\/\" \/>\n<meta property=\"og:site_name\" content=\"Tupique\" \/>\n<meta property=\"og:image\" content=\"https:\/\/tupique.com\/wp-content\/uploads\/2026\/05\/s05130226_00.jpg\" \/>\n\t<meta property=\"og:image:width\" content=\"1200\" \/>\n\t<meta property=\"og:image:height\" content=\"1200\" \/>\n\t<meta property=\"og:image:type\" content=\"image\/jpeg\" \/>\n<meta name=\"twitter:card\" content=\"summary_large_image\" \/>\n<script type=\"application\/ld+json\" class=\"yoast-schema-graph\">{\"@context\":\"https:\\\/\\\/schema.org\",\"@graph\":[{\"@type\":\"WebPage\",\"@id\":\"https:\\\/\\\/tupique.com\\\/product\\\/desodorisant-pour-voiture-rituals-homme-3-g\\\/\",\"url\":\"https:\\\/\\\/tupique.com\\\/product\\\/desodorisant-pour-voiture-rituals-homme-3-g\\\/\",\"name\":\"D\u00e9sodorisant Pour Voiture Rituals HOMME 3 g | | Tupique\",\"isPartOf\":{\"@id\":\"https:\\\/\\\/tupique.com\\\/#website\"},\"primaryImageOfPage\":{\"@id\":\"https:\\\/\\\/tupique.com\\\/product\\\/desodorisant-pour-voiture-rituals-homme-3-g\\\/#primaryimage\"},\"image\":{\"@id\":\"https:\\\/\\\/tupique.com\\\/product\\\/desodorisant-pour-voiture-rituals-homme-3-g\\\/#primaryimage\"},\"thumbnailUrl\":\"https:\\\/\\\/tupique.com\\\/wp-content\\\/uploads\\\/2026\\\/05\\\/s05130226_00.jpg\",\"datePublished\":\"2026-05-12T10:57:05+00:00\",\"description\":\"Envie d'acheter D\u00e9sodorisant Pour Voiture Rituals HOMME 3 g\u00a0? Achetez D\u00e9sodorisant Pour Voiture Rituals HOMME 3 g maintenant avec Tupique en 3 versements sans int\u00e9r\u00eat.\",\"breadcrumb\":{\"@id\":\"https:\\\/\\\/tupique.com\\\/product\\\/desodorisant-pour-voiture-rituals-homme-3-g\\\/#breadcrumb\"},\"inLanguage\":\"pt-PT\",\"potentialAction\":[{\"@type\":\"ReadAction\",\"target\":[\"https:\\\/\\\/tupique.com\\\/product\\\/desodorisant-pour-voiture-rituals-homme-3-g\\\/\"]}]},{\"@type\":\"ImageObject\",\"inLanguage\":\"pt-PT\",\"@id\":\"https:\\\/\\\/tupique.com\\\/product\\\/desodorisant-pour-voiture-rituals-homme-3-g\\\/#primaryimage\",\"url\":\"https:\\\/\\\/tupique.com\\\/wp-content\\\/uploads\\\/2026\\\/05\\\/s05130226_00.jpg\",\"contentUrl\":\"https:\\\/\\\/tupique.com\\\/wp-content\\\/uploads\\\/2026\\\/05\\\/s05130226_00.jpg\",\"width\":1200,\"height\":1200,\"caption\":\"S05130226_0\"},{\"@type\":\"BreadcrumbList\",\"@id\":\"https:\\\/\\\/tupique.com\\\/product\\\/desodorisant-pour-voiture-rituals-homme-3-g\\\/#breadcrumb\",\"itemListElement\":[{\"@type\":\"ListItem\",\"position\":1,\"name\":\"commencer\",\"item\":\"https:\\\/\\\/tupique.com\\\/\"},{\"@type\":\"ListItem\",\"position\":2,\"name\":\"Loja\",\"item\":\"https:\\\/\\\/tupique.com\\\/pt\\\/loja\\\/\"},{\"@type\":\"ListItem\",\"position\":3,\"name\":\"D\u00e9sodorisant Pour Voiture Rituals HOMME 3 g\"}]},{\"@type\":\"WebSite\",\"@id\":\"https:\\\/\\\/tupique.com\\\/#website\",\"url\":\"https:\\\/\\\/tupique.com\\\/\",\"name\":\"Tupique\",\"description\":\"\",\"publisher\":{\"@id\":\"https:\\\/\\\/tupique.com\\\/#organization\"},\"potentialAction\":[{\"@type\":\"SearchAction\",\"target\":{\"@type\":\"EntryPoint\",\"urlTemplate\":\"https:\\\/\\\/tupique.com\\\/?s={search_term_string}\"},\"query-input\":{\"@type\":\"PropertyValueSpecification\",\"valueRequired\":true,\"valueName\":\"search_term_string\"}}],\"inLanguage\":\"pt-PT\"},{\"@type\":\"Organization\",\"@id\":\"https:\\\/\\\/tupique.com\\\/#organization\",\"name\":\"Tupique\",\"url\":\"https:\\\/\\\/tupique.com\\\/\",\"logo\":{\"@type\":\"ImageObject\",\"inLanguage\":\"pt-PT\",\"@id\":\"https:\\\/\\\/tupique.com\\\/#\\\/schema\\\/logo\\\/image\\\/\",\"url\":\"https:\\\/\\\/tupique.com\\\/wp-content\\\/uploads\\\/2026\\\/03\\\/logo-tupique-1.webp\",\"contentUrl\":\"https:\\\/\\\/tupique.com\\\/wp-content\\\/uploads\\\/2026\\\/03\\\/logo-tupique-1.webp\",\"width\":500,\"height\":67,\"caption\":\"Tupique\"},\"image\":{\"@id\":\"https:\\\/\\\/tupique.com\\\/#\\\/schema\\\/logo\\\/image\\\/\"}}]}<\/script>\n<!-- \/ Yoast SEO plugin. -->","yoast_head_json":{"title":"D\u00e9sodorisant Pour Voiture Rituals HOMME 3 g | | Tupique","description":"Envie d'acheter D\u00e9sodorisant Pour Voiture Rituals HOMME 3 g\u00a0? Achetez D\u00e9sodorisant Pour Voiture Rituals HOMME 3 g maintenant avec Tupique en 3 versements sans int\u00e9r\u00eat.","robots":{"index":"index","follow":"follow","max-snippet":"max-snippet:-1","max-image-preview":"max-image-preview:large","max-video-preview":"max-video-preview:-1"},"canonical":"https:\/\/tupique.com\/pt\/product\/desodorisant-pour-voiture-rituals-homme-3-g\/","og_locale":"pt_PT","og_type":"article","og_title":"D\u00e9sodorisant Pour Voiture Rituals HOMME 3 g | | Tupique","og_description":"Envie d'acheter D\u00e9sodorisant Pour Voiture Rituals HOMME 3 g\u00a0? Achetez D\u00e9sodorisant Pour Voiture Rituals HOMME 3 g maintenant avec Tupique en 3 versements sans int\u00e9r\u00eat.","og_url":"https:\/\/tupique.com\/pt\/product\/desodorisant-pour-voiture-rituals-homme-3-g\/","og_site_name":"Tupique","og_image":[{"width":1200,"height":1200,"url":"https:\/\/tupique.com\/wp-content\/uploads\/2026\/05\/s05130226_00.jpg","type":"image\/jpeg"}],"twitter_card":"summary_large_image","schema":{"@context":"https:\/\/schema.org","@graph":[{"@type":"WebPage","@id":"https:\/\/tupique.com\/product\/desodorisant-pour-voiture-rituals-homme-3-g\/","url":"https:\/\/tupique.com\/product\/desodorisant-pour-voiture-rituals-homme-3-g\/","name":"D\u00e9sodorisant Pour Voiture Rituals HOMME 3 g | | Tupique","isPartOf":{"@id":"https:\/\/tupique.com\/#website"},"primaryImageOfPage":{"@id":"https:\/\/tupique.com\/product\/desodorisant-pour-voiture-rituals-homme-3-g\/#primaryimage"},"image":{"@id":"https:\/\/tupique.com\/product\/desodorisant-pour-voiture-rituals-homme-3-g\/#primaryimage"},"thumbnailUrl":"https:\/\/tupique.com\/wp-content\/uploads\/2026\/05\/s05130226_00.jpg","datePublished":"2026-05-12T10:57:05+00:00","description":"Envie d'acheter D\u00e9sodorisant Pour Voiture Rituals HOMME 3 g\u00a0? Achetez D\u00e9sodorisant Pour Voiture Rituals HOMME 3 g maintenant avec Tupique en 3 versements sans int\u00e9r\u00eat.","breadcrumb":{"@id":"https:\/\/tupique.com\/product\/desodorisant-pour-voiture-rituals-homme-3-g\/#breadcrumb"},"inLanguage":"pt-PT","potentialAction":[{"@type":"ReadAction","target":["https:\/\/tupique.com\/product\/desodorisant-pour-voiture-rituals-homme-3-g\/"]}]},{"@type":"ImageObject","inLanguage":"pt-PT","@id":"https:\/\/tupique.com\/product\/desodorisant-pour-voiture-rituals-homme-3-g\/#primaryimage","url":"https:\/\/tupique.com\/wp-content\/uploads\/2026\/05\/s05130226_00.jpg","contentUrl":"https:\/\/tupique.com\/wp-content\/uploads\/2026\/05\/s05130226_00.jpg","width":1200,"height":1200,"caption":"S05130226_0"},{"@type":"BreadcrumbList","@id":"https:\/\/tupique.com\/product\/desodorisant-pour-voiture-rituals-homme-3-g\/#breadcrumb","itemListElement":[{"@type":"ListItem","position":1,"name":"commencer","item":"https:\/\/tupique.com\/"},{"@type":"ListItem","position":2,"name":"Loja","item":"https:\/\/tupique.com\/pt\/loja\/"},{"@type":"ListItem","position":3,"name":"D\u00e9sodorisant Pour Voiture Rituals HOMME 3 g"}]},{"@type":"WebSite","@id":"https:\/\/tupique.com\/#website","url":"https:\/\/tupique.com\/","name":"Tupique","description":"","publisher":{"@id":"https:\/\/tupique.com\/#organization"},"potentialAction":[{"@type":"SearchAction","target":{"@type":"EntryPoint","urlTemplate":"https:\/\/tupique.com\/?s={search_term_string}"},"query-input":{"@type":"PropertyValueSpecification","valueRequired":true,"valueName":"search_term_string"}}],"inLanguage":"pt-PT"},{"@type":"Organization","@id":"https:\/\/tupique.com\/#organization","name":"Tupique","url":"https:\/\/tupique.com\/","logo":{"@type":"ImageObject","inLanguage":"pt-PT","@id":"https:\/\/tupique.com\/#\/schema\/logo\/image\/","url":"https:\/\/tupique.com\/wp-content\/uploads\/2026\/03\/logo-tupique-1.webp","contentUrl":"https:\/\/tupique.com\/wp-content\/uploads\/2026\/03\/logo-tupique-1.webp","width":500,"height":67,"caption":"Tupique"},"image":{"@id":"https:\/\/tupique.com\/#\/schema\/logo\/image\/"}}]}},"_links":{"self":[{"href":"https:\/\/tupique.com\/pt\/wp-json\/wp\/v2\/product\/200888","targetHints":{"allow":["GET"]}}],"collection":[{"href":"https:\/\/tupique.com\/pt\/wp-json\/wp\/v2\/product"}],"about":[{"href":"https:\/\/tupique.com\/pt\/wp-json\/wp\/v2\/types\/product"}],"replies":[{"embeddable":true,"href":"https:\/\/tupique.com\/pt\/wp-json\/wp\/v2\/comments?post=200888"}],"wp:featuredmedia":[{"embeddable":true,"href":"https:\/\/tupique.com\/pt\/wp-json\/wp\/v2\/media\/200882"}],"wp:attachment":[{"href":"https:\/\/tupique.com\/pt\/wp-json\/wp\/v2\/media?parent=200888"}],"wp:term":[{"taxonomy":"product_brand","embeddable":true,"href":"https:\/\/tupique.com\/pt\/wp-json\/wp\/v2\/product_brand?post=200888"},{"taxonomy":"product_cat","embeddable":true,"href":"https:\/\/tupique.com\/pt\/wp-json\/wp\/v2\/product_cat?post=200888"},{"taxonomy":"product_tag","embeddable":true,"href":"https:\/\/tupique.com\/pt\/wp-json\/wp\/v2\/product_tag?post=200888"},{"taxonomy":"woo-feed-brand","embeddable":true,"href":"https:\/\/tupique.com\/pt\/wp-json\/wp\/v2\/woo-feed-brand?post=200888"}],"curies":[{"name":"wp","href":"https:\/\/api.w.org\/{rel}","templated":true}]}}