{"id":202458,"date":"2026-05-12T14:30:08","date_gmt":"2026-05-12T12:30:08","guid":{"rendered":"https:\/\/tupique.com\/product\/monture-de-lunettes-unisexe-funky-buddha-fbd1053-54005\/"},"modified":"2026-05-12T14:30:08","modified_gmt":"2026-05-12T12:30:08","slug":"monture-de-lunettes-unisexe-funky-buddha-fbd1053-54005","status":"publish","type":"product","link":"https:\/\/tupique.com\/pt\/product\/monture-de-lunettes-unisexe-funky-buddha-fbd1053-54005\/","title":{"rendered":"Monture de Lunettes Unisexe Funky Buddha FBD1053 54005"},"content":{"rendered":"<p>Si vous envisagez de renouveler votre garde-robe, achetez <b>Monture de Lunettes Unisexe Funky Buddha FBD1053 54005<\/b> et d\u2019autres<b>produits Funky Buddha<\/b>! La meilleure qualit\u00e9 au meilleur prix est \u00e0 votre port\u00e9e!<\/p>\n<p>A <b>monture de lunettes Funky Buddha FBD1053 54005<\/b> est un accessoire con\u00e7u pour offrir un style polyvalent et fonctionnel aussi bien aux hommes qu\u2019aux femmes, adapt\u00e9 \u00e0 ceux qui recherchent un produit unisexe alliant design contemporain et praticit\u00e9. Cette <b>monture<\/b> se distingue par sa structure l\u00e9g\u00e8re et r\u00e9sistante, pens\u00e9e pour s\u2019adapter confortablement \u00e0 diff\u00e9rents types de visage gr\u00e2ce \u00e0 sa forme soigneusement \u00e9quilibr\u00e9e. Bien qu\u2019elle soit initialement pr\u00e9sent\u00e9e sans verres correcteurs, son design est pr\u00eat \u00e0 accueillir des lentilles optiques, ce qui en fait une base id\u00e9ale pour des lunettes de vue ou d\u2019usage courant. Sa finition et les mat\u00e9riaux utilis\u00e9s refl\u00e8tent une qualit\u00e9 qui cherche \u00e0 \u00e9quilibrer esth\u00e9tique moderne et durabilit\u00e9, faisant de cette monture un choix adapt\u00e9 \u00e0 un usage quotidien et \u00e0 ceux qui appr\u00e9cient la personnalisation ult\u00e9rieure avec des verres sp\u00e9cifiques. La <b>Funky Buddha FBD1053 54005<\/b> se positionne dans le segment des montures urbaines et contemporaines, apportant une touche sobre et adaptable qui s\u2019int\u00e8gre parfaitement \u00e0 tout style ou contexte social. En r\u00e9sum\u00e9, c\u2019est une monture de lunettes pratique et polyvalente, qui facilite un port prolong\u00e9 et permet une mise \u00e0 jour ais\u00e9e avec des verres personnalis\u00e9s pour r\u00e9pondre \u00e0 diff\u00e9rents besoins visuels.<\/p>\n<ul>\n<li>Tipo:\n<ul>\n<li>Monture<\/li>\n<li>Monture de Lunettes<\/li>\n<\/ul>\n<\/li>\n<li>Genre: Unisexe<\/li>\n<li>Caract\u00e9ristiques: Verres sans graduation<\/li>\n<li>Type de verre: Lentilles sans ordonnance<\/li>\n<\/ul>","protected":false},"excerpt":{"rendered":"<p>Si vous envisagez de renouveler votre garde-robe, achetez Monture de Lunettes Unisexe Funky Buddha FBD1053 54005 et d\u2019autresproduits Funky Buddha! La meilleure qualit\u00e9 au meilleur prix est \u00e0 votre port\u00e9e! La monture de lunettes Funky Buddha FBD1053 54005 est un accessoire con\u00e7u pour offrir un style polyvalent et fonctionnel aussi bien aux hommes qu\u2019aux femmes, [&hellip;]<\/p>\n","protected":false},"featured_media":202455,"comment_status":"open","ping_status":"closed","template":"","meta":[],"product_brand":[2976],"product_cat":[776,777,752],"product_tag":[723],"woo-feed-brand":[],"class_list":{"0":"post-202458","1":"product","2":"type-product","3":"status-publish","4":"has-post-thumbnail","6":"product_brand-brandp_10469","7":"product_cat-detente-et-bien-etre","8":"product_cat-lunettes-de-lecture-et-lunettes-loupes","9":"product_cat-sante-beaute","10":"product_tag-tag_1273","12":"first","13":"instock","14":"taxable","15":"shipping-taxable","16":"purchasable","17":"product-type-simple"},"yoast_head":"<!-- This site is optimized with the Yoast SEO plugin v27.6 - https:\/\/yoast.com\/product\/yoast-seo-wordpress\/ -->\n<title>Monture de Lunettes Unisexe Funky Buddha FBD1053 54005 | | Tupique<\/title>\n<meta name=\"description\" content=\"Envie d&#039;acheter Monture de Lunettes Unisexe Funky Buddha FBD1053 54005\u00a0? Achetez Monture de Lunettes Unisexe Funky Buddha FBD1053 54005 maintenant avec Tupique en 3 versements sans int\u00e9r\u00eat.\" \/>\n<meta name=\"robots\" content=\"index, follow, max-snippet:-1, max-image-preview:large, max-video-preview:-1\" \/>\n<link rel=\"canonical\" href=\"https:\/\/tupique.com\/pt\/product\/monture-de-lunettes-unisexe-funky-buddha-fbd1053-54005\/\" \/>\n<meta property=\"og:locale\" content=\"pt_PT\" \/>\n<meta property=\"og:type\" content=\"article\" \/>\n<meta property=\"og:title\" content=\"Monture de Lunettes Unisexe Funky Buddha FBD1053 54005 | | Tupique\" \/>\n<meta property=\"og:description\" content=\"Envie d&#039;acheter Monture de Lunettes Unisexe Funky Buddha FBD1053 54005\u00a0? Achetez Monture de Lunettes Unisexe Funky Buddha FBD1053 54005 maintenant avec Tupique en 3 versements sans int\u00e9r\u00eat.\" \/>\n<meta property=\"og:url\" content=\"https:\/\/tupique.com\/pt\/product\/monture-de-lunettes-unisexe-funky-buddha-fbd1053-54005\/\" \/>\n<meta property=\"og:site_name\" content=\"Tupique\" \/>\n<meta name=\"twitter:card\" content=\"summary_large_image\" \/>\n<meta name=\"twitter:label1\" content=\"Tempo estimado de leitura\" \/>\n\t<meta name=\"twitter:data1\" content=\"1 minuto\" \/>\n<script type=\"application\/ld+json\" class=\"yoast-schema-graph\">{\"@context\":\"https:\\\/\\\/schema.org\",\"@graph\":[{\"@type\":\"WebPage\",\"@id\":\"https:\\\/\\\/tupique.com\\\/product\\\/monture-de-lunettes-unisexe-funky-buddha-fbd1053-54005\\\/\",\"url\":\"https:\\\/\\\/tupique.com\\\/product\\\/monture-de-lunettes-unisexe-funky-buddha-fbd1053-54005\\\/\",\"name\":\"Monture de Lunettes Unisexe Funky Buddha FBD1053 54005 | | Tupique\",\"isPartOf\":{\"@id\":\"https:\\\/\\\/tupique.com\\\/#website\"},\"primaryImageOfPage\":{\"@id\":\"https:\\\/\\\/tupique.com\\\/product\\\/monture-de-lunettes-unisexe-funky-buddha-fbd1053-54005\\\/#primaryimage\"},\"image\":{\"@id\":\"https:\\\/\\\/tupique.com\\\/product\\\/monture-de-lunettes-unisexe-funky-buddha-fbd1053-54005\\\/#primaryimage\"},\"thumbnailUrl\":\"https:\\\/\\\/tupique.com\\\/wp-content\\\/uploads\\\/2026\\\/05\\\/5212041923421_S72124765_P00.jpg\",\"datePublished\":\"2026-05-12T12:30:08+00:00\",\"description\":\"Envie d'acheter Monture de Lunettes Unisexe Funky Buddha FBD1053 54005\u00a0? Achetez Monture de Lunettes Unisexe Funky Buddha FBD1053 54005 maintenant avec Tupique en 3 versements sans int\u00e9r\u00eat.\",\"breadcrumb\":{\"@id\":\"https:\\\/\\\/tupique.com\\\/product\\\/monture-de-lunettes-unisexe-funky-buddha-fbd1053-54005\\\/#breadcrumb\"},\"inLanguage\":\"pt-PT\",\"potentialAction\":[{\"@type\":\"ReadAction\",\"target\":[\"https:\\\/\\\/tupique.com\\\/product\\\/monture-de-lunettes-unisexe-funky-buddha-fbd1053-54005\\\/\"]}]},{\"@type\":\"ImageObject\",\"inLanguage\":\"pt-PT\",\"@id\":\"https:\\\/\\\/tupique.com\\\/product\\\/monture-de-lunettes-unisexe-funky-buddha-fbd1053-54005\\\/#primaryimage\",\"url\":\"https:\\\/\\\/tupique.com\\\/wp-content\\\/uploads\\\/2026\\\/05\\\/5212041923421_S72124765_P00.jpg\",\"contentUrl\":\"https:\\\/\\\/tupique.com\\\/wp-content\\\/uploads\\\/2026\\\/05\\\/5212041923421_S72124765_P00.jpg\",\"width\":1200,\"height\":1200,\"caption\":\"S72124765_0\"},{\"@type\":\"BreadcrumbList\",\"@id\":\"https:\\\/\\\/tupique.com\\\/product\\\/monture-de-lunettes-unisexe-funky-buddha-fbd1053-54005\\\/#breadcrumb\",\"itemListElement\":[{\"@type\":\"ListItem\",\"position\":1,\"name\":\"commencer\",\"item\":\"https:\\\/\\\/tupique.com\\\/\"},{\"@type\":\"ListItem\",\"position\":2,\"name\":\"Loja\",\"item\":\"https:\\\/\\\/tupique.com\\\/pt\\\/loja\\\/\"},{\"@type\":\"ListItem\",\"position\":3,\"name\":\"Monture de Lunettes Unisexe Funky Buddha FBD1053 54005\"}]},{\"@type\":\"WebSite\",\"@id\":\"https:\\\/\\\/tupique.com\\\/#website\",\"url\":\"https:\\\/\\\/tupique.com\\\/\",\"name\":\"Tupique\",\"description\":\"\",\"publisher\":{\"@id\":\"https:\\\/\\\/tupique.com\\\/#organization\"},\"potentialAction\":[{\"@type\":\"SearchAction\",\"target\":{\"@type\":\"EntryPoint\",\"urlTemplate\":\"https:\\\/\\\/tupique.com\\\/?s={search_term_string}\"},\"query-input\":{\"@type\":\"PropertyValueSpecification\",\"valueRequired\":true,\"valueName\":\"search_term_string\"}}],\"inLanguage\":\"pt-PT\"},{\"@type\":\"Organization\",\"@id\":\"https:\\\/\\\/tupique.com\\\/#organization\",\"name\":\"Tupique\",\"url\":\"https:\\\/\\\/tupique.com\\\/\",\"logo\":{\"@type\":\"ImageObject\",\"inLanguage\":\"pt-PT\",\"@id\":\"https:\\\/\\\/tupique.com\\\/#\\\/schema\\\/logo\\\/image\\\/\",\"url\":\"https:\\\/\\\/tupique.com\\\/wp-content\\\/uploads\\\/2026\\\/03\\\/logo-tupique-1.webp\",\"contentUrl\":\"https:\\\/\\\/tupique.com\\\/wp-content\\\/uploads\\\/2026\\\/03\\\/logo-tupique-1.webp\",\"width\":500,\"height\":67,\"caption\":\"Tupique\"},\"image\":{\"@id\":\"https:\\\/\\\/tupique.com\\\/#\\\/schema\\\/logo\\\/image\\\/\"}}]}<\/script>\n<!-- \/ Yoast SEO plugin. -->","yoast_head_json":{"title":"Monture de Lunettes Unisexe Funky Buddha FBD1053 54005 | | Tupique","description":"Envie d'acheter Monture de Lunettes Unisexe Funky Buddha FBD1053 54005\u00a0? Achetez Monture de Lunettes Unisexe Funky Buddha FBD1053 54005 maintenant avec Tupique en 3 versements sans int\u00e9r\u00eat.","robots":{"index":"index","follow":"follow","max-snippet":"max-snippet:-1","max-image-preview":"max-image-preview:large","max-video-preview":"max-video-preview:-1"},"canonical":"https:\/\/tupique.com\/pt\/product\/monture-de-lunettes-unisexe-funky-buddha-fbd1053-54005\/","og_locale":"pt_PT","og_type":"article","og_title":"Monture de Lunettes Unisexe Funky Buddha FBD1053 54005 | | Tupique","og_description":"Envie d'acheter Monture de Lunettes Unisexe Funky Buddha FBD1053 54005\u00a0? Achetez Monture de Lunettes Unisexe Funky Buddha FBD1053 54005 maintenant avec Tupique en 3 versements sans int\u00e9r\u00eat.","og_url":"https:\/\/tupique.com\/pt\/product\/monture-de-lunettes-unisexe-funky-buddha-fbd1053-54005\/","og_site_name":"Tupique","twitter_card":"summary_large_image","twitter_misc":{"Tempo estimado de leitura":"1 minuto"},"schema":{"@context":"https:\/\/schema.org","@graph":[{"@type":"WebPage","@id":"https:\/\/tupique.com\/product\/monture-de-lunettes-unisexe-funky-buddha-fbd1053-54005\/","url":"https:\/\/tupique.com\/product\/monture-de-lunettes-unisexe-funky-buddha-fbd1053-54005\/","name":"Monture de Lunettes Unisexe Funky Buddha FBD1053 54005 | | Tupique","isPartOf":{"@id":"https:\/\/tupique.com\/#website"},"primaryImageOfPage":{"@id":"https:\/\/tupique.com\/product\/monture-de-lunettes-unisexe-funky-buddha-fbd1053-54005\/#primaryimage"},"image":{"@id":"https:\/\/tupique.com\/product\/monture-de-lunettes-unisexe-funky-buddha-fbd1053-54005\/#primaryimage"},"thumbnailUrl":"https:\/\/tupique.com\/wp-content\/uploads\/2026\/05\/5212041923421_S72124765_P00.jpg","datePublished":"2026-05-12T12:30:08+00:00","description":"Envie d'acheter Monture de Lunettes Unisexe Funky Buddha FBD1053 54005\u00a0? Achetez Monture de Lunettes Unisexe Funky Buddha FBD1053 54005 maintenant avec Tupique en 3 versements sans int\u00e9r\u00eat.","breadcrumb":{"@id":"https:\/\/tupique.com\/product\/monture-de-lunettes-unisexe-funky-buddha-fbd1053-54005\/#breadcrumb"},"inLanguage":"pt-PT","potentialAction":[{"@type":"ReadAction","target":["https:\/\/tupique.com\/product\/monture-de-lunettes-unisexe-funky-buddha-fbd1053-54005\/"]}]},{"@type":"ImageObject","inLanguage":"pt-PT","@id":"https:\/\/tupique.com\/product\/monture-de-lunettes-unisexe-funky-buddha-fbd1053-54005\/#primaryimage","url":"https:\/\/tupique.com\/wp-content\/uploads\/2026\/05\/5212041923421_S72124765_P00.jpg","contentUrl":"https:\/\/tupique.com\/wp-content\/uploads\/2026\/05\/5212041923421_S72124765_P00.jpg","width":1200,"height":1200,"caption":"S72124765_0"},{"@type":"BreadcrumbList","@id":"https:\/\/tupique.com\/product\/monture-de-lunettes-unisexe-funky-buddha-fbd1053-54005\/#breadcrumb","itemListElement":[{"@type":"ListItem","position":1,"name":"commencer","item":"https:\/\/tupique.com\/"},{"@type":"ListItem","position":2,"name":"Loja","item":"https:\/\/tupique.com\/pt\/loja\/"},{"@type":"ListItem","position":3,"name":"Monture de Lunettes Unisexe Funky Buddha FBD1053 54005"}]},{"@type":"WebSite","@id":"https:\/\/tupique.com\/#website","url":"https:\/\/tupique.com\/","name":"Tupique","description":"","publisher":{"@id":"https:\/\/tupique.com\/#organization"},"potentialAction":[{"@type":"SearchAction","target":{"@type":"EntryPoint","urlTemplate":"https:\/\/tupique.com\/?s={search_term_string}"},"query-input":{"@type":"PropertyValueSpecification","valueRequired":true,"valueName":"search_term_string"}}],"inLanguage":"pt-PT"},{"@type":"Organization","@id":"https:\/\/tupique.com\/#organization","name":"Tupique","url":"https:\/\/tupique.com\/","logo":{"@type":"ImageObject","inLanguage":"pt-PT","@id":"https:\/\/tupique.com\/#\/schema\/logo\/image\/","url":"https:\/\/tupique.com\/wp-content\/uploads\/2026\/03\/logo-tupique-1.webp","contentUrl":"https:\/\/tupique.com\/wp-content\/uploads\/2026\/03\/logo-tupique-1.webp","width":500,"height":67,"caption":"Tupique"},"image":{"@id":"https:\/\/tupique.com\/#\/schema\/logo\/image\/"}}]}},"_links":{"self":[{"href":"https:\/\/tupique.com\/pt\/wp-json\/wp\/v2\/product\/202458","targetHints":{"allow":["GET"]}}],"collection":[{"href":"https:\/\/tupique.com\/pt\/wp-json\/wp\/v2\/product"}],"about":[{"href":"https:\/\/tupique.com\/pt\/wp-json\/wp\/v2\/types\/product"}],"replies":[{"embeddable":true,"href":"https:\/\/tupique.com\/pt\/wp-json\/wp\/v2\/comments?post=202458"}],"wp:featuredmedia":[{"embeddable":true,"href":"https:\/\/tupique.com\/pt\/wp-json\/wp\/v2\/media\/202455"}],"wp:attachment":[{"href":"https:\/\/tupique.com\/pt\/wp-json\/wp\/v2\/media?parent=202458"}],"wp:term":[{"taxonomy":"product_brand","embeddable":true,"href":"https:\/\/tupique.com\/pt\/wp-json\/wp\/v2\/product_brand?post=202458"},{"taxonomy":"product_cat","embeddable":true,"href":"https:\/\/tupique.com\/pt\/wp-json\/wp\/v2\/product_cat?post=202458"},{"taxonomy":"product_tag","embeddable":true,"href":"https:\/\/tupique.com\/pt\/wp-json\/wp\/v2\/product_tag?post=202458"},{"taxonomy":"woo-feed-brand","embeddable":true,"href":"https:\/\/tupique.com\/pt\/wp-json\/wp\/v2\/woo-feed-brand?post=202458"}],"curies":[{"name":"wp","href":"https:\/\/api.w.org\/{rel}","templated":true}]}}