{"id":202743,"date":"2026-05-12T14:48:14","date_gmt":"2026-05-12T12:48:14","guid":{"rendered":"https:\/\/tupique.com\/product\/nettoyeur-vapeur-a-main-9-en-1-avec-accessoires-steany-innovagoods-035-l-3-bar-1000w\/"},"modified":"2026-05-15T15:06:31","modified_gmt":"2026-05-15T13:06:31","slug":"nettoyeur-vapeur-a-main-9-en-1-avec-accessoires-steany-innovagoods-035-l-3-bar-1000w","status":"publish","type":"product","link":"https:\/\/tupique.com\/pt\/product\/nettoyeur-vapeur-a-main-9-en-1-avec-accessoires-steany-innovagoods-035-l-3-bar-1000w\/","title":{"rendered":"Nettoyeur Vapeur \u00e0 Main 9 en 1 avec Accessoires Steany InnovaGoods 0,35 L 3 Bar 1000W"},"content":{"rendered":"<div class=\"col-md-6\"><b>InnovaGoods<\/b> vous offre les meilleures nouveaut\u00e9s pour la maison, comme <b>Nettoyeur Vapeur \u00e0 Main 9 en 1 avec Accessoires Steany InnovaGoods 0,35 L 3 Bar 1000W <\/b> ! D\u00e9couvrez une vaste gamme de produits de qualit\u00e9 qui se d\u00e9marquent de par leur fonctionnalit\u00e9, leur efficacit\u00e9 et leur design innovant : \u00e9clairage, organisation, d\u00e9coration, climatisation, jardin, animaux domestiques, nettoyage, etc.<\/p>\n<p>Un nettoyeur vapeur polyvalent qui comprend 9 accessoires pour un nettoyage complet facile et en profondeur. Gr\u00e2ce \u00e0 sa conception compacte, il est tr\u00e8s confortable et facile \u00e0 utiliser. Il nettoie et d\u00e9sinfecte gr\u00e2ce \u00e0 la pression de la vapeur chaude, sans aucun produit chimique, \u00e9liminant efficacement la graisse, la moisissure et les taches. Id\u00e9al pour une utilisation dans les salles de bains, les cuisines, les voitures, etc. Il permet de nettoyer les surfaces dures (carrelage, sols, \u00e9viers, plans de travail, portes, fen\u00eatres, etc.) et les surfaces souples (tapis, lits, matelas, couettes, canap\u00e9s, tissus d&#8217;ameublement, etc.) Il permet \u00e9galement d&#8217;\u00e9liminer en douceur les plis des rideaux. Il chauffe rapidement (3-5 min) et a une autonomie de production de vapeur de 15-20 min.<\/p>\n<ul>\n<li>Mat\u00e9riel: polypropyl\u00e8ne<\/li>\n<li>Couleur:\n<ul>\n<li>Blanc<\/li>\n<li>Vert<\/li>\n<li>Noir<\/li>\n<\/ul>\n<\/li>\n<li>Type: Nettoyeur vapeur Vaporeta<\/li>\n<li>Capacit\u00e9: 350 ml<\/li>\n<li>Caract\u00e9ristiques: Bouton et couvercle de s\u00e9curit\u00e9<\/li>\n<li>Antibact\u00e9rien: \u00e9limine 99,99 % des bact\u00e9ries courantes<\/li>\n<li>\u00c9co-responsable: Inodore et sans produits chimiques<\/li>\n<li>Taille r\u00e9duite et compacte: Facile \u00e0 transporter et \u00e0 ranger<\/li>\n<li>Ensemble d&#8217;accessoires:\n<ul>\n<li>Buse longue<\/li>\n<li>Buse \u00e0 jet fin<\/li>\n<li>Buse pour grandes surfaces<\/li>\n<li>Accessoire pour grande buse<\/li>\n<li>Buse avec brosse ronde<\/li>\n<li>Tuyau de rallonge flexible<\/li>\n<li>Tissu<\/li>\n<li>Entonnoir<\/li>\n<li>Conteneur gradu\u00e9<\/li>\n<\/ul>\n<\/li>\n<li>Classification IP: IPX4<\/li>\n<li>Temps de chauffage environ.: 3-5 min<\/li>\n<li>Autonomie approx.: 15-20 minutes<\/li>\n<li>Pression de vapeur: 3 BAR<\/li>\n<li>Type de prise: E<\/li>\n<li>C\u00e2ble extra long: 2,8 m<\/li>\n<li>puissance: 1000 W<\/li>\n<li>AC In: 220-240 V \/ 50-60 Hz<\/li>\n<li>Dimensions approx.: 29 x 13 x 23 cm<\/li>\n<\/ul>\n<p>Packaging et manuel en 24 langues: anglais, fran\u00e7ais, espagnol, allemand, italien, portugais, n\u00e9erlandais, polonais, hongrois, roumain, danois, su\u00e9dois, finnois, lituanien, norv\u00e9gien, slov\u00e8ne, grec, tch\u00e8que, bulgare, croate, slovaque, estonien, russe, letton.<\/p><\/div>\n<div class=\"col-md-6\">\n<div class=\"embed-responsive embed-responsive-16by9\"><\/div>\n<\/div>","protected":false},"excerpt":{"rendered":"<p><span class=\"unit-info\">12.8543 &euro; \/ 100 ml<\/span><\/p>","protected":false},"featured_media":223298,"comment_status":"open","ping_status":"closed","template":"","meta":[],"product_brand":[256],"product_cat":[63,64,1797,239,741,240,1796],"product_tag":[210],"woo-feed-brand":[],"class_list":{"0":"post-202743","1":"product","2":"type-product","3":"status-publish","4":"has-post-thumbnail","6":"product_brand-brandp_1281","7":"product_cat-cadeaux-originaux","8":"product_cat-cadeaux-pour-la-maison","9":"product_cat-idees-pour-la-maison","10":"product_cat-maison-jardin","11":"product_cat-nettoyage-a-la-vapeur","12":"product_cat-nettoyage-aspirateur-et-repassage","13":"product_cat-teleachat-vu-a-la-television","14":"product_tag-tag_25","16":"first","17":"instock","18":"taxable","19":"shipping-taxable","20":"purchasable","21":"product-type-simple"},"yoast_head":"<!-- This site is optimized with the Yoast SEO plugin v27.6 - https:\/\/yoast.com\/product\/yoast-seo-wordpress\/ -->\n<title>Nettoyeur Vapeur \u00e0 Main 9 en 1 avec Accessoires Steany InnovaGoods 0,35 L 3 Bar 1000W | | Tupique<\/title>\n<meta name=\"description\" content=\"Envie d&#039;acheter Nettoyeur Vapeur \u00e0 Main 9 en 1 avec Accessoires Steany InnovaGoods 0,35 L 3 Bar 1000W\u00a0? Achetez Nettoyeur Vapeur \u00e0 Main 9 en 1 avec Accessoires Steany InnovaGoods 0,35 L 3 Bar 1000W maintenant avec Tupique en 3 versements sans int\u00e9r\u00eat.\" \/>\n<meta name=\"robots\" content=\"index, follow, max-snippet:-1, max-image-preview:large, max-video-preview:-1\" \/>\n<link rel=\"canonical\" href=\"https:\/\/tupique.com\/pt\/product\/nettoyeur-vapeur-a-main-9-en-1-avec-accessoires-steany-innovagoods-035-l-3-bar-1000w\/\" \/>\n<meta property=\"og:locale\" content=\"pt_PT\" \/>\n<meta property=\"og:type\" content=\"article\" \/>\n<meta property=\"og:title\" content=\"Nettoyeur Vapeur \u00e0 Main 9 en 1 avec Accessoires Steany InnovaGoods 0,35 L 3 Bar 1000W | | Tupique\" \/>\n<meta property=\"og:description\" content=\"Envie d&#039;acheter Nettoyeur Vapeur \u00e0 Main 9 en 1 avec Accessoires Steany InnovaGoods 0,35 L 3 Bar 1000W\u00a0? Achetez Nettoyeur Vapeur \u00e0 Main 9 en 1 avec Accessoires Steany InnovaGoods 0,35 L 3 Bar 1000W maintenant avec Tupique en 3 versements sans int\u00e9r\u00eat.\" \/>\n<meta property=\"og:url\" content=\"https:\/\/tupique.com\/pt\/product\/nettoyeur-vapeur-a-main-9-en-1-avec-accessoires-steany-innovagoods-035-l-3-bar-1000w\/\" \/>\n<meta property=\"og:site_name\" content=\"Tupique\" \/>\n<meta property=\"article:modified_time\" content=\"2026-05-15T13:06:31+00:00\" \/>\n<meta name=\"twitter:card\" content=\"summary_large_image\" \/>\n<meta name=\"twitter:label1\" content=\"Tempo estimado de leitura\" \/>\n\t<meta name=\"twitter:data1\" content=\"2 minutos\" \/>\n<script type=\"application\/ld+json\" class=\"yoast-schema-graph\">{\"@context\":\"https:\\\/\\\/schema.org\",\"@graph\":[{\"@type\":\"WebPage\",\"@id\":\"https:\\\/\\\/tupique.com\\\/product\\\/nettoyeur-vapeur-a-main-9-en-1-avec-accessoires-steany-innovagoods-035-l-3-bar-1000w\\\/\",\"url\":\"https:\\\/\\\/tupique.com\\\/product\\\/nettoyeur-vapeur-a-main-9-en-1-avec-accessoires-steany-innovagoods-035-l-3-bar-1000w\\\/\",\"name\":\"Nettoyeur Vapeur \u00e0 Main 9 en 1 avec Accessoires Steany InnovaGoods 0,35 L 3 Bar 1000W | | Tupique\",\"isPartOf\":{\"@id\":\"https:\\\/\\\/tupique.com\\\/#website\"},\"primaryImageOfPage\":{\"@id\":\"https:\\\/\\\/tupique.com\\\/product\\\/nettoyeur-vapeur-a-main-9-en-1-avec-accessoires-steany-innovagoods-035-l-3-bar-1000w\\\/#primaryimage\"},\"image\":{\"@id\":\"https:\\\/\\\/tupique.com\\\/product\\\/nettoyeur-vapeur-a-main-9-en-1-avec-accessoires-steany-innovagoods-035-l-3-bar-1000w\\\/#primaryimage\"},\"thumbnailUrl\":\"https:\\\/\\\/tupique.com\\\/wp-content\\\/uploads\\\/2026\\\/05\\\/V0103132_000_MKT4.jpg\",\"datePublished\":\"2026-05-12T12:48:14+00:00\",\"dateModified\":\"2026-05-15T13:06:31+00:00\",\"description\":\"Envie d'acheter Nettoyeur Vapeur \u00e0 Main 9 en 1 avec Accessoires Steany InnovaGoods 0,35 L 3 Bar 1000W\u00a0? Achetez Nettoyeur Vapeur \u00e0 Main 9 en 1 avec Accessoires Steany InnovaGoods 0,35 L 3 Bar 1000W maintenant avec Tupique en 3 versements sans int\u00e9r\u00eat.\",\"breadcrumb\":{\"@id\":\"https:\\\/\\\/tupique.com\\\/product\\\/nettoyeur-vapeur-a-main-9-en-1-avec-accessoires-steany-innovagoods-035-l-3-bar-1000w\\\/#breadcrumb\"},\"inLanguage\":\"pt-PT\",\"potentialAction\":[{\"@type\":\"ReadAction\",\"target\":[\"https:\\\/\\\/tupique.com\\\/product\\\/nettoyeur-vapeur-a-main-9-en-1-avec-accessoires-steany-innovagoods-035-l-3-bar-1000w\\\/\"]}]},{\"@type\":\"ImageObject\",\"inLanguage\":\"pt-PT\",\"@id\":\"https:\\\/\\\/tupique.com\\\/product\\\/nettoyeur-vapeur-a-main-9-en-1-avec-accessoires-steany-innovagoods-035-l-3-bar-1000w\\\/#primaryimage\",\"url\":\"https:\\\/\\\/tupique.com\\\/wp-content\\\/uploads\\\/2026\\\/05\\\/V0103132_000_MKT4.jpg\",\"contentUrl\":\"https:\\\/\\\/tupique.com\\\/wp-content\\\/uploads\\\/2026\\\/05\\\/V0103132_000_MKT4.jpg\",\"width\":1200,\"height\":1200,\"caption\":\"V0103132_0\"},{\"@type\":\"BreadcrumbList\",\"@id\":\"https:\\\/\\\/tupique.com\\\/product\\\/nettoyeur-vapeur-a-main-9-en-1-avec-accessoires-steany-innovagoods-035-l-3-bar-1000w\\\/#breadcrumb\",\"itemListElement\":[{\"@type\":\"ListItem\",\"position\":1,\"name\":\"commencer\",\"item\":\"https:\\\/\\\/tupique.com\\\/\"},{\"@type\":\"ListItem\",\"position\":2,\"name\":\"Loja\",\"item\":\"https:\\\/\\\/tupique.com\\\/pt\\\/loja\\\/\"},{\"@type\":\"ListItem\",\"position\":3,\"name\":\"Nettoyeur Vapeur \u00e0 Main 9 en 1 avec Accessoires Steany InnovaGoods 0,35 L 3 Bar 1000W\"}]},{\"@type\":\"WebSite\",\"@id\":\"https:\\\/\\\/tupique.com\\\/#website\",\"url\":\"https:\\\/\\\/tupique.com\\\/\",\"name\":\"Tupique\",\"description\":\"\",\"publisher\":{\"@id\":\"https:\\\/\\\/tupique.com\\\/#organization\"},\"potentialAction\":[{\"@type\":\"SearchAction\",\"target\":{\"@type\":\"EntryPoint\",\"urlTemplate\":\"https:\\\/\\\/tupique.com\\\/?s={search_term_string}\"},\"query-input\":{\"@type\":\"PropertyValueSpecification\",\"valueRequired\":true,\"valueName\":\"search_term_string\"}}],\"inLanguage\":\"pt-PT\"},{\"@type\":\"Organization\",\"@id\":\"https:\\\/\\\/tupique.com\\\/#organization\",\"name\":\"Tupique\",\"url\":\"https:\\\/\\\/tupique.com\\\/\",\"logo\":{\"@type\":\"ImageObject\",\"inLanguage\":\"pt-PT\",\"@id\":\"https:\\\/\\\/tupique.com\\\/#\\\/schema\\\/logo\\\/image\\\/\",\"url\":\"https:\\\/\\\/tupique.com\\\/wp-content\\\/uploads\\\/2026\\\/03\\\/logo-tupique-1.webp\",\"contentUrl\":\"https:\\\/\\\/tupique.com\\\/wp-content\\\/uploads\\\/2026\\\/03\\\/logo-tupique-1.webp\",\"width\":500,\"height\":67,\"caption\":\"Tupique\"},\"image\":{\"@id\":\"https:\\\/\\\/tupique.com\\\/#\\\/schema\\\/logo\\\/image\\\/\"}}]}<\/script>\n<!-- \/ Yoast SEO plugin. -->","yoast_head_json":{"title":"Nettoyeur Vapeur \u00e0 Main 9 en 1 avec Accessoires Steany InnovaGoods 0,35 L 3 Bar 1000W | | Tupique","description":"Envie d'acheter Nettoyeur Vapeur \u00e0 Main 9 en 1 avec Accessoires Steany InnovaGoods 0,35 L 3 Bar 1000W\u00a0? Achetez Nettoyeur Vapeur \u00e0 Main 9 en 1 avec Accessoires Steany InnovaGoods 0,35 L 3 Bar 1000W maintenant avec Tupique en 3 versements sans int\u00e9r\u00eat.","robots":{"index":"index","follow":"follow","max-snippet":"max-snippet:-1","max-image-preview":"max-image-preview:large","max-video-preview":"max-video-preview:-1"},"canonical":"https:\/\/tupique.com\/pt\/product\/nettoyeur-vapeur-a-main-9-en-1-avec-accessoires-steany-innovagoods-035-l-3-bar-1000w\/","og_locale":"pt_PT","og_type":"article","og_title":"Nettoyeur Vapeur \u00e0 Main 9 en 1 avec Accessoires Steany InnovaGoods 0,35 L 3 Bar 1000W | | Tupique","og_description":"Envie d'acheter Nettoyeur Vapeur \u00e0 Main 9 en 1 avec Accessoires Steany InnovaGoods 0,35 L 3 Bar 1000W\u00a0? Achetez Nettoyeur Vapeur \u00e0 Main 9 en 1 avec Accessoires Steany InnovaGoods 0,35 L 3 Bar 1000W maintenant avec Tupique en 3 versements sans int\u00e9r\u00eat.","og_url":"https:\/\/tupique.com\/pt\/product\/nettoyeur-vapeur-a-main-9-en-1-avec-accessoires-steany-innovagoods-035-l-3-bar-1000w\/","og_site_name":"Tupique","article_modified_time":"2026-05-15T13:06:31+00:00","twitter_card":"summary_large_image","twitter_misc":{"Tempo estimado de leitura":"2 minutos"},"schema":{"@context":"https:\/\/schema.org","@graph":[{"@type":"WebPage","@id":"https:\/\/tupique.com\/product\/nettoyeur-vapeur-a-main-9-en-1-avec-accessoires-steany-innovagoods-035-l-3-bar-1000w\/","url":"https:\/\/tupique.com\/product\/nettoyeur-vapeur-a-main-9-en-1-avec-accessoires-steany-innovagoods-035-l-3-bar-1000w\/","name":"Nettoyeur Vapeur \u00e0 Main 9 en 1 avec Accessoires Steany InnovaGoods 0,35 L 3 Bar 1000W | | Tupique","isPartOf":{"@id":"https:\/\/tupique.com\/#website"},"primaryImageOfPage":{"@id":"https:\/\/tupique.com\/product\/nettoyeur-vapeur-a-main-9-en-1-avec-accessoires-steany-innovagoods-035-l-3-bar-1000w\/#primaryimage"},"image":{"@id":"https:\/\/tupique.com\/product\/nettoyeur-vapeur-a-main-9-en-1-avec-accessoires-steany-innovagoods-035-l-3-bar-1000w\/#primaryimage"},"thumbnailUrl":"https:\/\/tupique.com\/wp-content\/uploads\/2026\/05\/V0103132_000_MKT4.jpg","datePublished":"2026-05-12T12:48:14+00:00","dateModified":"2026-05-15T13:06:31+00:00","description":"Envie d'acheter Nettoyeur Vapeur \u00e0 Main 9 en 1 avec Accessoires Steany InnovaGoods 0,35 L 3 Bar 1000W\u00a0? Achetez Nettoyeur Vapeur \u00e0 Main 9 en 1 avec Accessoires Steany InnovaGoods 0,35 L 3 Bar 1000W maintenant avec Tupique en 3 versements sans int\u00e9r\u00eat.","breadcrumb":{"@id":"https:\/\/tupique.com\/product\/nettoyeur-vapeur-a-main-9-en-1-avec-accessoires-steany-innovagoods-035-l-3-bar-1000w\/#breadcrumb"},"inLanguage":"pt-PT","potentialAction":[{"@type":"ReadAction","target":["https:\/\/tupique.com\/product\/nettoyeur-vapeur-a-main-9-en-1-avec-accessoires-steany-innovagoods-035-l-3-bar-1000w\/"]}]},{"@type":"ImageObject","inLanguage":"pt-PT","@id":"https:\/\/tupique.com\/product\/nettoyeur-vapeur-a-main-9-en-1-avec-accessoires-steany-innovagoods-035-l-3-bar-1000w\/#primaryimage","url":"https:\/\/tupique.com\/wp-content\/uploads\/2026\/05\/V0103132_000_MKT4.jpg","contentUrl":"https:\/\/tupique.com\/wp-content\/uploads\/2026\/05\/V0103132_000_MKT4.jpg","width":1200,"height":1200,"caption":"V0103132_0"},{"@type":"BreadcrumbList","@id":"https:\/\/tupique.com\/product\/nettoyeur-vapeur-a-main-9-en-1-avec-accessoires-steany-innovagoods-035-l-3-bar-1000w\/#breadcrumb","itemListElement":[{"@type":"ListItem","position":1,"name":"commencer","item":"https:\/\/tupique.com\/"},{"@type":"ListItem","position":2,"name":"Loja","item":"https:\/\/tupique.com\/pt\/loja\/"},{"@type":"ListItem","position":3,"name":"Nettoyeur Vapeur \u00e0 Main 9 en 1 avec Accessoires Steany InnovaGoods 0,35 L 3 Bar 1000W"}]},{"@type":"WebSite","@id":"https:\/\/tupique.com\/#website","url":"https:\/\/tupique.com\/","name":"Tupique","description":"","publisher":{"@id":"https:\/\/tupique.com\/#organization"},"potentialAction":[{"@type":"SearchAction","target":{"@type":"EntryPoint","urlTemplate":"https:\/\/tupique.com\/?s={search_term_string}"},"query-input":{"@type":"PropertyValueSpecification","valueRequired":true,"valueName":"search_term_string"}}],"inLanguage":"pt-PT"},{"@type":"Organization","@id":"https:\/\/tupique.com\/#organization","name":"Tupique","url":"https:\/\/tupique.com\/","logo":{"@type":"ImageObject","inLanguage":"pt-PT","@id":"https:\/\/tupique.com\/#\/schema\/logo\/image\/","url":"https:\/\/tupique.com\/wp-content\/uploads\/2026\/03\/logo-tupique-1.webp","contentUrl":"https:\/\/tupique.com\/wp-content\/uploads\/2026\/03\/logo-tupique-1.webp","width":500,"height":67,"caption":"Tupique"},"image":{"@id":"https:\/\/tupique.com\/#\/schema\/logo\/image\/"}}]}},"_links":{"self":[{"href":"https:\/\/tupique.com\/pt\/wp-json\/wp\/v2\/product\/202743","targetHints":{"allow":["GET"]}}],"collection":[{"href":"https:\/\/tupique.com\/pt\/wp-json\/wp\/v2\/product"}],"about":[{"href":"https:\/\/tupique.com\/pt\/wp-json\/wp\/v2\/types\/product"}],"replies":[{"embeddable":true,"href":"https:\/\/tupique.com\/pt\/wp-json\/wp\/v2\/comments?post=202743"}],"wp:featuredmedia":[{"embeddable":true,"href":"https:\/\/tupique.com\/pt\/wp-json\/wp\/v2\/media\/223298"}],"wp:attachment":[{"href":"https:\/\/tupique.com\/pt\/wp-json\/wp\/v2\/media?parent=202743"}],"wp:term":[{"taxonomy":"product_brand","embeddable":true,"href":"https:\/\/tupique.com\/pt\/wp-json\/wp\/v2\/product_brand?post=202743"},{"taxonomy":"product_cat","embeddable":true,"href":"https:\/\/tupique.com\/pt\/wp-json\/wp\/v2\/product_cat?post=202743"},{"taxonomy":"product_tag","embeddable":true,"href":"https:\/\/tupique.com\/pt\/wp-json\/wp\/v2\/product_tag?post=202743"},{"taxonomy":"woo-feed-brand","embeddable":true,"href":"https:\/\/tupique.com\/pt\/wp-json\/wp\/v2\/woo-feed-brand?post=202743"}],"curies":[{"name":"wp","href":"https:\/\/api.w.org\/{rel}","templated":true}]}}