{"id":203704,"date":"2026-05-12T15:58:20","date_gmt":"2026-05-12T13:58:20","guid":{"rendered":"https:\/\/tupique.com\/product\/desodorisant-rituals-the-ritual-of-ayurveda-500-ml\/"},"modified":"2026-05-12T15:58:20","modified_gmt":"2026-05-12T13:58:20","slug":"desodorisant-rituals-the-ritual-of-ayurveda-500-ml","status":"publish","type":"product","link":"https:\/\/tupique.com\/pt\/product\/desodorisant-rituals-the-ritual-of-ayurveda-500-ml\/","title":{"rendered":"D\u00e9sodorisant Rituals THE RITUAL OF AYURVEDA 500 ml"},"content":{"rendered":"<p>Si vous \u00eates \u00e0 la recherche de nouvelles tendances sur le march\u00e9, nous vous pr\u00e9sentons <b>D\u00e9sodorisant Rituals THE RITUAL OF AYURVEDA 500 ml<\/b> !<\/p>\n<p>Ler <b>diffuseur<\/b> <b>THE RITUAL OF AYURVEDA<\/b> de Rituals est un syst\u00e8me de parfum en b\u00e2tonnets con\u00e7u pour rafra\u00eechir et parfumer les espaces avec une touche naturelle et \u00e9quilibr\u00e9e. Il pr\u00e9sente une <b>capacit\u00e9 de 500 ml<\/b> garantissant une longue dur\u00e9e de diffusion, id\u00e9al pour les environnements domestiques ou professionnels n\u00e9cessitant un parfum constant et d\u00e9licat. Ce diffuseur est fabriqu\u00e9 aux <b>Pa\u00edses Baixos<\/b> et est compos\u00e9 de mat\u00e9riaux respectueux de l\u2019environnement, comme un emballage en <b>plastique<\/b>. Sa formule contient des ingr\u00e9dients naturels tels que le <b>citronellol<\/b> e o <b>linalool<\/b>, qui apportent un parfum frais et agr\u00e9able tout en offrant des propri\u00e9t\u00e9s adoucissantes typiques des fragrances botaniques. De plus, ce produit est <b>non test\u00e9 sur les animaux<\/b>, ce qui confirme son engagement en faveur de la durabilit\u00e9 et de la consommation responsable. Le format <b>b\u00e2tonnet<\/b> facilite son utilisation et son dosage, permettant une diffusion uniforme et constante du parfum. Son caract\u00e8re <b>unisexe<\/b> le rend adapt\u00e9 \u00e0 tout type d\u2019espace et d\u2019utilisateur, cr\u00e9ant une ambiance harmonieuse et \u00e9quilibr\u00e9e inspir\u00e9e des pratiques ayurv\u00e9diques. Avec ces caract\u00e9ristiques, le diffuseur <b>THE RITUAL OF AYURVEDA<\/b> offre une solution pratique et durable pour cr\u00e9er des environnements agr\u00e9ables avec un parfum bien \u00e9quilibr\u00e9, int\u00e9grant des ingr\u00e9dients naturels et un design fonctionnel.<\/p>\n<ul>\n<li>Type: D\u00e9sodorisant<\/li>\n<li>Caracter\u00edsticas:\n<ul>\n<li>Non test\u00e9 sur animaux<\/li>\n<li>Embalagem sustent\u00e1vel<\/li>\n<\/ul>\n<\/li>\n<li>Genre: Unisexe<\/li>\n<li>Ingredientes:\n<ul>\n<li>Citronellol<\/li>\n<li>Linalool<\/li>\n<li>Geraniol<\/li>\n<\/ul>\n<\/li>\n<li>Capacit\u00e9: 500 ml<\/li>\n<\/ul>","protected":false},"excerpt":{"rendered":"<p><span class=\"unit-info\">11.1980 &euro; \/ 100 ml<\/span><\/p>","protected":false},"featured_media":203701,"comment_status":"open","ping_status":"closed","template":"","meta":[],"product_brand":[2945],"product_cat":[2121,239,240],"product_tag":[104],"woo-feed-brand":[],"class_list":{"0":"post-203704","1":"product","2":"type-product","3":"status-publish","4":"has-post-thumbnail","6":"product_brand-brandp_2282","7":"product_cat-desodorisants","8":"product_cat-maison-jardin","9":"product_cat-nettoyage-aspirateur-et-repassage","10":"product_tag-tag_1279","12":"first","13":"instock","14":"taxable","15":"shipping-taxable","16":"purchasable","17":"product-type-simple"},"yoast_head":"<!-- This site is optimized with the Yoast SEO plugin v27.6 - https:\/\/yoast.com\/product\/yoast-seo-wordpress\/ -->\n<title>D\u00e9sodorisant Rituals THE RITUAL OF AYURVEDA 500 ml | | Tupique<\/title>\n<meta name=\"description\" content=\"Envie d&#039;acheter D\u00e9sodorisant Rituals THE RITUAL OF AYURVEDA 500 ml\u00a0? Achetez D\u00e9sodorisant Rituals THE RITUAL OF AYURVEDA 500 ml maintenant avec Tupique en 3 versements sans int\u00e9r\u00eat.\" \/>\n<meta name=\"robots\" content=\"index, follow, max-snippet:-1, max-image-preview:large, max-video-preview:-1\" \/>\n<link rel=\"canonical\" href=\"https:\/\/tupique.com\/pt\/product\/desodorisant-rituals-the-ritual-of-ayurveda-500-ml\/\" \/>\n<meta property=\"og:locale\" content=\"pt_PT\" \/>\n<meta property=\"og:type\" content=\"article\" \/>\n<meta property=\"og:title\" content=\"D\u00e9sodorisant Rituals THE RITUAL OF AYURVEDA 500 ml | | Tupique\" \/>\n<meta property=\"og:description\" content=\"Envie d&#039;acheter D\u00e9sodorisant Rituals THE RITUAL OF AYURVEDA 500 ml\u00a0? Achetez D\u00e9sodorisant Rituals THE RITUAL OF AYURVEDA 500 ml maintenant avec Tupique en 3 versements sans int\u00e9r\u00eat.\" \/>\n<meta property=\"og:url\" content=\"https:\/\/tupique.com\/pt\/product\/desodorisant-rituals-the-ritual-of-ayurveda-500-ml\/\" \/>\n<meta property=\"og:site_name\" content=\"Tupique\" \/>\n<meta name=\"twitter:card\" content=\"summary_large_image\" \/>\n<meta name=\"twitter:label1\" content=\"Tempo estimado de leitura\" \/>\n\t<meta name=\"twitter:data1\" content=\"1 minuto\" \/>\n<script type=\"application\/ld+json\" class=\"yoast-schema-graph\">{\"@context\":\"https:\\\/\\\/schema.org\",\"@graph\":[{\"@type\":\"WebPage\",\"@id\":\"https:\\\/\\\/tupique.com\\\/product\\\/desodorisant-rituals-the-ritual-of-ayurveda-500-ml\\\/\",\"url\":\"https:\\\/\\\/tupique.com\\\/product\\\/desodorisant-rituals-the-ritual-of-ayurveda-500-ml\\\/\",\"name\":\"D\u00e9sodorisant Rituals THE RITUAL OF AYURVEDA 500 ml | | Tupique\",\"isPartOf\":{\"@id\":\"https:\\\/\\\/tupique.com\\\/#website\"},\"primaryImageOfPage\":{\"@id\":\"https:\\\/\\\/tupique.com\\\/product\\\/desodorisant-rituals-the-ritual-of-ayurveda-500-ml\\\/#primaryimage\"},\"image\":{\"@id\":\"https:\\\/\\\/tupique.com\\\/product\\\/desodorisant-rituals-the-ritual-of-ayurveda-500-ml\\\/#primaryimage\"},\"thumbnailUrl\":\"https:\\\/\\\/tupique.com\\\/wp-content\\\/uploads\\\/2026\\\/05\\\/8719134179866_R00.jpg\",\"datePublished\":\"2026-05-12T13:58:20+00:00\",\"description\":\"Envie d'acheter D\u00e9sodorisant Rituals THE RITUAL OF AYURVEDA 500 ml\u00a0? Achetez D\u00e9sodorisant Rituals THE RITUAL OF AYURVEDA 500 ml maintenant avec Tupique en 3 versements sans int\u00e9r\u00eat.\",\"breadcrumb\":{\"@id\":\"https:\\\/\\\/tupique.com\\\/product\\\/desodorisant-rituals-the-ritual-of-ayurveda-500-ml\\\/#breadcrumb\"},\"inLanguage\":\"pt-PT\",\"potentialAction\":[{\"@type\":\"ReadAction\",\"target\":[\"https:\\\/\\\/tupique.com\\\/product\\\/desodorisant-rituals-the-ritual-of-ayurveda-500-ml\\\/\"]}]},{\"@type\":\"ImageObject\",\"inLanguage\":\"pt-PT\",\"@id\":\"https:\\\/\\\/tupique.com\\\/product\\\/desodorisant-rituals-the-ritual-of-ayurveda-500-ml\\\/#primaryimage\",\"url\":\"https:\\\/\\\/tupique.com\\\/wp-content\\\/uploads\\\/2026\\\/05\\\/8719134179866_R00.jpg\",\"contentUrl\":\"https:\\\/\\\/tupique.com\\\/wp-content\\\/uploads\\\/2026\\\/05\\\/8719134179866_R00.jpg\",\"width\":1200,\"height\":1200,\"caption\":\"S05130762_0\"},{\"@type\":\"BreadcrumbList\",\"@id\":\"https:\\\/\\\/tupique.com\\\/product\\\/desodorisant-rituals-the-ritual-of-ayurveda-500-ml\\\/#breadcrumb\",\"itemListElement\":[{\"@type\":\"ListItem\",\"position\":1,\"name\":\"commencer\",\"item\":\"https:\\\/\\\/tupique.com\\\/\"},{\"@type\":\"ListItem\",\"position\":2,\"name\":\"Loja\",\"item\":\"https:\\\/\\\/tupique.com\\\/pt\\\/loja\\\/\"},{\"@type\":\"ListItem\",\"position\":3,\"name\":\"D\u00e9sodorisant Rituals THE RITUAL OF AYURVEDA 500 ml\"}]},{\"@type\":\"WebSite\",\"@id\":\"https:\\\/\\\/tupique.com\\\/#website\",\"url\":\"https:\\\/\\\/tupique.com\\\/\",\"name\":\"Tupique\",\"description\":\"\",\"publisher\":{\"@id\":\"https:\\\/\\\/tupique.com\\\/#organization\"},\"potentialAction\":[{\"@type\":\"SearchAction\",\"target\":{\"@type\":\"EntryPoint\",\"urlTemplate\":\"https:\\\/\\\/tupique.com\\\/?s={search_term_string}\"},\"query-input\":{\"@type\":\"PropertyValueSpecification\",\"valueRequired\":true,\"valueName\":\"search_term_string\"}}],\"inLanguage\":\"pt-PT\"},{\"@type\":\"Organization\",\"@id\":\"https:\\\/\\\/tupique.com\\\/#organization\",\"name\":\"Tupique\",\"url\":\"https:\\\/\\\/tupique.com\\\/\",\"logo\":{\"@type\":\"ImageObject\",\"inLanguage\":\"pt-PT\",\"@id\":\"https:\\\/\\\/tupique.com\\\/#\\\/schema\\\/logo\\\/image\\\/\",\"url\":\"https:\\\/\\\/tupique.com\\\/wp-content\\\/uploads\\\/2026\\\/03\\\/logo-tupique-1.webp\",\"contentUrl\":\"https:\\\/\\\/tupique.com\\\/wp-content\\\/uploads\\\/2026\\\/03\\\/logo-tupique-1.webp\",\"width\":500,\"height\":67,\"caption\":\"Tupique\"},\"image\":{\"@id\":\"https:\\\/\\\/tupique.com\\\/#\\\/schema\\\/logo\\\/image\\\/\"}}]}<\/script>\n<!-- \/ Yoast SEO plugin. -->","yoast_head_json":{"title":"D\u00e9sodorisant Rituals THE RITUAL OF AYURVEDA 500 ml | | Tupique","description":"Envie d'acheter D\u00e9sodorisant Rituals THE RITUAL OF AYURVEDA 500 ml\u00a0? Achetez D\u00e9sodorisant Rituals THE RITUAL OF AYURVEDA 500 ml maintenant avec Tupique en 3 versements sans int\u00e9r\u00eat.","robots":{"index":"index","follow":"follow","max-snippet":"max-snippet:-1","max-image-preview":"max-image-preview:large","max-video-preview":"max-video-preview:-1"},"canonical":"https:\/\/tupique.com\/pt\/product\/desodorisant-rituals-the-ritual-of-ayurveda-500-ml\/","og_locale":"pt_PT","og_type":"article","og_title":"D\u00e9sodorisant Rituals THE RITUAL OF AYURVEDA 500 ml | | Tupique","og_description":"Envie d'acheter D\u00e9sodorisant Rituals THE RITUAL OF AYURVEDA 500 ml\u00a0? Achetez D\u00e9sodorisant Rituals THE RITUAL OF AYURVEDA 500 ml maintenant avec Tupique en 3 versements sans int\u00e9r\u00eat.","og_url":"https:\/\/tupique.com\/pt\/product\/desodorisant-rituals-the-ritual-of-ayurveda-500-ml\/","og_site_name":"Tupique","twitter_card":"summary_large_image","twitter_misc":{"Tempo estimado de leitura":"1 minuto"},"schema":{"@context":"https:\/\/schema.org","@graph":[{"@type":"WebPage","@id":"https:\/\/tupique.com\/product\/desodorisant-rituals-the-ritual-of-ayurveda-500-ml\/","url":"https:\/\/tupique.com\/product\/desodorisant-rituals-the-ritual-of-ayurveda-500-ml\/","name":"D\u00e9sodorisant Rituals THE RITUAL OF AYURVEDA 500 ml | | Tupique","isPartOf":{"@id":"https:\/\/tupique.com\/#website"},"primaryImageOfPage":{"@id":"https:\/\/tupique.com\/product\/desodorisant-rituals-the-ritual-of-ayurveda-500-ml\/#primaryimage"},"image":{"@id":"https:\/\/tupique.com\/product\/desodorisant-rituals-the-ritual-of-ayurveda-500-ml\/#primaryimage"},"thumbnailUrl":"https:\/\/tupique.com\/wp-content\/uploads\/2026\/05\/8719134179866_R00.jpg","datePublished":"2026-05-12T13:58:20+00:00","description":"Envie d'acheter D\u00e9sodorisant Rituals THE RITUAL OF AYURVEDA 500 ml\u00a0? Achetez D\u00e9sodorisant Rituals THE RITUAL OF AYURVEDA 500 ml maintenant avec Tupique en 3 versements sans int\u00e9r\u00eat.","breadcrumb":{"@id":"https:\/\/tupique.com\/product\/desodorisant-rituals-the-ritual-of-ayurveda-500-ml\/#breadcrumb"},"inLanguage":"pt-PT","potentialAction":[{"@type":"ReadAction","target":["https:\/\/tupique.com\/product\/desodorisant-rituals-the-ritual-of-ayurveda-500-ml\/"]}]},{"@type":"ImageObject","inLanguage":"pt-PT","@id":"https:\/\/tupique.com\/product\/desodorisant-rituals-the-ritual-of-ayurveda-500-ml\/#primaryimage","url":"https:\/\/tupique.com\/wp-content\/uploads\/2026\/05\/8719134179866_R00.jpg","contentUrl":"https:\/\/tupique.com\/wp-content\/uploads\/2026\/05\/8719134179866_R00.jpg","width":1200,"height":1200,"caption":"S05130762_0"},{"@type":"BreadcrumbList","@id":"https:\/\/tupique.com\/product\/desodorisant-rituals-the-ritual-of-ayurveda-500-ml\/#breadcrumb","itemListElement":[{"@type":"ListItem","position":1,"name":"commencer","item":"https:\/\/tupique.com\/"},{"@type":"ListItem","position":2,"name":"Loja","item":"https:\/\/tupique.com\/pt\/loja\/"},{"@type":"ListItem","position":3,"name":"D\u00e9sodorisant Rituals THE RITUAL OF AYURVEDA 500 ml"}]},{"@type":"WebSite","@id":"https:\/\/tupique.com\/#website","url":"https:\/\/tupique.com\/","name":"Tupique","description":"","publisher":{"@id":"https:\/\/tupique.com\/#organization"},"potentialAction":[{"@type":"SearchAction","target":{"@type":"EntryPoint","urlTemplate":"https:\/\/tupique.com\/?s={search_term_string}"},"query-input":{"@type":"PropertyValueSpecification","valueRequired":true,"valueName":"search_term_string"}}],"inLanguage":"pt-PT"},{"@type":"Organization","@id":"https:\/\/tupique.com\/#organization","name":"Tupique","url":"https:\/\/tupique.com\/","logo":{"@type":"ImageObject","inLanguage":"pt-PT","@id":"https:\/\/tupique.com\/#\/schema\/logo\/image\/","url":"https:\/\/tupique.com\/wp-content\/uploads\/2026\/03\/logo-tupique-1.webp","contentUrl":"https:\/\/tupique.com\/wp-content\/uploads\/2026\/03\/logo-tupique-1.webp","width":500,"height":67,"caption":"Tupique"},"image":{"@id":"https:\/\/tupique.com\/#\/schema\/logo\/image\/"}}]}},"_links":{"self":[{"href":"https:\/\/tupique.com\/pt\/wp-json\/wp\/v2\/product\/203704","targetHints":{"allow":["GET"]}}],"collection":[{"href":"https:\/\/tupique.com\/pt\/wp-json\/wp\/v2\/product"}],"about":[{"href":"https:\/\/tupique.com\/pt\/wp-json\/wp\/v2\/types\/product"}],"replies":[{"embeddable":true,"href":"https:\/\/tupique.com\/pt\/wp-json\/wp\/v2\/comments?post=203704"}],"wp:featuredmedia":[{"embeddable":true,"href":"https:\/\/tupique.com\/pt\/wp-json\/wp\/v2\/media\/203701"}],"wp:attachment":[{"href":"https:\/\/tupique.com\/pt\/wp-json\/wp\/v2\/media?parent=203704"}],"wp:term":[{"taxonomy":"product_brand","embeddable":true,"href":"https:\/\/tupique.com\/pt\/wp-json\/wp\/v2\/product_brand?post=203704"},{"taxonomy":"product_cat","embeddable":true,"href":"https:\/\/tupique.com\/pt\/wp-json\/wp\/v2\/product_cat?post=203704"},{"taxonomy":"product_tag","embeddable":true,"href":"https:\/\/tupique.com\/pt\/wp-json\/wp\/v2\/product_tag?post=203704"},{"taxonomy":"woo-feed-brand","embeddable":true,"href":"https:\/\/tupique.com\/pt\/wp-json\/wp\/v2\/woo-feed-brand?post=203704"}],"curies":[{"name":"wp","href":"https:\/\/api.w.org\/{rel}","templated":true}]}}