{"id":203990,"date":"2026-05-12T16:19:34","date_gmt":"2026-05-12T14:19:34","guid":{"rendered":"https:\/\/tupique.com\/product\/monture-de-lunettes-femme-ralph-lauren-ra-7154u-2\/"},"modified":"2026-05-12T16:19:34","modified_gmt":"2026-05-12T14:19:34","slug":"monture-de-lunettes-femme-ralph-lauren-ra-7154u-2","status":"publish","type":"product","link":"https:\/\/tupique.com\/pt\/product\/monture-de-lunettes-femme-ralph-lauren-ra-7154u-2\/","title":{"rendered":"Monture de Lunettes Femme Ralph Lauren RA 7154U"},"content":{"rendered":"<p>Si vous \u00eates \u00e0 la recherche de nouvelles tendances sur le march\u00e9, nous vous pr\u00e9sentons <b>Monture de Lunettes Femme Ralph Lauren RA 7154U<\/b> !<\/p>\n<p>A <b>monture de lunettes pour femme Ralph Lauren RA 7154U<\/b> est un choix \u00e9l\u00e9gant et fonctionnel pour celles qui souhaitent allier style et confort au quotidien. Fabriqu\u00e9e en <b>ac\u00e9tate<\/b>, cette monture se distingue par sa r\u00e9sistance, sa l\u00e9g\u00e8ret\u00e9 et sa finition soign\u00e9e, offrant un port confortable et s\u00fbr m\u00eame lors d\u2019une utilisation prolong\u00e9e. Son design est sp\u00e9cialement con\u00e7u pour le public f\u00e9minin, s\u2019adaptant aux tendances actuelles et apportant une touche sophistiqu\u00e9e \u00e0 chaque tenue. Cette <b>monture de lunettes<\/b> est livr\u00e9e avec des <b>verres sans correction<\/b>, permettant une personnalisation ult\u00e9rieure avec des verres correcteurs selon les besoins de chaque utilisatrice ou un usage d\u00e9coratif sans prescription. Le mat\u00e9riau ac\u00e9tate garantit non seulement la durabilit\u00e9, mais aussi la polyvalence pour adapter les verres sans compromettre la qualit\u00e9. La monture s\u2019adresse \u00e0 celles qui recherchent \u00e0 la fois l\u2019esth\u00e9tique et la fonctionnalit\u00e9 dans leurs accessoires optiques, soutenue par la qualit\u00e9 reconnue de <b>Ralph Lauren<\/b> dans le segment des lunettes pour femme. Cette proposition se pr\u00e9sente comme une solution polyvalente pour diverses occasions, du cadre professionnel \u00e0 l\u2019usage quotidien, mettant en avant le confort et un design moderne dans une pi\u00e8ce con\u00e7ue pour se d\u00e9marquer.<\/p>\n<ul>\n<li>Caract\u00e9ristiques: Verres sans graduation<\/li>\n<li>Type: Monture de Lunettes<\/li>\n<li>Type de verre: Lentilles sans ordonnance<\/li>\n<li>Mati\u00e8re: Ac\u00e9tate<\/li>\n<li>G\u00e9nero: Femme<\/li>\n<\/ul>","protected":false},"excerpt":{"rendered":"<p>Si vous \u00eates \u00e0 la recherche de nouvelles tendances sur le march\u00e9, nous vous pr\u00e9sentons Monture de Lunettes Femme Ralph Lauren RA 7154U ! La monture de lunettes pour femme Ralph Lauren RA 7154U est un choix \u00e9l\u00e9gant et fonctionnel pour celles qui souhaitent allier style et confort au quotidien. Fabriqu\u00e9e en ac\u00e9tate, cette monture [&hellip;]<\/p>\n","protected":false},"featured_media":203988,"comment_status":"open","ping_status":"closed","template":"","meta":[],"product_brand":[2595],"product_cat":[776,777,752],"product_tag":[542],"woo-feed-brand":[],"class_list":{"0":"post-203990","1":"product","2":"type-product","3":"status-publish","4":"has-post-thumbnail","6":"product_brand-brandp_466","7":"product_cat-detente-et-bien-etre","8":"product_cat-lunettes-de-lecture-et-lunettes-loupes","9":"product_cat-sante-beaute","10":"product_tag-tag_1274","12":"first","13":"instock","14":"taxable","15":"shipping-taxable","16":"purchasable","17":"product-type-simple"},"yoast_head":"<!-- This site is optimized with the Yoast SEO plugin v27.6 - https:\/\/yoast.com\/product\/yoast-seo-wordpress\/ -->\n<title>Monture de Lunettes Femme Ralph Lauren RA 7154U | | Tupique<\/title>\n<meta name=\"description\" content=\"Envie d&#039;acheter Monture de Lunettes Femme Ralph Lauren RA 7154U\u00a0? Achetez Monture de Lunettes Femme Ralph Lauren RA 7154U maintenant avec Tupique en 3 versements sans int\u00e9r\u00eat.\" \/>\n<meta name=\"robots\" content=\"index, follow, max-snippet:-1, max-image-preview:large, max-video-preview:-1\" \/>\n<link rel=\"canonical\" href=\"https:\/\/tupique.com\/pt\/product\/monture-de-lunettes-femme-ralph-lauren-ra-7154u-2\/\" \/>\n<meta property=\"og:locale\" content=\"pt_PT\" \/>\n<meta property=\"og:type\" content=\"article\" \/>\n<meta property=\"og:title\" content=\"Monture de Lunettes Femme Ralph Lauren RA 7154U | | Tupique\" \/>\n<meta property=\"og:description\" content=\"Envie d&#039;acheter Monture de Lunettes Femme Ralph Lauren RA 7154U\u00a0? Achetez Monture de Lunettes Femme Ralph Lauren RA 7154U maintenant avec Tupique en 3 versements sans int\u00e9r\u00eat.\" \/>\n<meta property=\"og:url\" content=\"https:\/\/tupique.com\/pt\/product\/monture-de-lunettes-femme-ralph-lauren-ra-7154u-2\/\" \/>\n<meta property=\"og:site_name\" content=\"Tupique\" \/>\n<meta name=\"twitter:card\" content=\"summary_large_image\" \/>\n<meta name=\"twitter:label1\" content=\"Tempo estimado de leitura\" \/>\n\t<meta name=\"twitter:data1\" content=\"1 minuto\" \/>\n<script type=\"application\/ld+json\" class=\"yoast-schema-graph\">{\"@context\":\"https:\\\/\\\/schema.org\",\"@graph\":[{\"@type\":\"WebPage\",\"@id\":\"https:\\\/\\\/tupique.com\\\/product\\\/monture-de-lunettes-femme-ralph-lauren-ra-7154u-2\\\/\",\"url\":\"https:\\\/\\\/tupique.com\\\/product\\\/monture-de-lunettes-femme-ralph-lauren-ra-7154u-2\\\/\",\"name\":\"Monture de Lunettes Femme Ralph Lauren RA 7154U | | Tupique\",\"isPartOf\":{\"@id\":\"https:\\\/\\\/tupique.com\\\/#website\"},\"primaryImageOfPage\":{\"@id\":\"https:\\\/\\\/tupique.com\\\/product\\\/monture-de-lunettes-femme-ralph-lauren-ra-7154u-2\\\/#primaryimage\"},\"image\":{\"@id\":\"https:\\\/\\\/tupique.com\\\/product\\\/monture-de-lunettes-femme-ralph-lauren-ra-7154u-2\\\/#primaryimage\"},\"thumbnailUrl\":\"https:\\\/\\\/tupique.com\\\/wp-content\\\/uploads\\\/2026\\\/05\\\/8056597905220_S72126360_P00.jpg\",\"datePublished\":\"2026-05-12T14:19:34+00:00\",\"description\":\"Envie d'acheter Monture de Lunettes Femme Ralph Lauren RA 7154U\u00a0? Achetez Monture de Lunettes Femme Ralph Lauren RA 7154U maintenant avec Tupique en 3 versements sans int\u00e9r\u00eat.\",\"breadcrumb\":{\"@id\":\"https:\\\/\\\/tupique.com\\\/product\\\/monture-de-lunettes-femme-ralph-lauren-ra-7154u-2\\\/#breadcrumb\"},\"inLanguage\":\"pt-PT\",\"potentialAction\":[{\"@type\":\"ReadAction\",\"target\":[\"https:\\\/\\\/tupique.com\\\/product\\\/monture-de-lunettes-femme-ralph-lauren-ra-7154u-2\\\/\"]}]},{\"@type\":\"ImageObject\",\"inLanguage\":\"pt-PT\",\"@id\":\"https:\\\/\\\/tupique.com\\\/product\\\/monture-de-lunettes-femme-ralph-lauren-ra-7154u-2\\\/#primaryimage\",\"url\":\"https:\\\/\\\/tupique.com\\\/wp-content\\\/uploads\\\/2026\\\/05\\\/8056597905220_S72126360_P00.jpg\",\"contentUrl\":\"https:\\\/\\\/tupique.com\\\/wp-content\\\/uploads\\\/2026\\\/05\\\/8056597905220_S72126360_P00.jpg\",\"width\":1200,\"height\":1200,\"caption\":\"S72126360_0\"},{\"@type\":\"BreadcrumbList\",\"@id\":\"https:\\\/\\\/tupique.com\\\/product\\\/monture-de-lunettes-femme-ralph-lauren-ra-7154u-2\\\/#breadcrumb\",\"itemListElement\":[{\"@type\":\"ListItem\",\"position\":1,\"name\":\"commencer\",\"item\":\"https:\\\/\\\/tupique.com\\\/\"},{\"@type\":\"ListItem\",\"position\":2,\"name\":\"Loja\",\"item\":\"https:\\\/\\\/tupique.com\\\/pt\\\/loja\\\/\"},{\"@type\":\"ListItem\",\"position\":3,\"name\":\"Monture de Lunettes Femme Ralph Lauren RA 7154U\"}]},{\"@type\":\"WebSite\",\"@id\":\"https:\\\/\\\/tupique.com\\\/#website\",\"url\":\"https:\\\/\\\/tupique.com\\\/\",\"name\":\"Tupique\",\"description\":\"\",\"publisher\":{\"@id\":\"https:\\\/\\\/tupique.com\\\/#organization\"},\"potentialAction\":[{\"@type\":\"SearchAction\",\"target\":{\"@type\":\"EntryPoint\",\"urlTemplate\":\"https:\\\/\\\/tupique.com\\\/?s={search_term_string}\"},\"query-input\":{\"@type\":\"PropertyValueSpecification\",\"valueRequired\":true,\"valueName\":\"search_term_string\"}}],\"inLanguage\":\"pt-PT\"},{\"@type\":\"Organization\",\"@id\":\"https:\\\/\\\/tupique.com\\\/#organization\",\"name\":\"Tupique\",\"url\":\"https:\\\/\\\/tupique.com\\\/\",\"logo\":{\"@type\":\"ImageObject\",\"inLanguage\":\"pt-PT\",\"@id\":\"https:\\\/\\\/tupique.com\\\/#\\\/schema\\\/logo\\\/image\\\/\",\"url\":\"https:\\\/\\\/tupique.com\\\/wp-content\\\/uploads\\\/2026\\\/03\\\/logo-tupique-1.webp\",\"contentUrl\":\"https:\\\/\\\/tupique.com\\\/wp-content\\\/uploads\\\/2026\\\/03\\\/logo-tupique-1.webp\",\"width\":500,\"height\":67,\"caption\":\"Tupique\"},\"image\":{\"@id\":\"https:\\\/\\\/tupique.com\\\/#\\\/schema\\\/logo\\\/image\\\/\"}}]}<\/script>\n<!-- \/ Yoast SEO plugin. -->","yoast_head_json":{"title":"Monture de Lunettes Femme Ralph Lauren RA 7154U | | Tupique","description":"Envie d'acheter Monture de Lunettes Femme Ralph Lauren RA 7154U\u00a0? Achetez Monture de Lunettes Femme Ralph Lauren RA 7154U maintenant avec Tupique en 3 versements sans int\u00e9r\u00eat.","robots":{"index":"index","follow":"follow","max-snippet":"max-snippet:-1","max-image-preview":"max-image-preview:large","max-video-preview":"max-video-preview:-1"},"canonical":"https:\/\/tupique.com\/pt\/product\/monture-de-lunettes-femme-ralph-lauren-ra-7154u-2\/","og_locale":"pt_PT","og_type":"article","og_title":"Monture de Lunettes Femme Ralph Lauren RA 7154U | | Tupique","og_description":"Envie d'acheter Monture de Lunettes Femme Ralph Lauren RA 7154U\u00a0? Achetez Monture de Lunettes Femme Ralph Lauren RA 7154U maintenant avec Tupique en 3 versements sans int\u00e9r\u00eat.","og_url":"https:\/\/tupique.com\/pt\/product\/monture-de-lunettes-femme-ralph-lauren-ra-7154u-2\/","og_site_name":"Tupique","twitter_card":"summary_large_image","twitter_misc":{"Tempo estimado de leitura":"1 minuto"},"schema":{"@context":"https:\/\/schema.org","@graph":[{"@type":"WebPage","@id":"https:\/\/tupique.com\/product\/monture-de-lunettes-femme-ralph-lauren-ra-7154u-2\/","url":"https:\/\/tupique.com\/product\/monture-de-lunettes-femme-ralph-lauren-ra-7154u-2\/","name":"Monture de Lunettes Femme Ralph Lauren RA 7154U | | Tupique","isPartOf":{"@id":"https:\/\/tupique.com\/#website"},"primaryImageOfPage":{"@id":"https:\/\/tupique.com\/product\/monture-de-lunettes-femme-ralph-lauren-ra-7154u-2\/#primaryimage"},"image":{"@id":"https:\/\/tupique.com\/product\/monture-de-lunettes-femme-ralph-lauren-ra-7154u-2\/#primaryimage"},"thumbnailUrl":"https:\/\/tupique.com\/wp-content\/uploads\/2026\/05\/8056597905220_S72126360_P00.jpg","datePublished":"2026-05-12T14:19:34+00:00","description":"Envie d'acheter Monture de Lunettes Femme Ralph Lauren RA 7154U\u00a0? Achetez Monture de Lunettes Femme Ralph Lauren RA 7154U maintenant avec Tupique en 3 versements sans int\u00e9r\u00eat.","breadcrumb":{"@id":"https:\/\/tupique.com\/product\/monture-de-lunettes-femme-ralph-lauren-ra-7154u-2\/#breadcrumb"},"inLanguage":"pt-PT","potentialAction":[{"@type":"ReadAction","target":["https:\/\/tupique.com\/product\/monture-de-lunettes-femme-ralph-lauren-ra-7154u-2\/"]}]},{"@type":"ImageObject","inLanguage":"pt-PT","@id":"https:\/\/tupique.com\/product\/monture-de-lunettes-femme-ralph-lauren-ra-7154u-2\/#primaryimage","url":"https:\/\/tupique.com\/wp-content\/uploads\/2026\/05\/8056597905220_S72126360_P00.jpg","contentUrl":"https:\/\/tupique.com\/wp-content\/uploads\/2026\/05\/8056597905220_S72126360_P00.jpg","width":1200,"height":1200,"caption":"S72126360_0"},{"@type":"BreadcrumbList","@id":"https:\/\/tupique.com\/product\/monture-de-lunettes-femme-ralph-lauren-ra-7154u-2\/#breadcrumb","itemListElement":[{"@type":"ListItem","position":1,"name":"commencer","item":"https:\/\/tupique.com\/"},{"@type":"ListItem","position":2,"name":"Loja","item":"https:\/\/tupique.com\/pt\/loja\/"},{"@type":"ListItem","position":3,"name":"Monture de Lunettes Femme Ralph Lauren RA 7154U"}]},{"@type":"WebSite","@id":"https:\/\/tupique.com\/#website","url":"https:\/\/tupique.com\/","name":"Tupique","description":"","publisher":{"@id":"https:\/\/tupique.com\/#organization"},"potentialAction":[{"@type":"SearchAction","target":{"@type":"EntryPoint","urlTemplate":"https:\/\/tupique.com\/?s={search_term_string}"},"query-input":{"@type":"PropertyValueSpecification","valueRequired":true,"valueName":"search_term_string"}}],"inLanguage":"pt-PT"},{"@type":"Organization","@id":"https:\/\/tupique.com\/#organization","name":"Tupique","url":"https:\/\/tupique.com\/","logo":{"@type":"ImageObject","inLanguage":"pt-PT","@id":"https:\/\/tupique.com\/#\/schema\/logo\/image\/","url":"https:\/\/tupique.com\/wp-content\/uploads\/2026\/03\/logo-tupique-1.webp","contentUrl":"https:\/\/tupique.com\/wp-content\/uploads\/2026\/03\/logo-tupique-1.webp","width":500,"height":67,"caption":"Tupique"},"image":{"@id":"https:\/\/tupique.com\/#\/schema\/logo\/image\/"}}]}},"_links":{"self":[{"href":"https:\/\/tupique.com\/pt\/wp-json\/wp\/v2\/product\/203990","targetHints":{"allow":["GET"]}}],"collection":[{"href":"https:\/\/tupique.com\/pt\/wp-json\/wp\/v2\/product"}],"about":[{"href":"https:\/\/tupique.com\/pt\/wp-json\/wp\/v2\/types\/product"}],"replies":[{"embeddable":true,"href":"https:\/\/tupique.com\/pt\/wp-json\/wp\/v2\/comments?post=203990"}],"wp:featuredmedia":[{"embeddable":true,"href":"https:\/\/tupique.com\/pt\/wp-json\/wp\/v2\/media\/203988"}],"wp:attachment":[{"href":"https:\/\/tupique.com\/pt\/wp-json\/wp\/v2\/media?parent=203990"}],"wp:term":[{"taxonomy":"product_brand","embeddable":true,"href":"https:\/\/tupique.com\/pt\/wp-json\/wp\/v2\/product_brand?post=203990"},{"taxonomy":"product_cat","embeddable":true,"href":"https:\/\/tupique.com\/pt\/wp-json\/wp\/v2\/product_cat?post=203990"},{"taxonomy":"product_tag","embeddable":true,"href":"https:\/\/tupique.com\/pt\/wp-json\/wp\/v2\/product_tag?post=203990"},{"taxonomy":"woo-feed-brand","embeddable":true,"href":"https:\/\/tupique.com\/pt\/wp-json\/wp\/v2\/woo-feed-brand?post=203990"}],"curies":[{"name":"wp","href":"https:\/\/api.w.org\/{rel}","templated":true}]}}